{"id":678,"date":"2017-09-27T23:55:33","date_gmt":"2017-09-28T03:55:33","guid":{"rendered":"https:\/\/colpittsclinical.com\/?page_id=678"},"modified":"2024-10-23T13:05:43","modified_gmt":"2024-10-23T17:05:43","slug":"our-story","status":"publish","type":"page","link":"https:\/\/colpittsclinical.com\/vi\/our-story\/","title":{"rendered":"C\u00e2u chuy\u1ec7n c\u1ee7a ch\u00fang t\u00f4i"},"content":{"rendered":"<\/div><\/div><\/div>\n\t\n<div  class=\"wpb_row vc_row vc_row-fluid  mk-fullwidth-true  attched-false    vc_custom_1715137384203  js-master-row\">\n\t\t\n\t\t\t\n<div style=\"\" class=\"vc_col-sm-12 wpb_column column_container  _ height-full\">\n\t<script data-cfasync=\"false\" type=\"text\/javascript\">var lsjQuery = jQuery;<\/script><script data-cfasync=\"false\" type=\"text\/javascript\">\r\nlsjQuery(document).ready(function() {\r\nif(typeof lsjQuery.fn.layerSlider == \"undefined\") {\r\nif( window._layerSlider && window._layerSlider.showNotice) { \r\nwindow._layerSlider.showNotice('layerslider_26','jquery');\r\n}\r\n} else {\r\nlsjQuery(\"#layerslider_26\").layerSlider({sliderVersion: '6.5.7', type: 'fullwidth', navPrevNext: false, hoverPrevNext: false, navStartStop: false, navButtons: false, showCircleTimer: false, popupWidth: 640, popupHeight: 360, skinsPath: 'https:\/\/colpittsclinical.com\/wp-content\/plugins\/LayerSlider\/static\/layerslider\/skins\/'});\r\n}\r\n});\r\n<\/script><div id=\"layerslider_26\" class=\"ls-wp-container fitvidsignore\" style=\"width:1920px;height:600px;margin:0 auto;margin-bottom: 0px;\"><div class=\"ls-slide\" data-ls=\"duration:4000;transition2d:5;kenburnsscale:1.2;\"><img loading=\"lazy\" decoding=\"async\" width=\"2100\" height=\"600\" src=\"https:\/\/i0.wp.com\/colpittsclinical.com\/wp-content\/uploads\/2023\/03\/logo-story.jpg?fit=2100%2C600&amp;ssl=1\" class=\"ls-bg\" alt=\"Colpitts Clinical-Our Story\" srcset=\"https:\/\/i0.wp.com\/colpittsclinical.com\/wp-content\/uploads\/2023\/03\/logo-story.jpg?w=2100&amp;ssl=1 2100w, https:\/\/i0.wp.com\/colpittsclinical.com\/wp-content\/uploads\/2023\/03\/logo-story.jpg?resize=300%2C86&amp;ssl=1 300w, https:\/\/i0.wp.com\/colpittsclinical.com\/wp-content\/uploads\/2023\/03\/logo-story.jpg?resize=1024%2C293&amp;ssl=1 1024w, https:\/\/i0.wp.com\/colpittsclinical.com\/wp-content\/uploads\/2023\/03\/logo-story.jpg?resize=768%2C219&amp;ssl=1 768w, https:\/\/i0.wp.com\/colpittsclinical.com\/wp-content\/uploads\/2023\/03\/logo-story.jpg?resize=1536%2C439&amp;ssl=1 1536w, https:\/\/i0.wp.com\/colpittsclinical.com\/wp-content\/uploads\/2023\/03\/logo-story.jpg?resize=2048%2C585&amp;ssl=1 2048w, https:\/\/i0.wp.com\/colpittsclinical.com\/wp-content\/uploads\/2023\/03\/logo-story.jpg?resize=640%2C183&amp;ssl=1 640w\" sizes=\"auto, (max-width: 1140px) 100vw, 1140px\" itemprop=\"image\" \/><\/div><\/div><\/div>\n\t<\/div>\n\n\n\t<div class=\"mk-main-wrapper-holder\">\n\t\t<div class=\"theme-page-wrapper full-layout mk-grid vc_row-fluid no-padding\">\n\t\t\t<div class=\"theme-content no-padding\">\n\n\t\t\t\t<\/div><\/div><\/div>\n\t\n<div  class=\"wpb_row vc_row vc_row-fluid  mk-fullwidth-true  attched-false     js-master-row\">\n\t\t\t<div class=\"mk-grid\">\n\t\t\n\t\t\t\n<div style=\"\" class=\"vc_col-sm-12 wpb_column column_container  _ height-full\">\n\t\n\n<div class=\"wpb_row vc_inner vc_row vc_row-fluid    attched-false\">\n\t\t\n\t\t<div class=\"wpb_column vc_column_container vc_col-sm-12\"><div class=\"vc_column-inner\"><div class=\"wpb_wrapper\"><\/div><\/div><\/div>\t\t\n<\/div><div class=\"vc_empty_space\"   style=\"height: 62px\" ><span class=\"vc_empty_space_inner\"><\/span><\/div>\n\t<div class=\"vc_custom_1721536148351\">\n\n<div id=\"text-block-1\" class=\"mk-text-block\">\n\n\t\n\t<h1><span style=\"color: #333399;\">Ch\u1ea5p nh\u1eadn s\u1ef1 thay \u0111\u1ed5i \u0111\u1ec3 \u0111\u1ea1t \u0111\u01b0\u1ee3c nh\u1eefng \u0111i\u1ec1u v\u0129 \u0111\u1ea1i<\/span><\/h1>\n<p>Trong h\u01a1n 130 n\u0103m qua, Colpitts Clinical \u0111\u00e3 kh\u00f4ng ng\u1eebng ph\u00e1t tri\u1ec3n, \u0111\u01b0\u1ee3c th\u00fac \u0111\u1ea9y b\u1edfi cam k\u1ebft v\u1eefng ch\u1eafc trong vi\u1ec7c n\u00e2ng cao ch\u1ea5t l\u01b0\u1ee3ng d\u1ecbch v\u1ee5 \u0111\u1ec3 \u0111\u00e1p \u1ee9ng nh\u1eefng nhu c\u1ea7u thay \u0111\u1ed5i li\u00ean t\u1ee5c c\u1ee7a kh\u00e1ch h\u00e0ng. Ban \u0111\u1ea7u l\u00e0 m\u1ed9t b\u1ed9 ph\u1eadn c\u1ee7a Colpitts World Travel, ch\u00fang t\u00f4i \u0111\u00e3 chuy\u1ec3n \u0111\u1ed5i th\u00e0nh Direct Travel, chuy\u00ean cung c\u1ea5p c\u00e1c d\u1ecbch v\u1ee5 du l\u1ecbch xu\u1ea5t s\u1eafc cho c\u00e1c th\u1eed nghi\u1ec7m l\u00e2m s\u00e0ng.<\/p>\n<p>H\u00e0nh tr\u00ecnh c\u1ee7a ch\u00fang t\u00f4i song song v\u1edbi quy tr\u00ecnh ph\u1ee9c t\u1ea1p c\u1ee7a m\u1ed9t th\u1eed nghi\u1ec7m l\u00e2m s\u00e0ng, \u0111\u01b0\u1ee3c x\u00e2y d\u1ef1ng tr\u00ean b\u1ed1n tr\u1ee5 c\u1ed9t c\u01a1 b\u1ea3n. Nh\u1eefng tr\u1ee5 c\u1ed9t n\u00e0y bao g\u1ed3m vi\u1ec7c tri\u1ec3n khai v\u00e0 qu\u1ea3n l\u00fd th\u1eed nghi\u1ec7m m\u1ed9t c\u00e1ch to\u00e0n di\u1ec7n, ph\u1ed1i h\u1ee3p ch\u1eb7t ch\u1ebd c\u00e1c ho\u1ea1t \u0111\u1ed9ng logistics di chuy\u1ec3n, bao g\u1ed3m c\u1ea3 \u0111\u01b0\u1eddng h\u00e0ng kh\u00f4ng v\u00e0 \u0111\u01b0\u1eddng s\u1eaft, v\u1eadn chuy\u1ec3n m\u1eb7t \u0111\u1ea5t, v\u00e0 s\u1eafp x\u1ebfp ch\u1ed7 \u1edf, c\u00f9ng v\u1edbi vi\u1ec7c qu\u1ea3n l\u00fd hi\u1ec7u qu\u1ea3 c\u00e1c kho\u1ea3n ph\u1ee5 c\u1ea5p h\u00e0ng ng\u00e0y v\u00e0 b\u1ed3i th\u01b0\u1eddng chi ph\u00ed cho b\u1ec7nh nh\u00e2n. M\u1ed7i kh\u00eda c\u1ea1nh c\u1ee7a d\u1ecbch v\u1ee5 c\u1ee7a ch\u00fang t\u00f4i \u0111\u1ec1u \u0111\u01b0\u1ee3c thi\u1ebft k\u1ebf m\u1ed9t c\u00e1ch ch\u00ednh x\u00e1c \u0111\u1ec3 ph\u00f9 h\u1ee3p v\u1edbi c\u00e1c y\u00eau c\u1ea7u \u0111\u1eb7c th\u00f9 c\u1ee7a t\u1eebng kh\u00e1ch h\u00e0ng v\u00e0 th\u1eed nghi\u1ec7m.<\/p>\n<p><strong>Ph\u01b0\u01a1ng ph\u00e1p l\u1ea5y kh\u00e1ch h\u00e0ng l\u00e0m trung t\u00e2m<br \/>\n<\/strong>Ph\u01b0\u01a1ng ph\u00e1p ti\u1ebfp c\u1eadn l\u1ea5y kh\u00e1ch h\u00e0ng l\u00e0m trung t\u00e2m c\u1ee7a ch\u00fang t\u00f4i ph\u1ea3n \u00e1nh s\u1ef1 ph\u00e1t tri\u1ec3n c\u1ee7a m\u1ed1i quan h\u1ec7 v\u1edbi kh\u00e1ch h\u00e0ng, b\u1eaft \u0111\u1ea7u t\u1eeb vi\u1ec7c hi\u1ec3u r\u00f5 nhu c\u1ea7u c\u1ee7a h\u1ecd. Ch\u00fang t\u00f4i nhanh ch\u00f3ng chuy\u1ec3n sang h\u00e0nh \u0111\u1ed9ng, cung c\u1ea5p c\u00e1c d\u1ecbch v\u1ee5 thi\u1ebft y\u1ebfu c\u1ea7n thi\u1ebft cho m\u1ed9t m\u1ed1i quan h\u1ec7 h\u1ee3p t\u00e1c th\u00e0nh c\u00f4ng. Trong giai \u0111o\u1ea1n cao \u0111i\u1ec3m c\u1ee7a th\u1eed nghi\u1ec7m, ch\u00fang t\u00f4i xu\u1ea5t s\u1eafc trong vi\u1ec7c \u0111\u1ea3m b\u1ea3o qu\u1ea3n l\u00fd du l\u1ecbch v\u00e0 chi ph\u00ed su\u00f4n s\u1ebb, trong khi kh\u00e1ch h\u00e0ng t\u1eadp trung v\u00e0o nghi\u00ean c\u1ee9u y t\u1ebf. Khi th\u1eed nghi\u1ec7m k\u1ebft th\u00fac, s\u1ef1 ch\u00fa \u00fd t\u1ec9 m\u1ec9 \u0111\u1ebfn t\u1eebng chi ti\u1ebft c\u1ee7a ch\u00fang t\u00f4i \u0111\u01b0\u1ee3c m\u1edf r\u1ed9ng \u0111\u1ebfn c\u00e1c giai \u0111o\u1ea1n cu\u1ed1i c\u00f9ng, bao g\u1ed3m c\u00e1c chuy\u1ebfn th\u0103m b\u1ec7nh nh\u00e2n, ho\u00e0n tr\u1ea3 chi ph\u00ed v\u00e0 b\u00e1o c\u00e1o to\u00e0n di\u1ec7n.<\/p>\n<p><strong>S\u1ef1 c\u1ed1ng hi\u1ebfn<br \/>\n<\/strong>V\u00f2ng l\u1eb7p cam k\u1ebft n\u00e0y \u0111\u00e3 \u0111\u01b0\u1ee3c l\u1eb7p l\u1ea1i h\u01a1n 1.300 l\u1ea7n trong c\u00e1c th\u1eed nghi\u1ec7m do ch\u00fang t\u00f4i qu\u1ea3n l\u00fd, kh\u1eb3ng \u0111\u1ecbnh cam k\u1ebft v\u1eefng ch\u1eafc c\u1ee7a ch\u00fang t\u00f4i \u0111\u1ed1i v\u1edbi s\u1ef1 xu\u1ea5t s\u1eafc v\u00e0 n\u1ed7 l\u1ef1c kh\u00f4ng ng\u1eebng ngh\u1ec9 \u0111\u1ec3 mang l\u1ea1i s\u1ef1 h\u00e0i l\u00f2ng cho kh\u00e1ch h\u00e0ng.<\/p>\n\n\t<div class=\"clearboth\"><\/div>\n<\/div>\n\n\t<\/div>\n<\/div>\n\t\t\n\t\t<\/div>\t\n\t<\/div>\n\n\n\t<div class=\"mk-main-wrapper-holder\">\n\t\t<div class=\"theme-page-wrapper full-layout mk-grid vc_row-fluid no-padding\">\n\t\t\t<div class=\"theme-content no-padding\">\n\n\t\t\t\n<div  class=\"wpb_row vc_row vc_row-fluid  mk-fullwidth-false  attched-false     js-master-row\">\n\t\t\n\t\t\t\n<div style=\"\" class=\"vc_col-sm-12 wpb_column column_container  _ height-full\">\n\t<script data-cfasync=\"false\" type=\"text\/javascript\">var lsjQuery = jQuery;<\/script><script data-cfasync=\"false\" type=\"text\/javascript\">\r\nlsjQuery(document).ready(function() {\r\nif(typeof lsjQuery.fn.layerSlider == \"undefined\") {\r\nif( window._layerSlider && window._layerSlider.showNotice) { \r\nwindow._layerSlider.showNotice('layerslider_42','jquery');\r\n}\r\n} else {\r\nlsjQuery(\"#layerslider_42\").layerSlider({sliderVersion: '6.5.7', allowFullscreen: false, navPrevNext: false, hoverPrevNext: false, navStartStop: false, navButtons: false, showCircleTimer: false, popupWidth: 640, popupHeight: 360, skinsPath: 'https:\/\/colpittsclinical.com\/wp-content\/plugins\/LayerSlider\/static\/layerslider\/skins\/'});\r\n}\r\n});\r\n<\/script><div id=\"layerslider_42\" class=\"ls-wp-container fitvidsignore\" style=\"width:1920px;height:800px;margin:0 auto;margin-bottom: 0px;\"><div class=\"ls-slide\" data-ls=\"kenburnsscale:1.2;\"><img loading=\"lazy\" decoding=\"async\" width=\"2560\" height=\"1034\" src=\"https:\/\/i0.wp.com\/colpittsclinical.com\/wp-content\/uploads\/2024\/10\/mission-image-2-scaled.jpg?fit=2560%2C1034&amp;ssl=1\" class=\"ls-bg\" alt=\"Colpitts Clinical Mission Statement\" srcset=\"https:\/\/i0.wp.com\/colpittsclinical.com\/wp-content\/uploads\/2024\/10\/mission-image-2-scaled.jpg?w=2560&amp;ssl=1 2560w, https:\/\/i0.wp.com\/colpittsclinical.com\/wp-content\/uploads\/2024\/10\/mission-image-2-scaled.jpg?resize=300%2C121&amp;ssl=1 300w, https:\/\/i0.wp.com\/colpittsclinical.com\/wp-content\/uploads\/2024\/10\/mission-image-2-scaled.jpg?resize=1024%2C414&amp;ssl=1 1024w, https:\/\/i0.wp.com\/colpittsclinical.com\/wp-content\/uploads\/2024\/10\/mission-image-2-scaled.jpg?resize=768%2C310&amp;ssl=1 768w, https:\/\/i0.wp.com\/colpittsclinical.com\/wp-content\/uploads\/2024\/10\/mission-image-2-scaled.jpg?resize=1536%2C620&amp;ssl=1 1536w, https:\/\/i0.wp.com\/colpittsclinical.com\/wp-content\/uploads\/2024\/10\/mission-image-2-scaled.jpg?resize=2048%2C827&amp;ssl=1 2048w, https:\/\/i0.wp.com\/colpittsclinical.com\/wp-content\/uploads\/2024\/10\/mission-image-2-scaled.jpg?resize=640%2C259&amp;ssl=1 640w, https:\/\/i0.wp.com\/colpittsclinical.com\/wp-content\/uploads\/2024\/10\/mission-image-2-scaled.jpg?w=2280&amp;ssl=1 2280w\" sizes=\"auto, (max-width: 1140px) 100vw, 1140px\" itemprop=\"image\" \/><p style=\"white-space: normal;top:342px;left:147px;text-align:center;font-weight:400;font-style:normal;text-decoration:none;wordwrap:true;opacity:1;color:#ffffff;font-size:48px;font-family:Georgia;line-height:72px;width:800px;height:200px;\" class=\"ls-l\">H\u1ed7 tr\u1ee3 c\u00e1c th\u1eed nghi\u1ec7m l\u00e2m s\u00e0ng v\u1edbi c\u00e1c gi\u1ea3i ph\u00e1p du l\u1ecbch v\u00e0 chi ph\u00ed s\u00e1ng t\u1ea1o, t\u1eadp trung v\u00e0o b\u1ec7nh nh\u00e2n.<\/p><h1 style=\"top:213px;left:353px;text-align:center;font-weight:400;font-style:normal;text-decoration:none;wordwrap:false;opacity:1;color:#ffffff;font-size:73px;font-family:Impact;padding-right:0px;\" class=\"ls-l\">OUR MISSION<\/h1><\/div><\/div><div class=\"vc_empty_space\"   style=\"height: 62px\" ><span class=\"vc_empty_space_inner\"><\/span><\/div>\n<\/div>\n\t<\/div>","protected":false},"excerpt":{"rendered":"var lsjQuery = jQuery; lsjQuery(document).ready(function() { if(typeof lsjQuery.fn.layerSlider == \"undefined\") { if( window._layerSlider && window._layerSlider.showNotice) { window._layerSlider.showNotice('layerslider_26_2','jquery'); } } else { lsjQuery(\"#layerslider_26_2\").layerSlider({sliderVersion: '6.5.7', type: 'fullwidth', navPrevNext: false, hoverPrevNext: false, navStartStop: false, navButtons: false, showCircleTimer: false, popupWidth: 640, popupHeight: 360, skinsPath: 'https:\/\/colpittsclinical.com\/wp-content\/plugins\/LayerSlider\/static\/layerslider\/skins\/'}); } }); Embracing Change to Accomplish Great Things For over 130 years, Colpitts Clinical [...]","protected":false},"author":1,"featured_media":0,"parent":0,"menu_order":0,"comment_status":"closed","ping_status":"closed","template":"","meta":{"_exactmetrics_skip_tracking":false,"_exactmetrics_sitenote_active":false,"_exactmetrics_sitenote_note":"","_exactmetrics_sitenote_category":0,"footnotes":""},"class_list":["post-678","page","type-page","status-publish","hentry"],"yoast_head":"<!-- This site is optimized with the Yoast SEO plugin v27.5 - https:\/\/yoast.com\/product\/yoast-seo-wordpress\/ -->\n<title>Our Story - Colpitts Clinical<\/title>\n<meta name=\"description\" content=\"Colpitts Clinical has deep roots in the travel industry, and we are pioneers in dedicated clinical trial travel.\" \/>\n<meta name=\"robots\" content=\"index, follow, max-snippet:-1, max-image-preview:large, max-video-preview:-1\" \/>\n<link rel=\"canonical\" href=\"https:\/\/colpittsclinical.com\/vi\/our-story\/\" \/>\n<meta property=\"og:locale\" content=\"vi_VN\" \/>\n<meta property=\"og:type\" content=\"article\" \/>\n<meta property=\"og:title\" content=\"Our Story - Colpitts Clinical\" \/>\n<meta property=\"og:description\" content=\"Colpitts Clinical has deep roots in the travel industry, and we are pioneers in dedicated clinical trial travel.\" \/>\n<meta property=\"og:url\" content=\"https:\/\/colpittsclinical.com\/vi\/our-story\/\" \/>\n<meta property=\"og:site_name\" content=\"Colpitts Clinical\" \/>\n<meta property=\"article:publisher\" content=\"https:\/\/www.facebook.com\/ColpittsClinicalTrialTravel\/\" \/>\n<meta property=\"article:modified_time\" content=\"2024-10-23T17:05:43+00:00\" \/>\n<meta name=\"twitter:card\" content=\"summary_large_image\" \/>\n<meta name=\"twitter:label1\" content=\"\u01af\u1edbc t\u00ednh th\u1eddi gian \u0111\u1ecdc\" \/>\n\t<meta name=\"twitter:data1\" content=\"2 ph\u00fat\" \/>\n<script type=\"application\/ld+json\" class=\"yoast-schema-graph\">{\"@context\":\"https:\\\/\\\/schema.org\",\"@graph\":[{\"@type\":\"WebPage\",\"@id\":\"https:\\\/\\\/colpittsclinical.com\\\/our-story\\\/\",\"url\":\"https:\\\/\\\/colpittsclinical.com\\\/our-story\\\/\",\"name\":\"Our Story - Colpitts Clinical\",\"isPartOf\":{\"@id\":\"https:\\\/\\\/colpittsclinical.com\\\/#website\"},\"datePublished\":\"2017-09-28T03:55:33+00:00\",\"dateModified\":\"2024-10-23T17:05:43+00:00\",\"description\":\"Colpitts Clinical has deep roots in the travel industry, and we are pioneers in dedicated clinical trial travel.\",\"breadcrumb\":{\"@id\":\"https:\\\/\\\/colpittsclinical.com\\\/our-story\\\/#breadcrumb\"},\"inLanguage\":\"vi\",\"potentialAction\":[{\"@type\":\"ReadAction\",\"target\":[\"https:\\\/\\\/colpittsclinical.com\\\/our-story\\\/\"]}]},{\"@type\":\"BreadcrumbList\",\"@id\":\"https:\\\/\\\/colpittsclinical.com\\\/our-story\\\/#breadcrumb\",\"itemListElement\":[{\"@type\":\"ListItem\",\"position\":1,\"name\":\"Home\",\"item\":\"https:\\\/\\\/colpittsclinical.com\\\/\"},{\"@type\":\"ListItem\",\"position\":2,\"name\":\"Our Story\"}]},{\"@type\":\"WebSite\",\"@id\":\"https:\\\/\\\/colpittsclinical.com\\\/#website\",\"url\":\"https:\\\/\\\/colpittsclinical.com\\\/\",\"name\":\"Colpitts Clinical\",\"description\":\"patient-liaison\",\"publisher\":{\"@id\":\"https:\\\/\\\/colpittsclinical.com\\\/#organization\"},\"potentialAction\":[{\"@type\":\"SearchAction\",\"target\":{\"@type\":\"EntryPoint\",\"urlTemplate\":\"https:\\\/\\\/colpittsclinical.com\\\/?s={search_term_string}\"},\"query-input\":{\"@type\":\"PropertyValueSpecification\",\"valueRequired\":true,\"valueName\":\"search_term_string\"}}],\"inLanguage\":\"vi\"},{\"@type\":\"Organization\",\"@id\":\"https:\\\/\\\/colpittsclinical.com\\\/#organization\",\"name\":\"Colpitts Clinical\",\"url\":\"https:\\\/\\\/colpittsclinical.com\\\/\",\"logo\":{\"@type\":\"ImageObject\",\"inLanguage\":\"vi\",\"@id\":\"https:\\\/\\\/colpittsclinical.com\\\/#\\\/schema\\\/logo\\\/image\\\/\",\"url\":\"https:\\\/\\\/colpittsclinical.com\\\/wp-content\\\/uploads\\\/2017\\\/10\\\/cc-logo-212-1.png\",\"contentUrl\":\"https:\\\/\\\/colpittsclinical.com\\\/wp-content\\\/uploads\\\/2017\\\/10\\\/cc-logo-212-1.png\",\"width\":212,\"height\":48,\"caption\":\"Colpitts Clinical\"},\"image\":{\"@id\":\"https:\\\/\\\/colpittsclinical.com\\\/#\\\/schema\\\/logo\\\/image\\\/\"},\"sameAs\":[\"https:\\\/\\\/www.facebook.com\\\/ColpittsClinicalTrialTravel\\\/\",\"https:\\\/\\\/www.linkedin.com\\\/company\\\/colpittsclinical\\\/\"]}]}<\/script>\n<!-- \/ Yoast SEO plugin. -->","yoast_head_json":{"title":"Our Story - Colpitts Clinical","description":"Colpitts Clinical has deep roots in the travel industry, and we are pioneers in dedicated clinical trial travel.","robots":{"index":"index","follow":"follow","max-snippet":"max-snippet:-1","max-image-preview":"max-image-preview:large","max-video-preview":"max-video-preview:-1"},"canonical":"https:\/\/colpittsclinical.com\/vi\/our-story\/","og_locale":"vi_VN","og_type":"article","og_title":"Our Story - Colpitts Clinical","og_description":"Colpitts Clinical has deep roots in the travel industry, and we are pioneers in dedicated clinical trial travel.","og_url":"https:\/\/colpittsclinical.com\/vi\/our-story\/","og_site_name":"Colpitts Clinical","article_publisher":"https:\/\/www.facebook.com\/ColpittsClinicalTrialTravel\/","article_modified_time":"2024-10-23T17:05:43+00:00","twitter_card":"summary_large_image","twitter_misc":{"\u01af\u1edbc t\u00ednh th\u1eddi gian \u0111\u1ecdc":"2 ph\u00fat"},"schema":{"@context":"https:\/\/schema.org","@graph":[{"@type":"WebPage","@id":"https:\/\/colpittsclinical.com\/our-story\/","url":"https:\/\/colpittsclinical.com\/our-story\/","name":"Our Story - Colpitts Clinical","isPartOf":{"@id":"https:\/\/colpittsclinical.com\/#website"},"datePublished":"2017-09-28T03:55:33+00:00","dateModified":"2024-10-23T17:05:43+00:00","description":"Colpitts Clinical has deep roots in the travel industry, and we are pioneers in dedicated clinical trial travel.","breadcrumb":{"@id":"https:\/\/colpittsclinical.com\/our-story\/#breadcrumb"},"inLanguage":"vi","potentialAction":[{"@type":"ReadAction","target":["https:\/\/colpittsclinical.com\/our-story\/"]}]},{"@type":"BreadcrumbList","@id":"https:\/\/colpittsclinical.com\/our-story\/#breadcrumb","itemListElement":[{"@type":"ListItem","position":1,"name":"Home","item":"https:\/\/colpittsclinical.com\/"},{"@type":"ListItem","position":2,"name":"Our Story"}]},{"@type":"WebSite","@id":"https:\/\/colpittsclinical.com\/#website","url":"https:\/\/colpittsclinical.com\/","name":"Colpitts L\u00e2m s\u00e0ng","description":"\u0110\u1ea1i di\u1ec7n li\u00ean l\u1ea1c v\u1edbi b\u1ec7nh nh\u00e2n","publisher":{"@id":"https:\/\/colpittsclinical.com\/#organization"},"potentialAction":[{"@type":"SearchAction","target":{"@type":"EntryPoint","urlTemplate":"https:\/\/colpittsclinical.com\/?s={search_term_string}"},"query-input":{"@type":"PropertyValueSpecification","valueRequired":true,"valueName":"search_term_string"}}],"inLanguage":"vi"},{"@type":"Organization","@id":"https:\/\/colpittsclinical.com\/#organization","name":"Colpitts L\u00e2m s\u00e0ng","url":"https:\/\/colpittsclinical.com\/","logo":{"@type":"ImageObject","inLanguage":"vi","@id":"https:\/\/colpittsclinical.com\/#\/schema\/logo\/image\/","url":"https:\/\/colpittsclinical.com\/wp-content\/uploads\/2017\/10\/cc-logo-212-1.png","contentUrl":"https:\/\/colpittsclinical.com\/wp-content\/uploads\/2017\/10\/cc-logo-212-1.png","width":212,"height":48,"caption":"Colpitts Clinical"},"image":{"@id":"https:\/\/colpittsclinical.com\/#\/schema\/logo\/image\/"},"sameAs":["https:\/\/www.facebook.com\/ColpittsClinicalTrialTravel\/","https:\/\/www.linkedin.com\/company\/colpittsclinical\/"]}]}},"jetpack_sharing_enabled":true,"post_mailing_queue_ids":[],"_links":{"self":[{"href":"https:\/\/colpittsclinical.com\/vi\/wp-json\/wp\/v2\/pages\/678","targetHints":{"allow":["GET"]}}],"collection":[{"href":"https:\/\/colpittsclinical.com\/vi\/wp-json\/wp\/v2\/pages"}],"about":[{"href":"https:\/\/colpittsclinical.com\/vi\/wp-json\/wp\/v2\/types\/page"}],"author":[{"embeddable":true,"href":"https:\/\/colpittsclinical.com\/vi\/wp-json\/wp\/v2\/users\/1"}],"replies":[{"embeddable":true,"href":"https:\/\/colpittsclinical.com\/vi\/wp-json\/wp\/v2\/comments?post=678"}],"version-history":[{"count":49,"href":"https:\/\/colpittsclinical.com\/vi\/wp-json\/wp\/v2\/pages\/678\/revisions"}],"predecessor-version":[{"id":5828,"href":"https:\/\/colpittsclinical.com\/vi\/wp-json\/wp\/v2\/pages\/678\/revisions\/5828"}],"wp:attachment":[{"href":"https:\/\/colpittsclinical.com\/vi\/wp-json\/wp\/v2\/media?parent=678"}],"curies":[{"name":"wp","href":"https:\/\/api.w.org\/{rel}","templated":true}]}}