{"id":6392,"date":"2026-01-13T23:08:20","date_gmt":"2026-01-14T04:08:20","guid":{"rendered":"https:\/\/colpittsclinical.com\/?page_id=6392"},"modified":"2026-01-13T23:08:20","modified_gmt":"2026-01-14T04:08:20","slug":"post-marketing-studies","status":"publish","type":"page","link":"https:\/\/colpittsclinical.com\/vi\/post-marketing-studies\/","title":{"rendered":"C\u00e1c nghi\u00ean c\u1ee9u sau ti\u1ebfp th\u1ecb"},"content":{"rendered":"<div  class=\"wpb_row vc_row vc_row-fluid  mk-fullwidth-false  attched-false     js-master-row\">\n\t\t\n\t\t\t\n<div style=\"\" class=\"vc_col-sm-12 wpb_column column_container  _ height-full\">\n\t<div class=\"wpb_layerslider_element wpb_content_element\"><script data-cfasync=\"false\" type=\"text\/javascript\">var lsjQuery = jQuery;<\/script><script data-cfasync=\"false\" type=\"text\/javascript\">\r\nlsjQuery(document).ready(function() {\r\nif(typeof lsjQuery.fn.layerSlider == \"undefined\") {\r\nif( window._layerSlider && window._layerSlider.showNotice) { \r\nwindow._layerSlider.showNotice('layerslider_47','jquery');\r\n}\r\n} else {\r\nlsjQuery(\"#layerslider_47\").layerSlider({sliderVersion: '6.5.7', type: 'fullwidth', navPrevNext: false, hoverPrevNext: false, navStartStop: false, navButtons: false, showCircleTimer: false, popupWidth: 640, popupHeight: 360, skinsPath: 'https:\/\/colpittsclinical.com\/wp-content\/plugins\/LayerSlider\/static\/layerslider\/skins\/'});\r\n}\r\n});\r\n<\/script><div id=\"layerslider_47\" class=\"ls-wp-container fitvidsignore\" style=\"width:1920px;height:600px;margin:0 auto;margin-bottom: 0px;\"><div class=\"ls-slide\" data-ls=\"duration:3000;transition2d:5;kenburnsscale:1.2;\"><img loading=\"lazy\" decoding=\"async\" width=\"2172\" height=\"810\" src=\"https:\/\/i0.wp.com\/colpittsclinical.com\/wp-content\/uploads\/2025\/11\/post-marketing.png?fit=2172%2C810&amp;ssl=1\" class=\"ls-bg\" alt=\"Rare Disease Post Marketing Studies\" srcset=\"https:\/\/i0.wp.com\/colpittsclinical.com\/wp-content\/uploads\/2025\/11\/post-marketing.png?w=2172&amp;ssl=1 2172w, https:\/\/i0.wp.com\/colpittsclinical.com\/wp-content\/uploads\/2025\/11\/post-marketing.png?resize=300%2C112&amp;ssl=1 300w, https:\/\/i0.wp.com\/colpittsclinical.com\/wp-content\/uploads\/2025\/11\/post-marketing.png?resize=1024%2C382&amp;ssl=1 1024w, https:\/\/i0.wp.com\/colpittsclinical.com\/wp-content\/uploads\/2025\/11\/post-marketing.png?resize=768%2C286&amp;ssl=1 768w, https:\/\/i0.wp.com\/colpittsclinical.com\/wp-content\/uploads\/2025\/11\/post-marketing.png?resize=100%2C37&amp;ssl=1 100w, https:\/\/i0.wp.com\/colpittsclinical.com\/wp-content\/uploads\/2025\/11\/post-marketing.png?resize=1536%2C573&amp;ssl=1 1536w, https:\/\/i0.wp.com\/colpittsclinical.com\/wp-content\/uploads\/2025\/11\/post-marketing.png?resize=2048%2C764&amp;ssl=1 2048w, https:\/\/i0.wp.com\/colpittsclinical.com\/wp-content\/uploads\/2025\/11\/post-marketing.png?resize=18%2C7&amp;ssl=1 18w, https:\/\/i0.wp.com\/colpittsclinical.com\/wp-content\/uploads\/2025\/11\/post-marketing.png?resize=640%2C239&amp;ssl=1 640w\" sizes=\"auto, (max-width: 1140px) 100vw, 1140px\" itemprop=\"image\" \/><h1 style=\"white-space: normal;top:186px;left:43px;text-align:center;font-weight:500;font-style:normal;text-decoration:none;wordwrap:true;opacity:1;font-family:Georgia;font-size:65px;width:700px;color:#ffffff;line-height:80px;\" class=\"ls-l\">RARE DISEASE POST MARKETING STUDIES<\/h1><\/div><\/div><\/div><\/div>\n\t<\/div>\n\n\t<\/div><\/div><\/div>\n\t\n<div  class=\"wpb_row vc_row vc_row-fluid  mk-fullwidth-true  attched-false     js-master-row\">\n\t\t\t<div class=\"mk-grid\">\n\t\t\n\t\t\t\n<div style=\"\" class=\"vc_col-sm-12 wpb_column column_container  _ height-full\">\n\t\t<div class=\"vc_custom_1768362834732\">\n\n<div id=\"text-block-1\" class=\"mk-text-block\">\n\n\t\n\t<p><span style=\"font-family: arial, helvetica, sans-serif; font-size: 14pt;\">C\u00e1c nghi\u00ean c\u1ee9u sau khi \u0111\u01b0a ra th\u1ecb tr\u01b0\u1eddng \u0111\u1ed1i v\u1edbi b\u1ec7nh hi\u1ebfm g\u1eb7p \u0111\u1eb7t ra nh\u1eefng th\u00e1ch th\u1ee9c \u0111\u1eb7c bi\u1ec7t: s\u1ed1 l\u01b0\u1ee3ng b\u1ec7nh nh\u00e2n \u00edt \u1ecfi, ph\u00e2n t\u00e1n, l\u1ecbch tr\u00ecnh kh\u00f4ng th\u1ec3 d\u1ef1 \u0111o\u00e1n tr\u01b0\u1edbc v\u00e0 c\u00e1c y\u00eau c\u1ea7u quy \u0111\u1ecbnh nh\u1ea1y c\u1ea3m. T\u1ea1i Colpitts Clinical, ch\u00fang t\u00f4i h\u1ed7 tr\u1ee3 c\u00e1c nh\u00e0 t\u00e0i tr\u1ee3 v\u01b0\u1ee3t qua nh\u1eefng th\u00e1ch th\u1ee9c n\u00e0y v\u1edbi s\u1ef1 ch\u00ednh x\u00e1c, t\u1eadn t\u00e2m v\u00e0 nhanh ch\u00f3ng.<\/span><\/p>\n\n\t<div class=\"clearboth\"><\/div>\n<\/div>\n\n\t<\/div>\n<\/div>\n\t\t\n\t\t<\/div>\t\n\t<\/div>\n\n\n\t<div class=\"mk-main-wrapper-holder\">\n\t\t<div class=\"theme-page-wrapper full-layout mk-grid vc_row-fluid no-padding\">\n\t\t\t<div class=\"theme-content no-padding\">\n\n\t\t\t\t<\/div><\/div><\/div>\n\t\n<div  class=\"wpb_row vc_row vc_row-fluid  mk-fullwidth-true  attched-false     js-master-row\">\n\t\t\t<div class=\"mk-grid\">\n\t\t\n\t\t\t\n<div style=\"\" class=\"vc_col-sm-12 wpb_column column_container  _ height-full\">\n\t\t<div class=\"vc_custom_1768361715834\">\n\n<div id=\"text-block-2\" class=\"mk-text-block\">\n\n\t\n\t<h1 style=\"text-align: center;\"><span style=\"color: #333399; font-family: arial, helvetica, sans-serif;\">C\u00e1c th\u00e1ch th\u1ee9c ch\u00fang t\u00f4i gi\u1ea3i quy\u1ebft<\/span><\/h1>\n\n\t<div class=\"clearboth\"><\/div>\n<\/div>\n\n\t<\/div>\n<\/div>\n\t\t\n\t\t<\/div>\t\n\t<\/div>\n\n\n\t<div class=\"mk-main-wrapper-holder\">\n\t\t<div class=\"theme-page-wrapper full-layout mk-grid vc_row-fluid no-padding\">\n\t\t\t<div class=\"theme-content no-padding\">\n\n\t\t\t\t<\/div><\/div><\/div>\n\t\n<div  class=\"wpb_row vc_row vc_row-fluid  mk-fullwidth-true  attched-false    vc_custom_1768362926487  js-master-row\">\n\t\t\t<div class=\"mk-grid\">\n\t\t\n\t\t\t\n<div style=\"\" class=\"vc_col-sm-2 wpb_column column_container  _ height-full\">\n\t\t<div class=\"vc_custom_1763616111226\">\n\n<div id=\"text-block-3\" class=\"mk-text-block\">\n\n\t\n\t\n\t<div class=\"clearboth\"><\/div>\n<\/div>\n\n\t<\/div>\n<\/div>\n\n<div style=\"\" class=\"vc_col-sm-8 wpb_column column_container  _ height-full\">\n\t\t<div class=\"vc_custom_1768363177713\">\n\n<div id=\"text-block-4\" class=\"mk-text-block\">\n\n\t\n\t<ul>\n<li><span style=\"font-family: arial, helvetica, sans-serif; font-size: 15pt;\"><span style=\"font-family: arial, helvetica, sans-serif; font-size: 15pt;\"><span style=\"font-family: arial, helvetica, sans-serif; font-size: 15pt;\">B\u1ec7nh nh\u00e2n th\u01b0\u1eddng ph\u00e2n b\u1ed1 \u1edf nhi\u1ec1u qu\u1ed1c gia v\u00e0 khu v\u1ef1c kh\u00e1c nhau.<br \/>\n<\/span><\/span><\/span><\/li>\n<li><span style=\"font-family: arial, helvetica, sans-serif; font-size: 15pt;\"><span style=\"font-family: arial, helvetica, sans-serif; font-size: 15pt;\">C\u00e1c gia \u0111\u00ecnh c\u00f3 th\u1ec3 c\u1ea7n h\u1ed7 tr\u1ee3 chuy\u00ean bi\u1ec7t cho vi\u1ec7c di chuy\u1ec3n c\u1ee7a tr\u1ebb em ho\u1eb7c ng\u01b0\u1eddi ch\u0103m s\u00f3c.<br \/>\n<\/span><\/span><\/li>\n<li><span style=\"font-family: arial, helvetica, sans-serif; font-size: 15pt;\">Quy \u0111\u1ecbnh v\u1ec1 tr\u1ee3 c\u1ea5p, ho\u00e0n tr\u1ea3 chi ph\u00ed v\u00e0 b\u00e1o c\u00e1o c\u00f3 s\u1ef1 kh\u00e1c bi\u1ec7t \u0111\u00e1ng k\u1ec3.<\/span><\/li>\n<\/ul>\n\n\t<div class=\"clearboth\"><\/div>\n<\/div>\n\n\t<\/div>\n<\/div>\n\n<div style=\"\" class=\"vc_col-sm-2 wpb_column column_container  _ height-full\">\n\t<\/div>\n\t\t\n\t\t<\/div>\t\n\t<\/div>\n\n\n\t<div class=\"mk-main-wrapper-holder\">\n\t\t<div class=\"theme-page-wrapper full-layout mk-grid vc_row-fluid no-padding\">\n\t\t\t<div class=\"theme-content no-padding\">\n\n\t\t\t\t<\/div><\/div><\/div>\n\t\n<div  class=\"wpb_row vc_row vc_row-fluid  mk-fullwidth-true  attched-false     js-master-row\">\n\t\t\t<div class=\"mk-grid\">\n\t\t\n\t\t\t\n<div style=\"\" class=\"vc_col-sm-12 wpb_column column_container  _ height-full\">\n\t\t<div class=\"vc_custom_1768363473724\">\n\n<div id=\"text-block-5\" class=\"mk-text-block\">\n\n\t\n\t<p><span style=\"font-family: arial, helvetica, sans-serif; font-size: 14pt;\">C\u00e1c nh\u00e0 t\u00e0i tr\u1ee3 l\u1ef1a ch\u1ecdn Colpitts v\u00ec ch\u00fang t\u00f4i lo\u1ea1i b\u1ecf c\u00e1c r\u00e0o c\u1ea3n logistics c\u00f3 th\u1ec3 l\u00e0m ch\u1eadm qu\u00e1 tr\u00ecnh tuy\u1ec3n d\u1ee5ng v\u00e0 duy tr\u00ec nh\u00e2n s\u1ef1. V\u1edbi chuy\u00ean m\u00f4n c\u1ee7a m\u00ecnh, b\u1ec7nh nh\u00e2n lu\u00f4n \u0111\u01b0\u1ee3c h\u1ed7 tr\u1ee3, nh\u00e2n vi\u00ean y t\u1ebf c\u1ea3m th\u1ea5y t\u1ef1 tin, v\u00e0 \u0111\u1ed9i ng\u0169 c\u1ee7a b\u1ea1n c\u00f3 th\u1ec3 t\u1eadp trung ho\u00e0n to\u00e0n v\u00e0o k\u1ebft qu\u1ea3 v\u00e0 d\u1eef li\u1ec7u.<\/span><\/p>\n\n\t<div class=\"clearboth\"><\/div>\n<\/div>\n\n\t<\/div>\n<\/div>\n\t\t\n\t\t<\/div>\t\n\t<\/div>\n\n\n\t<div class=\"mk-main-wrapper-holder\">\n\t\t<div class=\"theme-page-wrapper full-layout mk-grid vc_row-fluid no-padding\">\n\t\t\t<div class=\"theme-content no-padding\">\n\n\t\t\t\t<\/div><\/div><\/div>\n\t\n<div  class=\"wpb_row vc_row vc_row-fluid  mk-fullwidth-true  attched-false    vc_custom_1733833984380  js-master-row\">\n\t\t\n\t\t\t\n<div style=\"\" class=\"vc_col-sm-12 wpb_column column_container  _ height-full\">\n\t\t<div class=\"vc_custom_1768362294598\">\n\n<div id=\"text-block-6\" class=\"mk-text-block\">\n\n\t\n\t<h1 style=\"text-align: center;\"><span style=\"color: #ffffff; font-family: arial, helvetica, sans-serif;\">L\u1ee3i th\u1ebf c\u1ee7a Colpitts d\u00e0nh cho nh\u00e0 t\u00e0i tr\u1ee3<\/span><\/h1>\n\n\t<div class=\"clearboth\"><\/div>\n<\/div>\n\n\t<\/div>\n<\/div>\n\t<\/div>\n\n\n\t<div class=\"mk-main-wrapper-holder\">\n\t\t<div class=\"theme-page-wrapper full-layout mk-grid vc_row-fluid no-padding\">\n\t\t\t<div class=\"theme-content no-padding\">\n\n\t\t\t\t<\/div><\/div><\/div>\n\t\n<div  class=\"wpb_row vc_row vc_row-fluid  mk-fullwidth-true  attched-false    vc_custom_1763616897295  js-master-row vc_hidden-lg vc_hidden-xs vc_hidden-sm vc_hidden-md\">\n\t\t\t<div class=\"mk-grid\">\n\t\t\n\t\t\t\n<div style=\"\" class=\"vc_col-sm-12 wpb_column column_container  _ height-full\">\n\t\t<div class=\"vc_custom_1763616782578\">\n\n<div id=\"text-block-7\" class=\"mk-text-block\">\n\n\t\n\t<p style=\"text-align: center;\"><span style=\"font-size: 22pt;\">L\u1ee3i th\u1ebf c\u1ee7a Colpitts d\u00e0nh cho nh\u00e0 t\u00e0i tr\u1ee3<\/span><\/p>\n\n\t<div class=\"clearboth\"><\/div>\n<\/div>\n\n\t<\/div>\n<\/div>\n\t\t\n\t\t<\/div>\t\n\t<\/div>\n\n\n\t<div class=\"mk-main-wrapper-holder\">\n\t\t<div class=\"theme-page-wrapper full-layout mk-grid vc_row-fluid no-padding\">\n\t\t\t<div class=\"theme-content no-padding\">\n\n\t\t\t\n<div  class=\"wpb_row vc_row vc_row-fluid  mk-fullwidth-false  attched-false     js-master-row\">\n\t\t\n\t\t\t\n<div style=\"\" class=\"vc_col-sm-3 wpb_column column_container  _ height-full\">\n\t<div \tclass=\"vc_icon_element vc_icon_element-outer vc_icon_element-align-center vc_icon_element-have-style\">\n\t<div class=\"vc_icon_element-inner vc_icon_element-color-grey vc_icon_element-have-style-inner vc_icon_element-size-xl vc_icon_element-style-rounded-less vc_icon_element-background vc_icon_element-background-color-white\">\n\t\t<span class=\"vc_icon_element-icon fa fa-check-square-o\" ><\/span><\/div>\n<\/div>\n\t<div class=\"vc_custom_1768363585958\">\n\n<div id=\"text-block-8\" class=\"mk-text-block\">\n\n\t\n\t<p style=\"text-align: center;\"><span style=\"font-size: 17pt; font-family: arial, helvetica, sans-serif;\"><strong>Ph\u1ea1m vi to\u00e0n c\u1ea7u li\u1ec1n m\u1ea1ch<br \/>\n<\/strong>Ch\u00fang t\u00f4i \u0111\u01b0a c\u00e1c b\u1ec7nh nh\u00e2n kh\u00f3 ti\u1ebfp c\u1eadn v\u00e0o nghi\u00ean c\u1ee9u c\u1ee7a b\u1ea1n m\u1ed9t c\u00e1ch \u0111\u00e1ng tin c\u1eady v\u00e0 \u0111\u00fang h\u1eb9n.<\/span><\/p>\n\n\t<div class=\"clearboth\"><\/div>\n<\/div>\n\n\t<\/div>\n<\/div>\n\n<div style=\"\" class=\"vc_col-sm-3 wpb_column column_container  _ height-full\">\n\t<div \tclass=\"vc_icon_element vc_icon_element-outer vc_icon_element-align-center vc_icon_element-have-style\">\n\t<div class=\"vc_icon_element-inner vc_icon_element-color-grey vc_icon_element-have-style-inner vc_icon_element-size-xl vc_icon_element-style-rounded-less vc_icon_element-background vc_icon_element-background-color-white\">\n\t\t<span class=\"vc_icon_element-icon fa fa-check-square-o\" ><\/span><\/div>\n<\/div>\n\t<div class=\"vc_custom_1768363597403\">\n\n<div id=\"text-block-9\" class=\"mk-text-block\">\n\n\t\n\t<p style=\"text-align: center;\"><span style=\"font-size: 17pt; font-family: arial, helvetica, sans-serif;\"><strong>Gi\u1ea3i ph\u00e1p t\u1eadp trung v\u00e0o b\u1ec7nh nh\u00e2n<br \/>\n<\/strong>M\u1ed7i h\u00e0nh tr\u00ecnh \u0111\u1ec1u \u0111\u01b0\u1ee3c qu\u1ea3n l\u00fd v\u1edbi s\u1ef1 th\u1ea5u hi\u1ec3u, \u0111\u1ea3m b\u1ea3o vi\u1ec7c tham gia kh\u00f4ng g\u00e2y ra g\u00e1nh n\u1eb7ng kh\u00f4ng c\u1ea7n thi\u1ebft.<\/span><\/p>\n\n\t<div class=\"clearboth\"><\/div>\n<\/div>\n\n\t<\/div>\n<\/div>\n\n<div style=\"\" class=\"vc_col-sm-3 wpb_column column_container  _ height-full\">\n\t<div \tclass=\"vc_icon_element vc_icon_element-outer vc_icon_element-align-center vc_icon_element-have-style\">\n\t<div class=\"vc_icon_element-inner vc_icon_element-color-grey vc_icon_element-have-style-inner vc_icon_element-size-xl vc_icon_element-style-rounded-less vc_icon_element-background vc_icon_element-background-color-white\">\n\t\t<span class=\"vc_icon_element-icon fa fa-check-square-o\" ><\/span><\/div>\n<\/div>\n\t<div class=\"vc_custom_1768363608619\">\n\n<div id=\"text-block-10\" class=\"mk-text-block\">\n\n\t\n\t<p style=\"text-align: center;\"><span style=\"font-size: 17pt; font-family: arial, helvetica, sans-serif;\"><strong>S\u1ef1 tin t\u01b0\u1edfng v\u00e0o quy \u0111\u1ecbnh<br \/>\n<\/strong>Chuy\u00ean m\u00f4n v\u1ec1 c\u00e1c quy \u0111\u1ecbnh c\u1ee5 th\u1ec3 c\u1ee7a t\u1eebng qu\u1ed1c gia li\u00ean quan \u0111\u1ebfn tr\u1ee3 c\u1ea5p, thu\u1ebf v\u00e0 b\u00e1o c\u00e1o.<\/span><\/p>\n\n\t<div class=\"clearboth\"><\/div>\n<\/div>\n\n\t<\/div>\n<\/div>\n\n<div style=\"\" class=\"vc_col-sm-3 wpb_column column_container  _ height-full\">\n\t<div \tclass=\"vc_icon_element vc_icon_element-outer vc_icon_element-align-center vc_icon_element-have-style\">\n\t<div class=\"vc_icon_element-inner vc_icon_element-color-grey vc_icon_element-have-style-inner vc_icon_element-size-xl vc_icon_element-style-rounded-less vc_icon_element-background vc_icon_element-background-color-white\">\n\t\t<span class=\"vc_icon_element-icon fa fa-check-square-o\" ><\/span><\/div>\n<\/div>\n\t<div class=\"vc_custom_1768363621851\">\n\n<div id=\"text-block-11\" class=\"mk-text-block\">\n\n\t\n\t<p style=\"text-align: center;\"><span style=\"font-size: 17pt; font-family: arial, helvetica, sans-serif;\"><strong>D\u1ecbch v\u1ee5 cao c\u1ea5p<br \/>\n<\/strong>D\u1ecbch v\u1ee5 ch\u0103m s\u00f3c t\u1eadn t\u00e2m, chu \u0111\u00e1o nh\u01b0 d\u1ecbch v\u1ee5 qu\u1ea3n gia, h\u1ed7 tr\u1ee3 b\u1ec7nh nh\u00e2n v\u00e0 ng\u01b0\u1eddi ch\u0103m s\u00f3c \u1edf m\u1ecdi giai \u0111o\u1ea1n.<\/span><\/p>\n\n\t<div class=\"clearboth\"><\/div>\n<\/div>\n\n\t<\/div>\n<\/div>\n\t<\/div>\n\n\t<\/div><\/div><\/div>\n\t\n<div  class=\"wpb_row vc_row vc_row-fluid  mk-fullwidth-true  attched-false    vc_custom_1768362621037  js-master-row vc_hidden-lg vc_hidden-xs vc_hidden-sm vc_hidden-md\">\n\t\t\t<div class=\"mk-grid\">\n\t\t\n\t\t\t\n<div style=\"\" class=\"vc_col-sm-12 wpb_column column_container  _ height-full\">\n\t\t<div class=\"vc_custom_1760545084789\">\n\n<div id=\"text-block-12\" class=\"mk-text-block\">\n\n\t\n\t<p style=\"text-align: center;\"><span style=\"font-size: 18pt;\"><strong><span style=\"color: #0c4b8a;\">H\u00e3y \u0111\u1ec3 Colpitts Clinical lo li\u1ec7u t\u1ea5t c\u1ea3 c\u00e1c nhu c\u1ea7u c\u1ee7a qu\u00fd v\u1ecb li\u00ean quan \u0111\u1ebfn c\u00e1c kho\u1ea3n thanh to\u00e1n ph\u1ee9c t\u1ea1p n\u00e0y, v\u1ed1n li\u00ean quan \u0111\u1ebfn c\u00e1c y\u00eau c\u1ea7u thu\u1ebf \u0111a d\u1ea1ng \u1edf nhi\u1ec1u qu\u1ed1c gia kh\u00e1c nhau.<\/span><\/strong><\/span><\/p>\n\n\t<div class=\"clearboth\"><\/div>\n<\/div>\n\n\t<\/div>\n<\/div>\n\t\t\n\t\t<\/div>\t\n\t<\/div>\n\n\n\t<div class=\"mk-main-wrapper-holder\">\n\t\t<div class=\"theme-page-wrapper full-layout mk-grid vc_row-fluid no-padding\">\n\t\t\t<div class=\"theme-content no-padding\">\n\n\t\t\t\t<\/div><\/div><\/div>\n\t\n<div  class=\"wpb_row vc_row vc_row-fluid  mk-fullwidth-true  attched-false    vc_custom_1639375347930  js-master-row\">\n\t\t\n\t\t\t\n<div style=\"\" class=\"vc_col-sm-12 wpb_column column_container  _ height-full\">\n\t\n<h2 id=\"fancy-title-13\" class=\"mk-fancy-title  simple-style   color-single\">\n\t<span>\n\t\t\t\t\n<h2 style=\"text-align: center;\"><span style=\"color: #333399;\"><strong><span style=\"font-family: arial, helvetica, sans-serif;\">B\u1ea1n \u0111ang t\u00ecm ki\u1ebfm s\u1ef1 h\u1ed7 tr\u1ee3 \u0111\u00e1ng tin c\u1eady cho c\u00e1c nghi\u00ean c\u1ee9u sau khi \u0111\u01b0a s\u1ea3n ph\u1ea9m ra th\u1ecb tr\u01b0\u1eddng?<\/span><\/strong><\/span><\/h2>\n<p style=\"text-align: center;\">\n<div id=\"mk-button-14\" class=\"mk-button-container _ relative    block text-center\">\n\n\t\n\t\t<a id=\"Buton ID\" href=\"https:\/\/colpittsclinical.com\/vi\/contact-us\/\"   target=\"_self\" class=\"mk-button js-smooth-scroll mk-button--dimension-three mk-button--size-medium mk-button--corner-pointed text-color-light _ relative text-center font-weight-700 no-backface  letter-spacing-1 inline\">\n\t\t\t\t\t\t \n\t\t\t<span class=\"mk-button--text\">B\u1eaft \u0111\u1ea7u<\/span>\n\t\t\t\t\t<\/a>\n\n\t\n<\/div>\n\t\t\t<\/span>\n<\/h2>\n<div class=\"clearboth\"><\/div>\n\n\n\n<\/div>\n\t<\/div>\n\n\n\t<div class=\"mk-main-wrapper-holder\">\n\t\t<div class=\"theme-page-wrapper full-layout mk-grid vc_row-fluid no-padding\">\n\t\t\t<div class=\"theme-content no-padding\">","protected":false},"excerpt":{"rendered":"var lsjQuery = jQuery; lsjQuery(document).ready(function() { if(typeof lsjQuery.fn.layerSlider == \"undefined\") { if( window._layerSlider && window._layerSlider.showNotice) { window._layerSlider.showNotice('layerslider_47_2','jquery'); } } else { lsjQuery(\"#layerslider_47_2\").layerSlider({sliderVersion: '6.5.7', type: 'fullwidth', navPrevNext: false, hoverPrevNext: false, navStartStop: false, navButtons: false, showCircleTimer: false, popupWidth: 640, popupHeight: 360, skinsPath: 'https:\/\/colpittsclinical.com\/wp-content\/plugins\/LayerSlider\/static\/layerslider\/skins\/'}); } }); RARE DISEASE POST MARKETING STUDIES Post-marketing studies in rare disease present unique [...]","protected":false},"author":1,"featured_media":0,"parent":0,"menu_order":0,"comment_status":"closed","ping_status":"closed","template":"","meta":{"_exactmetrics_skip_tracking":false,"_exactmetrics_sitenote_active":false,"_exactmetrics_sitenote_note":"","_exactmetrics_sitenote_category":0,"footnotes":""},"class_list":["post-6392","page","type-page","status-publish","hentry"],"yoast_head":"<!-- This site is optimized with the Yoast SEO plugin v27.5 - https:\/\/yoast.com\/product\/yoast-seo-wordpress\/ -->\n<title>post marketing studies - Colpitts Clinical<\/title>\n<meta name=\"robots\" content=\"index, follow, max-snippet:-1, max-image-preview:large, max-video-preview:-1\" \/>\n<link rel=\"canonical\" href=\"https:\/\/colpittsclinical.com\/vi\/post-marketing-studies\/\" \/>\n<meta property=\"og:locale\" content=\"vi_VN\" \/>\n<meta property=\"og:type\" content=\"article\" \/>\n<meta property=\"og:title\" content=\"post marketing studies - Colpitts Clinical\" \/>\n<meta property=\"og:url\" content=\"https:\/\/colpittsclinical.com\/vi\/post-marketing-studies\/\" \/>\n<meta property=\"og:site_name\" content=\"Colpitts Clinical\" \/>\n<meta property=\"article:publisher\" content=\"https:\/\/www.facebook.com\/ColpittsClinicalTrialTravel\/\" \/>\n<meta name=\"twitter:card\" content=\"summary_large_image\" \/>\n<meta name=\"twitter:label1\" content=\"\u01af\u1edbc t\u00ednh th\u1eddi gian \u0111\u1ecdc\" \/>\n\t<meta name=\"twitter:data1\" content=\"2 ph\u00fat\" \/>\n<script type=\"application\/ld+json\" class=\"yoast-schema-graph\">{\"@context\":\"https:\\\/\\\/schema.org\",\"@graph\":[{\"@type\":\"WebPage\",\"@id\":\"https:\\\/\\\/colpittsclinical.com\\\/post-marketing-studies\\\/\",\"url\":\"https:\\\/\\\/colpittsclinical.com\\\/post-marketing-studies\\\/\",\"name\":\"post marketing studies - Colpitts Clinical\",\"isPartOf\":{\"@id\":\"https:\\\/\\\/colpittsclinical.com\\\/#website\"},\"datePublished\":\"2026-01-14T04:08:20+00:00\",\"breadcrumb\":{\"@id\":\"https:\\\/\\\/colpittsclinical.com\\\/post-marketing-studies\\\/#breadcrumb\"},\"inLanguage\":\"vi\",\"potentialAction\":[{\"@type\":\"ReadAction\",\"target\":[\"https:\\\/\\\/colpittsclinical.com\\\/post-marketing-studies\\\/\"]}]},{\"@type\":\"BreadcrumbList\",\"@id\":\"https:\\\/\\\/colpittsclinical.com\\\/post-marketing-studies\\\/#breadcrumb\",\"itemListElement\":[{\"@type\":\"ListItem\",\"position\":1,\"name\":\"Home\",\"item\":\"https:\\\/\\\/colpittsclinical.com\\\/\"},{\"@type\":\"ListItem\",\"position\":2,\"name\":\"post marketing studies\"}]},{\"@type\":\"WebSite\",\"@id\":\"https:\\\/\\\/colpittsclinical.com\\\/#website\",\"url\":\"https:\\\/\\\/colpittsclinical.com\\\/\",\"name\":\"Colpitts Clinical\",\"description\":\"patient-liaison\",\"publisher\":{\"@id\":\"https:\\\/\\\/colpittsclinical.com\\\/#organization\"},\"potentialAction\":[{\"@type\":\"SearchAction\",\"target\":{\"@type\":\"EntryPoint\",\"urlTemplate\":\"https:\\\/\\\/colpittsclinical.com\\\/?s={search_term_string}\"},\"query-input\":{\"@type\":\"PropertyValueSpecification\",\"valueRequired\":true,\"valueName\":\"search_term_string\"}}],\"inLanguage\":\"vi\"},{\"@type\":\"Organization\",\"@id\":\"https:\\\/\\\/colpittsclinical.com\\\/#organization\",\"name\":\"Colpitts Clinical\",\"url\":\"https:\\\/\\\/colpittsclinical.com\\\/\",\"logo\":{\"@type\":\"ImageObject\",\"inLanguage\":\"vi\",\"@id\":\"https:\\\/\\\/colpittsclinical.com\\\/#\\\/schema\\\/logo\\\/image\\\/\",\"url\":\"https:\\\/\\\/colpittsclinical.com\\\/wp-content\\\/uploads\\\/2017\\\/10\\\/cc-logo-212-1.png\",\"contentUrl\":\"https:\\\/\\\/colpittsclinical.com\\\/wp-content\\\/uploads\\\/2017\\\/10\\\/cc-logo-212-1.png\",\"width\":212,\"height\":48,\"caption\":\"Colpitts Clinical\"},\"image\":{\"@id\":\"https:\\\/\\\/colpittsclinical.com\\\/#\\\/schema\\\/logo\\\/image\\\/\"},\"sameAs\":[\"https:\\\/\\\/www.facebook.com\\\/ColpittsClinicalTrialTravel\\\/\",\"https:\\\/\\\/www.linkedin.com\\\/company\\\/colpittsclinical\\\/\"]}]}<\/script>\n<!-- \/ Yoast SEO plugin. -->","yoast_head_json":{"title":"post marketing studies - Colpitts Clinical","robots":{"index":"index","follow":"follow","max-snippet":"max-snippet:-1","max-image-preview":"max-image-preview:large","max-video-preview":"max-video-preview:-1"},"canonical":"https:\/\/colpittsclinical.com\/vi\/post-marketing-studies\/","og_locale":"vi_VN","og_type":"article","og_title":"post marketing studies - Colpitts Clinical","og_url":"https:\/\/colpittsclinical.com\/vi\/post-marketing-studies\/","og_site_name":"Colpitts Clinical","article_publisher":"https:\/\/www.facebook.com\/ColpittsClinicalTrialTravel\/","twitter_card":"summary_large_image","twitter_misc":{"\u01af\u1edbc t\u00ednh th\u1eddi gian \u0111\u1ecdc":"2 ph\u00fat"},"schema":{"@context":"https:\/\/schema.org","@graph":[{"@type":"WebPage","@id":"https:\/\/colpittsclinical.com\/post-marketing-studies\/","url":"https:\/\/colpittsclinical.com\/post-marketing-studies\/","name":"post marketing studies - Colpitts Clinical","isPartOf":{"@id":"https:\/\/colpittsclinical.com\/#website"},"datePublished":"2026-01-14T04:08:20+00:00","breadcrumb":{"@id":"https:\/\/colpittsclinical.com\/post-marketing-studies\/#breadcrumb"},"inLanguage":"vi","potentialAction":[{"@type":"ReadAction","target":["https:\/\/colpittsclinical.com\/post-marketing-studies\/"]}]},{"@type":"BreadcrumbList","@id":"https:\/\/colpittsclinical.com\/post-marketing-studies\/#breadcrumb","itemListElement":[{"@type":"ListItem","position":1,"name":"Home","item":"https:\/\/colpittsclinical.com\/"},{"@type":"ListItem","position":2,"name":"post marketing studies"}]},{"@type":"WebSite","@id":"https:\/\/colpittsclinical.com\/#website","url":"https:\/\/colpittsclinical.com\/","name":"Colpitts L\u00e2m s\u00e0ng","description":"\u0110\u1ea1i di\u1ec7n li\u00ean l\u1ea1c v\u1edbi b\u1ec7nh nh\u00e2n","publisher":{"@id":"https:\/\/colpittsclinical.com\/#organization"},"potentialAction":[{"@type":"SearchAction","target":{"@type":"EntryPoint","urlTemplate":"https:\/\/colpittsclinical.com\/?s={search_term_string}"},"query-input":{"@type":"PropertyValueSpecification","valueRequired":true,"valueName":"search_term_string"}}],"inLanguage":"vi"},{"@type":"Organization","@id":"https:\/\/colpittsclinical.com\/#organization","name":"Colpitts L\u00e2m s\u00e0ng","url":"https:\/\/colpittsclinical.com\/","logo":{"@type":"ImageObject","inLanguage":"vi","@id":"https:\/\/colpittsclinical.com\/#\/schema\/logo\/image\/","url":"https:\/\/colpittsclinical.com\/wp-content\/uploads\/2017\/10\/cc-logo-212-1.png","contentUrl":"https:\/\/colpittsclinical.com\/wp-content\/uploads\/2017\/10\/cc-logo-212-1.png","width":212,"height":48,"caption":"Colpitts Clinical"},"image":{"@id":"https:\/\/colpittsclinical.com\/#\/schema\/logo\/image\/"},"sameAs":["https:\/\/www.facebook.com\/ColpittsClinicalTrialTravel\/","https:\/\/www.linkedin.com\/company\/colpittsclinical\/"]}]}},"jetpack_sharing_enabled":true,"post_mailing_queue_ids":[],"_links":{"self":[{"href":"https:\/\/colpittsclinical.com\/vi\/wp-json\/wp\/v2\/pages\/6392","targetHints":{"allow":["GET"]}}],"collection":[{"href":"https:\/\/colpittsclinical.com\/vi\/wp-json\/wp\/v2\/pages"}],"about":[{"href":"https:\/\/colpittsclinical.com\/vi\/wp-json\/wp\/v2\/types\/page"}],"author":[{"embeddable":true,"href":"https:\/\/colpittsclinical.com\/vi\/wp-json\/wp\/v2\/users\/1"}],"replies":[{"embeddable":true,"href":"https:\/\/colpittsclinical.com\/vi\/wp-json\/wp\/v2\/comments?post=6392"}],"version-history":[{"count":38,"href":"https:\/\/colpittsclinical.com\/vi\/wp-json\/wp\/v2\/pages\/6392\/revisions"}],"predecessor-version":[{"id":6461,"href":"https:\/\/colpittsclinical.com\/vi\/wp-json\/wp\/v2\/pages\/6392\/revisions\/6461"}],"wp:attachment":[{"href":"https:\/\/colpittsclinical.com\/vi\/wp-json\/wp\/v2\/media?parent=6392"}],"curies":[{"name":"wp","href":"https:\/\/api.w.org\/{rel}","templated":true}]}}