{"id":633,"date":"2017-08-28T02:30:55","date_gmt":"2017-08-28T06:30:55","guid":{"rendered":"https:\/\/colpittsclinical.com\/?page_id=633"},"modified":"2025-01-30T23:10:04","modified_gmt":"2025-01-31T04:10:04","slug":"cost-control","status":"publish","type":"page","link":"https:\/\/colpittsclinical.com\/vi\/cost-control\/","title":{"rendered":"Ki\u1ec3m so\u00e1t chi ph\u00ed"},"content":{"rendered":"<div  class=\"wpb_row vc_row vc_row-fluid  mk-fullwidth-false  attched-false     js-master-row\">\n\t\t\n\t\t\t\n<div style=\"\" class=\"vc_col-sm-12 wpb_column column_container  _ height-full\">\n\t<script data-cfasync=\"false\" type=\"text\/javascript\">var lsjQuery = jQuery;<\/script><script data-cfasync=\"false\" type=\"text\/javascript\">\r\nlsjQuery(document).ready(function() {\r\nif(typeof lsjQuery.fn.layerSlider == \"undefined\") {\r\nif( window._layerSlider && window._layerSlider.showNotice) { \r\nwindow._layerSlider.showNotice('layerslider_37','jquery');\r\n}\r\n} else {\r\nlsjQuery(\"#layerslider_37\").layerSlider({sliderVersion: '6.5.7', type: 'fullwidth', navPrevNext: false, hoverPrevNext: false, navStartStop: false, navButtons: false, showCircleTimer: false, popupWidth: 640, popupHeight: 360, skinsPath: 'https:\/\/colpittsclinical.com\/wp-content\/plugins\/LayerSlider\/static\/layerslider\/skins\/'});\r\n}\r\n});\r\n<\/script><div id=\"layerslider_37\" class=\"ls-wp-container fitvidsignore\" style=\"width:1920px;height:600px;margin:0 auto;margin-bottom: 0px;\"><div class=\"ls-slide\" data-ls=\"kenburnsscale:1.2;\"><img loading=\"lazy\" decoding=\"async\" width=\"2172\" height=\"810\" src=\"https:\/\/i0.wp.com\/colpittsclinical.com\/wp-content\/uploads\/2024\/07\/cost-control-071524.jpg?fit=2172%2C810&amp;ssl=1\" class=\"ls-bg\" alt=\"\" srcset=\"https:\/\/i0.wp.com\/colpittsclinical.com\/wp-content\/uploads\/2024\/07\/cost-control-071524.jpg?w=2172&amp;ssl=1 2172w, https:\/\/i0.wp.com\/colpittsclinical.com\/wp-content\/uploads\/2024\/07\/cost-control-071524.jpg?resize=300%2C112&amp;ssl=1 300w, https:\/\/i0.wp.com\/colpittsclinical.com\/wp-content\/uploads\/2024\/07\/cost-control-071524.jpg?resize=1024%2C382&amp;ssl=1 1024w, https:\/\/i0.wp.com\/colpittsclinical.com\/wp-content\/uploads\/2024\/07\/cost-control-071524.jpg?resize=768%2C286&amp;ssl=1 768w, https:\/\/i0.wp.com\/colpittsclinical.com\/wp-content\/uploads\/2024\/07\/cost-control-071524.jpg?resize=1536%2C573&amp;ssl=1 1536w, https:\/\/i0.wp.com\/colpittsclinical.com\/wp-content\/uploads\/2024\/07\/cost-control-071524.jpg?resize=2048%2C764&amp;ssl=1 2048w, https:\/\/i0.wp.com\/colpittsclinical.com\/wp-content\/uploads\/2024\/07\/cost-control-071524.jpg?resize=640%2C239&amp;ssl=1 640w\" sizes=\"auto, (max-width: 1140px) 100vw, 1140px\" itemprop=\"image\" \/><h1 style=\"white-space: normal;top:244px;left:41px;text-align:center;font-weight:500;font-style:normal;text-decoration:none;wordwrap:true;opacity:1;font-family:Georgia;font-size:65px;width:700px;color:#ffffff;line-height:80px;\" class=\"ls-l\">KI\u1ec2M SO\u00c1T CHI PH\u00cd\n<\/h1><\/div><\/div><\/div>\n\t<\/div>\n\n\t<\/div><\/div><\/div>\n\t\n<div  class=\"wpb_row vc_row vc_row-fluid  mk-fullwidth-true  attched-false    vc_custom_1639465355583  js-master-row\">\n\t\t\t<div class=\"mk-grid\">\n\t\t\n\t\t\t\n<div style=\"\" class=\"vc_col-sm-12 wpb_column column_container vc_custom_1506482255986  _ height-full\">\n\t<div class=\"vc_empty_space\"   style=\"height: 22px\" ><span class=\"vc_empty_space_inner\"><\/span><\/div>\n\t<div class=\"vc_custom_1721327266953\">\n\n<div id=\"text-block-1\" class=\"mk-text-block\">\n\n\t\n\t<h1><span style=\"color: #333399;\">T\u1ed1i \u01b0u h\u00f3a th\u00e0nh c\u00f4ng c\u1ee7a b\u1ea1n v\u1edbi c\u00e1c gi\u1ea3i ph\u00e1p ti\u1ebft ki\u1ec7m chi ph\u00ed<\/span><\/h1>\n\n\t<div class=\"clearboth\"><\/div>\n<\/div>\n\n\t<\/div>\n\t<div class=\"vc_custom_1738296585315\">\n\n<div id=\"text-block-2\" class=\"mk-text-block\">\n\n\t\n\t<p>Colpitts Clinical cung c\u1ea5p h\u01b0\u1edbng d\u1eabn chuy\u00ean m\u00f4n v\u00e0 c\u00e1c chi\u1ebfn l\u01b0\u1ee3c ti\u1ebft ki\u1ec7m chi ph\u00ed \u0111\u1ec3 n\u00e2ng cao hi\u1ec7u qu\u1ea3 v\u00e0 tu\u00e2n th\u1ee7 c\u1ee7a c\u00e1c th\u1eed nghi\u1ec7m l\u00e2m s\u00e0ng c\u1ee7a b\u1ea1n. D\u1ecbch v\u1ee5 c\u1ee7a ch\u00fang t\u00f4i \u0111\u01b0\u1ee3c thi\u1ebft k\u1ebf \u0111\u1ec3 gi\u1ea3m thi\u1ec3u chi ph\u00ed \u0111\u1ed3ng th\u1eddi \u0111\u00e1p \u1ee9ng nhu c\u1ea7u \u0111i l\u1ea1i v\u00e0 chi ph\u00ed c\u1ee7a b\u1ec7nh nh\u00e2n trong c\u00e1c th\u1eed nghi\u1ec7m l\u00e2m s\u00e0ng.<\/p>\n<p><strong>L\u1ee3i \u00edch khi l\u1ef1a ch\u1ecdn Colpitts Clinical:<\/strong><\/p>\n<ul>\n<li>Kh\u00f4ng c\u00f3 ph\u00ed t\u1ed1i thi\u1ec3u h\u00e0ng th\u00e1ng, ph\u00ed \u0111\u0103ng k\u00fd b\u1ec7nh nh\u00e2n, ph\u00ed qu\u1ea3n l\u00fd, ch\u1ec9 c\u00f3 ph\u00ed tri\u1ec3n khai m\u1ed9t l\u1ea7n cho m\u1ed7i nghi\u00ean c\u1ee9u.<\/li>\n<li>Kh\u00e1ch h\u00e0ng c\u1ee7a ch\u00fang t\u00f4i ch\u1ec9 thanh to\u00e1n cho c\u00e1c d\u1ecbch v\u1ee5 m\u00e0 h\u1ecd s\u1eed d\u1ee5ng.<\/li>\n<li>T\u1ea5t c\u1ea3 h\u00f3a \u0111\u01a1n \u0111\u1ec1u tu\u00e2n th\u1ee7 quy \u0111\u1ecbnh c\u1ee7a FDA v\u00e0 cung c\u1ea5p th\u00f4ng tin c\u1ea7n thi\u1ebft \u0111\u1ec3 qu\u1ea3n l\u00fd chi ph\u00ed nghi\u00ean c\u1ee9u.<\/li>\n<\/ul>\n<p>V\u1edbi h\u01a1n 20 n\u0103m kinh nghi\u1ec7m ph\u1ee5c v\u1ee5 c\u00e1c ng\u00e0nh c\u00f4ng ngh\u1ec7 sinh h\u1ecdc, CRO v\u00e0 d\u01b0\u1ee3c ph\u1ea9m, Colpitts Clinical cung c\u1ea5p c\u00e1c gi\u1ea3i ph\u00e1p du l\u1ecbch \u0111\u01b0\u1ee3c thi\u1ebft k\u1ebf ri\u00eang \u0111\u1ec3 t\u1ed1i \u01b0u h\u00f3a c\u01a1 h\u1ed9i tham gia th\u1eed nghi\u1ec7m l\u00e2m s\u00e0ng.<\/p>\n<p>Vi\u1ec7c tuy\u1ec3n d\u1ee5ng b\u1ec7nh nh\u00e2n trong c\u00e1c th\u1eed nghi\u1ec7m l\u00e2m s\u00e0ng c\u00f3 th\u1ec3 g\u1eb7p nhi\u1ec1u th\u00e1ch th\u1ee9c, \u0111\u1eb7c bi\u1ec7t l\u00e0 trong tr\u01b0\u1eddng h\u1ee3p c\u00e1c b\u1ec7nh hi\u1ebfm v\u00e0 b\u1ec7nh m\u1ed3 c\u00f4i. \u0110\u00f3 l\u00e0 l\u00fd do t\u1ea1i sao Colpitts Clinical \u00e1p d\u1ee5ng m\u00f4 h\u00ecnh \u0111\u1ecbnh gi\u00e1 r\u1ee7i ro th\u1ea5p cho kh\u00e1ch h\u00e0ng c\u1ee7a m\u00ecnh, \u0111\u1ea3m b\u1ea3o r\u1eb1ng b\u1ea1n ch\u1ec9 ph\u1ea3i tr\u1ea3 ti\u1ec1n cho c\u00e1c d\u1ecbch v\u1ee5 m\u00e0 b\u1ec7nh nh\u00e2n s\u1eed d\u1ee5ng.<\/p>\n<p>Khi so s\u00e1nh gi\u00e1 c\u1ea3 c\u1ee7a c\u00e1c nh\u00e0 cung c\u1ea5p, \u0111i\u1ec1u quan tr\u1ecdng l\u00e0 ph\u1ea3i xem x\u00e9t gi\u00e1 tr\u1ecb t\u1ed5ng th\u1ec3 v\u00e0 ti\u1ebft ki\u1ec7m chi ph\u00ed m\u00e0 Colpitts Clinical c\u00f3 th\u1ec3 mang l\u1ea1i cho c\u00e1c th\u1eed nghi\u1ec7m l\u00e2m s\u00e0ng c\u1ee7a b\u1ea1n.<\/p>\n\n\t<div class=\"clearboth\"><\/div>\n<\/div>\n\n\t<\/div>\n<\/div>\n\t\t\n\t\t<\/div>\t\n\t<\/div>\n\n\n\t<div class=\"mk-main-wrapper-holder\">\n\t\t<div class=\"theme-page-wrapper full-layout mk-grid vc_row-fluid no-padding\">\n\t\t\t<div class=\"theme-content no-padding\">\n\n\t\t\t\n<div  class=\"wpb_row vc_row vc_row-fluid  mk-fullwidth-false  attched-false     js-master-row\">\n\t\t\n\t\t\t\n<div style=\"\" class=\"vc_col-sm-4 wpb_column column_container  _ height-full\">\n\t\n\t<div  class=\"wpb_single_image wpb_content_element vc_align_left  vc_custom_1639465008154\">\n\t\t\n\t\t<figure class=\"wpb_wrapper vc_figure\">\n\t\t\t<div class=\"vc_single_image-wrapper   vc_box_border_grey\"><img loading=\"lazy\" decoding=\"async\" width=\"700\" height=\"700\" src=\"https:\/\/i0.wp.com\/colpittsclinical.com\/wp-content\/uploads\/2021\/12\/no-set-up.png?fit=700%2C700&amp;ssl=1\" class=\"vc_single_image-img attachment-full\" alt=\"No large setup or monthly fees\" srcset=\"https:\/\/i0.wp.com\/colpittsclinical.com\/wp-content\/uploads\/2021\/12\/no-set-up.png?w=700&amp;ssl=1 700w, https:\/\/i0.wp.com\/colpittsclinical.com\/wp-content\/uploads\/2021\/12\/no-set-up.png?resize=300%2C300&amp;ssl=1 300w, https:\/\/i0.wp.com\/colpittsclinical.com\/wp-content\/uploads\/2021\/12\/no-set-up.png?resize=150%2C150&amp;ssl=1 150w, https:\/\/i0.wp.com\/colpittsclinical.com\/wp-content\/uploads\/2021\/12\/no-set-up.png?resize=1024%2C1024&amp;ssl=1 1024w\" sizes=\"auto, (max-width: 700px) 100vw, 700px\" itemprop=\"image\" \/><\/div>\n\t\t<\/figure>\n\t<\/div>\n<\/div>\n\n<div style=\"\" class=\"vc_col-sm-4 wpb_column column_container  _ height-full\">\n\t\n\t<div  class=\"wpb_single_image wpb_content_element vc_align_left  vc_custom_1639465070056\">\n\t\t\n\t\t<figure class=\"wpb_wrapper vc_figure\">\n\t\t\t<div class=\"vc_single_image-wrapper   vc_box_border_grey\"><img loading=\"lazy\" decoding=\"async\" width=\"700\" height=\"700\" src=\"https:\/\/i0.wp.com\/colpittsclinical.com\/wp-content\/uploads\/2021\/12\/services-used.png?fit=700%2C700&amp;ssl=1\" class=\"vc_single_image-img attachment-full\" alt=\"Only pay for the services you use\" srcset=\"https:\/\/i0.wp.com\/colpittsclinical.com\/wp-content\/uploads\/2021\/12\/services-used.png?w=700&amp;ssl=1 700w, https:\/\/i0.wp.com\/colpittsclinical.com\/wp-content\/uploads\/2021\/12\/services-used.png?resize=300%2C300&amp;ssl=1 300w, https:\/\/i0.wp.com\/colpittsclinical.com\/wp-content\/uploads\/2021\/12\/services-used.png?resize=150%2C150&amp;ssl=1 150w, https:\/\/i0.wp.com\/colpittsclinical.com\/wp-content\/uploads\/2021\/12\/services-used.png?resize=1024%2C1024&amp;ssl=1 1024w\" sizes=\"auto, (max-width: 700px) 100vw, 700px\" itemprop=\"image\" \/><\/div>\n\t\t<\/figure>\n\t<\/div>\n<\/div>\n\n<div style=\"\" class=\"vc_col-sm-4 wpb_column column_container  _ height-full\">\n\t\n\t<div  class=\"wpb_single_image wpb_content_element vc_align_left  vc_custom_1639465082952\">\n\t\t\n\t\t<figure class=\"wpb_wrapper vc_figure\">\n\t\t\t<div class=\"vc_single_image-wrapper   vc_box_border_grey\"><img loading=\"lazy\" decoding=\"async\" width=\"700\" height=\"700\" src=\"https:\/\/i0.wp.com\/colpittsclinical.com\/wp-content\/uploads\/2021\/12\/compliant-billing.png?fit=700%2C700&amp;ssl=1\" class=\"vc_single_image-img attachment-full\" alt=\"Compliant Transactional Billing\" srcset=\"https:\/\/i0.wp.com\/colpittsclinical.com\/wp-content\/uploads\/2021\/12\/compliant-billing.png?w=700&amp;ssl=1 700w, https:\/\/i0.wp.com\/colpittsclinical.com\/wp-content\/uploads\/2021\/12\/compliant-billing.png?resize=300%2C300&amp;ssl=1 300w, https:\/\/i0.wp.com\/colpittsclinical.com\/wp-content\/uploads\/2021\/12\/compliant-billing.png?resize=150%2C150&amp;ssl=1 150w, https:\/\/i0.wp.com\/colpittsclinical.com\/wp-content\/uploads\/2021\/12\/compliant-billing.png?resize=1024%2C1024&amp;ssl=1 1024w\" sizes=\"auto, (max-width: 700px) 100vw, 700px\" itemprop=\"image\" \/><\/div>\n\t\t<\/figure>\n\t<\/div>\n<\/div>\n\t<\/div>\n\n\t<\/div><\/div><\/div>\n\t\n<div  class=\"wpb_row vc_row vc_row-fluid  mk-fullwidth-true  attched-false    vc_custom_1721327329428  js-master-row\">\n\t\t\n\t\t\t\n<div style=\"\" class=\"vc_col-sm-12 wpb_column column_container  _ height-full\">\n\t\t<div class=\"vc_custom_1611552984846\">\n\n<div id=\"text-block-3\" class=\"mk-text-block\">\n\n\t\n\t<h1 style=\"text-align: center;\"><span style=\"color: #ffffff; font-family: arial, helvetica, sans-serif;\">C\u00e1c y\u1ebfu t\u1ed1 ph\u00e2n bi\u1ec7t chi ph\u00ed th\u1ef1c s\u1ef1 quan tr\u1ecdng<\/span><\/h1>\n\n\t<div class=\"clearboth\"><\/div>\n<\/div>\n\n\t<\/div>\n<\/div>\n\t<\/div>\n\n\n\t<div class=\"mk-main-wrapper-holder\">\n\t\t<div class=\"theme-page-wrapper full-layout mk-grid vc_row-fluid no-padding\">\n\t\t\t<div class=\"theme-content no-padding\">\n\n\t\t\t\n<div  class=\"wpb_row vc_row vc_row-fluid  mk-fullwidth-false  attched-false    vc_custom_1650540411414  js-master-row\">\n\t\t\n\t\t\t\n<div style=\"\" class=\"vc_col-sm-12 wpb_column column_container  _ height-full\">\n\t\n\t<div  class=\"wpb_single_image wpb_content_element vc_align_center\">\n\t\t\n\t\t<figure class=\"wpb_wrapper vc_figure\">\n\t\t\t<div class=\"vc_single_image-wrapper   vc_box_border_grey\"><img loading=\"lazy\" decoding=\"async\" width=\"1894\" height=\"426\" src=\"https:\/\/i0.wp.com\/colpittsclinical.com\/wp-content\/uploads\/2021\/01\/low-risk-pricing.jpg?fit=1894%2C426&amp;ssl=1\" class=\"vc_single_image-img attachment-full\" alt=\"Colpitts low-risk pricing model\" srcset=\"https:\/\/i0.wp.com\/colpittsclinical.com\/wp-content\/uploads\/2021\/01\/low-risk-pricing.jpg?w=1894&amp;ssl=1 1894w, https:\/\/i0.wp.com\/colpittsclinical.com\/wp-content\/uploads\/2021\/01\/low-risk-pricing.jpg?resize=300%2C67&amp;ssl=1 300w, https:\/\/i0.wp.com\/colpittsclinical.com\/wp-content\/uploads\/2021\/01\/low-risk-pricing.jpg?resize=1024%2C230&amp;ssl=1 1024w, https:\/\/i0.wp.com\/colpittsclinical.com\/wp-content\/uploads\/2021\/01\/low-risk-pricing.jpg?resize=768%2C173&amp;ssl=1 768w, https:\/\/i0.wp.com\/colpittsclinical.com\/wp-content\/uploads\/2021\/01\/low-risk-pricing.jpg?resize=1320%2C296&amp;ssl=1 1320w\" sizes=\"auto, (max-width: 1140px) 100vw, 1140px\" itemprop=\"image\" \/><\/div>\n\t\t<\/figure>\n\t<\/div>\n<\/div>\n\t<\/div>\n\n\n<div  class=\"wpb_row vc_row vc_row-fluid  mk-fullwidth-false  attched-false    vc_custom_1611561841160  js-master-row\">\n\t\t\n\t\t\t\n<div style=\"\" class=\"vc_col-sm-6 wpb_column column_container vc_custom_1611562263440  _ height-full\">\n\t\n<div class=\"mk-custom-box hover-effect-image\" id=\"box-4\">\n\t<div class=\"box-holder\">\t<div class=\"vc_custom_1612150426862\">\n\n<div id=\"text-block-5\" class=\"mk-text-block\">\n\n\t\n\t<p><span style=\"color: #ffffff;\"><strong>\u2022 Nh\u00e0 t\u00e0i tr\u1ee3 CH\u1ec8 thanh to\u00e1n cho c\u00e1c d\u1ecbch v\u1ee5 m\u00e0 B\u1ec7nh nh\u00e2n s\u1eed d\u1ee5ng.<\/strong><\/span><\/p>\n<p><span style=\"color: #ffffff;\">\u0110i\u1ec1u n\u00e0y c\u00f3 ngh\u0129a l\u00e0 Colpitts s\u1ebd kh\u00f4ng bao gi\u1edd thu b\u1ea5t k\u1ef3 kho\u1ea3n ph\u00ed b\u1ea3o tr\u00ec h\u00e0ng th\u00e1ng, ph\u00ed qu\u1ea3n l\u00fd ho\u1eb7c ph\u00ed t\u1ed1i thi\u1ec3u h\u00e0ng th\u00e1ng c\u1ee7a b\u1ec7nh nh\u00e2n n\u00e0o.<\/span><\/p>\n\n\t<div class=\"clearboth\"><\/div>\n<\/div>\n\n\t<\/div>\n\n\t\t<div class=\"clearfix\"><\/div>\n\t<\/div>\n<\/div> <\/div>\n\n<div style=\"\" class=\"vc_col-sm-6 wpb_column column_container vc_custom_1611635051438  _ height-full\">\n\t\n<div class=\"mk-custom-box hover-effect-image\" id=\"box-6\">\n\t<div class=\"box-holder\">\t<div class=\"vc_custom_1687369202751\">\n\n<div id=\"text-block-7\" class=\"mk-text-block\">\n\n\t\n\t<p><span style=\"color: #ffffff;\"><strong>\u2022 Ph\u00ed tri\u1ec3n khai m\u1ed9t l\u1ea7n nh\u1ecf<\/strong><\/span><\/p>\n<p><span style=\"color: #ffffff;\">Sau \u0111\u00f3, m\u00f4 h\u00ecnh \u0111\u1ecbnh gi\u00e1 d\u1ef1a tr\u00ean ph\u00ed giao d\u1ecbch cho c\u00e1c d\u1ecbch v\u1ee5 \u0111\u01b0\u1ee3c \u0111\u1eb7t tr\u01b0\u1edbc.<\/span><\/p>\n\n\t<div class=\"clearboth\"><\/div>\n<\/div>\n\n\t<\/div>\n\n\t\t<div class=\"clearfix\"><\/div>\n\t<\/div>\n<\/div> <\/div>\n\t<\/div>\n\n\t<\/div><\/div><\/div>\n\t\n<div  class=\"wpb_row vc_row vc_row-fluid  mk-fullwidth-true  attched-false     js-master-row\">\n\t\t\t<div class=\"mk-grid\">\n\t\t\n\t\t\t\n<div style=\"\" class=\"vc_col-sm-12 wpb_column column_container vc_custom_1611634693415  _ height-full\">\n\t\t<div class=\"vc_custom_1611634899184\">\n\n<div id=\"text-block-8\" class=\"mk-text-block\">\n\n\t\n\t<p style=\"text-align: center;\"><em><strong><span style=\"color: #808080; font-size: 18pt;\">Khi so s\u00e1nh gi\u00e1 c\u1ea3 c\u1ee7a c\u00e1c nh\u00e0 cung c\u1ea5p, \u0111i\u1ec1u quan tr\u1ecdng l\u00e0 ph\u1ea3i xem x\u00e9t t\u1ed5ng th\u1ec3.<\/span><\/strong><\/em><\/p>\n\n\t<div class=\"clearboth\"><\/div>\n<\/div>\n\n\t<\/div>\n<\/div>\n\t\t\n\t\t<\/div>\t\n\t<\/div>\n\n\n\t<div class=\"mk-main-wrapper-holder\">\n\t\t<div class=\"theme-page-wrapper full-layout mk-grid vc_row-fluid no-padding\">\n\t\t\t<div class=\"theme-content no-padding\">\n\n\t\t\t\t<\/div><\/div><\/div>\n\t\n<div  class=\"wpb_row vc_row vc_row-fluid  mk-fullwidth-true  attched-false    vc_custom_1639470563791  js-master-row\">\n\t\t\n\t\t\t\n<div style=\"\" class=\"vc_col-sm-12 wpb_column column_container  _ height-full\">\n\t\n<h2 id=\"fancy-title-9\" class=\"mk-fancy-title  simple-style   color-single\">\n\t<span>\n\t\t\t\t\n<h2 style=\"text-align: center;\"><span style=\"color: #333399;\"><strong><span style=\"font-family: arial, helvetica, sans-serif;\">B\u1ea1n \u0111ang t\u00ecm ki\u1ebfm m\u1ed9t gi\u1ea3i ph\u00e1p hi\u1ec7u qu\u1ea3 v\u1ec1 chi ph\u00ed cho th\u1eed nghi\u1ec7m l\u00e2m s\u00e0ng c\u1ee7a m\u00ecnh?<\/span><\/strong><\/span><\/h2>\n<p style=\"text-align: center;\">\n<div id=\"mk-button-10\" class=\"mk-button-container _ relative    block text-center\">\n\n\t\n\t\t<a id=\"Buton ID\" href=\"https:\/\/colpittsclinical.com\/vi\/contact-us\/\"   target=\"_self\" class=\"mk-button js-smooth-scroll mk-button--dimension-three mk-button--size-medium mk-button--corner-pointed text-color-light _ relative text-center font-weight-700 no-backface  letter-spacing-1 inline\">\n\t\t\t\t\t\t \n\t\t\t<span class=\"mk-button--text\">B\u1eaft \u0111\u1ea7u<\/span>\n\t\t\t\t\t<\/a>\n\n\t\n<\/div>\n\t\t\t<\/span>\n<\/h2>\n<div class=\"clearboth\"><\/div>\n\n\n\n<\/div>\n\t<\/div>\n\n\n\t<div class=\"mk-main-wrapper-holder\">\n\t\t<div class=\"theme-page-wrapper full-layout mk-grid vc_row-fluid no-padding\">\n\t\t\t<div class=\"theme-content no-padding\">","protected":false},"excerpt":{"rendered":"var lsjQuery = jQuery; lsjQuery(document).ready(function() { if(typeof lsjQuery.fn.layerSlider == \"undefined\") { if( window._layerSlider && window._layerSlider.showNotice) { window._layerSlider.showNotice('layerslider_37_2','jquery'); } } else { lsjQuery(\"#layerslider_37_2\").layerSlider({sliderVersion: '6.5.7', type: 'fullwidth', navPrevNext: false, hoverPrevNext: false, navStartStop: false, navButtons: false, showCircleTimer: false, popupWidth: 640, popupHeight: 360, skinsPath: 'https:\/\/colpittsclinical.com\/wp-content\/plugins\/LayerSlider\/static\/layerslider\/skins\/'}); } }); COST CONTROL Maximizing your success with cost-efficient solutions Colpitts Clinical provides expert [...]","protected":false},"author":1,"featured_media":0,"parent":0,"menu_order":0,"comment_status":"closed","ping_status":"closed","template":"","meta":{"_exactmetrics_skip_tracking":false,"_exactmetrics_sitenote_active":false,"_exactmetrics_sitenote_note":"","_exactmetrics_sitenote_category":0,"footnotes":""},"class_list":["post-633","page","type-page","status-publish","hentry"],"yoast_head":"<!-- This site is optimized with the Yoast SEO plugin v27.5 - https:\/\/yoast.com\/product\/yoast-seo-wordpress\/ -->\n<title>Cost Control - Colpitts Clinical<\/title>\n<meta name=\"description\" content=\"Colpitts Clinical travel services provide insights and know-how that will create cost savings, enhance productivity and augment current policies and procedures to promote compliance with the multitude of regulations governing clinical trials.\" \/>\n<meta name=\"robots\" content=\"index, follow, max-snippet:-1, max-image-preview:large, max-video-preview:-1\" \/>\n<link rel=\"canonical\" href=\"https:\/\/colpittsclinical.com\/vi\/cost-control\/\" \/>\n<meta property=\"og:locale\" content=\"vi_VN\" \/>\n<meta property=\"og:type\" content=\"article\" \/>\n<meta property=\"og:title\" content=\"Cost Control - Colpitts Clinical\" \/>\n<meta property=\"og:description\" content=\"Colpitts Clinical travel services provide insights and know-how that will create cost savings, enhance productivity and augment current policies and procedures to promote compliance with the multitude of regulations governing clinical trials.\" \/>\n<meta property=\"og:url\" content=\"https:\/\/colpittsclinical.com\/vi\/cost-control\/\" \/>\n<meta property=\"og:site_name\" content=\"Colpitts Clinical\" \/>\n<meta property=\"article:publisher\" content=\"https:\/\/www.facebook.com\/ColpittsClinicalTrialTravel\/\" \/>\n<meta property=\"article:modified_time\" content=\"2025-01-31T04:10:04+00:00\" \/>\n<meta name=\"twitter:card\" content=\"summary_large_image\" \/>\n<meta name=\"twitter:label1\" content=\"\u01af\u1edbc t\u00ednh th\u1eddi gian \u0111\u1ecdc\" \/>\n\t<meta name=\"twitter:data1\" content=\"2 ph\u00fat\" \/>\n<script type=\"application\/ld+json\" class=\"yoast-schema-graph\">{\"@context\":\"https:\\\/\\\/schema.org\",\"@graph\":[{\"@type\":\"WebPage\",\"@id\":\"https:\\\/\\\/colpittsclinical.com\\\/cost-control\\\/\",\"url\":\"https:\\\/\\\/colpittsclinical.com\\\/cost-control\\\/\",\"name\":\"Cost Control - Colpitts Clinical\",\"isPartOf\":{\"@id\":\"https:\\\/\\\/colpittsclinical.com\\\/#website\"},\"datePublished\":\"2017-08-28T06:30:55+00:00\",\"dateModified\":\"2025-01-31T04:10:04+00:00\",\"description\":\"Colpitts Clinical travel services provide insights and know-how that will create cost savings, enhance productivity and augment current policies and procedures to promote compliance with the multitude of regulations governing clinical trials.\",\"breadcrumb\":{\"@id\":\"https:\\\/\\\/colpittsclinical.com\\\/cost-control\\\/#breadcrumb\"},\"inLanguage\":\"vi\",\"potentialAction\":[{\"@type\":\"ReadAction\",\"target\":[\"https:\\\/\\\/colpittsclinical.com\\\/cost-control\\\/\"]}]},{\"@type\":\"BreadcrumbList\",\"@id\":\"https:\\\/\\\/colpittsclinical.com\\\/cost-control\\\/#breadcrumb\",\"itemListElement\":[{\"@type\":\"ListItem\",\"position\":1,\"name\":\"Home\",\"item\":\"https:\\\/\\\/colpittsclinical.com\\\/\"},{\"@type\":\"ListItem\",\"position\":2,\"name\":\"Cost Control\"}]},{\"@type\":\"WebSite\",\"@id\":\"https:\\\/\\\/colpittsclinical.com\\\/#website\",\"url\":\"https:\\\/\\\/colpittsclinical.com\\\/\",\"name\":\"Colpitts Clinical\",\"description\":\"patient-liaison\",\"publisher\":{\"@id\":\"https:\\\/\\\/colpittsclinical.com\\\/#organization\"},\"potentialAction\":[{\"@type\":\"SearchAction\",\"target\":{\"@type\":\"EntryPoint\",\"urlTemplate\":\"https:\\\/\\\/colpittsclinical.com\\\/?s={search_term_string}\"},\"query-input\":{\"@type\":\"PropertyValueSpecification\",\"valueRequired\":true,\"valueName\":\"search_term_string\"}}],\"inLanguage\":\"vi\"},{\"@type\":\"Organization\",\"@id\":\"https:\\\/\\\/colpittsclinical.com\\\/#organization\",\"name\":\"Colpitts Clinical\",\"url\":\"https:\\\/\\\/colpittsclinical.com\\\/\",\"logo\":{\"@type\":\"ImageObject\",\"inLanguage\":\"vi\",\"@id\":\"https:\\\/\\\/colpittsclinical.com\\\/#\\\/schema\\\/logo\\\/image\\\/\",\"url\":\"https:\\\/\\\/colpittsclinical.com\\\/wp-content\\\/uploads\\\/2017\\\/10\\\/cc-logo-212-1.png\",\"contentUrl\":\"https:\\\/\\\/colpittsclinical.com\\\/wp-content\\\/uploads\\\/2017\\\/10\\\/cc-logo-212-1.png\",\"width\":212,\"height\":48,\"caption\":\"Colpitts Clinical\"},\"image\":{\"@id\":\"https:\\\/\\\/colpittsclinical.com\\\/#\\\/schema\\\/logo\\\/image\\\/\"},\"sameAs\":[\"https:\\\/\\\/www.facebook.com\\\/ColpittsClinicalTrialTravel\\\/\",\"https:\\\/\\\/www.linkedin.com\\\/company\\\/colpittsclinical\\\/\"]}]}<\/script>\n<!-- \/ Yoast SEO plugin. -->","yoast_head_json":{"title":"Cost Control - Colpitts Clinical","description":"Colpitts Clinical travel services provide insights and know-how that will create cost savings, enhance productivity and augment current policies and procedures to promote compliance with the multitude of regulations governing clinical trials.","robots":{"index":"index","follow":"follow","max-snippet":"max-snippet:-1","max-image-preview":"max-image-preview:large","max-video-preview":"max-video-preview:-1"},"canonical":"https:\/\/colpittsclinical.com\/vi\/cost-control\/","og_locale":"vi_VN","og_type":"article","og_title":"Cost Control - Colpitts Clinical","og_description":"Colpitts Clinical travel services provide insights and know-how that will create cost savings, enhance productivity and augment current policies and procedures to promote compliance with the multitude of regulations governing clinical trials.","og_url":"https:\/\/colpittsclinical.com\/vi\/cost-control\/","og_site_name":"Colpitts Clinical","article_publisher":"https:\/\/www.facebook.com\/ColpittsClinicalTrialTravel\/","article_modified_time":"2025-01-31T04:10:04+00:00","twitter_card":"summary_large_image","twitter_misc":{"\u01af\u1edbc t\u00ednh th\u1eddi gian \u0111\u1ecdc":"2 ph\u00fat"},"schema":{"@context":"https:\/\/schema.org","@graph":[{"@type":"WebPage","@id":"https:\/\/colpittsclinical.com\/cost-control\/","url":"https:\/\/colpittsclinical.com\/cost-control\/","name":"Cost Control - Colpitts Clinical","isPartOf":{"@id":"https:\/\/colpittsclinical.com\/#website"},"datePublished":"2017-08-28T06:30:55+00:00","dateModified":"2025-01-31T04:10:04+00:00","description":"Colpitts Clinical travel services provide insights and know-how that will create cost savings, enhance productivity and augment current policies and procedures to promote compliance with the multitude of regulations governing clinical trials.","breadcrumb":{"@id":"https:\/\/colpittsclinical.com\/cost-control\/#breadcrumb"},"inLanguage":"vi","potentialAction":[{"@type":"ReadAction","target":["https:\/\/colpittsclinical.com\/cost-control\/"]}]},{"@type":"BreadcrumbList","@id":"https:\/\/colpittsclinical.com\/cost-control\/#breadcrumb","itemListElement":[{"@type":"ListItem","position":1,"name":"Home","item":"https:\/\/colpittsclinical.com\/"},{"@type":"ListItem","position":2,"name":"Cost Control"}]},{"@type":"WebSite","@id":"https:\/\/colpittsclinical.com\/#website","url":"https:\/\/colpittsclinical.com\/","name":"Colpitts L\u00e2m s\u00e0ng","description":"\u0110\u1ea1i di\u1ec7n li\u00ean l\u1ea1c v\u1edbi b\u1ec7nh nh\u00e2n","publisher":{"@id":"https:\/\/colpittsclinical.com\/#organization"},"potentialAction":[{"@type":"SearchAction","target":{"@type":"EntryPoint","urlTemplate":"https:\/\/colpittsclinical.com\/?s={search_term_string}"},"query-input":{"@type":"PropertyValueSpecification","valueRequired":true,"valueName":"search_term_string"}}],"inLanguage":"vi"},{"@type":"Organization","@id":"https:\/\/colpittsclinical.com\/#organization","name":"Colpitts L\u00e2m s\u00e0ng","url":"https:\/\/colpittsclinical.com\/","logo":{"@type":"ImageObject","inLanguage":"vi","@id":"https:\/\/colpittsclinical.com\/#\/schema\/logo\/image\/","url":"https:\/\/colpittsclinical.com\/wp-content\/uploads\/2017\/10\/cc-logo-212-1.png","contentUrl":"https:\/\/colpittsclinical.com\/wp-content\/uploads\/2017\/10\/cc-logo-212-1.png","width":212,"height":48,"caption":"Colpitts Clinical"},"image":{"@id":"https:\/\/colpittsclinical.com\/#\/schema\/logo\/image\/"},"sameAs":["https:\/\/www.facebook.com\/ColpittsClinicalTrialTravel\/","https:\/\/www.linkedin.com\/company\/colpittsclinical\/"]}]}},"jetpack_sharing_enabled":true,"post_mailing_queue_ids":[],"_links":{"self":[{"href":"https:\/\/colpittsclinical.com\/vi\/wp-json\/wp\/v2\/pages\/633","targetHints":{"allow":["GET"]}}],"collection":[{"href":"https:\/\/colpittsclinical.com\/vi\/wp-json\/wp\/v2\/pages"}],"about":[{"href":"https:\/\/colpittsclinical.com\/vi\/wp-json\/wp\/v2\/types\/page"}],"author":[{"embeddable":true,"href":"https:\/\/colpittsclinical.com\/vi\/wp-json\/wp\/v2\/users\/1"}],"replies":[{"embeddable":true,"href":"https:\/\/colpittsclinical.com\/vi\/wp-json\/wp\/v2\/comments?post=633"}],"version-history":[{"count":78,"href":"https:\/\/colpittsclinical.com\/vi\/wp-json\/wp\/v2\/pages\/633\/revisions"}],"predecessor-version":[{"id":6024,"href":"https:\/\/colpittsclinical.com\/vi\/wp-json\/wp\/v2\/pages\/633\/revisions\/6024"}],"wp:attachment":[{"href":"https:\/\/colpittsclinical.com\/vi\/wp-json\/wp\/v2\/media?parent=633"}],"curies":[{"name":"wp","href":"https:\/\/api.w.org\/{rel}","templated":true}]}}