{"id":4706,"date":"2023-04-13T11:43:25","date_gmt":"2023-04-13T15:43:25","guid":{"rendered":"https:\/\/colpittsclinical.com\/?page_id=4706"},"modified":"2024-07-21T00:35:00","modified_gmt":"2024-07-21T04:35:00","slug":"patient-peace-of-mind","status":"publish","type":"page","link":"https:\/\/colpittsclinical.com\/vi\/patient-peace-of-mind\/","title":{"rendered":"S\u1ef1 an t\u00e2m c\u1ee7a b\u1ec7nh nh\u00e2n"},"content":{"rendered":"<div  class=\"wpb_row vc_row vc_row-fluid  mk-fullwidth-false  attched-false     js-master-row\">\n\t\t\n\t\t\t\n<div style=\"\" class=\"vc_col-sm-12 wpb_column column_container  _ height-full\">\n\t<script data-cfasync=\"false\" type=\"text\/javascript\">var lsjQuery = jQuery;<\/script><script data-cfasync=\"false\" type=\"text\/javascript\">\r\nlsjQuery(document).ready(function() {\r\nif(typeof lsjQuery.fn.layerSlider == \"undefined\") {\r\nif( window._layerSlider && window._layerSlider.showNotice) { \r\nwindow._layerSlider.showNotice('layerslider_32','jquery');\r\n}\r\n} else {\r\nlsjQuery(\"#layerslider_32\").layerSlider({sliderVersion: '6.5.7', type: 'fullwidth', navPrevNext: false, hoverPrevNext: false, navStartStop: false, navButtons: false, showCircleTimer: false, popupWidth: 640, popupHeight: 360, skinsPath: 'https:\/\/colpittsclinical.com\/wp-content\/plugins\/LayerSlider\/static\/layerslider\/skins\/'});\r\n}\r\n});\r\n<\/script><div id=\"layerslider_32\" class=\"ls-wp-container fitvidsignore\" style=\"width:1920px;height:600px;margin:0 auto;margin-bottom: 0px;\"><div class=\"ls-slide\" data-ls=\"kenburnsscale:1.2;\"><img loading=\"lazy\" decoding=\"async\" width=\"2100\" height=\"594\" src=\"https:\/\/i0.wp.com\/colpittsclinical.com\/wp-content\/uploads\/2023\/06\/patient-experience.jpg?fit=2100%2C594&amp;ssl=1\" class=\"ls-bg\" alt=\"patient experience during clinical trials\" srcset=\"https:\/\/i0.wp.com\/colpittsclinical.com\/wp-content\/uploads\/2023\/06\/patient-experience.jpg?w=2100&amp;ssl=1 2100w, https:\/\/i0.wp.com\/colpittsclinical.com\/wp-content\/uploads\/2023\/06\/patient-experience.jpg?resize=300%2C85&amp;ssl=1 300w, https:\/\/i0.wp.com\/colpittsclinical.com\/wp-content\/uploads\/2023\/06\/patient-experience.jpg?resize=1024%2C290&amp;ssl=1 1024w, https:\/\/i0.wp.com\/colpittsclinical.com\/wp-content\/uploads\/2023\/06\/patient-experience.jpg?resize=768%2C217&amp;ssl=1 768w, https:\/\/i0.wp.com\/colpittsclinical.com\/wp-content\/uploads\/2023\/06\/patient-experience.jpg?resize=1536%2C434&amp;ssl=1 1536w, https:\/\/i0.wp.com\/colpittsclinical.com\/wp-content\/uploads\/2023\/06\/patient-experience.jpg?resize=2048%2C579&amp;ssl=1 2048w, https:\/\/i0.wp.com\/colpittsclinical.com\/wp-content\/uploads\/2023\/06\/patient-experience.jpg?resize=640%2C181&amp;ssl=1 640w\" sizes=\"auto, (max-width: 1140px) 100vw, 1140px\" itemprop=\"image\" \/><\/div><\/div><\/div>\n\t<\/div>\n\n\t<\/div><\/div><\/div>\n\t\n<div  class=\"wpb_row vc_row vc_row-fluid  mk-fullwidth-true  attched-false    vc_custom_1648273281564  js-master-row\">\n\t\t\t<div class=\"mk-grid\">\n\t\t\n\t\t\t\n<div style=\"\" class=\"vc_col-sm-12 wpb_column column_container vc_custom_1506482255986  _ height-full\">\n\t\t<div class=\"vc_custom_1721536498175\">\n\n<div id=\"text-block-1\" class=\"mk-text-block\">\n\n\t\n\t<h1><span style=\"color: #333999;\"><span class=\"TrackedChange SCXW121032615 BCX0\"><span class=\"TextRun Highlight SCXW121032615 BCX0\" lang=\"EN-US\" xml:lang=\"EN-US\" data-contrast=\"auto\"><span class=\"NormalTextRun CommentStart TrackChangeDeleteHighlight CommentHighlightPipeRest CommentHighlightRest SCXW121032615 BCX0\">S\u1ef1 an t\u00e2m cho b\u1ec7nh nh\u00e2n v\u1edbi Colpitts Clinical: Tr\u1ea3i nghi\u1ec7m th\u1eed nghi\u1ec7m l\u00e2m s\u00e0ng d\u1ec5 d\u00e0ng v\u00e0 kh\u00f4ng g\u00e2y c\u0103ng th\u1eb3ng<\/span><\/span><\/span><\/span><\/h1>\n\n\t<div class=\"clearboth\"><\/div>\n<\/div>\n\n\t<\/div>\n\t<div class=\"vc_custom_1681453804189\">\n\n<div id=\"text-block-2\" class=\"mk-text-block\">\n\n\t\n\t<p>Khi n\u00f3i \u0111\u1ebfn c\u00e1c th\u1eed nghi\u1ec7m l\u00e2m s\u00e0ng, s\u1ef1 an t\u00e2m l\u00e0 v\u00f4 gi\u00e1. \u0110\u00f3 l\u00e0 l\u00fd do t\u1ea1i sao Colpitts Clinical cam k\u1ebft mang \u0111\u1ebfn tr\u1ea3i nghi\u1ec7m d\u1ec5 d\u00e0ng v\u00e0 kh\u00f4ng g\u00e2y c\u0103ng th\u1eb3ng nh\u1ea5t c\u00f3 th\u1ec3 cho b\u1ec7nh nh\u00e2n v\u00e0 gia \u0111\u00ecnh c\u1ee7a h\u1ecd.<\/p>\n<p>V\u1edbi Colpitts Clinical, b\u1ea1n c\u00f3 th\u1ec3 y\u00ean t\u00e2m r\u1eb1ng m\u1ecdi th\u1ee9 \u0111\u1ec1u \u0111\u01b0\u1ee3c ki\u1ec3m so\u00e1t. \u0110i\u1ec1u n\u00e0y gi\u00fap b\u1ea1n t\u1eadp trung v\u00e0o vi\u1ec7c qu\u1ea3n l\u00fd nghi\u00ean c\u1ee9u.<\/p>\n\n\t<div class=\"clearboth\"><\/div>\n<\/div>\n\n\t<\/div>\n\n\n<div class=\"wpb_row vc_inner vc_row vc_row-fluid    attched-false\">\n\t\t\n\t\t<div class=\"wpb_column vc_column_container vc_col-sm-12\"><div class=\"vc_column-inner\"><div class=\"wpb_wrapper\"><div class=\"vc_separator wpb_content_element vc_separator_align_center vc_sep_width_100 vc_sep_border_width_3 vc_sep_pos_align_center vc_separator_no_text vc_sep_color_turquoise\" ><span class=\"vc_sep_holder vc_sep_holder_l\"><span  class=\"vc_sep_line\"><\/span><\/span><span class=\"vc_sep_holder vc_sep_holder_r\"><span  class=\"vc_sep_line\"><\/span><\/span>\n<\/div>\t<div class=\"vc_custom_1688010299140\">\n\n<div id=\"text-block-3\" class=\"mk-text-block\">\n\n\t\n\t<p><span style=\"font-size: 18pt;\">H\u00e3y \u0111\u1ec3 Colpitts Clinical qu\u1ea3n l\u00fd d\u1ecbch v\u1ee5 du l\u1ecbch v\u00e0 chi ph\u00ed cho b\u1ec7nh nh\u00e2n c\u1ee7a b\u1ea1n, v\u00e0 b\u1ea1n c\u00f3 th\u1ec3 t\u1eadp trung v\u00e0o c\u00e1c kh\u00eda c\u1ea1nh kh\u00e1c c\u1ee7a nghi\u00ean c\u1ee9u.<\/span><\/p>\n\n\t<div class=\"clearboth\"><\/div>\n<\/div>\n\n\t<\/div>\n<div class=\"vc_separator wpb_content_element vc_separator_align_center vc_sep_width_100 vc_sep_border_width_3 vc_sep_pos_align_center vc_separator_no_text vc_sep_color_turquoise\" ><span class=\"vc_sep_holder vc_sep_holder_l\"><span  class=\"vc_sep_line\"><\/span><\/span><span class=\"vc_sep_holder vc_sep_holder_r\"><span  class=\"vc_sep_line\"><\/span><\/span>\n<\/div><\/div><\/div><\/div>\t\t\n<\/div><\/div>\n\t\t\n\t\t<\/div>\t\n\t<\/div>\n\n\n\t<div class=\"mk-main-wrapper-holder\">\n\t\t<div class=\"theme-page-wrapper full-layout mk-grid vc_row-fluid no-padding\">\n\t\t\t<div class=\"theme-content no-padding\">\n\n\t\t\t\t<\/div><\/div><\/div>\n\t\n<div  class=\"wpb_row vc_row vc_row-fluid  mk-fullwidth-true  attched-false    vc_custom_1639376496297  js-master-row\">\n\t\t\n\t\t\t\n<div style=\"\" class=\"vc_col-sm-12 wpb_column column_container  _ height-full\">\n\t\n<h2 id=\"fancy-title-4\" class=\"mk-fancy-title  simple-style   color-single\">\n\t<span>\n\t\t\t\t\n<h2 style=\"text-align: center;\"><span style=\"font-family: arial, helvetica, sans-serif; color: #333999;\"><strong>T\u00ecm hi\u1ec3u th\u00eam v\u1ec1 c\u00e1c gi\u1ea3i ph\u00e1p s\u00e1ng t\u1ea1o c\u1ee7a ch\u00fang t\u00f4i cho c\u00e1c th\u1eed nghi\u1ec7m l\u00e2m s\u00e0ng ph\u1ee9c t\u1ea1p.<\/strong><\/span><\/h2>\n<p style=\"text-align: center;\">\n<div id=\"mk-button-5\" class=\"mk-button-container _ relative    block text-center\">\n\n\t\n\t\t<a id=\"Buton ID\" href=\"https:\/\/colpittsclinical.com\/vi\/contact-us\/\"   target=\"_self\" class=\"mk-button js-smooth-scroll mk-button--dimension-three mk-button--size-medium mk-button--corner-pointed text-color-light _ relative text-center font-weight-700 no-backface  letter-spacing-1 inline\">\n\t\t\t\t\t\t \n\t\t\t<span class=\"mk-button--text\">B\u1eaft \u0111\u1ea7u<\/span>\n\t\t\t\t\t<\/a>\n\n\t\n<\/div>\n\t\t\t<\/span>\n<\/h2>\n<div class=\"clearboth\"><\/div>\n\n\n\n<\/div>\n\t<\/div>\n\n\n\t<div class=\"mk-main-wrapper-holder\">\n\t\t<div class=\"theme-page-wrapper full-layout mk-grid vc_row-fluid no-padding\">\n\t\t\t<div class=\"theme-content no-padding\">","protected":false},"excerpt":{"rendered":"var lsjQuery = jQuery; lsjQuery(document).ready(function() { if(typeof lsjQuery.fn.layerSlider == \"undefined\") { if( window._layerSlider && window._layerSlider.showNotice) { window._layerSlider.showNotice('layerslider_32_2','jquery'); } } else { lsjQuery(\"#layerslider_32_2\").layerSlider({sliderVersion: '6.5.7', type: 'fullwidth', navPrevNext: false, hoverPrevNext: false, navStartStop: false, navButtons: false, showCircleTimer: false, popupWidth: 640, popupHeight: 360, skinsPath: 'https:\/\/colpittsclinical.com\/wp-content\/plugins\/LayerSlider\/static\/layerslider\/skins\/'}); } }); Patient Peace of Mind with Colpitts Clinical: An Easy and Stress-Free Clinical [...]","protected":false},"author":1,"featured_media":0,"parent":0,"menu_order":0,"comment_status":"closed","ping_status":"closed","template":"","meta":{"_exactmetrics_skip_tracking":false,"_exactmetrics_sitenote_active":false,"_exactmetrics_sitenote_note":"","_exactmetrics_sitenote_category":0,"footnotes":""},"class_list":["post-4706","page","type-page","status-publish","hentry"],"yoast_head":"<!-- This site is optimized with the Yoast SEO plugin v27.5 - https:\/\/yoast.com\/product\/yoast-seo-wordpress\/ -->\n<title>Patient Peace of Mind - Colpitts Clinical<\/title>\n<meta name=\"robots\" content=\"index, follow, max-snippet:-1, max-image-preview:large, max-video-preview:-1\" \/>\n<link rel=\"canonical\" href=\"https:\/\/colpittsclinical.com\/vi\/patient-peace-of-mind\/\" \/>\n<meta property=\"og:locale\" content=\"vi_VN\" \/>\n<meta property=\"og:type\" content=\"article\" \/>\n<meta property=\"og:title\" content=\"Patient Peace of Mind - Colpitts Clinical\" \/>\n<meta property=\"og:url\" content=\"https:\/\/colpittsclinical.com\/vi\/patient-peace-of-mind\/\" \/>\n<meta property=\"og:site_name\" content=\"Colpitts Clinical\" \/>\n<meta property=\"article:publisher\" content=\"https:\/\/www.facebook.com\/ColpittsClinicalTrialTravel\/\" \/>\n<meta property=\"article:modified_time\" content=\"2024-07-21T04:35:00+00:00\" \/>\n<meta name=\"twitter:card\" content=\"summary_large_image\" \/>\n<meta name=\"twitter:label1\" content=\"\u01af\u1edbc t\u00ednh th\u1eddi gian \u0111\u1ecdc\" \/>\n\t<meta name=\"twitter:data1\" content=\"1 ph\u00fat\" \/>\n<script type=\"application\/ld+json\" class=\"yoast-schema-graph\">{\"@context\":\"https:\\\/\\\/schema.org\",\"@graph\":[{\"@type\":\"WebPage\",\"@id\":\"https:\\\/\\\/colpittsclinical.com\\\/patient-peace-of-mind\\\/\",\"url\":\"https:\\\/\\\/colpittsclinical.com\\\/patient-peace-of-mind\\\/\",\"name\":\"Patient Peace of Mind - Colpitts Clinical\",\"isPartOf\":{\"@id\":\"https:\\\/\\\/colpittsclinical.com\\\/#website\"},\"datePublished\":\"2023-04-13T15:43:25+00:00\",\"dateModified\":\"2024-07-21T04:35:00+00:00\",\"breadcrumb\":{\"@id\":\"https:\\\/\\\/colpittsclinical.com\\\/patient-peace-of-mind\\\/#breadcrumb\"},\"inLanguage\":\"vi\",\"potentialAction\":[{\"@type\":\"ReadAction\",\"target\":[\"https:\\\/\\\/colpittsclinical.com\\\/patient-peace-of-mind\\\/\"]}]},{\"@type\":\"BreadcrumbList\",\"@id\":\"https:\\\/\\\/colpittsclinical.com\\\/patient-peace-of-mind\\\/#breadcrumb\",\"itemListElement\":[{\"@type\":\"ListItem\",\"position\":1,\"name\":\"Home\",\"item\":\"https:\\\/\\\/colpittsclinical.com\\\/\"},{\"@type\":\"ListItem\",\"position\":2,\"name\":\"Patient Peace of Mind\"}]},{\"@type\":\"WebSite\",\"@id\":\"https:\\\/\\\/colpittsclinical.com\\\/#website\",\"url\":\"https:\\\/\\\/colpittsclinical.com\\\/\",\"name\":\"Colpitts Clinical\",\"description\":\"patient-liaison\",\"publisher\":{\"@id\":\"https:\\\/\\\/colpittsclinical.com\\\/#organization\"},\"potentialAction\":[{\"@type\":\"SearchAction\",\"target\":{\"@type\":\"EntryPoint\",\"urlTemplate\":\"https:\\\/\\\/colpittsclinical.com\\\/?s={search_term_string}\"},\"query-input\":{\"@type\":\"PropertyValueSpecification\",\"valueRequired\":true,\"valueName\":\"search_term_string\"}}],\"inLanguage\":\"vi\"},{\"@type\":\"Organization\",\"@id\":\"https:\\\/\\\/colpittsclinical.com\\\/#organization\",\"name\":\"Colpitts Clinical\",\"url\":\"https:\\\/\\\/colpittsclinical.com\\\/\",\"logo\":{\"@type\":\"ImageObject\",\"inLanguage\":\"vi\",\"@id\":\"https:\\\/\\\/colpittsclinical.com\\\/#\\\/schema\\\/logo\\\/image\\\/\",\"url\":\"https:\\\/\\\/colpittsclinical.com\\\/wp-content\\\/uploads\\\/2017\\\/10\\\/cc-logo-212-1.png\",\"contentUrl\":\"https:\\\/\\\/colpittsclinical.com\\\/wp-content\\\/uploads\\\/2017\\\/10\\\/cc-logo-212-1.png\",\"width\":212,\"height\":48,\"caption\":\"Colpitts Clinical\"},\"image\":{\"@id\":\"https:\\\/\\\/colpittsclinical.com\\\/#\\\/schema\\\/logo\\\/image\\\/\"},\"sameAs\":[\"https:\\\/\\\/www.facebook.com\\\/ColpittsClinicalTrialTravel\\\/\",\"https:\\\/\\\/www.linkedin.com\\\/company\\\/colpittsclinical\\\/\"]}]}<\/script>\n<!-- \/ Yoast SEO plugin. -->","yoast_head_json":{"title":"Patient Peace of Mind - Colpitts Clinical","robots":{"index":"index","follow":"follow","max-snippet":"max-snippet:-1","max-image-preview":"max-image-preview:large","max-video-preview":"max-video-preview:-1"},"canonical":"https:\/\/colpittsclinical.com\/vi\/patient-peace-of-mind\/","og_locale":"vi_VN","og_type":"article","og_title":"Patient Peace of Mind - Colpitts Clinical","og_url":"https:\/\/colpittsclinical.com\/vi\/patient-peace-of-mind\/","og_site_name":"Colpitts Clinical","article_publisher":"https:\/\/www.facebook.com\/ColpittsClinicalTrialTravel\/","article_modified_time":"2024-07-21T04:35:00+00:00","twitter_card":"summary_large_image","twitter_misc":{"\u01af\u1edbc t\u00ednh th\u1eddi gian \u0111\u1ecdc":"1 ph\u00fat"},"schema":{"@context":"https:\/\/schema.org","@graph":[{"@type":"WebPage","@id":"https:\/\/colpittsclinical.com\/patient-peace-of-mind\/","url":"https:\/\/colpittsclinical.com\/patient-peace-of-mind\/","name":"Patient Peace of Mind - Colpitts Clinical","isPartOf":{"@id":"https:\/\/colpittsclinical.com\/#website"},"datePublished":"2023-04-13T15:43:25+00:00","dateModified":"2024-07-21T04:35:00+00:00","breadcrumb":{"@id":"https:\/\/colpittsclinical.com\/patient-peace-of-mind\/#breadcrumb"},"inLanguage":"vi","potentialAction":[{"@type":"ReadAction","target":["https:\/\/colpittsclinical.com\/patient-peace-of-mind\/"]}]},{"@type":"BreadcrumbList","@id":"https:\/\/colpittsclinical.com\/patient-peace-of-mind\/#breadcrumb","itemListElement":[{"@type":"ListItem","position":1,"name":"Home","item":"https:\/\/colpittsclinical.com\/"},{"@type":"ListItem","position":2,"name":"Patient Peace of Mind"}]},{"@type":"WebSite","@id":"https:\/\/colpittsclinical.com\/#website","url":"https:\/\/colpittsclinical.com\/","name":"Colpitts L\u00e2m s\u00e0ng","description":"\u0110\u1ea1i di\u1ec7n li\u00ean l\u1ea1c v\u1edbi b\u1ec7nh nh\u00e2n","publisher":{"@id":"https:\/\/colpittsclinical.com\/#organization"},"potentialAction":[{"@type":"SearchAction","target":{"@type":"EntryPoint","urlTemplate":"https:\/\/colpittsclinical.com\/?s={search_term_string}"},"query-input":{"@type":"PropertyValueSpecification","valueRequired":true,"valueName":"search_term_string"}}],"inLanguage":"vi"},{"@type":"Organization","@id":"https:\/\/colpittsclinical.com\/#organization","name":"Colpitts L\u00e2m s\u00e0ng","url":"https:\/\/colpittsclinical.com\/","logo":{"@type":"ImageObject","inLanguage":"vi","@id":"https:\/\/colpittsclinical.com\/#\/schema\/logo\/image\/","url":"https:\/\/colpittsclinical.com\/wp-content\/uploads\/2017\/10\/cc-logo-212-1.png","contentUrl":"https:\/\/colpittsclinical.com\/wp-content\/uploads\/2017\/10\/cc-logo-212-1.png","width":212,"height":48,"caption":"Colpitts Clinical"},"image":{"@id":"https:\/\/colpittsclinical.com\/#\/schema\/logo\/image\/"},"sameAs":["https:\/\/www.facebook.com\/ColpittsClinicalTrialTravel\/","https:\/\/www.linkedin.com\/company\/colpittsclinical\/"]}]}},"jetpack_sharing_enabled":true,"post_mailing_queue_ids":[],"_links":{"self":[{"href":"https:\/\/colpittsclinical.com\/vi\/wp-json\/wp\/v2\/pages\/4706","targetHints":{"allow":["GET"]}}],"collection":[{"href":"https:\/\/colpittsclinical.com\/vi\/wp-json\/wp\/v2\/pages"}],"about":[{"href":"https:\/\/colpittsclinical.com\/vi\/wp-json\/wp\/v2\/types\/page"}],"author":[{"embeddable":true,"href":"https:\/\/colpittsclinical.com\/vi\/wp-json\/wp\/v2\/users\/1"}],"replies":[{"embeddable":true,"href":"https:\/\/colpittsclinical.com\/vi\/wp-json\/wp\/v2\/comments?post=4706"}],"version-history":[{"count":11,"href":"https:\/\/colpittsclinical.com\/vi\/wp-json\/wp\/v2\/pages\/4706\/revisions"}],"predecessor-version":[{"id":5548,"href":"https:\/\/colpittsclinical.com\/vi\/wp-json\/wp\/v2\/pages\/4706\/revisions\/5548"}],"wp:attachment":[{"href":"https:\/\/colpittsclinical.com\/vi\/wp-json\/wp\/v2\/media?parent=4706"}],"curies":[{"name":"wp","href":"https:\/\/api.w.org\/{rel}","templated":true}]}}