{"id":4701,"date":"2023-04-13T10:05:27","date_gmt":"2023-04-13T14:05:27","guid":{"rendered":"https:\/\/colpittsclinical.com\/?page_id=4701"},"modified":"2024-07-21T00:38:23","modified_gmt":"2024-07-21T04:38:23","slug":"pediatric-clinical-trials","status":"publish","type":"page","link":"https:\/\/colpittsclinical.com\/vi\/pediatric-clinical-trials\/","title":{"rendered":"C\u00e1c th\u1eed nghi\u1ec7m l\u00e2m s\u00e0ng nhi khoa"},"content":{"rendered":"<div  class=\"wpb_row vc_row vc_row-fluid  mk-fullwidth-false  attched-false     js-master-row\">\n\t\t\n\t\t\t\n<div style=\"\" class=\"vc_col-sm-12 wpb_column column_container  _ height-full\">\n\t<script data-cfasync=\"false\" type=\"text\/javascript\">var lsjQuery = jQuery;<\/script><script data-cfasync=\"false\" type=\"text\/javascript\">\r\nlsjQuery(document).ready(function() {\r\nif(typeof lsjQuery.fn.layerSlider == \"undefined\") {\r\nif( window._layerSlider && window._layerSlider.showNotice) { \r\nwindow._layerSlider.showNotice('layerslider_27','jquery');\r\n}\r\n} else {\r\nlsjQuery(\"#layerslider_27\").layerSlider({sliderVersion: '6.5.7', type: 'fullwidth', navPrevNext: false, hoverPrevNext: false, navStartStop: false, navButtons: false, showCircleTimer: false, popupWidth: 640, popupHeight: 360, skinsPath: 'https:\/\/colpittsclinical.com\/wp-content\/plugins\/LayerSlider\/static\/layerslider\/skins\/'});\r\n}\r\n});\r\n<\/script><div id=\"layerslider_27\" class=\"ls-wp-container fitvidsignore\" style=\"width:1920px;height:600px;margin:0 auto;margin-bottom: 0px;\"><div class=\"ls-slide\" data-ls=\"kenburnsscale:1.2;\"><img loading=\"lazy\" decoding=\"async\" width=\"2100\" height=\"594\" src=\"https:\/\/i0.wp.com\/colpittsclinical.com\/wp-content\/uploads\/2023\/04\/pediatric-trials.jpg?fit=2100%2C594&amp;ssl=1\" class=\"ls-bg\" alt=\"Pediatric clinical trials\" srcset=\"https:\/\/i0.wp.com\/colpittsclinical.com\/wp-content\/uploads\/2023\/04\/pediatric-trials.jpg?w=2100&amp;ssl=1 2100w, https:\/\/i0.wp.com\/colpittsclinical.com\/wp-content\/uploads\/2023\/04\/pediatric-trials.jpg?resize=300%2C85&amp;ssl=1 300w, https:\/\/i0.wp.com\/colpittsclinical.com\/wp-content\/uploads\/2023\/04\/pediatric-trials.jpg?resize=1024%2C290&amp;ssl=1 1024w, https:\/\/i0.wp.com\/colpittsclinical.com\/wp-content\/uploads\/2023\/04\/pediatric-trials.jpg?resize=768%2C217&amp;ssl=1 768w, https:\/\/i0.wp.com\/colpittsclinical.com\/wp-content\/uploads\/2023\/04\/pediatric-trials.jpg?resize=1536%2C434&amp;ssl=1 1536w, https:\/\/i0.wp.com\/colpittsclinical.com\/wp-content\/uploads\/2023\/04\/pediatric-trials.jpg?resize=2048%2C579&amp;ssl=1 2048w, https:\/\/i0.wp.com\/colpittsclinical.com\/wp-content\/uploads\/2023\/04\/pediatric-trials.jpg?resize=640%2C181&amp;ssl=1 640w\" sizes=\"auto, (max-width: 1140px) 100vw, 1140px\" itemprop=\"image\" \/><\/div><\/div><\/div>\n\t<\/div>\n\n\t<\/div><\/div><\/div>\n\t\n<div  class=\"wpb_row vc_row vc_row-fluid  mk-fullwidth-true  attched-false    vc_custom_1648273281564  js-master-row\">\n\t\t\t<div class=\"mk-grid\">\n\t\t\n\t\t\t\n<div style=\"\" class=\"vc_col-sm-12 wpb_column column_container vc_custom_1506482255986  _ height-full\">\n\t\t<div class=\"vc_custom_1721536686873\">\n\n<div id=\"text-block-1\" class=\"mk-text-block\">\n\n\t\n\t<h1><span style=\"color: #333999;\">T\u0103ng c\u01b0\u1eddng c\u00e1c th\u1eed nghi\u1ec7m l\u00e2m s\u00e0ng nhi khoa v\u1edbi chuy\u00ean m\u00f4n v\u00e0 s\u1ef1 t\u1eadn t\u00e2m c\u1ee7a Colpitts Clinical<\/span><\/h1>\n\n\t<div class=\"clearboth\"><\/div>\n<\/div>\n\n\t<\/div>\n\t<div class=\"vc_custom_1687962441617\">\n\n<div id=\"text-block-2\" class=\"mk-text-block\">\n\n\t\n\t<p>T\u1ea1i Colpitts Clinical, ch\u00fang t\u00f4i hi\u1ec3u r\u00f5 nh\u1eefng th\u00e1ch th\u1ee9c v\u00e0 nhu c\u1ea7u \u0111\u1eb7c th\u00f9 c\u1ee7a c\u00e1c th\u1eed nghi\u1ec7m l\u00e2m s\u00e0ng nhi khoa. \u0110\u1ed9i ng\u0169 \u0111i\u1ec1u ph\u1ed1i vi\u00ean gi\u00e0u kinh nghi\u1ec7m c\u1ee7a ch\u00fang t\u00f4i chuy\u00ean h\u1ed7 tr\u1ee3 b\u1ec7nh nh\u00e2n nhi khoa, ng\u01b0\u1eddi ch\u0103m s\u00f3c v\u00e0 c\u00e1c c\u01a1 s\u1edf th\u1eed nghi\u1ec7m l\u00e2m s\u00e0ng. Chuy\u00ean m\u00f4n c\u1ee7a ch\u00fang t\u00f4i gi\u00fap \u0111\u1ea3m b\u1ea3o th\u1eed nghi\u1ec7m di\u1ec5n ra su\u00f4n s\u1ebb v\u00e0 hi\u1ec7u qu\u1ea3 cho c\u00e1c c\u01a1 s\u1edf, trong khi s\u1ef1 h\u1ed7 tr\u1ee3 c\u00e1 nh\u00e2n h\u00f3a c\u1ee7a ch\u00fang t\u00f4i lu\u00f4n xem x\u00e9t \u0111\u1ebfn nh\u1eefng nhu c\u1ea7u c\u1ee5 th\u1ec3 c\u1ee7a b\u1ec7nh nh\u00e2n nhi khoa v\u00e0 gia \u0111\u00ecnh h\u1ecd.<\/p>\n<p><strong>N\u1ec1n t\u1ea3ng \u0111\u1ed9c quy\u1ec1n v\u00e0 H\u1ed7 tr\u1ee3 c\u00e1 nh\u00e2n h\u00f3a<\/strong><br \/>\nN\u1ec1n t\u1ea3ng \u0111\u1ed9c quy\u1ec1n v\u00e0 ph\u01b0\u01a1ng ph\u00e1p h\u1ed7 tr\u1ee3 c\u00e1 nh\u00e2n h\u00f3a c\u1ee7a Colpitts Clinical gi\u00fap c\u00e1c c\u01a1 s\u1edf y t\u1ebf d\u1ec5 d\u00e0ng y\u00eau c\u1ea7u c\u00e1c d\u1ecbch v\u1ee5 c\u1ea7n thi\u1ebft \u0111\u1ec3 b\u1ec7nh nh\u00e2n v\u00e0 gia \u0111\u00ecnh h\u1ecd c\u00f3 tr\u1ea3i nghi\u1ec7m tho\u1ea3i m\u00e1i trong qu\u00e1 tr\u00ecnh tham gia th\u1eed nghi\u1ec7m l\u00e2m s\u00e0ng. C\u00e1c \u0111i\u1ec1u ph\u1ed1i vi\u00ean c\u1ee7a ch\u00fang t\u00f4i h\u1ee3p t\u00e1c ch\u1eb7t ch\u1ebd v\u1edbi c\u00e1c c\u01a1 s\u1edf y t\u1ebf \u0111\u1ec3 cung c\u1ea5p c\u00e1c s\u1eafp x\u1ebfp \u0111i l\u1ea1i v\u00e0 chi ph\u00ed su\u00f4n s\u1ebb, c\u0169ng nh\u01b0 h\u1ed7 tr\u1ee3 c\u00e1 nh\u00e2n h\u00f3a \u0111\u1ec3 gi\u00fap gia \u0111\u00ecnh v\u01b0\u1ee3t qua tr\u1ea3i nghi\u1ec7m th\u1eed nghi\u1ec7m l\u00e2m s\u00e0ng.<\/p>\n<p>\u0110\u1ed1i v\u1edbi c\u00e1c nh\u00e0 t\u00e0i tr\u1ee3 th\u1eed nghi\u1ec7m l\u00e2m s\u00e0ng trong l\u0129nh v\u1ef1c nhi khoa, Colpitts Clinical l\u00e0 \u0111\u1ed1i t\u00e1c \u0111\u00e1ng tin c\u1eady m\u00e0 b\u1ea1n c\u00f3 th\u1ec3 tin t\u01b0\u1edfng. V\u1edbi cam k\u1ebft v\u1ec1 ch\u1ea5t l\u01b0\u1ee3ng, tu\u00e2n th\u1ee7 v\u00e0 d\u1ecbch v\u1ee5 kh\u00e1ch h\u00e0ng, b\u1ea1n c\u00f3 th\u1ec3 y\u00ean t\u00e2m r\u1eb1ng th\u1eed nghi\u1ec7m l\u00e2m s\u00e0ng nhi khoa c\u1ee7a b\u1ea1n s\u1ebd \u0111\u01b0\u1ee3c qu\u1ea3n l\u00fd v\u1edbi m\u1ee9c \u0111\u1ed9 chuy\u00ean nghi\u1ec7p v\u00e0 t\u1eadn t\u00e2m cao nh\u1ea5t. D\u00f9 b\u1ea1n \u0111ang t\u00ecm c\u00e1ch t\u1ed1i \u01b0u h\u00f3a chi ph\u00ed, n\u00e2ng cao hi\u1ec7u qu\u1ea3 t\u1ea1i c\u01a1 s\u1edf, duy tr\u00ec s\u1ef1 tham gia c\u1ee7a b\u1ec7nh nh\u00e2n hay \u0111\u00e1p \u1ee9ng c\u00e1c y\u00eau c\u1ea7u quy \u0111\u1ecbnh, Colpitts Clinical c\u00f3 chuy\u00ean m\u00f4n v\u00e0 s\u1ef1 h\u1ed7 tr\u1ee3 c\u1ea7n thi\u1ebft \u0111\u1ec3 gi\u00fap b\u1ea1n th\u00e0nh c\u00f4ng trong th\u1eed nghi\u1ec7m l\u00e2m s\u00e0ng nhi khoa c\u1ee7a m\u00ecnh.<\/p>\n\n\t<div class=\"clearboth\"><\/div>\n<\/div>\n\n\t<\/div>\n<\/div>\n\t\t\n\t\t<\/div>\t\n\t<\/div>\n\n\n\t<div class=\"mk-main-wrapper-holder\">\n\t\t<div class=\"theme-page-wrapper full-layout mk-grid vc_row-fluid no-padding\">\n\t\t\t<div class=\"theme-content no-padding\">\n\n\t\t\t\t<\/div><\/div><\/div>\n\t\n<div  class=\"wpb_row vc_row vc_row-fluid  mk-fullwidth-true  attched-false    vc_custom_1639376496297  js-master-row\">\n\t\t\n\t\t\t\n<div style=\"\" class=\"vc_col-sm-12 wpb_column column_container  _ height-full\">\n\t\n<h2 id=\"fancy-title-3\" class=\"mk-fancy-title  simple-style   color-single\">\n\t<span>\n\t\t\t\t\n<h2 style=\"text-align: center;\"><span style=\"font-family: arial, helvetica, sans-serif; color: #333999;\"><strong>T\u00ecm hi\u1ec3u th\u00eam v\u1ec1 c\u00e1c gi\u1ea3i ph\u00e1p s\u00e1ng t\u1ea1o c\u1ee7a ch\u00fang t\u00f4i cho c\u00e1c th\u1eed nghi\u1ec7m l\u00e2m s\u00e0ng ph\u1ee9c t\u1ea1p.<\/strong><\/span><\/h2>\n<p style=\"text-align: center;\">\n<div id=\"mk-button-4\" class=\"mk-button-container _ relative    block text-center\">\n\n\t\n\t\t<a id=\"Buton ID\" href=\"https:\/\/colpittsclinical.com\/vi\/contact-us\/\"   target=\"_self\" class=\"mk-button js-smooth-scroll mk-button--dimension-three mk-button--size-medium mk-button--corner-pointed text-color-light _ relative text-center font-weight-700 no-backface  letter-spacing-1 inline\">\n\t\t\t\t\t\t \n\t\t\t<span class=\"mk-button--text\">B\u1eaft \u0111\u1ea7u<\/span>\n\t\t\t\t\t<\/a>\n\n\t\n<\/div>\n\t\t\t<\/span>\n<\/h2>\n<div class=\"clearboth\"><\/div>\n\n\n\n<\/div>\n\t<\/div>\n\n\n\t<div class=\"mk-main-wrapper-holder\">\n\t\t<div class=\"theme-page-wrapper full-layout mk-grid vc_row-fluid no-padding\">\n\t\t\t<div class=\"theme-content no-padding\">","protected":false},"excerpt":{"rendered":"var lsjQuery = jQuery; lsjQuery(document).ready(function() { if(typeof lsjQuery.fn.layerSlider == \"undefined\") { if( window._layerSlider && window._layerSlider.showNotice) { window._layerSlider.showNotice('layerslider_27_2','jquery'); } } else { lsjQuery(\"#layerslider_27_2\").layerSlider({sliderVersion: '6.5.7', type: 'fullwidth', navPrevNext: false, hoverPrevNext: false, navStartStop: false, navButtons: false, showCircleTimer: false, popupWidth: 640, popupHeight: 360, skinsPath: 'https:\/\/colpittsclinical.com\/wp-content\/plugins\/LayerSlider\/static\/layerslider\/skins\/'}); } }); Empowering Pediatric Clinical Trials with Colpitts Clinical's Expertise and Compassion At Colpitts [...]","protected":false},"author":1,"featured_media":0,"parent":0,"menu_order":0,"comment_status":"closed","ping_status":"closed","template":"","meta":{"_exactmetrics_skip_tracking":false,"_exactmetrics_sitenote_active":false,"_exactmetrics_sitenote_note":"","_exactmetrics_sitenote_category":0,"footnotes":""},"class_list":["post-4701","page","type-page","status-publish","hentry"],"yoast_head":"<!-- This site is optimized with the Yoast SEO plugin v27.5 - https:\/\/yoast.com\/product\/yoast-seo-wordpress\/ -->\n<title>Pediatric Clinical Trials - Colpitts Clinical<\/title>\n<meta name=\"robots\" content=\"index, follow, max-snippet:-1, max-image-preview:large, max-video-preview:-1\" \/>\n<link rel=\"canonical\" href=\"https:\/\/colpittsclinical.com\/vi\/pediatric-clinical-trials\/\" \/>\n<meta property=\"og:locale\" content=\"vi_VN\" \/>\n<meta property=\"og:type\" content=\"article\" \/>\n<meta property=\"og:title\" content=\"Pediatric Clinical Trials - Colpitts Clinical\" \/>\n<meta property=\"og:url\" content=\"https:\/\/colpittsclinical.com\/vi\/pediatric-clinical-trials\/\" \/>\n<meta property=\"og:site_name\" content=\"Colpitts Clinical\" \/>\n<meta property=\"article:publisher\" content=\"https:\/\/www.facebook.com\/ColpittsClinicalTrialTravel\/\" \/>\n<meta property=\"article:modified_time\" content=\"2024-07-21T04:38:23+00:00\" \/>\n<meta name=\"twitter:card\" content=\"summary_large_image\" \/>\n<meta name=\"twitter:label1\" content=\"\u01af\u1edbc t\u00ednh th\u1eddi gian \u0111\u1ecdc\" \/>\n\t<meta name=\"twitter:data1\" content=\"2 ph\u00fat\" \/>\n<script type=\"application\/ld+json\" class=\"yoast-schema-graph\">{\"@context\":\"https:\\\/\\\/schema.org\",\"@graph\":[{\"@type\":\"WebPage\",\"@id\":\"https:\\\/\\\/colpittsclinical.com\\\/pediatric-clinical-trials\\\/\",\"url\":\"https:\\\/\\\/colpittsclinical.com\\\/pediatric-clinical-trials\\\/\",\"name\":\"Pediatric Clinical Trials - Colpitts Clinical\",\"isPartOf\":{\"@id\":\"https:\\\/\\\/colpittsclinical.com\\\/#website\"},\"datePublished\":\"2023-04-13T14:05:27+00:00\",\"dateModified\":\"2024-07-21T04:38:23+00:00\",\"breadcrumb\":{\"@id\":\"https:\\\/\\\/colpittsclinical.com\\\/pediatric-clinical-trials\\\/#breadcrumb\"},\"inLanguage\":\"vi\",\"potentialAction\":[{\"@type\":\"ReadAction\",\"target\":[\"https:\\\/\\\/colpittsclinical.com\\\/pediatric-clinical-trials\\\/\"]}]},{\"@type\":\"BreadcrumbList\",\"@id\":\"https:\\\/\\\/colpittsclinical.com\\\/pediatric-clinical-trials\\\/#breadcrumb\",\"itemListElement\":[{\"@type\":\"ListItem\",\"position\":1,\"name\":\"Home\",\"item\":\"https:\\\/\\\/colpittsclinical.com\\\/\"},{\"@type\":\"ListItem\",\"position\":2,\"name\":\"Pediatric Clinical Trials\"}]},{\"@type\":\"WebSite\",\"@id\":\"https:\\\/\\\/colpittsclinical.com\\\/#website\",\"url\":\"https:\\\/\\\/colpittsclinical.com\\\/\",\"name\":\"Colpitts Clinical\",\"description\":\"patient-liaison\",\"publisher\":{\"@id\":\"https:\\\/\\\/colpittsclinical.com\\\/#organization\"},\"potentialAction\":[{\"@type\":\"SearchAction\",\"target\":{\"@type\":\"EntryPoint\",\"urlTemplate\":\"https:\\\/\\\/colpittsclinical.com\\\/?s={search_term_string}\"},\"query-input\":{\"@type\":\"PropertyValueSpecification\",\"valueRequired\":true,\"valueName\":\"search_term_string\"}}],\"inLanguage\":\"vi\"},{\"@type\":\"Organization\",\"@id\":\"https:\\\/\\\/colpittsclinical.com\\\/#organization\",\"name\":\"Colpitts Clinical\",\"url\":\"https:\\\/\\\/colpittsclinical.com\\\/\",\"logo\":{\"@type\":\"ImageObject\",\"inLanguage\":\"vi\",\"@id\":\"https:\\\/\\\/colpittsclinical.com\\\/#\\\/schema\\\/logo\\\/image\\\/\",\"url\":\"https:\\\/\\\/colpittsclinical.com\\\/wp-content\\\/uploads\\\/2017\\\/10\\\/cc-logo-212-1.png\",\"contentUrl\":\"https:\\\/\\\/colpittsclinical.com\\\/wp-content\\\/uploads\\\/2017\\\/10\\\/cc-logo-212-1.png\",\"width\":212,\"height\":48,\"caption\":\"Colpitts Clinical\"},\"image\":{\"@id\":\"https:\\\/\\\/colpittsclinical.com\\\/#\\\/schema\\\/logo\\\/image\\\/\"},\"sameAs\":[\"https:\\\/\\\/www.facebook.com\\\/ColpittsClinicalTrialTravel\\\/\",\"https:\\\/\\\/www.linkedin.com\\\/company\\\/colpittsclinical\\\/\"]}]}<\/script>\n<!-- \/ Yoast SEO plugin. -->","yoast_head_json":{"title":"Pediatric Clinical Trials - Colpitts Clinical","robots":{"index":"index","follow":"follow","max-snippet":"max-snippet:-1","max-image-preview":"max-image-preview:large","max-video-preview":"max-video-preview:-1"},"canonical":"https:\/\/colpittsclinical.com\/vi\/pediatric-clinical-trials\/","og_locale":"vi_VN","og_type":"article","og_title":"Pediatric Clinical Trials - Colpitts Clinical","og_url":"https:\/\/colpittsclinical.com\/vi\/pediatric-clinical-trials\/","og_site_name":"Colpitts Clinical","article_publisher":"https:\/\/www.facebook.com\/ColpittsClinicalTrialTravel\/","article_modified_time":"2024-07-21T04:38:23+00:00","twitter_card":"summary_large_image","twitter_misc":{"\u01af\u1edbc t\u00ednh th\u1eddi gian \u0111\u1ecdc":"2 ph\u00fat"},"schema":{"@context":"https:\/\/schema.org","@graph":[{"@type":"WebPage","@id":"https:\/\/colpittsclinical.com\/pediatric-clinical-trials\/","url":"https:\/\/colpittsclinical.com\/pediatric-clinical-trials\/","name":"Pediatric Clinical Trials - Colpitts Clinical","isPartOf":{"@id":"https:\/\/colpittsclinical.com\/#website"},"datePublished":"2023-04-13T14:05:27+00:00","dateModified":"2024-07-21T04:38:23+00:00","breadcrumb":{"@id":"https:\/\/colpittsclinical.com\/pediatric-clinical-trials\/#breadcrumb"},"inLanguage":"vi","potentialAction":[{"@type":"ReadAction","target":["https:\/\/colpittsclinical.com\/pediatric-clinical-trials\/"]}]},{"@type":"BreadcrumbList","@id":"https:\/\/colpittsclinical.com\/pediatric-clinical-trials\/#breadcrumb","itemListElement":[{"@type":"ListItem","position":1,"name":"Home","item":"https:\/\/colpittsclinical.com\/"},{"@type":"ListItem","position":2,"name":"Pediatric Clinical Trials"}]},{"@type":"WebSite","@id":"https:\/\/colpittsclinical.com\/#website","url":"https:\/\/colpittsclinical.com\/","name":"Colpitts L\u00e2m s\u00e0ng","description":"\u0110\u1ea1i di\u1ec7n li\u00ean l\u1ea1c v\u1edbi b\u1ec7nh nh\u00e2n","publisher":{"@id":"https:\/\/colpittsclinical.com\/#organization"},"potentialAction":[{"@type":"SearchAction","target":{"@type":"EntryPoint","urlTemplate":"https:\/\/colpittsclinical.com\/?s={search_term_string}"},"query-input":{"@type":"PropertyValueSpecification","valueRequired":true,"valueName":"search_term_string"}}],"inLanguage":"vi"},{"@type":"Organization","@id":"https:\/\/colpittsclinical.com\/#organization","name":"Colpitts L\u00e2m s\u00e0ng","url":"https:\/\/colpittsclinical.com\/","logo":{"@type":"ImageObject","inLanguage":"vi","@id":"https:\/\/colpittsclinical.com\/#\/schema\/logo\/image\/","url":"https:\/\/colpittsclinical.com\/wp-content\/uploads\/2017\/10\/cc-logo-212-1.png","contentUrl":"https:\/\/colpittsclinical.com\/wp-content\/uploads\/2017\/10\/cc-logo-212-1.png","width":212,"height":48,"caption":"Colpitts Clinical"},"image":{"@id":"https:\/\/colpittsclinical.com\/#\/schema\/logo\/image\/"},"sameAs":["https:\/\/www.facebook.com\/ColpittsClinicalTrialTravel\/","https:\/\/www.linkedin.com\/company\/colpittsclinical\/"]}]}},"jetpack_sharing_enabled":true,"post_mailing_queue_ids":[],"_links":{"self":[{"href":"https:\/\/colpittsclinical.com\/vi\/wp-json\/wp\/v2\/pages\/4701","targetHints":{"allow":["GET"]}}],"collection":[{"href":"https:\/\/colpittsclinical.com\/vi\/wp-json\/wp\/v2\/pages"}],"about":[{"href":"https:\/\/colpittsclinical.com\/vi\/wp-json\/wp\/v2\/types\/page"}],"author":[{"embeddable":true,"href":"https:\/\/colpittsclinical.com\/vi\/wp-json\/wp\/v2\/users\/1"}],"replies":[{"embeddable":true,"href":"https:\/\/colpittsclinical.com\/vi\/wp-json\/wp\/v2\/comments?post=4701"}],"version-history":[{"count":7,"href":"https:\/\/colpittsclinical.com\/vi\/wp-json\/wp\/v2\/pages\/4701\/revisions"}],"predecessor-version":[{"id":4723,"href":"https:\/\/colpittsclinical.com\/vi\/wp-json\/wp\/v2\/pages\/4701\/revisions\/4723"}],"wp:attachment":[{"href":"https:\/\/colpittsclinical.com\/vi\/wp-json\/wp\/v2\/media?parent=4701"}],"curies":[{"name":"wp","href":"https:\/\/api.w.org\/{rel}","templated":true}]}}