{"id":2852,"date":"2019-01-23T22:20:10","date_gmt":"2019-01-24T03:20:10","guid":{"rendered":"https:\/\/colpittsclinical.com\/?page_id=2852"},"modified":"2022-09-03T22:38:04","modified_gmt":"2022-09-04T02:38:04","slug":"account-manager","status":"publish","type":"page","link":"https:\/\/colpittsclinical.com\/vi\/account-manager\/","title":{"rendered":"account manager"},"content":{"rendered":"<div  class=\"wpb_row vc_row vc_row-fluid  mk-fullwidth-false  attched-false     js-master-row\">\n\t\t\n\t\t\t\n<div style=\"\" class=\"vc_col-sm-12 wpb_column column_container  _ height-full\">\n\t\t<div class=\"vc_custom_1548441461326\">\n\n<div id=\"text-block-1\" class=\"mk-text-block\">\n\n\t\n\t<div class=\"\"><span style=\"font-size: 18pt; color: #33cccc;\"><strong><span class=\"job-description-title\">Chuy\u00ean vi\u00ean Qu\u1ea3n l\u00fd Kh\u00e1ch h\u00e0ng<\/span><\/strong><\/span><\/div>\n<div class=\"job-description-details-sub-container\">\n<div class=\"job-description-details-sub-left-container\"><span class=\"job-description-worker-catergory\"><span class=\"\"><br \/>\nM\u1ee9c l\u01b0\u01a1ng cho v\u1ecb tr\u00ed to\u00e0n th\u1eddi gian\u00a0 \u00a0 \u00a0\u00a0<\/span><\/span><span class=\"job-description-location\"><span class=\"job-description-location-item\">Norwood, Massachusetts, Hoa K\u1ef3<\/span><\/span><\/div>\n<div class=\"job-description-details-sub-right-container\">\n<p><span class=\"job-description-requisition\">M\u00e3 y\u00eau c\u1ea7u: 1266<\/span><\/p>\n<\/div>\n<\/div>\n<div class=\"job-description-data-item\">\n<div class=\"job-description-data\">\n<p><strong><span style=\"color: #2f4f4f; font-family: Arial; font-size: medium;\">Kh\u00e1m ph\u00e1 c\u01a1 h\u1ed9i ngh\u1ec1 nghi\u1ec7p trong l\u0129nh v\u1ef1c Qu\u1ea3n l\u00fd t\u00e0i kho\u1ea3n t\u1ea1i Colpitts Clinical, m\u1ed9t c\u00f4ng ty thu\u1ed9c Direct Travel.\u00a0<\/span><\/strong><\/p>\n<p><span style=\"color: #2f4f4f;\">Colpitts Clinical c\u00f3 b\u1ec1 d\u00e0y kinh nghi\u1ec7m trong ng\u00e0nh du l\u1ecbch v\u00e0 l\u00e0 \u0111\u01a1n v\u1ecb ti\u00ean phong trong l\u0129nh v\u1ef1c \u0111i\u1ec1u ph\u1ed1i du l\u1ecbch chuy\u00ean bi\u1ec7t cho c\u00e1c th\u1eed nghi\u1ec7m l\u00e2m s\u00e0ng. T\u1eeb khi th\u00e0nh l\u1eadp v\u1edbi t\u01b0 c\u00e1ch l\u00e0 m\u1ed9t b\u1ed9 ph\u1eadn tr\u1ef1c thu\u1ed9c c\u00f4ng ty m\u1eb9 Colpitts World Travel, cho \u0111\u1ebfn b\u01b0\u1edbc kh\u1edfi \u0111\u1ea7u m\u1edbi d\u01b0\u1edbi th\u01b0\u01a1ng hi\u1ec7u Direct Travel, ch\u00fang t\u00f4i \u0111\u00e3 tham gia v\u00e0o h\u01a1n 600 th\u1eed nghi\u1ec7m l\u00e2m s\u00e0ng tr\u00ean to\u00e0n th\u1ebf gi\u1edbi v\u00e0 kh\u00f4ng ng\u1eebng th\u00edch \u1ee9ng \u0111\u1ec3 \u0111\u00e1p \u1ee9ng nh\u1eefng nhu c\u1ea7u lu\u00f4n thay \u0111\u1ed5i c\u1ee7a c\u00e1c nh\u00e0 t\u00e0i tr\u1ee3 th\u1eed nghi\u1ec7m l\u00e2m s\u00e0ng, c\u00e1c t\u1ed5 ch\u1ee9c nghi\u00ean c\u1ee9u h\u1ee3p \u0111\u1ed3ng (CRO), c\u00e1c c\u01a1 s\u1edf nghi\u00ean c\u1ee9u v\u00e0 quan tr\u1ecdng nh\u1ea5t l\u00e0 c\u00e1c b\u1ec7nh nh\u00e2n.<\/span><\/p>\n<p><span style=\"color: #2f4f4f;\">Colpitts Clinical l\u00e0 m\u1ed9t trong s\u1ed1 \u00edt c\u00e1c nh\u00e0 cung c\u1ea5p d\u1ecbch v\u1ee5 qu\u1ea3n l\u00fd chi ph\u00ed v\u00e0 du l\u1ecbch tr\u1ecdn g\u00f3i chuy\u00ean bi\u1ec7t trong vi\u1ec7c l\u1eadp k\u1ebf ho\u1ea1ch v\u00e0 h\u1ed7 tr\u1ee3 li\u1ec1n m\u1ea1ch, l\u1ea5y b\u1ec7nh nh\u00e2n l\u00e0m trung t\u00e2m cho c\u00e1c chuy\u1ebfn \u0111i tham gia th\u1eed nghi\u1ec7m l\u00e2m s\u00e0ng.  C\u00f3 tr\u1ee5 s\u1edf ch\u00ednh t\u1ea1i Norwood, Massachusetts, Colpitts Clinical c\u00f3 c\u00e1c v\u0103n ph\u00f2ng tr\u00ean kh\u1eafp Hoa K\u1ef3, Canada, c\u0169ng nh\u01b0 t\u1ea1i V\u01b0\u01a1ng qu\u1ed1c Anh, v\u00e0 th\u00f4ng qua c\u00e1c v\u0103n ph\u00f2ng Direct APTI Global Travel tr\u00ean to\u00e0n th\u1ebf gi\u1edbi. Colpitts Clinical c\u00f3 kh\u1ea3 n\u0103ng cung c\u1ea5p c\u00e1c gi\u1ea3i ph\u00e1p \u0111\u01b0\u1ee3c t\u00f9y ch\u1ec9nh theo nhu c\u1ea7u c\u1ee7a c\u00e1c kh\u00e1ch h\u00e0ng trong l\u0129nh v\u1ef1c c\u00f4ng ngh\u1ec7 sinh h\u1ecdc, d\u01b0\u1ee3c ph\u1ea9m v\u00e0 CRO, \u0111\u1ed3ng th\u1eddi \u0111\u1ea3m b\u1ea3o ki\u1ec3m so\u00e1t chi ph\u00ed cho c\u00e1c th\u1eed nghi\u1ec7m l\u00e2m s\u00e0ng v\u00e0 tu\u00e2n th\u1ee7 c\u00e1c quy \u0111\u1ecbnh ph\u00e1p l\u00fd.<\/span><\/p>\n<p><strong><span style=\"color: #2f4f4f; font-family: Arial; font-size: medium;\">C\u01a1 h\u1ed9i:<\/span><\/strong><\/p>\n<p><span style=\"color: #2f4f4f; font-family: Arial; font-size: medium;\">Ch\u00fang t\u00f4i \u0111ang t\u00ecm ki\u1ebfm m\u1ed9t Chuy\u00ean vi\u00ean Qu\u1ea3n l\u00fd Kh\u00e1ch h\u00e0ng \u0111\u1ec3 gia nh\u1eadp \u0110\u1ed9i ng\u0169 Colpitts Clinical t\u1ea1i v\u0103n ph\u00f2ng \u1edf Norwood, Massachusetts. Nhi\u1ec7m v\u1ee5 ch\u00ednh c\u1ee7a v\u1ecb tr\u00ed n\u00e0y l\u00e0 \u0111\u1ea3m b\u1ea3o c\u00e1c d\u1ecbch v\u1ee5 c\u1ee7a ch\u00fang t\u00f4i \u0111\u00e1p \u1ee9ng v\u00e0\/ho\u1eb7c v\u01b0\u1ee3t qua k\u1ef3 v\u1ecdng c\u1ee7a kh\u00e1ch h\u00e0ng.\u00a0<\/span><\/p>\n<p><strong><span style=\"color: #2f4f4f; font-family: Arial; font-size: medium;\">B\u1ea1n s\u1ebd l\u00e0m g\u00ec?<\/span><\/strong><\/p>\n<ul>\n<li><span style=\"color: #2f4f4f;\">H\u1ed7 tr\u1ee3 ho\u00e0n t\u1ea5t quy tr\u00ecnh k\u00fd k\u1ebft h\u1ee3p \u0111\u1ed3ng cho c\u00e1c th\u1eed nghi\u1ec7m m\u1edbi<\/span><\/li>\n<li><span style=\"color: #2f4f4f;\">Thi\u1ebft l\u1eadp c\u00e1c t\u00e0i kho\u1ea3n m\u1edbi v\u00e0 x\u1eed l\u00fd t\u1ea5t c\u1ea3 c\u00e1c th\u1ee7 t\u1ee5c c\u1ea7n thi\u1ebft \u0111\u1ec3 tri\u1ec3n khai giai \u0111o\u1ea1n d\u00f9ng th\u1eed trong n\u1ed9i b\u1ed9 v\u00e0 tr\u1ef1c ti\u1ebfp v\u1edbi kh\u00e1ch h\u00e0ng\u00a0\u00a0<\/span><\/li>\n<li><span style=\"color: #2f4f4f;\">Ph\u1ed1i h\u1ee3p ch\u1eb7t ch\u1ebd v\u1edbi b\u1ed9 ph\u1eadn \u0111\u1eb7t l\u1ecbch h\u1eb9n v\u00e0 b\u1ed9 ph\u1eadn thanh to\u00e1n \u0111\u1ec3 gi\u1ea3i quy\u1ebft m\u1ecdi v\u1ea5n \u0111\u1ec1, \u0111\u1ed3ng th\u1eddi li\u00ean l\u1ea1c tr\u1ef1c ti\u1ebfp v\u1edbi b\u1ec7nh nh\u00e2n ho\u1eb7c ng\u01b0\u1eddi b\u1ea3o tr\u1ee3<\/span><\/li>\n<li><span style=\"color: #2f4f4f;\">T\u1ed5 ch\u1ee9c c\u00e1c kh\u00f3a \u0111\u00e0o t\u1ea1o v\u1ec1 c\u00e1c ch\u1ee7 \u0111\u1ec1 li\u00ean quan \u0111\u1ebfn HIPAA\/GDPR v\u00e0 ph\u1ed1i h\u1ee3p v\u1edbi c\u00e1c \u0111i\u1ec1u ph\u1ed1i vi\u00ean t\u1ea1i c\u01a1 s\u1edf c\u1ee7a kh\u00e1ch h\u00e0ng<\/span><\/li>\n<li><span style=\"color: #2f4f4f;\">Ph\u1ed1i h\u1ee3p ch\u1eb7t ch\u1ebd v\u1edbi \u0111\u1ed9i ng\u0169 b\u00e1n h\u00e0ng l\u00e2m s\u00e0ng \u0111\u1ec3 x\u00e2y d\u1ef1ng c\u00e1c chi\u1ebfn l\u01b0\u1ee3c ph\u00e1t tri\u1ec3n kinh doanh m\u1edbi t\u1eeb kh\u00e1ch h\u00e0ng hi\u1ec7n t\u1ea1i v\u00e0 kh\u00e1ch h\u00e0ng ti\u1ec1m n\u0103ng\u00a0\u00a0<\/span><\/li>\n<\/ul>\n<div><b><span style=\"color: #2f4f4f; font-family: Arial; font-size: medium;\">Ch\u00fang t\u00f4i c\u1ea7n g\u00ec t\u1eeb qu\u00fd v\u1ecb?<\/span><\/b><b><span style=\"color: #2f4f4f; font-family: Arial; font-size: medium;\">\u00a0<\/span><\/b><\/div>\n<ul>\n<li dir=\"auto\"><span style=\"color: #2f4f4f; font-family: Arial; font-size: medium;\">\u01afu ti\u00ean \u1ee9ng vi\u00ean c\u00f3 b\u1eb1ng c\u1eed nh\u00e2n ho\u1eb7c tr\u00ecnh \u0111\u1ed9 \u0111\u00e0o t\u1ea1o t\u01b0\u01a1ng \u0111\u01b0\u01a1ng v\u1ec1 kinh doanh<\/span><\/li>\n<li dir=\"auto\"><span style=\"color: #2f4f4f;\"><span style=\"font-family: Arial; font-size: medium;\">\u01afu ti\u00ean \u1ee9ng vi\u00ean c\u00f3 kinh nghi\u1ec7m qu\u1ea3n l\u00fd kh\u00e1ch h\u00e0ng trong ng\u00e0nh du l\u1ecbch<\/span><br \/>\n<\/span><\/li>\n<li dir=\"auto\"><span style=\"color: #2f4f4f; font-family: Arial; font-size: medium;\">K\u1ef9 n\u0103ng giao ti\u1ebfp xu\u1ea5t s\u1eafc, c\u1ea3 b\u1eb1ng l\u1eddi n\u00f3i l\u1eabn v\u0103n b\u1ea3n, l\u00e0 \u0111i\u1ec1u b\u1eaft bu\u1ed9c\u00a0\u00a0<\/span><\/li>\n<li dir=\"auto\"><span style=\"color: #2f4f4f; font-family: Arial; font-size: medium;\">C\u00f3 kinh nghi\u1ec7m l\u00e0m vi\u1ec7c v\u1edbi m\u00e1y t\u00ednh v\u00e0 kh\u1ea3 n\u0103ng x\u1eed l\u00fd \u0111\u1ed3ng th\u1eddi nhi\u1ec1u t\u00e1c v\u1ee5 tr\u00ean c\u00e1c ch\u01b0\u01a1ng tr\u00ecnh\/ph\u1ea7n m\u1ec1m m\u00e1y t\u00ednh kh\u00e1c nhau<\/span><\/li>\n<li dir=\"auto\"><span style=\"color: #2f4f4f; font-family: Arial; font-size: medium;\">C\u00f3 kinh nghi\u1ec7m s\u1eed d\u1ee5ng b\u1ed9 ph\u1ea7n m\u1ec1m Microsoft Office<\/span><\/li>\n<li dir=\"auto\"><span style=\"color: #2f4f4f; font-family: Arial; font-size: medium;\">C\u1ea7n c\u00f3 k\u1ef9 n\u0103ng t\u1ed5 ch\u1ee9c v\u00e0 qu\u1ea3n l\u00fd th\u1eddi gian \u0111\u1ec3 ho\u00e0n th\u00e0nh t\u1ed1t vai tr\u00f2 n\u00e0y\u00a0<\/span><\/li>\n<li dir=\"auto\"><span style=\"color: #2f4f4f; font-family: Arial; font-size: medium;\">Kh\u1ea3 n\u0103ng gi\u1ea3i quy\u1ebft v\u1ea5n \u0111\u1ec1 v\u00e0 tinh th\u1ea7n l\u00e0m vi\u1ec7c nh\u00f3m l\u00e0 \u0111i\u1ec1u b\u1eaft bu\u1ed9c<\/span><\/li>\n<\/ul>\n<p><strong><span style=\"color: #2f4f4f; font-family: Arial; font-size: medium;\">Ch\u00fang t\u00f4i mang \u0111\u1ebfn nh\u1eefng g\u00ec cho nh\u00e2n vi\u00ean?<\/span><\/strong><\/p>\n<ul>\n<li dir=\"auto\"><span style=\"color: #2f4f4f; font-family: Arial; font-size: medium;\">V\u0103n h\u00f3a doanh nghi\u1ec7p tuy\u1ec7t v\u1eddi<\/span><\/li>\n<li dir=\"auto\"><span style=\"color: #2f4f4f; font-family: Arial; font-size: medium;\">Nh\u1eefng \u0111\u1ed3ng \u0111\u1ed9i tuy\u1ec7t v\u1eddi\u00a0<\/span><\/li>\n<li dir=\"auto\"><span style=\"color: #2f4f4f; font-family: Arial; font-size: medium;\">C\u00e1c g\u00f3i b\u1ea3o hi\u1ec3m y t\u1ebf, nha khoa, m\u1eaft v\u00e0 nhi\u1ec1u h\u01a1n n\u1eefa<\/span><\/li>\n<li dir=\"auto\"><span style=\"color: #2f4f4f; font-family: Arial; font-size: medium;\">\u01afu \u0111\u00e3i d\u00e0nh cho th\u00e0nh vi\u00ean ph\u00f2ng t\u1eadp th\u1ec3 d\u1ee5c<\/span><\/li>\n<li dir=\"auto\"><span style=\"color: #2f4f4f; font-family: Arial; font-size: medium;\">Ch\u01b0\u01a1ng tr\u00ecnh khen th\u01b0\u1edfng v\u00e0 ghi nh\u1eadn th\u00e0nh t\u00edch c\u1ee7a nh\u00e2n vi\u00ean<\/span><\/li>\n<li dir=\"auto\"><span style=\"color: #2f4f4f; font-family: Arial; font-size: medium;\">C\u00e1c c\u01a1 h\u1ed9i \u0111\u00e0o t\u1ea1o<\/span><\/li>\n<li dir=\"auto\"><span style=\"color: #2f4f4f; font-family: Arial; font-size: medium;\">Ch\u1ebf \u0111\u1ed9 ngh\u1ec9 ph\u00e9p linh ho\u1ea1t + Ng\u00e0y l\u1ec5 + Ng\u00e0y Nh\u00e0 y t\u1ebf<\/span><\/li>\n<li dir=\"auto\"><span style=\"color: #2f4f4f; font-family: Arial; font-size: medium;\">M\u1ee9c l\u01b0\u01a1ng c\u1ea1nh tranh tr\u00ean th\u1ecb tr\u01b0\u1eddng\u00a0<\/span><\/li>\n<li dir=\"auto\"><span style=\"color: #2f4f4f; font-family: Arial; font-size: medium;\">Kho\u1ea3n \u0111\u00f3ng g\u00f3p c\u1ee7a ng\u01b0\u1eddi s\u1eed d\u1ee5ng lao \u0111\u1ed9ng v\u00e0o qu\u1ef9 401k<\/span><\/li>\n<li dir=\"auto\"><span style=\"color: #2f4f4f; font-family: Arial; font-size: medium;\">C\u00e1c \u01b0u \u0111\u00e3i du l\u1ecbch, bao g\u1ed3m \u0111\u1ed9i ng\u0169 chuy\u00ean tr\u00e1ch h\u1ed7 tr\u1ee3 \u0111\u1eb7t v\u00e9 v\u1edbi gi\u00e1 \u01b0u \u0111\u00e3i<\/span><\/li>\n<li dir=\"auto\"><span style=\"color: #2f4f4f; font-family: Arial; font-size: medium;\">C\u00e1c ch\u01b0\u01a1ng tr\u00ecnh gi\u1ea3m gi\u00e1 d\u00e0nh cho nh\u00e2n vi\u00ean<\/span><\/li>\n<li dir=\"auto\"><span style=\"color: #2f4f4f; font-family: Arial; font-size: medium;\">V\u00e0 c\u00f2n nhi\u1ec1u h\u01a1n n\u1eefa!\u00a0<\/span><\/li>\n<\/ul>\n<p><span style=\"color: #33cccc;\">Vui l\u00f2ng g\u1eedi s\u01a1 y\u1ebfu l\u00fd l\u1ecbch c\u1ee7a b\u1ea1n \u0111\u1ebfn Jeanne Johnston t\u1ea1i\u00a0<a style=\"color: #33cccc;\" href=\"mailto:jjohnston@colpittswt.com\">jjohnston@colpittswt.com<\/a><\/span><\/p>\n<p><span style=\"color: #2f4f4f; font-family: Arial; font-size: medium;\">Direct Travel l\u00e0 m\u1ed9t nh\u00e0 tuy\u1ec3n d\u1ee5ng tu\u00e2n th\u1ee7 ch\u00ednh s\u00e1ch C\u01a1 h\u1ed9i Vi\u1ec7c l\u00e0m B\u00ecnh \u0111\u1eb3ng (EOE), H\u00e0nh \u0111\u1ed9ng \u01afu ti\u00ean (AA), h\u1ed7 tr\u1ee3 c\u1ef1u chi\u1ebfn binh v\u00e0 ng\u01b0\u1eddi khuy\u1ebft t\u1eadt.<\/span><\/p>\n<\/div>\n<\/div>\n\n\t<div class=\"clearboth\"><\/div>\n<\/div>\n\n\t<\/div>\n<\/div>\n\t<\/div>","protected":false},"excerpt":{"rendered":"Account Manager Salary Full-Time\u00a0 \u00a0 \u00a0\u00a0Norwood, MA, US Requisition ID\u00a0:\u00a01266 Discover an Accounts Management career within Colpitts Clinical a Direct Travel company.\u00a0 Colpitts Clinical has deep roots in the travel industry, and we are pioneers in dedicated clinical trial travel coordination. From our founding as a division of our namesake, Colpitts World Travel, to our [...]","protected":false},"author":1,"featured_media":0,"parent":0,"menu_order":0,"comment_status":"closed","ping_status":"closed","template":"","meta":{"_exactmetrics_skip_tracking":false,"_exactmetrics_sitenote_active":false,"_exactmetrics_sitenote_note":"","_exactmetrics_sitenote_category":0,"footnotes":""},"class_list":["post-2852","page","type-page","status-publish","hentry"],"yoast_head":"<!-- This site is optimized with the Yoast SEO plugin v27.6 - https:\/\/yoast.com\/product\/yoast-seo-wordpress\/ -->\n<title>account manager - Colpitts Clinical<\/title>\n<meta name=\"description\" content=\"We&#039;re seeking an Account Manager to join our Colpitts Clinical Team in our Norwood, MA office to work closely with our reservation team.\" \/>\n<meta name=\"robots\" content=\"index, follow, max-snippet:-1, max-image-preview:large, max-video-preview:-1\" \/>\n<link rel=\"canonical\" href=\"https:\/\/colpittsclinical.com\/vi\/account-manager\/\" \/>\n<meta property=\"og:locale\" content=\"vi_VN\" \/>\n<meta property=\"og:type\" content=\"article\" \/>\n<meta property=\"og:title\" content=\"account manager - Colpitts Clinical\" \/>\n<meta property=\"og:description\" content=\"We&#039;re seeking an Account Manager to join our Colpitts Clinical Team in our Norwood, MA office to work closely with our reservation team.\" \/>\n<meta property=\"og:url\" content=\"https:\/\/colpittsclinical.com\/vi\/account-manager\/\" \/>\n<meta property=\"og:site_name\" content=\"Colpitts Clinical\" \/>\n<meta property=\"article:publisher\" content=\"https:\/\/www.facebook.com\/ColpittsClinicalTrialTravel\/\" \/>\n<meta property=\"article:modified_time\" content=\"2022-09-04T02:38:04+00:00\" \/>\n<meta name=\"twitter:card\" content=\"summary_large_image\" \/>\n<meta name=\"twitter:label1\" content=\"\u01af\u1edbc t\u00ednh th\u1eddi gian \u0111\u1ecdc\" \/>\n\t<meta name=\"twitter:data1\" content=\"2 ph\u00fat\" \/>\n<script type=\"application\/ld+json\" class=\"yoast-schema-graph\">{\"@context\":\"https:\\\/\\\/schema.org\",\"@graph\":[{\"@type\":\"WebPage\",\"@id\":\"https:\\\/\\\/colpittsclinical.com\\\/account-manager\\\/\",\"url\":\"https:\\\/\\\/colpittsclinical.com\\\/account-manager\\\/\",\"name\":\"account manager - Colpitts Clinical\",\"isPartOf\":{\"@id\":\"https:\\\/\\\/colpittsclinical.com\\\/#website\"},\"datePublished\":\"2019-01-24T03:20:10+00:00\",\"dateModified\":\"2022-09-04T02:38:04+00:00\",\"description\":\"We're seeking an Account Manager to join our Colpitts Clinical Team in our Norwood, MA office to work closely with our reservation team.\",\"breadcrumb\":{\"@id\":\"https:\\\/\\\/colpittsclinical.com\\\/account-manager\\\/#breadcrumb\"},\"inLanguage\":\"vi\",\"potentialAction\":[{\"@type\":\"ReadAction\",\"target\":[\"https:\\\/\\\/colpittsclinical.com\\\/account-manager\\\/\"]}]},{\"@type\":\"BreadcrumbList\",\"@id\":\"https:\\\/\\\/colpittsclinical.com\\\/account-manager\\\/#breadcrumb\",\"itemListElement\":[{\"@type\":\"ListItem\",\"position\":1,\"name\":\"Home\",\"item\":\"https:\\\/\\\/colpittsclinical.com\\\/\"},{\"@type\":\"ListItem\",\"position\":2,\"name\":\"account manager\"}]},{\"@type\":\"WebSite\",\"@id\":\"https:\\\/\\\/colpittsclinical.com\\\/#website\",\"url\":\"https:\\\/\\\/colpittsclinical.com\\\/\",\"name\":\"Colpitts Clinical\",\"description\":\"patient-liaison\",\"publisher\":{\"@id\":\"https:\\\/\\\/colpittsclinical.com\\\/#organization\"},\"potentialAction\":[{\"@type\":\"SearchAction\",\"target\":{\"@type\":\"EntryPoint\",\"urlTemplate\":\"https:\\\/\\\/colpittsclinical.com\\\/?s={search_term_string}\"},\"query-input\":{\"@type\":\"PropertyValueSpecification\",\"valueRequired\":true,\"valueName\":\"search_term_string\"}}],\"inLanguage\":\"vi\"},{\"@type\":\"Organization\",\"@id\":\"https:\\\/\\\/colpittsclinical.com\\\/#organization\",\"name\":\"Colpitts Clinical\",\"url\":\"https:\\\/\\\/colpittsclinical.com\\\/\",\"logo\":{\"@type\":\"ImageObject\",\"inLanguage\":\"vi\",\"@id\":\"https:\\\/\\\/colpittsclinical.com\\\/#\\\/schema\\\/logo\\\/image\\\/\",\"url\":\"https:\\\/\\\/colpittsclinical.com\\\/wp-content\\\/uploads\\\/2017\\\/10\\\/cc-logo-212-1.png\",\"contentUrl\":\"https:\\\/\\\/colpittsclinical.com\\\/wp-content\\\/uploads\\\/2017\\\/10\\\/cc-logo-212-1.png\",\"width\":212,\"height\":48,\"caption\":\"Colpitts Clinical\"},\"image\":{\"@id\":\"https:\\\/\\\/colpittsclinical.com\\\/#\\\/schema\\\/logo\\\/image\\\/\"},\"sameAs\":[\"https:\\\/\\\/www.facebook.com\\\/ColpittsClinicalTrialTravel\\\/\",\"https:\\\/\\\/www.linkedin.com\\\/company\\\/colpittsclinical\\\/\"]}]}<\/script>\n<!-- \/ Yoast SEO plugin. -->","yoast_head_json":{"title":"account manager - Colpitts Clinical","description":"We're seeking an Account Manager to join our Colpitts Clinical Team in our Norwood, MA office to work closely with our reservation team.","robots":{"index":"index","follow":"follow","max-snippet":"max-snippet:-1","max-image-preview":"max-image-preview:large","max-video-preview":"max-video-preview:-1"},"canonical":"https:\/\/colpittsclinical.com\/vi\/account-manager\/","og_locale":"vi_VN","og_type":"article","og_title":"account manager - Colpitts Clinical","og_description":"We're seeking an Account Manager to join our Colpitts Clinical Team in our Norwood, MA office to work closely with our reservation team.","og_url":"https:\/\/colpittsclinical.com\/vi\/account-manager\/","og_site_name":"Colpitts Clinical","article_publisher":"https:\/\/www.facebook.com\/ColpittsClinicalTrialTravel\/","article_modified_time":"2022-09-04T02:38:04+00:00","twitter_card":"summary_large_image","twitter_misc":{"\u01af\u1edbc t\u00ednh th\u1eddi gian \u0111\u1ecdc":"2 ph\u00fat"},"schema":{"@context":"https:\/\/schema.org","@graph":[{"@type":"WebPage","@id":"https:\/\/colpittsclinical.com\/account-manager\/","url":"https:\/\/colpittsclinical.com\/account-manager\/","name":"account manager - Colpitts Clinical","isPartOf":{"@id":"https:\/\/colpittsclinical.com\/#website"},"datePublished":"2019-01-24T03:20:10+00:00","dateModified":"2022-09-04T02:38:04+00:00","description":"We're seeking an Account Manager to join our Colpitts Clinical Team in our Norwood, MA office to work closely with our reservation team.","breadcrumb":{"@id":"https:\/\/colpittsclinical.com\/account-manager\/#breadcrumb"},"inLanguage":"vi","potentialAction":[{"@type":"ReadAction","target":["https:\/\/colpittsclinical.com\/account-manager\/"]}]},{"@type":"BreadcrumbList","@id":"https:\/\/colpittsclinical.com\/account-manager\/#breadcrumb","itemListElement":[{"@type":"ListItem","position":1,"name":"Home","item":"https:\/\/colpittsclinical.com\/"},{"@type":"ListItem","position":2,"name":"account manager"}]},{"@type":"WebSite","@id":"https:\/\/colpittsclinical.com\/#website","url":"https:\/\/colpittsclinical.com\/","name":"Colpitts L\u00e2m s\u00e0ng","description":"\u0110\u1ea1i di\u1ec7n li\u00ean l\u1ea1c v\u1edbi b\u1ec7nh nh\u00e2n","publisher":{"@id":"https:\/\/colpittsclinical.com\/#organization"},"potentialAction":[{"@type":"SearchAction","target":{"@type":"EntryPoint","urlTemplate":"https:\/\/colpittsclinical.com\/?s={search_term_string}"},"query-input":{"@type":"PropertyValueSpecification","valueRequired":true,"valueName":"search_term_string"}}],"inLanguage":"vi"},{"@type":"Organization","@id":"https:\/\/colpittsclinical.com\/#organization","name":"Colpitts L\u00e2m s\u00e0ng","url":"https:\/\/colpittsclinical.com\/","logo":{"@type":"ImageObject","inLanguage":"vi","@id":"https:\/\/colpittsclinical.com\/#\/schema\/logo\/image\/","url":"https:\/\/colpittsclinical.com\/wp-content\/uploads\/2017\/10\/cc-logo-212-1.png","contentUrl":"https:\/\/colpittsclinical.com\/wp-content\/uploads\/2017\/10\/cc-logo-212-1.png","width":212,"height":48,"caption":"Colpitts Clinical"},"image":{"@id":"https:\/\/colpittsclinical.com\/#\/schema\/logo\/image\/"},"sameAs":["https:\/\/www.facebook.com\/ColpittsClinicalTrialTravel\/","https:\/\/www.linkedin.com\/company\/colpittsclinical\/"]}]}},"jetpack_sharing_enabled":true,"post_mailing_queue_ids":[],"_links":{"self":[{"href":"https:\/\/colpittsclinical.com\/vi\/wp-json\/wp\/v2\/pages\/2852","targetHints":{"allow":["GET"]}}],"collection":[{"href":"https:\/\/colpittsclinical.com\/vi\/wp-json\/wp\/v2\/pages"}],"about":[{"href":"https:\/\/colpittsclinical.com\/vi\/wp-json\/wp\/v2\/types\/page"}],"author":[{"embeddable":true,"href":"https:\/\/colpittsclinical.com\/vi\/wp-json\/wp\/v2\/users\/1"}],"replies":[{"embeddable":true,"href":"https:\/\/colpittsclinical.com\/vi\/wp-json\/wp\/v2\/comments?post=2852"}],"version-history":[{"count":8,"href":"https:\/\/colpittsclinical.com\/vi\/wp-json\/wp\/v2\/pages\/2852\/revisions"}],"predecessor-version":[{"id":2881,"href":"https:\/\/colpittsclinical.com\/vi\/wp-json\/wp\/v2\/pages\/2852\/revisions\/2881"}],"wp:attachment":[{"href":"https:\/\/colpittsclinical.com\/vi\/wp-json\/wp\/v2\/media?parent=2852"}],"curies":[{"name":"wp","href":"https:\/\/api.w.org\/{rel}","templated":true}]}}