{"id":263,"date":"2017-07-24T01:23:09","date_gmt":"2017-07-24T05:23:09","guid":{"rendered":"https:\/\/colpittsclinical.com\/?page_id=263"},"modified":"2025-01-15T11:54:30","modified_gmt":"2025-01-15T16:54:30","slug":"contact-us","status":"publish","type":"page","link":"https:\/\/colpittsclinical.com\/vi\/contact-us\/","title":{"rendered":"Li\u00ean h\u1ec7 v\u1edbi ch\u00fang t\u00f4i"},"content":{"rendered":"<\/div><\/div><\/div>\n\t\n<div  class=\"wpb_row vc_row vc_row-fluid  mk-fullwidth-true  attched-false    vc_custom_1721535778056  js-master-row\">\n\t\t\t<div class=\"mk-grid\">\n\t\t\n\t\t\t\n<div style=\"\" class=\"vc_col-sm-12 wpb_column column_container  _ height-full\">\n\t\t<div class=\"vc_custom_1721535790423\">\n\n<div id=\"text-block-1\" class=\"mk-text-block\">\n\n\t\n\t<h1 style=\"text-align: center;\"><span style=\"font-size: 24pt; color: #ffffff;\">Li\u00ean h\u1ec7 v\u1edbi ch\u00fang t\u00f4i<\/span><\/h1>\n\n\t<div class=\"clearboth\"><\/div>\n<\/div>\n\n\t<\/div>\n<\/div>\n\t\t\n\t\t<\/div>\t\n\t<\/div>\n\n\n\t<div class=\"mk-main-wrapper-holder\">\n\t\t<div class=\"theme-page-wrapper full-layout mk-grid vc_row-fluid no-padding\">\n\t\t\t<div class=\"theme-content no-padding\">\n\n\t\t\t\t<\/div><\/div><\/div>\n\t\n<div  class=\"wpb_row vc_row vc_row-fluid  mk-fullwidth-true  attched-false    vc_custom_1632463956707  js-master-row\">\n\t\t\t<div class=\"mk-grid\">\n\t\t\n\t\t\t\n<div style=\"\" class=\"vc_col-sm-12 wpb_column column_container  _ height-full\">\n\t<div class=\"vc_empty_space\"   style=\"height: 80px\" ><span class=\"vc_empty_space_inner\"><\/span><\/div>\n\t<div class=\"vc_custom_1678988422052\">\n\n<div id=\"text-block-2\" class=\"mk-text-block\">\n\n\t\n\t<p style=\"text-align: center;\"><span style=\"font-size: 24pt;\">D\u00f9 b\u1ea1n quan t\u00e2m \u0111\u1ebfn vi\u1ec7c h\u1ee3p t\u00e1c kinh doanh v\u1edbi ch\u00fang t\u00f4i hay c\u1ea7n h\u1ed7 tr\u1ee3 v\u1edbi t\u01b0 c\u00e1ch l\u00e0 kh\u00e1ch h\u00e0ng hi\u1ec7n t\u1ea1i, ch\u00fang t\u00f4i lu\u00f4n s\u1eb5n s\u00e0ng h\u1ed7 tr\u1ee3. H\u00e3y li\u00ean h\u1ec7 v\u1edbi ch\u00fang t\u00f4i ngay h\u00f4m nay \u0111\u1ec3 t\u00ecm hi\u1ec3u th\u00eam v\u1ec1 c\u00e1c d\u1ecbch v\u1ee5 c\u1ee7a ch\u00fang t\u00f4i v\u00e0 c\u00e1ch ch\u00fang t\u00f4i c\u00f3 th\u1ec3 h\u1ed7 tr\u1ee3 b\u1ea1n.<\/span><\/p>\n\n\t<div class=\"clearboth\"><\/div>\n<\/div>\n\n\t<\/div>\n\n<div id=\"mk-button-3\" class=\"mk-button-container _ relative    block text-center\">\n\n\t\n\t\t<a  href=\"https:\/\/secureform.colpittsclinical.com\/forms\/12570\/25086\/bjpo\/form.html\"   target=\"_self\" class=\"mk-button js-smooth-scroll mk-button--dimension-outline mk-button--size-large mk-button--corner-pointed _ relative text-center font-weight-700 no-backface  letter-spacing-2 inline\">\n\t\t\t\t\t\t<i class=\"mk-button--icon\"><svg  class=\"mk-svg-icon\" data-name=\"mk-icon-play\" data-cacheid=\"icon-69f87d86699f8\" style=\" height:16px; width: 12.571428571429px; \"  xmlns=\"http:\/\/www.w3.org\/2000\/svg\" viewbox=\"0 0 1408 1792\"><path d=\"M1384 927l-1328 738q-23 13-39.5 3t-16.5-36v-1472q0-26 16.5-36t39.5 3l1328 738q23 13 23 31t-23 31z\"\/><\/svg><\/i> \n\t\t\t<span class=\"mk-button--text\">NH\u00c0 T\u00c0I TR\u1ee2 V\u00c0 CRO\u2019S<\/span>\n\t\t\t\t\t<\/a>\n\n\t\n<\/div><div class=\"vc_empty_space\"   style=\"height: 44px\" ><span class=\"vc_empty_space_inner\"><\/span><\/div>\n\n<div id=\"mk-button-4\" class=\"mk-button-container _ relative    block text-center\">\n\n\t\n\t\t<a  href=\"https:\/\/secureform.colpittsclinical.com\/forms\/12570\/25091\/HD4S\/form.html\"   target=\"_self\" class=\"mk-button js-smooth-scroll mk-button--dimension-outline mk-button--size-large mk-button--corner-pointed _ relative text-center font-weight-700 no-backface  letter-spacing-2 inline\">\n\t\t\t\t\t\t<i class=\"mk-button--icon\"><svg  class=\"mk-svg-icon\" data-name=\"mk-icon-play\" data-cacheid=\"icon-69f87d8669c2c\" style=\" height:16px; width: 12.571428571429px; \"  xmlns=\"http:\/\/www.w3.org\/2000\/svg\" viewbox=\"0 0 1408 1792\"><path d=\"M1384 927l-1328 738q-23 13-39.5 3t-16.5-36v-1472q0-26 16.5-36t39.5 3l1328 738q23 13 23 31t-23 31z\"\/><\/svg><\/i> \n\t\t\t<span class=\"mk-button--text\">B\u1ec7nh nh\u00e2n ho\u1eb7c ng\u01b0\u1eddi ch\u0103m s\u00f3c<\/span>\n\t\t\t\t\t<\/a>\n\n\t\n<\/div><div class=\"vc_empty_space\"   style=\"height: 64px\" ><span class=\"vc_empty_space_inner\"><\/span><\/div>\n<\/div>\n\t\t\n\t\t<\/div>\t\n\t<\/div>\n\n\n\t<div class=\"mk-main-wrapper-holder\">\n\t\t<div class=\"theme-page-wrapper full-layout mk-grid vc_row-fluid no-padding\">\n\t\t\t<div class=\"theme-content no-padding\">\n\n\t\t\t\n<div  class=\"wpb_row vc_row vc_row-fluid  mk-fullwidth-false  attched-false    vc_custom_1558466002142  js-master-row\">\n\t\t\n\t\t\t\n<div style=\"\" class=\"vc_col-sm-6 wpb_column column_container  _ height-full\">\n\t\t<div class=\"vc_custom_1725498305968\">\n\n<div id=\"text-block-5\" class=\"mk-text-block\">\n\n\t\n\t<div class=\"wpb_text_column wpb_content_element\">\n<div class=\"wpb_wrapper\">\n<p style=\"text-align: center;\"><span style=\"font-size: 18pt;\"><strong>Tr\u1ee5 s\u1edf ch\u00ednh t\u1ea1i Hoa K\u1ef3<\/strong><\/span><br \/>\n<span style=\"color: #808080; font-family: arial, helvetica, sans-serif; font-size: 14pt;\">750 \u0110\u01b0\u1eddng Ch\u00ednh Ph\u00eda \u0110\u00f4ng, Ph\u00f2ng 1030<br \/>\n<\/span><span style=\"color: #808080; font-family: arial, helvetica, sans-serif; font-size: 14pt;\">Stamford, Connecticut 06902<br \/>\n<\/span><span style=\"font-family: arial, helvetica, sans-serif; font-size: 14pt; color: #808080;\"><strong>\u0110i\u1ec7n tho\u1ea1i ch\u00ednh (\u0111\u1eb7t ch\u1ed7 v\u00e0 k\u1ebf to\u00e1n)<\/strong><br \/>\n<\/span><span style=\"font-family: arial, helvetica, sans-serif; font-size: 14pt; color: #808080;\">+1 781-471-2336<\/span><br \/>\n<span style=\"font-family: arial, helvetica, sans-serif; font-size: 14pt; color: #808080;\"><strong>Ph\u00f2ng Kinh doanh<\/strong> +1 781-471-2319<\/span><\/p>\n<\/div>\n<\/div>\n\n\t<div class=\"clearboth\"><\/div>\n<\/div>\n\n\t<\/div>\n<\/div>\n\n<div style=\"\" class=\"vc_col-sm-6 wpb_column column_container  _ height-full\">\n\t\t<div class=\"vc_custom_1736960064201\">\n\n<div id=\"text-block-6\" class=\"mk-text-block\">\n\n\t\n\t<div class=\"wpb_text_column wpb_content_element\">\n<div class=\"wpb_wrapper\">\n<p style=\"text-align: center;\"><span style=\"font-size: 18pt;\"><strong>TR\u1ee4 S\u1ede CH\u00cdNH TO\u00c0N C\u1ea6U<\/strong><\/span><br \/>\n<span style=\"font-family: arial, helvetica, sans-serif; font-size: 14pt; color: #808080;\"><span class=\"bluebody\">Ng\u00f4i nh\u00e0 Cairncross<br \/>\n<\/span><span class=\"bluebody\">25 Ph\u1ed1 Union, Edinburgh<br \/>\nEH1 3LR Scotland, V\u01b0\u01a1ng qu\u1ed1c Anh<br \/>\n\u0110i\u1ec7n tho\u1ea1i: +44 131 226 0800<\/span><\/span><\/p>\n<p style=\"text-align: center;\">\n<\/div>\n<\/div>\n<div class=\"wpb_text_column wpb_content_element\" style=\"text-align: center;\"><span style=\"color: #ffffff;\">\u00a0<\/span><\/div>\n\n\t<div class=\"clearboth\"><\/div>\n<\/div>\n\n\t<\/div>\n<\/div>\n\t<\/div>","protected":false},"excerpt":{"rendered":"GET IN TOUCH Whether you're interested in doing business with us or need assistance as a current client, we're here to help. Contact us today to learn more about our services and how we can support you. SPONSOR AND CRO'S PATIENT OR CAREGIVER U.S. HEADQUARTERS 750 East Main St. Suite 1030 Stamford, CT 06902 Main [...]","protected":false},"author":1,"featured_media":0,"parent":0,"menu_order":0,"comment_status":"closed","ping_status":"closed","template":"","meta":{"_exactmetrics_skip_tracking":false,"_exactmetrics_sitenote_active":false,"_exactmetrics_sitenote_note":"","_exactmetrics_sitenote_category":0,"footnotes":""},"class_list":["post-263","page","type-page","status-publish","hentry"],"yoast_head":"<!-- This site is optimized with the Yoast SEO plugin v27.5 - https:\/\/yoast.com\/product\/yoast-seo-wordpress\/ -->\n<title>Contact Us - Colpitts Clinical<\/title>\n<meta name=\"description\" content=\"Contact us at Colpitts Clinical to learn more about our services that support Sponsors and CRO&#039;s of clinical trials.\" \/>\n<meta name=\"robots\" content=\"index, follow, max-snippet:-1, max-image-preview:large, max-video-preview:-1\" \/>\n<link rel=\"canonical\" href=\"https:\/\/colpittsclinical.com\/vi\/contact-us\/\" \/>\n<meta property=\"og:locale\" content=\"vi_VN\" \/>\n<meta property=\"og:type\" content=\"article\" \/>\n<meta property=\"og:title\" content=\"Contact Us - Colpitts Clinical\" \/>\n<meta property=\"og:description\" content=\"Contact us at Colpitts Clinical to learn more about our services that support Sponsors and CRO&#039;s of clinical trials.\" \/>\n<meta property=\"og:url\" content=\"https:\/\/colpittsclinical.com\/vi\/contact-us\/\" \/>\n<meta property=\"og:site_name\" content=\"Colpitts Clinical\" \/>\n<meta property=\"article:publisher\" content=\"https:\/\/www.facebook.com\/ColpittsClinicalTrialTravel\/\" \/>\n<meta property=\"article:modified_time\" content=\"2025-01-15T16:54:30+00:00\" \/>\n<meta name=\"twitter:card\" content=\"summary_large_image\" \/>\n<meta name=\"twitter:label1\" content=\"\u01af\u1edbc t\u00ednh th\u1eddi gian \u0111\u1ecdc\" \/>\n\t<meta name=\"twitter:data1\" content=\"1 ph\u00fat\" \/>\n<script type=\"application\/ld+json\" class=\"yoast-schema-graph\">{\"@context\":\"https:\\\/\\\/schema.org\",\"@graph\":[{\"@type\":\"WebPage\",\"@id\":\"https:\\\/\\\/colpittsclinical.com\\\/contact-us\\\/\",\"url\":\"https:\\\/\\\/colpittsclinical.com\\\/contact-us\\\/\",\"name\":\"Contact Us - Colpitts Clinical\",\"isPartOf\":{\"@id\":\"https:\\\/\\\/colpittsclinical.com\\\/#website\"},\"datePublished\":\"2017-07-24T05:23:09+00:00\",\"dateModified\":\"2025-01-15T16:54:30+00:00\",\"description\":\"Contact us at Colpitts Clinical to learn more about our services that support Sponsors and CRO's of clinical trials.\",\"breadcrumb\":{\"@id\":\"https:\\\/\\\/colpittsclinical.com\\\/contact-us\\\/#breadcrumb\"},\"inLanguage\":\"vi\",\"potentialAction\":[{\"@type\":\"ReadAction\",\"target\":[\"https:\\\/\\\/colpittsclinical.com\\\/contact-us\\\/\"]}]},{\"@type\":\"BreadcrumbList\",\"@id\":\"https:\\\/\\\/colpittsclinical.com\\\/contact-us\\\/#breadcrumb\",\"itemListElement\":[{\"@type\":\"ListItem\",\"position\":1,\"name\":\"Home\",\"item\":\"https:\\\/\\\/colpittsclinical.com\\\/\"},{\"@type\":\"ListItem\",\"position\":2,\"name\":\"Contact Us\"}]},{\"@type\":\"WebSite\",\"@id\":\"https:\\\/\\\/colpittsclinical.com\\\/#website\",\"url\":\"https:\\\/\\\/colpittsclinical.com\\\/\",\"name\":\"Colpitts Clinical\",\"description\":\"patient-liaison\",\"publisher\":{\"@id\":\"https:\\\/\\\/colpittsclinical.com\\\/#organization\"},\"potentialAction\":[{\"@type\":\"SearchAction\",\"target\":{\"@type\":\"EntryPoint\",\"urlTemplate\":\"https:\\\/\\\/colpittsclinical.com\\\/?s={search_term_string}\"},\"query-input\":{\"@type\":\"PropertyValueSpecification\",\"valueRequired\":true,\"valueName\":\"search_term_string\"}}],\"inLanguage\":\"vi\"},{\"@type\":\"Organization\",\"@id\":\"https:\\\/\\\/colpittsclinical.com\\\/#organization\",\"name\":\"Colpitts Clinical\",\"url\":\"https:\\\/\\\/colpittsclinical.com\\\/\",\"logo\":{\"@type\":\"ImageObject\",\"inLanguage\":\"vi\",\"@id\":\"https:\\\/\\\/colpittsclinical.com\\\/#\\\/schema\\\/logo\\\/image\\\/\",\"url\":\"https:\\\/\\\/colpittsclinical.com\\\/wp-content\\\/uploads\\\/2017\\\/10\\\/cc-logo-212-1.png\",\"contentUrl\":\"https:\\\/\\\/colpittsclinical.com\\\/wp-content\\\/uploads\\\/2017\\\/10\\\/cc-logo-212-1.png\",\"width\":212,\"height\":48,\"caption\":\"Colpitts Clinical\"},\"image\":{\"@id\":\"https:\\\/\\\/colpittsclinical.com\\\/#\\\/schema\\\/logo\\\/image\\\/\"},\"sameAs\":[\"https:\\\/\\\/www.facebook.com\\\/ColpittsClinicalTrialTravel\\\/\",\"https:\\\/\\\/www.linkedin.com\\\/company\\\/colpittsclinical\\\/\"]}]}<\/script>\n<!-- \/ Yoast SEO plugin. -->","yoast_head_json":{"title":"Contact Us - Colpitts Clinical","description":"Contact us at Colpitts Clinical to learn more about our services that support Sponsors and CRO's of clinical trials.","robots":{"index":"index","follow":"follow","max-snippet":"max-snippet:-1","max-image-preview":"max-image-preview:large","max-video-preview":"max-video-preview:-1"},"canonical":"https:\/\/colpittsclinical.com\/vi\/contact-us\/","og_locale":"vi_VN","og_type":"article","og_title":"Contact Us - Colpitts Clinical","og_description":"Contact us at Colpitts Clinical to learn more about our services that support Sponsors and CRO's of clinical trials.","og_url":"https:\/\/colpittsclinical.com\/vi\/contact-us\/","og_site_name":"Colpitts Clinical","article_publisher":"https:\/\/www.facebook.com\/ColpittsClinicalTrialTravel\/","article_modified_time":"2025-01-15T16:54:30+00:00","twitter_card":"summary_large_image","twitter_misc":{"\u01af\u1edbc t\u00ednh th\u1eddi gian \u0111\u1ecdc":"1 ph\u00fat"},"schema":{"@context":"https:\/\/schema.org","@graph":[{"@type":"WebPage","@id":"https:\/\/colpittsclinical.com\/contact-us\/","url":"https:\/\/colpittsclinical.com\/contact-us\/","name":"Contact Us - Colpitts Clinical","isPartOf":{"@id":"https:\/\/colpittsclinical.com\/#website"},"datePublished":"2017-07-24T05:23:09+00:00","dateModified":"2025-01-15T16:54:30+00:00","description":"Contact us at Colpitts Clinical to learn more about our services that support Sponsors and CRO's of clinical trials.","breadcrumb":{"@id":"https:\/\/colpittsclinical.com\/contact-us\/#breadcrumb"},"inLanguage":"vi","potentialAction":[{"@type":"ReadAction","target":["https:\/\/colpittsclinical.com\/contact-us\/"]}]},{"@type":"BreadcrumbList","@id":"https:\/\/colpittsclinical.com\/contact-us\/#breadcrumb","itemListElement":[{"@type":"ListItem","position":1,"name":"Home","item":"https:\/\/colpittsclinical.com\/"},{"@type":"ListItem","position":2,"name":"Contact Us"}]},{"@type":"WebSite","@id":"https:\/\/colpittsclinical.com\/#website","url":"https:\/\/colpittsclinical.com\/","name":"Colpitts L\u00e2m s\u00e0ng","description":"\u0110\u1ea1i di\u1ec7n li\u00ean l\u1ea1c v\u1edbi b\u1ec7nh nh\u00e2n","publisher":{"@id":"https:\/\/colpittsclinical.com\/#organization"},"potentialAction":[{"@type":"SearchAction","target":{"@type":"EntryPoint","urlTemplate":"https:\/\/colpittsclinical.com\/?s={search_term_string}"},"query-input":{"@type":"PropertyValueSpecification","valueRequired":true,"valueName":"search_term_string"}}],"inLanguage":"vi"},{"@type":"Organization","@id":"https:\/\/colpittsclinical.com\/#organization","name":"Colpitts L\u00e2m s\u00e0ng","url":"https:\/\/colpittsclinical.com\/","logo":{"@type":"ImageObject","inLanguage":"vi","@id":"https:\/\/colpittsclinical.com\/#\/schema\/logo\/image\/","url":"https:\/\/colpittsclinical.com\/wp-content\/uploads\/2017\/10\/cc-logo-212-1.png","contentUrl":"https:\/\/colpittsclinical.com\/wp-content\/uploads\/2017\/10\/cc-logo-212-1.png","width":212,"height":48,"caption":"Colpitts Clinical"},"image":{"@id":"https:\/\/colpittsclinical.com\/#\/schema\/logo\/image\/"},"sameAs":["https:\/\/www.facebook.com\/ColpittsClinicalTrialTravel\/","https:\/\/www.linkedin.com\/company\/colpittsclinical\/"]}]}},"jetpack_sharing_enabled":true,"post_mailing_queue_ids":[],"_links":{"self":[{"href":"https:\/\/colpittsclinical.com\/vi\/wp-json\/wp\/v2\/pages\/263","targetHints":{"allow":["GET"]}}],"collection":[{"href":"https:\/\/colpittsclinical.com\/vi\/wp-json\/wp\/v2\/pages"}],"about":[{"href":"https:\/\/colpittsclinical.com\/vi\/wp-json\/wp\/v2\/types\/page"}],"author":[{"embeddable":true,"href":"https:\/\/colpittsclinical.com\/vi\/wp-json\/wp\/v2\/users\/1"}],"replies":[{"embeddable":true,"href":"https:\/\/colpittsclinical.com\/vi\/wp-json\/wp\/v2\/comments?post=263"}],"version-history":[{"count":88,"href":"https:\/\/colpittsclinical.com\/vi\/wp-json\/wp\/v2\/pages\/263\/revisions"}],"predecessor-version":[{"id":5989,"href":"https:\/\/colpittsclinical.com\/vi\/wp-json\/wp\/v2\/pages\/263\/revisions\/5989"}],"wp:attachment":[{"href":"https:\/\/colpittsclinical.com\/vi\/wp-json\/wp\/v2\/media?parent=263"}],"curies":[{"name":"wp","href":"https:\/\/api.w.org\/{rel}","templated":true}]}}