{"id":261,"date":"2017-08-13T21:42:24","date_gmt":"2017-08-14T01:42:24","guid":{"rendered":"https:\/\/colpittsclinical.com\/?page_id=261"},"modified":"2024-10-02T17:07:08","modified_gmt":"2024-10-02T21:07:08","slug":"trial-site-manager","status":"publish","type":"page","link":"https:\/\/colpittsclinical.com\/vi\/trial-site-manager\/","title":{"rendered":"Qu\u1ea3n l\u00fd Trang web Th\u1eed nghi\u1ec7m"},"content":{"rendered":"<\/div><\/div><\/div>\n\t\n<div  class=\"wpb_row vc_row vc_row-fluid  mk-fullwidth-true  attched-false    vc_custom_1721536814208  js-master-row\">\n\t\t\t<div class=\"mk-grid\">\n\t\t\n\t\t\t\n<div style=\"\" class=\"vc_col-sm-12 wpb_column column_container  _ height-full\">\n\t\t<div class=\"vc_custom_1721536826160\">\n\n<div id=\"text-block-1\" class=\"mk-text-block\">\n\n\t\n\t<h2 style=\"text-align: center;\"><span style=\"color: #ffffff; font-family: arial, helvetica, sans-serif; font-size: 24pt;\">QU\u1ea2N L\u00dd \u0110\u1ecaA \u0110I\u1ec2M TH\u1eec NGHI\u1ec6M<\/span><\/h2>\n\n\t<div class=\"clearboth\"><\/div>\n<\/div>\n\n\t<\/div>\n<\/div>\n\t\t\n\t\t<\/div>\t\n\t<\/div>\n\n\n\t<div class=\"mk-main-wrapper-holder\">\n\t\t<div class=\"theme-page-wrapper full-layout mk-grid vc_row-fluid no-padding\">\n\t\t\t<div class=\"theme-content no-padding\">\n\n\t\t\t\t<\/div><\/div><\/div>\n\t\n<div  class=\"wpb_row vc_row vc_row-fluid  mk-fullwidth-true  attched-false    vc_custom_1639379719528  js-master-row\">\n\t\t\t<div class=\"mk-grid\">\n\t\t\n\t\t\t\n<div style=\"\" class=\"vc_col-sm-12 wpb_column column_container vc_custom_1506477680408  _ height-full\">\n\t\t<div class=\"vc_custom_1677764799607\">\n\n<div id=\"text-block-2\" class=\"mk-text-block\">\n\n\t\n\t<p>C\u1ed5ng th\u00f4ng tin tu\u00e2n th\u1ee7 HIPAA v\u00e0 GDPR c\u1ee7a Colpitts Clinical cho ph\u00e9p c\u00e1c \u0110i\u1ec1u ph\u1ed1i vi\u00ean \u0110\u1ecba \u0111i\u1ec3m Th\u1eed nghi\u1ec7m t\u0103ng c\u01b0\u1eddng hi\u1ec7u su\u1ea5t l\u00e0m vi\u1ec7c v\u1edbi quy\u1ec1n truy c\u1eadp 24\/7 v\u00e0o c\u00e1c t\u00ednh n\u0103ng quan tr\u1ecdng, bao g\u1ed3m kh\u1ea3 n\u0103ng t\u1ea1o h\u1ed3 s\u01a1 b\u1ec7nh nh\u00e2n, n\u1ed9p y\u00eau c\u1ea7u \u0111i l\u1ea1i v\u00e0 qu\u1ea3n l\u00fd b\u1ed3i th\u01b0\u1eddng cho b\u1ec7nh nh\u00e2n, ngay c\u1ea3 khi h\u1ecd \u0111ang di chuy\u1ec3n b\u1eb1ng thi\u1ebft b\u1ecb di \u0111\u1ed9ng. C\u00e1c \u0110i\u1ec1u ph\u1ed1i vi\u00ean \u0110\u1ecba \u0111i\u1ec3m c\u00f3 th\u1ec3 lo\u1ea1i b\u1ecf nhu c\u1ea7u giao ti\u1ebfp qua email kh\u00f4ng an to\u00e0n, v\u00e0 c\u00f3 th\u1ec3 d\u1ec5 d\u00e0ng thi\u1ebft l\u1eadp h\u01b0\u1edbng d\u1eabn \u0111i l\u1ea1i v\u00e0 t\u1ef7 l\u1ec7 ho\u00e0n tr\u1ea3 chi ph\u00ed cho b\u1ec7nh nh\u00e2n \u0111\u1ec3 c\u00e1c \u0110i\u1ec1u ph\u1ed1i vi\u00ean \u0110i l\u1ea1i v\u00e0 Chi ph\u00ed c\u1ee7a Colpitts Clinical c\u00f3 th\u1ec3 \u0111\u1ea3m b\u1ea3o logistics \u0111i l\u1ea1i ch\u00ednh x\u00e1c.<\/p>\n<p>C\u1ed5ng th\u00f4ng tin cho ph\u00e9p giao ti\u1ebfp li\u1ec1n m\u1ea1ch, tu\u00e2n th\u1ee7 v\u00e0 an to\u00e0n, \u0111i\u1ec1u n\u00e0y \u0111\u1eb7c bi\u1ec7t quan tr\u1ecdng khi c\u00e1c \u0111\u1ecba \u0111i\u1ec3m th\u1eed nghi\u1ec7m \u0111\u01b0\u1ee3c ph\u00e2n b\u1ed1 tr\u00ean to\u00e0n th\u1ebf gi\u1edbi. Kh\u00f4ng c\u1ea7n thi\u1ebft ph\u1ea3i c\u00f3 \u0110i\u1ec1u ph\u1ed1i vi\u00ean \u0110\u1ecba \u0111i\u1ec3m v\u00e0 \u0110i\u1ec1u ph\u1ed1i vi\u00ean Du l\u1ecbch \u0111\u1ec3 ph\u1ed1i h\u1ee3p c\u00e1c cu\u1ed9c g\u1ecdi qua c\u00e1c m\u00fai gi\u1edd kh\u00e1c nhau. C\u1ed5ng th\u00f4ng tin kh\u00f4ng ch\u1ec9 mang l\u1ea1i s\u1ef1 ti\u1ec7n l\u1ee3i m\u00e0 c\u00f2n \u0111\u1ea3m b\u1ea3o m\u1ee9c \u0111\u1ed9 b\u1ea3o m\u1eadt c\u1ea7n thi\u1ebft cho h\u1ed3 s\u01a1 th\u1eed nghi\u1ec7m l\u00e2m s\u00e0ng.<\/p>\n<p>Khi chi ph\u00ed th\u1ef1c hi\u1ec7n c\u00e1c th\u1eed nghi\u1ec7m l\u00e2m s\u00e0ng ti\u1ebfp t\u1ee5c t\u0103ng cao, t\u00ednh ch\u1ea5t kh\u00f4ng gi\u1ea5y t\u1edd c\u1ee7a c\u1ed5ng th\u00f4ng tin Colpitts Clinical mang l\u1ea1i nh\u1eefng l\u1ee3i \u00edch \u0111\u00e1ng k\u1ec3 v\u1ec1 th\u1eddi gian, chi ph\u00ed in \u1ea5n v\u00e0 g\u1eedi b\u01b0u ph\u1ea9m. Kh\u00e1ch h\u00e0ng \u0111\u00e3 nhanh ch\u00f3ng nh\u1eadn ra nh\u1eefng l\u1ee3i \u00edch c\u1ee7a c\u1ed5ng th\u00f4ng tin n\u00e0y, v\u1edbi t\u1ef7 l\u1ec7 s\u1eed d\u1ee5ng \u0111\u1ea1t 92%.<\/p>\n<p>Th\u1ebf k\u1ef7 21 \u0111\u1eb7t ra nhi\u1ec1u th\u00e1ch th\u1ee9c trong vi\u1ec7c thu th\u1eadp d\u1eef li\u1ec7u, v\u00e0 c\u1ed5ng th\u00f4ng tin l\u00e2m s\u00e0ng Colpitts t\u1eadn d\u1ee5ng c\u00f4ng ngh\u1ec7 ti\u00ean ti\u1ebfn nh\u1ea5t \u0111\u1ec3 gi\u1ea3i quy\u1ebft nh\u1eefng th\u00e1ch th\u1ee9c n\u00e0y. N\u00f3 s\u1ebd ti\u1ebfp t\u1ee5c ph\u00e1t tri\u1ec3n v\u00e0 th\u00edch \u1ee9ng \u0111\u1ec3 \u0111\u00e1p \u1ee9ng nhu c\u1ea7u c\u1ee7a c\u00e1c nh\u00e0 t\u00e0i tr\u1ee3 th\u1eed nghi\u1ec7m l\u00e2m s\u00e0ng, c\u00e1c t\u1ed5 ch\u1ee9c nghi\u00ean c\u1ee9u h\u1ee3p \u0111\u1ed3ng (CROs) v\u00e0 c\u00e1c \u0111\u1ecba \u0111i\u1ec3m th\u1eed nghi\u1ec7m.<\/p>\n\n\t<div class=\"clearboth\"><\/div>\n<\/div>\n\n\t<\/div>\n<\/div>\n\t\t\n\t\t<\/div>\t\n\t<\/div>\n\n\n\t<div class=\"mk-main-wrapper-holder\">\n\t\t<div class=\"theme-page-wrapper full-layout mk-grid vc_row-fluid no-padding\">\n\t\t\t<div class=\"theme-content no-padding\">\n\n\t\t\t\t<\/div><\/div><\/div>\n\t\n<div  class=\"wpb_row vc_row vc_row-fluid  mk-fullwidth-true  attched-false    vc_custom_1639379458079  js-master-row\">\n\t\t\n\t\t\t\n<div style=\"\" class=\"vc_col-sm-12 wpb_column column_container  _ height-full\">\n\t\n<h2 id=\"fancy-title-3\" class=\"mk-fancy-title  simple-style   color-single\">\n\t<span>\n\t\t\t\t\n<h2 style=\"text-align: center;\"><span style=\"font-family: arial, helvetica, sans-serif; color: #333999;\"><strong>B\u1ea1n c\u00f3 mu\u1ed1n truy c\u1eadp 24\/7 \u0111\u1ec3 t\u1ea1o y\u00eau c\u1ea7u du l\u1ecbch v\u00e0 n\u00e2ng cao hi\u1ec7u su\u1ea5t l\u00e0m vi\u1ec7c?<\/strong><\/span><\/h2>\n<p style=\"text-align: center;\"><span style=\"color: #179ed4;\">\n<div id=\"mk-button-4\" class=\"mk-button-container _ relative    block text-center\">\n\n\t\n\t\t<a id=\"Buton ID\" href=\"https:\/\/colpittsclinical.com\/vi\/contact-us\/\"   target=\"_self\" class=\"mk-button js-smooth-scroll mk-button--dimension-three mk-button--size-medium mk-button--corner-pointed text-color-light _ relative text-center font-weight-700 no-backface  letter-spacing-1 inline\">\n\t\t\t\t\t\t \n\t\t\t<span class=\"mk-button--text\">H\u00e3y g\u1ecdi cho m\u1ed9t trong c\u00e1c chuy\u00ean gia c\u1ee7a ch\u00fang t\u00f4i.<\/span>\n\t\t\t\t\t<\/a>\n\n\t\n<\/div>\n\t\t\t<\/span>\n<\/h2>\n<div class=\"clearboth\"><\/div>\n\n\n\n<\/div>\n\t<\/div>\n\n\n\t<div class=\"mk-main-wrapper-holder\">\n\t\t<div class=\"theme-page-wrapper full-layout mk-grid vc_row-fluid no-padding\">\n\t\t\t<div class=\"theme-content no-padding\">","protected":false},"excerpt":{"rendered":"TRIAL SITE MANAGER Colpitts Clinical\u2019s HIPAA and GDPR compliant portal allows trial Site Coordinators to boost their productivity with 24\/7 access to important features, including the ability to create patient profiles, submit travel requests, and manage patient reimbursements, even when they are on the go using a mobile device. Site Coordinators can eliminate the need [...]","protected":false},"author":1,"featured_media":0,"parent":0,"menu_order":0,"comment_status":"closed","ping_status":"closed","template":"","meta":{"_exactmetrics_skip_tracking":false,"_exactmetrics_sitenote_active":false,"_exactmetrics_sitenote_note":"","_exactmetrics_sitenote_category":0,"footnotes":""},"class_list":["post-261","page","type-page","status-publish","hentry"],"yoast_head":"<!-- This site is optimized with the Yoast SEO plugin v27.5 - https:\/\/yoast.com\/product\/yoast-seo-wordpress\/ -->\n<title>Trial Site Manager - Colpitts Clinical<\/title>\n<meta name=\"description\" content=\"Colpitts\u2019 HIPAA compliant portal allows site coordinators 24\/7 enhanced productivity access to create new patient profiles, travel requests, patient prepaid card requests, patient reimbursement, and more, including when they are on-the-go using a mobile device.\" \/>\n<meta name=\"robots\" content=\"index, follow, max-snippet:-1, max-image-preview:large, max-video-preview:-1\" \/>\n<link rel=\"canonical\" href=\"https:\/\/colpittsclinical.com\/vi\/trial-site-manager\/\" \/>\n<meta property=\"og:locale\" content=\"vi_VN\" \/>\n<meta property=\"og:type\" content=\"article\" \/>\n<meta property=\"og:title\" content=\"Trial Site Manager - Colpitts Clinical\" \/>\n<meta property=\"og:description\" content=\"Colpitts\u2019 HIPAA compliant portal allows site coordinators 24\/7 enhanced productivity access to create new patient profiles, travel requests, patient prepaid card requests, patient reimbursement, and more, including when they are on-the-go using a mobile device.\" \/>\n<meta property=\"og:url\" content=\"https:\/\/colpittsclinical.com\/vi\/trial-site-manager\/\" \/>\n<meta property=\"og:site_name\" content=\"Colpitts Clinical\" \/>\n<meta property=\"article:publisher\" content=\"https:\/\/www.facebook.com\/ColpittsClinicalTrialTravel\/\" \/>\n<meta property=\"article:modified_time\" content=\"2024-10-02T21:07:08+00:00\" \/>\n<meta name=\"twitter:card\" content=\"summary_large_image\" \/>\n<meta name=\"twitter:label1\" content=\"\u01af\u1edbc t\u00ednh th\u1eddi gian \u0111\u1ecdc\" \/>\n\t<meta name=\"twitter:data1\" content=\"2 ph\u00fat\" \/>\n<script type=\"application\/ld+json\" class=\"yoast-schema-graph\">{\"@context\":\"https:\\\/\\\/schema.org\",\"@graph\":[{\"@type\":\"WebPage\",\"@id\":\"https:\\\/\\\/colpittsclinical.com\\\/trial-site-manager\\\/\",\"url\":\"https:\\\/\\\/colpittsclinical.com\\\/trial-site-manager\\\/\",\"name\":\"Trial Site Manager - Colpitts Clinical\",\"isPartOf\":{\"@id\":\"https:\\\/\\\/colpittsclinical.com\\\/#website\"},\"datePublished\":\"2017-08-14T01:42:24+00:00\",\"dateModified\":\"2024-10-02T21:07:08+00:00\",\"description\":\"Colpitts\u2019 HIPAA compliant portal allows site coordinators 24\\\/7 enhanced productivity access to create new patient profiles, travel requests, patient prepaid card requests, patient reimbursement, and more, including when they are on-the-go using a mobile device.\",\"breadcrumb\":{\"@id\":\"https:\\\/\\\/colpittsclinical.com\\\/trial-site-manager\\\/#breadcrumb\"},\"inLanguage\":\"vi\",\"potentialAction\":[{\"@type\":\"ReadAction\",\"target\":[\"https:\\\/\\\/colpittsclinical.com\\\/trial-site-manager\\\/\"]}]},{\"@type\":\"BreadcrumbList\",\"@id\":\"https:\\\/\\\/colpittsclinical.com\\\/trial-site-manager\\\/#breadcrumb\",\"itemListElement\":[{\"@type\":\"ListItem\",\"position\":1,\"name\":\"Home\",\"item\":\"https:\\\/\\\/colpittsclinical.com\\\/\"},{\"@type\":\"ListItem\",\"position\":2,\"name\":\"Trial Site Manager\"}]},{\"@type\":\"WebSite\",\"@id\":\"https:\\\/\\\/colpittsclinical.com\\\/#website\",\"url\":\"https:\\\/\\\/colpittsclinical.com\\\/\",\"name\":\"Colpitts Clinical\",\"description\":\"patient-liaison\",\"publisher\":{\"@id\":\"https:\\\/\\\/colpittsclinical.com\\\/#organization\"},\"potentialAction\":[{\"@type\":\"SearchAction\",\"target\":{\"@type\":\"EntryPoint\",\"urlTemplate\":\"https:\\\/\\\/colpittsclinical.com\\\/?s={search_term_string}\"},\"query-input\":{\"@type\":\"PropertyValueSpecification\",\"valueRequired\":true,\"valueName\":\"search_term_string\"}}],\"inLanguage\":\"vi\"},{\"@type\":\"Organization\",\"@id\":\"https:\\\/\\\/colpittsclinical.com\\\/#organization\",\"name\":\"Colpitts Clinical\",\"url\":\"https:\\\/\\\/colpittsclinical.com\\\/\",\"logo\":{\"@type\":\"ImageObject\",\"inLanguage\":\"vi\",\"@id\":\"https:\\\/\\\/colpittsclinical.com\\\/#\\\/schema\\\/logo\\\/image\\\/\",\"url\":\"https:\\\/\\\/colpittsclinical.com\\\/wp-content\\\/uploads\\\/2017\\\/10\\\/cc-logo-212-1.png\",\"contentUrl\":\"https:\\\/\\\/colpittsclinical.com\\\/wp-content\\\/uploads\\\/2017\\\/10\\\/cc-logo-212-1.png\",\"width\":212,\"height\":48,\"caption\":\"Colpitts Clinical\"},\"image\":{\"@id\":\"https:\\\/\\\/colpittsclinical.com\\\/#\\\/schema\\\/logo\\\/image\\\/\"},\"sameAs\":[\"https:\\\/\\\/www.facebook.com\\\/ColpittsClinicalTrialTravel\\\/\",\"https:\\\/\\\/www.linkedin.com\\\/company\\\/colpittsclinical\\\/\"]}]}<\/script>\n<!-- \/ Yoast SEO plugin. -->","yoast_head_json":{"title":"Trial Site Manager - Colpitts Clinical","description":"Colpitts\u2019 HIPAA compliant portal allows site coordinators 24\/7 enhanced productivity access to create new patient profiles, travel requests, patient prepaid card requests, patient reimbursement, and more, including when they are on-the-go using a mobile device.","robots":{"index":"index","follow":"follow","max-snippet":"max-snippet:-1","max-image-preview":"max-image-preview:large","max-video-preview":"max-video-preview:-1"},"canonical":"https:\/\/colpittsclinical.com\/vi\/trial-site-manager\/","og_locale":"vi_VN","og_type":"article","og_title":"Trial Site Manager - Colpitts Clinical","og_description":"Colpitts\u2019 HIPAA compliant portal allows site coordinators 24\/7 enhanced productivity access to create new patient profiles, travel requests, patient prepaid card requests, patient reimbursement, and more, including when they are on-the-go using a mobile device.","og_url":"https:\/\/colpittsclinical.com\/vi\/trial-site-manager\/","og_site_name":"Colpitts Clinical","article_publisher":"https:\/\/www.facebook.com\/ColpittsClinicalTrialTravel\/","article_modified_time":"2024-10-02T21:07:08+00:00","twitter_card":"summary_large_image","twitter_misc":{"\u01af\u1edbc t\u00ednh th\u1eddi gian \u0111\u1ecdc":"2 ph\u00fat"},"schema":{"@context":"https:\/\/schema.org","@graph":[{"@type":"WebPage","@id":"https:\/\/colpittsclinical.com\/trial-site-manager\/","url":"https:\/\/colpittsclinical.com\/trial-site-manager\/","name":"Trial Site Manager - Colpitts Clinical","isPartOf":{"@id":"https:\/\/colpittsclinical.com\/#website"},"datePublished":"2017-08-14T01:42:24+00:00","dateModified":"2024-10-02T21:07:08+00:00","description":"Colpitts\u2019 HIPAA compliant portal allows site coordinators 24\/7 enhanced productivity access to create new patient profiles, travel requests, patient prepaid card requests, patient reimbursement, and more, including when they are on-the-go using a mobile device.","breadcrumb":{"@id":"https:\/\/colpittsclinical.com\/trial-site-manager\/#breadcrumb"},"inLanguage":"vi","potentialAction":[{"@type":"ReadAction","target":["https:\/\/colpittsclinical.com\/trial-site-manager\/"]}]},{"@type":"BreadcrumbList","@id":"https:\/\/colpittsclinical.com\/trial-site-manager\/#breadcrumb","itemListElement":[{"@type":"ListItem","position":1,"name":"Home","item":"https:\/\/colpittsclinical.com\/"},{"@type":"ListItem","position":2,"name":"Trial Site Manager"}]},{"@type":"WebSite","@id":"https:\/\/colpittsclinical.com\/#website","url":"https:\/\/colpittsclinical.com\/","name":"Colpitts L\u00e2m s\u00e0ng","description":"\u0110\u1ea1i di\u1ec7n li\u00ean l\u1ea1c v\u1edbi b\u1ec7nh nh\u00e2n","publisher":{"@id":"https:\/\/colpittsclinical.com\/#organization"},"potentialAction":[{"@type":"SearchAction","target":{"@type":"EntryPoint","urlTemplate":"https:\/\/colpittsclinical.com\/?s={search_term_string}"},"query-input":{"@type":"PropertyValueSpecification","valueRequired":true,"valueName":"search_term_string"}}],"inLanguage":"vi"},{"@type":"Organization","@id":"https:\/\/colpittsclinical.com\/#organization","name":"Colpitts L\u00e2m s\u00e0ng","url":"https:\/\/colpittsclinical.com\/","logo":{"@type":"ImageObject","inLanguage":"vi","@id":"https:\/\/colpittsclinical.com\/#\/schema\/logo\/image\/","url":"https:\/\/colpittsclinical.com\/wp-content\/uploads\/2017\/10\/cc-logo-212-1.png","contentUrl":"https:\/\/colpittsclinical.com\/wp-content\/uploads\/2017\/10\/cc-logo-212-1.png","width":212,"height":48,"caption":"Colpitts Clinical"},"image":{"@id":"https:\/\/colpittsclinical.com\/#\/schema\/logo\/image\/"},"sameAs":["https:\/\/www.facebook.com\/ColpittsClinicalTrialTravel\/","https:\/\/www.linkedin.com\/company\/colpittsclinical\/"]}]}},"jetpack_sharing_enabled":true,"post_mailing_queue_ids":[],"_links":{"self":[{"href":"https:\/\/colpittsclinical.com\/vi\/wp-json\/wp\/v2\/pages\/261","targetHints":{"allow":["GET"]}}],"collection":[{"href":"https:\/\/colpittsclinical.com\/vi\/wp-json\/wp\/v2\/pages"}],"about":[{"href":"https:\/\/colpittsclinical.com\/vi\/wp-json\/wp\/v2\/types\/page"}],"author":[{"embeddable":true,"href":"https:\/\/colpittsclinical.com\/vi\/wp-json\/wp\/v2\/users\/1"}],"replies":[{"embeddable":true,"href":"https:\/\/colpittsclinical.com\/vi\/wp-json\/wp\/v2\/comments?post=261"}],"version-history":[{"count":32,"href":"https:\/\/colpittsclinical.com\/vi\/wp-json\/wp\/v2\/pages\/261\/revisions"}],"predecessor-version":[{"id":5802,"href":"https:\/\/colpittsclinical.com\/vi\/wp-json\/wp\/v2\/pages\/261\/revisions\/5802"}],"wp:attachment":[{"href":"https:\/\/colpittsclinical.com\/vi\/wp-json\/wp\/v2\/media?parent=261"}],"curies":[{"name":"wp","href":"https:\/\/api.w.org\/{rel}","templated":true}]}}