{"id":256,"date":"2017-07-24T01:17:46","date_gmt":"2017-07-24T05:17:46","guid":{"rendered":"https:\/\/colpittsclinical.com\/?page_id=256"},"modified":"2026-03-06T14:21:03","modified_gmt":"2026-03-06T19:21:03","slug":"clinical-trial-payments","status":"publish","type":"page","link":"https:\/\/colpittsclinical.com\/vi\/clinical-trial-payments\/","title":{"rendered":"Thanh to\u00e1n cho c\u00e1c th\u1eed nghi\u1ec7m l\u00e2m s\u00e0ng"},"content":{"rendered":"<div  class=\"wpb_row vc_row vc_row-fluid  mk-fullwidth-false  attched-false     js-master-row\">\n\t\t\n\t\t\t\n<div style=\"\" class=\"vc_col-sm-12 wpb_column column_container  _ height-full\">\n\t<div class=\"wpb_layerslider_element wpb_content_element\"><script data-cfasync=\"false\" type=\"text\/javascript\">var lsjQuery = jQuery;<\/script><script data-cfasync=\"false\" type=\"text\/javascript\">\r\nlsjQuery(document).ready(function() {\r\nif(typeof lsjQuery.fn.layerSlider == \"undefined\") {\r\nif( window._layerSlider && window._layerSlider.showNotice) { \r\nwindow._layerSlider.showNotice('layerslider_38','jquery');\r\n}\r\n} else {\r\nlsjQuery(\"#layerslider_38\").layerSlider({sliderVersion: '6.5.7', type: 'fullwidth', navPrevNext: false, hoverPrevNext: false, navStartStop: false, navButtons: false, showCircleTimer: false, popupWidth: 640, popupHeight: 360, skinsPath: 'https:\/\/colpittsclinical.com\/wp-content\/plugins\/LayerSlider\/static\/layerslider\/skins\/'});\r\n}\r\n});\r\n<\/script><div id=\"layerslider_38\" class=\"ls-wp-container fitvidsignore\" style=\"width:1920px;height:600px;margin:0 auto;margin-bottom: 0px;\"><div class=\"ls-slide\" data-ls=\"kenburnsscale:1.2;\"><img loading=\"lazy\" decoding=\"async\" width=\"2172\" height=\"810\" src=\"https:\/\/i0.wp.com\/colpittsclinical.com\/wp-content\/uploads\/2024\/07\/trial-payments-1.jpg?fit=2172%2C810&amp;ssl=1\" class=\"ls-bg\" alt=\"Clinical Trial Payments\" srcset=\"https:\/\/i0.wp.com\/colpittsclinical.com\/wp-content\/uploads\/2024\/07\/trial-payments-1.jpg?w=2172&amp;ssl=1 2172w, https:\/\/i0.wp.com\/colpittsclinical.com\/wp-content\/uploads\/2024\/07\/trial-payments-1.jpg?resize=300%2C112&amp;ssl=1 300w, https:\/\/i0.wp.com\/colpittsclinical.com\/wp-content\/uploads\/2024\/07\/trial-payments-1.jpg?resize=1024%2C382&amp;ssl=1 1024w, https:\/\/i0.wp.com\/colpittsclinical.com\/wp-content\/uploads\/2024\/07\/trial-payments-1.jpg?resize=768%2C286&amp;ssl=1 768w, https:\/\/i0.wp.com\/colpittsclinical.com\/wp-content\/uploads\/2024\/07\/trial-payments-1.jpg?resize=1536%2C573&amp;ssl=1 1536w, https:\/\/i0.wp.com\/colpittsclinical.com\/wp-content\/uploads\/2024\/07\/trial-payments-1.jpg?resize=2048%2C764&amp;ssl=1 2048w, https:\/\/i0.wp.com\/colpittsclinical.com\/wp-content\/uploads\/2024\/07\/trial-payments-1.jpg?resize=640%2C239&amp;ssl=1 640w\" sizes=\"auto, (max-width: 1140px) 100vw, 1140px\" itemprop=\"image\" \/><h1 style=\"white-space: normal;top:222px;left:41px;text-align:center;font-weight:500;font-style:normal;text-decoration:none;wordwrap:true;opacity:1;font-family:Georgia;font-size:65px;width:700px;color:#ffffff;line-height:80px;\" class=\"ls-l\">KHO\u1ea2N THANH TO\u00c1N CHO C\u00c1C TH\u1eec NGHI\u1ec6M L\u00c2M S\u00c0NG\n<\/h1><\/div><\/div><\/div><\/div>\n\t<\/div>\n\n\n<div  class=\"wpb_row vc_row vc_row-fluid  mk-fullwidth-false  attched-false     js-master-row\">\n\t\t\n\t\t\t\n<div style=\"\" class=\"vc_col-sm-12 wpb_column column_container  _ height-full\">\n\t<div class=\"vc_empty_space\"   style=\"height: 28px\" ><span class=\"vc_empty_space_inner\"><\/span><\/div>\n<\/div>\n\t<\/div>\n\n\t<\/div><\/div><\/div>\n\t\n<div  class=\"wpb_row vc_row vc_row-fluid  mk-fullwidth-true  attched-false     js-master-row\">\n\t\t\t<div class=\"mk-grid\">\n\t\t\n\t\t\t\n<div style=\"\" class=\"vc_col-sm-12 wpb_column column_container  _ height-full\">\n\t\t<div class=\"vc_custom_1721329530197\">\n\n<div id=\"text-block-1\" class=\"mk-text-block\">\n\n\t\n\t<h1><span style=\"color: #333399; font-family: arial, helvetica, sans-serif;\">T\u1ed1i \u01b0u h\u00f3a v\u00e0 \u0111\u1ea9y nhanh qu\u00e1 tr\u00ecnh thanh to\u00e1n chi ph\u00ed sinh ho\u1ea1t h\u00e0ng ng\u00e0y ho\u1eb7c ho\u00e0n tr\u1ea3 chi ph\u00ed cho ng\u01b0\u1eddi tham gia v\u1edbi th\u1ebb Visa n\u1ea1p l\u1ea1i c\u1ee7a Colpitts Clinical.<\/span><\/h1>\n\n\t<div class=\"clearboth\"><\/div>\n<\/div>\n\n\t<\/div>\n\t<div class=\"vc_custom_1678986612273\">\n\n<div id=\"text-block-2\" class=\"mk-text-block\">\n\n\t\n\t<p>Colpitts Clinical \u0111\u00e3 th\u00e0nh c\u00f4ng trong vi\u1ec7c qu\u1ea3n l\u00fd h\u01a1n $5 tri\u1ec7u USD chi ph\u00ed th\u1eed nghi\u1ec7m ch\u1ec9 trong v\u00f2ng m\u1ed9t n\u0103m qua. N\u00e2ng cao hi\u1ec7u qu\u1ea3 c\u1ee7a th\u1eed nghi\u1ec7m c\u1ee7a b\u1ea1n v\u1edbi Th\u1ebb Visa N\u1ea1p L\u1ea1i, gi\u00fap gi\u1ea3m b\u1edbt g\u00e1nh n\u1eb7ng h\u00e0nh ch\u00ednh v\u00e0 mang l\u1ea1i s\u1ef1 an t\u00e2m cho c\u00e1c t\u00ecnh nguy\u1ec7n vi\u00ean, nh\u1eefng ng\u01b0\u1eddi kh\u00f4ng ph\u1ea3i ch\u1edd \u0111\u1ee3i h\u00e0ng tu\u1ea7n ho\u1eb7c h\u00e0ng th\u00e1ng \u0111\u1ec3 \u0111\u01b0\u1ee3c ho\u00e0n tr\u1ea3 chi ph\u00ed.<\/p>\n<p>Ng\u01b0\u1eddi tham gia nh\u1eadn kho\u1ea3n thanh to\u00e1n h\u00e0ng ng\u00e0y ho\u1eb7c ho\u00e0n tr\u1ea3 chi ph\u00ed th\u00f4ng qua Th\u1ebb Visa N\u1ea1p L\u1ea1i, \u0111\u01b0\u1ee3c g\u1eedi b\u1edfi Colpitts Clinical. B\u1ec7nh nh\u00e2n \u0111\u01b0\u1ee3c cung c\u1ea5p h\u01b0\u1edbng d\u1eabn r\u00f5 r\u00e0ng v\u1ec1 c\u00e1ch v\u00e0 n\u01a1i s\u1eed d\u1ee5ng th\u1ebb c\u1ee7a m\u00ecnh, c\u0169ng nh\u01b0 th\u00f4ng tin v\u1ec1 c\u00e1c chi ph\u00ed \u0111\u01b0\u1ee3c nh\u00e0 t\u00e0i tr\u1ee3 th\u1eed nghi\u1ec7m ch\u1ea5p thu\u1eadn. Trong tr\u01b0\u1eddng h\u1ee3p th\u1eddi gian tham gia th\u1eed nghi\u1ec7m c\u1ee7a ng\u01b0\u1eddi tham gia \u0111\u01b0\u1ee3c k\u00e9o d\u00e0i, th\u1ebb c\u1ee7a h\u1ecd c\u00f3 th\u1ec3 ti\u1ebfp t\u1ee5c \u0111\u01b0\u1ee3c n\u1ea1p ti\u1ec1n v\u1edbi c\u00e1c kho\u1ea3n tr\u1ee3 c\u1ea5p h\u00e0ng ng\u00e0y ho\u1eb7c b\u1ed3i th\u01b0\u1eddng chi ph\u00ed \u0111\u01b0\u1ee3c ph\u00e9p theo nghi\u00ean c\u1ee9u. Colpitts Clinical cung c\u1ea5p d\u1ecbch v\u1ee5 c\u00e1 nh\u00e2n v\u00e0 b\u1ea3o m\u1eadt cho b\u1ec7nh nh\u00e2n khi s\u1eafp x\u1ebfp c\u00e1c th\u1ee7 t\u1ee5c \u0111i l\u1ea1i v\u00e0 b\u1ed3i th\u01b0\u1eddng. Ch\u00fang t\u00f4i h\u1ee3p t\u00e1c v\u1edbi nhi\u1ec1u c\u00f4ng ty c\u00f4ng ngh\u1ec7 sinh h\u1ecdc, d\u01b0\u1ee3c ph\u1ea9m h\u00e0ng \u0111\u1ea7u v\u00e0 c\u00e1c t\u1ed5 ch\u1ee9c nghi\u00ean c\u1ee9u h\u1ee3p \u0111\u1ed3ng (CROs), v\u00e0 hi\u1ec3u r\u00f5 t\u1ea7m quan tr\u1ecdng c\u1ee7a vi\u1ec7c b\u1ea3o v\u1ec7 th\u00f4ng tin nh\u1ea1y c\u1ea3m.<\/p>\n\n\t<div class=\"clearboth\"><\/div>\n<\/div>\n\n\t<\/div>\n\n<div class=\"mk-custom-box hover-effect-image\" id=\"box-3\">\n\t<div class=\"box-holder\">\t<div class=\"vc_custom_1730355721850\">\n\n<div id=\"text-block-4\" class=\"mk-text-block\">\n\n\t\n\t<h1 style=\"padding-left: 30px;\"><span style=\"font-size: 24pt; color: #808080;\">L\u1ee2I \u00cdCH C\u1ee6A VI\u1ec6C S\u1eec D\u1ee4NG TH\u1eba VISA N\u1ea0P L\u1ea0I<\/span><\/h1>\n<ul style=\"color: #808080;\">\n<li><span style=\"color: #808080;\">C\u00f3 th\u1ec3 s\u1eed d\u1ee5ng t\u1ea1i h\u01a1n 200 qu\u1ed1c gia n\u01a1i Visa \u0111\u01b0\u1ee3c ch\u1ea5p nh\u1eadn.<\/span><\/li>\n<li><span data-olk-copy-source=\"MessageBody\">Th\u1ebb Visa n\u1ea1p l\u1ea1i \u0111\u01b0\u1ee3c c\u00f3 th\u1eddi h\u1ea1n s\u1eed d\u1ee5ng l\u00e0 5 n\u0103m.<\/span><\/li>\n<li>Kh\u00f4ng c\u00f3 ph\u00ed h\u00e0ng th\u00e1ng.<\/li>\n<li><span style=\"color: #808080;\">V\u1edbi chip t\u00edch h\u1ee3p v\u00e0 ch\u1ec9 c\u1ea7n k\u00fd t\u00ean, nh\u1eefng th\u1ebb n\u00e0y cung c\u1ea5p m\u1ed9t gi\u1ea3i ph\u00e1p an to\u00e0n v\u00e0 ti\u1ec7n l\u1ee3i cho b\u1ec7nh nh\u00e2n.<\/span><\/li>\n<li><span style=\"color: #808080;\">Hi\u1ec7u qu\u1ea3 v\u1ec1 chi ph\u00ed h\u01a1n so v\u1edbi s\u00e9c gi\u1ea5y truy\u1ec1n th\u1ed1ng, th\u1ebb Visa n\u1ea1p l\u1ea1i c\u1ee7a Colpitts Clinical c\u00f3 th\u1ec3 \u0111\u01b0\u1ee3c n\u1ea1p v\u1edbi c\u00e1c m\u1ee9c ti\u1ec1n kh\u00e1c nhau v\u00e0 cho ph\u00e9p b\u1ec7nh nh\u00e2n truy c\u1eadp ngay l\u1eadp t\u1ee9c v\u00e0o s\u1ed1 ti\u1ec1n c\u1ee7a m\u00ecnh.<\/span><\/li>\n<li><span style=\"color: #808080;\">D\u1ecbch v\u1ee5 truy c\u1eadp di \u0111\u1ed9ng 24\/7 v\u00e0 h\u1ed7 tr\u1ee3 kh\u00e1ch h\u00e0ng b\u1eb1ng nhi\u1ec1u ng\u00f4n ng\u1eef lu\u00f4n s\u1eb5n s\u00e0ng \u0111\u1ec3 gi\u00fap b\u1ec7nh nh\u00e2n ki\u1ec3m tra s\u1ed1 d\u01b0 v\u00e0 gi\u1ea3i \u0111\u00e1p m\u1ecdi th\u1eafc m\u1eafc c\u1ee7a h\u1ecd.<\/span><\/li>\n<li><span style=\"color: #808080;\">C\u00e1c \u0110i\u1ec1u ph\u1ed1i vi\u00ean Chi ph\u00ed c\u1ee7a Colpitts Clinical qu\u1ea3n l\u00fd Th\u1ebb Visa N\u1ea1p L\u1ea1i c\u1ee7a ch\u00fang t\u00f4i. Trong tr\u01b0\u1eddng h\u1ee3p th\u1ebb b\u1ecb m\u1ea5t ho\u1eb7c b\u1ecb \u0111\u00e1nh c\u1eafp, b\u1ec7nh nh\u00e2n vui l\u00f2ng li\u00ean h\u1ec7 v\u1edbi c\u00e1c \u0110i\u1ec1u ph\u1ed1i vi\u00ean Chi ph\u00ed c\u1ee7a Colpitts Clinical \u0111\u1ec3 \u0111\u01b0\u1ee3c h\u1ed7 tr\u1ee3. C\u00e1c \u0110i\u1ec1u ph\u1ed1i vi\u00ean Chi ph\u00ed c\u1ee7a ch\u00fang t\u00f4i c\u00f3 th\u1ec3 nhanh ch\u00f3ng c\u1ea5p ph\u00e1t th\u1ebb m\u1edbi v\u00e0 chuy\u1ec3n s\u1ed1 ti\u1ec1n c\u00f2n l\u1ea1i sang th\u1ebb thay th\u1ebf.<\/span><\/li>\n<\/ul>\n\n\t<div class=\"clearboth\"><\/div>\n<\/div>\n\n\t<\/div>\n\t<div class=\"vc_custom_1678986635483\">\n\n<div id=\"text-block-5\" class=\"mk-text-block\">\n\n\t\n\t<p><span style=\"font-family: arial, helvetica, sans-serif;\"><span style=\"font-family: 'arial black', sans-serif;\">L\u01afU \u00dd:<\/span><b><br>\n<\/b>\u0110\u1ed1i v\u1edbi b\u1ec7nh nh\u00e2n \u1edf ngo\u00e0i khu v\u1ef1c B\u1eafc M\u1ef9 v\u00e0 Li\u00ean minh Ch\u00e2u \u00c2u (EU), c\u00f3 s\u1eb5n m\u1ed9t gi\u1ea3i ph\u00e1p thanh to\u00e1n thay th\u1ebf d\u01b0\u1edbi d\u1ea1ng chuy\u1ec3n kho\u1ea3n ng\u00e2n h\u00e0ng \u0111i\u1ec7n t\u1eed cho c\u00e1c qu\u1ed1c gia n\u01a1i vi\u1ec7c ch\u1ea5p nh\u1eadn th\u1ebb Visa b\u1ecb h\u1ea1n ch\u1ebf.<br>\n<\/span><\/p>\n\n\t<div class=\"clearboth\"><\/div>\n<\/div>\n\n\t<\/div>\n\n\t\t<div class=\"clearfix\"><\/div>\n\t<\/div>\n<\/div> <\/div>\n\t\t\n\t\t<\/div>\t\n\t<\/div>\n\n\n\t<div class=\"mk-main-wrapper-holder\">\n\t\t<div class=\"theme-page-wrapper full-layout mk-grid vc_row-fluid no-padding\">\n\t\t\t<div class=\"theme-content no-padding\">\n\n\t\t\t\t<\/div><\/div><\/div>\n\t\n<div  class=\"wpb_row vc_row vc_row-fluid  mk-fullwidth-true  attched-false    vc_custom_1507952751794  js-master-row\">\n\t\t\t<div class=\"mk-grid\">\n\t\t\n\t\t\t\n<div style=\"\" class=\"vc_col-sm-12 wpb_column column_container vc_custom_1507950914948  _ height-full\">\n\t\t<div class=\"vc_custom_1772824841551\">\n\n<div id=\"text-block-6\" class=\"mk-text-block\">\n\n\t\n\t<h1><span style=\"color: #808080; font-family: arial, helvetica, sans-serif;\">Qu\u1ea3n l\u00fd v\u00e0 thanh to\u00e1n tr\u1ee3 c\u1ea5p<\/span><\/h1>\n<ul>\n<li>Ph\u1ee5 c\u1ea5p: B\u1ec7nh nh\u00e2n \u0111\u01b0\u1ee3c tr\u1ea3 ti\u1ec1n cho vi\u1ec7c tham gia (v\u00ed d\u1ee5: thanh to\u00e1n theo m\u1ed1c th\u1eddi gian, b\u1ed3i th\u01b0\u1eddng, b\u1ed3i th\u01b0\u1eddng thu nh\u1eadp b\u1ecb m\u1ea5t, v.v.); \u0111i\u1ec1u n\u00e0y kh\u00f4ng gi\u1ed1ng nh\u01b0 ti\u1ec1n ph\u1ee5 c\u1ea5p h\u00e0ng ng\u00e0y ho\u1eb7c b\u1ed3i ho\u00e0n chi ph\u00ed m\u00e0 b\u1ec7nh nh\u00e2n \u0111\u00e3 chi tr\u1ea3. Ph\u1ee5 c\u1ea5p \u0111\u01b0\u1ee3c coi l\u00e0 thu nh\u1eadp ch\u1ecbu thu\u1ebf t\u1ea1i Hoa K\u1ef3 n\u1ebfu ng\u01b0\u1eddi tham gia nh\u1eadn \u0111\u01b0\u1ee3c $600 ho\u1eb7c h\u01a1n trong m\u1ed9t n\u0103m d\u01b0\u01a1ng l\u1ecbch.<\/li>\n<li>Colpitts Clinical cung c\u1ea5p d\u1ecbch v\u1ee5 qu\u1ea3n l\u00fd tr\u1ee3 c\u1ea5p to\u00e0n di\u1ec7n, bao g\u1ed3m:\n<ul>\n<li>Gi\u1ea3i ph\u00e1p t\u00f9y ch\u1ec9nh cho nh\u00e0 t\u00e0i tr\u1ee3 d\u00e0nh cho c\u00f4ng d\u00e2n Hoa K\u1ef3<\/li>\n<li>Thu th\u1eadp c\u00e1c bi\u1ec3u m\u1eabu W9 t\u1eeb b\u1ec7nh nh\u00e2n<\/li>\n<li>Theo d\u00f5i t\u1ea5t c\u1ea3 c\u00e1c kho\u1ea3n thanh to\u00e1n trong su\u1ed1t qu\u00e1 tr\u00ecnh th\u1eed nghi\u1ec7m.<\/li>\n<li>Thanh to\u00e1n h\u00e0ng th\u00e1ng c\u00e1c kho\u1ea3n tr\u1ee3 c\u1ea5p k\u00e8m theo chi ti\u1ebft thanh to\u00e1n<\/li>\n<li>Ghi c\u00f3 ti\u1ec1n tr\u1ee3 c\u1ea5p v\u00e0o th\u1ebb Visa c\u00f3 th\u1ec3 n\u1ea1p l\u1ea1i<\/li>\n<li>Ph\u00e1t h\u00e0nh m\u1eabu \u0111\u01a1n 1099 c\u1ee7a C\u1ee5c Thu\u1ebf Li\u00ean bang Hoa K\u1ef3 (IRS) cho m\u1ed7i ng\u01b0\u1eddi tham gia nh\u1eadn \u0111\u01b0\u1ee3c h\u01a1n $2,000 USD ti\u1ec1n tr\u1ee3 c\u1ea5p.<\/li>\n<\/ul>\n<\/li>\n<\/ul>\n\n\t<div class=\"clearboth\"><\/div>\n<\/div>\n\n\t<\/div>\n<div class=\"vc_empty_space\"   style=\"height: 28px\" ><span class=\"vc_empty_space_inner\"><\/span><\/div>\n<\/div>\n\t\t\n\t\t<\/div>\t\n\t<\/div>\n\n\n\t<div class=\"mk-main-wrapper-holder\">\n\t\t<div class=\"theme-page-wrapper full-layout mk-grid vc_row-fluid no-padding\">\n\t\t\t<div class=\"theme-content no-padding\">\n\n\t\t\t\t<\/div><\/div><\/div>\n\t\n<div  class=\"wpb_row vc_row vc_row-fluid  mk-fullwidth-true  attched-false    vc_custom_1639375347930  js-master-row\">\n\t\t\n\t\t\t\n<div style=\"\" class=\"vc_col-sm-12 wpb_column column_container  _ height-full\">\n\t\n<h2 id=\"fancy-title-7\" class=\"mk-fancy-title  simple-style   color-single\">\n\t<span>\n\t\t\t\t\n<h2 style=\"text-align: center;\"><span style=\"color: #333399;\"><strong><span style=\"font-family: arial, helvetica, sans-serif;\">B\u1ea1n \u0111ang t\u00ecm ki\u1ebfm m\u1ed9t gi\u1ea3i ph\u00e1p hi\u1ec7u qu\u1ea3 v\u1ec1 chi ph\u00ed cho th\u1eed nghi\u1ec7m l\u00e2m s\u00e0ng c\u1ee7a m\u00ecnh?<\/span><\/strong><\/span><\/h2>\n<p style=\"text-align: center;\">\n<div id=\"mk-button-8\" class=\"mk-button-container _ relative    block text-center\">\n\n\t\n\t\t<a id=\"Buton ID\" href=\"https:\/\/colpittsclinical.com\/vi\/contact-us\/\"   target=\"_self\" class=\"mk-button js-smooth-scroll mk-button--dimension-three mk-button--size-medium mk-button--corner-pointed text-color-light _ relative text-center font-weight-700 no-backface  letter-spacing-1 inline\">\n\t\t\t\t\t\t \n\t\t\t<span class=\"mk-button--text\">B\u1eaft \u0111\u1ea7u<\/span>\n\t\t\t\t\t<\/a>\n\n\t\n<\/div>\n\t\t\t<\/span>\n<\/h2>\n<div class=\"clearboth\"><\/div>\n\n\n\n<\/div>\n\t<\/div>\n\n\n\t<div class=\"mk-main-wrapper-holder\">\n\t\t<div class=\"theme-page-wrapper full-layout mk-grid vc_row-fluid no-padding\">\n\t\t\t<div class=\"theme-content no-padding\">","protected":false},"excerpt":{"rendered":"var lsjQuery = jQuery; lsjQuery(document).ready(function() { if(typeof lsjQuery.fn.layerSlider == \"undefined\") { if( window._layerSlider && window._layerSlider.showNotice) { window._layerSlider.showNotice('layerslider_38_2','jquery'); } } else { lsjQuery(\"#layerslider_38_2\").layerSlider({sliderVersion: '6.5.7', type: 'fullwidth', navPrevNext: false, hoverPrevNext: false, navStartStop: false, navButtons: false, showCircleTimer: false, popupWidth: 640, popupHeight: 360, skinsPath: 'https:\/\/colpittsclinical.com\/wp-content\/plugins\/LayerSlider\/static\/layerslider\/skins\/'}); } }); CLINICAL TRIAL PAYMENTS SIMPLIFY AND SPEED UP PARTICIPANT PER DIEMS OR REIMBURSEMENTS [...]","protected":false},"author":1,"featured_media":0,"parent":0,"menu_order":0,"comment_status":"closed","ping_status":"closed","template":"","meta":{"_exactmetrics_skip_tracking":false,"_exactmetrics_sitenote_active":false,"_exactmetrics_sitenote_note":"","_exactmetrics_sitenote_category":0,"footnotes":""},"class_list":["post-256","page","type-page","status-publish","hentry"],"yoast_head":"<!-- This site is optimized with the Yoast SEO plugin v27.5 - https:\/\/yoast.com\/product\/yoast-seo-wordpress\/ -->\n<title>Clinical Trial Payments - Colpitts Clinical<\/title>\n<meta name=\"description\" content=\"Colpitts Clinical has managed over $5 million in trial expenses just in the past year alone. Manage your trial smarter with Reloadable Prepaid Cards that reduce administrative hassle and reassure patients that they won\u2019t be waiting weeks or months for reimbursement.\" \/>\n<meta name=\"robots\" content=\"index, follow, max-snippet:-1, max-image-preview:large, max-video-preview:-1\" \/>\n<link rel=\"canonical\" href=\"https:\/\/colpittsclinical.com\/vi\/clinical-trial-payments\/\" \/>\n<meta property=\"og:locale\" content=\"vi_VN\" \/>\n<meta property=\"og:type\" content=\"article\" \/>\n<meta property=\"og:title\" content=\"Clinical Trial Payments - Colpitts Clinical\" \/>\n<meta property=\"og:description\" content=\"Colpitts Clinical has managed over $5 million in trial expenses just in the past year alone. Manage your trial smarter with Reloadable Prepaid Cards that reduce administrative hassle and reassure patients that they won\u2019t be waiting weeks or months for reimbursement.\" \/>\n<meta property=\"og:url\" content=\"https:\/\/colpittsclinical.com\/vi\/clinical-trial-payments\/\" \/>\n<meta property=\"og:site_name\" content=\"Colpitts Clinical\" \/>\n<meta property=\"article:publisher\" content=\"https:\/\/www.facebook.com\/ColpittsClinicalTrialTravel\/\" \/>\n<meta property=\"article:modified_time\" content=\"2026-03-06T19:21:03+00:00\" \/>\n<meta name=\"twitter:card\" content=\"summary_large_image\" \/>\n<meta name=\"twitter:label1\" content=\"\u01af\u1edbc t\u00ednh th\u1eddi gian \u0111\u1ecdc\" \/>\n\t<meta name=\"twitter:data1\" content=\"3 ph\u00fat\" \/>\n<script type=\"application\/ld+json\" class=\"yoast-schema-graph\">{\"@context\":\"https:\\\/\\\/schema.org\",\"@graph\":[{\"@type\":\"WebPage\",\"@id\":\"https:\\\/\\\/colpittsclinical.com\\\/clinical-trial-payments\\\/\",\"url\":\"https:\\\/\\\/colpittsclinical.com\\\/clinical-trial-payments\\\/\",\"name\":\"Clinical Trial Payments - Colpitts Clinical\",\"isPartOf\":{\"@id\":\"https:\\\/\\\/colpittsclinical.com\\\/#website\"},\"datePublished\":\"2017-07-24T05:17:46+00:00\",\"dateModified\":\"2026-03-06T19:21:03+00:00\",\"description\":\"Colpitts Clinical has managed over $5 million in trial expenses just in the past year alone. Manage your trial smarter with Reloadable Prepaid Cards that reduce administrative hassle and reassure patients that they won\u2019t be waiting weeks or months for reimbursement.\",\"breadcrumb\":{\"@id\":\"https:\\\/\\\/colpittsclinical.com\\\/clinical-trial-payments\\\/#breadcrumb\"},\"inLanguage\":\"vi\",\"potentialAction\":[{\"@type\":\"ReadAction\",\"target\":[\"https:\\\/\\\/colpittsclinical.com\\\/clinical-trial-payments\\\/\"]}]},{\"@type\":\"BreadcrumbList\",\"@id\":\"https:\\\/\\\/colpittsclinical.com\\\/clinical-trial-payments\\\/#breadcrumb\",\"itemListElement\":[{\"@type\":\"ListItem\",\"position\":1,\"name\":\"Home\",\"item\":\"https:\\\/\\\/colpittsclinical.com\\\/\"},{\"@type\":\"ListItem\",\"position\":2,\"name\":\"Clinical Trial Payments\"}]},{\"@type\":\"WebSite\",\"@id\":\"https:\\\/\\\/colpittsclinical.com\\\/#website\",\"url\":\"https:\\\/\\\/colpittsclinical.com\\\/\",\"name\":\"Colpitts Clinical\",\"description\":\"patient-liaison\",\"publisher\":{\"@id\":\"https:\\\/\\\/colpittsclinical.com\\\/#organization\"},\"potentialAction\":[{\"@type\":\"SearchAction\",\"target\":{\"@type\":\"EntryPoint\",\"urlTemplate\":\"https:\\\/\\\/colpittsclinical.com\\\/?s={search_term_string}\"},\"query-input\":{\"@type\":\"PropertyValueSpecification\",\"valueRequired\":true,\"valueName\":\"search_term_string\"}}],\"inLanguage\":\"vi\"},{\"@type\":\"Organization\",\"@id\":\"https:\\\/\\\/colpittsclinical.com\\\/#organization\",\"name\":\"Colpitts Clinical\",\"url\":\"https:\\\/\\\/colpittsclinical.com\\\/\",\"logo\":{\"@type\":\"ImageObject\",\"inLanguage\":\"vi\",\"@id\":\"https:\\\/\\\/colpittsclinical.com\\\/#\\\/schema\\\/logo\\\/image\\\/\",\"url\":\"https:\\\/\\\/colpittsclinical.com\\\/wp-content\\\/uploads\\\/2017\\\/10\\\/cc-logo-212-1.png\",\"contentUrl\":\"https:\\\/\\\/colpittsclinical.com\\\/wp-content\\\/uploads\\\/2017\\\/10\\\/cc-logo-212-1.png\",\"width\":212,\"height\":48,\"caption\":\"Colpitts Clinical\"},\"image\":{\"@id\":\"https:\\\/\\\/colpittsclinical.com\\\/#\\\/schema\\\/logo\\\/image\\\/\"},\"sameAs\":[\"https:\\\/\\\/www.facebook.com\\\/ColpittsClinicalTrialTravel\\\/\",\"https:\\\/\\\/www.linkedin.com\\\/company\\\/colpittsclinical\\\/\"]}]}<\/script>\n<!-- \/ Yoast SEO plugin. -->","yoast_head_json":{"title":"Clinical Trial Payments - Colpitts Clinical","description":"Colpitts Clinical has managed over $5 million in trial expenses just in the past year alone. Manage your trial smarter with Reloadable Prepaid Cards that reduce administrative hassle and reassure patients that they won\u2019t be waiting weeks or months for reimbursement.","robots":{"index":"index","follow":"follow","max-snippet":"max-snippet:-1","max-image-preview":"max-image-preview:large","max-video-preview":"max-video-preview:-1"},"canonical":"https:\/\/colpittsclinical.com\/vi\/clinical-trial-payments\/","og_locale":"vi_VN","og_type":"article","og_title":"Clinical Trial Payments - Colpitts Clinical","og_description":"Colpitts Clinical has managed over $5 million in trial expenses just in the past year alone. Manage your trial smarter with Reloadable Prepaid Cards that reduce administrative hassle and reassure patients that they won\u2019t be waiting weeks or months for reimbursement.","og_url":"https:\/\/colpittsclinical.com\/vi\/clinical-trial-payments\/","og_site_name":"Colpitts Clinical","article_publisher":"https:\/\/www.facebook.com\/ColpittsClinicalTrialTravel\/","article_modified_time":"2026-03-06T19:21:03+00:00","twitter_card":"summary_large_image","twitter_misc":{"\u01af\u1edbc t\u00ednh th\u1eddi gian \u0111\u1ecdc":"3 ph\u00fat"},"schema":{"@context":"https:\/\/schema.org","@graph":[{"@type":"WebPage","@id":"https:\/\/colpittsclinical.com\/clinical-trial-payments\/","url":"https:\/\/colpittsclinical.com\/clinical-trial-payments\/","name":"Clinical Trial Payments - Colpitts Clinical","isPartOf":{"@id":"https:\/\/colpittsclinical.com\/#website"},"datePublished":"2017-07-24T05:17:46+00:00","dateModified":"2026-03-06T19:21:03+00:00","description":"Colpitts Clinical has managed over $5 million in trial expenses just in the past year alone. Manage your trial smarter with Reloadable Prepaid Cards that reduce administrative hassle and reassure patients that they won\u2019t be waiting weeks or months for reimbursement.","breadcrumb":{"@id":"https:\/\/colpittsclinical.com\/clinical-trial-payments\/#breadcrumb"},"inLanguage":"vi","potentialAction":[{"@type":"ReadAction","target":["https:\/\/colpittsclinical.com\/clinical-trial-payments\/"]}]},{"@type":"BreadcrumbList","@id":"https:\/\/colpittsclinical.com\/clinical-trial-payments\/#breadcrumb","itemListElement":[{"@type":"ListItem","position":1,"name":"Home","item":"https:\/\/colpittsclinical.com\/"},{"@type":"ListItem","position":2,"name":"Clinical Trial Payments"}]},{"@type":"WebSite","@id":"https:\/\/colpittsclinical.com\/#website","url":"https:\/\/colpittsclinical.com\/","name":"Colpitts L\u00e2m s\u00e0ng","description":"\u0110\u1ea1i di\u1ec7n li\u00ean l\u1ea1c v\u1edbi b\u1ec7nh nh\u00e2n","publisher":{"@id":"https:\/\/colpittsclinical.com\/#organization"},"potentialAction":[{"@type":"SearchAction","target":{"@type":"EntryPoint","urlTemplate":"https:\/\/colpittsclinical.com\/?s={search_term_string}"},"query-input":{"@type":"PropertyValueSpecification","valueRequired":true,"valueName":"search_term_string"}}],"inLanguage":"vi"},{"@type":"Organization","@id":"https:\/\/colpittsclinical.com\/#organization","name":"Colpitts L\u00e2m s\u00e0ng","url":"https:\/\/colpittsclinical.com\/","logo":{"@type":"ImageObject","inLanguage":"vi","@id":"https:\/\/colpittsclinical.com\/#\/schema\/logo\/image\/","url":"https:\/\/colpittsclinical.com\/wp-content\/uploads\/2017\/10\/cc-logo-212-1.png","contentUrl":"https:\/\/colpittsclinical.com\/wp-content\/uploads\/2017\/10\/cc-logo-212-1.png","width":212,"height":48,"caption":"Colpitts Clinical"},"image":{"@id":"https:\/\/colpittsclinical.com\/#\/schema\/logo\/image\/"},"sameAs":["https:\/\/www.facebook.com\/ColpittsClinicalTrialTravel\/","https:\/\/www.linkedin.com\/company\/colpittsclinical\/"]}]}},"jetpack_sharing_enabled":true,"post_mailing_queue_ids":[],"_links":{"self":[{"href":"https:\/\/colpittsclinical.com\/vi\/wp-json\/wp\/v2\/pages\/256","targetHints":{"allow":["GET"]}}],"collection":[{"href":"https:\/\/colpittsclinical.com\/vi\/wp-json\/wp\/v2\/pages"}],"about":[{"href":"https:\/\/colpittsclinical.com\/vi\/wp-json\/wp\/v2\/types\/page"}],"author":[{"embeddable":true,"href":"https:\/\/colpittsclinical.com\/vi\/wp-json\/wp\/v2\/users\/1"}],"replies":[{"embeddable":true,"href":"https:\/\/colpittsclinical.com\/vi\/wp-json\/wp\/v2\/comments?post=256"}],"version-history":[{"count":150,"href":"https:\/\/colpittsclinical.com\/vi\/wp-json\/wp\/v2\/pages\/256\/revisions"}],"predecessor-version":[{"id":6583,"href":"https:\/\/colpittsclinical.com\/vi\/wp-json\/wp\/v2\/pages\/256\/revisions\/6583"}],"wp:attachment":[{"href":"https:\/\/colpittsclinical.com\/vi\/wp-json\/wp\/v2\/media?parent=256"}],"curies":[{"name":"wp","href":"https:\/\/api.w.org\/{rel}","templated":true}]}}