{"id":1220,"date":"2017-09-27T02:33:07","date_gmt":"2017-09-27T06:33:07","guid":{"rendered":"https:\/\/colpittsclinical.com\/?page_id=1220"},"modified":"2025-02-23T16:50:45","modified_gmt":"2025-02-23T21:50:45","slug":"world-wide-clinical-trials","status":"publish","type":"page","link":"https:\/\/colpittsclinical.com\/vi\/world-wide-clinical-trials\/","title":{"rendered":"C\u00e1c th\u1eed nghi\u1ec7m l\u00e2m s\u00e0ng tr\u00ean to\u00e0n th\u1ebf gi\u1edbi"},"content":{"rendered":"<\/div><\/div><\/div>\n\t\n<div  class=\"wpb_row vc_row vc_row-fluid  mk-fullwidth-true  attched-false    vc_custom_1589343688353  js-master-row\">\n\t\t\n\t\t\t\n<div style=\"\" class=\"vc_col-sm-12 wpb_column column_container vc_custom_1507755231622  _ height-full\">\n\t\n\t<div  class=\"wpb_single_image wpb_content_element vc_align_center  vc_custom_1728868998993\">\n\t\t\n\t\t<figure class=\"wpb_wrapper vc_figure\">\n\t\t\t<div class=\"vc_single_image-wrapper   vc_box_border_grey\"><img loading=\"lazy\" decoding=\"async\" width=\"2133\" height=\"798\" src=\"https:\/\/i0.wp.com\/colpittsclinical.com\/wp-content\/uploads\/2024\/10\/global-reach-map-1000-101424.jpg?fit=2133%2C798&amp;ssl=1\" class=\"vc_single_image-img attachment-full\" alt=\"Worldwide Clinical Trials-Over 1300 clinical trials\" srcset=\"https:\/\/i0.wp.com\/colpittsclinical.com\/wp-content\/uploads\/2024\/10\/global-reach-map-1000-101424.jpg?w=2133&amp;ssl=1 2133w, https:\/\/i0.wp.com\/colpittsclinical.com\/wp-content\/uploads\/2024\/10\/global-reach-map-1000-101424.jpg?resize=300%2C112&amp;ssl=1 300w, https:\/\/i0.wp.com\/colpittsclinical.com\/wp-content\/uploads\/2024\/10\/global-reach-map-1000-101424.jpg?resize=1024%2C383&amp;ssl=1 1024w, https:\/\/i0.wp.com\/colpittsclinical.com\/wp-content\/uploads\/2024\/10\/global-reach-map-1000-101424.jpg?resize=768%2C287&amp;ssl=1 768w, https:\/\/i0.wp.com\/colpittsclinical.com\/wp-content\/uploads\/2024\/10\/global-reach-map-1000-101424.jpg?resize=1536%2C575&amp;ssl=1 1536w, https:\/\/i0.wp.com\/colpittsclinical.com\/wp-content\/uploads\/2024\/10\/global-reach-map-1000-101424.jpg?resize=2048%2C766&amp;ssl=1 2048w, https:\/\/i0.wp.com\/colpittsclinical.com\/wp-content\/uploads\/2024\/10\/global-reach-map-1000-101424.jpg?resize=640%2C239&amp;ssl=1 640w\" sizes=\"auto, (max-width: 1140px) 100vw, 1140px\" itemprop=\"image\" \/><\/div>\n\t\t<\/figure>\n\t<\/div>\n<\/div>\n\t<\/div>\n\n\n\t<div class=\"mk-main-wrapper-holder\">\n\t\t<div class=\"theme-page-wrapper full-layout mk-grid vc_row-fluid no-padding\">\n\t\t\t<div class=\"theme-content no-padding\">\n\n\t\t\t\t<\/div><\/div><\/div>\n\t\n<div  class=\"wpb_row vc_row vc_row-fluid  mk-fullwidth-true  attched-false    vc_custom_1538446768957  js-master-row\">\n\t\t\t<div class=\"mk-grid\">\n\t\t\n\t\t\t\n<div style=\"\" class=\"vc_col-sm-12 wpb_column column_container  _ height-full\">\n\t\t<div class=\"vc_custom_1687368955234\">\n\n<div id=\"text-block-1\" class=\"mk-text-block\">\n\n\t\n\t<h1 style=\"text-align: center;\"><span style=\"font-size: 24pt; font-weight: normal; color: #808080;\">K\u1ebft n\u1ed1i th\u1ebf gi\u1edbi: Colpitts Clinical \u0111\u00e3 m\u1edf r\u1ed9ng ho\u1ea1t \u0111\u1ed9ng \u0111\u1ebfn h\u01a1n 190 \u0111\u1ecba \u0111i\u1ec3m t\u1ea1i 50 qu\u1ed1c gia.<\/span><\/h1>\n<p><span style=\"font-size: 14pt;\">Colpitts Clinical cung c\u1ea5p h\u1ed7 tr\u1ee3 to\u00e0n c\u1ea7u cho c\u00e1c th\u1eed nghi\u1ec7m l\u00e2m s\u00e0ng, v\u1edbi kh\u1ea3 n\u0103ng ti\u1ebfp c\u1eadn h\u01a1n 190 \u0111\u1ecba \u0111i\u1ec3m t\u1ea1i h\u01a1n 50 qu\u1ed1c gia. Ph\u1ea1m vi to\u00e0n c\u1ea7u n\u00e0y cho ph\u00e9p Colpitts Clinical \u0111\u00e0m ph\u00e1n \u0111\u01b0\u1ee3c m\u1ee9c ph\u00ed di chuy\u1ec3n \u01b0u \u0111\u00e3i, cung c\u1ea5p d\u1ecbch v\u1ee5 nh\u1ea1y c\u1ea3m v\u1edbi v\u0103n h\u00f3a, h\u1ed7 tr\u1ee3 ng\u00f4n ng\u1eef \u0111\u1ecba ph\u01b0\u01a1ng v\u00e0 t\u00f9y ch\u1ec9nh d\u1ecbch v\u1ee5 \u0111\u1ec3 \u0111\u00e1p \u1ee9ng nhu c\u1ea7u \u0111\u1eb7c th\u00f9 c\u1ee7a b\u1ec7nh nh\u00e2n tham gia c\u00e1c th\u1eed nghi\u1ec7m l\u00e2m s\u00e0ng do kh\u00e1ch h\u00e0ng c\u1ee7a Colpitts Clinical t\u00e0i tr\u1ee3. Ngo\u00e0i ra, Colpitts Clinical cung c\u1ea5p d\u1ecbch v\u1ee5 d\u1ecbch thu\u1eadt ng\u00f4n ng\u1eef \u0111\u1ec3 \u0111\u1ea3m b\u1ea3o giao ti\u1ebfp su\u00f4n s\u1ebb cho b\u1ec7nh nh\u00e2n n\u01b0\u1edbc ngo\u00e0i khi h\u1ecd \u0111\u1ebfn m\u1ed9t qu\u1ed1c gia kh\u00e1c \u0111\u1ec3 tham gia th\u1eed nghi\u1ec7m l\u00e2m s\u00e0ng.<\/span><\/p>\n\n\t<div class=\"clearboth\"><\/div>\n<\/div>\n\n\t<\/div>\n<\/div>\n\t\t\n\t\t<\/div>\t\n\t<\/div>\n\n\n\t<div class=\"mk-main-wrapper-holder\">\n\t\t<div class=\"theme-page-wrapper full-layout mk-grid vc_row-fluid no-padding\">\n\t\t\t<div class=\"theme-content no-padding\">\n\n\t\t\t\t<\/div><\/div><\/div>\n\t\n<div  class=\"wpb_row vc_row vc_row-fluid  mk-fullwidth-true  attched-false    vc_custom_1578196654744  js-master-row\">\n\t\t\n\t\t\t\n<div style=\"\" class=\"vc_col-sm-12 wpb_column column_container vc_custom_1578031146054  _ height-full\">\n\t\n\t<div  class=\"wpb_single_image wpb_content_element vc_align_center  vc_custom_1578196579945\">\n\t\t\n\t\t<figure class=\"wpb_wrapper vc_figure\">\n\t\t\t<div class=\"vc_single_image-wrapper   vc_box_border_grey\"><img loading=\"lazy\" decoding=\"async\" width=\"2304\" height=\"454\" src=\"https:\/\/i0.wp.com\/colpittsclinical.com\/wp-content\/uploads\/2020\/01\/translation-image3.jpg?fit=2304%2C454&amp;ssl=1\" class=\"vc_single_image-img attachment-full\" alt=\"language translation service for clinical trials\" srcset=\"https:\/\/i0.wp.com\/colpittsclinical.com\/wp-content\/uploads\/2020\/01\/translation-image3.jpg?w=2304&amp;ssl=1 2304w, https:\/\/i0.wp.com\/colpittsclinical.com\/wp-content\/uploads\/2020\/01\/translation-image3.jpg?resize=300%2C59&amp;ssl=1 300w, https:\/\/i0.wp.com\/colpittsclinical.com\/wp-content\/uploads\/2020\/01\/translation-image3.jpg?resize=1024%2C202&amp;ssl=1 1024w, https:\/\/i0.wp.com\/colpittsclinical.com\/wp-content\/uploads\/2020\/01\/translation-image3.jpg?resize=768%2C151&amp;ssl=1 768w, https:\/\/i0.wp.com\/colpittsclinical.com\/wp-content\/uploads\/2020\/01\/translation-image3.jpg?resize=1536%2C303&amp;ssl=1 1536w, https:\/\/i0.wp.com\/colpittsclinical.com\/wp-content\/uploads\/2020\/01\/translation-image3.jpg?resize=2048%2C404&amp;ssl=1 2048w\" sizes=\"auto, (max-width: 1140px) 100vw, 1140px\" itemprop=\"image\" \/><\/div>\n\t\t<\/figure>\n\t<\/div>\n<\/div>\n\t<\/div>\n\n\n\t<div class=\"mk-main-wrapper-holder\">\n\t\t<div class=\"theme-page-wrapper full-layout mk-grid vc_row-fluid no-padding\">\n\t\t\t<div class=\"theme-content no-padding\">\n\n\t\t\t\t<\/div><\/div><\/div>\n\t\n<div  class=\"wpb_row vc_row vc_row-fluid  mk-fullwidth-true  attched-false    vc_custom_1578031382774  js-master-row\">\n\t\t\t<div class=\"mk-grid\">\n\t\t\n\t\t\t\n<div style=\"\" class=\"vc_col-sm-12 wpb_column column_container  _ height-full\">\n\t\t<div class=\"vc_custom_1686660099644\">\n\n<div id=\"text-block-2\" class=\"mk-text-block\">\n\n\t\n\t<p style=\"text-align: center;\"><span style=\"font-size: 24pt;\">C\u00e1c th\u1eed nghi\u1ec7m tr\u00ean to\u00e0n c\u1ea7u \u0111ang ph\u1ea3i \u0111\u1ed1i m\u1eb7t v\u1edbi th\u00e1ch th\u1ee9c v\u1ec1 r\u00e0o c\u1ea3n ng\u00f4n ng\u1eef.<\/span><\/p>\n\n\t<div class=\"clearboth\"><\/div>\n<\/div>\n\n\t<\/div>\n\t<div class=\"vc_custom_1740347440763\">\n\n<div id=\"text-block-3\" class=\"mk-text-block\">\n\n\t\n\t<p>B\u1ec7nh nh\u00e2n t\u00ecm ki\u1ebfm gi\u1ea3i ph\u00e1p y t\u1ebf c\u00f3 th\u1ec3 \u0111\u1ebfn t\u1eeb kh\u1eafp n\u01a1i tr\u00ean th\u1ebf gi\u1edbi \u0111\u1ec3 tham gia v\u00e0o c\u00e1c th\u1eed nghi\u1ec7m l\u00e2m s\u00e0ng, mang theo s\u1ef1 \u0111a d\u1ea1ng v\u1ec1 ng\u00f4n ng\u1eef. S\u1ef1 \u0111a d\u1ea1ng n\u00e0y c\u00f3 gi\u00e1 tr\u1ecb t\u1eeb g\u00f3c \u0111\u1ed9 khoa h\u1ecdc, nh\u01b0ng c\u0169ng \u0111\u1eb7t ra nh\u1eefng th\u00e1ch th\u1ee9c logistics cho c\u00e1c nh\u00e0 t\u00e0i tr\u1ee3 v\u00e0 \u0111i\u1ec1u ph\u1ed1i vi\u00ean th\u1eed nghi\u1ec7m, \u0111\u1eb7c bi\u1ec7t l\u00e0 trong vi\u1ec7c giao ti\u1ebfp gi\u1eefa b\u1ec7nh nh\u00e2n v\u00e0 c\u00e1c nh\u00e0 nghi\u00ean c\u1ee9u l\u00e2m s\u00e0ng. Colpitts Clinical v\u01b0\u1ee3t qua th\u00e1ch th\u1ee9c n\u00e0y b\u1eb1ng c\u00e1ch cung c\u1ea5p h\u1ed7 tr\u1ee3 ng\u00f4n ng\u1eef l\u00ean \u0111\u1ebfn 240 ng\u00f4n ng\u1eef th\u00f4ng qua c\u00e1c th\u00f4ng d\u1ecbch vi\u00ean c\u00f3 k\u1ef9 n\u0103ng cao, \u0111\u1ea3m b\u1ea3o giao ti\u1ebfp su\u00f4n s\u1ebb v\u00e0 tr\u1ea3i nghi\u1ec7m t\u00edch c\u1ef1c cho c\u1ea3 ng\u01b0\u1eddi tham gia th\u1eed nghi\u1ec7m v\u00e0 \u0111i\u1ec1u ph\u1ed1i vi\u00ean.<\/p>\n<p><strong>D\u1ecbch v\u1ee5 phi\u00ean d\u1ecbch t\u1ea1i ch\u1ed7 cho c\u00e1c th\u1eed nghi\u1ec7m l\u00e2m s\u00e0ng<br \/>\n<\/strong>Colpitts Clinical cung c\u1ea5p d\u1ecbch v\u1ee5 th\u00f4ng d\u1ecbch vi\u00ean t\u1ea1i ch\u1ed7 th\u00f4ng th\u1ea1o l\u00ean \u0111\u1ebfn 170 ng\u00f4n ng\u1eef, \u0111\u1ea3m b\u1ea3o giao ti\u1ebfp hi\u1ec7u qu\u1ea3 gi\u1eefa c\u00e1c t\u00ecnh nguy\u1ec7n vi\u00ean tham gia th\u1eed nghi\u1ec7m v\u00e0 c\u00e1c nh\u00e0 nghi\u00ean c\u1ee9u. D\u00f9 l\u00e0 t\u1ea1i \u0111\u1ecba \u0111i\u1ec3m th\u1eed nghi\u1ec7m, b\u1ec7nh vi\u1ec7n, nh\u00e0 c\u1ee7a b\u1ec7nh nh\u00e2n hay s\u00e2n bay, c\u00e1c th\u00f4ng d\u1ecbch vi\u00ean c\u1ee7a Colpitts lu\u00f4n s\u1eb5n s\u00e0ng h\u1ed7 tr\u1ee3 t\u1eeb vi\u1ec7c l\u00e0m th\u1ee7 t\u1ee5c nh\u1eadn ph\u00f2ng kh\u00e1ch s\u1ea1n \u0111\u1ebfn vi\u1ec7c l\u00e0m quen v\u1edbi m\u00f4i tr\u01b0\u1eddng m\u1edbi. Kh\u1ea3 n\u0103ng giao ti\u1ebfp hi\u1ec7u qu\u1ea3 v\u00e0 nhanh ch\u00f3ng l\u00e0 y\u1ebfu t\u1ed1 quan tr\u1ecdng cho s\u1ef1 th\u00e0nh c\u00f4ng c\u1ee7a m\u1ed9t th\u1eed nghi\u1ec7m l\u00e2m s\u00e0ng, v\u00e0 c\u00e1c th\u00f4ng d\u1ecbch vi\u00ean t\u1ea1i ch\u1ed7 c\u1ee7a Colpitts \u0111\u00f3ng vai tr\u00f2 quan tr\u1ecdng trong vi\u1ec7c \u0111\u1ea3m b\u1ea3o giao ti\u1ebfp su\u00f4n s\u1ebb v\u00e0 ch\u00ednh x\u00e1c gi\u1eefa b\u1ec7nh nh\u00e2n v\u00e0 nh\u00e0 nghi\u00ean c\u1ee9u, \u0111i\u1ec1u n\u00e0y c\u00f3 th\u1ec3 \u1ea3nh h\u01b0\u1edfng \u0111\u1ebfn ti\u1ebfn \u0111\u1ed9 v\u00e0 chi ph\u00ed t\u1ed5ng th\u1ec3 c\u1ee7a th\u1eed nghi\u1ec7m.<\/p>\n\n\t<div class=\"clearboth\"><\/div>\n<\/div>\n\n\t<\/div>\n<\/div>\n\t\t\n\t\t<\/div>\t\n\t<\/div>\n\n\n\t<div class=\"mk-main-wrapper-holder\">\n\t\t<div class=\"theme-page-wrapper full-layout mk-grid vc_row-fluid no-padding\">\n\t\t\t<div class=\"theme-content no-padding\">\n\n\t\t\t\t<\/div><\/div><\/div>\n\t\n<div  class=\"wpb_row vc_row vc_row-fluid  mk-fullwidth-true  attched-false    vc_custom_1639376856432  js-master-row\">\n\t\t\n\t\t\t\n<div style=\"\" class=\"vc_col-sm-12 wpb_column column_container  _ height-full\">\n\t\n<h2 id=\"fancy-title-4\" class=\"mk-fancy-title  simple-style   color-single\">\n\t<span>\n\t\t\t\t\n<h2 style=\"text-align: center;\"><span style=\"font-family: arial, helvetica, sans-serif; color: #333999;\"><strong>B\u1ea1n c\u00f3 m\u1eafc b\u1ec7nh hi\u1ebfm g\u1eb7p v\u00e0 tham gia v\u00e0o m\u1ed9t nghi\u00ean c\u1ee9u v\u1edbi s\u1ed1 l\u01b0\u1ee3ng b\u1ec7nh nh\u00e2n \u00edt kh\u00f4ng?<\/strong><\/span><\/h2>\n<p style=\"text-align: center;\">\n<div id=\"mk-button-5\" class=\"mk-button-container _ relative    block text-center\">\n\n\t\n\t\t<a id=\"Buton ID\" href=\"https:\/\/colpittsclinical.com\/vi\/contact-us\/\"   target=\"_self\" class=\"mk-button js-smooth-scroll mk-button--dimension-three mk-button--size-medium mk-button--corner-pointed text-color-light _ relative text-center font-weight-700 no-backface  letter-spacing-1 inline\">\n\t\t\t\t\t\t \n\t\t\t<span class=\"mk-button--text\">H\u00e3y g\u1ecdi cho m\u1ed9t trong c\u00e1c chuy\u00ean gia c\u1ee7a ch\u00fang t\u00f4i.<\/span>\n\t\t\t\t\t<\/a>\n\n\t\n<\/div>\n\t\t\t<\/span>\n<\/h2>\n<div class=\"clearboth\"><\/div>\n\n\n\n<\/div>\n\t<\/div>\n\n\n\t<div class=\"mk-main-wrapper-holder\">\n\t\t<div class=\"theme-page-wrapper full-layout mk-grid vc_row-fluid no-padding\">\n\t\t\t<div class=\"theme-content no-padding\">","protected":false},"excerpt":{"rendered":"Connecting the World: Colpitts Clinical Reaches Over 190 Locations in 50 Countries Colpitts Clinical offers worldwide support for clinical trials, with access to over 190 locations in over 50 countries. This global reach enables Colpitts Clinical to secure reduced travel rates, provide culturally-sensitive services, offer local language support and tailor services to meet the unique [...]","protected":false},"author":1,"featured_media":0,"parent":0,"menu_order":0,"comment_status":"closed","ping_status":"closed","template":"","meta":{"_exactmetrics_skip_tracking":false,"_exactmetrics_sitenote_active":false,"_exactmetrics_sitenote_note":"","_exactmetrics_sitenote_category":0,"footnotes":""},"class_list":["post-1220","page","type-page","status-publish","hentry"],"yoast_head":"<!-- This site is optimized with the Yoast SEO plugin v27.5 - https:\/\/yoast.com\/product\/yoast-seo-wordpress\/ -->\n<title>Worldwide Clinical Trials - Colpitts Clinical<\/title>\n<meta name=\"description\" content=\"Colpitts has access to more partners in more countries, which allows Colpitts to book reduced fares and leverage discounts worldwide.\" \/>\n<meta name=\"robots\" content=\"index, follow, max-snippet:-1, max-image-preview:large, max-video-preview:-1, noarchive\" \/>\n<link rel=\"canonical\" href=\"https:\/\/colpittsclinical.com\/vi\/world-wide-clinical-trials\/\" \/>\n<meta property=\"og:locale\" content=\"vi_VN\" \/>\n<meta property=\"og:type\" content=\"article\" \/>\n<meta property=\"og:title\" content=\"Worldwide Clinical Trials - Colpitts Clinical\" \/>\n<meta property=\"og:description\" content=\"Colpitts has access to more partners in more countries, which allows Colpitts to book reduced fares and leverage discounts worldwide.\" \/>\n<meta property=\"og:url\" content=\"https:\/\/colpittsclinical.com\/vi\/world-wide-clinical-trials\/\" \/>\n<meta property=\"og:site_name\" content=\"Colpitts Clinical\" \/>\n<meta property=\"article:publisher\" content=\"https:\/\/www.facebook.com\/ColpittsClinicalTrialTravel\/\" \/>\n<meta property=\"article:modified_time\" content=\"2025-02-23T21:50:45+00:00\" \/>\n<meta name=\"twitter:card\" content=\"summary_large_image\" \/>\n<meta name=\"twitter:label1\" content=\"\u01af\u1edbc t\u00ednh th\u1eddi gian \u0111\u1ecdc\" \/>\n\t<meta name=\"twitter:data1\" content=\"2 ph\u00fat\" \/>\n<script type=\"application\/ld+json\" class=\"yoast-schema-graph\">{\"@context\":\"https:\\\/\\\/schema.org\",\"@graph\":[{\"@type\":\"WebPage\",\"@id\":\"https:\\\/\\\/colpittsclinical.com\\\/world-wide-clinical-trials\\\/\",\"url\":\"https:\\\/\\\/colpittsclinical.com\\\/world-wide-clinical-trials\\\/\",\"name\":\"Worldwide Clinical Trials - Colpitts Clinical\",\"isPartOf\":{\"@id\":\"https:\\\/\\\/colpittsclinical.com\\\/#website\"},\"datePublished\":\"2017-09-27T06:33:07+00:00\",\"dateModified\":\"2025-02-23T21:50:45+00:00\",\"description\":\"Colpitts has access to more partners in more countries, which allows Colpitts to book reduced fares and leverage discounts worldwide.\",\"breadcrumb\":{\"@id\":\"https:\\\/\\\/colpittsclinical.com\\\/world-wide-clinical-trials\\\/#breadcrumb\"},\"inLanguage\":\"vi\",\"potentialAction\":[{\"@type\":\"ReadAction\",\"target\":[\"https:\\\/\\\/colpittsclinical.com\\\/world-wide-clinical-trials\\\/\"]}]},{\"@type\":\"BreadcrumbList\",\"@id\":\"https:\\\/\\\/colpittsclinical.com\\\/world-wide-clinical-trials\\\/#breadcrumb\",\"itemListElement\":[{\"@type\":\"ListItem\",\"position\":1,\"name\":\"Home\",\"item\":\"https:\\\/\\\/colpittsclinical.com\\\/\"},{\"@type\":\"ListItem\",\"position\":2,\"name\":\"Worldwide Clinical Trials\"}]},{\"@type\":\"WebSite\",\"@id\":\"https:\\\/\\\/colpittsclinical.com\\\/#website\",\"url\":\"https:\\\/\\\/colpittsclinical.com\\\/\",\"name\":\"Colpitts Clinical\",\"description\":\"patient-liaison\",\"publisher\":{\"@id\":\"https:\\\/\\\/colpittsclinical.com\\\/#organization\"},\"potentialAction\":[{\"@type\":\"SearchAction\",\"target\":{\"@type\":\"EntryPoint\",\"urlTemplate\":\"https:\\\/\\\/colpittsclinical.com\\\/?s={search_term_string}\"},\"query-input\":{\"@type\":\"PropertyValueSpecification\",\"valueRequired\":true,\"valueName\":\"search_term_string\"}}],\"inLanguage\":\"vi\"},{\"@type\":\"Organization\",\"@id\":\"https:\\\/\\\/colpittsclinical.com\\\/#organization\",\"name\":\"Colpitts Clinical\",\"url\":\"https:\\\/\\\/colpittsclinical.com\\\/\",\"logo\":{\"@type\":\"ImageObject\",\"inLanguage\":\"vi\",\"@id\":\"https:\\\/\\\/colpittsclinical.com\\\/#\\\/schema\\\/logo\\\/image\\\/\",\"url\":\"https:\\\/\\\/colpittsclinical.com\\\/wp-content\\\/uploads\\\/2017\\\/10\\\/cc-logo-212-1.png\",\"contentUrl\":\"https:\\\/\\\/colpittsclinical.com\\\/wp-content\\\/uploads\\\/2017\\\/10\\\/cc-logo-212-1.png\",\"width\":212,\"height\":48,\"caption\":\"Colpitts Clinical\"},\"image\":{\"@id\":\"https:\\\/\\\/colpittsclinical.com\\\/#\\\/schema\\\/logo\\\/image\\\/\"},\"sameAs\":[\"https:\\\/\\\/www.facebook.com\\\/ColpittsClinicalTrialTravel\\\/\",\"https:\\\/\\\/www.linkedin.com\\\/company\\\/colpittsclinical\\\/\"]}]}<\/script>\n<!-- \/ Yoast SEO plugin. -->","yoast_head_json":{"title":"Worldwide Clinical Trials - Colpitts Clinical","description":"Colpitts has access to more partners in more countries, which allows Colpitts to book reduced fares and leverage discounts worldwide.","robots":{"index":"index","follow":"follow","max-snippet":"max-snippet:-1","max-image-preview":"max-image-preview:large","max-video-preview":"max-video-preview:-1","archive":"noarchive"},"canonical":"https:\/\/colpittsclinical.com\/vi\/world-wide-clinical-trials\/","og_locale":"vi_VN","og_type":"article","og_title":"Worldwide Clinical Trials - Colpitts Clinical","og_description":"Colpitts has access to more partners in more countries, which allows Colpitts to book reduced fares and leverage discounts worldwide.","og_url":"https:\/\/colpittsclinical.com\/vi\/world-wide-clinical-trials\/","og_site_name":"Colpitts Clinical","article_publisher":"https:\/\/www.facebook.com\/ColpittsClinicalTrialTravel\/","article_modified_time":"2025-02-23T21:50:45+00:00","twitter_card":"summary_large_image","twitter_misc":{"\u01af\u1edbc t\u00ednh th\u1eddi gian \u0111\u1ecdc":"2 ph\u00fat"},"schema":{"@context":"https:\/\/schema.org","@graph":[{"@type":"WebPage","@id":"https:\/\/colpittsclinical.com\/world-wide-clinical-trials\/","url":"https:\/\/colpittsclinical.com\/world-wide-clinical-trials\/","name":"Worldwide Clinical Trials - Colpitts Clinical","isPartOf":{"@id":"https:\/\/colpittsclinical.com\/#website"},"datePublished":"2017-09-27T06:33:07+00:00","dateModified":"2025-02-23T21:50:45+00:00","description":"Colpitts has access to more partners in more countries, which allows Colpitts to book reduced fares and leverage discounts worldwide.","breadcrumb":{"@id":"https:\/\/colpittsclinical.com\/world-wide-clinical-trials\/#breadcrumb"},"inLanguage":"vi","potentialAction":[{"@type":"ReadAction","target":["https:\/\/colpittsclinical.com\/world-wide-clinical-trials\/"]}]},{"@type":"BreadcrumbList","@id":"https:\/\/colpittsclinical.com\/world-wide-clinical-trials\/#breadcrumb","itemListElement":[{"@type":"ListItem","position":1,"name":"Home","item":"https:\/\/colpittsclinical.com\/"},{"@type":"ListItem","position":2,"name":"Worldwide Clinical Trials"}]},{"@type":"WebSite","@id":"https:\/\/colpittsclinical.com\/#website","url":"https:\/\/colpittsclinical.com\/","name":"Colpitts L\u00e2m s\u00e0ng","description":"\u0110\u1ea1i di\u1ec7n li\u00ean l\u1ea1c v\u1edbi b\u1ec7nh nh\u00e2n","publisher":{"@id":"https:\/\/colpittsclinical.com\/#organization"},"potentialAction":[{"@type":"SearchAction","target":{"@type":"EntryPoint","urlTemplate":"https:\/\/colpittsclinical.com\/?s={search_term_string}"},"query-input":{"@type":"PropertyValueSpecification","valueRequired":true,"valueName":"search_term_string"}}],"inLanguage":"vi"},{"@type":"Organization","@id":"https:\/\/colpittsclinical.com\/#organization","name":"Colpitts L\u00e2m s\u00e0ng","url":"https:\/\/colpittsclinical.com\/","logo":{"@type":"ImageObject","inLanguage":"vi","@id":"https:\/\/colpittsclinical.com\/#\/schema\/logo\/image\/","url":"https:\/\/colpittsclinical.com\/wp-content\/uploads\/2017\/10\/cc-logo-212-1.png","contentUrl":"https:\/\/colpittsclinical.com\/wp-content\/uploads\/2017\/10\/cc-logo-212-1.png","width":212,"height":48,"caption":"Colpitts Clinical"},"image":{"@id":"https:\/\/colpittsclinical.com\/#\/schema\/logo\/image\/"},"sameAs":["https:\/\/www.facebook.com\/ColpittsClinicalTrialTravel\/","https:\/\/www.linkedin.com\/company\/colpittsclinical\/"]}]}},"jetpack_sharing_enabled":true,"post_mailing_queue_ids":[],"_links":{"self":[{"href":"https:\/\/colpittsclinical.com\/vi\/wp-json\/wp\/v2\/pages\/1220","targetHints":{"allow":["GET"]}}],"collection":[{"href":"https:\/\/colpittsclinical.com\/vi\/wp-json\/wp\/v2\/pages"}],"about":[{"href":"https:\/\/colpittsclinical.com\/vi\/wp-json\/wp\/v2\/types\/page"}],"author":[{"embeddable":true,"href":"https:\/\/colpittsclinical.com\/vi\/wp-json\/wp\/v2\/users\/1"}],"replies":[{"embeddable":true,"href":"https:\/\/colpittsclinical.com\/vi\/wp-json\/wp\/v2\/comments?post=1220"}],"version-history":[{"count":126,"href":"https:\/\/colpittsclinical.com\/vi\/wp-json\/wp\/v2\/pages\/1220\/revisions"}],"predecessor-version":[{"id":6048,"href":"https:\/\/colpittsclinical.com\/vi\/wp-json\/wp\/v2\/pages\/1220\/revisions\/6048"}],"wp:attachment":[{"href":"https:\/\/colpittsclinical.com\/vi\/wp-json\/wp\/v2\/media?parent=1220"}],"curies":[{"name":"wp","href":"https:\/\/api.w.org\/{rel}","templated":true}]}}