{"id":678,"date":"2017-09-27T23:55:33","date_gmt":"2017-09-28T03:55:33","guid":{"rendered":"https:\/\/colpittsclinical.com\/?page_id=678"},"modified":"2024-10-23T13:05:43","modified_gmt":"2024-10-23T17:05:43","slug":"our-story","status":"publish","type":"page","link":"https:\/\/colpittsclinical.com\/ro\/our-story\/","title":{"rendered":"Povestea noastr\u0103"},"content":{"rendered":"<\/div><\/div><\/div>\n\t\n<div  class=\"wpb_row vc_row vc_row-fluid  mk-fullwidth-true  attched-false    vc_custom_1715137384203  js-master-row\">\n\t\t\n\t\t\t\n<div style=\"\" class=\"vc_col-sm-12 wpb_column column_container  _ height-full\">\n\t<script data-cfasync=\"false\" type=\"text\/javascript\">var lsjQuery = jQuery;<\/script><script data-cfasync=\"false\" type=\"text\/javascript\">\r\nlsjQuery(document).ready(function() {\r\nif(typeof lsjQuery.fn.layerSlider == \"undefined\") {\r\nif( window._layerSlider && window._layerSlider.showNotice) { \r\nwindow._layerSlider.showNotice('layerslider_26','jquery');\r\n}\r\n} else {\r\nlsjQuery(\"#layerslider_26\").layerSlider({sliderVersion: '6.5.7', type: 'fullwidth', navPrevNext: false, hoverPrevNext: false, navStartStop: false, navButtons: false, showCircleTimer: false, popupWidth: 640, popupHeight: 360, skinsPath: 'https:\/\/colpittsclinical.com\/wp-content\/plugins\/LayerSlider\/static\/layerslider\/skins\/'});\r\n}\r\n});\r\n<\/script><div id=\"layerslider_26\" class=\"ls-wp-container fitvidsignore\" style=\"width:1920px;height:600px;margin:0 auto;margin-bottom: 0px;\"><div class=\"ls-slide\" data-ls=\"duration:4000;transition2d:5;kenburnsscale:1.2;\"><img loading=\"lazy\" decoding=\"async\" width=\"2100\" height=\"600\" src=\"https:\/\/i0.wp.com\/colpittsclinical.com\/wp-content\/uploads\/2023\/03\/logo-story.jpg?fit=2100%2C600&amp;ssl=1\" class=\"ls-bg\" alt=\"Colpitts Clinical-Our Story\" srcset=\"https:\/\/i0.wp.com\/colpittsclinical.com\/wp-content\/uploads\/2023\/03\/logo-story.jpg?w=2100&amp;ssl=1 2100w, https:\/\/i0.wp.com\/colpittsclinical.com\/wp-content\/uploads\/2023\/03\/logo-story.jpg?resize=300%2C86&amp;ssl=1 300w, https:\/\/i0.wp.com\/colpittsclinical.com\/wp-content\/uploads\/2023\/03\/logo-story.jpg?resize=1024%2C293&amp;ssl=1 1024w, https:\/\/i0.wp.com\/colpittsclinical.com\/wp-content\/uploads\/2023\/03\/logo-story.jpg?resize=768%2C219&amp;ssl=1 768w, https:\/\/i0.wp.com\/colpittsclinical.com\/wp-content\/uploads\/2023\/03\/logo-story.jpg?resize=1536%2C439&amp;ssl=1 1536w, https:\/\/i0.wp.com\/colpittsclinical.com\/wp-content\/uploads\/2023\/03\/logo-story.jpg?resize=2048%2C585&amp;ssl=1 2048w, https:\/\/i0.wp.com\/colpittsclinical.com\/wp-content\/uploads\/2023\/03\/logo-story.jpg?resize=640%2C183&amp;ssl=1 640w\" sizes=\"auto, (max-width: 1140px) 100vw, 1140px\" itemprop=\"image\" \/><\/div><\/div><\/div>\n\t<\/div>\n\n\n\t<div class=\"mk-main-wrapper-holder\">\n\t\t<div class=\"theme-page-wrapper full-layout mk-grid vc_row-fluid no-padding\">\n\t\t\t<div class=\"theme-content no-padding\">\n\n\t\t\t\t<\/div><\/div><\/div>\n\t\n<div  class=\"wpb_row vc_row vc_row-fluid  mk-fullwidth-true  attched-false     js-master-row\">\n\t\t\t<div class=\"mk-grid\">\n\t\t\n\t\t\t\n<div style=\"\" class=\"vc_col-sm-12 wpb_column column_container  _ height-full\">\n\t\n\n<div class=\"wpb_row vc_inner vc_row vc_row-fluid    attched-false\">\n\t\t\n\t\t<div class=\"wpb_column vc_column_container vc_col-sm-12\"><div class=\"vc_column-inner\"><div class=\"wpb_wrapper\"><\/div><\/div><\/div>\t\t\n<\/div><div class=\"vc_empty_space\"   style=\"height: 62px\" ><span class=\"vc_empty_space_inner\"><\/span><\/div>\n\t<div class=\"vc_custom_1721536148351\">\n\n<div id=\"text-block-1\" class=\"mk-text-block\">\n\n\t\n\t<h1><span style=\"color: #333399;\">\u00cembr\u0103\u021bi\u0219area schimb\u0103rii pentru a realiza lucruri m\u0103re\u021be<\/span><\/h1>\n<p>Timp de peste 130 de ani, Colpitts Clinical a evoluat continuu, condus de un angajament ferm de a ne \u00eembun\u0103t\u0103\u021bi serviciile pentru a r\u0103spunde nevoilor dinamice ale clien\u021bilor no\u0219tri. Ini\u021bial o divizie a Colpitts World Travel, ne-am transformat \u00een Direct Travel, specializat\u0103 \u00een furnizarea de servicii de c\u0103l\u0103torie excep\u021bionale pentru studiile clinice.<\/p>\n<p>C\u0103l\u0103toria noastr\u0103 este paralel\u0103 cu procesul complex al unui studiu clinic, construit pe patru piloni fundamentali. Ace\u0219tia cuprind punerea \u00een aplicare \u0219i gestionarea cuprinz\u0103toare a trialului, coordonarea meticuloas\u0103 a logisticii de c\u0103l\u0103torie, care acoper\u0103 c\u0103l\u0103toriile cu avionul \u0219i cu trenul, transportul terestru \u0219i aranjamentele de cazare, al\u0103turi de gestionarea competent\u0103 a diurnelor \u0219i a ramburs\u0103rilor cheltuielilor pacien\u021bilor. Fiecare aspect al furniz\u0103rii serviciilor noastre este adaptat cu precizie pentru a r\u0103spunde cerin\u021belor unice ale fiec\u0103rui client \u0219i ale fiec\u0103rui proces.<\/p>\n<p><strong>Abordare centrat\u0103 pe client<br \/>\n<\/strong>Abordarea noastr\u0103 centrat\u0103 pe client reflect\u0103 evolu\u021bia rela\u021biilor noastre, \u00eencep\u00e2nd cu o \u00een\u021belegere profund\u0103 a nevoilor clien\u021bilor no\u0219tri. Trecem rapid la ac\u021biune, furniz\u00e2nd serviciile esen\u021biale necesare pentru un parteneriat de succes. \u00cen perioada de v\u00e2rf a studiului, excel\u0103m \u00een asigurarea gestion\u0103rii f\u0103r\u0103 probleme a c\u0103l\u0103toriilor \u0219i a cheltuielilor, \u00een timp ce clien\u021bii no\u0219tri se concentreaz\u0103 asupra cercet\u0103rii medicale. Pe m\u0103sur\u0103 ce studiul ajunge la final, aten\u021bia noastr\u0103 meticuloas\u0103 pentru detalii se extinde la etapele finale, cuprinz\u00e2nd vizitele pacien\u021bilor, rambursarea cheltuielilor \u0219i raportarea complet\u0103.<\/p>\n<p><strong>Dedica\u021bie<br \/>\n<\/strong>Acest ciclu de dedicare a fost repetat de peste 1 300 de ori \u00een cadrul proceselor noastre gestionate, subliniind angajamentul nostru neclintit fa\u021b\u0103 de excelen\u021b\u0103 \u0219i urm\u0103rirea ne\u00eencetat\u0103 a satisfac\u021biei clien\u021bilor.<\/p>\n\n\t<div class=\"clearboth\"><\/div>\n<\/div>\n\n\t<\/div>\n<\/div>\n\t\t\n\t\t<\/div>\t\n\t<\/div>\n\n\n\t<div class=\"mk-main-wrapper-holder\">\n\t\t<div class=\"theme-page-wrapper full-layout mk-grid vc_row-fluid no-padding\">\n\t\t\t<div class=\"theme-content no-padding\">\n\n\t\t\t\n<div  class=\"wpb_row vc_row vc_row-fluid  mk-fullwidth-false  attched-false     js-master-row\">\n\t\t\n\t\t\t\n<div style=\"\" class=\"vc_col-sm-12 wpb_column column_container  _ height-full\">\n\t<script data-cfasync=\"false\" type=\"text\/javascript\">var lsjQuery = jQuery;<\/script><script data-cfasync=\"false\" type=\"text\/javascript\">\r\nlsjQuery(document).ready(function() {\r\nif(typeof lsjQuery.fn.layerSlider == \"undefined\") {\r\nif( window._layerSlider && window._layerSlider.showNotice) { \r\nwindow._layerSlider.showNotice('layerslider_42','jquery');\r\n}\r\n} else {\r\nlsjQuery(\"#layerslider_42\").layerSlider({sliderVersion: '6.5.7', allowFullscreen: false, navPrevNext: false, hoverPrevNext: false, navStartStop: false, navButtons: false, showCircleTimer: false, popupWidth: 640, popupHeight: 360, skinsPath: 'https:\/\/colpittsclinical.com\/wp-content\/plugins\/LayerSlider\/static\/layerslider\/skins\/'});\r\n}\r\n});\r\n<\/script><div id=\"layerslider_42\" class=\"ls-wp-container fitvidsignore\" style=\"width:1920px;height:800px;margin:0 auto;margin-bottom: 0px;\"><div class=\"ls-slide\" data-ls=\"kenburnsscale:1.2;\"><img loading=\"lazy\" decoding=\"async\" width=\"2560\" height=\"1034\" src=\"https:\/\/i0.wp.com\/colpittsclinical.com\/wp-content\/uploads\/2024\/10\/mission-image-2-scaled.jpg?fit=2560%2C1034&amp;ssl=1\" class=\"ls-bg\" alt=\"Colpitts Clinical Mission Statement\" srcset=\"https:\/\/i0.wp.com\/colpittsclinical.com\/wp-content\/uploads\/2024\/10\/mission-image-2-scaled.jpg?w=2560&amp;ssl=1 2560w, https:\/\/i0.wp.com\/colpittsclinical.com\/wp-content\/uploads\/2024\/10\/mission-image-2-scaled.jpg?resize=300%2C121&amp;ssl=1 300w, https:\/\/i0.wp.com\/colpittsclinical.com\/wp-content\/uploads\/2024\/10\/mission-image-2-scaled.jpg?resize=1024%2C414&amp;ssl=1 1024w, https:\/\/i0.wp.com\/colpittsclinical.com\/wp-content\/uploads\/2024\/10\/mission-image-2-scaled.jpg?resize=768%2C310&amp;ssl=1 768w, https:\/\/i0.wp.com\/colpittsclinical.com\/wp-content\/uploads\/2024\/10\/mission-image-2-scaled.jpg?resize=1536%2C620&amp;ssl=1 1536w, https:\/\/i0.wp.com\/colpittsclinical.com\/wp-content\/uploads\/2024\/10\/mission-image-2-scaled.jpg?resize=2048%2C827&amp;ssl=1 2048w, https:\/\/i0.wp.com\/colpittsclinical.com\/wp-content\/uploads\/2024\/10\/mission-image-2-scaled.jpg?resize=640%2C259&amp;ssl=1 640w, https:\/\/i0.wp.com\/colpittsclinical.com\/wp-content\/uploads\/2024\/10\/mission-image-2-scaled.jpg?w=2280&amp;ssl=1 2280w\" sizes=\"auto, (max-width: 1140px) 100vw, 1140px\" itemprop=\"image\" \/><p style=\"white-space: normal;top:342px;left:147px;text-align:center;font-weight:400;font-style:normal;text-decoration:none;wordwrap:true;opacity:1;color:#ffffff;font-size:48px;font-family:Georgia;line-height:72px;width:800px;height:200px;\" class=\"ls-l\">Sprijinirea studiilor clinice cu solu\u021bii inovatoare, centrate pe pacient, pentru c\u0103l\u0103torii \u0219i cheltuieli.<\/p><h1 style=\"top:213px;left:353px;text-align:center;font-weight:400;font-style:normal;text-decoration:none;wordwrap:false;opacity:1;color:#ffffff;font-size:73px;font-family:Impact;padding-right:0px;\" class=\"ls-l\">OUR MISSION<\/h1><\/div><\/div><div class=\"vc_empty_space\"   style=\"height: 62px\" ><span class=\"vc_empty_space_inner\"><\/span><\/div>\n<\/div>\n\t<\/div>","protected":false},"excerpt":{"rendered":"var lsjQuery = jQuery; lsjQuery(document).ready(function() { if(typeof lsjQuery.fn.layerSlider == \"undefined\") { if( window._layerSlider && window._layerSlider.showNotice) { window._layerSlider.showNotice('layerslider_26_2','jquery'); } } else { lsjQuery(\"#layerslider_26_2\").layerSlider({sliderVersion: '6.5.7', type: 'fullwidth', navPrevNext: false, hoverPrevNext: false, navStartStop: false, navButtons: false, showCircleTimer: false, popupWidth: 640, popupHeight: 360, skinsPath: 'https:\/\/colpittsclinical.com\/wp-content\/plugins\/LayerSlider\/static\/layerslider\/skins\/'}); } }); Embracing Change to Accomplish Great Things For over 130 years, Colpitts Clinical [...]","protected":false},"author":1,"featured_media":0,"parent":0,"menu_order":0,"comment_status":"closed","ping_status":"closed","template":"","meta":{"_exactmetrics_skip_tracking":false,"_exactmetrics_sitenote_active":false,"_exactmetrics_sitenote_note":"","_exactmetrics_sitenote_category":0,"footnotes":""},"class_list":["post-678","page","type-page","status-publish","hentry"],"yoast_head":"<!-- This site is optimized with the Yoast SEO plugin v27.5 - https:\/\/yoast.com\/product\/yoast-seo-wordpress\/ -->\n<title>Our Story - Colpitts Clinical<\/title>\n<meta name=\"description\" content=\"Colpitts Clinical has deep roots in the travel industry, and we are pioneers in dedicated clinical trial travel.\" \/>\n<meta name=\"robots\" content=\"index, follow, max-snippet:-1, max-image-preview:large, max-video-preview:-1\" \/>\n<link rel=\"canonical\" href=\"https:\/\/colpittsclinical.com\/ro\/our-story\/\" \/>\n<meta property=\"og:locale\" content=\"ro_RO\" \/>\n<meta property=\"og:type\" content=\"article\" \/>\n<meta property=\"og:title\" content=\"Our Story - Colpitts Clinical\" \/>\n<meta property=\"og:description\" content=\"Colpitts Clinical has deep roots in the travel industry, and we are pioneers in dedicated clinical trial travel.\" \/>\n<meta property=\"og:url\" content=\"https:\/\/colpittsclinical.com\/ro\/our-story\/\" \/>\n<meta property=\"og:site_name\" content=\"Colpitts Clinical\" \/>\n<meta property=\"article:publisher\" content=\"https:\/\/www.facebook.com\/ColpittsClinicalTrialTravel\/\" \/>\n<meta property=\"article:modified_time\" content=\"2024-10-23T17:05:43+00:00\" \/>\n<meta name=\"twitter:card\" content=\"summary_large_image\" \/>\n<meta name=\"twitter:label1\" content=\"Timp estimat pentru citire\" \/>\n\t<meta name=\"twitter:data1\" content=\"2 minute\" \/>\n<script type=\"application\/ld+json\" class=\"yoast-schema-graph\">{\"@context\":\"https:\\\/\\\/schema.org\",\"@graph\":[{\"@type\":\"WebPage\",\"@id\":\"https:\\\/\\\/colpittsclinical.com\\\/our-story\\\/\",\"url\":\"https:\\\/\\\/colpittsclinical.com\\\/our-story\\\/\",\"name\":\"Our Story - Colpitts Clinical\",\"isPartOf\":{\"@id\":\"https:\\\/\\\/colpittsclinical.com\\\/#website\"},\"datePublished\":\"2017-09-28T03:55:33+00:00\",\"dateModified\":\"2024-10-23T17:05:43+00:00\",\"description\":\"Colpitts Clinical has deep roots in the travel industry, and we are pioneers in dedicated clinical trial travel.\",\"breadcrumb\":{\"@id\":\"https:\\\/\\\/colpittsclinical.com\\\/our-story\\\/#breadcrumb\"},\"inLanguage\":\"ro-RO\",\"potentialAction\":[{\"@type\":\"ReadAction\",\"target\":[\"https:\\\/\\\/colpittsclinical.com\\\/our-story\\\/\"]}]},{\"@type\":\"BreadcrumbList\",\"@id\":\"https:\\\/\\\/colpittsclinical.com\\\/our-story\\\/#breadcrumb\",\"itemListElement\":[{\"@type\":\"ListItem\",\"position\":1,\"name\":\"Home\",\"item\":\"https:\\\/\\\/colpittsclinical.com\\\/\"},{\"@type\":\"ListItem\",\"position\":2,\"name\":\"Our Story\"}]},{\"@type\":\"WebSite\",\"@id\":\"https:\\\/\\\/colpittsclinical.com\\\/#website\",\"url\":\"https:\\\/\\\/colpittsclinical.com\\\/\",\"name\":\"Colpitts Clinical\",\"description\":\"patient-liaison\",\"publisher\":{\"@id\":\"https:\\\/\\\/colpittsclinical.com\\\/#organization\"},\"potentialAction\":[{\"@type\":\"SearchAction\",\"target\":{\"@type\":\"EntryPoint\",\"urlTemplate\":\"https:\\\/\\\/colpittsclinical.com\\\/?s={search_term_string}\"},\"query-input\":{\"@type\":\"PropertyValueSpecification\",\"valueRequired\":true,\"valueName\":\"search_term_string\"}}],\"inLanguage\":\"ro-RO\"},{\"@type\":\"Organization\",\"@id\":\"https:\\\/\\\/colpittsclinical.com\\\/#organization\",\"name\":\"Colpitts Clinical\",\"url\":\"https:\\\/\\\/colpittsclinical.com\\\/\",\"logo\":{\"@type\":\"ImageObject\",\"inLanguage\":\"ro-RO\",\"@id\":\"https:\\\/\\\/colpittsclinical.com\\\/#\\\/schema\\\/logo\\\/image\\\/\",\"url\":\"https:\\\/\\\/colpittsclinical.com\\\/wp-content\\\/uploads\\\/2017\\\/10\\\/cc-logo-212-1.png\",\"contentUrl\":\"https:\\\/\\\/colpittsclinical.com\\\/wp-content\\\/uploads\\\/2017\\\/10\\\/cc-logo-212-1.png\",\"width\":212,\"height\":48,\"caption\":\"Colpitts Clinical\"},\"image\":{\"@id\":\"https:\\\/\\\/colpittsclinical.com\\\/#\\\/schema\\\/logo\\\/image\\\/\"},\"sameAs\":[\"https:\\\/\\\/www.facebook.com\\\/ColpittsClinicalTrialTravel\\\/\",\"https:\\\/\\\/www.linkedin.com\\\/company\\\/colpittsclinical\\\/\"]}]}<\/script>\n<!-- \/ Yoast SEO plugin. -->","yoast_head_json":{"title":"Our Story - Colpitts Clinical","description":"Colpitts Clinical has deep roots in the travel industry, and we are pioneers in dedicated clinical trial travel.","robots":{"index":"index","follow":"follow","max-snippet":"max-snippet:-1","max-image-preview":"max-image-preview:large","max-video-preview":"max-video-preview:-1"},"canonical":"https:\/\/colpittsclinical.com\/ro\/our-story\/","og_locale":"ro_RO","og_type":"article","og_title":"Our Story - Colpitts Clinical","og_description":"Colpitts Clinical has deep roots in the travel industry, and we are pioneers in dedicated clinical trial travel.","og_url":"https:\/\/colpittsclinical.com\/ro\/our-story\/","og_site_name":"Colpitts Clinical","article_publisher":"https:\/\/www.facebook.com\/ColpittsClinicalTrialTravel\/","article_modified_time":"2024-10-23T17:05:43+00:00","twitter_card":"summary_large_image","twitter_misc":{"Timp estimat pentru citire":"2 minute"},"schema":{"@context":"https:\/\/schema.org","@graph":[{"@type":"WebPage","@id":"https:\/\/colpittsclinical.com\/our-story\/","url":"https:\/\/colpittsclinical.com\/our-story\/","name":"Our Story - Colpitts Clinical","isPartOf":{"@id":"https:\/\/colpittsclinical.com\/#website"},"datePublished":"2017-09-28T03:55:33+00:00","dateModified":"2024-10-23T17:05:43+00:00","description":"Colpitts Clinical has deep roots in the travel industry, and we are pioneers in dedicated clinical trial travel.","breadcrumb":{"@id":"https:\/\/colpittsclinical.com\/our-story\/#breadcrumb"},"inLanguage":"ro-RO","potentialAction":[{"@type":"ReadAction","target":["https:\/\/colpittsclinical.com\/our-story\/"]}]},{"@type":"BreadcrumbList","@id":"https:\/\/colpittsclinical.com\/our-story\/#breadcrumb","itemListElement":[{"@type":"ListItem","position":1,"name":"Home","item":"https:\/\/colpittsclinical.com\/"},{"@type":"ListItem","position":2,"name":"Our Story"}]},{"@type":"WebSite","@id":"https:\/\/colpittsclinical.com\/#website","url":"https:\/\/colpittsclinical.com\/","name":"Colpitts Clinic","description":"pacient-liaison","publisher":{"@id":"https:\/\/colpittsclinical.com\/#organization"},"potentialAction":[{"@type":"SearchAction","target":{"@type":"EntryPoint","urlTemplate":"https:\/\/colpittsclinical.com\/?s={search_term_string}"},"query-input":{"@type":"PropertyValueSpecification","valueRequired":true,"valueName":"search_term_string"}}],"inLanguage":"ro-RO"},{"@type":"Organization","@id":"https:\/\/colpittsclinical.com\/#organization","name":"Colpitts Clinic","url":"https:\/\/colpittsclinical.com\/","logo":{"@type":"ImageObject","inLanguage":"ro-RO","@id":"https:\/\/colpittsclinical.com\/#\/schema\/logo\/image\/","url":"https:\/\/colpittsclinical.com\/wp-content\/uploads\/2017\/10\/cc-logo-212-1.png","contentUrl":"https:\/\/colpittsclinical.com\/wp-content\/uploads\/2017\/10\/cc-logo-212-1.png","width":212,"height":48,"caption":"Colpitts Clinical"},"image":{"@id":"https:\/\/colpittsclinical.com\/#\/schema\/logo\/image\/"},"sameAs":["https:\/\/www.facebook.com\/ColpittsClinicalTrialTravel\/","https:\/\/www.linkedin.com\/company\/colpittsclinical\/"]}]}},"jetpack_sharing_enabled":true,"post_mailing_queue_ids":[],"_links":{"self":[{"href":"https:\/\/colpittsclinical.com\/ro\/wp-json\/wp\/v2\/pages\/678","targetHints":{"allow":["GET"]}}],"collection":[{"href":"https:\/\/colpittsclinical.com\/ro\/wp-json\/wp\/v2\/pages"}],"about":[{"href":"https:\/\/colpittsclinical.com\/ro\/wp-json\/wp\/v2\/types\/page"}],"author":[{"embeddable":true,"href":"https:\/\/colpittsclinical.com\/ro\/wp-json\/wp\/v2\/users\/1"}],"replies":[{"embeddable":true,"href":"https:\/\/colpittsclinical.com\/ro\/wp-json\/wp\/v2\/comments?post=678"}],"version-history":[{"count":49,"href":"https:\/\/colpittsclinical.com\/ro\/wp-json\/wp\/v2\/pages\/678\/revisions"}],"predecessor-version":[{"id":5828,"href":"https:\/\/colpittsclinical.com\/ro\/wp-json\/wp\/v2\/pages\/678\/revisions\/5828"}],"wp:attachment":[{"href":"https:\/\/colpittsclinical.com\/ro\/wp-json\/wp\/v2\/media?parent=678"}],"curies":[{"name":"wp","href":"https:\/\/api.w.org\/{rel}","templated":true}]}}