{"id":6392,"date":"2026-01-13T23:08:20","date_gmt":"2026-01-14T04:08:20","guid":{"rendered":"https:\/\/colpittsclinical.com\/?page_id=6392"},"modified":"2026-01-13T23:08:20","modified_gmt":"2026-01-14T04:08:20","slug":"post-marketing-studies","status":"publish","type":"page","link":"https:\/\/colpittsclinical.com\/ro\/post-marketing-studies\/","title":{"rendered":"studii post marketing"},"content":{"rendered":"<div  class=\"wpb_row vc_row vc_row-fluid  mk-fullwidth-false  attched-false     js-master-row\">\n\t\t\n\t\t\t\n<div style=\"\" class=\"vc_col-sm-12 wpb_column column_container  _ height-full\">\n\t<div class=\"wpb_layerslider_element wpb_content_element\"><script data-cfasync=\"false\" type=\"text\/javascript\">var lsjQuery = jQuery;<\/script><script data-cfasync=\"false\" type=\"text\/javascript\">\r\nlsjQuery(document).ready(function() {\r\nif(typeof lsjQuery.fn.layerSlider == \"undefined\") {\r\nif( window._layerSlider && window._layerSlider.showNotice) { \r\nwindow._layerSlider.showNotice('layerslider_47','jquery');\r\n}\r\n} else {\r\nlsjQuery(\"#layerslider_47\").layerSlider({sliderVersion: '6.5.7', type: 'fullwidth', navPrevNext: false, hoverPrevNext: false, navStartStop: false, navButtons: false, showCircleTimer: false, popupWidth: 640, popupHeight: 360, skinsPath: 'https:\/\/colpittsclinical.com\/wp-content\/plugins\/LayerSlider\/static\/layerslider\/skins\/'});\r\n}\r\n});\r\n<\/script><div id=\"layerslider_47\" class=\"ls-wp-container fitvidsignore\" style=\"width:1920px;height:600px;margin:0 auto;margin-bottom: 0px;\"><div class=\"ls-slide\" data-ls=\"duration:3000;transition2d:5;kenburnsscale:1.2;\"><img loading=\"lazy\" decoding=\"async\" width=\"2172\" height=\"810\" src=\"https:\/\/i0.wp.com\/colpittsclinical.com\/wp-content\/uploads\/2025\/11\/post-marketing.png?fit=2172%2C810&amp;ssl=1\" class=\"ls-bg\" alt=\"Rare Disease Post Marketing Studies\" srcset=\"https:\/\/i0.wp.com\/colpittsclinical.com\/wp-content\/uploads\/2025\/11\/post-marketing.png?w=2172&amp;ssl=1 2172w, https:\/\/i0.wp.com\/colpittsclinical.com\/wp-content\/uploads\/2025\/11\/post-marketing.png?resize=300%2C112&amp;ssl=1 300w, https:\/\/i0.wp.com\/colpittsclinical.com\/wp-content\/uploads\/2025\/11\/post-marketing.png?resize=1024%2C382&amp;ssl=1 1024w, https:\/\/i0.wp.com\/colpittsclinical.com\/wp-content\/uploads\/2025\/11\/post-marketing.png?resize=768%2C286&amp;ssl=1 768w, https:\/\/i0.wp.com\/colpittsclinical.com\/wp-content\/uploads\/2025\/11\/post-marketing.png?resize=100%2C37&amp;ssl=1 100w, https:\/\/i0.wp.com\/colpittsclinical.com\/wp-content\/uploads\/2025\/11\/post-marketing.png?resize=1536%2C573&amp;ssl=1 1536w, https:\/\/i0.wp.com\/colpittsclinical.com\/wp-content\/uploads\/2025\/11\/post-marketing.png?resize=2048%2C764&amp;ssl=1 2048w, https:\/\/i0.wp.com\/colpittsclinical.com\/wp-content\/uploads\/2025\/11\/post-marketing.png?resize=18%2C7&amp;ssl=1 18w, https:\/\/i0.wp.com\/colpittsclinical.com\/wp-content\/uploads\/2025\/11\/post-marketing.png?resize=640%2C239&amp;ssl=1 640w\" sizes=\"auto, (max-width: 1140px) 100vw, 1140px\" itemprop=\"image\" \/><h1 style=\"white-space: normal;top:186px;left:43px;text-align:center;font-weight:500;font-style:normal;text-decoration:none;wordwrap:true;opacity:1;font-family:Georgia;font-size:65px;width:700px;color:#ffffff;line-height:80px;\" class=\"ls-l\">RARE DISEASE POST MARKETING STUDIES<\/h1><\/div><\/div><\/div><\/div>\n\t<\/div>\n\n\t<\/div><\/div><\/div>\n\t\n<div  class=\"wpb_row vc_row vc_row-fluid  mk-fullwidth-true  attched-false     js-master-row\">\n\t\t\t<div class=\"mk-grid\">\n\t\t\n\t\t\t\n<div style=\"\" class=\"vc_col-sm-12 wpb_column column_container  _ height-full\">\n\t\t<div class=\"vc_custom_1768362834732\">\n\n<div id=\"text-block-1\" class=\"mk-text-block\">\n\n\t\n\t<p><span style=\"font-family: arial, helvetica, sans-serif; font-size: 14pt;\">Studiile postcomercializare \u00een domeniul bolilor rare prezint\u0103 provoc\u0103ri unice: popula\u021bii mici \u0219i dispersate de pacien\u021bi, programe imprevizibile \u0219i cerin\u021be de reglementare sensibile. La Colpitts Clinical, ajut\u0103m sponsorii s\u0103 dep\u0103\u0219easc\u0103 aceste obstacole cu precizie, compasiune \u0219i rapiditate.<\/span><\/p>\n\n\t<div class=\"clearboth\"><\/div>\n<\/div>\n\n\t<\/div>\n<\/div>\n\t\t\n\t\t<\/div>\t\n\t<\/div>\n\n\n\t<div class=\"mk-main-wrapper-holder\">\n\t\t<div class=\"theme-page-wrapper full-layout mk-grid vc_row-fluid no-padding\">\n\t\t\t<div class=\"theme-content no-padding\">\n\n\t\t\t\t<\/div><\/div><\/div>\n\t\n<div  class=\"wpb_row vc_row vc_row-fluid  mk-fullwidth-true  attched-false     js-master-row\">\n\t\t\t<div class=\"mk-grid\">\n\t\t\n\t\t\t\n<div style=\"\" class=\"vc_col-sm-12 wpb_column column_container  _ height-full\">\n\t\t<div class=\"vc_custom_1768361715834\">\n\n<div id=\"text-block-2\" class=\"mk-text-block\">\n\n\t\n\t<h1 style=\"text-align: center;\"><span style=\"color: #333399; font-family: arial, helvetica, sans-serif;\">Provoc\u0103rile pe care le rezolv\u0103m<\/span><\/h1>\n\n\t<div class=\"clearboth\"><\/div>\n<\/div>\n\n\t<\/div>\n<\/div>\n\t\t\n\t\t<\/div>\t\n\t<\/div>\n\n\n\t<div class=\"mk-main-wrapper-holder\">\n\t\t<div class=\"theme-page-wrapper full-layout mk-grid vc_row-fluid no-padding\">\n\t\t\t<div class=\"theme-content no-padding\">\n\n\t\t\t\t<\/div><\/div><\/div>\n\t\n<div  class=\"wpb_row vc_row vc_row-fluid  mk-fullwidth-true  attched-false    vc_custom_1768362926487  js-master-row\">\n\t\t\t<div class=\"mk-grid\">\n\t\t\n\t\t\t\n<div style=\"\" class=\"vc_col-sm-2 wpb_column column_container  _ height-full\">\n\t\t<div class=\"vc_custom_1763616111226\">\n\n<div id=\"text-block-3\" class=\"mk-text-block\">\n\n\t\n\t\n\t<div class=\"clearboth\"><\/div>\n<\/div>\n\n\t<\/div>\n<\/div>\n\n<div style=\"\" class=\"vc_col-sm-8 wpb_column column_container  _ height-full\">\n\t\t<div class=\"vc_custom_1768363177713\">\n\n<div id=\"text-block-4\" class=\"mk-text-block\">\n\n\t\n\t<ul>\n<li><span style=\"font-family: arial, helvetica, sans-serif; font-size: 15pt;\"><span style=\"font-family: arial, helvetica, sans-serif; font-size: 15pt;\"><span style=\"font-family: arial, helvetica, sans-serif; font-size: 15pt;\">Pacien\u021bii sunt adesea localiza\u021bi \u00een mai multe \u021b\u0103ri \u0219i regiuni.<br \/>\n<\/span><\/span><\/span><\/li>\n<li><span style=\"font-family: arial, helvetica, sans-serif; font-size: 15pt;\"><span style=\"font-family: arial, helvetica, sans-serif; font-size: 15pt;\">Familiile pot avea nevoie de sprijin specializat pentru c\u0103l\u0103toriile pediatrilor sau ale \u00eengrijitorilor.<br \/>\n<\/span><\/span><\/li>\n<li><span style=\"font-family: arial, helvetica, sans-serif; font-size: 15pt;\">Reglement\u0103rile privind stipendiile, ramburs\u0103rile \u0219i raportarea variaz\u0103 foarte mult.<\/span><\/li>\n<\/ul>\n\n\t<div class=\"clearboth\"><\/div>\n<\/div>\n\n\t<\/div>\n<\/div>\n\n<div style=\"\" class=\"vc_col-sm-2 wpb_column column_container  _ height-full\">\n\t<\/div>\n\t\t\n\t\t<\/div>\t\n\t<\/div>\n\n\n\t<div class=\"mk-main-wrapper-holder\">\n\t\t<div class=\"theme-page-wrapper full-layout mk-grid vc_row-fluid no-padding\">\n\t\t\t<div class=\"theme-content no-padding\">\n\n\t\t\t\t<\/div><\/div><\/div>\n\t\n<div  class=\"wpb_row vc_row vc_row-fluid  mk-fullwidth-true  attched-false     js-master-row\">\n\t\t\t<div class=\"mk-grid\">\n\t\t\n\t\t\t\n<div style=\"\" class=\"vc_col-sm-12 wpb_column column_container  _ height-full\">\n\t\t<div class=\"vc_custom_1768363473724\">\n\n<div id=\"text-block-5\" class=\"mk-text-block\">\n\n\t\n\t<p><span style=\"font-family: arial, helvetica, sans-serif; font-size: 14pt;\">Sponsorii aleg Colpitts pentru c\u0103 noi elimin\u0103m barierele logistice care pot \u00eencetini recrutarea \u0219i men\u021binerea. Cu expertiza noastr\u0103, pacien\u021bii r\u0103m\u00e2n sprijini\u021bi, \u00eengrijitorii se simt \u00eencrez\u0103tori, iar echipa dvs. se poate concentra pe deplin asupra rezultatelor \u0219i datelor.<\/span><\/p>\n\n\t<div class=\"clearboth\"><\/div>\n<\/div>\n\n\t<\/div>\n<\/div>\n\t\t\n\t\t<\/div>\t\n\t<\/div>\n\n\n\t<div class=\"mk-main-wrapper-holder\">\n\t\t<div class=\"theme-page-wrapper full-layout mk-grid vc_row-fluid no-padding\">\n\t\t\t<div class=\"theme-content no-padding\">\n\n\t\t\t\t<\/div><\/div><\/div>\n\t\n<div  class=\"wpb_row vc_row vc_row-fluid  mk-fullwidth-true  attched-false    vc_custom_1733833984380  js-master-row\">\n\t\t\n\t\t\t\n<div style=\"\" class=\"vc_col-sm-12 wpb_column column_container  _ height-full\">\n\t\t<div class=\"vc_custom_1768362294598\">\n\n<div id=\"text-block-6\" class=\"mk-text-block\">\n\n\t\n\t<h1 style=\"text-align: center;\"><span style=\"color: #ffffff; font-family: arial, helvetica, sans-serif;\">Avantajul Colpitts pentru sponsori<\/span><\/h1>\n\n\t<div class=\"clearboth\"><\/div>\n<\/div>\n\n\t<\/div>\n<\/div>\n\t<\/div>\n\n\n\t<div class=\"mk-main-wrapper-holder\">\n\t\t<div class=\"theme-page-wrapper full-layout mk-grid vc_row-fluid no-padding\">\n\t\t\t<div class=\"theme-content no-padding\">\n\n\t\t\t\t<\/div><\/div><\/div>\n\t\n<div  class=\"wpb_row vc_row vc_row-fluid  mk-fullwidth-true  attched-false    vc_custom_1763616897295  js-master-row vc_hidden-lg vc_hidden-xs vc_hidden-sm vc_hidden-md\">\n\t\t\t<div class=\"mk-grid\">\n\t\t\n\t\t\t\n<div style=\"\" class=\"vc_col-sm-12 wpb_column column_container  _ height-full\">\n\t\t<div class=\"vc_custom_1763616782578\">\n\n<div id=\"text-block-7\" class=\"mk-text-block\">\n\n\t\n\t<p style=\"text-align: center;\"><span style=\"font-size: 22pt;\">Avantajul Colpitts pentru sponsori<\/span><\/p>\n\n\t<div class=\"clearboth\"><\/div>\n<\/div>\n\n\t<\/div>\n<\/div>\n\t\t\n\t\t<\/div>\t\n\t<\/div>\n\n\n\t<div class=\"mk-main-wrapper-holder\">\n\t\t<div class=\"theme-page-wrapper full-layout mk-grid vc_row-fluid no-padding\">\n\t\t\t<div class=\"theme-content no-padding\">\n\n\t\t\t\n<div  class=\"wpb_row vc_row vc_row-fluid  mk-fullwidth-false  attched-false     js-master-row\">\n\t\t\n\t\t\t\n<div style=\"\" class=\"vc_col-sm-3 wpb_column column_container  _ height-full\">\n\t<div \tclass=\"vc_icon_element vc_icon_element-outer vc_icon_element-align-center vc_icon_element-have-style\">\n\t<div class=\"vc_icon_element-inner vc_icon_element-color-grey vc_icon_element-have-style-inner vc_icon_element-size-xl vc_icon_element-style-rounded-less vc_icon_element-background vc_icon_element-background-color-white\">\n\t\t<span class=\"vc_icon_element-icon fa fa-check-square-o\" ><\/span><\/div>\n<\/div>\n\t<div class=\"vc_custom_1768363585958\">\n\n<div id=\"text-block-8\" class=\"mk-text-block\">\n\n\t\n\t<p style=\"text-align: center;\"><span style=\"font-size: 17pt; font-family: arial, helvetica, sans-serif;\"><strong>Acoperire global\u0103 f\u0103r\u0103 sudur\u0103<br \/>\n<\/strong>Aducem pacien\u021bii greu de contactat \u00een studiul dumneavoastr\u0103 \u00een mod fiabil \u0219i la timp.<\/span><\/p>\n\n\t<div class=\"clearboth\"><\/div>\n<\/div>\n\n\t<\/div>\n<\/div>\n\n<div style=\"\" class=\"vc_col-sm-3 wpb_column column_container  _ height-full\">\n\t<div \tclass=\"vc_icon_element vc_icon_element-outer vc_icon_element-align-center vc_icon_element-have-style\">\n\t<div class=\"vc_icon_element-inner vc_icon_element-color-grey vc_icon_element-have-style-inner vc_icon_element-size-xl vc_icon_element-style-rounded-less vc_icon_element-background vc_icon_element-background-color-white\">\n\t\t<span class=\"vc_icon_element-icon fa fa-check-square-o\" ><\/span><\/div>\n<\/div>\n\t<div class=\"vc_custom_1768363597403\">\n\n<div id=\"text-block-9\" class=\"mk-text-block\">\n\n\t\n\t<p style=\"text-align: center;\"><span style=\"font-size: 17pt; font-family: arial, helvetica, sans-serif;\"><strong>Solu\u021bii centrate pe pacient<br \/>\n<\/strong>Fiecare c\u0103l\u0103torie este gestionat\u0103 cu empatie, asigur\u00e2ndu-ne c\u0103 participarea nu adaug\u0103 sarcini inutile.<\/span><\/p>\n\n\t<div class=\"clearboth\"><\/div>\n<\/div>\n\n\t<\/div>\n<\/div>\n\n<div style=\"\" class=\"vc_col-sm-3 wpb_column column_container  _ height-full\">\n\t<div \tclass=\"vc_icon_element vc_icon_element-outer vc_icon_element-align-center vc_icon_element-have-style\">\n\t<div class=\"vc_icon_element-inner vc_icon_element-color-grey vc_icon_element-have-style-inner vc_icon_element-size-xl vc_icon_element-style-rounded-less vc_icon_element-background vc_icon_element-background-color-white\">\n\t\t<span class=\"vc_icon_element-icon fa fa-check-square-o\" ><\/span><\/div>\n<\/div>\n\t<div class=\"vc_custom_1768363608619\">\n\n<div id=\"text-block-10\" class=\"mk-text-block\">\n\n\t\n\t<p style=\"text-align: center;\"><span style=\"font-size: 17pt; font-family: arial, helvetica, sans-serif;\"><strong>\u00cencrederea \u00een reglementare<br \/>\n<\/strong>Experien\u021b\u0103 \u00een ceea ce prive\u0219te cerin\u021bele specifice fiec\u0103rei \u021b\u0103ri \u00een materie de stipendii, impozite \u0219i raportare.<\/span><\/p>\n\n\t<div class=\"clearboth\"><\/div>\n<\/div>\n\n\t<\/div>\n<\/div>\n\n<div style=\"\" class=\"vc_col-sm-3 wpb_column column_container  _ height-full\">\n\t<div \tclass=\"vc_icon_element vc_icon_element-outer vc_icon_element-align-center vc_icon_element-have-style\">\n\t<div class=\"vc_icon_element-inner vc_icon_element-color-grey vc_icon_element-have-style-inner vc_icon_element-size-xl vc_icon_element-style-rounded-less vc_icon_element-background vc_icon_element-background-color-white\">\n\t\t<span class=\"vc_icon_element-icon fa fa-check-square-o\" ><\/span><\/div>\n<\/div>\n\t<div class=\"vc_custom_1768363621851\">\n\n<div id=\"text-block-11\" class=\"mk-text-block\">\n\n\t\n\t<p style=\"text-align: center;\"><span style=\"font-size: 17pt; font-family: arial, helvetica, sans-serif;\"><strong>Serviciul White-Glove<br \/>\n<\/strong>Asisten\u021b\u0103 la nivel de concierge pentru a sprijini pacien\u021bii \u0219i \u00eengrijitorii la fiecare pas.<\/span><\/p>\n\n\t<div class=\"clearboth\"><\/div>\n<\/div>\n\n\t<\/div>\n<\/div>\n\t<\/div>\n\n\t<\/div><\/div><\/div>\n\t\n<div  class=\"wpb_row vc_row vc_row-fluid  mk-fullwidth-true  attched-false    vc_custom_1768362621037  js-master-row vc_hidden-lg vc_hidden-xs vc_hidden-sm vc_hidden-md\">\n\t\t\t<div class=\"mk-grid\">\n\t\t\n\t\t\t\n<div style=\"\" class=\"vc_col-sm-12 wpb_column column_container  _ height-full\">\n\t\t<div class=\"vc_custom_1760545084789\">\n\n<div id=\"text-block-12\" class=\"mk-text-block\">\n\n\t\n\t<p style=\"text-align: center;\"><span style=\"font-size: 18pt;\"><strong><span style=\"color: #0c4b8a;\">L\u0103sa\u021bi Colpitts Clinical s\u0103 se ocupe de toate nevoile dumneavoastr\u0103 legate de aceste pl\u0103\u021bi complexe, care implic\u0103 diverse cerin\u021be fiscale \u00een mai multe \u021b\u0103ri.<\/span><\/strong><\/span><\/p>\n\n\t<div class=\"clearboth\"><\/div>\n<\/div>\n\n\t<\/div>\n<\/div>\n\t\t\n\t\t<\/div>\t\n\t<\/div>\n\n\n\t<div class=\"mk-main-wrapper-holder\">\n\t\t<div class=\"theme-page-wrapper full-layout mk-grid vc_row-fluid no-padding\">\n\t\t\t<div class=\"theme-content no-padding\">\n\n\t\t\t\t<\/div><\/div><\/div>\n\t\n<div  class=\"wpb_row vc_row vc_row-fluid  mk-fullwidth-true  attched-false    vc_custom_1639375347930  js-master-row\">\n\t\t\n\t\t\t\n<div style=\"\" class=\"vc_col-sm-12 wpb_column column_container  _ height-full\">\n\t\n<h2 id=\"fancy-title-13\" class=\"mk-fancy-title  simple-style   color-single\">\n\t<span>\n\t\t\t\t\n<h2 style=\"text-align: center;\"><span style=\"color: #333399;\"><strong><span style=\"font-family: arial, helvetica, sans-serif;\">C\u0103uta\u021bi sprijin de \u00eencredere pentru studiile post-Marketing?<\/span><\/strong><\/span><\/h2>\n<p style=\"text-align: center;\">\n<div id=\"mk-button-14\" class=\"mk-button-container _ relative    block text-center\">\n\n\t\n\t\t<a id=\"Buton ID\" href=\"https:\/\/colpittsclinical.com\/ro\/contact-us\/\"   target=\"_self\" class=\"mk-button js-smooth-scroll mk-button--dimension-three mk-button--size-medium mk-button--corner-pointed text-color-light _ relative text-center font-weight-700 no-backface  letter-spacing-1 inline\">\n\t\t\t\t\t\t \n\t\t\t<span class=\"mk-button--text\">\u00cencepe\u021bi<\/span>\n\t\t\t\t\t<\/a>\n\n\t\n<\/div>\n\t\t\t<\/span>\n<\/h2>\n<div class=\"clearboth\"><\/div>\n\n\n\n<\/div>\n\t<\/div>\n\n\n\t<div class=\"mk-main-wrapper-holder\">\n\t\t<div class=\"theme-page-wrapper full-layout mk-grid vc_row-fluid no-padding\">\n\t\t\t<div class=\"theme-content no-padding\">","protected":false},"excerpt":{"rendered":"var lsjQuery = jQuery; lsjQuery(document).ready(function() { if(typeof lsjQuery.fn.layerSlider == \"undefined\") { if( window._layerSlider && window._layerSlider.showNotice) { window._layerSlider.showNotice('layerslider_47_2','jquery'); } } else { lsjQuery(\"#layerslider_47_2\").layerSlider({sliderVersion: '6.5.7', type: 'fullwidth', navPrevNext: false, hoverPrevNext: false, navStartStop: false, navButtons: false, showCircleTimer: false, popupWidth: 640, popupHeight: 360, skinsPath: 'https:\/\/colpittsclinical.com\/wp-content\/plugins\/LayerSlider\/static\/layerslider\/skins\/'}); } }); RARE DISEASE POST MARKETING STUDIES Post-marketing studies in rare disease present unique [...]","protected":false},"author":1,"featured_media":0,"parent":0,"menu_order":0,"comment_status":"closed","ping_status":"closed","template":"","meta":{"_exactmetrics_skip_tracking":false,"_exactmetrics_sitenote_active":false,"_exactmetrics_sitenote_note":"","_exactmetrics_sitenote_category":0,"footnotes":""},"class_list":["post-6392","page","type-page","status-publish","hentry"],"yoast_head":"<!-- This site is optimized with the Yoast SEO plugin v27.5 - https:\/\/yoast.com\/product\/yoast-seo-wordpress\/ -->\n<title>post marketing studies - Colpitts Clinical<\/title>\n<meta name=\"robots\" content=\"index, follow, max-snippet:-1, max-image-preview:large, max-video-preview:-1\" \/>\n<link rel=\"canonical\" href=\"https:\/\/colpittsclinical.com\/ro\/post-marketing-studies\/\" \/>\n<meta property=\"og:locale\" content=\"ro_RO\" \/>\n<meta property=\"og:type\" content=\"article\" \/>\n<meta property=\"og:title\" content=\"post marketing studies - Colpitts Clinical\" \/>\n<meta property=\"og:url\" content=\"https:\/\/colpittsclinical.com\/ro\/post-marketing-studies\/\" \/>\n<meta property=\"og:site_name\" content=\"Colpitts Clinical\" \/>\n<meta property=\"article:publisher\" content=\"https:\/\/www.facebook.com\/ColpittsClinicalTrialTravel\/\" \/>\n<meta name=\"twitter:card\" content=\"summary_large_image\" \/>\n<meta name=\"twitter:label1\" content=\"Timp estimat pentru citire\" \/>\n\t<meta name=\"twitter:data1\" content=\"2 minute\" \/>\n<script type=\"application\/ld+json\" class=\"yoast-schema-graph\">{\"@context\":\"https:\\\/\\\/schema.org\",\"@graph\":[{\"@type\":\"WebPage\",\"@id\":\"https:\\\/\\\/colpittsclinical.com\\\/post-marketing-studies\\\/\",\"url\":\"https:\\\/\\\/colpittsclinical.com\\\/post-marketing-studies\\\/\",\"name\":\"post marketing studies - Colpitts Clinical\",\"isPartOf\":{\"@id\":\"https:\\\/\\\/colpittsclinical.com\\\/#website\"},\"datePublished\":\"2026-01-14T04:08:20+00:00\",\"breadcrumb\":{\"@id\":\"https:\\\/\\\/colpittsclinical.com\\\/post-marketing-studies\\\/#breadcrumb\"},\"inLanguage\":\"ro-RO\",\"potentialAction\":[{\"@type\":\"ReadAction\",\"target\":[\"https:\\\/\\\/colpittsclinical.com\\\/post-marketing-studies\\\/\"]}]},{\"@type\":\"BreadcrumbList\",\"@id\":\"https:\\\/\\\/colpittsclinical.com\\\/post-marketing-studies\\\/#breadcrumb\",\"itemListElement\":[{\"@type\":\"ListItem\",\"position\":1,\"name\":\"Home\",\"item\":\"https:\\\/\\\/colpittsclinical.com\\\/\"},{\"@type\":\"ListItem\",\"position\":2,\"name\":\"post marketing studies\"}]},{\"@type\":\"WebSite\",\"@id\":\"https:\\\/\\\/colpittsclinical.com\\\/#website\",\"url\":\"https:\\\/\\\/colpittsclinical.com\\\/\",\"name\":\"Colpitts Clinical\",\"description\":\"patient-liaison\",\"publisher\":{\"@id\":\"https:\\\/\\\/colpittsclinical.com\\\/#organization\"},\"potentialAction\":[{\"@type\":\"SearchAction\",\"target\":{\"@type\":\"EntryPoint\",\"urlTemplate\":\"https:\\\/\\\/colpittsclinical.com\\\/?s={search_term_string}\"},\"query-input\":{\"@type\":\"PropertyValueSpecification\",\"valueRequired\":true,\"valueName\":\"search_term_string\"}}],\"inLanguage\":\"ro-RO\"},{\"@type\":\"Organization\",\"@id\":\"https:\\\/\\\/colpittsclinical.com\\\/#organization\",\"name\":\"Colpitts Clinical\",\"url\":\"https:\\\/\\\/colpittsclinical.com\\\/\",\"logo\":{\"@type\":\"ImageObject\",\"inLanguage\":\"ro-RO\",\"@id\":\"https:\\\/\\\/colpittsclinical.com\\\/#\\\/schema\\\/logo\\\/image\\\/\",\"url\":\"https:\\\/\\\/colpittsclinical.com\\\/wp-content\\\/uploads\\\/2017\\\/10\\\/cc-logo-212-1.png\",\"contentUrl\":\"https:\\\/\\\/colpittsclinical.com\\\/wp-content\\\/uploads\\\/2017\\\/10\\\/cc-logo-212-1.png\",\"width\":212,\"height\":48,\"caption\":\"Colpitts Clinical\"},\"image\":{\"@id\":\"https:\\\/\\\/colpittsclinical.com\\\/#\\\/schema\\\/logo\\\/image\\\/\"},\"sameAs\":[\"https:\\\/\\\/www.facebook.com\\\/ColpittsClinicalTrialTravel\\\/\",\"https:\\\/\\\/www.linkedin.com\\\/company\\\/colpittsclinical\\\/\"]}]}<\/script>\n<!-- \/ Yoast SEO plugin. -->","yoast_head_json":{"title":"post marketing studies - Colpitts Clinical","robots":{"index":"index","follow":"follow","max-snippet":"max-snippet:-1","max-image-preview":"max-image-preview:large","max-video-preview":"max-video-preview:-1"},"canonical":"https:\/\/colpittsclinical.com\/ro\/post-marketing-studies\/","og_locale":"ro_RO","og_type":"article","og_title":"post marketing studies - Colpitts Clinical","og_url":"https:\/\/colpittsclinical.com\/ro\/post-marketing-studies\/","og_site_name":"Colpitts Clinical","article_publisher":"https:\/\/www.facebook.com\/ColpittsClinicalTrialTravel\/","twitter_card":"summary_large_image","twitter_misc":{"Timp estimat pentru citire":"2 minute"},"schema":{"@context":"https:\/\/schema.org","@graph":[{"@type":"WebPage","@id":"https:\/\/colpittsclinical.com\/post-marketing-studies\/","url":"https:\/\/colpittsclinical.com\/post-marketing-studies\/","name":"post marketing studies - Colpitts Clinical","isPartOf":{"@id":"https:\/\/colpittsclinical.com\/#website"},"datePublished":"2026-01-14T04:08:20+00:00","breadcrumb":{"@id":"https:\/\/colpittsclinical.com\/post-marketing-studies\/#breadcrumb"},"inLanguage":"ro-RO","potentialAction":[{"@type":"ReadAction","target":["https:\/\/colpittsclinical.com\/post-marketing-studies\/"]}]},{"@type":"BreadcrumbList","@id":"https:\/\/colpittsclinical.com\/post-marketing-studies\/#breadcrumb","itemListElement":[{"@type":"ListItem","position":1,"name":"Home","item":"https:\/\/colpittsclinical.com\/"},{"@type":"ListItem","position":2,"name":"post marketing studies"}]},{"@type":"WebSite","@id":"https:\/\/colpittsclinical.com\/#website","url":"https:\/\/colpittsclinical.com\/","name":"Colpitts Clinic","description":"pacient-liaison","publisher":{"@id":"https:\/\/colpittsclinical.com\/#organization"},"potentialAction":[{"@type":"SearchAction","target":{"@type":"EntryPoint","urlTemplate":"https:\/\/colpittsclinical.com\/?s={search_term_string}"},"query-input":{"@type":"PropertyValueSpecification","valueRequired":true,"valueName":"search_term_string"}}],"inLanguage":"ro-RO"},{"@type":"Organization","@id":"https:\/\/colpittsclinical.com\/#organization","name":"Colpitts Clinic","url":"https:\/\/colpittsclinical.com\/","logo":{"@type":"ImageObject","inLanguage":"ro-RO","@id":"https:\/\/colpittsclinical.com\/#\/schema\/logo\/image\/","url":"https:\/\/colpittsclinical.com\/wp-content\/uploads\/2017\/10\/cc-logo-212-1.png","contentUrl":"https:\/\/colpittsclinical.com\/wp-content\/uploads\/2017\/10\/cc-logo-212-1.png","width":212,"height":48,"caption":"Colpitts Clinical"},"image":{"@id":"https:\/\/colpittsclinical.com\/#\/schema\/logo\/image\/"},"sameAs":["https:\/\/www.facebook.com\/ColpittsClinicalTrialTravel\/","https:\/\/www.linkedin.com\/company\/colpittsclinical\/"]}]}},"jetpack_sharing_enabled":true,"post_mailing_queue_ids":[],"_links":{"self":[{"href":"https:\/\/colpittsclinical.com\/ro\/wp-json\/wp\/v2\/pages\/6392","targetHints":{"allow":["GET"]}}],"collection":[{"href":"https:\/\/colpittsclinical.com\/ro\/wp-json\/wp\/v2\/pages"}],"about":[{"href":"https:\/\/colpittsclinical.com\/ro\/wp-json\/wp\/v2\/types\/page"}],"author":[{"embeddable":true,"href":"https:\/\/colpittsclinical.com\/ro\/wp-json\/wp\/v2\/users\/1"}],"replies":[{"embeddable":true,"href":"https:\/\/colpittsclinical.com\/ro\/wp-json\/wp\/v2\/comments?post=6392"}],"version-history":[{"count":38,"href":"https:\/\/colpittsclinical.com\/ro\/wp-json\/wp\/v2\/pages\/6392\/revisions"}],"predecessor-version":[{"id":6461,"href":"https:\/\/colpittsclinical.com\/ro\/wp-json\/wp\/v2\/pages\/6392\/revisions\/6461"}],"wp:attachment":[{"href":"https:\/\/colpittsclinical.com\/ro\/wp-json\/wp\/v2\/media?parent=6392"}],"curies":[{"name":"wp","href":"https:\/\/api.w.org\/{rel}","templated":true}]}}