{"id":633,"date":"2017-08-28T02:30:55","date_gmt":"2017-08-28T06:30:55","guid":{"rendered":"https:\/\/colpittsclinical.com\/?page_id=633"},"modified":"2025-01-30T23:10:04","modified_gmt":"2025-01-31T04:10:04","slug":"cost-control","status":"publish","type":"page","link":"https:\/\/colpittsclinical.com\/ro\/cost-control\/","title":{"rendered":"Controlul costurilor"},"content":{"rendered":"<div  class=\"wpb_row vc_row vc_row-fluid  mk-fullwidth-false  attched-false     js-master-row\">\n\t\t\n\t\t\t\n<div style=\"\" class=\"vc_col-sm-12 wpb_column column_container  _ height-full\">\n\t<script data-cfasync=\"false\" type=\"text\/javascript\">var lsjQuery = jQuery;<\/script><script data-cfasync=\"false\" type=\"text\/javascript\">\r\nlsjQuery(document).ready(function() {\r\nif(typeof lsjQuery.fn.layerSlider == \"undefined\") {\r\nif( window._layerSlider && window._layerSlider.showNotice) { \r\nwindow._layerSlider.showNotice('layerslider_37','jquery');\r\n}\r\n} else {\r\nlsjQuery(\"#layerslider_37\").layerSlider({sliderVersion: '6.5.7', type: 'fullwidth', navPrevNext: false, hoverPrevNext: false, navStartStop: false, navButtons: false, showCircleTimer: false, popupWidth: 640, popupHeight: 360, skinsPath: 'https:\/\/colpittsclinical.com\/wp-content\/plugins\/LayerSlider\/static\/layerslider\/skins\/'});\r\n}\r\n});\r\n<\/script><div id=\"layerslider_37\" class=\"ls-wp-container fitvidsignore\" style=\"width:1920px;height:600px;margin:0 auto;margin-bottom: 0px;\"><div class=\"ls-slide\" data-ls=\"kenburnsscale:1.2;\"><img loading=\"lazy\" decoding=\"async\" width=\"2172\" height=\"810\" src=\"https:\/\/i0.wp.com\/colpittsclinical.com\/wp-content\/uploads\/2024\/07\/cost-control-071524.jpg?fit=2172%2C810&amp;ssl=1\" class=\"ls-bg\" alt=\"\" srcset=\"https:\/\/i0.wp.com\/colpittsclinical.com\/wp-content\/uploads\/2024\/07\/cost-control-071524.jpg?w=2172&amp;ssl=1 2172w, https:\/\/i0.wp.com\/colpittsclinical.com\/wp-content\/uploads\/2024\/07\/cost-control-071524.jpg?resize=300%2C112&amp;ssl=1 300w, https:\/\/i0.wp.com\/colpittsclinical.com\/wp-content\/uploads\/2024\/07\/cost-control-071524.jpg?resize=1024%2C382&amp;ssl=1 1024w, https:\/\/i0.wp.com\/colpittsclinical.com\/wp-content\/uploads\/2024\/07\/cost-control-071524.jpg?resize=768%2C286&amp;ssl=1 768w, https:\/\/i0.wp.com\/colpittsclinical.com\/wp-content\/uploads\/2024\/07\/cost-control-071524.jpg?resize=1536%2C573&amp;ssl=1 1536w, https:\/\/i0.wp.com\/colpittsclinical.com\/wp-content\/uploads\/2024\/07\/cost-control-071524.jpg?resize=2048%2C764&amp;ssl=1 2048w, https:\/\/i0.wp.com\/colpittsclinical.com\/wp-content\/uploads\/2024\/07\/cost-control-071524.jpg?resize=640%2C239&amp;ssl=1 640w\" sizes=\"auto, (max-width: 1140px) 100vw, 1140px\" itemprop=\"image\" \/><h1 style=\"white-space: normal;top:244px;left:41px;text-align:center;font-weight:500;font-style:normal;text-decoration:none;wordwrap:true;opacity:1;font-family:Georgia;font-size:65px;width:700px;color:#ffffff;line-height:80px;\" class=\"ls-l\">CONTROLUL COSTURILOR\n<\/h1><\/div><\/div><\/div>\n\t<\/div>\n\n\t<\/div><\/div><\/div>\n\t\n<div  class=\"wpb_row vc_row vc_row-fluid  mk-fullwidth-true  attched-false    vc_custom_1639465355583  js-master-row\">\n\t\t\t<div class=\"mk-grid\">\n\t\t\n\t\t\t\n<div style=\"\" class=\"vc_col-sm-12 wpb_column column_container vc_custom_1506482255986  _ height-full\">\n\t<div class=\"vc_empty_space\"   style=\"height: 22px\" ><span class=\"vc_empty_space_inner\"><\/span><\/div>\n\t<div class=\"vc_custom_1721327266953\">\n\n<div id=\"text-block-1\" class=\"mk-text-block\">\n\n\t\n\t<h1><span style=\"color: #333399;\">Maximizarea succesului dumneavoastr\u0103 cu solu\u021bii eficiente din punct de vedere al costurilor<\/span><\/h1>\n\n\t<div class=\"clearboth\"><\/div>\n<\/div>\n\n\t<\/div>\n\t<div class=\"vc_custom_1738296585315\">\n\n<div id=\"text-block-2\" class=\"mk-text-block\">\n\n\t\n\t<p>Colpitts Clinical ofer\u0103 \u00eendrumare de specialitate \u0219i strategii de economisire a costurilor pentru a spori productivitatea \u0219i conformitatea studiilor dumneavoastr\u0103 clinice. Serviciile noastre sunt concepute pentru a minimiza cheltuielile, \u00eendeplinind \u00een acela\u0219i timp nevoile de deplasare \u0219i cheltuieli ale pacien\u021bilor pentru studiile clinice.<\/p>\n<p><strong>Beneficiile de a alege Colpitts Clinical:<\/strong><\/p>\n<ul>\n<li>F\u0103r\u0103 taxe lunare minime, taxe de \u00eenregistrare a pacien\u021bilor, taxe de administrare, doar o tax\u0103 unic\u0103 de implementare pentru fiecare studiu.<\/li>\n<li>Clien\u021bii no\u0219tri pl\u0103tesc doar pentru serviciile pe care le utilizeaz\u0103.<\/li>\n<li>Toate facturile sunt conforme cu FDA \u0219i ofer\u0103 informa\u021biile necesare pentru gestionarea cheltuielilor de studiu.<\/li>\n<\/ul>\n<p>Cu peste 20 de ani de experien\u021b\u0103 \u00een industria biotehnologiei, CRO \u0219i farmaceutic\u0103, Colpitts Clinical ofer\u0103 solu\u021bii de c\u0103l\u0103torie personalizate care maximizeaz\u0103 oportunit\u0103\u021bile de studiu.<\/p>\n<p>Recrutarea pacien\u021bilor \u00een cadrul studiilor clinice poate prezenta provoc\u0103ri, \u00een special \u00een cazul bolilor rare \u0219i orfane. De aceea, Colpitts Clinical adopt\u0103 un model de tarifare cu risc sc\u0103zut pentru clien\u021bii no\u0219tri, asigur\u00e2ndu-se c\u0103 pl\u0103ti\u021bi doar pentru serviciile utilizate de pacien\u021bi.<\/p>\n<p>Atunci c\u00e2nd compara\u021bi pre\u021burile furnizorilor, este esen\u021bial s\u0103 lua\u021bi \u00een considerare valoarea global\u0103 \u0219i economiile de costuri pe care Colpitts Clinical le poate oferi studiilor dumneavoastr\u0103 clinice.<\/p>\n\n\t<div class=\"clearboth\"><\/div>\n<\/div>\n\n\t<\/div>\n<\/div>\n\t\t\n\t\t<\/div>\t\n\t<\/div>\n\n\n\t<div class=\"mk-main-wrapper-holder\">\n\t\t<div class=\"theme-page-wrapper full-layout mk-grid vc_row-fluid no-padding\">\n\t\t\t<div class=\"theme-content no-padding\">\n\n\t\t\t\n<div  class=\"wpb_row vc_row vc_row-fluid  mk-fullwidth-false  attched-false     js-master-row\">\n\t\t\n\t\t\t\n<div style=\"\" class=\"vc_col-sm-4 wpb_column column_container  _ height-full\">\n\t\n\t<div  class=\"wpb_single_image wpb_content_element vc_align_left  vc_custom_1639465008154\">\n\t\t\n\t\t<figure class=\"wpb_wrapper vc_figure\">\n\t\t\t<div class=\"vc_single_image-wrapper   vc_box_border_grey\"><img loading=\"lazy\" decoding=\"async\" width=\"700\" height=\"700\" src=\"https:\/\/i0.wp.com\/colpittsclinical.com\/wp-content\/uploads\/2021\/12\/no-set-up.png?fit=700%2C700&amp;ssl=1\" class=\"vc_single_image-img attachment-full\" alt=\"No large setup or monthly fees\" srcset=\"https:\/\/i0.wp.com\/colpittsclinical.com\/wp-content\/uploads\/2021\/12\/no-set-up.png?w=700&amp;ssl=1 700w, https:\/\/i0.wp.com\/colpittsclinical.com\/wp-content\/uploads\/2021\/12\/no-set-up.png?resize=300%2C300&amp;ssl=1 300w, https:\/\/i0.wp.com\/colpittsclinical.com\/wp-content\/uploads\/2021\/12\/no-set-up.png?resize=150%2C150&amp;ssl=1 150w, https:\/\/i0.wp.com\/colpittsclinical.com\/wp-content\/uploads\/2021\/12\/no-set-up.png?resize=1024%2C1024&amp;ssl=1 1024w\" sizes=\"auto, (max-width: 700px) 100vw, 700px\" itemprop=\"image\" \/><\/div>\n\t\t<\/figure>\n\t<\/div>\n<\/div>\n\n<div style=\"\" class=\"vc_col-sm-4 wpb_column column_container  _ height-full\">\n\t\n\t<div  class=\"wpb_single_image wpb_content_element vc_align_left  vc_custom_1639465070056\">\n\t\t\n\t\t<figure class=\"wpb_wrapper vc_figure\">\n\t\t\t<div class=\"vc_single_image-wrapper   vc_box_border_grey\"><img loading=\"lazy\" decoding=\"async\" width=\"700\" height=\"700\" src=\"https:\/\/i0.wp.com\/colpittsclinical.com\/wp-content\/uploads\/2021\/12\/services-used.png?fit=700%2C700&amp;ssl=1\" class=\"vc_single_image-img attachment-full\" alt=\"Only pay for the services you use\" srcset=\"https:\/\/i0.wp.com\/colpittsclinical.com\/wp-content\/uploads\/2021\/12\/services-used.png?w=700&amp;ssl=1 700w, https:\/\/i0.wp.com\/colpittsclinical.com\/wp-content\/uploads\/2021\/12\/services-used.png?resize=300%2C300&amp;ssl=1 300w, https:\/\/i0.wp.com\/colpittsclinical.com\/wp-content\/uploads\/2021\/12\/services-used.png?resize=150%2C150&amp;ssl=1 150w, https:\/\/i0.wp.com\/colpittsclinical.com\/wp-content\/uploads\/2021\/12\/services-used.png?resize=1024%2C1024&amp;ssl=1 1024w\" sizes=\"auto, (max-width: 700px) 100vw, 700px\" itemprop=\"image\" \/><\/div>\n\t\t<\/figure>\n\t<\/div>\n<\/div>\n\n<div style=\"\" class=\"vc_col-sm-4 wpb_column column_container  _ height-full\">\n\t\n\t<div  class=\"wpb_single_image wpb_content_element vc_align_left  vc_custom_1639465082952\">\n\t\t\n\t\t<figure class=\"wpb_wrapper vc_figure\">\n\t\t\t<div class=\"vc_single_image-wrapper   vc_box_border_grey\"><img loading=\"lazy\" decoding=\"async\" width=\"700\" height=\"700\" src=\"https:\/\/i0.wp.com\/colpittsclinical.com\/wp-content\/uploads\/2021\/12\/compliant-billing.png?fit=700%2C700&amp;ssl=1\" class=\"vc_single_image-img attachment-full\" alt=\"Compliant Transactional Billing\" srcset=\"https:\/\/i0.wp.com\/colpittsclinical.com\/wp-content\/uploads\/2021\/12\/compliant-billing.png?w=700&amp;ssl=1 700w, https:\/\/i0.wp.com\/colpittsclinical.com\/wp-content\/uploads\/2021\/12\/compliant-billing.png?resize=300%2C300&amp;ssl=1 300w, https:\/\/i0.wp.com\/colpittsclinical.com\/wp-content\/uploads\/2021\/12\/compliant-billing.png?resize=150%2C150&amp;ssl=1 150w, https:\/\/i0.wp.com\/colpittsclinical.com\/wp-content\/uploads\/2021\/12\/compliant-billing.png?resize=1024%2C1024&amp;ssl=1 1024w\" sizes=\"auto, (max-width: 700px) 100vw, 700px\" itemprop=\"image\" \/><\/div>\n\t\t<\/figure>\n\t<\/div>\n<\/div>\n\t<\/div>\n\n\t<\/div><\/div><\/div>\n\t\n<div  class=\"wpb_row vc_row vc_row-fluid  mk-fullwidth-true  attched-false    vc_custom_1721327329428  js-master-row\">\n\t\t\n\t\t\t\n<div style=\"\" class=\"vc_col-sm-12 wpb_column column_container  _ height-full\">\n\t\t<div class=\"vc_custom_1611552984846\">\n\n<div id=\"text-block-3\" class=\"mk-text-block\">\n\n\t\n\t<h1 style=\"text-align: center;\"><span style=\"color: #ffffff; font-family: arial, helvetica, sans-serif;\">DIFEREN\u021aIERI DE COSTURI CARE CONTEAZ\u0102 CU ADEV\u0102RAT<\/span><\/h1>\n\n\t<div class=\"clearboth\"><\/div>\n<\/div>\n\n\t<\/div>\n<\/div>\n\t<\/div>\n\n\n\t<div class=\"mk-main-wrapper-holder\">\n\t\t<div class=\"theme-page-wrapper full-layout mk-grid vc_row-fluid no-padding\">\n\t\t\t<div class=\"theme-content no-padding\">\n\n\t\t\t\n<div  class=\"wpb_row vc_row vc_row-fluid  mk-fullwidth-false  attched-false    vc_custom_1650540411414  js-master-row\">\n\t\t\n\t\t\t\n<div style=\"\" class=\"vc_col-sm-12 wpb_column column_container  _ height-full\">\n\t\n\t<div  class=\"wpb_single_image wpb_content_element vc_align_center\">\n\t\t\n\t\t<figure class=\"wpb_wrapper vc_figure\">\n\t\t\t<div class=\"vc_single_image-wrapper   vc_box_border_grey\"><img loading=\"lazy\" decoding=\"async\" width=\"1894\" height=\"426\" src=\"https:\/\/i0.wp.com\/colpittsclinical.com\/wp-content\/uploads\/2021\/01\/low-risk-pricing.jpg?fit=1894%2C426&amp;ssl=1\" class=\"vc_single_image-img attachment-full\" alt=\"Colpitts low-risk pricing model\" srcset=\"https:\/\/i0.wp.com\/colpittsclinical.com\/wp-content\/uploads\/2021\/01\/low-risk-pricing.jpg?w=1894&amp;ssl=1 1894w, https:\/\/i0.wp.com\/colpittsclinical.com\/wp-content\/uploads\/2021\/01\/low-risk-pricing.jpg?resize=300%2C67&amp;ssl=1 300w, https:\/\/i0.wp.com\/colpittsclinical.com\/wp-content\/uploads\/2021\/01\/low-risk-pricing.jpg?resize=1024%2C230&amp;ssl=1 1024w, https:\/\/i0.wp.com\/colpittsclinical.com\/wp-content\/uploads\/2021\/01\/low-risk-pricing.jpg?resize=768%2C173&amp;ssl=1 768w, https:\/\/i0.wp.com\/colpittsclinical.com\/wp-content\/uploads\/2021\/01\/low-risk-pricing.jpg?resize=1320%2C296&amp;ssl=1 1320w\" sizes=\"auto, (max-width: 1140px) 100vw, 1140px\" itemprop=\"image\" \/><\/div>\n\t\t<\/figure>\n\t<\/div>\n<\/div>\n\t<\/div>\n\n\n<div  class=\"wpb_row vc_row vc_row-fluid  mk-fullwidth-false  attched-false    vc_custom_1611561841160  js-master-row\">\n\t\t\n\t\t\t\n<div style=\"\" class=\"vc_col-sm-6 wpb_column column_container vc_custom_1611562263440  _ height-full\">\n\t\n<div class=\"mk-custom-box hover-effect-image\" id=\"box-4\">\n\t<div class=\"box-holder\">\t<div class=\"vc_custom_1612150426862\">\n\n<div id=\"text-block-5\" class=\"mk-text-block\">\n\n\t\n\t<p><span style=\"color: #ffffff;\"><strong>- Sponsorii pl\u0103tesc NUMAI pentru serviciile utilizate de pacien\u021bi<\/strong><\/span><\/p>\n<p><span style=\"color: #ffffff;\">Acest lucru \u00eenseamn\u0103 c\u0103 Colpitts nu va percepe niciodat\u0103 taxe lunare de \u00eentre\u021binere, taxe de administrare sau taxe lunare minime pentru pacien\u021bi.<\/span><\/p>\n\n\t<div class=\"clearboth\"><\/div>\n<\/div>\n\n\t<\/div>\n\n\t\t<div class=\"clearfix\"><\/div>\n\t<\/div>\n<\/div> <\/div>\n\n<div style=\"\" class=\"vc_col-sm-6 wpb_column column_container vc_custom_1611635051438  _ height-full\">\n\t\n<div class=\"mk-custom-box hover-effect-image\" id=\"box-6\">\n\t<div class=\"box-holder\">\t<div class=\"vc_custom_1687369202751\">\n\n<div id=\"text-block-7\" class=\"mk-text-block\">\n\n\t\n\t<p><span style=\"color: #ffffff;\"><strong>- O mic\u0103 tax\u0103 nominal\u0103 unic\u0103 de implementare<\/strong><\/span><\/p>\n<p><span style=\"color: #ffffff;\">Apoi, un model de stabilire a pre\u021burilor pentru serviciile rezervate bazat pe taxe de tranzac\u021bie<\/span><\/p>\n\n\t<div class=\"clearboth\"><\/div>\n<\/div>\n\n\t<\/div>\n\n\t\t<div class=\"clearfix\"><\/div>\n\t<\/div>\n<\/div> <\/div>\n\t<\/div>\n\n\t<\/div><\/div><\/div>\n\t\n<div  class=\"wpb_row vc_row vc_row-fluid  mk-fullwidth-true  attched-false     js-master-row\">\n\t\t\t<div class=\"mk-grid\">\n\t\t\n\t\t\t\n<div style=\"\" class=\"vc_col-sm-12 wpb_column column_container vc_custom_1611634693415  _ height-full\">\n\t\t<div class=\"vc_custom_1611634899184\">\n\n<div id=\"text-block-8\" class=\"mk-text-block\">\n\n\t\n\t<p style=\"text-align: center;\"><em><strong><span style=\"color: #808080; font-size: 18pt;\">Este important s\u0103 lua\u021bi \u00een considerare imaginea de ansamblu atunci c\u00e2nd compara\u021bi pre\u021burile furnizorilor.<\/span><\/strong><\/em><\/p>\n\n\t<div class=\"clearboth\"><\/div>\n<\/div>\n\n\t<\/div>\n<\/div>\n\t\t\n\t\t<\/div>\t\n\t<\/div>\n\n\n\t<div class=\"mk-main-wrapper-holder\">\n\t\t<div class=\"theme-page-wrapper full-layout mk-grid vc_row-fluid no-padding\">\n\t\t\t<div class=\"theme-content no-padding\">\n\n\t\t\t\t<\/div><\/div><\/div>\n\t\n<div  class=\"wpb_row vc_row vc_row-fluid  mk-fullwidth-true  attched-false    vc_custom_1639470563791  js-master-row\">\n\t\t\n\t\t\t\n<div style=\"\" class=\"vc_col-sm-12 wpb_column column_container  _ height-full\">\n\t\n<h2 id=\"fancy-title-9\" class=\"mk-fancy-title  simple-style   color-single\">\n\t<span>\n\t\t\t\t\n<h2 style=\"text-align: center;\"><span style=\"color: #333399;\"><strong><span style=\"font-family: arial, helvetica, sans-serif;\">C\u0103uta\u021bi o solu\u021bie mai eficient\u0103 din punct de vedere al costurilor pentru studiul dumneavoastr\u0103 clinic?<\/span><\/strong><\/span><\/h2>\n<p style=\"text-align: center;\">\n<div id=\"mk-button-10\" class=\"mk-button-container _ relative    block text-center\">\n\n\t\n\t\t<a id=\"Buton ID\" href=\"https:\/\/colpittsclinical.com\/ro\/contact-us\/\"   target=\"_self\" class=\"mk-button js-smooth-scroll mk-button--dimension-three mk-button--size-medium mk-button--corner-pointed text-color-light _ relative text-center font-weight-700 no-backface  letter-spacing-1 inline\">\n\t\t\t\t\t\t \n\t\t\t<span class=\"mk-button--text\">\u00cencepe\u021bi<\/span>\n\t\t\t\t\t<\/a>\n\n\t\n<\/div>\n\t\t\t<\/span>\n<\/h2>\n<div class=\"clearboth\"><\/div>\n\n\n\n<\/div>\n\t<\/div>\n\n\n\t<div class=\"mk-main-wrapper-holder\">\n\t\t<div class=\"theme-page-wrapper full-layout mk-grid vc_row-fluid no-padding\">\n\t\t\t<div class=\"theme-content no-padding\">","protected":false},"excerpt":{"rendered":"var lsjQuery = jQuery; lsjQuery(document).ready(function() { if(typeof lsjQuery.fn.layerSlider == \"undefined\") { if( window._layerSlider && window._layerSlider.showNotice) { window._layerSlider.showNotice('layerslider_37_2','jquery'); } } else { lsjQuery(\"#layerslider_37_2\").layerSlider({sliderVersion: '6.5.7', type: 'fullwidth', navPrevNext: false, hoverPrevNext: false, navStartStop: false, navButtons: false, showCircleTimer: false, popupWidth: 640, popupHeight: 360, skinsPath: 'https:\/\/colpittsclinical.com\/wp-content\/plugins\/LayerSlider\/static\/layerslider\/skins\/'}); } }); COST CONTROL Maximizing your success with cost-efficient solutions Colpitts Clinical provides expert [...]","protected":false},"author":1,"featured_media":0,"parent":0,"menu_order":0,"comment_status":"closed","ping_status":"closed","template":"","meta":{"_exactmetrics_skip_tracking":false,"_exactmetrics_sitenote_active":false,"_exactmetrics_sitenote_note":"","_exactmetrics_sitenote_category":0,"footnotes":""},"class_list":["post-633","page","type-page","status-publish","hentry"],"yoast_head":"<!-- This site is optimized with the Yoast SEO plugin v27.5 - https:\/\/yoast.com\/product\/yoast-seo-wordpress\/ -->\n<title>Cost Control - Colpitts Clinical<\/title>\n<meta name=\"description\" content=\"Colpitts Clinical travel services provide insights and know-how that will create cost savings, enhance productivity and augment current policies and procedures to promote compliance with the multitude of regulations governing clinical trials.\" \/>\n<meta name=\"robots\" content=\"index, follow, max-snippet:-1, max-image-preview:large, max-video-preview:-1\" \/>\n<link rel=\"canonical\" href=\"https:\/\/colpittsclinical.com\/ro\/cost-control\/\" \/>\n<meta property=\"og:locale\" content=\"ro_RO\" \/>\n<meta property=\"og:type\" content=\"article\" \/>\n<meta property=\"og:title\" content=\"Cost Control - Colpitts Clinical\" \/>\n<meta property=\"og:description\" content=\"Colpitts Clinical travel services provide insights and know-how that will create cost savings, enhance productivity and augment current policies and procedures to promote compliance with the multitude of regulations governing clinical trials.\" \/>\n<meta property=\"og:url\" content=\"https:\/\/colpittsclinical.com\/ro\/cost-control\/\" \/>\n<meta property=\"og:site_name\" content=\"Colpitts Clinical\" \/>\n<meta property=\"article:publisher\" content=\"https:\/\/www.facebook.com\/ColpittsClinicalTrialTravel\/\" \/>\n<meta property=\"article:modified_time\" content=\"2025-01-31T04:10:04+00:00\" \/>\n<meta name=\"twitter:card\" content=\"summary_large_image\" \/>\n<meta name=\"twitter:label1\" content=\"Timp estimat pentru citire\" \/>\n\t<meta name=\"twitter:data1\" content=\"2 minute\" \/>\n<script type=\"application\/ld+json\" class=\"yoast-schema-graph\">{\"@context\":\"https:\\\/\\\/schema.org\",\"@graph\":[{\"@type\":\"WebPage\",\"@id\":\"https:\\\/\\\/colpittsclinical.com\\\/cost-control\\\/\",\"url\":\"https:\\\/\\\/colpittsclinical.com\\\/cost-control\\\/\",\"name\":\"Cost Control - Colpitts Clinical\",\"isPartOf\":{\"@id\":\"https:\\\/\\\/colpittsclinical.com\\\/#website\"},\"datePublished\":\"2017-08-28T06:30:55+00:00\",\"dateModified\":\"2025-01-31T04:10:04+00:00\",\"description\":\"Colpitts Clinical travel services provide insights and know-how that will create cost savings, enhance productivity and augment current policies and procedures to promote compliance with the multitude of regulations governing clinical trials.\",\"breadcrumb\":{\"@id\":\"https:\\\/\\\/colpittsclinical.com\\\/cost-control\\\/#breadcrumb\"},\"inLanguage\":\"ro-RO\",\"potentialAction\":[{\"@type\":\"ReadAction\",\"target\":[\"https:\\\/\\\/colpittsclinical.com\\\/cost-control\\\/\"]}]},{\"@type\":\"BreadcrumbList\",\"@id\":\"https:\\\/\\\/colpittsclinical.com\\\/cost-control\\\/#breadcrumb\",\"itemListElement\":[{\"@type\":\"ListItem\",\"position\":1,\"name\":\"Home\",\"item\":\"https:\\\/\\\/colpittsclinical.com\\\/\"},{\"@type\":\"ListItem\",\"position\":2,\"name\":\"Cost Control\"}]},{\"@type\":\"WebSite\",\"@id\":\"https:\\\/\\\/colpittsclinical.com\\\/#website\",\"url\":\"https:\\\/\\\/colpittsclinical.com\\\/\",\"name\":\"Colpitts Clinical\",\"description\":\"patient-liaison\",\"publisher\":{\"@id\":\"https:\\\/\\\/colpittsclinical.com\\\/#organization\"},\"potentialAction\":[{\"@type\":\"SearchAction\",\"target\":{\"@type\":\"EntryPoint\",\"urlTemplate\":\"https:\\\/\\\/colpittsclinical.com\\\/?s={search_term_string}\"},\"query-input\":{\"@type\":\"PropertyValueSpecification\",\"valueRequired\":true,\"valueName\":\"search_term_string\"}}],\"inLanguage\":\"ro-RO\"},{\"@type\":\"Organization\",\"@id\":\"https:\\\/\\\/colpittsclinical.com\\\/#organization\",\"name\":\"Colpitts Clinical\",\"url\":\"https:\\\/\\\/colpittsclinical.com\\\/\",\"logo\":{\"@type\":\"ImageObject\",\"inLanguage\":\"ro-RO\",\"@id\":\"https:\\\/\\\/colpittsclinical.com\\\/#\\\/schema\\\/logo\\\/image\\\/\",\"url\":\"https:\\\/\\\/colpittsclinical.com\\\/wp-content\\\/uploads\\\/2017\\\/10\\\/cc-logo-212-1.png\",\"contentUrl\":\"https:\\\/\\\/colpittsclinical.com\\\/wp-content\\\/uploads\\\/2017\\\/10\\\/cc-logo-212-1.png\",\"width\":212,\"height\":48,\"caption\":\"Colpitts Clinical\"},\"image\":{\"@id\":\"https:\\\/\\\/colpittsclinical.com\\\/#\\\/schema\\\/logo\\\/image\\\/\"},\"sameAs\":[\"https:\\\/\\\/www.facebook.com\\\/ColpittsClinicalTrialTravel\\\/\",\"https:\\\/\\\/www.linkedin.com\\\/company\\\/colpittsclinical\\\/\"]}]}<\/script>\n<!-- \/ Yoast SEO plugin. -->","yoast_head_json":{"title":"Cost Control - Colpitts Clinical","description":"Colpitts Clinical travel services provide insights and know-how that will create cost savings, enhance productivity and augment current policies and procedures to promote compliance with the multitude of regulations governing clinical trials.","robots":{"index":"index","follow":"follow","max-snippet":"max-snippet:-1","max-image-preview":"max-image-preview:large","max-video-preview":"max-video-preview:-1"},"canonical":"https:\/\/colpittsclinical.com\/ro\/cost-control\/","og_locale":"ro_RO","og_type":"article","og_title":"Cost Control - Colpitts Clinical","og_description":"Colpitts Clinical travel services provide insights and know-how that will create cost savings, enhance productivity and augment current policies and procedures to promote compliance with the multitude of regulations governing clinical trials.","og_url":"https:\/\/colpittsclinical.com\/ro\/cost-control\/","og_site_name":"Colpitts Clinical","article_publisher":"https:\/\/www.facebook.com\/ColpittsClinicalTrialTravel\/","article_modified_time":"2025-01-31T04:10:04+00:00","twitter_card":"summary_large_image","twitter_misc":{"Timp estimat pentru citire":"2 minute"},"schema":{"@context":"https:\/\/schema.org","@graph":[{"@type":"WebPage","@id":"https:\/\/colpittsclinical.com\/cost-control\/","url":"https:\/\/colpittsclinical.com\/cost-control\/","name":"Cost Control - Colpitts Clinical","isPartOf":{"@id":"https:\/\/colpittsclinical.com\/#website"},"datePublished":"2017-08-28T06:30:55+00:00","dateModified":"2025-01-31T04:10:04+00:00","description":"Colpitts Clinical travel services provide insights and know-how that will create cost savings, enhance productivity and augment current policies and procedures to promote compliance with the multitude of regulations governing clinical trials.","breadcrumb":{"@id":"https:\/\/colpittsclinical.com\/cost-control\/#breadcrumb"},"inLanguage":"ro-RO","potentialAction":[{"@type":"ReadAction","target":["https:\/\/colpittsclinical.com\/cost-control\/"]}]},{"@type":"BreadcrumbList","@id":"https:\/\/colpittsclinical.com\/cost-control\/#breadcrumb","itemListElement":[{"@type":"ListItem","position":1,"name":"Home","item":"https:\/\/colpittsclinical.com\/"},{"@type":"ListItem","position":2,"name":"Cost Control"}]},{"@type":"WebSite","@id":"https:\/\/colpittsclinical.com\/#website","url":"https:\/\/colpittsclinical.com\/","name":"Colpitts Clinic","description":"pacient-liaison","publisher":{"@id":"https:\/\/colpittsclinical.com\/#organization"},"potentialAction":[{"@type":"SearchAction","target":{"@type":"EntryPoint","urlTemplate":"https:\/\/colpittsclinical.com\/?s={search_term_string}"},"query-input":{"@type":"PropertyValueSpecification","valueRequired":true,"valueName":"search_term_string"}}],"inLanguage":"ro-RO"},{"@type":"Organization","@id":"https:\/\/colpittsclinical.com\/#organization","name":"Colpitts Clinic","url":"https:\/\/colpittsclinical.com\/","logo":{"@type":"ImageObject","inLanguage":"ro-RO","@id":"https:\/\/colpittsclinical.com\/#\/schema\/logo\/image\/","url":"https:\/\/colpittsclinical.com\/wp-content\/uploads\/2017\/10\/cc-logo-212-1.png","contentUrl":"https:\/\/colpittsclinical.com\/wp-content\/uploads\/2017\/10\/cc-logo-212-1.png","width":212,"height":48,"caption":"Colpitts Clinical"},"image":{"@id":"https:\/\/colpittsclinical.com\/#\/schema\/logo\/image\/"},"sameAs":["https:\/\/www.facebook.com\/ColpittsClinicalTrialTravel\/","https:\/\/www.linkedin.com\/company\/colpittsclinical\/"]}]}},"jetpack_sharing_enabled":true,"post_mailing_queue_ids":[],"_links":{"self":[{"href":"https:\/\/colpittsclinical.com\/ro\/wp-json\/wp\/v2\/pages\/633","targetHints":{"allow":["GET"]}}],"collection":[{"href":"https:\/\/colpittsclinical.com\/ro\/wp-json\/wp\/v2\/pages"}],"about":[{"href":"https:\/\/colpittsclinical.com\/ro\/wp-json\/wp\/v2\/types\/page"}],"author":[{"embeddable":true,"href":"https:\/\/colpittsclinical.com\/ro\/wp-json\/wp\/v2\/users\/1"}],"replies":[{"embeddable":true,"href":"https:\/\/colpittsclinical.com\/ro\/wp-json\/wp\/v2\/comments?post=633"}],"version-history":[{"count":78,"href":"https:\/\/colpittsclinical.com\/ro\/wp-json\/wp\/v2\/pages\/633\/revisions"}],"predecessor-version":[{"id":6024,"href":"https:\/\/colpittsclinical.com\/ro\/wp-json\/wp\/v2\/pages\/633\/revisions\/6024"}],"wp:attachment":[{"href":"https:\/\/colpittsclinical.com\/ro\/wp-json\/wp\/v2\/media?parent=633"}],"curies":[{"name":"wp","href":"https:\/\/api.w.org\/{rel}","templated":true}]}}