{"id":3798,"date":"2021-07-21T14:20:07","date_gmt":"2021-07-21T18:20:07","guid":{"rendered":"https:\/\/colpittsclinical.com\/?page_id=3798"},"modified":"2024-07-27T22:30:03","modified_gmt":"2024-07-28T02:30:03","slug":"resources","status":"publish","type":"page","link":"https:\/\/colpittsclinical.com\/ro\/resources\/","title":{"rendered":"Resurse"},"content":{"rendered":"<\/div><\/div><\/div>\n\t\n<div  class=\"wpb_row vc_row vc_row-fluid  mk-fullwidth-true  attched-false    vc_custom_1721534952698  js-master-row\">\n\t\t\t<div class=\"mk-grid\">\n\t\t\n\t\t\t\n<div style=\"\" class=\"vc_col-sm-12 wpb_column column_container  _ height-full\">\n\t\t<div class=\"vc_custom_1721534963063\">\n\n<div id=\"text-block-1\" class=\"mk-text-block\">\n\n\t\n\t<h1 style=\"text-align: center;\"><span style=\"font-family: arial, helvetica, sans-serif; color: #ffffff; font-size: 24pt;\">RESURSE DE C\u0102L\u0102TORIE<\/span><\/h1>\n\n\t<div class=\"clearboth\"><\/div>\n<\/div>\n\n\t<\/div>\n<\/div>\n\t\t\n\t\t<\/div>\t\n\t<\/div>\n\n\n\t<div class=\"mk-main-wrapper-holder\">\n\t\t<div class=\"theme-page-wrapper full-layout mk-grid vc_row-fluid no-padding\">\n\t\t\t<div class=\"theme-content no-padding\">\n\n\t\t\t\n<div  class=\"wpb_row vc_row vc_row-fluid  mk-fullwidth-false  attched-false     js-master-row\">\n\t\t\n\t\t\t\n<div style=\"\" class=\"vc_col-sm-12 wpb_column column_container  _ height-full\">\n\t<div class=\"vc_empty_space\"   style=\"height: 64px\" ><span class=\"vc_empty_space_inner\"><\/span><\/div>\n<\/div>\n\t<\/div>\n\n\n<div  class=\"wpb_row vc_row vc_row-fluid  mk-fullwidth-false  attched-false     js-master-row\">\n\t\t\n\t\t\t\n<div style=\"\" class=\"vc_col-sm-12 wpb_column column_container  _ height-full\">\n\t\t<div class=\"vc_custom_1722133774626\">\n\n<div id=\"text-block-2\" class=\"mk-text-block\">\n\n\t\n\t<p class=\"x_MsoNormal\" style=\"text-align: center;\"><span style=\"color: #333399;\"><strong><span style=\"font-size: 18pt;\">IATA<\/span>\u00a0 (<\/strong><em><b>Asocia\u021bia Interna\u021bional\u0103 de Transport Aerian)<\/b><\/em><\/span><\/p>\n\n\t<div class=\"clearboth\"><\/div>\n<\/div>\n\n\t<\/div>\n\n<div id=\"mk-button-3\" class=\"mk-button-container _ relative    block text-center\">\n\n\t\n\t\t<a  href=\"https:\/\/www.iata.org\/en\/youandiata\/travelers\/\"   target=\"_blank\" class=\"mk-button js-smooth-scroll mk-button--dimension-flat mk-button--size-medium mk-button--corner-pointed text-color-light _ relative text-center font-weight-700 no-backface  letter-spacing-1 inline\">\n\t\t\t\t\t\t \n\t\t\t<span class=\"mk-button--text\">Ghidul c\u0103l\u0103torului: Informa\u021bii esen\u021biale pentru a asigura o c\u0103l\u0103torie lini\u0219tit\u0103<\/span>\n\t\t\t\t\t<\/a>\n\n\t\n<\/div><\/div>\n\t<\/div>\n\n\n<div  class=\"wpb_row vc_row vc_row-fluid  mk-fullwidth-false  attched-false     js-master-row\">\n\t\t\n\t\t\t\n<div style=\"\" class=\"vc_col-sm-12 wpb_column column_container  _ height-full\">\n\t\t<div class=\"vc_custom_1626891531593\">\n\n<div id=\"text-block-4\" class=\"mk-text-block\">\n\n\t\n\t\n\t<div class=\"clearboth\"><\/div>\n<\/div>\n\n\t<\/div>\n<\/div>\n\t<\/div>\n\n\n<div  class=\"wpb_row vc_row vc_row-fluid  mk-fullwidth-false  attched-false     js-master-row\">\n\t\t\n\t\t\t\n<div style=\"\" class=\"vc_col-sm-12 wpb_column column_container  _ height-full\">\n\t<div class=\"vc_empty_space\"   style=\"height: 64px\" ><span class=\"vc_empty_space_inner\"><\/span><\/div>\n<\/div>\n\t<\/div>\n\n\n<div  class=\"wpb_row vc_row vc_row-fluid  mk-fullwidth-false  attched-false     js-master-row\">\n\t\t\n\t\t\t\n<div style=\"\" class=\"vc_col-sm-4 wpb_column column_container  _ height-full\">\n\t\n\n<div class=\"wpb_row vc_inner vc_row vc_row-fluid    attched-false\">\n\t\t\n\t\t<div class=\"wpb_column vc_column_container vc_col-sm-12\"><div class=\"vc_column-inner\"><div class=\"wpb_wrapper\"><div class=\"mk-image mk-image-5   align-center gray_border-frame inside-image\" style=\"margin-bottom:10px\"><div class=\"mk-image-holder\" style=\"max-width: 620px;\"><div class=\"mk-image-inner\"><img loading=\"lazy\" decoding=\"async\" class=\"lightbox-false\" alt=\"car-rental\" title=\"\u00eenchirieri auto\" width=\"620\" height=\"381\" src=\"https:\/\/i0.wp.com\/colpittsclinical.com\/wp-content\/uploads\/2021\/12\/car-rental.jpg?fit=620%2C381&ssl=1\" \/><\/div><\/div><div class=\"clearboth\"><\/div><\/div><\/div><\/div><\/div>\t\t\n<\/div>\n\n<div class=\"wpb_row vc_inner vc_row vc_row-fluid    attched-false\">\n\t\t\n\t\t<div class=\"wpb_column vc_column_container vc_col-sm-12\"><div class=\"vc_column-inner\"><div class=\"wpb_wrapper\">\t<div class=\"vc_custom_1678987680555\">\n\n<div id=\"text-block-6\" class=\"mk-text-block\">\n\n\t\n\t<p style=\"text-align: center;\">\u00cenchirieri auto Cur\u0103\u021barea temeinic\u0103 a vehiculelor: Cum v\u0103 protejeaz\u0103 companiile de \u00eenchirieri auto<\/p>\n\n\t<div class=\"clearboth\"><\/div>\n<\/div>\n\n\t<\/div>\n<\/div><\/div><\/div>\t\t\n<\/div><div class=\"vc_btn3-container vc_btn3-center\" >\n\t<a onmouseleave=\"this.style.borderColor='#1f9dc4'; this.style.backgroundColor='transparent'; this.style.color='#1f9dc4'\" onmouseenter=\"this.style.borderColor='#e5e5e5'; this.style.backgroundColor='#e5e5e5'; this.style.color='#7a7a7a';\" style=\"border-color:#1f9dc4; color:#1f9dc4;\" class=\"vc_general vc_btn3 vc_btn3-size-lg vc_btn3-shape-square vc_btn3-style-outline-custom vc_btn3-block\" href=\"https:\/\/www.avis.com\/en\/coronavirus\" title=\"\" target=\"_blank\">AVIS \u00ceNCHIRIERI AUTO<\/a><\/div>\n<div class=\"vc_btn3-container vc_btn3-center\" >\n\t<a onmouseleave=\"this.style.borderColor='#1f9dc4'; this.style.backgroundColor='transparent'; this.style.color='#1f9dc4'\" onmouseenter=\"this.style.borderColor='#e5e5e5'; this.style.backgroundColor='#e5e5e5'; this.style.color='#7a7a7a';\" style=\"border-color:#1f9dc4; color:#1f9dc4;\" class=\"vc_general vc_btn3 vc_btn3-size-lg vc_btn3-shape-square vc_btn3-style-outline-custom vc_btn3-block\" href=\"https:\/\/www.enterprise.com\/en\/car-rental\/on-call-for-all\/covid-19-faqs.html\" title=\"\" target=\"_blank\">ENTERPRISE RENTAL CAR<\/a><\/div>\n<\/div>\n\n<div style=\"\" class=\"vc_col-sm-4 wpb_column column_container  _ height-full\">\n\t\n\n<div class=\"wpb_row vc_inner vc_row vc_row-fluid    attched-false\">\n\t\t\n\t\t<div class=\"wpb_column vc_column_container vc_col-sm-12\"><div class=\"vc_column-inner\"><div class=\"wpb_wrapper\"><div class=\"mk-image mk-image-7   align-center gray_border-frame inside-image\" style=\"margin-bottom:10px\"><div class=\"mk-image-holder\" style=\"max-width: 620px;\"><div class=\"mk-image-inner\"><img loading=\"lazy\" decoding=\"async\" class=\"lightbox-false\" alt=\"hotel\" title=\"hotel\" width=\"620\" height=\"381\" src=\"https:\/\/i0.wp.com\/colpittsclinical.com\/wp-content\/uploads\/2021\/12\/hotel.jpg?fit=620%2C381&ssl=1\" \/><\/div><\/div><div class=\"clearboth\"><\/div><\/div><\/div><\/div><\/div>\t\t\n<\/div>\n\n<div class=\"wpb_row vc_inner vc_row vc_row-fluid    attched-false   vc_custom_1640754868495\">\n\t\t\n\t\t<div class=\"wpb_column vc_column_container vc_col-sm-12\"><div class=\"vc_column-inner\"><div class=\"wpb_wrapper\">\t<div class=\"vc_custom_1678987634131\">\n\n<div id=\"text-block-8\" class=\"mk-text-block\">\n\n\t\n\t<p style=\"text-align: center;\">Hoteluri M\u0103suri de siguran\u021b\u0103 \u00een domeniul ospitalit\u0103\u021bii: Ce fac marile lan\u021buri hoteliere pentru a v\u0103 proteja?<\/p>\n\n\t<div class=\"clearboth\"><\/div>\n<\/div>\n\n\t<\/div>\n<\/div><\/div><\/div>\t\t\n<\/div><div class=\"vc_btn3-container vc_btn3-center\" >\n\t<a onmouseleave=\"this.style.borderColor='#1f9dc4'; this.style.backgroundColor='transparent'; this.style.color='#1f9dc4'\" onmouseenter=\"this.style.borderColor='#e5e5e5'; this.style.backgroundColor='#e5e5e5'; this.style.color='#7a7a7a';\" style=\"border-color:#1f9dc4; color:#1f9dc4;\" class=\"vc_general vc_btn3 vc_btn3-size-lg vc_btn3-shape-square vc_btn3-style-outline-custom vc_btn3-block\" href=\"https:\/\/www.hilton.com\/en\/corporate\/cleanstay\/?cid=OH,HI,CleanStay,MULTIPR,Tile,Home,SingleLink,i80729\" title=\"\" target=\"_blank\">HOTELURI HILTON-CLEANSTAY<\/a><\/div>\n<div class=\"vc_btn3-container vc_btn3-center\" >\n\t<a onmouseleave=\"this.style.borderColor='#1f9dc4'; this.style.backgroundColor='transparent'; this.style.color='#1f9dc4'\" onmouseenter=\"this.style.borderColor='#e5e5e5'; this.style.backgroundColor='#e5e5e5'; this.style.color='#7a7a7a';\" style=\"border-color:#1f9dc4; color:#1f9dc4;\" class=\"vc_general vc_btn3 vc_btn3-size-lg vc_btn3-shape-square vc_btn3-style-outline-custom vc_btn3-block\" href=\"https:\/\/www.choicehotels.com\/about\/commitment-to-clean\" title=\"\" target=\"_blank\">CHOICE HOTELS-ANGAJAMENTUL DE A CUR\u0102\u021aA<\/a><\/div>\n<div class=\"vc_btn3-container vc_btn3-center\" >\n\t<a onmouseleave=\"this.style.borderColor='#1f9dc4'; this.style.backgroundColor='transparent'; this.style.color='#1f9dc4'\" onmouseenter=\"this.style.borderColor='#e5e5e5'; this.style.backgroundColor='#e5e5e5'; this.style.color='#7a7a7a';\" style=\"border-color:#1f9dc4; color:#1f9dc4;\" class=\"vc_general vc_btn3 vc_btn3-size-lg vc_btn3-shape-square vc_btn3-style-outline-custom vc_btn3-block\" href=\"https:\/\/www.choicehotels.com\/about\/commitment-to-clean\" title=\"\" target=\"_blank\">EXTENDED STAY-COVID 19 UPDATE<\/a><\/div>\n<div class=\"vc_btn3-container vc_btn3-center\" >\n\t<a onmouseleave=\"this.style.borderColor='#1f9dc4'; this.style.backgroundColor='transparent'; this.style.color='#1f9dc4'\" onmouseenter=\"this.style.borderColor='#e5e5e5'; this.style.backgroundColor='#e5e5e5'; this.style.color='#7a7a7a';\" style=\"border-color:#1f9dc4; color:#1f9dc4;\" class=\"vc_general vc_btn3 vc_btn3-size-lg vc_btn3-shape-square vc_btn3-style-outline-custom vc_btn3-block\" href=\"https:\/\/www.hyatt.com\/info\/global-care-and-cleanliness-commitment\" title=\"\" target=\"_blank\">HOTELURILE HYATT - SIGURAN\u021aA PE PRIMUL LOC<\/a><\/div>\n<div class=\"vc_btn3-container vc_btn3-center\" >\n\t<a onmouseleave=\"this.style.borderColor='#1f9dc4'; this.style.backgroundColor='transparent'; this.style.color='#1f9dc4'\" onmouseenter=\"this.style.borderColor='#e5e5e5'; this.style.backgroundColor='#e5e5e5'; this.style.color='#7a7a7a';\" style=\"border-color:#1f9dc4; color:#1f9dc4;\" class=\"vc_general vc_btn3 vc_btn3-size-lg vc_btn3-shape-square vc_btn3-style-outline-custom vc_btn3-block\" href=\"https:\/\/www.ihg.com\/content\/us\/en\/customer-care\/clean-promise\" title=\"\" target=\"_blank\">IGH HOTELS - PROMISIUNEA NOASTR\u0102 CURAT\u0102<\/a><\/div>\n<div class=\"vc_btn3-container vc_btn3-center\" >\n\t<a onmouseleave=\"this.style.borderColor='#1f9dc4'; this.style.backgroundColor='transparent'; this.style.color='#1f9dc4'\" onmouseenter=\"this.style.borderColor='#e5e5e5'; this.style.backgroundColor='#e5e5e5'; this.style.color='#7a7a7a';\" style=\"border-color:#1f9dc4; color:#1f9dc4;\" class=\"vc_general vc_btn3 vc_btn3-size-lg vc_btn3-shape-square vc_btn3-style-outline-custom vc_btn3-block\" href=\"https:\/\/clean.marriott.com\/\" title=\"\" target=\"_blank\">MARRIOTT-ANGAJAMENT PENTRU CUR\u0102\u021aENIE<\/a><\/div>\n<div class=\"vc_btn3-container vc_btn3-center\" >\n\t<a onmouseleave=\"this.style.borderColor='#1f9dc4'; this.style.backgroundColor='transparent'; this.style.color='#1f9dc4'\" onmouseenter=\"this.style.borderColor='#e5e5e5'; this.style.backgroundColor='#e5e5e5'; this.style.color='#7a7a7a';\" style=\"border-color:#1f9dc4; color:#1f9dc4;\" class=\"vc_general vc_btn3 vc_btn3-size-lg vc_btn3-shape-square vc_btn3-style-outline-custom vc_btn3-block\" href=\"https:\/\/clean.marriott.com\/\" title=\"\" target=\"_blank\">MARRIOTT-ANGAJAMENT PENTRU CUR\u0102\u021aENIE<\/a><\/div>\n<div class=\"vc_btn3-container vc_btn3-center\" >\n\t<a onmouseleave=\"this.style.borderColor='#1f9dc4'; this.style.backgroundColor='transparent'; this.style.color='#1f9dc4'\" onmouseenter=\"this.style.borderColor='#e5e5e5'; this.style.backgroundColor='#e5e5e5'; this.style.color='#7a7a7a';\" style=\"border-color:#1f9dc4; color:#1f9dc4;\" class=\"vc_general vc_btn3 vc_btn3-size-lg vc_btn3-shape-square vc_btn3-style-outline-custom vc_btn3-block\" href=\"https:\/\/www.wyndhamhotels.com\/about-us\/count-on-us\" title=\"\" target=\"_blank\">HOTELURI WYNDHAM-PROTOCOALE DE SIGURAN\u021a\u0102<\/a><\/div>\n<\/div>\n\n<div style=\"\" class=\"vc_col-sm-4 wpb_column column_container  _ height-full\">\n\t\n\n<div class=\"wpb_row vc_inner vc_row vc_row-fluid    attched-false\">\n\t\t\n\t\t<div class=\"wpb_column vc_column_container vc_col-sm-12\"><div class=\"vc_column-inner\"><div class=\"wpb_wrapper\"><div class=\"mk-image mk-image-9   align-center gray_border-frame inside-image\" style=\"margin-bottom:10px\"><div class=\"mk-image-holder\" style=\"max-width: 620px;\"><div class=\"mk-image-inner\"><img loading=\"lazy\" decoding=\"async\" class=\"lightbox-false\" alt=\"airplane\" title=\"Avion\" width=\"620\" height=\"381\" src=\"https:\/\/i0.wp.com\/colpittsclinical.com\/wp-content\/uploads\/2021\/12\/airplane.jpg?fit=620%2C381&ssl=1\" \/><\/div><\/div><div class=\"clearboth\"><\/div><\/div><\/div><\/div><\/div>\t\t\n<\/div>\n\n<div class=\"wpb_row vc_inner vc_row vc_row-fluid    attched-false   vc_custom_1640754904191\">\n\t\t\n\t\t<div class=\"wpb_column vc_column_container vc_col-sm-12\"><div class=\"vc_column-inner\"><div class=\"wpb_wrapper\">\t<div class=\"vc_custom_1678987655283\">\n\n<div id=\"text-block-10\" class=\"mk-text-block\">\n\n\t\n\t<p style=\"text-align: center;\">Siguran\u021ba cerului pentru companiile aeriene: Companiile aeriene pun \u00een aplicare recomand\u0103rile CDC pentru a proteja pasagerii<\/p>\n\n\t<div class=\"clearboth\"><\/div>\n<\/div>\n\n\t<\/div>\n<\/div><\/div><\/div>\t\t\n<\/div><div class=\"vc_btn3-container vc_btn3-center\" >\n\t<a onmouseleave=\"this.style.borderColor='#1f9dc4'; this.style.backgroundColor='transparent'; this.style.color='#1f9dc4'\" onmouseenter=\"this.style.borderColor='#e5e5e5'; this.style.backgroundColor='#e5e5e5'; this.style.color='#7a7a7a';\" style=\"border-color:#1f9dc4; color:#1f9dc4;\" class=\"vc_general vc_btn3 vc_btn3-size-lg vc_btn3-shape-square vc_btn3-style-outline-custom vc_btn3-block\" href=\"https:\/\/www.delta.com\/us\/en\/travel-planning-center\/travel-planning-overview\" title=\"\" target=\"_blank\">DELTA AIRLINES<\/a><\/div>\n<div class=\"vc_btn3-container vc_btn3-center\" >\n\t<a onmouseleave=\"this.style.borderColor='#1f9dc4'; this.style.backgroundColor='transparent'; this.style.color='#1f9dc4'\" onmouseenter=\"this.style.borderColor='#e5e5e5'; this.style.backgroundColor='#e5e5e5'; this.style.color='#7a7a7a';\" style=\"border-color:#1f9dc4; color:#1f9dc4;\" class=\"vc_general vc_btn3 vc_btn3-size-lg vc_btn3-shape-square vc_btn3-style-outline-custom vc_btn3-block\" href=\"https:\/\/www.aa.com\/i18n\/travel-info\/travel-with-confidence.jsp?from=bannerContainerA\" title=\"\" target=\"_blank\">COMPANII AERIENE AMERICANE<\/a><\/div>\n<div class=\"vc_btn3-container vc_btn3-center\" >\n\t<a onmouseleave=\"this.style.borderColor='#1f9dc4'; this.style.backgroundColor='transparent'; this.style.color='#1f9dc4'\" onmouseenter=\"this.style.borderColor='#e5e5e5'; this.style.backgroundColor='#e5e5e5'; this.style.color='#7a7a7a';\" style=\"border-color:#1f9dc4; color:#1f9dc4;\" class=\"vc_general vc_btn3 vc_btn3-size-lg vc_btn3-shape-square vc_btn3-style-outline-custom vc_btn3-block\" href=\"https:\/\/www.aircanada.com\/ca\/en\/aco\/home\/about\/media\/media-features\/clean-care-plus-personal-safety.html#\/\" title=\"\" target=\"_blank\">AIR CANADA<\/a><\/div>\n<div class=\"vc_btn3-container vc_btn3-center\" >\n\t<a onmouseleave=\"this.style.borderColor='#1f9dc4'; this.style.backgroundColor='transparent'; this.style.color='#1f9dc4'\" onmouseenter=\"this.style.borderColor='#e5e5e5'; this.style.backgroundColor='#e5e5e5'; this.style.color='#7a7a7a';\" style=\"border-color:#1f9dc4; color:#1f9dc4;\" class=\"vc_general vc_btn3 vc_btn3-size-lg vc_btn3-shape-square vc_btn3-style-outline-custom vc_btn3-block\" href=\"https:\/\/www.britishairways.com\/en-us\/information\/incident\/coronavirus\/latest-information\" title=\"\" target=\"_blank\">BRITISH AIRWAYS<\/a><\/div>\n<div class=\"vc_btn3-container vc_btn3-center\" >\n\t<a onmouseleave=\"this.style.borderColor='#1f9dc4'; this.style.backgroundColor='transparent'; this.style.color='#1f9dc4'\" onmouseenter=\"this.style.borderColor='#e5e5e5'; this.style.backgroundColor='#e5e5e5'; this.style.color='#7a7a7a';\" style=\"border-color:#1f9dc4; color:#1f9dc4;\" class=\"vc_general vc_btn3 vc_btn3-size-lg vc_btn3-shape-square vc_btn3-style-outline-custom vc_btn3-block\" href=\"https:\/\/www.jetblue.com\/safety\" title=\"\" target=\"_blank\">JET BLUE<\/a><\/div>\n<div class=\"vc_btn3-container vc_btn3-center\" >\n\t<a onmouseleave=\"this.style.borderColor='#1f9dc4'; this.style.backgroundColor='transparent'; this.style.color='#1f9dc4'\" onmouseenter=\"this.style.borderColor='#e5e5e5'; this.style.backgroundColor='#e5e5e5'; this.style.color='#7a7a7a';\" style=\"border-color:#1f9dc4; color:#1f9dc4;\" class=\"vc_general vc_btn3 vc_btn3-size-lg vc_btn3-shape-square vc_btn3-style-outline-custom vc_btn3-block\" href=\"https:\/\/www.southwest.com\/airline-cleanliness-social-distance\/\" title=\"\" target=\"_blank\">COMPANIILE AERIENE SOUTHWEST<\/a><\/div>\n<div class=\"vc_btn3-container vc_btn3-center\" >\n\t<a onmouseleave=\"this.style.borderColor='#1f9dc4'; this.style.backgroundColor='transparent'; this.style.color='#1f9dc4'\" onmouseenter=\"this.style.borderColor='#e5e5e5'; this.style.backgroundColor='#e5e5e5'; this.style.color='#7a7a7a';\" style=\"border-color:#1f9dc4; color:#1f9dc4;\" class=\"vc_general vc_btn3 vc_btn3-size-lg vc_btn3-shape-square vc_btn3-style-outline-custom vc_btn3-block\" href=\"https:\/\/www.united.com\/ual\/en\/us\/fly\/travel\/what-to-expect.html\" title=\"\" target=\"_blank\">LINII AERIENE UNITE<\/a><\/div>\n<\/div>\n\t<\/div>","protected":false},"excerpt":{"rendered":"TRAVEL RESOURCES IATA\u00a0 (International Air Transport Association) Traveler's Guide: Essential Information to Ensure a Smooth Journey Car Rental Thorough Vehicle Cleaning: How Car Rental Companies are Keeping You Safe AVIS RENTAL CAR ENTERPRISE RENTAL CAR Hotels Hospitality Safety Measures: What Major Hotel Chains are doing to Protect You? HILTON HOTELS-CLEANSTAY CHOICE HOTELS-COMMITMENT TO CLEAN EXTENDED [...]","protected":false},"author":1,"featured_media":0,"parent":0,"menu_order":0,"comment_status":"closed","ping_status":"closed","template":"","meta":{"_exactmetrics_skip_tracking":false,"_exactmetrics_sitenote_active":false,"_exactmetrics_sitenote_note":"","_exactmetrics_sitenote_category":0,"footnotes":""},"class_list":["post-3798","page","type-page","status-publish","hentry"],"yoast_head":"<!-- This site is optimized with the Yoast SEO plugin v27.5 - https:\/\/yoast.com\/product\/yoast-seo-wordpress\/ -->\n<title>Resources - Colpitts Clinical<\/title>\n<meta name=\"description\" content=\"Colpitts Clinical includes these resources available to travelers for air travel, car rentals and hotel accommodations.\" \/>\n<meta name=\"robots\" content=\"index, follow, max-snippet:-1, max-image-preview:large, max-video-preview:-1\" \/>\n<link rel=\"canonical\" href=\"https:\/\/colpittsclinical.com\/ro\/resources\/\" \/>\n<meta property=\"og:locale\" content=\"ro_RO\" \/>\n<meta property=\"og:type\" content=\"article\" \/>\n<meta property=\"og:title\" content=\"Resources - Colpitts Clinical\" \/>\n<meta property=\"og:description\" content=\"Colpitts Clinical includes these resources available to travelers for air travel, car rentals and hotel accommodations.\" \/>\n<meta property=\"og:url\" content=\"https:\/\/colpittsclinical.com\/ro\/resources\/\" \/>\n<meta property=\"og:site_name\" content=\"Colpitts Clinical\" \/>\n<meta property=\"article:publisher\" content=\"https:\/\/www.facebook.com\/ColpittsClinicalTrialTravel\/\" \/>\n<meta property=\"article:modified_time\" content=\"2024-07-28T02:30:03+00:00\" \/>\n<meta name=\"twitter:card\" content=\"summary_large_image\" \/>\n<meta name=\"twitter:label1\" content=\"Timp estimat pentru citire\" \/>\n\t<meta name=\"twitter:data1\" content=\"2 minute\" \/>\n<script type=\"application\/ld+json\" class=\"yoast-schema-graph\">{\"@context\":\"https:\\\/\\\/schema.org\",\"@graph\":[{\"@type\":\"WebPage\",\"@id\":\"https:\\\/\\\/colpittsclinical.com\\\/resources\\\/\",\"url\":\"https:\\\/\\\/colpittsclinical.com\\\/resources\\\/\",\"name\":\"Resources - Colpitts Clinical\",\"isPartOf\":{\"@id\":\"https:\\\/\\\/colpittsclinical.com\\\/#website\"},\"datePublished\":\"2021-07-21T18:20:07+00:00\",\"dateModified\":\"2024-07-28T02:30:03+00:00\",\"description\":\"Colpitts Clinical includes these resources available to travelers for air travel, car rentals and hotel accommodations.\",\"breadcrumb\":{\"@id\":\"https:\\\/\\\/colpittsclinical.com\\\/resources\\\/#breadcrumb\"},\"inLanguage\":\"ro-RO\",\"potentialAction\":[{\"@type\":\"ReadAction\",\"target\":[\"https:\\\/\\\/colpittsclinical.com\\\/resources\\\/\"]}]},{\"@type\":\"BreadcrumbList\",\"@id\":\"https:\\\/\\\/colpittsclinical.com\\\/resources\\\/#breadcrumb\",\"itemListElement\":[{\"@type\":\"ListItem\",\"position\":1,\"name\":\"Home\",\"item\":\"https:\\\/\\\/colpittsclinical.com\\\/\"},{\"@type\":\"ListItem\",\"position\":2,\"name\":\"Resources\"}]},{\"@type\":\"WebSite\",\"@id\":\"https:\\\/\\\/colpittsclinical.com\\\/#website\",\"url\":\"https:\\\/\\\/colpittsclinical.com\\\/\",\"name\":\"Colpitts Clinical\",\"description\":\"patient-liaison\",\"publisher\":{\"@id\":\"https:\\\/\\\/colpittsclinical.com\\\/#organization\"},\"potentialAction\":[{\"@type\":\"SearchAction\",\"target\":{\"@type\":\"EntryPoint\",\"urlTemplate\":\"https:\\\/\\\/colpittsclinical.com\\\/?s={search_term_string}\"},\"query-input\":{\"@type\":\"PropertyValueSpecification\",\"valueRequired\":true,\"valueName\":\"search_term_string\"}}],\"inLanguage\":\"ro-RO\"},{\"@type\":\"Organization\",\"@id\":\"https:\\\/\\\/colpittsclinical.com\\\/#organization\",\"name\":\"Colpitts Clinical\",\"url\":\"https:\\\/\\\/colpittsclinical.com\\\/\",\"logo\":{\"@type\":\"ImageObject\",\"inLanguage\":\"ro-RO\",\"@id\":\"https:\\\/\\\/colpittsclinical.com\\\/#\\\/schema\\\/logo\\\/image\\\/\",\"url\":\"https:\\\/\\\/colpittsclinical.com\\\/wp-content\\\/uploads\\\/2017\\\/10\\\/cc-logo-212-1.png\",\"contentUrl\":\"https:\\\/\\\/colpittsclinical.com\\\/wp-content\\\/uploads\\\/2017\\\/10\\\/cc-logo-212-1.png\",\"width\":212,\"height\":48,\"caption\":\"Colpitts Clinical\"},\"image\":{\"@id\":\"https:\\\/\\\/colpittsclinical.com\\\/#\\\/schema\\\/logo\\\/image\\\/\"},\"sameAs\":[\"https:\\\/\\\/www.facebook.com\\\/ColpittsClinicalTrialTravel\\\/\",\"https:\\\/\\\/www.linkedin.com\\\/company\\\/colpittsclinical\\\/\"]}]}<\/script>\n<!-- \/ Yoast SEO plugin. -->","yoast_head_json":{"title":"Resources - Colpitts Clinical","description":"Colpitts Clinical includes these resources available to travelers for air travel, car rentals and hotel accommodations.","robots":{"index":"index","follow":"follow","max-snippet":"max-snippet:-1","max-image-preview":"max-image-preview:large","max-video-preview":"max-video-preview:-1"},"canonical":"https:\/\/colpittsclinical.com\/ro\/resources\/","og_locale":"ro_RO","og_type":"article","og_title":"Resources - Colpitts Clinical","og_description":"Colpitts Clinical includes these resources available to travelers for air travel, car rentals and hotel accommodations.","og_url":"https:\/\/colpittsclinical.com\/ro\/resources\/","og_site_name":"Colpitts Clinical","article_publisher":"https:\/\/www.facebook.com\/ColpittsClinicalTrialTravel\/","article_modified_time":"2024-07-28T02:30:03+00:00","twitter_card":"summary_large_image","twitter_misc":{"Timp estimat pentru citire":"2 minute"},"schema":{"@context":"https:\/\/schema.org","@graph":[{"@type":"WebPage","@id":"https:\/\/colpittsclinical.com\/resources\/","url":"https:\/\/colpittsclinical.com\/resources\/","name":"Resources - Colpitts Clinical","isPartOf":{"@id":"https:\/\/colpittsclinical.com\/#website"},"datePublished":"2021-07-21T18:20:07+00:00","dateModified":"2024-07-28T02:30:03+00:00","description":"Colpitts Clinical includes these resources available to travelers for air travel, car rentals and hotel accommodations.","breadcrumb":{"@id":"https:\/\/colpittsclinical.com\/resources\/#breadcrumb"},"inLanguage":"ro-RO","potentialAction":[{"@type":"ReadAction","target":["https:\/\/colpittsclinical.com\/resources\/"]}]},{"@type":"BreadcrumbList","@id":"https:\/\/colpittsclinical.com\/resources\/#breadcrumb","itemListElement":[{"@type":"ListItem","position":1,"name":"Home","item":"https:\/\/colpittsclinical.com\/"},{"@type":"ListItem","position":2,"name":"Resources"}]},{"@type":"WebSite","@id":"https:\/\/colpittsclinical.com\/#website","url":"https:\/\/colpittsclinical.com\/","name":"Colpitts Clinic","description":"pacient-liaison","publisher":{"@id":"https:\/\/colpittsclinical.com\/#organization"},"potentialAction":[{"@type":"SearchAction","target":{"@type":"EntryPoint","urlTemplate":"https:\/\/colpittsclinical.com\/?s={search_term_string}"},"query-input":{"@type":"PropertyValueSpecification","valueRequired":true,"valueName":"search_term_string"}}],"inLanguage":"ro-RO"},{"@type":"Organization","@id":"https:\/\/colpittsclinical.com\/#organization","name":"Colpitts Clinic","url":"https:\/\/colpittsclinical.com\/","logo":{"@type":"ImageObject","inLanguage":"ro-RO","@id":"https:\/\/colpittsclinical.com\/#\/schema\/logo\/image\/","url":"https:\/\/colpittsclinical.com\/wp-content\/uploads\/2017\/10\/cc-logo-212-1.png","contentUrl":"https:\/\/colpittsclinical.com\/wp-content\/uploads\/2017\/10\/cc-logo-212-1.png","width":212,"height":48,"caption":"Colpitts Clinical"},"image":{"@id":"https:\/\/colpittsclinical.com\/#\/schema\/logo\/image\/"},"sameAs":["https:\/\/www.facebook.com\/ColpittsClinicalTrialTravel\/","https:\/\/www.linkedin.com\/company\/colpittsclinical\/"]}]}},"jetpack_sharing_enabled":true,"post_mailing_queue_ids":[],"_links":{"self":[{"href":"https:\/\/colpittsclinical.com\/ro\/wp-json\/wp\/v2\/pages\/3798","targetHints":{"allow":["GET"]}}],"collection":[{"href":"https:\/\/colpittsclinical.com\/ro\/wp-json\/wp\/v2\/pages"}],"about":[{"href":"https:\/\/colpittsclinical.com\/ro\/wp-json\/wp\/v2\/types\/page"}],"author":[{"embeddable":true,"href":"https:\/\/colpittsclinical.com\/ro\/wp-json\/wp\/v2\/users\/1"}],"replies":[{"embeddable":true,"href":"https:\/\/colpittsclinical.com\/ro\/wp-json\/wp\/v2\/comments?post=3798"}],"version-history":[{"count":34,"href":"https:\/\/colpittsclinical.com\/ro\/wp-json\/wp\/v2\/pages\/3798\/revisions"}],"predecessor-version":[{"id":5599,"href":"https:\/\/colpittsclinical.com\/ro\/wp-json\/wp\/v2\/pages\/3798\/revisions\/5599"}],"wp:attachment":[{"href":"https:\/\/colpittsclinical.com\/ro\/wp-json\/wp\/v2\/media?parent=3798"}],"curies":[{"name":"wp","href":"https:\/\/api.w.org\/{rel}","templated":true}]}}