{"id":2852,"date":"2019-01-23T22:20:10","date_gmt":"2019-01-24T03:20:10","guid":{"rendered":"https:\/\/colpittsclinical.com\/?page_id=2852"},"modified":"2022-09-03T22:38:04","modified_gmt":"2022-09-04T02:38:04","slug":"account-manager","status":"publish","type":"page","link":"https:\/\/colpittsclinical.com\/ro\/account-manager\/","title":{"rendered":"account manager"},"content":{"rendered":"<div  class=\"wpb_row vc_row vc_row-fluid  mk-fullwidth-false  attched-false     js-master-row\">\n\t\t\n\t\t\t\n<div style=\"\" class=\"vc_col-sm-12 wpb_column column_container  _ height-full\">\n\t\t<div class=\"vc_custom_1548441461326\">\n\n<div id=\"text-block-1\" class=\"mk-text-block\">\n\n\t\n\t<div class=\"\"><span style=\"font-size: 18pt; color: #33cccc;\"><strong><span class=\"job-description-title\">Manager de cont<\/span><\/strong><\/span><\/div>\n<div class=\"job-description-details-sub-container\">\n<div class=\"job-description-details-sub-left-container\"><span class=\"job-description-worker-catergory\"><span class=\"\"><br \/>\nSalariu Full-Time\u00a0 \u00a0 \u00a0\u00a0<\/span><\/span><span class=\"job-description-location\"><span class=\"job-description-location-item\">Norwood, MA, US<\/span><\/span><\/div>\n<div class=\"job-description-details-sub-right-container\">\n<p><span class=\"job-description-requisition\">Requisition ID : 1266<\/span><\/p>\n<\/div>\n<\/div>\n<div class=\"job-description-data-item\">\n<div class=\"job-description-data\">\n<p><strong><span style=\"color: #2f4f4f; font-family: Arial; font-size: medium;\">Descoperi\u021bi o carier\u0103 \u00een Managementul Conturilor \u00een cadrul Colpitts Clinical, o companie Direct Travel.\u00a0<\/span><\/strong><\/p>\n<p><span style=\"color: #2f4f4f;\">Colpitts Clinical are r\u0103d\u0103cini ad\u00e2nci \u00een industria c\u0103l\u0103toriilor \u0219i suntem pionieri \u00een coordonarea c\u0103l\u0103toriilor dedicate studiilor clinice. De la \u00eenfiin\u021barea noastr\u0103 ca o divizie a omonimului nostru, Colpitts World Travel, p\u00e2n\u0103 la noul nostru \u00eenceput ca o companie Direct Travel, am jucat un rol \u00een peste 600 de studii clinice din \u00eentreaga lume \u0219i continu\u0103m s\u0103 ne adapt\u0103m pentru a r\u0103spunde nevoilor \u00een continu\u0103 schimbare ale sponsorilor de studii clinice, CRO-urilor, site-urilor \u0219i, cel mai important, pacien\u021bilor.<\/span><\/p>\n<p><span style=\"color: #2f4f4f;\">Colpitts Clinical este unul dintre singurii furnizori de servicii complete de gestionare a c\u0103l\u0103toriilor \u0219i a cheltuielilor, dedicat \u00een mod special planific\u0103rii \u0219i sus\u021binerii f\u0103r\u0103 \u00eentreruperi, centrate pe pacient, a c\u0103l\u0103toriilor pentru vizitele la studiile clinice.  Cu sediul central \u00een Norwood, Massachusetts, Colpitts Clinical are birouri \u00een Statele Unite, Canada, precum \u0219i birouri \u00een Marea Britanie, \u0219i cu birourile Direct APTI Global Travel din \u00eentreaga lume. Colpitts Clinical are capacitatea de a oferi solu\u021bii personalizate \u00een func\u021bie de nevoile clien\u021bilor s\u0103i din domeniul biotehnologiei, farmaceutic \u0219i CRO, asigur\u00e2nd \u00een acela\u0219i timp controlul costurilor pentru studii \u0219i conformitatea cu reglement\u0103rile.<\/span><\/p>\n<p><strong><span style=\"color: #2f4f4f; font-family: Arial; font-size: medium;\">Oportunitatea:<\/span><\/strong><\/p>\n<p><span style=\"color: #2f4f4f; font-family: Arial; font-size: medium;\">C\u0103ut\u0103m un Account Manager care s\u0103 se al\u0103ture echipei noastre Colpitts Clinical \u00een biroul nostru din Norwood, MA. Responsabilitatea principal\u0103 a acestui rol este de a se asigura c\u0103 serviciile noastre \u00eendeplinesc \u0219i\/sau dep\u0103\u0219esc a\u0219tept\u0103rile clien\u021bilor no\u0219tri.\u00a0<\/span><\/p>\n<p><strong><span style=\"color: #2f4f4f; font-family: Arial; font-size: medium;\">Ce ve\u021bi face?<\/span><\/strong><\/p>\n<ul>\n<li><span style=\"color: #2f4f4f;\">Asisten\u021b\u0103 la finalizarea procesului de contractare pentru noi studii<\/span><\/li>\n<li><span style=\"color: #2f4f4f;\">Implementarea conturilor noi \u0219i gestionarea tuturor detaliilor necesare pentru implementarea procesului intern \u0219i direct cu clientul\u00a0\u00a0<\/span><\/li>\n<li><span style=\"color: #2f4f4f;\">Colabora\u021bi \u00eendeaproape cu echipa noastr\u0103 de rezerv\u0103ri \u0219i cu echipa de facturare pentru a rezolva orice probleme \u0219i pentru a comunica direct cu pacien\u021bii sau sponsorii<\/span><\/li>\n<li><span style=\"color: #2f4f4f;\">Organizarea de cursuri de formare pe teme legate de HIPAA\/GDPR \u0219i coordonarea cu coordonatorii de site ai clientului nostru<\/span><\/li>\n<li><span style=\"color: #2f4f4f;\">s\u0103 colaboreze \u00eendeaproape cu echipa de v\u00e2nz\u0103ri clinice \u00een ceea ce prive\u0219te strategiile pentru noi afaceri cu clien\u021bii existen\u021bi \u0219i noi\u00a0\u00a0<\/span><\/li>\n<\/ul>\n<div><b><span style=\"color: #2f4f4f; font-family: Arial; font-size: medium;\">Ce avem nevoie de la dumneavoastr\u0103?<\/span><\/b><b><span style=\"color: #2f4f4f; font-family: Arial; font-size: medium;\">\u00a0<\/span><\/b><\/div>\n<ul>\n<li dir=\"auto\"><span style=\"color: #2f4f4f; font-family: Arial; font-size: medium;\">Preferabil o diplom\u0103 de licen\u021b\u0103 sau studii echivalente \u00een domeniul afacerilor<\/span><\/li>\n<li dir=\"auto\"><span style=\"color: #2f4f4f;\"><span style=\"font-family: Arial; font-size: medium;\">Experien\u021b\u0103 anterioar\u0103 \u00een gestionarea conturilor \u00een industria de turism este preferat\u0103<\/span><br \/>\n<\/span><\/li>\n<li dir=\"auto\"><span style=\"color: #2f4f4f; font-family: Arial; font-size: medium;\">Sunt necesare abilit\u0103\u021bi excelente de comunicare, verbal\u0103 \u0219i scris\u0103\u00a0\u00a0<\/span><\/li>\n<li dir=\"auto\"><span style=\"color: #2f4f4f; font-family: Arial; font-size: medium;\">Experien\u021b\u0103 \u00een lucrul pe calculator \u0219i capacitatea de a utiliza mai multe programe\/software-uri diferite<\/span><\/li>\n<li dir=\"auto\"><span style=\"color: #2f4f4f; font-family: Arial; font-size: medium;\">Experien\u021b\u0103 \u00een utilizarea suitei Microsoft Office<\/span><\/li>\n<li dir=\"auto\"><span style=\"color: #2f4f4f; font-family: Arial; font-size: medium;\">Abilit\u0103\u021bi organizatorice \u0219i de gestionare a timpului necesare pentru a avea succes \u00een acest rol\u00a0<\/span><\/li>\n<li dir=\"auto\"><span style=\"color: #2f4f4f; font-family: Arial; font-size: medium;\">Rezolvarea problemelor \u0219i lucrul \u00een echip\u0103 sunt indispensabile<\/span><\/li>\n<\/ul>\n<p><strong><span style=\"color: #2f4f4f; font-family: Arial; font-size: medium;\">Ce le oferim angaja\u021bilor no\u0219tri?<\/span><\/strong><\/p>\n<ul>\n<li dir=\"auto\"><span style=\"color: #2f4f4f; font-family: Arial; font-size: medium;\">Cultur\u0103 de companie excelent\u0103<\/span><\/li>\n<li dir=\"auto\"><span style=\"color: #2f4f4f; font-family: Arial; font-size: medium;\">Coechipieri grozavi\u00a0<\/span><\/li>\n<li dir=\"auto\"><span style=\"color: #2f4f4f; font-family: Arial; font-size: medium;\">Op\u021biuni medicale, dentare, de vedere + multe altele<\/span><\/li>\n<li dir=\"auto\"><span style=\"color: #2f4f4f; font-family: Arial; font-size: medium;\">Reduceri la abonamentele de fitness<\/span><\/li>\n<li dir=\"auto\"><span style=\"color: #2f4f4f; font-family: Arial; font-size: medium;\">Programul de recompensare \u0219i recunoa\u0219tere a angaja\u021bilor<\/span><\/li>\n<li dir=\"auto\"><span style=\"color: #2f4f4f; font-family: Arial; font-size: medium;\">Oportunit\u0103\u021bi de formare<\/span><\/li>\n<li dir=\"auto\"><span style=\"color: #2f4f4f; font-family: Arial; font-size: medium;\">PTO generos + S\u0103rb\u0103tori + Ziua doctorului<\/span><\/li>\n<li dir=\"auto\"><span style=\"color: #2f4f4f; font-family: Arial; font-size: medium;\">Salarizare competitiv\u0103 pe pia\u021b\u0103\u00a0<\/span><\/li>\n<li dir=\"auto\"><span style=\"color: #2f4f4f; font-family: Arial; font-size: medium;\">401k contribu\u021bia angajatorului<\/span><\/li>\n<li dir=\"auto\"><span style=\"color: #2f4f4f; font-family: Arial; font-size: medium;\">Beneficii de c\u0103l\u0103torie, inclusiv echipe de c\u0103l\u0103torie dedicate pentru rezervarea de c\u0103l\u0103torii la pre\u021b redus<\/span><\/li>\n<li dir=\"auto\"><span style=\"color: #2f4f4f; font-family: Arial; font-size: medium;\">Programe de reduceri pentru angaja\u021bi<\/span><\/li>\n<li dir=\"auto\"><span style=\"color: #2f4f4f; font-family: Arial; font-size: medium;\">Plus multe altele!\u00a0<\/span><\/li>\n<\/ul>\n<p><span style=\"color: #33cccc;\">V\u0103 rug\u0103m s\u0103 trimite\u021bi CV-ul dumneavoastr\u0103 lui Jeanne Johnston la adresa\u00a0<a style=\"color: #33cccc;\" href=\"mailto:jjohnston@colpittswt.com\">jjohnston@colpittswt.com<\/a><\/span><\/p>\n<p><span style=\"color: #2f4f4f; font-family: Arial; font-size: medium;\">Direct Travel este un angajator EOE\/AA\/Veteran\/Persoane cu dizabilit\u0103\u021bi.<\/span><\/p>\n<\/div>\n<\/div>\n\n\t<div class=\"clearboth\"><\/div>\n<\/div>\n\n\t<\/div>\n<\/div>\n\t<\/div>","protected":false},"excerpt":{"rendered":"Account Manager Salary Full-Time\u00a0 \u00a0 \u00a0\u00a0Norwood, MA, US Requisition ID\u00a0:\u00a01266 Discover an Accounts Management career within Colpitts Clinical a Direct Travel company.\u00a0 Colpitts Clinical has deep roots in the travel industry, and we are pioneers in dedicated clinical trial travel coordination. From our founding as a division of our namesake, Colpitts World Travel, to our [...]","protected":false},"author":1,"featured_media":0,"parent":0,"menu_order":0,"comment_status":"closed","ping_status":"closed","template":"","meta":{"_exactmetrics_skip_tracking":false,"_exactmetrics_sitenote_active":false,"_exactmetrics_sitenote_note":"","_exactmetrics_sitenote_category":0,"footnotes":""},"class_list":["post-2852","page","type-page","status-publish","hentry"],"yoast_head":"<!-- This site is optimized with the Yoast SEO plugin v27.6 - https:\/\/yoast.com\/product\/yoast-seo-wordpress\/ -->\n<title>account manager - Colpitts Clinical<\/title>\n<meta name=\"description\" content=\"We&#039;re seeking an Account Manager to join our Colpitts Clinical Team in our Norwood, MA office to work closely with our reservation team.\" \/>\n<meta name=\"robots\" content=\"index, follow, max-snippet:-1, max-image-preview:large, max-video-preview:-1\" \/>\n<link rel=\"canonical\" href=\"https:\/\/colpittsclinical.com\/ro\/account-manager\/\" \/>\n<meta property=\"og:locale\" content=\"ro_RO\" \/>\n<meta property=\"og:type\" content=\"article\" \/>\n<meta property=\"og:title\" content=\"account manager - Colpitts Clinical\" \/>\n<meta property=\"og:description\" content=\"We&#039;re seeking an Account Manager to join our Colpitts Clinical Team in our Norwood, MA office to work closely with our reservation team.\" \/>\n<meta property=\"og:url\" content=\"https:\/\/colpittsclinical.com\/ro\/account-manager\/\" \/>\n<meta property=\"og:site_name\" content=\"Colpitts Clinical\" \/>\n<meta property=\"article:publisher\" content=\"https:\/\/www.facebook.com\/ColpittsClinicalTrialTravel\/\" \/>\n<meta property=\"article:modified_time\" content=\"2022-09-04T02:38:04+00:00\" \/>\n<meta name=\"twitter:card\" content=\"summary_large_image\" \/>\n<meta name=\"twitter:label1\" content=\"Timp estimat pentru citire\" \/>\n\t<meta name=\"twitter:data1\" content=\"2 minute\" \/>\n<script type=\"application\/ld+json\" class=\"yoast-schema-graph\">{\"@context\":\"https:\\\/\\\/schema.org\",\"@graph\":[{\"@type\":\"WebPage\",\"@id\":\"https:\\\/\\\/colpittsclinical.com\\\/account-manager\\\/\",\"url\":\"https:\\\/\\\/colpittsclinical.com\\\/account-manager\\\/\",\"name\":\"account manager - Colpitts Clinical\",\"isPartOf\":{\"@id\":\"https:\\\/\\\/colpittsclinical.com\\\/#website\"},\"datePublished\":\"2019-01-24T03:20:10+00:00\",\"dateModified\":\"2022-09-04T02:38:04+00:00\",\"description\":\"We're seeking an Account Manager to join our Colpitts Clinical Team in our Norwood, MA office to work closely with our reservation team.\",\"breadcrumb\":{\"@id\":\"https:\\\/\\\/colpittsclinical.com\\\/account-manager\\\/#breadcrumb\"},\"inLanguage\":\"ro-RO\",\"potentialAction\":[{\"@type\":\"ReadAction\",\"target\":[\"https:\\\/\\\/colpittsclinical.com\\\/account-manager\\\/\"]}]},{\"@type\":\"BreadcrumbList\",\"@id\":\"https:\\\/\\\/colpittsclinical.com\\\/account-manager\\\/#breadcrumb\",\"itemListElement\":[{\"@type\":\"ListItem\",\"position\":1,\"name\":\"Home\",\"item\":\"https:\\\/\\\/colpittsclinical.com\\\/\"},{\"@type\":\"ListItem\",\"position\":2,\"name\":\"account manager\"}]},{\"@type\":\"WebSite\",\"@id\":\"https:\\\/\\\/colpittsclinical.com\\\/#website\",\"url\":\"https:\\\/\\\/colpittsclinical.com\\\/\",\"name\":\"Colpitts Clinical\",\"description\":\"patient-liaison\",\"publisher\":{\"@id\":\"https:\\\/\\\/colpittsclinical.com\\\/#organization\"},\"potentialAction\":[{\"@type\":\"SearchAction\",\"target\":{\"@type\":\"EntryPoint\",\"urlTemplate\":\"https:\\\/\\\/colpittsclinical.com\\\/?s={search_term_string}\"},\"query-input\":{\"@type\":\"PropertyValueSpecification\",\"valueRequired\":true,\"valueName\":\"search_term_string\"}}],\"inLanguage\":\"ro-RO\"},{\"@type\":\"Organization\",\"@id\":\"https:\\\/\\\/colpittsclinical.com\\\/#organization\",\"name\":\"Colpitts Clinical\",\"url\":\"https:\\\/\\\/colpittsclinical.com\\\/\",\"logo\":{\"@type\":\"ImageObject\",\"inLanguage\":\"ro-RO\",\"@id\":\"https:\\\/\\\/colpittsclinical.com\\\/#\\\/schema\\\/logo\\\/image\\\/\",\"url\":\"https:\\\/\\\/colpittsclinical.com\\\/wp-content\\\/uploads\\\/2017\\\/10\\\/cc-logo-212-1.png\",\"contentUrl\":\"https:\\\/\\\/colpittsclinical.com\\\/wp-content\\\/uploads\\\/2017\\\/10\\\/cc-logo-212-1.png\",\"width\":212,\"height\":48,\"caption\":\"Colpitts Clinical\"},\"image\":{\"@id\":\"https:\\\/\\\/colpittsclinical.com\\\/#\\\/schema\\\/logo\\\/image\\\/\"},\"sameAs\":[\"https:\\\/\\\/www.facebook.com\\\/ColpittsClinicalTrialTravel\\\/\",\"https:\\\/\\\/www.linkedin.com\\\/company\\\/colpittsclinical\\\/\"]}]}<\/script>\n<!-- \/ Yoast SEO plugin. -->","yoast_head_json":{"title":"account manager - Colpitts Clinical","description":"We're seeking an Account Manager to join our Colpitts Clinical Team in our Norwood, MA office to work closely with our reservation team.","robots":{"index":"index","follow":"follow","max-snippet":"max-snippet:-1","max-image-preview":"max-image-preview:large","max-video-preview":"max-video-preview:-1"},"canonical":"https:\/\/colpittsclinical.com\/ro\/account-manager\/","og_locale":"ro_RO","og_type":"article","og_title":"account manager - Colpitts Clinical","og_description":"We're seeking an Account Manager to join our Colpitts Clinical Team in our Norwood, MA office to work closely with our reservation team.","og_url":"https:\/\/colpittsclinical.com\/ro\/account-manager\/","og_site_name":"Colpitts Clinical","article_publisher":"https:\/\/www.facebook.com\/ColpittsClinicalTrialTravel\/","article_modified_time":"2022-09-04T02:38:04+00:00","twitter_card":"summary_large_image","twitter_misc":{"Timp estimat pentru citire":"2 minute"},"schema":{"@context":"https:\/\/schema.org","@graph":[{"@type":"WebPage","@id":"https:\/\/colpittsclinical.com\/account-manager\/","url":"https:\/\/colpittsclinical.com\/account-manager\/","name":"account manager - Colpitts Clinical","isPartOf":{"@id":"https:\/\/colpittsclinical.com\/#website"},"datePublished":"2019-01-24T03:20:10+00:00","dateModified":"2022-09-04T02:38:04+00:00","description":"We're seeking an Account Manager to join our Colpitts Clinical Team in our Norwood, MA office to work closely with our reservation team.","breadcrumb":{"@id":"https:\/\/colpittsclinical.com\/account-manager\/#breadcrumb"},"inLanguage":"ro-RO","potentialAction":[{"@type":"ReadAction","target":["https:\/\/colpittsclinical.com\/account-manager\/"]}]},{"@type":"BreadcrumbList","@id":"https:\/\/colpittsclinical.com\/account-manager\/#breadcrumb","itemListElement":[{"@type":"ListItem","position":1,"name":"Home","item":"https:\/\/colpittsclinical.com\/"},{"@type":"ListItem","position":2,"name":"account manager"}]},{"@type":"WebSite","@id":"https:\/\/colpittsclinical.com\/#website","url":"https:\/\/colpittsclinical.com\/","name":"Colpitts Clinic","description":"pacient-liaison","publisher":{"@id":"https:\/\/colpittsclinical.com\/#organization"},"potentialAction":[{"@type":"SearchAction","target":{"@type":"EntryPoint","urlTemplate":"https:\/\/colpittsclinical.com\/?s={search_term_string}"},"query-input":{"@type":"PropertyValueSpecification","valueRequired":true,"valueName":"search_term_string"}}],"inLanguage":"ro-RO"},{"@type":"Organization","@id":"https:\/\/colpittsclinical.com\/#organization","name":"Colpitts Clinic","url":"https:\/\/colpittsclinical.com\/","logo":{"@type":"ImageObject","inLanguage":"ro-RO","@id":"https:\/\/colpittsclinical.com\/#\/schema\/logo\/image\/","url":"https:\/\/colpittsclinical.com\/wp-content\/uploads\/2017\/10\/cc-logo-212-1.png","contentUrl":"https:\/\/colpittsclinical.com\/wp-content\/uploads\/2017\/10\/cc-logo-212-1.png","width":212,"height":48,"caption":"Colpitts Clinical"},"image":{"@id":"https:\/\/colpittsclinical.com\/#\/schema\/logo\/image\/"},"sameAs":["https:\/\/www.facebook.com\/ColpittsClinicalTrialTravel\/","https:\/\/www.linkedin.com\/company\/colpittsclinical\/"]}]}},"jetpack_sharing_enabled":true,"post_mailing_queue_ids":[],"_links":{"self":[{"href":"https:\/\/colpittsclinical.com\/ro\/wp-json\/wp\/v2\/pages\/2852","targetHints":{"allow":["GET"]}}],"collection":[{"href":"https:\/\/colpittsclinical.com\/ro\/wp-json\/wp\/v2\/pages"}],"about":[{"href":"https:\/\/colpittsclinical.com\/ro\/wp-json\/wp\/v2\/types\/page"}],"author":[{"embeddable":true,"href":"https:\/\/colpittsclinical.com\/ro\/wp-json\/wp\/v2\/users\/1"}],"replies":[{"embeddable":true,"href":"https:\/\/colpittsclinical.com\/ro\/wp-json\/wp\/v2\/comments?post=2852"}],"version-history":[{"count":8,"href":"https:\/\/colpittsclinical.com\/ro\/wp-json\/wp\/v2\/pages\/2852\/revisions"}],"predecessor-version":[{"id":2881,"href":"https:\/\/colpittsclinical.com\/ro\/wp-json\/wp\/v2\/pages\/2852\/revisions\/2881"}],"wp:attachment":[{"href":"https:\/\/colpittsclinical.com\/ro\/wp-json\/wp\/v2\/media?parent=2852"}],"curies":[{"name":"wp","href":"https:\/\/api.w.org\/{rel}","templated":true}]}}