{"id":256,"date":"2017-07-24T01:17:46","date_gmt":"2017-07-24T05:17:46","guid":{"rendered":"https:\/\/colpittsclinical.com\/?page_id=256"},"modified":"2026-03-06T14:21:03","modified_gmt":"2026-03-06T19:21:03","slug":"clinical-trial-payments","status":"publish","type":"page","link":"https:\/\/colpittsclinical.com\/ro\/clinical-trial-payments\/","title":{"rendered":"Pl\u0103\u021bi pentru studii clinice"},"content":{"rendered":"<div  class=\"wpb_row vc_row vc_row-fluid  mk-fullwidth-false  attched-false     js-master-row\">\n\t\t\n\t\t\t\n<div style=\"\" class=\"vc_col-sm-12 wpb_column column_container  _ height-full\">\n\t<div class=\"wpb_layerslider_element wpb_content_element\"><script data-cfasync=\"false\" type=\"text\/javascript\">var lsjQuery = jQuery;<\/script><script data-cfasync=\"false\" type=\"text\/javascript\">\r\nlsjQuery(document).ready(function() {\r\nif(typeof lsjQuery.fn.layerSlider == \"undefined\") {\r\nif( window._layerSlider && window._layerSlider.showNotice) { \r\nwindow._layerSlider.showNotice('layerslider_38','jquery');\r\n}\r\n} else {\r\nlsjQuery(\"#layerslider_38\").layerSlider({sliderVersion: '6.5.7', type: 'fullwidth', navPrevNext: false, hoverPrevNext: false, navStartStop: false, navButtons: false, showCircleTimer: false, popupWidth: 640, popupHeight: 360, skinsPath: 'https:\/\/colpittsclinical.com\/wp-content\/plugins\/LayerSlider\/static\/layerslider\/skins\/'});\r\n}\r\n});\r\n<\/script><div id=\"layerslider_38\" class=\"ls-wp-container fitvidsignore\" style=\"width:1920px;height:600px;margin:0 auto;margin-bottom: 0px;\"><div class=\"ls-slide\" data-ls=\"kenburnsscale:1.2;\"><img loading=\"lazy\" decoding=\"async\" width=\"2172\" height=\"810\" src=\"https:\/\/i0.wp.com\/colpittsclinical.com\/wp-content\/uploads\/2024\/07\/trial-payments-1.jpg?fit=2172%2C810&amp;ssl=1\" class=\"ls-bg\" alt=\"Clinical Trial Payments\" srcset=\"https:\/\/i0.wp.com\/colpittsclinical.com\/wp-content\/uploads\/2024\/07\/trial-payments-1.jpg?w=2172&amp;ssl=1 2172w, https:\/\/i0.wp.com\/colpittsclinical.com\/wp-content\/uploads\/2024\/07\/trial-payments-1.jpg?resize=300%2C112&amp;ssl=1 300w, https:\/\/i0.wp.com\/colpittsclinical.com\/wp-content\/uploads\/2024\/07\/trial-payments-1.jpg?resize=1024%2C382&amp;ssl=1 1024w, https:\/\/i0.wp.com\/colpittsclinical.com\/wp-content\/uploads\/2024\/07\/trial-payments-1.jpg?resize=768%2C286&amp;ssl=1 768w, https:\/\/i0.wp.com\/colpittsclinical.com\/wp-content\/uploads\/2024\/07\/trial-payments-1.jpg?resize=1536%2C573&amp;ssl=1 1536w, https:\/\/i0.wp.com\/colpittsclinical.com\/wp-content\/uploads\/2024\/07\/trial-payments-1.jpg?resize=2048%2C764&amp;ssl=1 2048w, https:\/\/i0.wp.com\/colpittsclinical.com\/wp-content\/uploads\/2024\/07\/trial-payments-1.jpg?resize=640%2C239&amp;ssl=1 640w\" sizes=\"auto, (max-width: 1140px) 100vw, 1140px\" itemprop=\"image\" \/><h1 style=\"white-space: normal;top:222px;left:41px;text-align:center;font-weight:500;font-style:normal;text-decoration:none;wordwrap:true;opacity:1;font-family:Georgia;font-size:65px;width:700px;color:#ffffff;line-height:80px;\" class=\"ls-l\">PL\u0102\u021aI PENTRU STUDII CLINICE\n<\/h1><\/div><\/div><\/div><\/div>\n\t<\/div>\n\n\n<div  class=\"wpb_row vc_row vc_row-fluid  mk-fullwidth-false  attched-false     js-master-row\">\n\t\t\n\t\t\t\n<div style=\"\" class=\"vc_col-sm-12 wpb_column column_container  _ height-full\">\n\t<div class=\"vc_empty_space\"   style=\"height: 28px\" ><span class=\"vc_empty_space_inner\"><\/span><\/div>\n<\/div>\n\t<\/div>\n\n\t<\/div><\/div><\/div>\n\t\n<div  class=\"wpb_row vc_row vc_row-fluid  mk-fullwidth-true  attched-false     js-master-row\">\n\t\t\t<div class=\"mk-grid\">\n\t\t\n\t\t\t\n<div style=\"\" class=\"vc_col-sm-12 wpb_column column_container  _ height-full\">\n\t\t<div class=\"vc_custom_1721329530197\">\n\n<div id=\"text-block-1\" class=\"mk-text-block\">\n\n\t\n\t<h1><span style=\"color: #333399; font-family: arial, helvetica, sans-serif;\">SIMPLIFICA\u021aI \u0218I ACCELERA\u021aI DIURNELE SAU RAMBURS\u0102RILE PARTICIPAN\u021aILOR CU AJUTORUL CARDULUI DE VIZ\u0102 RE\u00ceNC\u0102RCABIL COLPITTS CLINICAL<\/span><\/h1>\n\n\t<div class=\"clearboth\"><\/div>\n<\/div>\n\n\t<\/div>\n\t<div class=\"vc_custom_1678986612273\">\n\n<div id=\"text-block-2\" class=\"mk-text-block\">\n\n\t\n\t<p>Colpitts Clinical a gestionat cu succes peste $5 milioane \u00een cheltuieli de studiu doar \u00een ultimul an. \u00cembun\u0103t\u0103\u021bi\u021bi eficien\u021ba studiului dvs. cu carduri Visa re\u00eenc\u0103rcabile care minimizeaz\u0103 sarcina administrativ\u0103 \u0219i ofer\u0103 lini\u0219te participan\u021bilor care nu vor trebui s\u0103 a\u0219tepte s\u0103pt\u0103m\u00e2ni sau luni pentru a fi rambursa\u021bi.<\/p>\n<p>Participan\u021bii primesc pl\u0103\u021bi per diem sau ramburs\u0103ri prin intermediul cardurilor Visa re\u00eenc\u0103rcabile, trimise de Colpitts Clinical. Pacien\u021bii primesc instruc\u021biuni clare cu privire la modul \u0219i locul de utilizare a cardurilor, precum \u0219i informa\u021bii cu privire la cheltuielile care sunt aprobate de sponsorul studiului. \u00cen cazul \u00een care implicarea participantului \u00een studiu este prelungit\u0103, cardul s\u0103u poate continua cu u\u0219urin\u021b\u0103 s\u0103 fie creditat cu orice diurn\u0103 prepl\u0103tit\u0103 sau rambursare de cheltuieli permise de studiu. Colpitts Clinical ofer\u0103 pacien\u021bilor un serviciu personal \u0219i confiden\u021bial atunci c\u00e2nd \u00ee\u0219i organizeaz\u0103 aranjamentele de c\u0103l\u0103torie \u0219i compensa\u021biile. Lucr\u0103m cu un num\u0103r de companii biotehnologice, farmaceutice \u0219i CRO de top \u0219i \u00een\u021belegem importan\u021ba p\u0103str\u0103rii informa\u021biilor sensibile protejate.<\/p>\n\n\t<div class=\"clearboth\"><\/div>\n<\/div>\n\n\t<\/div>\n\n<div class=\"mk-custom-box hover-effect-image\" id=\"box-3\">\n\t<div class=\"box-holder\">\t<div class=\"vc_custom_1730355721850\">\n\n<div id=\"text-block-4\" class=\"mk-text-block\">\n\n\t\n\t<h1 style=\"padding-left: 30px;\"><span style=\"font-size: 24pt; color: #808080;\">AVANTAJELE UTILIZ\u0102RII CARDULUI VISA RE\u00ceNC\u0102RCABIL<\/span><\/h1>\n<ul style=\"color: #808080;\">\n<li><span style=\"color: #808080;\">Disponibil pentru utilizare \u00een peste 200 de \u021b\u0103ri \u00een care Visa este acceptat\u0103.<\/span><\/li>\n<li><span data-olk-copy-source=\"MessageBody\">Cardurile Visa re\u00eenc\u0103rcabile sunt valabile timp de 5 ani.<\/span><\/li>\n<li>F\u0103r\u0103 taxe lunare.<\/li>\n<li><span style=\"color: #808080;\">Dispun\u00e2nd de un cip \u0219i necesit\u00e2nd doar o semn\u0103tur\u0103, aceste carduri ofer\u0103 o op\u021biune sigur\u0103 \u0219i convenabil\u0103 pentru pacien\u021bi.<\/span><\/li>\n<li><span style=\"color: #808080;\">Mai rentabile dec\u00e2t cecurile tradi\u021bionale pe h\u00e2rtie, cardurile Visa re\u00eenc\u0103rcabile Colpitts Clinical pot fi \u00eenc\u0103rcate cu diferite sume \u0219i permit pacien\u021bilor accesul imediat la fondurile lor.<\/span><\/li>\n<li><span style=\"color: #808080;\">Accesul mobil 24\/7 \u0219i asisten\u021ba pentru clien\u021bi \u00een mai multe limbi sunt disponibile pentru a ajuta pacien\u021bii s\u0103 verifice soldurile \u0219i pentru a r\u0103spunde la orice \u00eentreb\u0103ri pe care le pot avea.<\/span><\/li>\n<li><span style=\"color: #808080;\">Coordonatorii de cheltuieli ai Colpitts Clinical gestioneaz\u0103 cardurile noastre Visa re\u00eenc\u0103rcabile, iar \u00een cazul unui card pierdut sau furat, pacien\u021bii contacteaz\u0103 coordonatorii de cheltuieli ai Colpitts Clinical pentru asisten\u021b\u0103. Coordonatorii no\u0219tri de cheltuieli pot emite rapid un card nou \u0219i pot transfera orice fonduri r\u0103mase pe cardul \u00eenlocuitor.<\/span><\/li>\n<\/ul>\n\n\t<div class=\"clearboth\"><\/div>\n<\/div>\n\n\t<\/div>\n\t<div class=\"vc_custom_1678986635483\">\n\n<div id=\"text-block-5\" class=\"mk-text-block\">\n\n\t\n\t<p><span style=\"font-family: arial, helvetica, sans-serif;\"><span style=\"font-family: 'arial black', sans-serif;\">NOT\u0102:<\/span><b><br>\n<\/b>Pentru pacien\u021bii afla\u021bi \u00een afara Americii de Nord \u0219i a UE, este disponibil\u0103 o solu\u021bie alternativ\u0103 de plat\u0103 sub form\u0103 de transfer bancar electronic pentru \u021b\u0103rile \u00een care acceptarea Visa este limitat\u0103.<br>\n<\/span><\/p>\n\n\t<div class=\"clearboth\"><\/div>\n<\/div>\n\n\t<\/div>\n\n\t\t<div class=\"clearfix\"><\/div>\n\t<\/div>\n<\/div> <\/div>\n\t\t\n\t\t<\/div>\t\n\t<\/div>\n\n\n\t<div class=\"mk-main-wrapper-holder\">\n\t\t<div class=\"theme-page-wrapper full-layout mk-grid vc_row-fluid no-padding\">\n\t\t\t<div class=\"theme-content no-padding\">\n\n\t\t\t\t<\/div><\/div><\/div>\n\t\n<div  class=\"wpb_row vc_row vc_row-fluid  mk-fullwidth-true  attched-false    vc_custom_1507952751794  js-master-row\">\n\t\t\t<div class=\"mk-grid\">\n\t\t\n\t\t\t\n<div style=\"\" class=\"vc_col-sm-12 wpb_column column_container vc_custom_1507950914948  _ height-full\">\n\t\t<div class=\"vc_custom_1772824841551\">\n\n<div id=\"text-block-6\" class=\"mk-text-block\">\n\n\t\n\t<h1><span style=\"color: #808080; font-family: arial, helvetica, sans-serif;\">Pl\u0103\u021bi pentru gestionarea stipendiilor<\/span><\/h1>\n<ul>\n<li>Stipendiu: Un pacient este pl\u0103tit pentru participare (de exemplu, pl\u0103\u021bi de etap\u0103, compensa\u021bii, salarii pierdute etc.); acest lucru nu este acela\u0219i lucru cu diurnele sau ramburs\u0103rile pentru cheltuielile pl\u0103tite de pacient. Stipendiile sunt considerate impozabile \u00een SUA dac\u0103 participantul prime\u0219te $600 sau mai mult \u00eentr-un an calendaristic.<\/li>\n<li>Colpitts Clinical ofer\u0103 servicii complete de gestionare a stipendiilor, inclusiv:\n<ul>\n<li>Solu\u021bii personalizabile pentru sponsori pentru cet\u0103\u021benii americani<\/li>\n<li>Colectarea formularelor W9 de la pacien\u021bi<\/li>\n<li>Urm\u0103rirea tuturor pl\u0103\u021bilor pe parcursul procesului<\/li>\n<li>Facturarea lunar\u0103 a stipendiilor cu detalii privind plata<\/li>\n<li>Creditarea stipendiilor pe un card Visa re\u00eenc\u0103rcabil<\/li>\n<li>Emiterea unui formular IRS 1099 pentru fiecare participant care a primit mai mult de $2,000 \u00een pl\u0103\u021bi de stimulare.<\/li>\n<\/ul>\n<\/li>\n<\/ul>\n\n\t<div class=\"clearboth\"><\/div>\n<\/div>\n\n\t<\/div>\n<div class=\"vc_empty_space\"   style=\"height: 28px\" ><span class=\"vc_empty_space_inner\"><\/span><\/div>\n<\/div>\n\t\t\n\t\t<\/div>\t\n\t<\/div>\n\n\n\t<div class=\"mk-main-wrapper-holder\">\n\t\t<div class=\"theme-page-wrapper full-layout mk-grid vc_row-fluid no-padding\">\n\t\t\t<div class=\"theme-content no-padding\">\n\n\t\t\t\t<\/div><\/div><\/div>\n\t\n<div  class=\"wpb_row vc_row vc_row-fluid  mk-fullwidth-true  attched-false    vc_custom_1639375347930  js-master-row\">\n\t\t\n\t\t\t\n<div style=\"\" class=\"vc_col-sm-12 wpb_column column_container  _ height-full\">\n\t\n<h2 id=\"fancy-title-7\" class=\"mk-fancy-title  simple-style   color-single\">\n\t<span>\n\t\t\t\t\n<h2 style=\"text-align: center;\"><span style=\"color: #333399;\"><strong><span style=\"font-family: arial, helvetica, sans-serif;\">C\u0103uta\u021bi o solu\u021bie mai eficient\u0103 din punct de vedere al costurilor pentru studiul dumneavoastr\u0103 clinic?<\/span><\/strong><\/span><\/h2>\n<p style=\"text-align: center;\">\n<div id=\"mk-button-8\" class=\"mk-button-container _ relative    block text-center\">\n\n\t\n\t\t<a id=\"Buton ID\" href=\"https:\/\/colpittsclinical.com\/ro\/contact-us\/\"   target=\"_self\" class=\"mk-button js-smooth-scroll mk-button--dimension-three mk-button--size-medium mk-button--corner-pointed text-color-light _ relative text-center font-weight-700 no-backface  letter-spacing-1 inline\">\n\t\t\t\t\t\t \n\t\t\t<span class=\"mk-button--text\">\u00cencepe\u021bi<\/span>\n\t\t\t\t\t<\/a>\n\n\t\n<\/div>\n\t\t\t<\/span>\n<\/h2>\n<div class=\"clearboth\"><\/div>\n\n\n\n<\/div>\n\t<\/div>\n\n\n\t<div class=\"mk-main-wrapper-holder\">\n\t\t<div class=\"theme-page-wrapper full-layout mk-grid vc_row-fluid no-padding\">\n\t\t\t<div class=\"theme-content no-padding\">","protected":false},"excerpt":{"rendered":"var lsjQuery = jQuery; lsjQuery(document).ready(function() { if(typeof lsjQuery.fn.layerSlider == \"undefined\") { if( window._layerSlider && window._layerSlider.showNotice) { window._layerSlider.showNotice('layerslider_38_2','jquery'); } } else { lsjQuery(\"#layerslider_38_2\").layerSlider({sliderVersion: '6.5.7', type: 'fullwidth', navPrevNext: false, hoverPrevNext: false, navStartStop: false, navButtons: false, showCircleTimer: false, popupWidth: 640, popupHeight: 360, skinsPath: 'https:\/\/colpittsclinical.com\/wp-content\/plugins\/LayerSlider\/static\/layerslider\/skins\/'}); } }); CLINICAL TRIAL PAYMENTS SIMPLIFY AND SPEED UP PARTICIPANT PER DIEMS OR REIMBURSEMENTS [...]","protected":false},"author":1,"featured_media":0,"parent":0,"menu_order":0,"comment_status":"closed","ping_status":"closed","template":"","meta":{"_exactmetrics_skip_tracking":false,"_exactmetrics_sitenote_active":false,"_exactmetrics_sitenote_note":"","_exactmetrics_sitenote_category":0,"footnotes":""},"class_list":["post-256","page","type-page","status-publish","hentry"],"yoast_head":"<!-- This site is optimized with the Yoast SEO plugin v27.5 - https:\/\/yoast.com\/product\/yoast-seo-wordpress\/ -->\n<title>Clinical Trial Payments - Colpitts Clinical<\/title>\n<meta name=\"description\" content=\"Colpitts Clinical has managed over $5 million in trial expenses just in the past year alone. Manage your trial smarter with Reloadable Prepaid Cards that reduce administrative hassle and reassure patients that they won\u2019t be waiting weeks or months for reimbursement.\" \/>\n<meta name=\"robots\" content=\"index, follow, max-snippet:-1, max-image-preview:large, max-video-preview:-1\" \/>\n<link rel=\"canonical\" href=\"https:\/\/colpittsclinical.com\/ro\/clinical-trial-payments\/\" \/>\n<meta property=\"og:locale\" content=\"ro_RO\" \/>\n<meta property=\"og:type\" content=\"article\" \/>\n<meta property=\"og:title\" content=\"Clinical Trial Payments - Colpitts Clinical\" \/>\n<meta property=\"og:description\" content=\"Colpitts Clinical has managed over $5 million in trial expenses just in the past year alone. Manage your trial smarter with Reloadable Prepaid Cards that reduce administrative hassle and reassure patients that they won\u2019t be waiting weeks or months for reimbursement.\" \/>\n<meta property=\"og:url\" content=\"https:\/\/colpittsclinical.com\/ro\/clinical-trial-payments\/\" \/>\n<meta property=\"og:site_name\" content=\"Colpitts Clinical\" \/>\n<meta property=\"article:publisher\" content=\"https:\/\/www.facebook.com\/ColpittsClinicalTrialTravel\/\" \/>\n<meta property=\"article:modified_time\" content=\"2026-03-06T19:21:03+00:00\" \/>\n<meta name=\"twitter:card\" content=\"summary_large_image\" \/>\n<meta name=\"twitter:label1\" content=\"Timp estimat pentru citire\" \/>\n\t<meta name=\"twitter:data1\" content=\"3 minute\" \/>\n<script type=\"application\/ld+json\" class=\"yoast-schema-graph\">{\"@context\":\"https:\\\/\\\/schema.org\",\"@graph\":[{\"@type\":\"WebPage\",\"@id\":\"https:\\\/\\\/colpittsclinical.com\\\/clinical-trial-payments\\\/\",\"url\":\"https:\\\/\\\/colpittsclinical.com\\\/clinical-trial-payments\\\/\",\"name\":\"Clinical Trial Payments - Colpitts Clinical\",\"isPartOf\":{\"@id\":\"https:\\\/\\\/colpittsclinical.com\\\/#website\"},\"datePublished\":\"2017-07-24T05:17:46+00:00\",\"dateModified\":\"2026-03-06T19:21:03+00:00\",\"description\":\"Colpitts Clinical has managed over $5 million in trial expenses just in the past year alone. Manage your trial smarter with Reloadable Prepaid Cards that reduce administrative hassle and reassure patients that they won\u2019t be waiting weeks or months for reimbursement.\",\"breadcrumb\":{\"@id\":\"https:\\\/\\\/colpittsclinical.com\\\/clinical-trial-payments\\\/#breadcrumb\"},\"inLanguage\":\"ro-RO\",\"potentialAction\":[{\"@type\":\"ReadAction\",\"target\":[\"https:\\\/\\\/colpittsclinical.com\\\/clinical-trial-payments\\\/\"]}]},{\"@type\":\"BreadcrumbList\",\"@id\":\"https:\\\/\\\/colpittsclinical.com\\\/clinical-trial-payments\\\/#breadcrumb\",\"itemListElement\":[{\"@type\":\"ListItem\",\"position\":1,\"name\":\"Home\",\"item\":\"https:\\\/\\\/colpittsclinical.com\\\/\"},{\"@type\":\"ListItem\",\"position\":2,\"name\":\"Clinical Trial Payments\"}]},{\"@type\":\"WebSite\",\"@id\":\"https:\\\/\\\/colpittsclinical.com\\\/#website\",\"url\":\"https:\\\/\\\/colpittsclinical.com\\\/\",\"name\":\"Colpitts Clinical\",\"description\":\"patient-liaison\",\"publisher\":{\"@id\":\"https:\\\/\\\/colpittsclinical.com\\\/#organization\"},\"potentialAction\":[{\"@type\":\"SearchAction\",\"target\":{\"@type\":\"EntryPoint\",\"urlTemplate\":\"https:\\\/\\\/colpittsclinical.com\\\/?s={search_term_string}\"},\"query-input\":{\"@type\":\"PropertyValueSpecification\",\"valueRequired\":true,\"valueName\":\"search_term_string\"}}],\"inLanguage\":\"ro-RO\"},{\"@type\":\"Organization\",\"@id\":\"https:\\\/\\\/colpittsclinical.com\\\/#organization\",\"name\":\"Colpitts Clinical\",\"url\":\"https:\\\/\\\/colpittsclinical.com\\\/\",\"logo\":{\"@type\":\"ImageObject\",\"inLanguage\":\"ro-RO\",\"@id\":\"https:\\\/\\\/colpittsclinical.com\\\/#\\\/schema\\\/logo\\\/image\\\/\",\"url\":\"https:\\\/\\\/colpittsclinical.com\\\/wp-content\\\/uploads\\\/2017\\\/10\\\/cc-logo-212-1.png\",\"contentUrl\":\"https:\\\/\\\/colpittsclinical.com\\\/wp-content\\\/uploads\\\/2017\\\/10\\\/cc-logo-212-1.png\",\"width\":212,\"height\":48,\"caption\":\"Colpitts Clinical\"},\"image\":{\"@id\":\"https:\\\/\\\/colpittsclinical.com\\\/#\\\/schema\\\/logo\\\/image\\\/\"},\"sameAs\":[\"https:\\\/\\\/www.facebook.com\\\/ColpittsClinicalTrialTravel\\\/\",\"https:\\\/\\\/www.linkedin.com\\\/company\\\/colpittsclinical\\\/\"]}]}<\/script>\n<!-- \/ Yoast SEO plugin. -->","yoast_head_json":{"title":"Clinical Trial Payments - Colpitts Clinical","description":"Colpitts Clinical has managed over $5 million in trial expenses just in the past year alone. Manage your trial smarter with Reloadable Prepaid Cards that reduce administrative hassle and reassure patients that they won\u2019t be waiting weeks or months for reimbursement.","robots":{"index":"index","follow":"follow","max-snippet":"max-snippet:-1","max-image-preview":"max-image-preview:large","max-video-preview":"max-video-preview:-1"},"canonical":"https:\/\/colpittsclinical.com\/ro\/clinical-trial-payments\/","og_locale":"ro_RO","og_type":"article","og_title":"Clinical Trial Payments - Colpitts Clinical","og_description":"Colpitts Clinical has managed over $5 million in trial expenses just in the past year alone. Manage your trial smarter with Reloadable Prepaid Cards that reduce administrative hassle and reassure patients that they won\u2019t be waiting weeks or months for reimbursement.","og_url":"https:\/\/colpittsclinical.com\/ro\/clinical-trial-payments\/","og_site_name":"Colpitts Clinical","article_publisher":"https:\/\/www.facebook.com\/ColpittsClinicalTrialTravel\/","article_modified_time":"2026-03-06T19:21:03+00:00","twitter_card":"summary_large_image","twitter_misc":{"Timp estimat pentru citire":"3 minute"},"schema":{"@context":"https:\/\/schema.org","@graph":[{"@type":"WebPage","@id":"https:\/\/colpittsclinical.com\/clinical-trial-payments\/","url":"https:\/\/colpittsclinical.com\/clinical-trial-payments\/","name":"Clinical Trial Payments - Colpitts Clinical","isPartOf":{"@id":"https:\/\/colpittsclinical.com\/#website"},"datePublished":"2017-07-24T05:17:46+00:00","dateModified":"2026-03-06T19:21:03+00:00","description":"Colpitts Clinical has managed over $5 million in trial expenses just in the past year alone. Manage your trial smarter with Reloadable Prepaid Cards that reduce administrative hassle and reassure patients that they won\u2019t be waiting weeks or months for reimbursement.","breadcrumb":{"@id":"https:\/\/colpittsclinical.com\/clinical-trial-payments\/#breadcrumb"},"inLanguage":"ro-RO","potentialAction":[{"@type":"ReadAction","target":["https:\/\/colpittsclinical.com\/clinical-trial-payments\/"]}]},{"@type":"BreadcrumbList","@id":"https:\/\/colpittsclinical.com\/clinical-trial-payments\/#breadcrumb","itemListElement":[{"@type":"ListItem","position":1,"name":"Home","item":"https:\/\/colpittsclinical.com\/"},{"@type":"ListItem","position":2,"name":"Clinical Trial Payments"}]},{"@type":"WebSite","@id":"https:\/\/colpittsclinical.com\/#website","url":"https:\/\/colpittsclinical.com\/","name":"Colpitts Clinic","description":"pacient-liaison","publisher":{"@id":"https:\/\/colpittsclinical.com\/#organization"},"potentialAction":[{"@type":"SearchAction","target":{"@type":"EntryPoint","urlTemplate":"https:\/\/colpittsclinical.com\/?s={search_term_string}"},"query-input":{"@type":"PropertyValueSpecification","valueRequired":true,"valueName":"search_term_string"}}],"inLanguage":"ro-RO"},{"@type":"Organization","@id":"https:\/\/colpittsclinical.com\/#organization","name":"Colpitts Clinic","url":"https:\/\/colpittsclinical.com\/","logo":{"@type":"ImageObject","inLanguage":"ro-RO","@id":"https:\/\/colpittsclinical.com\/#\/schema\/logo\/image\/","url":"https:\/\/colpittsclinical.com\/wp-content\/uploads\/2017\/10\/cc-logo-212-1.png","contentUrl":"https:\/\/colpittsclinical.com\/wp-content\/uploads\/2017\/10\/cc-logo-212-1.png","width":212,"height":48,"caption":"Colpitts Clinical"},"image":{"@id":"https:\/\/colpittsclinical.com\/#\/schema\/logo\/image\/"},"sameAs":["https:\/\/www.facebook.com\/ColpittsClinicalTrialTravel\/","https:\/\/www.linkedin.com\/company\/colpittsclinical\/"]}]}},"jetpack_sharing_enabled":true,"post_mailing_queue_ids":[],"_links":{"self":[{"href":"https:\/\/colpittsclinical.com\/ro\/wp-json\/wp\/v2\/pages\/256","targetHints":{"allow":["GET"]}}],"collection":[{"href":"https:\/\/colpittsclinical.com\/ro\/wp-json\/wp\/v2\/pages"}],"about":[{"href":"https:\/\/colpittsclinical.com\/ro\/wp-json\/wp\/v2\/types\/page"}],"author":[{"embeddable":true,"href":"https:\/\/colpittsclinical.com\/ro\/wp-json\/wp\/v2\/users\/1"}],"replies":[{"embeddable":true,"href":"https:\/\/colpittsclinical.com\/ro\/wp-json\/wp\/v2\/comments?post=256"}],"version-history":[{"count":150,"href":"https:\/\/colpittsclinical.com\/ro\/wp-json\/wp\/v2\/pages\/256\/revisions"}],"predecessor-version":[{"id":6583,"href":"https:\/\/colpittsclinical.com\/ro\/wp-json\/wp\/v2\/pages\/256\/revisions\/6583"}],"wp:attachment":[{"href":"https:\/\/colpittsclinical.com\/ro\/wp-json\/wp\/v2\/media?parent=256"}],"curies":[{"name":"wp","href":"https:\/\/api.w.org\/{rel}","templated":true}]}}