{"id":1220,"date":"2017-09-27T02:33:07","date_gmt":"2017-09-27T06:33:07","guid":{"rendered":"https:\/\/colpittsclinical.com\/?page_id=1220"},"modified":"2025-02-23T16:50:45","modified_gmt":"2025-02-23T21:50:45","slug":"world-wide-clinical-trials","status":"publish","type":"page","link":"https:\/\/colpittsclinical.com\/lt\/world-wide-clinical-trials\/","title":{"rendered":"Klinikiniai tyrimai visame pasaulyje"},"content":{"rendered":"<\/div><\/div><\/div>\n\t\n<div  class=\"wpb_row vc_row vc_row-fluid  mk-fullwidth-true  attched-false    vc_custom_1589343688353  js-master-row\">\n\t\t\n\t\t\t\n<div style=\"\" class=\"vc_col-sm-12 wpb_column column_container vc_custom_1507755231622  _ height-full\">\n\t\n\t<div  class=\"wpb_single_image wpb_content_element vc_align_center  vc_custom_1728868998993\">\n\t\t\n\t\t<figure class=\"wpb_wrapper vc_figure\">\n\t\t\t<div class=\"vc_single_image-wrapper   vc_box_border_grey\"><img loading=\"lazy\" decoding=\"async\" width=\"2133\" height=\"798\" src=\"https:\/\/i0.wp.com\/colpittsclinical.com\/wp-content\/uploads\/2024\/10\/global-reach-map-1000-101424.jpg?fit=2133%2C798&amp;ssl=1\" class=\"vc_single_image-img attachment-full\" alt=\"Worldwide Clinical Trials-Over 1300 clinical trials\" srcset=\"https:\/\/i0.wp.com\/colpittsclinical.com\/wp-content\/uploads\/2024\/10\/global-reach-map-1000-101424.jpg?w=2133&amp;ssl=1 2133w, https:\/\/i0.wp.com\/colpittsclinical.com\/wp-content\/uploads\/2024\/10\/global-reach-map-1000-101424.jpg?resize=300%2C112&amp;ssl=1 300w, https:\/\/i0.wp.com\/colpittsclinical.com\/wp-content\/uploads\/2024\/10\/global-reach-map-1000-101424.jpg?resize=1024%2C383&amp;ssl=1 1024w, https:\/\/i0.wp.com\/colpittsclinical.com\/wp-content\/uploads\/2024\/10\/global-reach-map-1000-101424.jpg?resize=768%2C287&amp;ssl=1 768w, https:\/\/i0.wp.com\/colpittsclinical.com\/wp-content\/uploads\/2024\/10\/global-reach-map-1000-101424.jpg?resize=1536%2C575&amp;ssl=1 1536w, https:\/\/i0.wp.com\/colpittsclinical.com\/wp-content\/uploads\/2024\/10\/global-reach-map-1000-101424.jpg?resize=2048%2C766&amp;ssl=1 2048w, https:\/\/i0.wp.com\/colpittsclinical.com\/wp-content\/uploads\/2024\/10\/global-reach-map-1000-101424.jpg?resize=640%2C239&amp;ssl=1 640w\" sizes=\"auto, (max-width: 1140px) 100vw, 1140px\" itemprop=\"image\" \/><\/div>\n\t\t<\/figure>\n\t<\/div>\n<\/div>\n\t<\/div>\n\n\n\t<div class=\"mk-main-wrapper-holder\">\n\t\t<div class=\"theme-page-wrapper full-layout mk-grid vc_row-fluid no-padding\">\n\t\t\t<div class=\"theme-content no-padding\">\n\n\t\t\t\t<\/div><\/div><\/div>\n\t\n<div  class=\"wpb_row vc_row vc_row-fluid  mk-fullwidth-true  attched-false    vc_custom_1538446768957  js-master-row\">\n\t\t\t<div class=\"mk-grid\">\n\t\t\n\t\t\t\n<div style=\"\" class=\"vc_col-sm-12 wpb_column column_container  _ height-full\">\n\t\t<div class=\"vc_custom_1687368955234\">\n\n<div id=\"text-block-1\" class=\"mk-text-block\">\n\n\t\n\t<h1 style=\"text-align: center;\"><span style=\"font-size: 24pt; font-weight: normal; color: #808080;\">Pasaulio sujungimas: \"Colpitts Clinical\" pasiekia daugiau nei 190 viet\u0173 50-yje \u0161ali\u0173<\/span><\/h1>\n<p><span style=\"font-size: 14pt;\">\"Colpitts Clinical\" si\u016blo pagalb\u0105 klinikiniams tyrimams visame pasaulyje, tur\u0117dama prieig\u0105 prie daugiau kaip 190 padalini\u0173 daugiau kaip 50 \u0161ali\u0173. \u0160is pasaulinis pasiekiamumas leid\u017eia \"Colpitts Clinical\" u\u017etikrinti ma\u017eesnes kelioni\u0173 kainas, teikti paslaugas atsi\u017evelgiant \u012f kult\u016brinius ypatumus, teikti pagalb\u0105 vietos kalba ir pritaikyti paslaugas prie unikali\u0173 pacient\u0173, dalyvaujan\u010di\u0173 klinikiniuose tyrimuose, kuriuos remia \"Colpitts Clinical\" klientai, poreiki\u0173. Be to, \"Colpitts Clinical\" si\u016blo vertimo \u012f kitas kalbas paslaugas, kad u\u017etikrint\u0173 skland\u0173 u\u017esienio pacient\u0173, vykstan\u010di\u0173 \u012f kit\u0105 \u0161al\u012f atlikti klinikinio tyrimo, bendravim\u0105.<\/span><\/p>\n\n\t<div class=\"clearboth\"><\/div>\n<\/div>\n\n\t<\/div>\n<\/div>\n\t\t\n\t\t<\/div>\t\n\t<\/div>\n\n\n\t<div class=\"mk-main-wrapper-holder\">\n\t\t<div class=\"theme-page-wrapper full-layout mk-grid vc_row-fluid no-padding\">\n\t\t\t<div class=\"theme-content no-padding\">\n\n\t\t\t\t<\/div><\/div><\/div>\n\t\n<div  class=\"wpb_row vc_row vc_row-fluid  mk-fullwidth-true  attched-false    vc_custom_1578196654744  js-master-row\">\n\t\t\n\t\t\t\n<div style=\"\" class=\"vc_col-sm-12 wpb_column column_container vc_custom_1578031146054  _ height-full\">\n\t\n\t<div  class=\"wpb_single_image wpb_content_element vc_align_center  vc_custom_1578196579945\">\n\t\t\n\t\t<figure class=\"wpb_wrapper vc_figure\">\n\t\t\t<div class=\"vc_single_image-wrapper   vc_box_border_grey\"><img loading=\"lazy\" decoding=\"async\" width=\"2304\" height=\"454\" src=\"https:\/\/i0.wp.com\/colpittsclinical.com\/wp-content\/uploads\/2020\/01\/translation-image3.jpg?fit=2304%2C454&amp;ssl=1\" class=\"vc_single_image-img attachment-full\" alt=\"language translation service for clinical trials\" srcset=\"https:\/\/i0.wp.com\/colpittsclinical.com\/wp-content\/uploads\/2020\/01\/translation-image3.jpg?w=2304&amp;ssl=1 2304w, https:\/\/i0.wp.com\/colpittsclinical.com\/wp-content\/uploads\/2020\/01\/translation-image3.jpg?resize=300%2C59&amp;ssl=1 300w, https:\/\/i0.wp.com\/colpittsclinical.com\/wp-content\/uploads\/2020\/01\/translation-image3.jpg?resize=1024%2C202&amp;ssl=1 1024w, https:\/\/i0.wp.com\/colpittsclinical.com\/wp-content\/uploads\/2020\/01\/translation-image3.jpg?resize=768%2C151&amp;ssl=1 768w, https:\/\/i0.wp.com\/colpittsclinical.com\/wp-content\/uploads\/2020\/01\/translation-image3.jpg?resize=1536%2C303&amp;ssl=1 1536w, https:\/\/i0.wp.com\/colpittsclinical.com\/wp-content\/uploads\/2020\/01\/translation-image3.jpg?resize=2048%2C404&amp;ssl=1 2048w\" sizes=\"auto, (max-width: 1140px) 100vw, 1140px\" itemprop=\"image\" \/><\/div>\n\t\t<\/figure>\n\t<\/div>\n<\/div>\n\t<\/div>\n\n\n\t<div class=\"mk-main-wrapper-holder\">\n\t\t<div class=\"theme-page-wrapper full-layout mk-grid vc_row-fluid no-padding\">\n\t\t\t<div class=\"theme-content no-padding\">\n\n\t\t\t\t<\/div><\/div><\/div>\n\t\n<div  class=\"wpb_row vc_row vc_row-fluid  mk-fullwidth-true  attched-false    vc_custom_1578031382774  js-master-row\">\n\t\t\t<div class=\"mk-grid\">\n\t\t\n\t\t\t\n<div style=\"\" class=\"vc_col-sm-12 wpb_column column_container  _ height-full\">\n\t\t<div class=\"vc_custom_1686660099644\">\n\n<div id=\"text-block-2\" class=\"mk-text-block\">\n\n\t\n\t<p style=\"text-align: center;\"><span style=\"font-size: 24pt;\">VISAME PASAULYJE ATLIEKAMI BANDYMAI SUSIDURIA SU KALBOS BARJER\u0172 I\u0160\u0160\u016aKIAIS.<\/span><\/p>\n\n\t<div class=\"clearboth\"><\/div>\n<\/div>\n\n\t<\/div>\n\t<div class=\"vc_custom_1740347440763\">\n\n<div id=\"text-block-3\" class=\"mk-text-block\">\n\n\t\n\t<p>Pacientai, ie\u0161kantys medicinini\u0173 sprendim\u0173, \u012f klinikinius tyrimus gali atvykti i\u0161 viso pasaulio ir kalb\u0117ti \u012fvairiomis kalbomis. \u0160i \u012fvairov\u0117 vertinga moksliniu po\u017ei\u016briu, ta\u010diau ji taip pat kelia logistini\u0173 sunkum\u0173 tyrim\u0173 u\u017esakovams ir koordinatoriams, ypa\u010d kalbant apie pacient\u0173 ir klinikini\u0173 tyr\u0117j\u0173 bendravim\u0105. \u0160\u012f i\u0161\u0161\u016bk\u012f \"Colpitts Clinical\" \u012fveikia si\u016blydama kalbin\u0119 pagalb\u0105 net 240 kalb\u0173, kuri\u0105 teikia auk\u0161tos kvalifikacijos vert\u0117jai \u017eod\u017eiu, taip u\u017etikrindama skland\u0173 bendravim\u0105 ir teigiam\u0105 patirt\u012f tiek tyrim\u0173 dalyviams, tiek koordinatoriams.<\/p>\n<p><strong>Klinikini\u0173 tyrim\u0173 vietoje teikiamos vert\u0117jo paslaugos<br \/>\n<\/strong>\u2019Colpitts Clinical\u2019 vietoje teikia vert\u0117jus \u017eod\u017eiu, kurie laisvai kalba net 170 kalb\u0173 ir u\u017etikrina veiksming\u0105 tyrimo dalyvi\u0173 ir tyr\u0117j\u0173 bendravim\u0105. Nesvarbu, ar tai b\u016bt\u0173 tyrimo vieta, ligonin\u0117, paciento namai, ar oro uostas, \"Colpitts\" vert\u0117jai \u017eod\u017eiu gali pad\u0117ti visais klausimais, pradedant registracija vie\u0161butyje ir baigiant susipa\u017einimu su nauja aplinka. Geb\u0117jimas veiksmingai ir efektyviai bendrauti yra labai svarbus klinikinio tyrimo s\u0117kmei, o \"Colpitts\" vert\u0117jai \u017eod\u017eiu vietoje atlieka svarb\u0173 vaidmen\u012f u\u017etikrinant skland\u0173 ir tiksl\u0173 pacient\u0173 ir tyr\u0117j\u0173 bendravim\u0105, kuris savo ruo\u017etu gali tur\u0117ti \u012ftakos bendram tyrimo terminui ir i\u0161laidoms.<\/p>\n\n\t<div class=\"clearboth\"><\/div>\n<\/div>\n\n\t<\/div>\n<\/div>\n\t\t\n\t\t<\/div>\t\n\t<\/div>\n\n\n\t<div class=\"mk-main-wrapper-holder\">\n\t\t<div class=\"theme-page-wrapper full-layout mk-grid vc_row-fluid no-padding\">\n\t\t\t<div class=\"theme-content no-padding\">\n\n\t\t\t\t<\/div><\/div><\/div>\n\t\n<div  class=\"wpb_row vc_row vc_row-fluid  mk-fullwidth-true  attched-false    vc_custom_1639376856432  js-master-row\">\n\t\t\n\t\t\t\n<div style=\"\" class=\"vc_col-sm-12 wpb_column column_container  _ height-full\">\n\t\n<h2 id=\"fancy-title-4\" class=\"mk-fancy-title  simple-style   color-single\">\n\t<span>\n\t\t\t\t\n<h2 style=\"text-align: center;\"><span style=\"font-family: arial, helvetica, sans-serif; color: #333999;\"><strong>Ar turite retos ligos, ma\u017eos populiacijos tyrim\u0105?<\/strong><\/span><\/h2>\n<p style=\"text-align: center;\">\n<div id=\"mk-button-5\" class=\"mk-button-container _ relative    block text-center\">\n\n\t\n\t\t<a id=\"Buton ID\" href=\"https:\/\/colpittsclinical.com\/lt\/contact-us\/\"   target=\"_self\" class=\"mk-button js-smooth-scroll mk-button--dimension-three mk-button--size-medium mk-button--corner-pointed text-color-light _ relative text-center font-weight-700 no-backface  letter-spacing-1 inline\">\n\t\t\t\t\t\t \n\t\t\t<span class=\"mk-button--text\">Skambinkite vienam i\u0161 m\u016bs\u0173 ekspert\u0173<\/span>\n\t\t\t\t\t<\/a>\n\n\t\n<\/div>\n\t\t\t<\/span>\n<\/h2>\n<div class=\"clearboth\"><\/div>\n\n\n\n<\/div>\n\t<\/div>\n\n\n\t<div class=\"mk-main-wrapper-holder\">\n\t\t<div class=\"theme-page-wrapper full-layout mk-grid vc_row-fluid no-padding\">\n\t\t\t<div class=\"theme-content no-padding\">","protected":false},"excerpt":{"rendered":"Connecting the World: Colpitts Clinical Reaches Over 190 Locations in 50 Countries Colpitts Clinical offers worldwide support for clinical trials, with access to over 190 locations in over 50 countries. This global reach enables Colpitts Clinical to secure reduced travel rates, provide culturally-sensitive services, offer local language support and tailor services to meet the unique [...]","protected":false},"author":1,"featured_media":0,"parent":0,"menu_order":0,"comment_status":"closed","ping_status":"closed","template":"","meta":{"_exactmetrics_skip_tracking":false,"_exactmetrics_sitenote_active":false,"_exactmetrics_sitenote_note":"","_exactmetrics_sitenote_category":0,"footnotes":""},"class_list":["post-1220","page","type-page","status-publish","hentry"],"yoast_head":"<!-- This site is optimized with the Yoast SEO plugin v27.5 - https:\/\/yoast.com\/product\/yoast-seo-wordpress\/ -->\n<title>Worldwide Clinical Trials - Colpitts Clinical<\/title>\n<meta name=\"description\" content=\"Colpitts has access to more partners in more countries, which allows Colpitts to book reduced fares and leverage discounts worldwide.\" \/>\n<meta name=\"robots\" content=\"index, follow, max-snippet:-1, max-image-preview:large, max-video-preview:-1, noarchive\" \/>\n<link rel=\"canonical\" href=\"https:\/\/colpittsclinical.com\/lt\/world-wide-clinical-trials\/\" \/>\n<meta property=\"og:locale\" content=\"lt_LT\" \/>\n<meta property=\"og:type\" content=\"article\" \/>\n<meta property=\"og:title\" content=\"Worldwide Clinical Trials - Colpitts Clinical\" \/>\n<meta property=\"og:description\" content=\"Colpitts has access to more partners in more countries, which allows Colpitts to book reduced fares and leverage discounts worldwide.\" \/>\n<meta property=\"og:url\" content=\"https:\/\/colpittsclinical.com\/lt\/world-wide-clinical-trials\/\" \/>\n<meta property=\"og:site_name\" content=\"Colpitts Clinical\" \/>\n<meta property=\"article:publisher\" content=\"https:\/\/www.facebook.com\/ColpittsClinicalTrialTravel\/\" \/>\n<meta property=\"article:modified_time\" content=\"2025-02-23T21:50:45+00:00\" \/>\n<meta name=\"twitter:card\" content=\"summary_large_image\" \/>\n<meta name=\"twitter:label1\" content=\"Est. reading time\" \/>\n\t<meta name=\"twitter:data1\" content=\"2 minut\u0117s\" \/>\n<script type=\"application\/ld+json\" class=\"yoast-schema-graph\">{\"@context\":\"https:\\\/\\\/schema.org\",\"@graph\":[{\"@type\":\"WebPage\",\"@id\":\"https:\\\/\\\/colpittsclinical.com\\\/world-wide-clinical-trials\\\/\",\"url\":\"https:\\\/\\\/colpittsclinical.com\\\/world-wide-clinical-trials\\\/\",\"name\":\"Worldwide Clinical Trials - Colpitts Clinical\",\"isPartOf\":{\"@id\":\"https:\\\/\\\/colpittsclinical.com\\\/#website\"},\"datePublished\":\"2017-09-27T06:33:07+00:00\",\"dateModified\":\"2025-02-23T21:50:45+00:00\",\"description\":\"Colpitts has access to more partners in more countries, which allows Colpitts to book reduced fares and leverage discounts worldwide.\",\"breadcrumb\":{\"@id\":\"https:\\\/\\\/colpittsclinical.com\\\/world-wide-clinical-trials\\\/#breadcrumb\"},\"inLanguage\":\"lt-LT\",\"potentialAction\":[{\"@type\":\"ReadAction\",\"target\":[\"https:\\\/\\\/colpittsclinical.com\\\/world-wide-clinical-trials\\\/\"]}]},{\"@type\":\"BreadcrumbList\",\"@id\":\"https:\\\/\\\/colpittsclinical.com\\\/world-wide-clinical-trials\\\/#breadcrumb\",\"itemListElement\":[{\"@type\":\"ListItem\",\"position\":1,\"name\":\"Home\",\"item\":\"https:\\\/\\\/colpittsclinical.com\\\/\"},{\"@type\":\"ListItem\",\"position\":2,\"name\":\"Worldwide Clinical Trials\"}]},{\"@type\":\"WebSite\",\"@id\":\"https:\\\/\\\/colpittsclinical.com\\\/#website\",\"url\":\"https:\\\/\\\/colpittsclinical.com\\\/\",\"name\":\"Colpitts Clinical\",\"description\":\"patient-liaison\",\"publisher\":{\"@id\":\"https:\\\/\\\/colpittsclinical.com\\\/#organization\"},\"potentialAction\":[{\"@type\":\"SearchAction\",\"target\":{\"@type\":\"EntryPoint\",\"urlTemplate\":\"https:\\\/\\\/colpittsclinical.com\\\/?s={search_term_string}\"},\"query-input\":{\"@type\":\"PropertyValueSpecification\",\"valueRequired\":true,\"valueName\":\"search_term_string\"}}],\"inLanguage\":\"lt-LT\"},{\"@type\":\"Organization\",\"@id\":\"https:\\\/\\\/colpittsclinical.com\\\/#organization\",\"name\":\"Colpitts Clinical\",\"url\":\"https:\\\/\\\/colpittsclinical.com\\\/\",\"logo\":{\"@type\":\"ImageObject\",\"inLanguage\":\"lt-LT\",\"@id\":\"https:\\\/\\\/colpittsclinical.com\\\/#\\\/schema\\\/logo\\\/image\\\/\",\"url\":\"https:\\\/\\\/colpittsclinical.com\\\/wp-content\\\/uploads\\\/2017\\\/10\\\/cc-logo-212-1.png\",\"contentUrl\":\"https:\\\/\\\/colpittsclinical.com\\\/wp-content\\\/uploads\\\/2017\\\/10\\\/cc-logo-212-1.png\",\"width\":212,\"height\":48,\"caption\":\"Colpitts Clinical\"},\"image\":{\"@id\":\"https:\\\/\\\/colpittsclinical.com\\\/#\\\/schema\\\/logo\\\/image\\\/\"},\"sameAs\":[\"https:\\\/\\\/www.facebook.com\\\/ColpittsClinicalTrialTravel\\\/\",\"https:\\\/\\\/www.linkedin.com\\\/company\\\/colpittsclinical\\\/\"]}]}<\/script>\n<!-- \/ Yoast SEO plugin. -->","yoast_head_json":{"title":"Worldwide Clinical Trials - Colpitts Clinical","description":"Colpitts has access to more partners in more countries, which allows Colpitts to book reduced fares and leverage discounts worldwide.","robots":{"index":"index","follow":"follow","max-snippet":"max-snippet:-1","max-image-preview":"max-image-preview:large","max-video-preview":"max-video-preview:-1","archive":"noarchive"},"canonical":"https:\/\/colpittsclinical.com\/lt\/world-wide-clinical-trials\/","og_locale":"lt_LT","og_type":"article","og_title":"Worldwide Clinical Trials - Colpitts Clinical","og_description":"Colpitts has access to more partners in more countries, which allows Colpitts to book reduced fares and leverage discounts worldwide.","og_url":"https:\/\/colpittsclinical.com\/lt\/world-wide-clinical-trials\/","og_site_name":"Colpitts Clinical","article_publisher":"https:\/\/www.facebook.com\/ColpittsClinicalTrialTravel\/","article_modified_time":"2025-02-23T21:50:45+00:00","twitter_card":"summary_large_image","twitter_misc":{"Est. reading time":"2 minut\u0117s"},"schema":{"@context":"https:\/\/schema.org","@graph":[{"@type":"WebPage","@id":"https:\/\/colpittsclinical.com\/world-wide-clinical-trials\/","url":"https:\/\/colpittsclinical.com\/world-wide-clinical-trials\/","name":"Worldwide Clinical Trials - Colpitts Clinical","isPartOf":{"@id":"https:\/\/colpittsclinical.com\/#website"},"datePublished":"2017-09-27T06:33:07+00:00","dateModified":"2025-02-23T21:50:45+00:00","description":"Colpitts has access to more partners in more countries, which allows Colpitts to book reduced fares and leverage discounts worldwide.","breadcrumb":{"@id":"https:\/\/colpittsclinical.com\/world-wide-clinical-trials\/#breadcrumb"},"inLanguage":"lt-LT","potentialAction":[{"@type":"ReadAction","target":["https:\/\/colpittsclinical.com\/world-wide-clinical-trials\/"]}]},{"@type":"BreadcrumbList","@id":"https:\/\/colpittsclinical.com\/world-wide-clinical-trials\/#breadcrumb","itemListElement":[{"@type":"ListItem","position":1,"name":"Home","item":"https:\/\/colpittsclinical.com\/"},{"@type":"ListItem","position":2,"name":"Worldwide Clinical Trials"}]},{"@type":"WebSite","@id":"https:\/\/colpittsclinical.com\/#website","url":"https:\/\/colpittsclinical.com\/","name":"Colpitts Clinical","description":"paciento ir draugo ry\u0161ys","publisher":{"@id":"https:\/\/colpittsclinical.com\/#organization"},"potentialAction":[{"@type":"SearchAction","target":{"@type":"EntryPoint","urlTemplate":"https:\/\/colpittsclinical.com\/?s={search_term_string}"},"query-input":{"@type":"PropertyValueSpecification","valueRequired":true,"valueName":"search_term_string"}}],"inLanguage":"lt-LT"},{"@type":"Organization","@id":"https:\/\/colpittsclinical.com\/#organization","name":"Colpitts Clinical","url":"https:\/\/colpittsclinical.com\/","logo":{"@type":"ImageObject","inLanguage":"lt-LT","@id":"https:\/\/colpittsclinical.com\/#\/schema\/logo\/image\/","url":"https:\/\/colpittsclinical.com\/wp-content\/uploads\/2017\/10\/cc-logo-212-1.png","contentUrl":"https:\/\/colpittsclinical.com\/wp-content\/uploads\/2017\/10\/cc-logo-212-1.png","width":212,"height":48,"caption":"Colpitts Clinical"},"image":{"@id":"https:\/\/colpittsclinical.com\/#\/schema\/logo\/image\/"},"sameAs":["https:\/\/www.facebook.com\/ColpittsClinicalTrialTravel\/","https:\/\/www.linkedin.com\/company\/colpittsclinical\/"]}]}},"jetpack_sharing_enabled":true,"post_mailing_queue_ids":[],"_links":{"self":[{"href":"https:\/\/colpittsclinical.com\/lt\/wp-json\/wp\/v2\/pages\/1220","targetHints":{"allow":["GET"]}}],"collection":[{"href":"https:\/\/colpittsclinical.com\/lt\/wp-json\/wp\/v2\/pages"}],"about":[{"href":"https:\/\/colpittsclinical.com\/lt\/wp-json\/wp\/v2\/types\/page"}],"author":[{"embeddable":true,"href":"https:\/\/colpittsclinical.com\/lt\/wp-json\/wp\/v2\/users\/1"}],"replies":[{"embeddable":true,"href":"https:\/\/colpittsclinical.com\/lt\/wp-json\/wp\/v2\/comments?post=1220"}],"version-history":[{"count":126,"href":"https:\/\/colpittsclinical.com\/lt\/wp-json\/wp\/v2\/pages\/1220\/revisions"}],"predecessor-version":[{"id":6048,"href":"https:\/\/colpittsclinical.com\/lt\/wp-json\/wp\/v2\/pages\/1220\/revisions\/6048"}],"wp:attachment":[{"href":"https:\/\/colpittsclinical.com\/lt\/wp-json\/wp\/v2\/media?parent=1220"}],"curies":[{"name":"wp","href":"https:\/\/api.w.org\/{rel}","templated":true}]}}