{"id":678,"date":"2017-09-27T23:55:33","date_gmt":"2017-09-28T03:55:33","guid":{"rendered":"https:\/\/colpittsclinical.com\/?page_id=678"},"modified":"2024-10-23T13:05:43","modified_gmt":"2024-10-23T17:05:43","slug":"our-story","status":"publish","type":"page","link":"https:\/\/colpittsclinical.com\/hu\/our-story\/","title":{"rendered":"T\u00f6rt\u00e9net\u00fcnk"},"content":{"rendered":"<\/div><\/div><\/div>\n\t\n<div  class=\"wpb_row vc_row vc_row-fluid  mk-fullwidth-true  attched-false    vc_custom_1715137384203  js-master-row\">\n\t\t\n\t\t\t\n<div style=\"\" class=\"vc_col-sm-12 wpb_column column_container  _ height-full\">\n\t<script data-cfasync=\"false\" type=\"text\/javascript\">var lsjQuery = jQuery;<\/script><script data-cfasync=\"false\" type=\"text\/javascript\">\r\nlsjQuery(document).ready(function() {\r\nif(typeof lsjQuery.fn.layerSlider == \"undefined\") {\r\nif( window._layerSlider && window._layerSlider.showNotice) { \r\nwindow._layerSlider.showNotice('layerslider_26','jquery');\r\n}\r\n} else {\r\nlsjQuery(\"#layerslider_26\").layerSlider({sliderVersion: '6.5.7', type: 'fullwidth', navPrevNext: false, hoverPrevNext: false, navStartStop: false, navButtons: false, showCircleTimer: false, popupWidth: 640, popupHeight: 360, skinsPath: 'https:\/\/colpittsclinical.com\/wp-content\/plugins\/LayerSlider\/static\/layerslider\/skins\/'});\r\n}\r\n});\r\n<\/script><div id=\"layerslider_26\" class=\"ls-wp-container fitvidsignore\" style=\"width:1920px;height:600px;margin:0 auto;margin-bottom: 0px;\"><div class=\"ls-slide\" data-ls=\"duration:4000;transition2d:5;kenburnsscale:1.2;\"><img loading=\"lazy\" decoding=\"async\" width=\"2100\" height=\"600\" src=\"https:\/\/i0.wp.com\/colpittsclinical.com\/wp-content\/uploads\/2023\/03\/logo-story.jpg?fit=2100%2C600&amp;ssl=1\" class=\"ls-bg\" alt=\"Colpitts Clinical-Our Story\" srcset=\"https:\/\/i0.wp.com\/colpittsclinical.com\/wp-content\/uploads\/2023\/03\/logo-story.jpg?w=2100&amp;ssl=1 2100w, https:\/\/i0.wp.com\/colpittsclinical.com\/wp-content\/uploads\/2023\/03\/logo-story.jpg?resize=300%2C86&amp;ssl=1 300w, https:\/\/i0.wp.com\/colpittsclinical.com\/wp-content\/uploads\/2023\/03\/logo-story.jpg?resize=1024%2C293&amp;ssl=1 1024w, https:\/\/i0.wp.com\/colpittsclinical.com\/wp-content\/uploads\/2023\/03\/logo-story.jpg?resize=768%2C219&amp;ssl=1 768w, https:\/\/i0.wp.com\/colpittsclinical.com\/wp-content\/uploads\/2023\/03\/logo-story.jpg?resize=1536%2C439&amp;ssl=1 1536w, https:\/\/i0.wp.com\/colpittsclinical.com\/wp-content\/uploads\/2023\/03\/logo-story.jpg?resize=2048%2C585&amp;ssl=1 2048w, https:\/\/i0.wp.com\/colpittsclinical.com\/wp-content\/uploads\/2023\/03\/logo-story.jpg?resize=640%2C183&amp;ssl=1 640w\" sizes=\"auto, (max-width: 1140px) 100vw, 1140px\" itemprop=\"image\" \/><\/div><\/div><\/div>\n\t<\/div>\n\n\n\t<div class=\"mk-main-wrapper-holder\">\n\t\t<div class=\"theme-page-wrapper full-layout mk-grid vc_row-fluid no-padding\">\n\t\t\t<div class=\"theme-content no-padding\">\n\n\t\t\t\t<\/div><\/div><\/div>\n\t\n<div  class=\"wpb_row vc_row vc_row-fluid  mk-fullwidth-true  attched-false     js-master-row\">\n\t\t\t<div class=\"mk-grid\">\n\t\t\n\t\t\t\n<div style=\"\" class=\"vc_col-sm-12 wpb_column column_container  _ height-full\">\n\t\n\n<div class=\"wpb_row vc_inner vc_row vc_row-fluid    attched-false\">\n\t\t\n\t\t<div class=\"wpb_column vc_column_container vc_col-sm-12\"><div class=\"vc_column-inner\"><div class=\"wpb_wrapper\"><\/div><\/div><\/div>\t\t\n<\/div><div class=\"vc_empty_space\"   style=\"height: 62px\" ><span class=\"vc_empty_space_inner\"><\/span><\/div>\n\t<div class=\"vc_custom_1721536148351\">\n\n<div id=\"text-block-1\" class=\"mk-text-block\">\n\n\t\n\t<h1><span style=\"color: #333399;\">A v\u00e1ltoz\u00e1s elfogad\u00e1sa a nagy dolgok megval\u00f3s\u00edt\u00e1sa \u00e9rdek\u00e9ben<\/span><\/h1>\n<p>A Colpitts Clinical t\u00f6bb mint 130 \u00e9ve folyamatosan fejl\u0151dik, \u00e9s a szolg\u00e1ltat\u00e1saink fejleszt\u00e9se ir\u00e1nti szil\u00e1rd elk\u00f6telezetts\u00e9g vez\u00e9rli, hogy megfeleljen \u00fcgyfeleink dinamikus ig\u00e9nyeinek. Eredetileg a Colpitts World Travel r\u00e9szlegek\u00e9nt alakultunk \u00e1t a Direct Travell\u00e9, amely a klinikai vizsg\u00e1latokhoz ny\u00fajtott kiv\u00e9teles utaz\u00e1si szolg\u00e1ltat\u00e1sokra specializ\u00e1l\u00f3dott.<\/p>\n<p>Utunk p\u00e1rhuzamos a klinikai vizsg\u00e1latok bonyolult folyamat\u00e1val, amely n\u00e9gy alappill\u00e9rre \u00e9p\u00fcl. Ezek magukban foglalj\u00e1k a vizsg\u00e1lat \u00e1tfog\u00f3 v\u00e9grehajt\u00e1s\u00e1t \u00e9s ir\u00e1ny\u00edt\u00e1s\u00e1t, az utaz\u00e1si logisztika apr\u00f3l\u00e9kos koordin\u00e1ci\u00f3j\u00e1t, amely mag\u00e1ban foglalja a l\u00e9gi \u00e9s vas\u00fati utaz\u00e1st, a f\u00f6ldi sz\u00e1ll\u00edt\u00e1st \u00e9s a sz\u00e1ll\u00e1sszervez\u00e9st, valamint a napid\u00edjak \u00e9s a betegk\u00f6lts\u00e9g-visszat\u00e9r\u00edt\u00e9sek szakszer\u0171 kezel\u00e9s\u00e9t. Szolg\u00e1ltat\u00e1saink minden egyes aspektus\u00e1t pontosan az egyes \u00fcgyfelek \u00e9s vizsg\u00e1latok egyedi ig\u00e9nyeihez igaz\u00edtjuk.<\/p>\n<p><strong>\u00dcgyf\u00e9lk\u00f6zpont\u00fa megk\u00f6zel\u00edt\u00e9s<br \/>\n<\/strong>\u00dcgyf\u00e9lk\u00f6zpont\u00fa megk\u00f6zel\u00edt\u00e9s\u00fcnk t\u00fckr\u00f6zi kapcsolataink fejl\u0151d\u00e9s\u00e9t, amely \u00fcgyfeleink ig\u00e9nyeinek m\u00e9ly meg\u00e9rt\u00e9s\u00e9vel kezd\u0151dik. Gyorsan \u00e1t\u00e1llunk a cselekv\u00e9sre, \u00e9s biztos\u00edtjuk a sikeres partners\u00e9ghez sz\u00fcks\u00e9ges alapvet\u0151 szolg\u00e1ltat\u00e1sokat. A vizsg\u00e1lat cs\u00facspontj\u00e1n a z\u00f6kken\u0151mentes utaz\u00e1s- \u00e9s k\u00f6lts\u00e9gkezel\u00e9s biztos\u00edt\u00e1s\u00e1ban jelesked\u00fcnk, mik\u00f6zben \u00fcgyfeleink az orvosi kutat\u00e1sra koncentr\u00e1lnak. Ahogy a vizsg\u00e1lat a v\u00e9g\u00e9hez k\u00f6zeledik, apr\u00f3l\u00e9kos figyelm\u00fcnk a r\u00e9szletekre kiterjed az utols\u00f3 szakaszokra is, bele\u00e9rtve a betegl\u00e1togat\u00e1sokat, a k\u00f6lts\u00e9gt\u00e9r\u00edt\u00e9seket \u00e9s az \u00e1tfog\u00f3 jelent\u00e9st\u00e9telt.<\/p>\n<p><strong>Dedik\u00e1ci\u00f3<br \/>\n<\/strong>Az elk\u00f6telezetts\u00e9gnek ez a ciklusa t\u00f6bb mint 1300 alkalommal ism\u00e9tl\u0151d\u00f6tt meg az \u00e1ltalunk ir\u00e1ny\u00edtott k\u00eds\u00e9rletek sor\u00e1n, al\u00e1t\u00e1masztva a kiv\u00e1l\u00f3s\u00e1g ir\u00e1nti rend\u00edthetetlen elk\u00f6telezetts\u00e9g\u00fcnket \u00e9s az \u00fcgyfelek el\u00e9gedetts\u00e9g\u00e9re val\u00f3 f\u00e1radhatatlan t\u00f6rekv\u00e9s\u00fcnket.<\/p>\n\n\t<div class=\"clearboth\"><\/div>\n<\/div>\n\n\t<\/div>\n<\/div>\n\t\t\n\t\t<\/div>\t\n\t<\/div>\n\n\n\t<div class=\"mk-main-wrapper-holder\">\n\t\t<div class=\"theme-page-wrapper full-layout mk-grid vc_row-fluid no-padding\">\n\t\t\t<div class=\"theme-content no-padding\">\n\n\t\t\t\n<div  class=\"wpb_row vc_row vc_row-fluid  mk-fullwidth-false  attched-false     js-master-row\">\n\t\t\n\t\t\t\n<div style=\"\" class=\"vc_col-sm-12 wpb_column column_container  _ height-full\">\n\t<script data-cfasync=\"false\" type=\"text\/javascript\">var lsjQuery = jQuery;<\/script><script data-cfasync=\"false\" type=\"text\/javascript\">\r\nlsjQuery(document).ready(function() {\r\nif(typeof lsjQuery.fn.layerSlider == \"undefined\") {\r\nif( window._layerSlider && window._layerSlider.showNotice) { \r\nwindow._layerSlider.showNotice('layerslider_42','jquery');\r\n}\r\n} else {\r\nlsjQuery(\"#layerslider_42\").layerSlider({sliderVersion: '6.5.7', allowFullscreen: false, navPrevNext: false, hoverPrevNext: false, navStartStop: false, navButtons: false, showCircleTimer: false, popupWidth: 640, popupHeight: 360, skinsPath: 'https:\/\/colpittsclinical.com\/wp-content\/plugins\/LayerSlider\/static\/layerslider\/skins\/'});\r\n}\r\n});\r\n<\/script><div id=\"layerslider_42\" class=\"ls-wp-container fitvidsignore\" style=\"width:1920px;height:800px;margin:0 auto;margin-bottom: 0px;\"><div class=\"ls-slide\" data-ls=\"kenburnsscale:1.2;\"><img loading=\"lazy\" decoding=\"async\" width=\"2560\" height=\"1034\" src=\"https:\/\/i0.wp.com\/colpittsclinical.com\/wp-content\/uploads\/2024\/10\/mission-image-2-scaled.jpg?fit=2560%2C1034&amp;ssl=1\" class=\"ls-bg\" alt=\"Colpitts Clinical Mission Statement\" srcset=\"https:\/\/i0.wp.com\/colpittsclinical.com\/wp-content\/uploads\/2024\/10\/mission-image-2-scaled.jpg?w=2560&amp;ssl=1 2560w, https:\/\/i0.wp.com\/colpittsclinical.com\/wp-content\/uploads\/2024\/10\/mission-image-2-scaled.jpg?resize=300%2C121&amp;ssl=1 300w, https:\/\/i0.wp.com\/colpittsclinical.com\/wp-content\/uploads\/2024\/10\/mission-image-2-scaled.jpg?resize=1024%2C414&amp;ssl=1 1024w, https:\/\/i0.wp.com\/colpittsclinical.com\/wp-content\/uploads\/2024\/10\/mission-image-2-scaled.jpg?resize=768%2C310&amp;ssl=1 768w, https:\/\/i0.wp.com\/colpittsclinical.com\/wp-content\/uploads\/2024\/10\/mission-image-2-scaled.jpg?resize=1536%2C620&amp;ssl=1 1536w, https:\/\/i0.wp.com\/colpittsclinical.com\/wp-content\/uploads\/2024\/10\/mission-image-2-scaled.jpg?resize=2048%2C827&amp;ssl=1 2048w, https:\/\/i0.wp.com\/colpittsclinical.com\/wp-content\/uploads\/2024\/10\/mission-image-2-scaled.jpg?resize=640%2C259&amp;ssl=1 640w, https:\/\/i0.wp.com\/colpittsclinical.com\/wp-content\/uploads\/2024\/10\/mission-image-2-scaled.jpg?w=2280&amp;ssl=1 2280w\" sizes=\"auto, (max-width: 1140px) 100vw, 1140px\" itemprop=\"image\" \/><p style=\"white-space: normal;top:342px;left:147px;text-align:center;font-weight:400;font-style:normal;text-decoration:none;wordwrap:true;opacity:1;color:#ffffff;font-size:48px;font-family:Georgia;line-height:72px;width:800px;height:200px;\" class=\"ls-l\">A klinikai vizsg\u00e1latok t\u00e1mogat\u00e1sa innovat\u00edv, betegk\u00f6zpont\u00fa utaz\u00e1si \u00e9s k\u00f6lts\u00e9gmegold\u00e1sokkal.<\/p><h1 style=\"top:213px;left:353px;text-align:center;font-weight:400;font-style:normal;text-decoration:none;wordwrap:false;opacity:1;color:#ffffff;font-size:73px;font-family:Impact;padding-right:0px;\" class=\"ls-l\">OUR MISSION<\/h1><\/div><\/div><div class=\"vc_empty_space\"   style=\"height: 62px\" ><span class=\"vc_empty_space_inner\"><\/span><\/div>\n<\/div>\n\t<\/div>","protected":false},"excerpt":{"rendered":"var lsjQuery = jQuery; lsjQuery(document).ready(function() { if(typeof lsjQuery.fn.layerSlider == \"undefined\") { if( window._layerSlider && window._layerSlider.showNotice) { window._layerSlider.showNotice('layerslider_26_2','jquery'); } } else { lsjQuery(\"#layerslider_26_2\").layerSlider({sliderVersion: '6.5.7', type: 'fullwidth', navPrevNext: false, hoverPrevNext: false, navStartStop: false, navButtons: false, showCircleTimer: false, popupWidth: 640, popupHeight: 360, skinsPath: 'https:\/\/colpittsclinical.com\/wp-content\/plugins\/LayerSlider\/static\/layerslider\/skins\/'}); } }); Embracing Change to Accomplish Great Things For over 130 years, Colpitts Clinical [...]","protected":false},"author":1,"featured_media":0,"parent":0,"menu_order":0,"comment_status":"closed","ping_status":"closed","template":"","meta":{"_exactmetrics_skip_tracking":false,"_exactmetrics_sitenote_active":false,"_exactmetrics_sitenote_note":"","_exactmetrics_sitenote_category":0,"footnotes":""},"class_list":["post-678","page","type-page","status-publish","hentry"],"yoast_head":"<!-- This site is optimized with the Yoast SEO plugin v27.5 - https:\/\/yoast.com\/product\/yoast-seo-wordpress\/ -->\n<title>Our Story - Colpitts Clinical<\/title>\n<meta name=\"description\" content=\"Colpitts Clinical has deep roots in the travel industry, and we are pioneers in dedicated clinical trial travel.\" \/>\n<meta name=\"robots\" content=\"index, follow, max-snippet:-1, max-image-preview:large, max-video-preview:-1\" \/>\n<link rel=\"canonical\" href=\"https:\/\/colpittsclinical.com\/hu\/our-story\/\" \/>\n<meta property=\"og:locale\" content=\"hu_HU\" \/>\n<meta property=\"og:type\" content=\"article\" \/>\n<meta property=\"og:title\" content=\"Our Story - Colpitts Clinical\" \/>\n<meta property=\"og:description\" content=\"Colpitts Clinical has deep roots in the travel industry, and we are pioneers in dedicated clinical trial travel.\" \/>\n<meta property=\"og:url\" content=\"https:\/\/colpittsclinical.com\/hu\/our-story\/\" \/>\n<meta property=\"og:site_name\" content=\"Colpitts Clinical\" \/>\n<meta property=\"article:publisher\" content=\"https:\/\/www.facebook.com\/ColpittsClinicalTrialTravel\/\" \/>\n<meta property=\"article:modified_time\" content=\"2024-10-23T17:05:43+00:00\" \/>\n<meta name=\"twitter:card\" content=\"summary_large_image\" \/>\n<meta name=\"twitter:label1\" content=\"Becs\u00fclt olvas\u00e1si id\u0151\" \/>\n\t<meta name=\"twitter:data1\" content=\"2 perc\" \/>\n<script type=\"application\/ld+json\" class=\"yoast-schema-graph\">{\"@context\":\"https:\\\/\\\/schema.org\",\"@graph\":[{\"@type\":\"WebPage\",\"@id\":\"https:\\\/\\\/colpittsclinical.com\\\/our-story\\\/\",\"url\":\"https:\\\/\\\/colpittsclinical.com\\\/our-story\\\/\",\"name\":\"Our Story - Colpitts Clinical\",\"isPartOf\":{\"@id\":\"https:\\\/\\\/colpittsclinical.com\\\/#website\"},\"datePublished\":\"2017-09-28T03:55:33+00:00\",\"dateModified\":\"2024-10-23T17:05:43+00:00\",\"description\":\"Colpitts Clinical has deep roots in the travel industry, and we are pioneers in dedicated clinical trial travel.\",\"breadcrumb\":{\"@id\":\"https:\\\/\\\/colpittsclinical.com\\\/our-story\\\/#breadcrumb\"},\"inLanguage\":\"hu\",\"potentialAction\":[{\"@type\":\"ReadAction\",\"target\":[\"https:\\\/\\\/colpittsclinical.com\\\/our-story\\\/\"]}]},{\"@type\":\"BreadcrumbList\",\"@id\":\"https:\\\/\\\/colpittsclinical.com\\\/our-story\\\/#breadcrumb\",\"itemListElement\":[{\"@type\":\"ListItem\",\"position\":1,\"name\":\"Home\",\"item\":\"https:\\\/\\\/colpittsclinical.com\\\/\"},{\"@type\":\"ListItem\",\"position\":2,\"name\":\"Our Story\"}]},{\"@type\":\"WebSite\",\"@id\":\"https:\\\/\\\/colpittsclinical.com\\\/#website\",\"url\":\"https:\\\/\\\/colpittsclinical.com\\\/\",\"name\":\"Colpitts Clinical\",\"description\":\"patient-liaison\",\"publisher\":{\"@id\":\"https:\\\/\\\/colpittsclinical.com\\\/#organization\"},\"potentialAction\":[{\"@type\":\"SearchAction\",\"target\":{\"@type\":\"EntryPoint\",\"urlTemplate\":\"https:\\\/\\\/colpittsclinical.com\\\/?s={search_term_string}\"},\"query-input\":{\"@type\":\"PropertyValueSpecification\",\"valueRequired\":true,\"valueName\":\"search_term_string\"}}],\"inLanguage\":\"hu\"},{\"@type\":\"Organization\",\"@id\":\"https:\\\/\\\/colpittsclinical.com\\\/#organization\",\"name\":\"Colpitts Clinical\",\"url\":\"https:\\\/\\\/colpittsclinical.com\\\/\",\"logo\":{\"@type\":\"ImageObject\",\"inLanguage\":\"hu\",\"@id\":\"https:\\\/\\\/colpittsclinical.com\\\/#\\\/schema\\\/logo\\\/image\\\/\",\"url\":\"https:\\\/\\\/colpittsclinical.com\\\/wp-content\\\/uploads\\\/2017\\\/10\\\/cc-logo-212-1.png\",\"contentUrl\":\"https:\\\/\\\/colpittsclinical.com\\\/wp-content\\\/uploads\\\/2017\\\/10\\\/cc-logo-212-1.png\",\"width\":212,\"height\":48,\"caption\":\"Colpitts Clinical\"},\"image\":{\"@id\":\"https:\\\/\\\/colpittsclinical.com\\\/#\\\/schema\\\/logo\\\/image\\\/\"},\"sameAs\":[\"https:\\\/\\\/www.facebook.com\\\/ColpittsClinicalTrialTravel\\\/\",\"https:\\\/\\\/www.linkedin.com\\\/company\\\/colpittsclinical\\\/\"]}]}<\/script>\n<!-- \/ Yoast SEO plugin. -->","yoast_head_json":{"title":"Our Story - Colpitts Clinical","description":"Colpitts Clinical has deep roots in the travel industry, and we are pioneers in dedicated clinical trial travel.","robots":{"index":"index","follow":"follow","max-snippet":"max-snippet:-1","max-image-preview":"max-image-preview:large","max-video-preview":"max-video-preview:-1"},"canonical":"https:\/\/colpittsclinical.com\/hu\/our-story\/","og_locale":"hu_HU","og_type":"article","og_title":"Our Story - Colpitts Clinical","og_description":"Colpitts Clinical has deep roots in the travel industry, and we are pioneers in dedicated clinical trial travel.","og_url":"https:\/\/colpittsclinical.com\/hu\/our-story\/","og_site_name":"Colpitts Clinical","article_publisher":"https:\/\/www.facebook.com\/ColpittsClinicalTrialTravel\/","article_modified_time":"2024-10-23T17:05:43+00:00","twitter_card":"summary_large_image","twitter_misc":{"Becs\u00fclt olvas\u00e1si id\u0151":"2 perc"},"schema":{"@context":"https:\/\/schema.org","@graph":[{"@type":"WebPage","@id":"https:\/\/colpittsclinical.com\/our-story\/","url":"https:\/\/colpittsclinical.com\/our-story\/","name":"Our Story - Colpitts Clinical","isPartOf":{"@id":"https:\/\/colpittsclinical.com\/#website"},"datePublished":"2017-09-28T03:55:33+00:00","dateModified":"2024-10-23T17:05:43+00:00","description":"Colpitts Clinical has deep roots in the travel industry, and we are pioneers in dedicated clinical trial travel.","breadcrumb":{"@id":"https:\/\/colpittsclinical.com\/our-story\/#breadcrumb"},"inLanguage":"hu","potentialAction":[{"@type":"ReadAction","target":["https:\/\/colpittsclinical.com\/our-story\/"]}]},{"@type":"BreadcrumbList","@id":"https:\/\/colpittsclinical.com\/our-story\/#breadcrumb","itemListElement":[{"@type":"ListItem","position":1,"name":"Home","item":"https:\/\/colpittsclinical.com\/"},{"@type":"ListItem","position":2,"name":"Our Story"}]},{"@type":"WebSite","@id":"https:\/\/colpittsclinical.com\/#website","url":"https:\/\/colpittsclinical.com\/","name":"Colpitts Klinikai","description":"beteg-\u00f6sszek\u00f6ttet\u00e9s","publisher":{"@id":"https:\/\/colpittsclinical.com\/#organization"},"potentialAction":[{"@type":"SearchAction","target":{"@type":"EntryPoint","urlTemplate":"https:\/\/colpittsclinical.com\/?s={search_term_string}"},"query-input":{"@type":"PropertyValueSpecification","valueRequired":true,"valueName":"search_term_string"}}],"inLanguage":"hu"},{"@type":"Organization","@id":"https:\/\/colpittsclinical.com\/#organization","name":"Colpitts Klinikai","url":"https:\/\/colpittsclinical.com\/","logo":{"@type":"ImageObject","inLanguage":"hu","@id":"https:\/\/colpittsclinical.com\/#\/schema\/logo\/image\/","url":"https:\/\/colpittsclinical.com\/wp-content\/uploads\/2017\/10\/cc-logo-212-1.png","contentUrl":"https:\/\/colpittsclinical.com\/wp-content\/uploads\/2017\/10\/cc-logo-212-1.png","width":212,"height":48,"caption":"Colpitts Clinical"},"image":{"@id":"https:\/\/colpittsclinical.com\/#\/schema\/logo\/image\/"},"sameAs":["https:\/\/www.facebook.com\/ColpittsClinicalTrialTravel\/","https:\/\/www.linkedin.com\/company\/colpittsclinical\/"]}]}},"jetpack_sharing_enabled":true,"post_mailing_queue_ids":[],"_links":{"self":[{"href":"https:\/\/colpittsclinical.com\/hu\/wp-json\/wp\/v2\/pages\/678","targetHints":{"allow":["GET"]}}],"collection":[{"href":"https:\/\/colpittsclinical.com\/hu\/wp-json\/wp\/v2\/pages"}],"about":[{"href":"https:\/\/colpittsclinical.com\/hu\/wp-json\/wp\/v2\/types\/page"}],"author":[{"embeddable":true,"href":"https:\/\/colpittsclinical.com\/hu\/wp-json\/wp\/v2\/users\/1"}],"replies":[{"embeddable":true,"href":"https:\/\/colpittsclinical.com\/hu\/wp-json\/wp\/v2\/comments?post=678"}],"version-history":[{"count":49,"href":"https:\/\/colpittsclinical.com\/hu\/wp-json\/wp\/v2\/pages\/678\/revisions"}],"predecessor-version":[{"id":5828,"href":"https:\/\/colpittsclinical.com\/hu\/wp-json\/wp\/v2\/pages\/678\/revisions\/5828"}],"wp:attachment":[{"href":"https:\/\/colpittsclinical.com\/hu\/wp-json\/wp\/v2\/media?parent=678"}],"curies":[{"name":"wp","href":"https:\/\/api.w.org\/{rel}","templated":true}]}}