{"id":2852,"date":"2019-01-23T22:20:10","date_gmt":"2019-01-24T03:20:10","guid":{"rendered":"https:\/\/colpittsclinical.com\/?page_id=2852"},"modified":"2022-09-03T22:38:04","modified_gmt":"2022-09-04T02:38:04","slug":"account-manager","status":"publish","type":"page","link":"https:\/\/colpittsclinical.com\/hu\/account-manager\/","title":{"rendered":"account manager"},"content":{"rendered":"<div  class=\"wpb_row vc_row vc_row-fluid  mk-fullwidth-false  attched-false     js-master-row\">\n\t\t\n\t\t\t\n<div style=\"\" class=\"vc_col-sm-12 wpb_column column_container  _ height-full\">\n\t\t<div class=\"vc_custom_1548441461326\">\n\n<div id=\"text-block-1\" class=\"mk-text-block\">\n\n\t\n\t<div class=\"\"><span style=\"font-size: 18pt; color: #33cccc;\"><strong><span class=\"job-description-title\">Account Manager<\/span><\/strong><\/span><\/div>\n<div class=\"job-description-details-sub-container\">\n<div class=\"job-description-details-sub-left-container\"><span class=\"job-description-worker-catergory\"><span class=\"\"><br \/>\nFizet\u00e9s Teljes munkaid\u0151ben\u00a0 \u00a0 \u00a0\u00a0<\/span><\/span><span class=\"job-description-location\"><span class=\"job-description-location-item\">Norwood, MA, USA<\/span><\/span><\/div>\n<div class=\"job-description-details-sub-right-container\">\n<p><span class=\"job-description-requisition\">Ig\u00e9nyl\u00e9si azonos\u00edt\u00f3 : 1266<\/span><\/p>\n<\/div>\n<\/div>\n<div class=\"job-description-data-item\">\n<div class=\"job-description-data\">\n<p><strong><span style=\"color: #2f4f4f; font-family: Arial; font-size: medium;\">Fedezze fel a Colpitts Clinical egy Direct Travel v\u00e1llalaton bel\u00fcli sz\u00e1mlavezet\u0151i karrierj\u00e9t.\u00a0<\/span><\/strong><\/p>\n<p><span style=\"color: #2f4f4f;\">A Colpitts Clinical m\u00e9ly gy\u00f6kerekkel rendelkezik az utaz\u00e1si ipar\u00e1gban, \u00e9s \u00fatt\u00f6r\u0151k vagyunk a klinikai vizsg\u00e1latok utaz\u00e1s\u00e1nak koordin\u00e1l\u00e1s\u00e1ban. A n\u00e9vad\u00f3nk, a Colpitts World Travel r\u00e9szlegek\u00e9nt t\u00f6rt\u00e9n\u0151 alap\u00edt\u00e1sunkt\u00f3l kezdve a Direct Travel v\u00e1llalatk\u00e9nt val\u00f3 \u00fajrakezd\u00e9s\u00fcnkig vil\u00e1gszerte t\u00f6bb mint 600 klinikai vizsg\u00e1latban j\u00e1tszottunk szerepet, \u00e9s folyamatosan alkalmazkodunk a klinikai vizsg\u00e1latok szponzorainak, a CRO-knak, a helysz\u00edneknek \u00e9s legf\u0151k\u00e9ppen a betegeknek a folyamatosan v\u00e1ltoz\u00f3 ig\u00e9nyeihez.<\/span><\/p>\n<p><span style=\"color: #2f4f4f;\">A Colpitts Clinical egyike az egyetlen olyan teljes k\u00f6r\u0171 utaz\u00e1si \u00e9s k\u00f6lts\u00e9ggazd\u00e1lkod\u00e1si szolg\u00e1ltat\u00f3knak, amelyek kifejezetten a klinikai vizsg\u00e1latokra t\u00f6rt\u00e9n\u0151 utaz\u00e1sok z\u00f6kken\u0151mentes, betegk\u00f6zpont\u00fa tervez\u00e9s\u00e9vel \u00e9s t\u00e1mogat\u00e1s\u00e1val foglalkoznak.  A Massachusetts \u00e1llambeli Norwoodban tal\u00e1lhat\u00f3 sz\u00e9khely\u0171 Colpitts Clinical az Egyes\u00fclt \u00c1llamokban, Kanad\u00e1ban, valamint az Egyes\u00fclt Kir\u00e1lys\u00e1gban is rendelkezik irod\u00e1kkal, \u00e9s a Direct APTI Global Travel irod\u00e1kkal a vil\u00e1g minden t\u00e1j\u00e1n. A Colpitts Clinical k\u00e9pes a biotechnol\u00f3giai, gy\u00f3gyszeripari \u00e9s CRO-\u00fcgyfelei ig\u00e9nyeire szabott megold\u00e1sokat ny\u00fajtani, mik\u00f6zben biztos\u00edtja a vizsg\u00e1latok k\u00f6lts\u00e9gkontrollj\u00e1t \u00e9s a jogszab\u00e1lyi megfelel\u00e9s biztos\u00edt\u00e1s\u00e1t.<\/span><\/p>\n<p><strong><span style=\"color: #2f4f4f; font-family: Arial; font-size: medium;\">A lehet\u0151s\u00e9g:<\/span><\/strong><\/p>\n<p><span style=\"color: #2f4f4f; font-family: Arial; font-size: medium;\">\u00dcgyf\u00e9lmenedzsert keres\u00fcnk a Colpitts klinikai csapat\u00e1hoz a Norwood, MA-i irod\u00e1nkba. Ennek a szerepk\u00f6rnek a f\u0151 feladata annak biztos\u00edt\u00e1sa, hogy szolg\u00e1ltat\u00e1saink megfeleljenek \u00e9s\/vagy meghaladj\u00e1k \u00fcgyfeleink elv\u00e1r\u00e1sait.\u00a0<\/span><\/p>\n<p><strong><span style=\"color: #2f4f4f; font-family: Arial; font-size: medium;\">Mit fogsz tenni?<\/span><\/strong><\/p>\n<ul>\n<li><span style=\"color: #2f4f4f;\">Seg\u00edts\u00e9gny\u00fajt\u00e1s az \u00faj k\u00eds\u00e9rletek szerz\u0151d\u00e9sk\u00f6t\u00e9si folyamat\u00e1nak befejez\u00e9s\u00e9ben.<\/span><\/li>\n<li><span style=\"color: #2f4f4f;\">\u00daj sz\u00e1ml\u00e1k bevezet\u00e9se \u00e9s a vizsg\u00e1lat v\u00e9grehajt\u00e1s\u00e1hoz sz\u00fcks\u00e9ges \u00f6sszes r\u00e9szletk\u00e9rd\u00e9s kezel\u00e9se bels\u0151leg \u00e9s k\u00f6zvetlen\u00fcl az \u00fcgyf\u00e9llel.\u00a0\u00a0<\/span><\/li>\n<li><span style=\"color: #2f4f4f;\">Szorosan egy\u00fcttm\u0171k\u00f6dik a foglal\u00e1si \u00e9s sz\u00e1ml\u00e1z\u00e1si csapattal a probl\u00e9m\u00e1k megold\u00e1sa \u00e9s a p\u00e1ciensekkel vagy szponzorokkal val\u00f3 k\u00f6zvetlen kommunik\u00e1ci\u00f3 \u00e9rdek\u00e9ben.<\/span><\/li>\n<li><span style=\"color: #2f4f4f;\">HIPAA\/GDPR-rel kapcsolatos k\u00e9pz\u00e9sek tart\u00e1sa \u00e9s koordin\u00e1l\u00e1sa \u00fcgyfel\u00fcnk helysz\u00edni koordin\u00e1toraival.<\/span><\/li>\n<li><span style=\"color: #2f4f4f;\">Szorosan egy\u00fcttm\u0171k\u00f6dik a klinikai \u00e9rt\u00e9kes\u00edt\u00e9si csapattal a megl\u00e9v\u0151 \u00e9s \u00faj \u00fcgyfelekkel kapcsolatos \u00faj \u00fczleti strat\u00e9gi\u00e1k kidolgoz\u00e1s\u00e1ban.\u00a0\u00a0<\/span><\/li>\n<\/ul>\n<div><b><span style=\"color: #2f4f4f; font-family: Arial; font-size: medium;\">Mire van sz\u00fcks\u00e9g\u00fcnk t\u0151led?<\/span><\/b><b><span style=\"color: #2f4f4f; font-family: Arial; font-size: medium;\">\u00a0<\/span><\/b><\/div>\n<ul>\n<li dir=\"auto\"><span style=\"color: #2f4f4f; font-family: Arial; font-size: medium;\">El\u0151nyben r\u00e9szes\u00fcl az alapdiploma vagy azzal egyen\u00e9rt\u00e9k\u0171 \u00fczleti v\u00e9gzetts\u00e9g<\/span><\/li>\n<li dir=\"auto\"><span style=\"color: #2f4f4f;\"><span style=\"font-family: Arial; font-size: medium;\">El\u0151ny\u00f6s az utaz\u00e1si \u00e1gazatban szerzett kor\u00e1bbi \u00fcgyf\u00e9lkezel\u00e9si tapasztalat.<\/span><br \/>\n<\/span><\/li>\n<li dir=\"auto\"><span style=\"color: #2f4f4f; font-family: Arial; font-size: medium;\">Kiv\u00e1l\u00f3 sz\u00f3beli \u00e9s \u00edr\u00e1sbeli kommunik\u00e1ci\u00f3s k\u00e9szs\u00e9g sz\u00fcks\u00e9ges.\u00a0\u00a0<\/span><\/li>\n<li dir=\"auto\"><span style=\"color: #2f4f4f; font-family: Arial; font-size: medium;\">Sz\u00e1m\u00edt\u00f3g\u00e9pen val\u00f3 munkav\u00e9gz\u00e9sben szerzett tapasztalat, valamint a t\u00f6bb k\u00fcl\u00f6nb\u00f6z\u0151 sz\u00e1m\u00edt\u00f3g\u00e9pes program\/szoftver k\u00f6z\u00f6tti t\u00f6bbfeladat\u00fa munkav\u00e9gz\u00e9s k\u00e9pess\u00e9ge.<\/span><\/li>\n<li dir=\"auto\"><span style=\"color: #2f4f4f; font-family: Arial; font-size: medium;\">Tapasztalat a Microsoft Office Suite haszn\u00e1lat\u00e1ban<\/span><\/li>\n<li dir=\"auto\"><span style=\"color: #2f4f4f; font-family: Arial; font-size: medium;\">Szervez\u00e9si \u00e9s id\u0151gazd\u00e1lkod\u00e1si k\u00e9szs\u00e9g sz\u00fcks\u00e9ges ahhoz, hogy sikeres legyen ebben a szerepk\u00f6rben.\u00a0<\/span><\/li>\n<li dir=\"auto\"><span style=\"color: #2f4f4f; font-family: Arial; font-size: medium;\">Probl\u00e9mamegold\u00f3 \u00e9s csapatj\u00e1t\u00e9kos k\u00e9pess\u00e9ggel kell rendelkeznie<\/span><\/li>\n<\/ul>\n<p><strong><span style=\"color: #2f4f4f; font-family: Arial; font-size: medium;\">Mit k\u00edn\u00e1lunk a munkav\u00e1llal\u00f3inknak?<\/span><\/strong><\/p>\n<ul>\n<li dir=\"auto\"><span style=\"color: #2f4f4f; font-family: Arial; font-size: medium;\">Nagyszer\u0171 v\u00e1llalati kult\u00fara<\/span><\/li>\n<li dir=\"auto\"><span style=\"color: #2f4f4f; font-family: Arial; font-size: medium;\">F\u00e9lelmetes csapatt\u00e1rsak\u00a0<\/span><\/li>\n<li dir=\"auto\"><span style=\"color: #2f4f4f; font-family: Arial; font-size: medium;\">Eg\u00e9szs\u00e9g\u00fcgyi, fog\u00e1szati, l\u00e1t\u00e1sjav\u00edt\u00f3 \u00e9s egy\u00e9b lehet\u0151s\u00e9gek<\/span><\/li>\n<li dir=\"auto\"><span style=\"color: #2f4f4f; font-family: Arial; font-size: medium;\">Fitness tags\u00e1gi kedvezm\u00e9nyek<\/span><\/li>\n<li dir=\"auto\"><span style=\"color: #2f4f4f; font-family: Arial; font-size: medium;\">Munkav\u00e1llal\u00f3i jutalmaz\u00e1si \u00e9s elismer\u00e9si program<\/span><\/li>\n<li dir=\"auto\"><span style=\"color: #2f4f4f; font-family: Arial; font-size: medium;\">K\u00e9pz\u00e9si lehet\u0151s\u00e9gek<\/span><\/li>\n<li dir=\"auto\"><span style=\"color: #2f4f4f; font-family: Arial; font-size: medium;\">Nagyvonal\u00fa PTO + \u00fcnnepnapok + orvosnap<\/span><\/li>\n<li dir=\"auto\"><span style=\"color: #2f4f4f; font-family: Arial; font-size: medium;\">Versenyk\u00e9pes piaci fizet\u00e9s\u00a0<\/span><\/li>\n<li dir=\"auto\"><span style=\"color: #2f4f4f; font-family: Arial; font-size: medium;\">401k munk\u00e1ltat\u00f3i hozz\u00e1j\u00e1rul\u00e1s<\/span><\/li>\n<li dir=\"auto\"><span style=\"color: #2f4f4f; font-family: Arial; font-size: medium;\">Utaz\u00e1si kedvezm\u00e9nyek, bele\u00e9rtve a kedvezm\u00e9nyes utaz\u00e1sok lefoglal\u00e1s\u00e1ra szakosodott utaz\u00e1si csoportokat is.<\/span><\/li>\n<li dir=\"auto\"><span style=\"color: #2f4f4f; font-family: Arial; font-size: medium;\">Munkav\u00e1llal\u00f3i kedvezm\u00e9nyprogramok<\/span><\/li>\n<li dir=\"auto\"><span style=\"color: #2f4f4f; font-family: Arial; font-size: medium;\">Plusz m\u00e9g sok m\u00e1s!\u00a0<\/span><\/li>\n<\/ul>\n<p><span style=\"color: #33cccc;\">K\u00e9rj\u00fck, k\u00fcldje el \u00f6n\u00e9letrajz\u00e1t Jeanne Johnstonnak a k\u00f6vetkez\u0151 c\u00edmre\u00a0<a style=\"color: #33cccc;\" href=\"mailto:jjohnston@colpittswt.com\">jjohnston@colpittswt.com<\/a><\/span><\/p>\n<p><span style=\"color: #2f4f4f; font-family: Arial; font-size: medium;\">A Direct Travel egy EOE\/AA\/AA\/Veter\u00e1n\/Fogyat\u00e9koss\u00e1ggal \u00e9l\u0151 szem\u00e9lyek munk\u00e1ltat\u00f3ja.<\/span><\/p>\n<\/div>\n<\/div>\n\n\t<div class=\"clearboth\"><\/div>\n<\/div>\n\n\t<\/div>\n<\/div>\n\t<\/div>","protected":false},"excerpt":{"rendered":"Account Manager Salary Full-Time\u00a0 \u00a0 \u00a0\u00a0Norwood, MA, US Requisition ID\u00a0:\u00a01266 Discover an Accounts Management career within Colpitts Clinical a Direct Travel company.\u00a0 Colpitts Clinical has deep roots in the travel industry, and we are pioneers in dedicated clinical trial travel coordination. From our founding as a division of our namesake, Colpitts World Travel, to our [...]","protected":false},"author":1,"featured_media":0,"parent":0,"menu_order":0,"comment_status":"closed","ping_status":"closed","template":"","meta":{"_exactmetrics_skip_tracking":false,"_exactmetrics_sitenote_active":false,"_exactmetrics_sitenote_note":"","_exactmetrics_sitenote_category":0,"footnotes":""},"class_list":["post-2852","page","type-page","status-publish","hentry"],"yoast_head":"<!-- This site is optimized with the Yoast SEO plugin v27.6 - https:\/\/yoast.com\/product\/yoast-seo-wordpress\/ -->\n<title>account manager - Colpitts Clinical<\/title>\n<meta name=\"description\" content=\"We&#039;re seeking an Account Manager to join our Colpitts Clinical Team in our Norwood, MA office to work closely with our reservation team.\" \/>\n<meta name=\"robots\" content=\"index, follow, max-snippet:-1, max-image-preview:large, max-video-preview:-1\" \/>\n<link rel=\"canonical\" href=\"https:\/\/colpittsclinical.com\/hu\/account-manager\/\" \/>\n<meta property=\"og:locale\" content=\"hu_HU\" \/>\n<meta property=\"og:type\" content=\"article\" \/>\n<meta property=\"og:title\" content=\"account manager - Colpitts Clinical\" \/>\n<meta property=\"og:description\" content=\"We&#039;re seeking an Account Manager to join our Colpitts Clinical Team in our Norwood, MA office to work closely with our reservation team.\" \/>\n<meta property=\"og:url\" content=\"https:\/\/colpittsclinical.com\/hu\/account-manager\/\" \/>\n<meta property=\"og:site_name\" content=\"Colpitts Clinical\" \/>\n<meta property=\"article:publisher\" content=\"https:\/\/www.facebook.com\/ColpittsClinicalTrialTravel\/\" \/>\n<meta property=\"article:modified_time\" content=\"2022-09-04T02:38:04+00:00\" \/>\n<meta name=\"twitter:card\" content=\"summary_large_image\" \/>\n<meta name=\"twitter:label1\" content=\"Becs\u00fclt olvas\u00e1si id\u0151\" \/>\n\t<meta name=\"twitter:data1\" content=\"2 perc\" \/>\n<script type=\"application\/ld+json\" class=\"yoast-schema-graph\">{\"@context\":\"https:\\\/\\\/schema.org\",\"@graph\":[{\"@type\":\"WebPage\",\"@id\":\"https:\\\/\\\/colpittsclinical.com\\\/account-manager\\\/\",\"url\":\"https:\\\/\\\/colpittsclinical.com\\\/account-manager\\\/\",\"name\":\"account manager - Colpitts Clinical\",\"isPartOf\":{\"@id\":\"https:\\\/\\\/colpittsclinical.com\\\/#website\"},\"datePublished\":\"2019-01-24T03:20:10+00:00\",\"dateModified\":\"2022-09-04T02:38:04+00:00\",\"description\":\"We're seeking an Account Manager to join our Colpitts Clinical Team in our Norwood, MA office to work closely with our reservation team.\",\"breadcrumb\":{\"@id\":\"https:\\\/\\\/colpittsclinical.com\\\/account-manager\\\/#breadcrumb\"},\"inLanguage\":\"hu\",\"potentialAction\":[{\"@type\":\"ReadAction\",\"target\":[\"https:\\\/\\\/colpittsclinical.com\\\/account-manager\\\/\"]}]},{\"@type\":\"BreadcrumbList\",\"@id\":\"https:\\\/\\\/colpittsclinical.com\\\/account-manager\\\/#breadcrumb\",\"itemListElement\":[{\"@type\":\"ListItem\",\"position\":1,\"name\":\"Home\",\"item\":\"https:\\\/\\\/colpittsclinical.com\\\/\"},{\"@type\":\"ListItem\",\"position\":2,\"name\":\"account manager\"}]},{\"@type\":\"WebSite\",\"@id\":\"https:\\\/\\\/colpittsclinical.com\\\/#website\",\"url\":\"https:\\\/\\\/colpittsclinical.com\\\/\",\"name\":\"Colpitts Clinical\",\"description\":\"patient-liaison\",\"publisher\":{\"@id\":\"https:\\\/\\\/colpittsclinical.com\\\/#organization\"},\"potentialAction\":[{\"@type\":\"SearchAction\",\"target\":{\"@type\":\"EntryPoint\",\"urlTemplate\":\"https:\\\/\\\/colpittsclinical.com\\\/?s={search_term_string}\"},\"query-input\":{\"@type\":\"PropertyValueSpecification\",\"valueRequired\":true,\"valueName\":\"search_term_string\"}}],\"inLanguage\":\"hu\"},{\"@type\":\"Organization\",\"@id\":\"https:\\\/\\\/colpittsclinical.com\\\/#organization\",\"name\":\"Colpitts Clinical\",\"url\":\"https:\\\/\\\/colpittsclinical.com\\\/\",\"logo\":{\"@type\":\"ImageObject\",\"inLanguage\":\"hu\",\"@id\":\"https:\\\/\\\/colpittsclinical.com\\\/#\\\/schema\\\/logo\\\/image\\\/\",\"url\":\"https:\\\/\\\/colpittsclinical.com\\\/wp-content\\\/uploads\\\/2017\\\/10\\\/cc-logo-212-1.png\",\"contentUrl\":\"https:\\\/\\\/colpittsclinical.com\\\/wp-content\\\/uploads\\\/2017\\\/10\\\/cc-logo-212-1.png\",\"width\":212,\"height\":48,\"caption\":\"Colpitts Clinical\"},\"image\":{\"@id\":\"https:\\\/\\\/colpittsclinical.com\\\/#\\\/schema\\\/logo\\\/image\\\/\"},\"sameAs\":[\"https:\\\/\\\/www.facebook.com\\\/ColpittsClinicalTrialTravel\\\/\",\"https:\\\/\\\/www.linkedin.com\\\/company\\\/colpittsclinical\\\/\"]}]}<\/script>\n<!-- \/ Yoast SEO plugin. -->","yoast_head_json":{"title":"account manager - Colpitts Clinical","description":"We're seeking an Account Manager to join our Colpitts Clinical Team in our Norwood, MA office to work closely with our reservation team.","robots":{"index":"index","follow":"follow","max-snippet":"max-snippet:-1","max-image-preview":"max-image-preview:large","max-video-preview":"max-video-preview:-1"},"canonical":"https:\/\/colpittsclinical.com\/hu\/account-manager\/","og_locale":"hu_HU","og_type":"article","og_title":"account manager - Colpitts Clinical","og_description":"We're seeking an Account Manager to join our Colpitts Clinical Team in our Norwood, MA office to work closely with our reservation team.","og_url":"https:\/\/colpittsclinical.com\/hu\/account-manager\/","og_site_name":"Colpitts Clinical","article_publisher":"https:\/\/www.facebook.com\/ColpittsClinicalTrialTravel\/","article_modified_time":"2022-09-04T02:38:04+00:00","twitter_card":"summary_large_image","twitter_misc":{"Becs\u00fclt olvas\u00e1si id\u0151":"2 perc"},"schema":{"@context":"https:\/\/schema.org","@graph":[{"@type":"WebPage","@id":"https:\/\/colpittsclinical.com\/account-manager\/","url":"https:\/\/colpittsclinical.com\/account-manager\/","name":"account manager - Colpitts Clinical","isPartOf":{"@id":"https:\/\/colpittsclinical.com\/#website"},"datePublished":"2019-01-24T03:20:10+00:00","dateModified":"2022-09-04T02:38:04+00:00","description":"We're seeking an Account Manager to join our Colpitts Clinical Team in our Norwood, MA office to work closely with our reservation team.","breadcrumb":{"@id":"https:\/\/colpittsclinical.com\/account-manager\/#breadcrumb"},"inLanguage":"hu","potentialAction":[{"@type":"ReadAction","target":["https:\/\/colpittsclinical.com\/account-manager\/"]}]},{"@type":"BreadcrumbList","@id":"https:\/\/colpittsclinical.com\/account-manager\/#breadcrumb","itemListElement":[{"@type":"ListItem","position":1,"name":"Home","item":"https:\/\/colpittsclinical.com\/"},{"@type":"ListItem","position":2,"name":"account manager"}]},{"@type":"WebSite","@id":"https:\/\/colpittsclinical.com\/#website","url":"https:\/\/colpittsclinical.com\/","name":"Colpitts Klinikai","description":"beteg-\u00f6sszek\u00f6ttet\u00e9s","publisher":{"@id":"https:\/\/colpittsclinical.com\/#organization"},"potentialAction":[{"@type":"SearchAction","target":{"@type":"EntryPoint","urlTemplate":"https:\/\/colpittsclinical.com\/?s={search_term_string}"},"query-input":{"@type":"PropertyValueSpecification","valueRequired":true,"valueName":"search_term_string"}}],"inLanguage":"hu"},{"@type":"Organization","@id":"https:\/\/colpittsclinical.com\/#organization","name":"Colpitts Klinikai","url":"https:\/\/colpittsclinical.com\/","logo":{"@type":"ImageObject","inLanguage":"hu","@id":"https:\/\/colpittsclinical.com\/#\/schema\/logo\/image\/","url":"https:\/\/colpittsclinical.com\/wp-content\/uploads\/2017\/10\/cc-logo-212-1.png","contentUrl":"https:\/\/colpittsclinical.com\/wp-content\/uploads\/2017\/10\/cc-logo-212-1.png","width":212,"height":48,"caption":"Colpitts Clinical"},"image":{"@id":"https:\/\/colpittsclinical.com\/#\/schema\/logo\/image\/"},"sameAs":["https:\/\/www.facebook.com\/ColpittsClinicalTrialTravel\/","https:\/\/www.linkedin.com\/company\/colpittsclinical\/"]}]}},"jetpack_sharing_enabled":true,"post_mailing_queue_ids":[],"_links":{"self":[{"href":"https:\/\/colpittsclinical.com\/hu\/wp-json\/wp\/v2\/pages\/2852","targetHints":{"allow":["GET"]}}],"collection":[{"href":"https:\/\/colpittsclinical.com\/hu\/wp-json\/wp\/v2\/pages"}],"about":[{"href":"https:\/\/colpittsclinical.com\/hu\/wp-json\/wp\/v2\/types\/page"}],"author":[{"embeddable":true,"href":"https:\/\/colpittsclinical.com\/hu\/wp-json\/wp\/v2\/users\/1"}],"replies":[{"embeddable":true,"href":"https:\/\/colpittsclinical.com\/hu\/wp-json\/wp\/v2\/comments?post=2852"}],"version-history":[{"count":8,"href":"https:\/\/colpittsclinical.com\/hu\/wp-json\/wp\/v2\/pages\/2852\/revisions"}],"predecessor-version":[{"id":2881,"href":"https:\/\/colpittsclinical.com\/hu\/wp-json\/wp\/v2\/pages\/2852\/revisions\/2881"}],"wp:attachment":[{"href":"https:\/\/colpittsclinical.com\/hu\/wp-json\/wp\/v2\/media?parent=2852"}],"curies":[{"name":"wp","href":"https:\/\/api.w.org\/{rel}","templated":true}]}}