{"id":261,"date":"2017-08-13T21:42:24","date_gmt":"2017-08-14T01:42:24","guid":{"rendered":"https:\/\/colpittsclinical.com\/?page_id=261"},"modified":"2024-10-02T17:07:08","modified_gmt":"2024-10-02T21:07:08","slug":"trial-site-manager","status":"publish","type":"page","link":"https:\/\/colpittsclinical.com\/hu\/trial-site-manager\/","title":{"rendered":"Trial Site Manager"},"content":{"rendered":"<\/div><\/div><\/div>\n\t\n<div  class=\"wpb_row vc_row vc_row-fluid  mk-fullwidth-true  attched-false    vc_custom_1721536814208  js-master-row\">\n\t\t\t<div class=\"mk-grid\">\n\t\t\n\t\t\t\n<div style=\"\" class=\"vc_col-sm-12 wpb_column column_container  _ height-full\">\n\t\t<div class=\"vc_custom_1721536826160\">\n\n<div id=\"text-block-1\" class=\"mk-text-block\">\n\n\t\n\t<h2 style=\"text-align: center;\"><span style=\"color: #ffffff; font-family: arial, helvetica, sans-serif; font-size: 24pt;\">K\u00cdS\u00c9RLETI HELYSZ\u00cdN VEZET\u0150JE<\/span><\/h2>\n\n\t<div class=\"clearboth\"><\/div>\n<\/div>\n\n\t<\/div>\n<\/div>\n\t\t\n\t\t<\/div>\t\n\t<\/div>\n\n\n\t<div class=\"mk-main-wrapper-holder\">\n\t\t<div class=\"theme-page-wrapper full-layout mk-grid vc_row-fluid no-padding\">\n\t\t\t<div class=\"theme-content no-padding\">\n\n\t\t\t\t<\/div><\/div><\/div>\n\t\n<div  class=\"wpb_row vc_row vc_row-fluid  mk-fullwidth-true  attched-false    vc_custom_1639379719528  js-master-row\">\n\t\t\t<div class=\"mk-grid\">\n\t\t\n\t\t\t\n<div style=\"\" class=\"vc_col-sm-12 wpb_column column_container vc_custom_1506477680408  _ height-full\">\n\t\t<div class=\"vc_custom_1677764799607\">\n\n<div id=\"text-block-2\" class=\"mk-text-block\">\n\n\t\n\t<p>A Colpitts Clinical HIPAA- \u00e9s GDPR-kompatibilis port\u00e1lja lehet\u0151v\u00e9 teszi a k\u00eds\u00e9rleti helysz\u00edni koordin\u00e1torok sz\u00e1m\u00e1ra, hogy n\u00f6velj\u00e9k termel\u00e9kenys\u00e9g\u00fcket a fontos funkci\u00f3khoz val\u00f3 24\/7-es hozz\u00e1f\u00e9r\u00e9ssel, bele\u00e9rtve a betegprofilok l\u00e9trehoz\u00e1s\u00e1t, az utaz\u00e1si k\u00e9relmek beny\u00fajt\u00e1s\u00e1t \u00e9s a betegek visszat\u00e9r\u00edt\u00e9s\u00e9nek kezel\u00e9s\u00e9t, m\u00e9g akkor is, ha mobileszk\u00f6zzel \u00faton vannak. A helysz\u00edni koordin\u00e1torok kik\u00fcsz\u00f6b\u00f6lhetik az oda-vissza, nem biztons\u00e1gos e-mail kommunik\u00e1ci\u00f3 sz\u00fcks\u00e9gess\u00e9g\u00e9t, \u00e9s k\u00f6nnyen be\u00e1ll\u00edthatj\u00e1k az utaz\u00e1si ir\u00e1nyelveket \u00e9s a beteg-visszat\u00e9r\u00edt\u00e9si ar\u00e1nyokat, \u00edgy a Colpitts Clinical utaz\u00e1si \u00e9s k\u00f6lts\u00e9gkoordin\u00e1torai pontos utaz\u00e1si logisztik\u00e1t biztos\u00edthatnak.<\/p>\n<p>A port\u00e1l z\u00f6kken\u0151mentes, megfelel\u0151 \u00e9s biztons\u00e1gos kommunik\u00e1ci\u00f3t tesz lehet\u0151v\u00e9, ami elengedhetetlen, ha a vizsg\u00e1lati helysz\u00ednek a vil\u00e1g minden t\u00e1j\u00e1n tal\u00e1lhat\u00f3k. Nincs sz\u00fcks\u00e9g arra, hogy a helysz\u00edni koordin\u00e1torok \u00e9s az utaz\u00e1si koordin\u00e1torok k\u00fcl\u00f6nb\u00f6z\u0151 id\u0151z\u00f3n\u00e1kon kereszt\u00fcl koordin\u00e1lj\u00e1k a h\u00edv\u00e1sokat. A port\u00e1l nemcsak egyszer\u0171 haszn\u00e1latot, hanem a klinikai vizsg\u00e1lati nyilv\u00e1ntart\u00e1sokhoz sz\u00fcks\u00e9ges biztons\u00e1gi szintet is biztos\u00edtja.<\/p>\n<p>Mivel a klinikai vizsg\u00e1latok elv\u00e9gz\u00e9s\u00e9nek k\u00f6lts\u00e9gei folyamatosan emelkednek, a Colpitts Clinical port\u00e1l pap\u00edrmentes jellege \u00e9rt\u00e9kes id\u0151-, nyomtat\u00e1si \u00e9s postak\u00f6lts\u00e9g-megtakar\u00edt\u00e1st jelent. Az \u00fcgyfelek gyorsan felismert\u00e9k a port\u00e1l el\u0151nyeit, amelynek kihaszn\u00e1lts\u00e1ga 92%.<\/p>\n<p>A 21. sz\u00e1zad sz\u00e1mos kih\u00edv\u00e1st jelent az adatgy\u0171jt\u00e9s ter\u00e9n, \u00e9s a Colpitts klinikai port\u00e1l a leg\u00fajabb technol\u00f3gi\u00e1t haszn\u00e1lja fel e kih\u00edv\u00e1sok megold\u00e1s\u00e1ra. Tov\u00e1bb fog fejl\u0151dni \u00e9s alkalmazkodni a klinikai vizsg\u00e1latok szponzorainak, a CRO-knak \u00e9s a vizsg\u00e1lati helysz\u00edneknek az ig\u00e9nyeihez.<\/p>\n\n\t<div class=\"clearboth\"><\/div>\n<\/div>\n\n\t<\/div>\n<\/div>\n\t\t\n\t\t<\/div>\t\n\t<\/div>\n\n\n\t<div class=\"mk-main-wrapper-holder\">\n\t\t<div class=\"theme-page-wrapper full-layout mk-grid vc_row-fluid no-padding\">\n\t\t\t<div class=\"theme-content no-padding\">\n\n\t\t\t\t<\/div><\/div><\/div>\n\t\n<div  class=\"wpb_row vc_row vc_row-fluid  mk-fullwidth-true  attched-false    vc_custom_1639379458079  js-master-row\">\n\t\t\n\t\t\t\n<div style=\"\" class=\"vc_col-sm-12 wpb_column column_container  _ height-full\">\n\t\n<h2 id=\"fancy-title-3\" class=\"mk-fancy-title  simple-style   color-single\">\n\t<span>\n\t\t\t\t\n<h2 style=\"text-align: center;\"><span style=\"font-family: arial, helvetica, sans-serif; color: #333999;\"><strong>Szeretne 24\/7 hozz\u00e1f\u00e9r\u00e9st az utaz\u00e1si k\u00e9relmek l\u00e9trehoz\u00e1s\u00e1hoz \u00e9s a termel\u00e9kenys\u00e9g jav\u00edt\u00e1s\u00e1hoz?<\/strong><\/span><\/h2>\n<p style=\"text-align: center;\"><span style=\"color: #179ed4;\">\n<div id=\"mk-button-4\" class=\"mk-button-container _ relative    block text-center\">\n\n\t\n\t\t<a id=\"Buton ID\" href=\"https:\/\/colpittsclinical.com\/hu\/contact-us\/\"   target=\"_self\" class=\"mk-button js-smooth-scroll mk-button--dimension-three mk-button--size-medium mk-button--corner-pointed text-color-light _ relative text-center font-weight-700 no-backface  letter-spacing-1 inline\">\n\t\t\t\t\t\t \n\t\t\t<span class=\"mk-button--text\">H\u00edvja szak\u00e9rt\u0151nket<\/span>\n\t\t\t\t\t<\/a>\n\n\t\n<\/div>\n\t\t\t<\/span>\n<\/h2>\n<div class=\"clearboth\"><\/div>\n\n\n\n<\/div>\n\t<\/div>\n\n\n\t<div class=\"mk-main-wrapper-holder\">\n\t\t<div class=\"theme-page-wrapper full-layout mk-grid vc_row-fluid no-padding\">\n\t\t\t<div class=\"theme-content no-padding\">","protected":false},"excerpt":{"rendered":"TRIAL SITE MANAGER Colpitts Clinical\u2019s HIPAA and GDPR compliant portal allows trial Site Coordinators to boost their productivity with 24\/7 access to important features, including the ability to create patient profiles, submit travel requests, and manage patient reimbursements, even when they are on the go using a mobile device. Site Coordinators can eliminate the need [...]","protected":false},"author":1,"featured_media":0,"parent":0,"menu_order":0,"comment_status":"closed","ping_status":"closed","template":"","meta":{"_exactmetrics_skip_tracking":false,"_exactmetrics_sitenote_active":false,"_exactmetrics_sitenote_note":"","_exactmetrics_sitenote_category":0,"footnotes":""},"class_list":["post-261","page","type-page","status-publish","hentry"],"yoast_head":"<!-- This site is optimized with the Yoast SEO plugin v27.5 - https:\/\/yoast.com\/product\/yoast-seo-wordpress\/ -->\n<title>Trial Site Manager - Colpitts Clinical<\/title>\n<meta name=\"description\" content=\"Colpitts\u2019 HIPAA compliant portal allows site coordinators 24\/7 enhanced productivity access to create new patient profiles, travel requests, patient prepaid card requests, patient reimbursement, and more, including when they are on-the-go using a mobile device.\" \/>\n<meta name=\"robots\" content=\"index, follow, max-snippet:-1, max-image-preview:large, max-video-preview:-1\" \/>\n<link rel=\"canonical\" href=\"https:\/\/colpittsclinical.com\/hu\/trial-site-manager\/\" \/>\n<meta property=\"og:locale\" content=\"hu_HU\" \/>\n<meta property=\"og:type\" content=\"article\" \/>\n<meta property=\"og:title\" content=\"Trial Site Manager - Colpitts Clinical\" \/>\n<meta property=\"og:description\" content=\"Colpitts\u2019 HIPAA compliant portal allows site coordinators 24\/7 enhanced productivity access to create new patient profiles, travel requests, patient prepaid card requests, patient reimbursement, and more, including when they are on-the-go using a mobile device.\" \/>\n<meta property=\"og:url\" content=\"https:\/\/colpittsclinical.com\/hu\/trial-site-manager\/\" \/>\n<meta property=\"og:site_name\" content=\"Colpitts Clinical\" \/>\n<meta property=\"article:publisher\" content=\"https:\/\/www.facebook.com\/ColpittsClinicalTrialTravel\/\" \/>\n<meta property=\"article:modified_time\" content=\"2024-10-02T21:07:08+00:00\" \/>\n<meta name=\"twitter:card\" content=\"summary_large_image\" \/>\n<meta name=\"twitter:label1\" content=\"Becs\u00fclt olvas\u00e1si id\u0151\" \/>\n\t<meta name=\"twitter:data1\" content=\"2 perc\" \/>\n<script type=\"application\/ld+json\" class=\"yoast-schema-graph\">{\"@context\":\"https:\\\/\\\/schema.org\",\"@graph\":[{\"@type\":\"WebPage\",\"@id\":\"https:\\\/\\\/colpittsclinical.com\\\/trial-site-manager\\\/\",\"url\":\"https:\\\/\\\/colpittsclinical.com\\\/trial-site-manager\\\/\",\"name\":\"Trial Site Manager - Colpitts Clinical\",\"isPartOf\":{\"@id\":\"https:\\\/\\\/colpittsclinical.com\\\/#website\"},\"datePublished\":\"2017-08-14T01:42:24+00:00\",\"dateModified\":\"2024-10-02T21:07:08+00:00\",\"description\":\"Colpitts\u2019 HIPAA compliant portal allows site coordinators 24\\\/7 enhanced productivity access to create new patient profiles, travel requests, patient prepaid card requests, patient reimbursement, and more, including when they are on-the-go using a mobile device.\",\"breadcrumb\":{\"@id\":\"https:\\\/\\\/colpittsclinical.com\\\/trial-site-manager\\\/#breadcrumb\"},\"inLanguage\":\"hu\",\"potentialAction\":[{\"@type\":\"ReadAction\",\"target\":[\"https:\\\/\\\/colpittsclinical.com\\\/trial-site-manager\\\/\"]}]},{\"@type\":\"BreadcrumbList\",\"@id\":\"https:\\\/\\\/colpittsclinical.com\\\/trial-site-manager\\\/#breadcrumb\",\"itemListElement\":[{\"@type\":\"ListItem\",\"position\":1,\"name\":\"Home\",\"item\":\"https:\\\/\\\/colpittsclinical.com\\\/\"},{\"@type\":\"ListItem\",\"position\":2,\"name\":\"Trial Site Manager\"}]},{\"@type\":\"WebSite\",\"@id\":\"https:\\\/\\\/colpittsclinical.com\\\/#website\",\"url\":\"https:\\\/\\\/colpittsclinical.com\\\/\",\"name\":\"Colpitts Clinical\",\"description\":\"patient-liaison\",\"publisher\":{\"@id\":\"https:\\\/\\\/colpittsclinical.com\\\/#organization\"},\"potentialAction\":[{\"@type\":\"SearchAction\",\"target\":{\"@type\":\"EntryPoint\",\"urlTemplate\":\"https:\\\/\\\/colpittsclinical.com\\\/?s={search_term_string}\"},\"query-input\":{\"@type\":\"PropertyValueSpecification\",\"valueRequired\":true,\"valueName\":\"search_term_string\"}}],\"inLanguage\":\"hu\"},{\"@type\":\"Organization\",\"@id\":\"https:\\\/\\\/colpittsclinical.com\\\/#organization\",\"name\":\"Colpitts Clinical\",\"url\":\"https:\\\/\\\/colpittsclinical.com\\\/\",\"logo\":{\"@type\":\"ImageObject\",\"inLanguage\":\"hu\",\"@id\":\"https:\\\/\\\/colpittsclinical.com\\\/#\\\/schema\\\/logo\\\/image\\\/\",\"url\":\"https:\\\/\\\/colpittsclinical.com\\\/wp-content\\\/uploads\\\/2017\\\/10\\\/cc-logo-212-1.png\",\"contentUrl\":\"https:\\\/\\\/colpittsclinical.com\\\/wp-content\\\/uploads\\\/2017\\\/10\\\/cc-logo-212-1.png\",\"width\":212,\"height\":48,\"caption\":\"Colpitts Clinical\"},\"image\":{\"@id\":\"https:\\\/\\\/colpittsclinical.com\\\/#\\\/schema\\\/logo\\\/image\\\/\"},\"sameAs\":[\"https:\\\/\\\/www.facebook.com\\\/ColpittsClinicalTrialTravel\\\/\",\"https:\\\/\\\/www.linkedin.com\\\/company\\\/colpittsclinical\\\/\"]}]}<\/script>\n<!-- \/ Yoast SEO plugin. -->","yoast_head_json":{"title":"Trial Site Manager - Colpitts Clinical","description":"Colpitts\u2019 HIPAA compliant portal allows site coordinators 24\/7 enhanced productivity access to create new patient profiles, travel requests, patient prepaid card requests, patient reimbursement, and more, including when they are on-the-go using a mobile device.","robots":{"index":"index","follow":"follow","max-snippet":"max-snippet:-1","max-image-preview":"max-image-preview:large","max-video-preview":"max-video-preview:-1"},"canonical":"https:\/\/colpittsclinical.com\/hu\/trial-site-manager\/","og_locale":"hu_HU","og_type":"article","og_title":"Trial Site Manager - Colpitts Clinical","og_description":"Colpitts\u2019 HIPAA compliant portal allows site coordinators 24\/7 enhanced productivity access to create new patient profiles, travel requests, patient prepaid card requests, patient reimbursement, and more, including when they are on-the-go using a mobile device.","og_url":"https:\/\/colpittsclinical.com\/hu\/trial-site-manager\/","og_site_name":"Colpitts Clinical","article_publisher":"https:\/\/www.facebook.com\/ColpittsClinicalTrialTravel\/","article_modified_time":"2024-10-02T21:07:08+00:00","twitter_card":"summary_large_image","twitter_misc":{"Becs\u00fclt olvas\u00e1si id\u0151":"2 perc"},"schema":{"@context":"https:\/\/schema.org","@graph":[{"@type":"WebPage","@id":"https:\/\/colpittsclinical.com\/trial-site-manager\/","url":"https:\/\/colpittsclinical.com\/trial-site-manager\/","name":"Trial Site Manager - Colpitts Clinical","isPartOf":{"@id":"https:\/\/colpittsclinical.com\/#website"},"datePublished":"2017-08-14T01:42:24+00:00","dateModified":"2024-10-02T21:07:08+00:00","description":"Colpitts\u2019 HIPAA compliant portal allows site coordinators 24\/7 enhanced productivity access to create new patient profiles, travel requests, patient prepaid card requests, patient reimbursement, and more, including when they are on-the-go using a mobile device.","breadcrumb":{"@id":"https:\/\/colpittsclinical.com\/trial-site-manager\/#breadcrumb"},"inLanguage":"hu","potentialAction":[{"@type":"ReadAction","target":["https:\/\/colpittsclinical.com\/trial-site-manager\/"]}]},{"@type":"BreadcrumbList","@id":"https:\/\/colpittsclinical.com\/trial-site-manager\/#breadcrumb","itemListElement":[{"@type":"ListItem","position":1,"name":"Home","item":"https:\/\/colpittsclinical.com\/"},{"@type":"ListItem","position":2,"name":"Trial Site Manager"}]},{"@type":"WebSite","@id":"https:\/\/colpittsclinical.com\/#website","url":"https:\/\/colpittsclinical.com\/","name":"Colpitts Klinikai","description":"beteg-\u00f6sszek\u00f6ttet\u00e9s","publisher":{"@id":"https:\/\/colpittsclinical.com\/#organization"},"potentialAction":[{"@type":"SearchAction","target":{"@type":"EntryPoint","urlTemplate":"https:\/\/colpittsclinical.com\/?s={search_term_string}"},"query-input":{"@type":"PropertyValueSpecification","valueRequired":true,"valueName":"search_term_string"}}],"inLanguage":"hu"},{"@type":"Organization","@id":"https:\/\/colpittsclinical.com\/#organization","name":"Colpitts Klinikai","url":"https:\/\/colpittsclinical.com\/","logo":{"@type":"ImageObject","inLanguage":"hu","@id":"https:\/\/colpittsclinical.com\/#\/schema\/logo\/image\/","url":"https:\/\/colpittsclinical.com\/wp-content\/uploads\/2017\/10\/cc-logo-212-1.png","contentUrl":"https:\/\/colpittsclinical.com\/wp-content\/uploads\/2017\/10\/cc-logo-212-1.png","width":212,"height":48,"caption":"Colpitts Clinical"},"image":{"@id":"https:\/\/colpittsclinical.com\/#\/schema\/logo\/image\/"},"sameAs":["https:\/\/www.facebook.com\/ColpittsClinicalTrialTravel\/","https:\/\/www.linkedin.com\/company\/colpittsclinical\/"]}]}},"jetpack_sharing_enabled":true,"post_mailing_queue_ids":[],"_links":{"self":[{"href":"https:\/\/colpittsclinical.com\/hu\/wp-json\/wp\/v2\/pages\/261","targetHints":{"allow":["GET"]}}],"collection":[{"href":"https:\/\/colpittsclinical.com\/hu\/wp-json\/wp\/v2\/pages"}],"about":[{"href":"https:\/\/colpittsclinical.com\/hu\/wp-json\/wp\/v2\/types\/page"}],"author":[{"embeddable":true,"href":"https:\/\/colpittsclinical.com\/hu\/wp-json\/wp\/v2\/users\/1"}],"replies":[{"embeddable":true,"href":"https:\/\/colpittsclinical.com\/hu\/wp-json\/wp\/v2\/comments?post=261"}],"version-history":[{"count":32,"href":"https:\/\/colpittsclinical.com\/hu\/wp-json\/wp\/v2\/pages\/261\/revisions"}],"predecessor-version":[{"id":5802,"href":"https:\/\/colpittsclinical.com\/hu\/wp-json\/wp\/v2\/pages\/261\/revisions\/5802"}],"wp:attachment":[{"href":"https:\/\/colpittsclinical.com\/hu\/wp-json\/wp\/v2\/media?parent=261"}],"curies":[{"name":"wp","href":"https:\/\/api.w.org\/{rel}","templated":true}]}}