{"id":256,"date":"2017-07-24T01:17:46","date_gmt":"2017-07-24T05:17:46","guid":{"rendered":"https:\/\/colpittsclinical.com\/?page_id=256"},"modified":"2026-03-06T14:21:03","modified_gmt":"2026-03-06T19:21:03","slug":"clinical-trial-payments","status":"publish","type":"page","link":"https:\/\/colpittsclinical.com\/hu\/clinical-trial-payments\/","title":{"rendered":"Klinikai vizsg\u00e1latok kifizet\u00e9sei"},"content":{"rendered":"<div  class=\"wpb_row vc_row vc_row-fluid  mk-fullwidth-false  attched-false     js-master-row\">\n\t\t\n\t\t\t\n<div style=\"\" class=\"vc_col-sm-12 wpb_column column_container  _ height-full\">\n\t<div class=\"wpb_layerslider_element wpb_content_element\"><script data-cfasync=\"false\" type=\"text\/javascript\">var lsjQuery = jQuery;<\/script><script data-cfasync=\"false\" type=\"text\/javascript\">\r\nlsjQuery(document).ready(function() {\r\nif(typeof lsjQuery.fn.layerSlider == \"undefined\") {\r\nif( window._layerSlider && window._layerSlider.showNotice) { \r\nwindow._layerSlider.showNotice('layerslider_38','jquery');\r\n}\r\n} else {\r\nlsjQuery(\"#layerslider_38\").layerSlider({sliderVersion: '6.5.7', type: 'fullwidth', navPrevNext: false, hoverPrevNext: false, navStartStop: false, navButtons: false, showCircleTimer: false, popupWidth: 640, popupHeight: 360, skinsPath: 'https:\/\/colpittsclinical.com\/wp-content\/plugins\/LayerSlider\/static\/layerslider\/skins\/'});\r\n}\r\n});\r\n<\/script><div id=\"layerslider_38\" class=\"ls-wp-container fitvidsignore\" style=\"width:1920px;height:600px;margin:0 auto;margin-bottom: 0px;\"><div class=\"ls-slide\" data-ls=\"kenburnsscale:1.2;\"><img loading=\"lazy\" decoding=\"async\" width=\"2172\" height=\"810\" src=\"https:\/\/i0.wp.com\/colpittsclinical.com\/wp-content\/uploads\/2024\/07\/trial-payments-1.jpg?fit=2172%2C810&amp;ssl=1\" class=\"ls-bg\" alt=\"Clinical Trial Payments\" srcset=\"https:\/\/i0.wp.com\/colpittsclinical.com\/wp-content\/uploads\/2024\/07\/trial-payments-1.jpg?w=2172&amp;ssl=1 2172w, https:\/\/i0.wp.com\/colpittsclinical.com\/wp-content\/uploads\/2024\/07\/trial-payments-1.jpg?resize=300%2C112&amp;ssl=1 300w, https:\/\/i0.wp.com\/colpittsclinical.com\/wp-content\/uploads\/2024\/07\/trial-payments-1.jpg?resize=1024%2C382&amp;ssl=1 1024w, https:\/\/i0.wp.com\/colpittsclinical.com\/wp-content\/uploads\/2024\/07\/trial-payments-1.jpg?resize=768%2C286&amp;ssl=1 768w, https:\/\/i0.wp.com\/colpittsclinical.com\/wp-content\/uploads\/2024\/07\/trial-payments-1.jpg?resize=1536%2C573&amp;ssl=1 1536w, https:\/\/i0.wp.com\/colpittsclinical.com\/wp-content\/uploads\/2024\/07\/trial-payments-1.jpg?resize=2048%2C764&amp;ssl=1 2048w, https:\/\/i0.wp.com\/colpittsclinical.com\/wp-content\/uploads\/2024\/07\/trial-payments-1.jpg?resize=640%2C239&amp;ssl=1 640w\" sizes=\"auto, (max-width: 1140px) 100vw, 1140px\" itemprop=\"image\" \/><h1 style=\"white-space: normal;top:222px;left:41px;text-align:center;font-weight:500;font-style:normal;text-decoration:none;wordwrap:true;opacity:1;font-family:Georgia;font-size:65px;width:700px;color:#ffffff;line-height:80px;\" class=\"ls-l\">CLINICAL TRIAL PAYMENTS\n<\/h1><\/div><\/div><\/div><\/div>\n\t<\/div>\n\n\n<div  class=\"wpb_row vc_row vc_row-fluid  mk-fullwidth-false  attched-false     js-master-row\">\n\t\t\n\t\t\t\n<div style=\"\" class=\"vc_col-sm-12 wpb_column column_container  _ height-full\">\n\t<div class=\"vc_empty_space\"   style=\"height: 28px\" ><span class=\"vc_empty_space_inner\"><\/span><\/div>\n<\/div>\n\t<\/div>\n\n\t<\/div><\/div><\/div>\n\t\n<div  class=\"wpb_row vc_row vc_row-fluid  mk-fullwidth-true  attched-false     js-master-row\">\n\t\t\t<div class=\"mk-grid\">\n\t\t\n\t\t\t\n<div style=\"\" class=\"vc_col-sm-12 wpb_column column_container  _ height-full\">\n\t\t<div class=\"vc_custom_1721329530197\">\n\n<div id=\"text-block-1\" class=\"mk-text-block\">\n\n\t\n\t<h1><span style=\"color: #333399; font-family: arial, helvetica, sans-serif;\">EGYSZER\u0170S\u00cdTSE \u00c9S GYORS\u00cdTSA FEL A R\u00c9SZTVEV\u0150K NAPID\u00cdJAINAK VAGY K\u00d6LTS\u00c9GT\u00c9R\u00cdT\u00c9SEINEK KIFIZET\u00c9S\u00c9T A COLPITTS CLINICAL \u00daJRAT\u00d6LTHET\u0150 V\u00cdZUMK\u00c1RTY\u00c1J\u00c1VAL<\/span><\/h1>\n\n\t<div class=\"clearboth\"><\/div>\n<\/div>\n\n\t<\/div>\n\t<div class=\"vc_custom_1678986612273\">\n\n<div id=\"text-block-2\" class=\"mk-text-block\">\n\n\t\n\t<p>A Colpitts Clinical csak az elm\u00falt \u00e9vben t\u00f6bb mint $5 milli\u00f3 forintnyi vizsg\u00e1lati k\u00f6lts\u00e9get kezelt sikeresen. N\u00f6velje a vizsg\u00e1lat hat\u00e9konys\u00e1g\u00e1t \u00fajrat\u00f6lthet\u0151 Visa k\u00e1rty\u00e1kkal, amelyek minimaliz\u00e1lj\u00e1k az adminisztrat\u00edv terheket, \u00e9s nyugalmat biztos\u00edtanak a r\u00e9sztvev\u0151knek, akiknek nem kell heteket vagy h\u00f3napokat v\u00e1rniuk a k\u00f6lts\u00e9gt\u00e9r\u00edt\u00e9sre.<\/p>\n<p>A r\u00e9sztvev\u0151k a Colpitts Clinical \u00e1ltal k\u00fcld\u00f6tt \u00fajrat\u00f6lthet\u0151 Visa-k\u00e1rty\u00e1kon kereszt\u00fcl kapnak napid\u00edjfizet\u00e9st vagy visszat\u00e9r\u00edt\u00e9st. A betegek egy\u00e9rtelm\u0171 utas\u00edt\u00e1sokat kapnak arra vonatkoz\u00f3an, hogy hogyan \u00e9s hol haszn\u00e1lhatj\u00e1k a k\u00e1rty\u00e1ikat, valamint t\u00e1j\u00e9koztat\u00e1st arr\u00f3l, hogy a vizsg\u00e1lat szponzora mely k\u00f6lts\u00e9geket hagyja j\u00f3v\u00e1. Amennyiben a r\u00e9sztvev\u0151 r\u00e9szv\u00e9tele a vizsg\u00e1latban meghosszabbodik, a k\u00e1rty\u00e1j\u00e1ra tov\u00e1bbra is k\u00f6nnyen j\u00f3v\u00e1\u00edrhat\u00f3k az el\u0151re kifizetett napid\u00edjak vagy a vizsg\u00e1lat \u00e1ltal enged\u00e9lyezett k\u00f6lts\u00e9gt\u00e9r\u00edt\u00e9sek. A Colpitts Clinical szem\u00e9lyes \u00e9s bizalmas szolg\u00e1ltat\u00e1st ny\u00fajt a betegeknek az utaz\u00e1si el\u0151k\u00e9sz\u00fcletek \u00e9s a k\u00f6lts\u00e9gt\u00e9r\u00edt\u00e9s megszervez\u00e9se sor\u00e1n. Sz\u00e1mos vezet\u0151 biotechnol\u00f3giai, gy\u00f3gyszeripari v\u00e1llalattal \u00e9s CRO-val dolgozunk egy\u00fctt, \u00e9s meg\u00e9rtj\u00fck az \u00e9rz\u00e9keny inform\u00e1ci\u00f3k v\u00e9delm\u00e9nek fontoss\u00e1g\u00e1t.<\/p>\n\n\t<div class=\"clearboth\"><\/div>\n<\/div>\n\n\t<\/div>\n\n<div class=\"mk-custom-box hover-effect-image\" id=\"box-3\">\n\t<div class=\"box-holder\">\t<div class=\"vc_custom_1730355721850\">\n\n<div id=\"text-block-4\" class=\"mk-text-block\">\n\n\t\n\t<h1 style=\"padding-left: 30px;\"><span style=\"font-size: 24pt; color: #808080;\">A FELT\u00d6LTHET\u0150 V\u00cdZUMK\u00c1RTYA HASZN\u00c1LAT\u00c1NAK EL\u0150NYEI<\/span><\/h1>\n<ul style=\"color: #808080;\">\n<li><span style=\"color: #808080;\">T\u00f6bb mint 200 olyan orsz\u00e1gban haszn\u00e1lhat\u00f3, ahol a Visa-t elfogadj\u00e1k.<\/span><\/li>\n<li><span data-olk-copy-source=\"MessageBody\">Az \u00fajrat\u00f6lthet\u0151 Visa k\u00e1rty\u00e1k 5 \u00e9vig \u00e9rv\u00e9nyesek.<\/span><\/li>\n<li>Nincs havi d\u00edj.<\/li>\n<li><span style=\"color: #808080;\">Ezek a k\u00e1rty\u00e1k chipet tartalmaznak, \u00e9s csak al\u00e1\u00edr\u00e1st ig\u00e9nyelnek, \u00edgy biztons\u00e1gos \u00e9s k\u00e9nyelmes megold\u00e1st jelentenek a betegek sz\u00e1m\u00e1ra.<\/span><\/li>\n<li><span style=\"color: #808080;\">A hagyom\u00e1nyos pap\u00edrcsekkekn\u00e9l k\u00f6lts\u00e9ghat\u00e9konyabb Colpitts Clinical's Reloadable Visa Cards k\u00fcl\u00f6nb\u00f6z\u0151 \u00f6sszegekkel t\u00f6lthet\u0151 fel, \u00e9s lehet\u0151v\u00e9 teszi a betegek sz\u00e1m\u00e1ra, hogy azonnal hozz\u00e1f\u00e9rjenek a p\u00e9nz\u00fckh\u00f6z.<\/span><\/li>\n<li><span style=\"color: #808080;\">A 24\/7 mobil hozz\u00e1f\u00e9r\u00e9s \u00e9s a t\u00f6bb nyelven el\u00e9rhet\u0151 \u00fcgyf\u00e9lszolg\u00e1lat seg\u00edt a p\u00e1cienseknek az egyenlegek ellen\u0151rz\u00e9s\u00e9ben \u00e9s az esetleges k\u00e9rd\u00e9sek megv\u00e1laszol\u00e1s\u00e1ban.<\/span><\/li>\n<li><span style=\"color: #808080;\">A Colpitts Clinical k\u00f6lts\u00e9gkoordin\u00e1torai kezelik az \u00fajrat\u00f6lthet\u0151 Visa k\u00e1rty\u00e1inkat, \u00e9s elveszett vagy ellopott k\u00e1rtya eset\u00e9n a betegek a Colpitts Clinical k\u00f6lts\u00e9gkoordin\u00e1toraihoz fordulnak t\u00e1mogat\u00e1s\u00e9rt. K\u00f6lts\u00e9gkoordin\u00e1toraink gyorsan ki\u00e1ll\u00edtanak egy \u00faj k\u00e1rty\u00e1t, \u00e9s a fennmarad\u00f3 \u00f6sszeget \u00e1tutalj\u00e1k a cserek\u00e1rty\u00e1ra.<\/span><\/li>\n<\/ul>\n\n\t<div class=\"clearboth\"><\/div>\n<\/div>\n\n\t<\/div>\n\t<div class=\"vc_custom_1678986635483\">\n\n<div id=\"text-block-5\" class=\"mk-text-block\">\n\n\t\n\t<p><span style=\"font-family: arial, helvetica, sans-serif;\"><span style=\"font-family: 'arial black', sans-serif;\">MEGJEGYZ\u00c9S:<\/span><b><br>\n<\/b>Az \u00c9szak-Amerik\u00e1n \u00e9s az EU-n k\u00edv\u00fcl \u00e9l\u0151 betegek sz\u00e1m\u00e1ra alternat\u00edv fizet\u00e9si megold\u00e1s \u00e1ll rendelkez\u00e9sre elektronikus banki \u00e1tutal\u00e1s form\u00e1j\u00e1ban azokban az orsz\u00e1gokban, ahol a Visa elfogad\u00e1sa korl\u00e1tozott.<br>\n<\/span><\/p>\n\n\t<div class=\"clearboth\"><\/div>\n<\/div>\n\n\t<\/div>\n\n\t\t<div class=\"clearfix\"><\/div>\n\t<\/div>\n<\/div> <\/div>\n\t\t\n\t\t<\/div>\t\n\t<\/div>\n\n\n\t<div class=\"mk-main-wrapper-holder\">\n\t\t<div class=\"theme-page-wrapper full-layout mk-grid vc_row-fluid no-padding\">\n\t\t\t<div class=\"theme-content no-padding\">\n\n\t\t\t\t<\/div><\/div><\/div>\n\t\n<div  class=\"wpb_row vc_row vc_row-fluid  mk-fullwidth-true  attched-false    vc_custom_1507952751794  js-master-row\">\n\t\t\t<div class=\"mk-grid\">\n\t\t\n\t\t\t\n<div style=\"\" class=\"vc_col-sm-12 wpb_column column_container vc_custom_1507950914948  _ height-full\">\n\t\t<div class=\"vc_custom_1772824841551\">\n\n<div id=\"text-block-6\" class=\"mk-text-block\">\n\n\t\n\t<h1><span style=\"color: #808080; font-family: arial, helvetica, sans-serif;\">\u00d6szt\u00f6nd\u00edjkezel\u00e9si kifizet\u00e9sek<\/span><\/h1>\n<ul>\n<li>\u00d6szt\u00f6nd\u00edj: Ez nem azonos a napid\u00edjjal vagy a beteg \u00e1ltal fizetett k\u00f6lts\u00e9gek megt\u00e9r\u00edt\u00e9s\u00e9vel. Az \u00f6szt\u00f6nd\u00edj az Egyes\u00fclt \u00c1llamokban ad\u00f3k\u00f6telesnek min\u0151s\u00fcl, ha a r\u00e9sztvev\u0151 egy napt\u00e1ri \u00e9vben $600 vagy ann\u00e1l t\u00f6bbet kap.<\/li>\n<li>A Colpitts Clinical \u00e1tfog\u00f3 \u00f6szt\u00f6nd\u00edjkezel\u00e9si szolg\u00e1ltat\u00e1sokat k\u00edn\u00e1l, bele\u00e9rtve:\n<ul>\n<li>Testreszabhat\u00f3 megold\u00e1sok szponzorok sz\u00e1m\u00e1ra amerikai \u00e1llampolg\u00e1rok sz\u00e1m\u00e1ra<\/li>\n<li>W9 nyomtatv\u00e1nyok \u00f6sszegy\u0171jt\u00e9se a betegekt\u0151l<\/li>\n<li>Az \u00f6sszes kifizet\u00e9s nyomon k\u00f6vet\u00e9se a vizsg\u00e1lat sor\u00e1n<\/li>\n<li>Az \u00f6szt\u00f6nd\u00edjak havi sz\u00e1ml\u00e1z\u00e1sa a kifizet\u00e9s r\u00e9szleteivel egy\u00fctt<\/li>\n<li>\u00d6szt\u00f6nd\u00edjak j\u00f3v\u00e1\u00edr\u00e1sa \u00fajrat\u00f6lthet\u0151 Visa k\u00e1rty\u00e1n<\/li>\n<li>U.S. IRS 1099 nyomtatv\u00e1ny ki\u00e1ll\u00edt\u00e1sa minden olyan r\u00e9sztvev\u0151nek, aki t\u00f6bb mint $2,000 \u00f6szt\u00f6nd\u00edj kifizet\u00e9sben r\u00e9szes\u00fclt.<\/li>\n<\/ul>\n<\/li>\n<\/ul>\n\n\t<div class=\"clearboth\"><\/div>\n<\/div>\n\n\t<\/div>\n<div class=\"vc_empty_space\"   style=\"height: 28px\" ><span class=\"vc_empty_space_inner\"><\/span><\/div>\n<\/div>\n\t\t\n\t\t<\/div>\t\n\t<\/div>\n\n\n\t<div class=\"mk-main-wrapper-holder\">\n\t\t<div class=\"theme-page-wrapper full-layout mk-grid vc_row-fluid no-padding\">\n\t\t\t<div class=\"theme-content no-padding\">\n\n\t\t\t\t<\/div><\/div><\/div>\n\t\n<div  class=\"wpb_row vc_row vc_row-fluid  mk-fullwidth-true  attched-false    vc_custom_1639375347930  js-master-row\">\n\t\t\n\t\t\t\n<div style=\"\" class=\"vc_col-sm-12 wpb_column column_container  _ height-full\">\n\t\n<h2 id=\"fancy-title-7\" class=\"mk-fancy-title  simple-style   color-single\">\n\t<span>\n\t\t\t\t\n<h2 style=\"text-align: center;\"><span style=\"color: #333399;\"><strong><span style=\"font-family: arial, helvetica, sans-serif;\">K\u00f6lts\u00e9ghat\u00e9konyabb megold\u00e1st keres klinikai vizsg\u00e1lataihoz?<\/span><\/strong><\/span><\/h2>\n<p style=\"text-align: center;\">\n<div id=\"mk-button-8\" class=\"mk-button-container _ relative    block text-center\">\n\n\t\n\t\t<a id=\"Buton ID\" href=\"https:\/\/colpittsclinical.com\/hu\/contact-us\/\"   target=\"_self\" class=\"mk-button js-smooth-scroll mk-button--dimension-three mk-button--size-medium mk-button--corner-pointed text-color-light _ relative text-center font-weight-700 no-backface  letter-spacing-1 inline\">\n\t\t\t\t\t\t \n\t\t\t<span class=\"mk-button--text\">Kezdje el<\/span>\n\t\t\t\t\t<\/a>\n\n\t\n<\/div>\n\t\t\t<\/span>\n<\/h2>\n<div class=\"clearboth\"><\/div>\n\n\n\n<\/div>\n\t<\/div>\n\n\n\t<div class=\"mk-main-wrapper-holder\">\n\t\t<div class=\"theme-page-wrapper full-layout mk-grid vc_row-fluid no-padding\">\n\t\t\t<div class=\"theme-content no-padding\">","protected":false},"excerpt":{"rendered":"var lsjQuery = jQuery; lsjQuery(document).ready(function() { if(typeof lsjQuery.fn.layerSlider == \"undefined\") { if( window._layerSlider && window._layerSlider.showNotice) { window._layerSlider.showNotice('layerslider_38_2','jquery'); } } else { lsjQuery(\"#layerslider_38_2\").layerSlider({sliderVersion: '6.5.7', type: 'fullwidth', navPrevNext: false, hoverPrevNext: false, navStartStop: false, navButtons: false, showCircleTimer: false, popupWidth: 640, popupHeight: 360, skinsPath: 'https:\/\/colpittsclinical.com\/wp-content\/plugins\/LayerSlider\/static\/layerslider\/skins\/'}); } }); CLINICAL TRIAL PAYMENTS SIMPLIFY AND SPEED UP PARTICIPANT PER DIEMS OR REIMBURSEMENTS [...]","protected":false},"author":1,"featured_media":0,"parent":0,"menu_order":0,"comment_status":"closed","ping_status":"closed","template":"","meta":{"_exactmetrics_skip_tracking":false,"_exactmetrics_sitenote_active":false,"_exactmetrics_sitenote_note":"","_exactmetrics_sitenote_category":0,"footnotes":""},"class_list":["post-256","page","type-page","status-publish","hentry"],"yoast_head":"<!-- This site is optimized with the Yoast SEO plugin v27.5 - https:\/\/yoast.com\/product\/yoast-seo-wordpress\/ -->\n<title>Clinical Trial Payments - Colpitts Clinical<\/title>\n<meta name=\"description\" content=\"Colpitts Clinical has managed over $5 million in trial expenses just in the past year alone. Manage your trial smarter with Reloadable Prepaid Cards that reduce administrative hassle and reassure patients that they won\u2019t be waiting weeks or months for reimbursement.\" \/>\n<meta name=\"robots\" content=\"index, follow, max-snippet:-1, max-image-preview:large, max-video-preview:-1\" \/>\n<link rel=\"canonical\" href=\"https:\/\/colpittsclinical.com\/hu\/clinical-trial-payments\/\" \/>\n<meta property=\"og:locale\" content=\"hu_HU\" \/>\n<meta property=\"og:type\" content=\"article\" \/>\n<meta property=\"og:title\" content=\"Clinical Trial Payments - Colpitts Clinical\" \/>\n<meta property=\"og:description\" content=\"Colpitts Clinical has managed over $5 million in trial expenses just in the past year alone. Manage your trial smarter with Reloadable Prepaid Cards that reduce administrative hassle and reassure patients that they won\u2019t be waiting weeks or months for reimbursement.\" \/>\n<meta property=\"og:url\" content=\"https:\/\/colpittsclinical.com\/hu\/clinical-trial-payments\/\" \/>\n<meta property=\"og:site_name\" content=\"Colpitts Clinical\" \/>\n<meta property=\"article:publisher\" content=\"https:\/\/www.facebook.com\/ColpittsClinicalTrialTravel\/\" \/>\n<meta property=\"article:modified_time\" content=\"2026-03-06T19:21:03+00:00\" \/>\n<meta name=\"twitter:card\" content=\"summary_large_image\" \/>\n<meta name=\"twitter:label1\" content=\"Becs\u00fclt olvas\u00e1si id\u0151\" \/>\n\t<meta name=\"twitter:data1\" content=\"3 perc\" \/>\n<script type=\"application\/ld+json\" class=\"yoast-schema-graph\">{\"@context\":\"https:\\\/\\\/schema.org\",\"@graph\":[{\"@type\":\"WebPage\",\"@id\":\"https:\\\/\\\/colpittsclinical.com\\\/clinical-trial-payments\\\/\",\"url\":\"https:\\\/\\\/colpittsclinical.com\\\/clinical-trial-payments\\\/\",\"name\":\"Clinical Trial Payments - Colpitts Clinical\",\"isPartOf\":{\"@id\":\"https:\\\/\\\/colpittsclinical.com\\\/#website\"},\"datePublished\":\"2017-07-24T05:17:46+00:00\",\"dateModified\":\"2026-03-06T19:21:03+00:00\",\"description\":\"Colpitts Clinical has managed over $5 million in trial expenses just in the past year alone. Manage your trial smarter with Reloadable Prepaid Cards that reduce administrative hassle and reassure patients that they won\u2019t be waiting weeks or months for reimbursement.\",\"breadcrumb\":{\"@id\":\"https:\\\/\\\/colpittsclinical.com\\\/clinical-trial-payments\\\/#breadcrumb\"},\"inLanguage\":\"hu\",\"potentialAction\":[{\"@type\":\"ReadAction\",\"target\":[\"https:\\\/\\\/colpittsclinical.com\\\/clinical-trial-payments\\\/\"]}]},{\"@type\":\"BreadcrumbList\",\"@id\":\"https:\\\/\\\/colpittsclinical.com\\\/clinical-trial-payments\\\/#breadcrumb\",\"itemListElement\":[{\"@type\":\"ListItem\",\"position\":1,\"name\":\"Home\",\"item\":\"https:\\\/\\\/colpittsclinical.com\\\/\"},{\"@type\":\"ListItem\",\"position\":2,\"name\":\"Clinical Trial Payments\"}]},{\"@type\":\"WebSite\",\"@id\":\"https:\\\/\\\/colpittsclinical.com\\\/#website\",\"url\":\"https:\\\/\\\/colpittsclinical.com\\\/\",\"name\":\"Colpitts Clinical\",\"description\":\"patient-liaison\",\"publisher\":{\"@id\":\"https:\\\/\\\/colpittsclinical.com\\\/#organization\"},\"potentialAction\":[{\"@type\":\"SearchAction\",\"target\":{\"@type\":\"EntryPoint\",\"urlTemplate\":\"https:\\\/\\\/colpittsclinical.com\\\/?s={search_term_string}\"},\"query-input\":{\"@type\":\"PropertyValueSpecification\",\"valueRequired\":true,\"valueName\":\"search_term_string\"}}],\"inLanguage\":\"hu\"},{\"@type\":\"Organization\",\"@id\":\"https:\\\/\\\/colpittsclinical.com\\\/#organization\",\"name\":\"Colpitts Clinical\",\"url\":\"https:\\\/\\\/colpittsclinical.com\\\/\",\"logo\":{\"@type\":\"ImageObject\",\"inLanguage\":\"hu\",\"@id\":\"https:\\\/\\\/colpittsclinical.com\\\/#\\\/schema\\\/logo\\\/image\\\/\",\"url\":\"https:\\\/\\\/colpittsclinical.com\\\/wp-content\\\/uploads\\\/2017\\\/10\\\/cc-logo-212-1.png\",\"contentUrl\":\"https:\\\/\\\/colpittsclinical.com\\\/wp-content\\\/uploads\\\/2017\\\/10\\\/cc-logo-212-1.png\",\"width\":212,\"height\":48,\"caption\":\"Colpitts Clinical\"},\"image\":{\"@id\":\"https:\\\/\\\/colpittsclinical.com\\\/#\\\/schema\\\/logo\\\/image\\\/\"},\"sameAs\":[\"https:\\\/\\\/www.facebook.com\\\/ColpittsClinicalTrialTravel\\\/\",\"https:\\\/\\\/www.linkedin.com\\\/company\\\/colpittsclinical\\\/\"]}]}<\/script>\n<!-- \/ Yoast SEO plugin. -->","yoast_head_json":{"title":"Clinical Trial Payments - Colpitts Clinical","description":"Colpitts Clinical has managed over $5 million in trial expenses just in the past year alone. Manage your trial smarter with Reloadable Prepaid Cards that reduce administrative hassle and reassure patients that they won\u2019t be waiting weeks or months for reimbursement.","robots":{"index":"index","follow":"follow","max-snippet":"max-snippet:-1","max-image-preview":"max-image-preview:large","max-video-preview":"max-video-preview:-1"},"canonical":"https:\/\/colpittsclinical.com\/hu\/clinical-trial-payments\/","og_locale":"hu_HU","og_type":"article","og_title":"Clinical Trial Payments - Colpitts Clinical","og_description":"Colpitts Clinical has managed over $5 million in trial expenses just in the past year alone. Manage your trial smarter with Reloadable Prepaid Cards that reduce administrative hassle and reassure patients that they won\u2019t be waiting weeks or months for reimbursement.","og_url":"https:\/\/colpittsclinical.com\/hu\/clinical-trial-payments\/","og_site_name":"Colpitts Clinical","article_publisher":"https:\/\/www.facebook.com\/ColpittsClinicalTrialTravel\/","article_modified_time":"2026-03-06T19:21:03+00:00","twitter_card":"summary_large_image","twitter_misc":{"Becs\u00fclt olvas\u00e1si id\u0151":"3 perc"},"schema":{"@context":"https:\/\/schema.org","@graph":[{"@type":"WebPage","@id":"https:\/\/colpittsclinical.com\/clinical-trial-payments\/","url":"https:\/\/colpittsclinical.com\/clinical-trial-payments\/","name":"Clinical Trial Payments - Colpitts Clinical","isPartOf":{"@id":"https:\/\/colpittsclinical.com\/#website"},"datePublished":"2017-07-24T05:17:46+00:00","dateModified":"2026-03-06T19:21:03+00:00","description":"Colpitts Clinical has managed over $5 million in trial expenses just in the past year alone. Manage your trial smarter with Reloadable Prepaid Cards that reduce administrative hassle and reassure patients that they won\u2019t be waiting weeks or months for reimbursement.","breadcrumb":{"@id":"https:\/\/colpittsclinical.com\/clinical-trial-payments\/#breadcrumb"},"inLanguage":"hu","potentialAction":[{"@type":"ReadAction","target":["https:\/\/colpittsclinical.com\/clinical-trial-payments\/"]}]},{"@type":"BreadcrumbList","@id":"https:\/\/colpittsclinical.com\/clinical-trial-payments\/#breadcrumb","itemListElement":[{"@type":"ListItem","position":1,"name":"Home","item":"https:\/\/colpittsclinical.com\/"},{"@type":"ListItem","position":2,"name":"Clinical Trial Payments"}]},{"@type":"WebSite","@id":"https:\/\/colpittsclinical.com\/#website","url":"https:\/\/colpittsclinical.com\/","name":"Colpitts Klinikai","description":"beteg-\u00f6sszek\u00f6ttet\u00e9s","publisher":{"@id":"https:\/\/colpittsclinical.com\/#organization"},"potentialAction":[{"@type":"SearchAction","target":{"@type":"EntryPoint","urlTemplate":"https:\/\/colpittsclinical.com\/?s={search_term_string}"},"query-input":{"@type":"PropertyValueSpecification","valueRequired":true,"valueName":"search_term_string"}}],"inLanguage":"hu"},{"@type":"Organization","@id":"https:\/\/colpittsclinical.com\/#organization","name":"Colpitts Klinikai","url":"https:\/\/colpittsclinical.com\/","logo":{"@type":"ImageObject","inLanguage":"hu","@id":"https:\/\/colpittsclinical.com\/#\/schema\/logo\/image\/","url":"https:\/\/colpittsclinical.com\/wp-content\/uploads\/2017\/10\/cc-logo-212-1.png","contentUrl":"https:\/\/colpittsclinical.com\/wp-content\/uploads\/2017\/10\/cc-logo-212-1.png","width":212,"height":48,"caption":"Colpitts Clinical"},"image":{"@id":"https:\/\/colpittsclinical.com\/#\/schema\/logo\/image\/"},"sameAs":["https:\/\/www.facebook.com\/ColpittsClinicalTrialTravel\/","https:\/\/www.linkedin.com\/company\/colpittsclinical\/"]}]}},"jetpack_sharing_enabled":true,"post_mailing_queue_ids":[],"_links":{"self":[{"href":"https:\/\/colpittsclinical.com\/hu\/wp-json\/wp\/v2\/pages\/256","targetHints":{"allow":["GET"]}}],"collection":[{"href":"https:\/\/colpittsclinical.com\/hu\/wp-json\/wp\/v2\/pages"}],"about":[{"href":"https:\/\/colpittsclinical.com\/hu\/wp-json\/wp\/v2\/types\/page"}],"author":[{"embeddable":true,"href":"https:\/\/colpittsclinical.com\/hu\/wp-json\/wp\/v2\/users\/1"}],"replies":[{"embeddable":true,"href":"https:\/\/colpittsclinical.com\/hu\/wp-json\/wp\/v2\/comments?post=256"}],"version-history":[{"count":150,"href":"https:\/\/colpittsclinical.com\/hu\/wp-json\/wp\/v2\/pages\/256\/revisions"}],"predecessor-version":[{"id":6583,"href":"https:\/\/colpittsclinical.com\/hu\/wp-json\/wp\/v2\/pages\/256\/revisions\/6583"}],"wp:attachment":[{"href":"https:\/\/colpittsclinical.com\/hu\/wp-json\/wp\/v2\/media?parent=256"}],"curies":[{"name":"wp","href":"https:\/\/api.w.org\/{rel}","templated":true}]}}