{"id":1220,"date":"2017-09-27T02:33:07","date_gmt":"2017-09-27T06:33:07","guid":{"rendered":"https:\/\/colpittsclinical.com\/?page_id=1220"},"modified":"2025-02-23T16:50:45","modified_gmt":"2025-02-23T21:50:45","slug":"world-wide-clinical-trials","status":"publish","type":"page","link":"https:\/\/colpittsclinical.com\/hu\/world-wide-clinical-trials\/","title":{"rendered":"Vil\u00e1gszerte klinikai vizsg\u00e1latok"},"content":{"rendered":"<\/div><\/div><\/div>\n\t\n<div  class=\"wpb_row vc_row vc_row-fluid  mk-fullwidth-true  attched-false    vc_custom_1589343688353  js-master-row\">\n\t\t\n\t\t\t\n<div style=\"\" class=\"vc_col-sm-12 wpb_column column_container vc_custom_1507755231622  _ height-full\">\n\t\n\t<div  class=\"wpb_single_image wpb_content_element vc_align_center  vc_custom_1728868998993\">\n\t\t\n\t\t<figure class=\"wpb_wrapper vc_figure\">\n\t\t\t<div class=\"vc_single_image-wrapper   vc_box_border_grey\"><img loading=\"lazy\" decoding=\"async\" width=\"2133\" height=\"798\" src=\"https:\/\/i0.wp.com\/colpittsclinical.com\/wp-content\/uploads\/2024\/10\/global-reach-map-1000-101424.jpg?fit=2133%2C798&amp;ssl=1\" class=\"vc_single_image-img attachment-full\" alt=\"Worldwide Clinical Trials-Over 1300 clinical trials\" srcset=\"https:\/\/i0.wp.com\/colpittsclinical.com\/wp-content\/uploads\/2024\/10\/global-reach-map-1000-101424.jpg?w=2133&amp;ssl=1 2133w, https:\/\/i0.wp.com\/colpittsclinical.com\/wp-content\/uploads\/2024\/10\/global-reach-map-1000-101424.jpg?resize=300%2C112&amp;ssl=1 300w, https:\/\/i0.wp.com\/colpittsclinical.com\/wp-content\/uploads\/2024\/10\/global-reach-map-1000-101424.jpg?resize=1024%2C383&amp;ssl=1 1024w, https:\/\/i0.wp.com\/colpittsclinical.com\/wp-content\/uploads\/2024\/10\/global-reach-map-1000-101424.jpg?resize=768%2C287&amp;ssl=1 768w, https:\/\/i0.wp.com\/colpittsclinical.com\/wp-content\/uploads\/2024\/10\/global-reach-map-1000-101424.jpg?resize=1536%2C575&amp;ssl=1 1536w, https:\/\/i0.wp.com\/colpittsclinical.com\/wp-content\/uploads\/2024\/10\/global-reach-map-1000-101424.jpg?resize=2048%2C766&amp;ssl=1 2048w, https:\/\/i0.wp.com\/colpittsclinical.com\/wp-content\/uploads\/2024\/10\/global-reach-map-1000-101424.jpg?resize=640%2C239&amp;ssl=1 640w\" sizes=\"auto, (max-width: 1140px) 100vw, 1140px\" itemprop=\"image\" \/><\/div>\n\t\t<\/figure>\n\t<\/div>\n<\/div>\n\t<\/div>\n\n\n\t<div class=\"mk-main-wrapper-holder\">\n\t\t<div class=\"theme-page-wrapper full-layout mk-grid vc_row-fluid no-padding\">\n\t\t\t<div class=\"theme-content no-padding\">\n\n\t\t\t\t<\/div><\/div><\/div>\n\t\n<div  class=\"wpb_row vc_row vc_row-fluid  mk-fullwidth-true  attched-false    vc_custom_1538446768957  js-master-row\">\n\t\t\t<div class=\"mk-grid\">\n\t\t\n\t\t\t\n<div style=\"\" class=\"vc_col-sm-12 wpb_column column_container  _ height-full\">\n\t\t<div class=\"vc_custom_1687368955234\">\n\n<div id=\"text-block-1\" class=\"mk-text-block\">\n\n\t\n\t<h1 style=\"text-align: center;\"><span style=\"font-size: 24pt; font-weight: normal; color: #808080;\">A vil\u00e1g \u00f6sszekapcsol\u00e1sa: Colpitts Clinical t\u00f6bb mint 190 helysz\u00ednt \u00e9r el 50 orsz\u00e1gban<\/span><\/h1>\n<p><span style=\"font-size: 14pt;\">A Colpitts Clinical vil\u00e1gszerte t\u00e1mogat\u00e1st ny\u00fajt a klinikai vizsg\u00e1latokhoz, t\u00f6bb mint 50 orsz\u00e1gban t\u00f6bb mint 190 helysz\u00ednen. Ez a glob\u00e1lis el\u00e9r\u00e9s lehet\u0151v\u00e9 teszi a Colpitts Clinical sz\u00e1m\u00e1ra, hogy kedvezm\u00e9nyes utaz\u00e1si d\u00edjakat biztos\u00edtson, kultur\u00e1lisan \u00e9rz\u00e9keny szolg\u00e1ltat\u00e1sokat ny\u00fajtson, helyi nyelvi t\u00e1mogat\u00e1st ny\u00fajtson, \u00e9s a szolg\u00e1ltat\u00e1sokat a Colpitts Clinical \u00fcgyfelei \u00e1ltal szponzor\u00e1lt klinikai vizsg\u00e1latokban r\u00e9szt vev\u0151 betegek egyedi ig\u00e9nyeihez igaz\u00edtsa. A Colpitts Clinical emellett nyelvi ford\u00edt\u00e1si szolg\u00e1ltat\u00e1sokat is k\u00edn\u00e1l, hogy z\u00f6kken\u0151mentes kommunik\u00e1ci\u00f3t biztos\u00edtson a klinikai vizsg\u00e1latra m\u00e1s orsz\u00e1gba utaz\u00f3 k\u00fclf\u00f6ldi betegek sz\u00e1m\u00e1ra.<\/span><\/p>\n\n\t<div class=\"clearboth\"><\/div>\n<\/div>\n\n\t<\/div>\n<\/div>\n\t\t\n\t\t<\/div>\t\n\t<\/div>\n\n\n\t<div class=\"mk-main-wrapper-holder\">\n\t\t<div class=\"theme-page-wrapper full-layout mk-grid vc_row-fluid no-padding\">\n\t\t\t<div class=\"theme-content no-padding\">\n\n\t\t\t\t<\/div><\/div><\/div>\n\t\n<div  class=\"wpb_row vc_row vc_row-fluid  mk-fullwidth-true  attched-false    vc_custom_1578196654744  js-master-row\">\n\t\t\n\t\t\t\n<div style=\"\" class=\"vc_col-sm-12 wpb_column column_container vc_custom_1578031146054  _ height-full\">\n\t\n\t<div  class=\"wpb_single_image wpb_content_element vc_align_center  vc_custom_1578196579945\">\n\t\t\n\t\t<figure class=\"wpb_wrapper vc_figure\">\n\t\t\t<div class=\"vc_single_image-wrapper   vc_box_border_grey\"><img loading=\"lazy\" decoding=\"async\" width=\"2304\" height=\"454\" src=\"https:\/\/i0.wp.com\/colpittsclinical.com\/wp-content\/uploads\/2020\/01\/translation-image3.jpg?fit=2304%2C454&amp;ssl=1\" class=\"vc_single_image-img attachment-full\" alt=\"language translation service for clinical trials\" srcset=\"https:\/\/i0.wp.com\/colpittsclinical.com\/wp-content\/uploads\/2020\/01\/translation-image3.jpg?w=2304&amp;ssl=1 2304w, https:\/\/i0.wp.com\/colpittsclinical.com\/wp-content\/uploads\/2020\/01\/translation-image3.jpg?resize=300%2C59&amp;ssl=1 300w, https:\/\/i0.wp.com\/colpittsclinical.com\/wp-content\/uploads\/2020\/01\/translation-image3.jpg?resize=1024%2C202&amp;ssl=1 1024w, https:\/\/i0.wp.com\/colpittsclinical.com\/wp-content\/uploads\/2020\/01\/translation-image3.jpg?resize=768%2C151&amp;ssl=1 768w, https:\/\/i0.wp.com\/colpittsclinical.com\/wp-content\/uploads\/2020\/01\/translation-image3.jpg?resize=1536%2C303&amp;ssl=1 1536w, https:\/\/i0.wp.com\/colpittsclinical.com\/wp-content\/uploads\/2020\/01\/translation-image3.jpg?resize=2048%2C404&amp;ssl=1 2048w\" sizes=\"auto, (max-width: 1140px) 100vw, 1140px\" itemprop=\"image\" \/><\/div>\n\t\t<\/figure>\n\t<\/div>\n<\/div>\n\t<\/div>\n\n\n\t<div class=\"mk-main-wrapper-holder\">\n\t\t<div class=\"theme-page-wrapper full-layout mk-grid vc_row-fluid no-padding\">\n\t\t\t<div class=\"theme-content no-padding\">\n\n\t\t\t\t<\/div><\/div><\/div>\n\t\n<div  class=\"wpb_row vc_row vc_row-fluid  mk-fullwidth-true  attched-false    vc_custom_1578031382774  js-master-row\">\n\t\t\t<div class=\"mk-grid\">\n\t\t\n\t\t\t\n<div style=\"\" class=\"vc_col-sm-12 wpb_column column_container  _ height-full\">\n\t\t<div class=\"vc_custom_1686660099644\">\n\n<div id=\"text-block-2\" class=\"mk-text-block\">\n\n\t\n\t<p style=\"text-align: center;\"><span style=\"font-size: 24pt;\">A VIL\u00c1GM\u00c9RET\u0170 K\u00cdS\u00c9RLETEK A NYELVI AKAD\u00c1LYOK KIH\u00cdV\u00c1SAIVAL SZEMBES\u00dcLNEK<\/span><\/p>\n\n\t<div class=\"clearboth\"><\/div>\n<\/div>\n\n\t<\/div>\n\t<div class=\"vc_custom_1740347440763\">\n\n<div id=\"text-block-3\" class=\"mk-text-block\">\n\n\t\n\t<p>Az orvosi megold\u00e1sokat keres\u0151 betegek a vil\u00e1g minden r\u00e9sz\u00e9b\u0151l \u00e9rkezhetnek a klinikai vizsg\u00e1latokban val\u00f3 r\u00e9szv\u00e9telre, \u00e9s sokf\u00e9le nyelvet hoznak magukkal. Ez a soksz\u00edn\u0171s\u00e9g tudom\u00e1nyos szempontb\u00f3l \u00e9rt\u00e9kes, de logisztikai kih\u00edv\u00e1sokat is jelent a vizsg\u00e1latok szponzorai \u00e9s koordin\u00e1torai sz\u00e1m\u00e1ra, k\u00fcl\u00f6n\u00f6sen a betegek \u00e9s a klinikai kutat\u00f3k k\u00f6z\u00f6tti kommunik\u00e1ci\u00f3 tekintet\u00e9ben. A Colpitts Clinical ezt a kih\u00edv\u00e1st \u00fagy oldja meg, hogy magasan k\u00e9pzett tolm\u00e1csok seg\u00edts\u00e9g\u00e9vel ak\u00e1r 240 nyelven ny\u00fajt nyelvi t\u00e1mogat\u00e1st, biztos\u00edtva a z\u00f6kken\u0151mentes kommunik\u00e1ci\u00f3t \u00e9s a pozit\u00edv \u00e9lm\u00e9nyt mind a vizsg\u00e1latban r\u00e9sztvev\u0151k, mind a koordin\u00e1torok sz\u00e1m\u00e1ra.<\/p>\n<p><strong>Helysz\u00edni tolm\u00e1csszolg\u00e1ltat\u00e1sok klinikai vizsg\u00e1latokhoz<br \/>\n<\/strong>A Colpitts Clinical helysz\u00edni tolm\u00e1csokat biztos\u00edt, akik ak\u00e1r 170 nyelven is foly\u00e9konyan besz\u00e9lnek, \u00edgy biztos\u00edtva a hat\u00e9kony kommunik\u00e1ci\u00f3t a vizsg\u00e1latban r\u00e9sztvev\u0151k \u00e9s a kutat\u00f3k k\u00f6z\u00f6tt. Legyen sz\u00f3 a vizsg\u00e1lat helysz\u00edn\u00e9r\u0151l, k\u00f3rh\u00e1zr\u00f3l, a beteg otthon\u00e1r\u00f3l vagy rep\u00fcl\u0151t\u00e9rr\u0151l, a Colpitts tolm\u00e1csai mindenben seg\u00edts\u00e9g\u00e9re vannak, a sz\u00e1llodai bejelentkez\u00e9st\u0151l kezdve az \u00faj k\u00f6rnyezet megismer\u00e9s\u00e9ig. A hat\u00e9kony \u00e9s eredm\u00e9nyes kommunik\u00e1ci\u00f3 k\u00e9pess\u00e9ge kritikus fontoss\u00e1g\u00fa egy klinikai vizsg\u00e1lat sikere szempontj\u00e1b\u00f3l, \u00e9s a Colpitts helysz\u00edni tolm\u00e1csai d\u00f6nt\u0151 szerepet j\u00e1tszanak a betegek \u00e9s a kutat\u00f3k k\u00f6z\u00f6tti z\u00f6kken\u0151mentes \u00e9s pontos kommunik\u00e1ci\u00f3 biztos\u00edt\u00e1s\u00e1ban, ami viszont hat\u00e1ssal lehet a vizsg\u00e1lat teljes menetrendj\u00e9re \u00e9s k\u00f6lts\u00e9geire.<\/p>\n\n\t<div class=\"clearboth\"><\/div>\n<\/div>\n\n\t<\/div>\n<\/div>\n\t\t\n\t\t<\/div>\t\n\t<\/div>\n\n\n\t<div class=\"mk-main-wrapper-holder\">\n\t\t<div class=\"theme-page-wrapper full-layout mk-grid vc_row-fluid no-padding\">\n\t\t\t<div class=\"theme-content no-padding\">\n\n\t\t\t\t<\/div><\/div><\/div>\n\t\n<div  class=\"wpb_row vc_row vc_row-fluid  mk-fullwidth-true  attched-false    vc_custom_1639376856432  js-master-row\">\n\t\t\n\t\t\t\n<div style=\"\" class=\"vc_col-sm-12 wpb_column column_container  _ height-full\">\n\t\n<h2 id=\"fancy-title-4\" class=\"mk-fancy-title  simple-style   color-single\">\n\t<span>\n\t\t\t\t\n<h2 style=\"text-align: center;\"><span style=\"font-family: arial, helvetica, sans-serif; color: #333999;\"><strong>Ritka betegs\u00e9g, kis popul\u00e1ci\u00f3j\u00fa tanulm\u00e1ny?<\/strong><\/span><\/h2>\n<p style=\"text-align: center;\">\n<div id=\"mk-button-5\" class=\"mk-button-container _ relative    block text-center\">\n\n\t\n\t\t<a id=\"Buton ID\" href=\"https:\/\/colpittsclinical.com\/hu\/contact-us\/\"   target=\"_self\" class=\"mk-button js-smooth-scroll mk-button--dimension-three mk-button--size-medium mk-button--corner-pointed text-color-light _ relative text-center font-weight-700 no-backface  letter-spacing-1 inline\">\n\t\t\t\t\t\t \n\t\t\t<span class=\"mk-button--text\">H\u00edvja szak\u00e9rt\u0151nket<\/span>\n\t\t\t\t\t<\/a>\n\n\t\n<\/div>\n\t\t\t<\/span>\n<\/h2>\n<div class=\"clearboth\"><\/div>\n\n\n\n<\/div>\n\t<\/div>\n\n\n\t<div class=\"mk-main-wrapper-holder\">\n\t\t<div class=\"theme-page-wrapper full-layout mk-grid vc_row-fluid no-padding\">\n\t\t\t<div class=\"theme-content no-padding\">","protected":false},"excerpt":{"rendered":"Connecting the World: Colpitts Clinical Reaches Over 190 Locations in 50 Countries Colpitts Clinical offers worldwide support for clinical trials, with access to over 190 locations in over 50 countries. This global reach enables Colpitts Clinical to secure reduced travel rates, provide culturally-sensitive services, offer local language support and tailor services to meet the unique [...]","protected":false},"author":1,"featured_media":0,"parent":0,"menu_order":0,"comment_status":"closed","ping_status":"closed","template":"","meta":{"_exactmetrics_skip_tracking":false,"_exactmetrics_sitenote_active":false,"_exactmetrics_sitenote_note":"","_exactmetrics_sitenote_category":0,"footnotes":""},"class_list":["post-1220","page","type-page","status-publish","hentry"],"yoast_head":"<!-- This site is optimized with the Yoast SEO plugin v27.5 - https:\/\/yoast.com\/product\/yoast-seo-wordpress\/ -->\n<title>Worldwide Clinical Trials - Colpitts Clinical<\/title>\n<meta name=\"description\" content=\"Colpitts has access to more partners in more countries, which allows Colpitts to book reduced fares and leverage discounts worldwide.\" \/>\n<meta name=\"robots\" content=\"index, follow, max-snippet:-1, max-image-preview:large, max-video-preview:-1, noarchive\" \/>\n<link rel=\"canonical\" href=\"https:\/\/colpittsclinical.com\/hu\/world-wide-clinical-trials\/\" \/>\n<meta property=\"og:locale\" content=\"hu_HU\" \/>\n<meta property=\"og:type\" content=\"article\" \/>\n<meta property=\"og:title\" content=\"Worldwide Clinical Trials - Colpitts Clinical\" \/>\n<meta property=\"og:description\" content=\"Colpitts has access to more partners in more countries, which allows Colpitts to book reduced fares and leverage discounts worldwide.\" \/>\n<meta property=\"og:url\" content=\"https:\/\/colpittsclinical.com\/hu\/world-wide-clinical-trials\/\" \/>\n<meta property=\"og:site_name\" content=\"Colpitts Clinical\" \/>\n<meta property=\"article:publisher\" content=\"https:\/\/www.facebook.com\/ColpittsClinicalTrialTravel\/\" \/>\n<meta property=\"article:modified_time\" content=\"2025-02-23T21:50:45+00:00\" \/>\n<meta name=\"twitter:card\" content=\"summary_large_image\" \/>\n<meta name=\"twitter:label1\" content=\"Becs\u00fclt olvas\u00e1si id\u0151\" \/>\n\t<meta name=\"twitter:data1\" content=\"2 perc\" \/>\n<script type=\"application\/ld+json\" class=\"yoast-schema-graph\">{\"@context\":\"https:\\\/\\\/schema.org\",\"@graph\":[{\"@type\":\"WebPage\",\"@id\":\"https:\\\/\\\/colpittsclinical.com\\\/world-wide-clinical-trials\\\/\",\"url\":\"https:\\\/\\\/colpittsclinical.com\\\/world-wide-clinical-trials\\\/\",\"name\":\"Worldwide Clinical Trials - Colpitts Clinical\",\"isPartOf\":{\"@id\":\"https:\\\/\\\/colpittsclinical.com\\\/#website\"},\"datePublished\":\"2017-09-27T06:33:07+00:00\",\"dateModified\":\"2025-02-23T21:50:45+00:00\",\"description\":\"Colpitts has access to more partners in more countries, which allows Colpitts to book reduced fares and leverage discounts worldwide.\",\"breadcrumb\":{\"@id\":\"https:\\\/\\\/colpittsclinical.com\\\/world-wide-clinical-trials\\\/#breadcrumb\"},\"inLanguage\":\"hu\",\"potentialAction\":[{\"@type\":\"ReadAction\",\"target\":[\"https:\\\/\\\/colpittsclinical.com\\\/world-wide-clinical-trials\\\/\"]}]},{\"@type\":\"BreadcrumbList\",\"@id\":\"https:\\\/\\\/colpittsclinical.com\\\/world-wide-clinical-trials\\\/#breadcrumb\",\"itemListElement\":[{\"@type\":\"ListItem\",\"position\":1,\"name\":\"Home\",\"item\":\"https:\\\/\\\/colpittsclinical.com\\\/\"},{\"@type\":\"ListItem\",\"position\":2,\"name\":\"Worldwide Clinical Trials\"}]},{\"@type\":\"WebSite\",\"@id\":\"https:\\\/\\\/colpittsclinical.com\\\/#website\",\"url\":\"https:\\\/\\\/colpittsclinical.com\\\/\",\"name\":\"Colpitts Clinical\",\"description\":\"patient-liaison\",\"publisher\":{\"@id\":\"https:\\\/\\\/colpittsclinical.com\\\/#organization\"},\"potentialAction\":[{\"@type\":\"SearchAction\",\"target\":{\"@type\":\"EntryPoint\",\"urlTemplate\":\"https:\\\/\\\/colpittsclinical.com\\\/?s={search_term_string}\"},\"query-input\":{\"@type\":\"PropertyValueSpecification\",\"valueRequired\":true,\"valueName\":\"search_term_string\"}}],\"inLanguage\":\"hu\"},{\"@type\":\"Organization\",\"@id\":\"https:\\\/\\\/colpittsclinical.com\\\/#organization\",\"name\":\"Colpitts Clinical\",\"url\":\"https:\\\/\\\/colpittsclinical.com\\\/\",\"logo\":{\"@type\":\"ImageObject\",\"inLanguage\":\"hu\",\"@id\":\"https:\\\/\\\/colpittsclinical.com\\\/#\\\/schema\\\/logo\\\/image\\\/\",\"url\":\"https:\\\/\\\/colpittsclinical.com\\\/wp-content\\\/uploads\\\/2017\\\/10\\\/cc-logo-212-1.png\",\"contentUrl\":\"https:\\\/\\\/colpittsclinical.com\\\/wp-content\\\/uploads\\\/2017\\\/10\\\/cc-logo-212-1.png\",\"width\":212,\"height\":48,\"caption\":\"Colpitts Clinical\"},\"image\":{\"@id\":\"https:\\\/\\\/colpittsclinical.com\\\/#\\\/schema\\\/logo\\\/image\\\/\"},\"sameAs\":[\"https:\\\/\\\/www.facebook.com\\\/ColpittsClinicalTrialTravel\\\/\",\"https:\\\/\\\/www.linkedin.com\\\/company\\\/colpittsclinical\\\/\"]}]}<\/script>\n<!-- \/ Yoast SEO plugin. -->","yoast_head_json":{"title":"Worldwide Clinical Trials - Colpitts Clinical","description":"Colpitts has access to more partners in more countries, which allows Colpitts to book reduced fares and leverage discounts worldwide.","robots":{"index":"index","follow":"follow","max-snippet":"max-snippet:-1","max-image-preview":"max-image-preview:large","max-video-preview":"max-video-preview:-1","archive":"noarchive"},"canonical":"https:\/\/colpittsclinical.com\/hu\/world-wide-clinical-trials\/","og_locale":"hu_HU","og_type":"article","og_title":"Worldwide Clinical Trials - Colpitts Clinical","og_description":"Colpitts has access to more partners in more countries, which allows Colpitts to book reduced fares and leverage discounts worldwide.","og_url":"https:\/\/colpittsclinical.com\/hu\/world-wide-clinical-trials\/","og_site_name":"Colpitts Clinical","article_publisher":"https:\/\/www.facebook.com\/ColpittsClinicalTrialTravel\/","article_modified_time":"2025-02-23T21:50:45+00:00","twitter_card":"summary_large_image","twitter_misc":{"Becs\u00fclt olvas\u00e1si id\u0151":"2 perc"},"schema":{"@context":"https:\/\/schema.org","@graph":[{"@type":"WebPage","@id":"https:\/\/colpittsclinical.com\/world-wide-clinical-trials\/","url":"https:\/\/colpittsclinical.com\/world-wide-clinical-trials\/","name":"Worldwide Clinical Trials - Colpitts Clinical","isPartOf":{"@id":"https:\/\/colpittsclinical.com\/#website"},"datePublished":"2017-09-27T06:33:07+00:00","dateModified":"2025-02-23T21:50:45+00:00","description":"Colpitts has access to more partners in more countries, which allows Colpitts to book reduced fares and leverage discounts worldwide.","breadcrumb":{"@id":"https:\/\/colpittsclinical.com\/world-wide-clinical-trials\/#breadcrumb"},"inLanguage":"hu","potentialAction":[{"@type":"ReadAction","target":["https:\/\/colpittsclinical.com\/world-wide-clinical-trials\/"]}]},{"@type":"BreadcrumbList","@id":"https:\/\/colpittsclinical.com\/world-wide-clinical-trials\/#breadcrumb","itemListElement":[{"@type":"ListItem","position":1,"name":"Home","item":"https:\/\/colpittsclinical.com\/"},{"@type":"ListItem","position":2,"name":"Worldwide Clinical Trials"}]},{"@type":"WebSite","@id":"https:\/\/colpittsclinical.com\/#website","url":"https:\/\/colpittsclinical.com\/","name":"Colpitts Klinikai","description":"beteg-\u00f6sszek\u00f6ttet\u00e9s","publisher":{"@id":"https:\/\/colpittsclinical.com\/#organization"},"potentialAction":[{"@type":"SearchAction","target":{"@type":"EntryPoint","urlTemplate":"https:\/\/colpittsclinical.com\/?s={search_term_string}"},"query-input":{"@type":"PropertyValueSpecification","valueRequired":true,"valueName":"search_term_string"}}],"inLanguage":"hu"},{"@type":"Organization","@id":"https:\/\/colpittsclinical.com\/#organization","name":"Colpitts Klinikai","url":"https:\/\/colpittsclinical.com\/","logo":{"@type":"ImageObject","inLanguage":"hu","@id":"https:\/\/colpittsclinical.com\/#\/schema\/logo\/image\/","url":"https:\/\/colpittsclinical.com\/wp-content\/uploads\/2017\/10\/cc-logo-212-1.png","contentUrl":"https:\/\/colpittsclinical.com\/wp-content\/uploads\/2017\/10\/cc-logo-212-1.png","width":212,"height":48,"caption":"Colpitts Clinical"},"image":{"@id":"https:\/\/colpittsclinical.com\/#\/schema\/logo\/image\/"},"sameAs":["https:\/\/www.facebook.com\/ColpittsClinicalTrialTravel\/","https:\/\/www.linkedin.com\/company\/colpittsclinical\/"]}]}},"jetpack_sharing_enabled":true,"post_mailing_queue_ids":[],"_links":{"self":[{"href":"https:\/\/colpittsclinical.com\/hu\/wp-json\/wp\/v2\/pages\/1220","targetHints":{"allow":["GET"]}}],"collection":[{"href":"https:\/\/colpittsclinical.com\/hu\/wp-json\/wp\/v2\/pages"}],"about":[{"href":"https:\/\/colpittsclinical.com\/hu\/wp-json\/wp\/v2\/types\/page"}],"author":[{"embeddable":true,"href":"https:\/\/colpittsclinical.com\/hu\/wp-json\/wp\/v2\/users\/1"}],"replies":[{"embeddable":true,"href":"https:\/\/colpittsclinical.com\/hu\/wp-json\/wp\/v2\/comments?post=1220"}],"version-history":[{"count":126,"href":"https:\/\/colpittsclinical.com\/hu\/wp-json\/wp\/v2\/pages\/1220\/revisions"}],"predecessor-version":[{"id":6048,"href":"https:\/\/colpittsclinical.com\/hu\/wp-json\/wp\/v2\/pages\/1220\/revisions\/6048"}],"wp:attachment":[{"href":"https:\/\/colpittsclinical.com\/hu\/wp-json\/wp\/v2\/media?parent=1220"}],"curies":[{"name":"wp","href":"https:\/\/api.w.org\/{rel}","templated":true}]}}