{"id":678,"date":"2017-09-27T23:55:33","date_gmt":"2017-09-28T03:55:33","guid":{"rendered":"https:\/\/colpittsclinical.com\/?page_id=678"},"modified":"2024-10-23T13:05:43","modified_gmt":"2024-10-23T17:05:43","slug":"our-story","status":"publish","type":"page","link":"https:\/\/colpittsclinical.com\/fr\/our-story\/","title":{"rendered":"Notre histoire"},"content":{"rendered":"<\/div><\/div><\/div>\n\t\n<div  class=\"wpb_row vc_row vc_row-fluid  mk-fullwidth-true  attched-false    vc_custom_1715137384203  js-master-row\">\n\t\t\n\t\t\t\n<div style=\"\" class=\"vc_col-sm-12 wpb_column column_container  _ height-full\">\n\t<script data-cfasync=\"false\" type=\"text\/javascript\">var lsjQuery = jQuery;<\/script><script data-cfasync=\"false\" type=\"text\/javascript\">\r\nlsjQuery(document).ready(function() {\r\nif(typeof lsjQuery.fn.layerSlider == \"undefined\") {\r\nif( window._layerSlider && window._layerSlider.showNotice) { \r\nwindow._layerSlider.showNotice('layerslider_26','jquery');\r\n}\r\n} else {\r\nlsjQuery(\"#layerslider_26\").layerSlider({sliderVersion: '6.5.7', type: 'fullwidth', navPrevNext: false, hoverPrevNext: false, navStartStop: false, navButtons: false, showCircleTimer: false, popupWidth: 640, popupHeight: 360, skinsPath: 'https:\/\/colpittsclinical.com\/wp-content\/plugins\/LayerSlider\/static\/layerslider\/skins\/'});\r\n}\r\n});\r\n<\/script><div id=\"layerslider_26\" class=\"ls-wp-container fitvidsignore\" style=\"width:1920px;height:600px;margin:0 auto;margin-bottom: 0px;\"><div class=\"ls-slide\" data-ls=\"duration:4000;transition2d:5;kenburnsscale:1.2;\"><img loading=\"lazy\" decoding=\"async\" width=\"2100\" height=\"600\" src=\"https:\/\/i0.wp.com\/colpittsclinical.com\/wp-content\/uploads\/2023\/03\/logo-story.jpg?fit=2100%2C600&amp;ssl=1\" class=\"ls-bg\" alt=\"Colpitts Clinical-Our Story\" srcset=\"https:\/\/i0.wp.com\/colpittsclinical.com\/wp-content\/uploads\/2023\/03\/logo-story.jpg?w=2100&amp;ssl=1 2100w, https:\/\/i0.wp.com\/colpittsclinical.com\/wp-content\/uploads\/2023\/03\/logo-story.jpg?resize=300%2C86&amp;ssl=1 300w, https:\/\/i0.wp.com\/colpittsclinical.com\/wp-content\/uploads\/2023\/03\/logo-story.jpg?resize=1024%2C293&amp;ssl=1 1024w, https:\/\/i0.wp.com\/colpittsclinical.com\/wp-content\/uploads\/2023\/03\/logo-story.jpg?resize=768%2C219&amp;ssl=1 768w, https:\/\/i0.wp.com\/colpittsclinical.com\/wp-content\/uploads\/2023\/03\/logo-story.jpg?resize=1536%2C439&amp;ssl=1 1536w, https:\/\/i0.wp.com\/colpittsclinical.com\/wp-content\/uploads\/2023\/03\/logo-story.jpg?resize=2048%2C585&amp;ssl=1 2048w, https:\/\/i0.wp.com\/colpittsclinical.com\/wp-content\/uploads\/2023\/03\/logo-story.jpg?resize=640%2C183&amp;ssl=1 640w\" sizes=\"auto, (max-width: 1140px) 100vw, 1140px\" itemprop=\"image\" \/><\/div><\/div><\/div>\n\t<\/div>\n\n\n\t<div class=\"mk-main-wrapper-holder\">\n\t\t<div class=\"theme-page-wrapper full-layout mk-grid vc_row-fluid no-padding\">\n\t\t\t<div class=\"theme-content no-padding\">\n\n\t\t\t\t<\/div><\/div><\/div>\n\t\n<div  class=\"wpb_row vc_row vc_row-fluid  mk-fullwidth-true  attched-false     js-master-row\">\n\t\t\t<div class=\"mk-grid\">\n\t\t\n\t\t\t\n<div style=\"\" class=\"vc_col-sm-12 wpb_column column_container  _ height-full\">\n\t\n\n<div class=\"wpb_row vc_inner vc_row vc_row-fluid    attched-false\">\n\t\t\n\t\t<div class=\"wpb_column vc_column_container vc_col-sm-12\"><div class=\"vc_column-inner\"><div class=\"wpb_wrapper\"><\/div><\/div><\/div>\t\t\n<\/div><div class=\"vc_empty_space\"   style=\"height: 62px\" ><span class=\"vc_empty_space_inner\"><\/span><\/div>\n\t<div class=\"vc_custom_1721536148351\">\n\n<div id=\"text-block-1\" class=\"mk-text-block\">\n\n\t\n\t<h1><span style=\"color: #333399;\">Accepter le changement pour r\u00e9aliser de grandes choses<\/span><\/h1>\n<p>Depuis plus de 130 ans, Colpitts Clinical n'a cess\u00e9 d'\u00e9voluer, pouss\u00e9 par un engagement ferme \u00e0 am\u00e9liorer nos services pour r\u00e9pondre aux besoins dynamiques de nos clients. A l'origine division de Colpitts World Travel, nous nous sommes transform\u00e9s en Direct Travel, sp\u00e9cialis\u00e9 dans la fourniture de services de voyage exceptionnels pour les essais cliniques.<\/p>\n<p>Notre parcours est parall\u00e8le au processus complexe d'un essai clinique, qui repose sur quatre piliers fondamentaux. Ceux-ci comprennent la mise en \u0153uvre et la gestion compl\u00e8tes de l'essai, la coordination m\u00e9ticuleuse de la logistique des d\u00e9placements, couvrant les voyages a\u00e9riens et ferroviaires, les transports terrestres et l'h\u00e9bergement, ainsi que la gestion efficace des indemnit\u00e9s journali\u00e8res et des remboursements des d\u00e9penses des patients. Chaque aspect de notre prestation de services est adapt\u00e9 avec pr\u00e9cision pour r\u00e9pondre aux exigences uniques de chaque client et de chaque essai.<\/p>\n<p><strong>Approche centr\u00e9e sur le client<br \/>\n<\/strong>Notre approche centr\u00e9e sur le client refl\u00e8te l'\u00e9volution de nos relations, en commen\u00e7ant par une compr\u00e9hension approfondie des besoins de nos clients. Nous passons rapidement \u00e0 l'action en fournissant les services essentiels \u00e0 un partenariat r\u00e9ussi. Au plus fort de l'essai, nous excellons en assurant une gestion transparente des voyages et des d\u00e9penses pendant que nos clients se concentrent sur la recherche m\u00e9dicale. Lorsque l'essai arrive \u00e0 son terme, notre attention m\u00e9ticuleuse aux d\u00e9tails s'\u00e9tend aux \u00e9tapes finales, comprenant les visites aux patients, les remboursements de frais et les rapports complets.<\/p>\n<p><strong>D\u00e9dicace<br \/>\n<\/strong>Ce cycle de d\u00e9vouement a \u00e9t\u00e9 r\u00e9p\u00e9t\u00e9 plus de 1 300 fois dans l'ensemble des proc\u00e8s que nous g\u00e9rons, soulignant notre engagement in\u00e9branlable en faveur de l'excellence et notre qu\u00eate incessante de la satisfaction du client.<\/p>\n\n\t<div class=\"clearboth\"><\/div>\n<\/div>\n\n\t<\/div>\n<\/div>\n\t\t\n\t\t<\/div>\t\n\t<\/div>\n\n\n\t<div class=\"mk-main-wrapper-holder\">\n\t\t<div class=\"theme-page-wrapper full-layout mk-grid vc_row-fluid no-padding\">\n\t\t\t<div class=\"theme-content no-padding\">\n\n\t\t\t\n<div  class=\"wpb_row vc_row vc_row-fluid  mk-fullwidth-false  attched-false     js-master-row\">\n\t\t\n\t\t\t\n<div style=\"\" class=\"vc_col-sm-12 wpb_column column_container  _ height-full\">\n\t<script data-cfasync=\"false\" type=\"text\/javascript\">var lsjQuery = jQuery;<\/script><script data-cfasync=\"false\" type=\"text\/javascript\">\r\nlsjQuery(document).ready(function() {\r\nif(typeof lsjQuery.fn.layerSlider == \"undefined\") {\r\nif( window._layerSlider && window._layerSlider.showNotice) { \r\nwindow._layerSlider.showNotice('layerslider_42','jquery');\r\n}\r\n} else {\r\nlsjQuery(\"#layerslider_42\").layerSlider({sliderVersion: '6.5.7', allowFullscreen: false, navPrevNext: false, hoverPrevNext: false, navStartStop: false, navButtons: false, showCircleTimer: false, popupWidth: 640, popupHeight: 360, skinsPath: 'https:\/\/colpittsclinical.com\/wp-content\/plugins\/LayerSlider\/static\/layerslider\/skins\/'});\r\n}\r\n});\r\n<\/script><div id=\"layerslider_42\" class=\"ls-wp-container fitvidsignore\" style=\"width:1920px;height:800px;margin:0 auto;margin-bottom: 0px;\"><div class=\"ls-slide\" data-ls=\"kenburnsscale:1.2;\"><img loading=\"lazy\" decoding=\"async\" width=\"2560\" height=\"1034\" src=\"https:\/\/i0.wp.com\/colpittsclinical.com\/wp-content\/uploads\/2024\/10\/mission-image-2-scaled.jpg?fit=2560%2C1034&amp;ssl=1\" class=\"ls-bg\" alt=\"Colpitts Clinical Mission Statement\" srcset=\"https:\/\/i0.wp.com\/colpittsclinical.com\/wp-content\/uploads\/2024\/10\/mission-image-2-scaled.jpg?w=2560&amp;ssl=1 2560w, https:\/\/i0.wp.com\/colpittsclinical.com\/wp-content\/uploads\/2024\/10\/mission-image-2-scaled.jpg?resize=300%2C121&amp;ssl=1 300w, https:\/\/i0.wp.com\/colpittsclinical.com\/wp-content\/uploads\/2024\/10\/mission-image-2-scaled.jpg?resize=1024%2C414&amp;ssl=1 1024w, https:\/\/i0.wp.com\/colpittsclinical.com\/wp-content\/uploads\/2024\/10\/mission-image-2-scaled.jpg?resize=768%2C310&amp;ssl=1 768w, https:\/\/i0.wp.com\/colpittsclinical.com\/wp-content\/uploads\/2024\/10\/mission-image-2-scaled.jpg?resize=1536%2C620&amp;ssl=1 1536w, https:\/\/i0.wp.com\/colpittsclinical.com\/wp-content\/uploads\/2024\/10\/mission-image-2-scaled.jpg?resize=2048%2C827&amp;ssl=1 2048w, https:\/\/i0.wp.com\/colpittsclinical.com\/wp-content\/uploads\/2024\/10\/mission-image-2-scaled.jpg?resize=640%2C259&amp;ssl=1 640w, https:\/\/i0.wp.com\/colpittsclinical.com\/wp-content\/uploads\/2024\/10\/mission-image-2-scaled.jpg?w=2280&amp;ssl=1 2280w\" sizes=\"auto, (max-width: 1140px) 100vw, 1140px\" itemprop=\"image\" \/><p style=\"white-space: normal;top:342px;left:147px;text-align:center;font-weight:400;font-style:normal;text-decoration:none;wordwrap:true;opacity:1;color:#ffffff;font-size:48px;font-family:Georgia;line-height:72px;width:800px;height:200px;\" class=\"ls-l\">Soutenir les essais cliniques gr\u00e2ce \u00e0 des solutions de voyage et de d\u00e9penses innovantes et centr\u00e9es sur le patient.<\/p><h1 style=\"top:213px;left:353px;text-align:center;font-weight:400;font-style:normal;text-decoration:none;wordwrap:false;opacity:1;color:#ffffff;font-size:73px;font-family:Impact;padding-right:0px;\" class=\"ls-l\">OUR MISSION<\/h1><\/div><\/div><div class=\"vc_empty_space\"   style=\"height: 62px\" ><span class=\"vc_empty_space_inner\"><\/span><\/div>\n<\/div>\n\t<\/div>","protected":false},"excerpt":{"rendered":"var lsjQuery = jQuery; lsjQuery(document).ready(function() { if(typeof lsjQuery.fn.layerSlider == \"undefined\") { if( window._layerSlider && window._layerSlider.showNotice) { window._layerSlider.showNotice('layerslider_26_2','jquery'); } } else { lsjQuery(\"#layerslider_26_2\").layerSlider({sliderVersion: '6.5.7', type: 'fullwidth', navPrevNext: false, hoverPrevNext: false, navStartStop: false, navButtons: false, showCircleTimer: false, popupWidth: 640, popupHeight: 360, skinsPath: 'https:\/\/colpittsclinical.com\/wp-content\/plugins\/LayerSlider\/static\/layerslider\/skins\/'}); } }); Embracing Change to Accomplish Great Things For over 130 years, Colpitts Clinical [...]","protected":false},"author":1,"featured_media":0,"parent":0,"menu_order":0,"comment_status":"closed","ping_status":"closed","template":"","meta":{"_exactmetrics_skip_tracking":false,"_exactmetrics_sitenote_active":false,"_exactmetrics_sitenote_note":"","_exactmetrics_sitenote_category":0,"footnotes":""},"class_list":["post-678","page","type-page","status-publish","hentry"],"yoast_head":"<!-- This site is optimized with the Yoast SEO plugin v27.5 - https:\/\/yoast.com\/product\/yoast-seo-wordpress\/ -->\n<title>Our Story - Colpitts Clinical<\/title>\n<meta name=\"description\" content=\"Colpitts Clinical has deep roots in the travel industry, and we are pioneers in dedicated clinical trial travel.\" \/>\n<meta name=\"robots\" content=\"index, follow, max-snippet:-1, max-image-preview:large, max-video-preview:-1\" \/>\n<link rel=\"canonical\" href=\"https:\/\/colpittsclinical.com\/fr\/our-story\/\" \/>\n<meta property=\"og:locale\" content=\"fr_FR\" \/>\n<meta property=\"og:type\" content=\"article\" \/>\n<meta property=\"og:title\" content=\"Our Story - Colpitts Clinical\" \/>\n<meta property=\"og:description\" content=\"Colpitts Clinical has deep roots in the travel industry, and we are pioneers in dedicated clinical trial travel.\" \/>\n<meta property=\"og:url\" content=\"https:\/\/colpittsclinical.com\/fr\/our-story\/\" \/>\n<meta property=\"og:site_name\" content=\"Colpitts Clinical\" \/>\n<meta property=\"article:publisher\" content=\"https:\/\/www.facebook.com\/ColpittsClinicalTrialTravel\/\" \/>\n<meta property=\"article:modified_time\" content=\"2024-10-23T17:05:43+00:00\" \/>\n<meta name=\"twitter:card\" content=\"summary_large_image\" \/>\n<meta name=\"twitter:label1\" content=\"Dur\u00e9e de lecture estim\u00e9e\" \/>\n\t<meta name=\"twitter:data1\" content=\"2 minutes\" \/>\n<script type=\"application\/ld+json\" class=\"yoast-schema-graph\">{\"@context\":\"https:\\\/\\\/schema.org\",\"@graph\":[{\"@type\":\"WebPage\",\"@id\":\"https:\\\/\\\/colpittsclinical.com\\\/our-story\\\/\",\"url\":\"https:\\\/\\\/colpittsclinical.com\\\/our-story\\\/\",\"name\":\"Our Story - Colpitts Clinical\",\"isPartOf\":{\"@id\":\"https:\\\/\\\/colpittsclinical.com\\\/#website\"},\"datePublished\":\"2017-09-28T03:55:33+00:00\",\"dateModified\":\"2024-10-23T17:05:43+00:00\",\"description\":\"Colpitts Clinical has deep roots in the travel industry, and we are pioneers in dedicated clinical trial travel.\",\"breadcrumb\":{\"@id\":\"https:\\\/\\\/colpittsclinical.com\\\/our-story\\\/#breadcrumb\"},\"inLanguage\":\"fr-FR\",\"potentialAction\":[{\"@type\":\"ReadAction\",\"target\":[\"https:\\\/\\\/colpittsclinical.com\\\/our-story\\\/\"]}]},{\"@type\":\"BreadcrumbList\",\"@id\":\"https:\\\/\\\/colpittsclinical.com\\\/our-story\\\/#breadcrumb\",\"itemListElement\":[{\"@type\":\"ListItem\",\"position\":1,\"name\":\"Home\",\"item\":\"https:\\\/\\\/colpittsclinical.com\\\/\"},{\"@type\":\"ListItem\",\"position\":2,\"name\":\"Our Story\"}]},{\"@type\":\"WebSite\",\"@id\":\"https:\\\/\\\/colpittsclinical.com\\\/#website\",\"url\":\"https:\\\/\\\/colpittsclinical.com\\\/\",\"name\":\"Colpitts Clinical\",\"description\":\"patient-liaison\",\"publisher\":{\"@id\":\"https:\\\/\\\/colpittsclinical.com\\\/#organization\"},\"potentialAction\":[{\"@type\":\"SearchAction\",\"target\":{\"@type\":\"EntryPoint\",\"urlTemplate\":\"https:\\\/\\\/colpittsclinical.com\\\/?s={search_term_string}\"},\"query-input\":{\"@type\":\"PropertyValueSpecification\",\"valueRequired\":true,\"valueName\":\"search_term_string\"}}],\"inLanguage\":\"fr-FR\"},{\"@type\":\"Organization\",\"@id\":\"https:\\\/\\\/colpittsclinical.com\\\/#organization\",\"name\":\"Colpitts Clinical\",\"url\":\"https:\\\/\\\/colpittsclinical.com\\\/\",\"logo\":{\"@type\":\"ImageObject\",\"inLanguage\":\"fr-FR\",\"@id\":\"https:\\\/\\\/colpittsclinical.com\\\/#\\\/schema\\\/logo\\\/image\\\/\",\"url\":\"https:\\\/\\\/colpittsclinical.com\\\/wp-content\\\/uploads\\\/2017\\\/10\\\/cc-logo-212-1.png\",\"contentUrl\":\"https:\\\/\\\/colpittsclinical.com\\\/wp-content\\\/uploads\\\/2017\\\/10\\\/cc-logo-212-1.png\",\"width\":212,\"height\":48,\"caption\":\"Colpitts Clinical\"},\"image\":{\"@id\":\"https:\\\/\\\/colpittsclinical.com\\\/#\\\/schema\\\/logo\\\/image\\\/\"},\"sameAs\":[\"https:\\\/\\\/www.facebook.com\\\/ColpittsClinicalTrialTravel\\\/\",\"https:\\\/\\\/www.linkedin.com\\\/company\\\/colpittsclinical\\\/\"]}]}<\/script>\n<!-- \/ Yoast SEO plugin. -->","yoast_head_json":{"title":"Our Story - Colpitts Clinical","description":"Colpitts Clinical has deep roots in the travel industry, and we are pioneers in dedicated clinical trial travel.","robots":{"index":"index","follow":"follow","max-snippet":"max-snippet:-1","max-image-preview":"max-image-preview:large","max-video-preview":"max-video-preview:-1"},"canonical":"https:\/\/colpittsclinical.com\/fr\/our-story\/","og_locale":"fr_FR","og_type":"article","og_title":"Our Story - Colpitts Clinical","og_description":"Colpitts Clinical has deep roots in the travel industry, and we are pioneers in dedicated clinical trial travel.","og_url":"https:\/\/colpittsclinical.com\/fr\/our-story\/","og_site_name":"Colpitts Clinical","article_publisher":"https:\/\/www.facebook.com\/ColpittsClinicalTrialTravel\/","article_modified_time":"2024-10-23T17:05:43+00:00","twitter_card":"summary_large_image","twitter_misc":{"Dur\u00e9e de lecture estim\u00e9e":"2 minutes"},"schema":{"@context":"https:\/\/schema.org","@graph":[{"@type":"WebPage","@id":"https:\/\/colpittsclinical.com\/our-story\/","url":"https:\/\/colpittsclinical.com\/our-story\/","name":"Our Story - Colpitts Clinical","isPartOf":{"@id":"https:\/\/colpittsclinical.com\/#website"},"datePublished":"2017-09-28T03:55:33+00:00","dateModified":"2024-10-23T17:05:43+00:00","description":"Colpitts Clinical has deep roots in the travel industry, and we are pioneers in dedicated clinical trial travel.","breadcrumb":{"@id":"https:\/\/colpittsclinical.com\/our-story\/#breadcrumb"},"inLanguage":"fr-FR","potentialAction":[{"@type":"ReadAction","target":["https:\/\/colpittsclinical.com\/our-story\/"]}]},{"@type":"BreadcrumbList","@id":"https:\/\/colpittsclinical.com\/our-story\/#breadcrumb","itemListElement":[{"@type":"ListItem","position":1,"name":"Home","item":"https:\/\/colpittsclinical.com\/"},{"@type":"ListItem","position":2,"name":"Our Story"}]},{"@type":"WebSite","@id":"https:\/\/colpittsclinical.com\/#website","url":"https:\/\/colpittsclinical.com\/","name":"Colpitts Clinical","description":"liaison avec le patient","publisher":{"@id":"https:\/\/colpittsclinical.com\/#organization"},"potentialAction":[{"@type":"SearchAction","target":{"@type":"EntryPoint","urlTemplate":"https:\/\/colpittsclinical.com\/?s={search_term_string}"},"query-input":{"@type":"PropertyValueSpecification","valueRequired":true,"valueName":"search_term_string"}}],"inLanguage":"fr-FR"},{"@type":"Organization","@id":"https:\/\/colpittsclinical.com\/#organization","name":"Colpitts Clinical","url":"https:\/\/colpittsclinical.com\/","logo":{"@type":"ImageObject","inLanguage":"fr-FR","@id":"https:\/\/colpittsclinical.com\/#\/schema\/logo\/image\/","url":"https:\/\/colpittsclinical.com\/wp-content\/uploads\/2017\/10\/cc-logo-212-1.png","contentUrl":"https:\/\/colpittsclinical.com\/wp-content\/uploads\/2017\/10\/cc-logo-212-1.png","width":212,"height":48,"caption":"Colpitts Clinical"},"image":{"@id":"https:\/\/colpittsclinical.com\/#\/schema\/logo\/image\/"},"sameAs":["https:\/\/www.facebook.com\/ColpittsClinicalTrialTravel\/","https:\/\/www.linkedin.com\/company\/colpittsclinical\/"]}]}},"jetpack_sharing_enabled":true,"post_mailing_queue_ids":[],"_links":{"self":[{"href":"https:\/\/colpittsclinical.com\/fr\/wp-json\/wp\/v2\/pages\/678","targetHints":{"allow":["GET"]}}],"collection":[{"href":"https:\/\/colpittsclinical.com\/fr\/wp-json\/wp\/v2\/pages"}],"about":[{"href":"https:\/\/colpittsclinical.com\/fr\/wp-json\/wp\/v2\/types\/page"}],"author":[{"embeddable":true,"href":"https:\/\/colpittsclinical.com\/fr\/wp-json\/wp\/v2\/users\/1"}],"replies":[{"embeddable":true,"href":"https:\/\/colpittsclinical.com\/fr\/wp-json\/wp\/v2\/comments?post=678"}],"version-history":[{"count":49,"href":"https:\/\/colpittsclinical.com\/fr\/wp-json\/wp\/v2\/pages\/678\/revisions"}],"predecessor-version":[{"id":5828,"href":"https:\/\/colpittsclinical.com\/fr\/wp-json\/wp\/v2\/pages\/678\/revisions\/5828"}],"wp:attachment":[{"href":"https:\/\/colpittsclinical.com\/fr\/wp-json\/wp\/v2\/media?parent=678"}],"curies":[{"name":"wp","href":"https:\/\/api.w.org\/{rel}","templated":true}]}}