{"id":259,"date":"2017-07-24T01:18:56","date_gmt":"2017-07-24T05:18:56","guid":{"rendered":"https:\/\/colpittsclinical.com\/?page_id=259"},"modified":"2025-09-16T08:21:03","modified_gmt":"2025-09-16T12:21:03","slug":"patient-liaison-2","status":"publish","type":"page","link":"https:\/\/colpittsclinical.com\/fr\/patient-liaison-2\/","title":{"rendered":"Liaison avec les patients"},"content":{"rendered":"<div  class=\"wpb_row vc_row vc_row-fluid  mk-fullwidth-false  attched-false     js-master-row\">\n\t\t\n\t\t\t\n<div style=\"\" class=\"vc_col-sm-12 wpb_column column_container  _ height-full\">\n\t<script data-cfasync=\"false\" type=\"text\/javascript\">var lsjQuery = jQuery;<\/script><script data-cfasync=\"false\" type=\"text\/javascript\">\r\nlsjQuery(document).ready(function() {\r\nif(typeof lsjQuery.fn.layerSlider == \"undefined\") {\r\nif( window._layerSlider && window._layerSlider.showNotice) { \r\nwindow._layerSlider.showNotice('layerslider_39','jquery');\r\n}\r\n} else {\r\nlsjQuery(\"#layerslider_39\").layerSlider({sliderVersion: '6.5.7', type: 'fullwidth', navPrevNext: false, hoverPrevNext: false, navStartStop: false, navButtons: false, showCircleTimer: false, popupWidth: 640, popupHeight: 360, skinsPath: 'https:\/\/colpittsclinical.com\/wp-content\/plugins\/LayerSlider\/static\/layerslider\/skins\/'});\r\n}\r\n});\r\n<\/script><div id=\"layerslider_39\" class=\"ls-wp-container fitvidsignore\" style=\"width:1920px;height:600px;margin:0 auto;margin-bottom: 0px;\"><div class=\"ls-slide\" data-ls=\"kenburnsscale:1.2;\"><img loading=\"lazy\" decoding=\"async\" width=\"2172\" height=\"810\" src=\"https:\/\/i0.wp.com\/colpittsclinical.com\/wp-content\/uploads\/2024\/07\/patient-liaison-24.jpg?fit=2172%2C810&amp;ssl=1\" class=\"ls-bg\" alt=\"Patient Liaison\" srcset=\"https:\/\/i0.wp.com\/colpittsclinical.com\/wp-content\/uploads\/2024\/07\/patient-liaison-24.jpg?w=2172&amp;ssl=1 2172w, https:\/\/i0.wp.com\/colpittsclinical.com\/wp-content\/uploads\/2024\/07\/patient-liaison-24.jpg?resize=300%2C112&amp;ssl=1 300w, https:\/\/i0.wp.com\/colpittsclinical.com\/wp-content\/uploads\/2024\/07\/patient-liaison-24.jpg?resize=1024%2C382&amp;ssl=1 1024w, https:\/\/i0.wp.com\/colpittsclinical.com\/wp-content\/uploads\/2024\/07\/patient-liaison-24.jpg?resize=768%2C286&amp;ssl=1 768w, https:\/\/i0.wp.com\/colpittsclinical.com\/wp-content\/uploads\/2024\/07\/patient-liaison-24.jpg?resize=1536%2C573&amp;ssl=1 1536w, https:\/\/i0.wp.com\/colpittsclinical.com\/wp-content\/uploads\/2024\/07\/patient-liaison-24.jpg?resize=2048%2C764&amp;ssl=1 2048w, https:\/\/i0.wp.com\/colpittsclinical.com\/wp-content\/uploads\/2024\/07\/patient-liaison-24.jpg?resize=640%2C239&amp;ssl=1 640w\" sizes=\"auto, (max-width: 1140px) 100vw, 1140px\" itemprop=\"image\" \/><h1 style=\"white-space: normal;top:173px;left:42px;text-align:center;font-weight:500;font-style:normal;text-decoration:none;wordwrap:true;opacity:1;font-family:Georgia;font-size:65px;width:700px;color:#ffffff;line-height:80px;\" class=\"ls-l\">SEAMLESS TRAVEL LOGISTICS &amp; PATIENT LIAISON\n<\/h1><\/div><\/div><\/div>\n\t<\/div>\n\n\t<\/div><\/div><\/div>\n\t\n<div  class=\"wpb_row vc_row vc_row-fluid  mk-fullwidth-true  attched-false     js-master-row\">\n\t\t\t<div class=\"mk-grid\">\n\t\t\n\t\t\t\n<div style=\"\" class=\"vc_col-sm-12 wpb_column column_container  _ height-full\">\n\t<div class=\"vc_empty_space\"   style=\"height: 34px\" ><span class=\"vc_empty_space_inner\"><\/span><\/div>\n\t<div class=\"vc_custom_1758025259373\">\n\n<div id=\"text-block-1\" class=\"mk-text-block\">\n\n\t\n\t<h1><span style=\"color: #333999;\">SOUTIEN AUX PATIENTS<\/span><\/h1>\n<p>Chez Colpitts Clinical, les services de voyage et de d\u00e9penses des patients ne sont pas seulement un service que nous offrons, c'est le fondement de notre entreprise. Avec plus d'un si\u00e8cle d'exp\u00e9rience dans le domaine des voyages et plus de 20 ans de gestion des voyages pour plus de 1 300 essais cliniques, nous apportons une expertise et une valeur in\u00e9gal\u00e9es.<\/p>\n<p>En comblant le foss\u00e9 entre la logistique des essais cliniques et les services de voyage ax\u00e9s sur les patients, nous allons plus loin que le simple fait d'amener les patients d'un point A \u00e0 un point B. Qu'il s'agisse de fournir du mat\u00e9riel m\u00e9dical, des transports accessibles, une aide \u00e0 la relocalisation, un logement familial, des services de traduction ou des arrangements pharmaceutiques, nous sommes toujours l\u00e0 pour r\u00e9pondre aux besoins uniques de chaque patient.<\/p>\n\n\t<div class=\"clearboth\"><\/div>\n<\/div>\n\n\t<\/div>\n<div class=\"vc_empty_space\"   style=\"height: 32px\" ><span class=\"vc_empty_space_inner\"><\/span><\/div>\n<\/div>\n\t\t\n\t\t<\/div>\t\n\t<\/div>\n\n\n\t<div class=\"mk-main-wrapper-holder\">\n\t\t<div class=\"theme-page-wrapper full-layout mk-grid vc_row-fluid no-padding\">\n\t\t\t<div class=\"theme-content no-padding\">\n\n\t\t\t\n<div  class=\"wpb_row vc_row vc_row-fluid  mk-fullwidth-false  attched-false     js-master-row\">\n\t\t\n\t\t\t\n<div style=\"\" class=\"vc_col-sm-12 wpb_column column_container  _ height-full\">\n\t<div class=\"vc_empty_space\"   style=\"height: 32px\" ><span class=\"vc_empty_space_inner\"><\/span><\/div>\n\t<div class=\"vc_custom_1639441596845\">\n\n<div id=\"text-block-2\" class=\"mk-text-block\">\n\n\t\n\t<p style=\"text-align: center;\"><strong><span style=\"font-size: 18pt;\">\u201c<\/span>Nous sommes l\u00e0 lorsque les patients ont besoin d'une aide \u00e0 la r\u00e9installation, d'un logement pour leur famille, de services de traduction et d'arrangements pharmaceutiques.<span style=\"font-size: 18pt;\">\u201c<\/span><\/strong><\/p>\n\n\t<div class=\"clearboth\"><\/div>\n<\/div>\n\n\t<\/div>\n<div class=\"vc_empty_space\"   style=\"height: 34px\" ><span class=\"vc_empty_space_inner\"><\/span><\/div>\n<\/div>\n\t<\/div>\n\n\t<\/div><\/div><\/div>\n\t\n<div  class=\"wpb_row vc_row vc_row-fluid  mk-fullwidth-true  attched-false     js-master-row\">\n\t\t\t<div class=\"mk-grid\">\n\t\t\n\t\t\t\n<div style=\"\" class=\"vc_col-sm-12 wpb_column column_container  _ height-full\">\n\t<div class=\"vc_separator wpb_content_element vc_separator_align_center vc_sep_width_100 vc_sep_border_width_3 vc_sep_pos_align_center vc_separator_no_text vc_sep_color_grey\" ><span class=\"vc_sep_holder vc_sep_holder_l\"><span  class=\"vc_sep_line\"><\/span><\/span><span class=\"vc_sep_holder vc_sep_holder_r\"><span  class=\"vc_sep_line\"><\/span><\/span>\n<\/div><\/div>\n\t\t\n\t\t<\/div>\t\n\t<\/div>\n\n\n\t<div class=\"mk-main-wrapper-holder\">\n\t\t<div class=\"theme-page-wrapper full-layout mk-grid vc_row-fluid no-padding\">\n\t\t\t<div class=\"theme-content no-padding\">\n\n\t\t\t\n<div  class=\"wpb_row vc_row vc_row-fluid  mk-fullwidth-false  attched-false     js-master-row\">\n\t\t\n\t\t\t\n<div style=\"\" class=\"vc_col-sm-2 wpb_column column_container  _ height-full\">\n\t<\/div>\n\n<div style=\"\" class=\"vc_col-sm-8 wpb_column column_container  _ height-full\">\n\t\n\t<div  class=\"wpb_single_image wpb_content_element vc_align_center\">\n\t\t\n\t\t<figure class=\"wpb_wrapper vc_figure\">\n\t\t\t<div class=\"vc_single_image-wrapper   vc_box_border_grey\"><img loading=\"lazy\" decoding=\"async\" width=\"1024\" height=\"876\" src=\"https:\/\/i0.wp.com\/colpittsclinical.com\/wp-content\/uploads\/2021\/12\/colpitts-compliance.png?fit=1024%2C876&amp;ssl=1\" class=\"vc_single_image-img attachment-large\" alt=\"copitts patient centric\" srcset=\"https:\/\/i0.wp.com\/colpittsclinical.com\/wp-content\/uploads\/2021\/12\/colpitts-compliance.png?w=2619&amp;ssl=1 2619w, https:\/\/i0.wp.com\/colpittsclinical.com\/wp-content\/uploads\/2021\/12\/colpitts-compliance.png?resize=300%2C257&amp;ssl=1 300w, https:\/\/i0.wp.com\/colpittsclinical.com\/wp-content\/uploads\/2021\/12\/colpitts-compliance.png?resize=1024%2C876&amp;ssl=1 1024w, https:\/\/i0.wp.com\/colpittsclinical.com\/wp-content\/uploads\/2021\/12\/colpitts-compliance.png?resize=768%2C657&amp;ssl=1 768w, https:\/\/i0.wp.com\/colpittsclinical.com\/wp-content\/uploads\/2021\/12\/colpitts-compliance.png?resize=1536%2C1314&amp;ssl=1 1536w, https:\/\/i0.wp.com\/colpittsclinical.com\/wp-content\/uploads\/2021\/12\/colpitts-compliance.png?resize=2048%2C1752&amp;ssl=1 2048w, https:\/\/i0.wp.com\/colpittsclinical.com\/wp-content\/uploads\/2021\/12\/colpitts-compliance.png?resize=1320%2C1129&amp;ssl=1 1320w, https:\/\/i0.wp.com\/colpittsclinical.com\/wp-content\/uploads\/2021\/12\/colpitts-compliance.png?w=2280&amp;ssl=1 2280w\" sizes=\"auto, (max-width: 1024px) 100vw, 1024px\" itemprop=\"image\" \/><\/div>\n\t\t<\/figure>\n\t<\/div>\n<\/div>\n\n<div style=\"\" class=\"vc_col-sm-2 wpb_column column_container  _ height-full\">\n\t<\/div>\n\t<\/div>\n\n\n<div  class=\"wpb_row vc_row vc_row-fluid  mk-fullwidth-false  attched-false     js-master-row\">\n\t\t\n\t\t\t\n<div style=\"\" class=\"vc_col-sm-12 wpb_column column_container vc_custom_1639632422167  _ height-full\">\n\t<div id=\"divider-3\" class=\"mk-divider     divider_full_width center thick_solid\">\n\n\t\t\t<div class=\"divider-inner\"><\/div>\n\t\n<\/div>\n<div class=\"clearboth\"><\/div>\n<div class=\"vc-zigzag-wrapper vc-zigzag-align-center\" >\n\t<div class=\"vc-zigzag-inner\" style=\"width: 100%;min-height: 14px;background: 0 repeat-x url(&#039;data:image\/svg+xml;utf-8,&lt;?xml version=&quot;1.0&quot; encoding=&quot;utf-8&quot;?&gt;&lt;!DOCTYPE svg PUBLIC &quot;-\/\/W3C\/\/DTD SVG 1.1\/\/EN&quot; &quot;http:\/\/www.w3.org\/Graphics\/SVG\/1.1\/DTD\/svg11.dtd&quot;&gt;&lt;svg width=&quot;14px&quot; height=&quot;12px&quot; viewBox=&quot;0 0 18 15&quot; version=&quot;1.1&quot; xmlns=&quot;http:\/\/www.w3.org\/2000\/svg&quot; xmlns:xlink=&quot;http:\/\/www.w3.org\/1999\/xlink&quot;&gt;&lt;polygon id=&quot;Combined-Shape&quot; fill=&quot;#757575&quot; points=&quot;8.98762301 0 0 9.12771969 0 14.519983 9 5.40479869 18 14.519983 18 9.12771969&quot;&gt;&lt;\/polygon&gt;&lt;\/svg&gt;&#039;);\">\n\t<\/div>\n<\/div>\n\t<div class=\"vc_custom_1639632379737\">\n\n<div id=\"text-block-4\" class=\"mk-text-block\">\n\n\t\n\t<h2><span style=\"font-size: 24pt; color: #ff0000;\"><strong>POUR LES PARRAINS<\/strong><\/span><\/h2>\n\n\t<div class=\"clearboth\"><\/div>\n<\/div>\n\n\t<\/div>\n\t<div class=\"vc_custom_1721536902336\">\n\n<div id=\"text-block-5\" class=\"mk-text-block\">\n\n\t\n\t<h2><span style=\"color: #333999;\">Maximiser les avantages pour les promoteurs d'essais cliniques : Rationalisation des d\u00e9penses, am\u00e9lioration de l'efficacit\u00e9 des sites, respect des exigences r\u00e9glementaires, encouragement du recrutement des patients et maintien de leur participation.<\/span><\/h2>\n<p>Chez Colpitts Clinical, nous comprenons les d\u00e9fis auxquels sont confront\u00e9s les promoteurs d'essais cliniques pour assurer le succ\u00e8s de leurs essais. C'est pourquoi nous nous effor\u00e7ons de maximiser les avantages pour nos clients dans des domaines cl\u00e9s : rationalisation des d\u00e9penses, am\u00e9lioration de l'efficacit\u00e9 des sites, respect des exigences r\u00e9glementaires, encouragement du recrutement des patients et maintien de la participation des patients.<\/p>\n<p>En rationalisant les d\u00e9penses, nous aidons nos clients \u00e0 respecter le budget de leurs essais, sans sacrifier la qualit\u00e9 ou la s\u00e9curit\u00e9 des patients. Nos approches innovantes en mati\u00e8re de gestion des d\u00e9placements et des d\u00e9penses des patients permettent de ma\u00eetriser les co\u00fbts.<\/p>\n<p>Dans le m\u00eame temps, nous nous engageons \u00e0 am\u00e9liorer l'efficacit\u00e9 des sites, en travaillant en \u00e9troite collaboration avec les sites d'essais cliniques pour rationaliser les processus et r\u00e9duire le temps de d\u00e9marrage. L'attention que nous portons au respect des exigences r\u00e9glementaires et au maintien de la participation des patients permet de garantir que les essais se d\u00e9roulent sans heurts, avec des niveaux \u00e9lev\u00e9s d'engagement et de satisfaction des patients.<\/p>\n<p>Que vous soyez le promoteur d'un petit essai sur un seul site ou d'une grande \u00e9tude multinationale, Colpitts Clinical poss\u00e8de l'expertise, l'exp\u00e9rience et l'engagement n\u00e9cessaires pour assurer le succ\u00e8s de votre essai.<\/p>\n\n\t<div class=\"clearboth\"><\/div>\n<\/div>\n\n\t<\/div>\n<div id=\"divider-6\" class=\"mk-divider     divider_full_width center thick_solid\">\n\n\t\t\t<div class=\"divider-inner\"><\/div>\n\t\n<\/div>\n<div class=\"clearboth\"><\/div>\n<\/div>\n\t<\/div>\n\n\n<div  class=\"wpb_row vc_row vc_row-fluid  mk-fullwidth-false  attched-false     js-master-row\">\n\t\t\n\t\t\t\n<div style=\"\" class=\"vc_col-sm-12 wpb_column column_container vc_custom_1639632422167  _ height-full\">\n\t<div class=\"vc-zigzag-wrapper vc-zigzag-align-center\" >\n\t<div class=\"vc-zigzag-inner\" style=\"width: 100%;min-height: 14px;background: 0 repeat-x url(&#039;data:image\/svg+xml;utf-8,&lt;?xml version=&quot;1.0&quot; encoding=&quot;utf-8&quot;?&gt;&lt;!DOCTYPE svg PUBLIC &quot;-\/\/W3C\/\/DTD SVG 1.1\/\/EN&quot; &quot;http:\/\/www.w3.org\/Graphics\/SVG\/1.1\/DTD\/svg11.dtd&quot;&gt;&lt;svg width=&quot;14px&quot; height=&quot;12px&quot; viewBox=&quot;0 0 18 15&quot; version=&quot;1.1&quot; xmlns=&quot;http:\/\/www.w3.org\/2000\/svg&quot; xmlns:xlink=&quot;http:\/\/www.w3.org\/1999\/xlink&quot;&gt;&lt;polygon id=&quot;Combined-Shape&quot; fill=&quot;#757575&quot; points=&quot;8.98762301 0 0 9.12771969 0 14.519983 9 5.40479869 18 14.519983 18 9.12771969&quot;&gt;&lt;\/polygon&gt;&lt;\/svg&gt;&#039;);\">\n\t<\/div>\n<\/div>\n\t<div class=\"vc_custom_1677764541159\">\n\n<div id=\"text-block-7\" class=\"mk-text-block\">\n\n\t\n\t<h2><span style=\"font-size: 24pt; color: #ff0000;\"><strong>POUR LES SITES<\/strong><\/span><\/h2>\n\n\t<div class=\"clearboth\"><\/div>\n<\/div>\n\n\t<\/div>\n\t<div class=\"vc_custom_1721536916583\">\n\n<div id=\"text-block-8\" class=\"mk-text-block\">\n\n\t\n\t<h2><span style=\"color: #333999;\">Simplifier les essais cliniques gr\u00e2ce \u00e0 un soutien personnalis\u00e9 aux coordinateurs de sites cliniques<\/span><\/h2>\n<p>Chez Colpitts Clinical, nous comprenons que les essais cliniques peuvent \u00eatre un processus complexe et stressant pour les patients et leurs familles. C'est pourquoi nous mettons l'accent sur une exp\u00e9rience sans stress pour toutes les personnes concern\u00e9es.<\/p>\n<p>Nos coordinateurs de voyage et de d\u00e9penses exp\u00e9riment\u00e9s apportent un soutien personnalis\u00e9 aux patients et \u00e0 leurs familles, en veillant \u00e0 ce que tous les aspects de l'essai clinique soient g\u00e9r\u00e9s de mani\u00e8re transparente. Qu'il s'agisse de coordonner les pr\u00e9paratifs de voyage, de g\u00e9rer les d\u00e9penses ou de r\u00e9pondre aux questions, nos coordinateurs s'efforcent de rendre l'exp\u00e9rience aussi simple et harmonieuse que possible.<\/p>\n<p>Nous pensons qu'une exp\u00e9rience sans stress est essentielle \u00e0 la r\u00e9ussite des essais cliniques. En offrant aux patients un soutien personnalis\u00e9, nous veillons \u00e0 ce qu'ils soient engag\u00e9s, satisfaits et d\u00e9termin\u00e9s \u00e0 participer \u00e0 l'essai du d\u00e9but \u00e0 la fin.<\/p>\n<p>Avec Colpitts Clinical, vous pouvez \u00eatre s\u00fbr que votre essai clinique se d\u00e9roulera de mani\u00e8re fluide et efficace, en mettant l'accent sur l'engagement et la satisfaction des patients, ainsi que sur la s\u00e9curit\u00e9 des donn\u00e9es et la s\u00fbret\u00e9.<\/p>\n\n\t<div class=\"clearboth\"><\/div>\n<\/div>\n\n\t<\/div>\n<div id=\"divider-9\" class=\"mk-divider     divider_full_width center thick_solid\">\n\n\t\t\t<div class=\"divider-inner\"><\/div>\n\t\n<\/div>\n<div class=\"clearboth\"><\/div>\n<\/div>\n\t<\/div>\n\n\n<div  class=\"wpb_row vc_row vc_row-fluid  mk-fullwidth-false  attched-false     js-master-row\">\n\t\t\n\t\t\t\n<div style=\"\" class=\"vc_col-sm-12 wpb_column column_container  _ height-full\">\n\t<div class=\"vc_empty_space\"   style=\"height: 64px\" ><span class=\"vc_empty_space_inner\"><\/span><\/div>\n<\/div>\n\t<\/div>\n\n\t<\/div><\/div><\/div>\n\t\n<div  class=\"wpb_row vc_row vc_row-fluid  mk-fullwidth-true  attched-false    vc_custom_1639377056041  js-master-row\">\n\t\t\n\t\t\t\n<div style=\"\" class=\"vc_col-sm-12 wpb_column column_container  _ height-full\">\n\t\n<h2 id=\"fancy-title-10\" class=\"mk-fancy-title  simple-style   color-single\">\n\t<span>\n\t\t\t\t\n<h2 style=\"text-align: center;\"><span style=\"font-family: arial, helvetica, sans-serif; color: #333999;\"><strong>Avez-vous une maladie rare ou une \u00e9tude sur une petite population ?<\/strong><\/span><\/h2>\n<p style=\"text-align: center;\">\n<div id=\"mk-button-11\" class=\"mk-button-container _ relative    block text-center\">\n\n\t\n\t\t<a id=\"Buton ID\" href=\"https:\/\/colpittsclinical.com\/fr\/contact-us\/\"   target=\"_self\" class=\"mk-button js-smooth-scroll mk-button--dimension-three mk-button--size-medium mk-button--corner-pointed text-color-light _ relative text-center font-weight-700 no-backface  letter-spacing-1 inline\">\n\t\t\t\t\t\t \n\t\t\t<span class=\"mk-button--text\">Appelez l'un de nos experts<\/span>\n\t\t\t\t\t<\/a>\n\n\t\n<\/div>\n\t\t\t<\/span>\n<\/h2>\n<div class=\"clearboth\"><\/div>\n\n\n\n<\/div>\n\t<\/div>\n\n\n\t<div class=\"mk-main-wrapper-holder\">\n\t\t<div class=\"theme-page-wrapper full-layout mk-grid vc_row-fluid no-padding\">\n\t\t\t<div class=\"theme-content no-padding\">\n\n\t\t\t\n<div  class=\"wpb_row vc_row vc_row-fluid  mk-fullwidth-false  attched-false     js-master-row\">\n\t\t\n\t\t\t\n<div style=\"\" class=\"vc_col-sm-12 wpb_column column_container  _ height-full\">\n\t<\/div>\n\t<\/div>","protected":false},"excerpt":{"rendered":"var lsjQuery = jQuery; lsjQuery(document).ready(function() { if(typeof lsjQuery.fn.layerSlider == \"undefined\") { if( window._layerSlider && window._layerSlider.showNotice) { window._layerSlider.showNotice('layerslider_39_2','jquery'); } } else { lsjQuery(\"#layerslider_39_2\").layerSlider({sliderVersion: '6.5.7', type: 'fullwidth', navPrevNext: false, hoverPrevNext: false, navStartStop: false, navButtons: false, showCircleTimer: false, popupWidth: 640, popupHeight: 360, skinsPath: 'https:\/\/colpittsclinical.com\/wp-content\/plugins\/LayerSlider\/static\/layerslider\/skins\/'}); } }); SEAMLESS TRAVEL LOGISTICS &amp; PATIENT LIAISON PATIENT SUPPORT At Colpitts Clinical, patient [...]","protected":false},"author":1,"featured_media":0,"parent":0,"menu_order":0,"comment_status":"closed","ping_status":"closed","template":"","meta":{"_exactmetrics_skip_tracking":false,"_exactmetrics_sitenote_active":false,"_exactmetrics_sitenote_note":"","_exactmetrics_sitenote_category":0,"footnotes":""},"class_list":["post-259","page","type-page","status-publish","hentry"],"yoast_head":"<!-- This site is optimized with the Yoast SEO plugin v27.5 - https:\/\/yoast.com\/product\/yoast-seo-wordpress\/ -->\n<title>Patient Liaison - Colpitts Clinical<\/title>\n<meta name=\"description\" content=\"Colpitts Clinical has over 130 years of experience in travel services, and we have managed travel for more than 900 clinical trials in the past 20 years.\" \/>\n<meta name=\"robots\" content=\"index, follow, max-snippet:-1, max-image-preview:large, max-video-preview:-1\" \/>\n<link rel=\"canonical\" href=\"https:\/\/colpittsclinical.com\/fr\/patient-liaison-2\/\" \/>\n<meta property=\"og:locale\" content=\"fr_FR\" \/>\n<meta property=\"og:type\" content=\"article\" \/>\n<meta property=\"og:title\" content=\"Patient Liaison - Colpitts Clinical\" \/>\n<meta property=\"og:description\" content=\"Colpitts Clinical has over 130 years of experience in travel services, and we have managed travel for more than 900 clinical trials in the past 20 years.\" \/>\n<meta property=\"og:url\" content=\"https:\/\/colpittsclinical.com\/fr\/patient-liaison-2\/\" \/>\n<meta property=\"og:site_name\" content=\"Colpitts Clinical\" \/>\n<meta property=\"article:publisher\" content=\"https:\/\/www.facebook.com\/ColpittsClinicalTrialTravel\/\" \/>\n<meta property=\"article:modified_time\" content=\"2025-09-16T12:21:03+00:00\" \/>\n<meta name=\"twitter:card\" content=\"summary_large_image\" \/>\n<meta name=\"twitter:label1\" content=\"Dur\u00e9e de lecture estim\u00e9e\" \/>\n\t<meta name=\"twitter:data1\" content=\"3 minutes\" \/>\n<script type=\"application\/ld+json\" class=\"yoast-schema-graph\">{\"@context\":\"https:\\\/\\\/schema.org\",\"@graph\":[{\"@type\":\"WebPage\",\"@id\":\"https:\\\/\\\/colpittsclinical.com\\\/patient-liaison-2\\\/\",\"url\":\"https:\\\/\\\/colpittsclinical.com\\\/patient-liaison-2\\\/\",\"name\":\"Patient Liaison - Colpitts Clinical\",\"isPartOf\":{\"@id\":\"https:\\\/\\\/colpittsclinical.com\\\/#website\"},\"datePublished\":\"2017-07-24T05:18:56+00:00\",\"dateModified\":\"2025-09-16T12:21:03+00:00\",\"description\":\"Colpitts Clinical has over 130 years of experience in travel services, and we have managed travel for more than 900 clinical trials in the past 20 years.\",\"breadcrumb\":{\"@id\":\"https:\\\/\\\/colpittsclinical.com\\\/patient-liaison-2\\\/#breadcrumb\"},\"inLanguage\":\"fr-FR\",\"potentialAction\":[{\"@type\":\"ReadAction\",\"target\":[\"https:\\\/\\\/colpittsclinical.com\\\/patient-liaison-2\\\/\"]}]},{\"@type\":\"BreadcrumbList\",\"@id\":\"https:\\\/\\\/colpittsclinical.com\\\/patient-liaison-2\\\/#breadcrumb\",\"itemListElement\":[{\"@type\":\"ListItem\",\"position\":1,\"name\":\"Home\",\"item\":\"https:\\\/\\\/colpittsclinical.com\\\/\"},{\"@type\":\"ListItem\",\"position\":2,\"name\":\"Patient Liaison\"}]},{\"@type\":\"WebSite\",\"@id\":\"https:\\\/\\\/colpittsclinical.com\\\/#website\",\"url\":\"https:\\\/\\\/colpittsclinical.com\\\/\",\"name\":\"Colpitts Clinical\",\"description\":\"patient-liaison\",\"publisher\":{\"@id\":\"https:\\\/\\\/colpittsclinical.com\\\/#organization\"},\"potentialAction\":[{\"@type\":\"SearchAction\",\"target\":{\"@type\":\"EntryPoint\",\"urlTemplate\":\"https:\\\/\\\/colpittsclinical.com\\\/?s={search_term_string}\"},\"query-input\":{\"@type\":\"PropertyValueSpecification\",\"valueRequired\":true,\"valueName\":\"search_term_string\"}}],\"inLanguage\":\"fr-FR\"},{\"@type\":\"Organization\",\"@id\":\"https:\\\/\\\/colpittsclinical.com\\\/#organization\",\"name\":\"Colpitts Clinical\",\"url\":\"https:\\\/\\\/colpittsclinical.com\\\/\",\"logo\":{\"@type\":\"ImageObject\",\"inLanguage\":\"fr-FR\",\"@id\":\"https:\\\/\\\/colpittsclinical.com\\\/#\\\/schema\\\/logo\\\/image\\\/\",\"url\":\"https:\\\/\\\/colpittsclinical.com\\\/wp-content\\\/uploads\\\/2017\\\/10\\\/cc-logo-212-1.png\",\"contentUrl\":\"https:\\\/\\\/colpittsclinical.com\\\/wp-content\\\/uploads\\\/2017\\\/10\\\/cc-logo-212-1.png\",\"width\":212,\"height\":48,\"caption\":\"Colpitts Clinical\"},\"image\":{\"@id\":\"https:\\\/\\\/colpittsclinical.com\\\/#\\\/schema\\\/logo\\\/image\\\/\"},\"sameAs\":[\"https:\\\/\\\/www.facebook.com\\\/ColpittsClinicalTrialTravel\\\/\",\"https:\\\/\\\/www.linkedin.com\\\/company\\\/colpittsclinical\\\/\"]}]}<\/script>\n<!-- \/ Yoast SEO plugin. -->","yoast_head_json":{"title":"Patient Liaison - Colpitts Clinical","description":"Colpitts Clinical has over 130 years of experience in travel services, and we have managed travel for more than 900 clinical trials in the past 20 years.","robots":{"index":"index","follow":"follow","max-snippet":"max-snippet:-1","max-image-preview":"max-image-preview:large","max-video-preview":"max-video-preview:-1"},"canonical":"https:\/\/colpittsclinical.com\/fr\/patient-liaison-2\/","og_locale":"fr_FR","og_type":"article","og_title":"Patient Liaison - Colpitts Clinical","og_description":"Colpitts Clinical has over 130 years of experience in travel services, and we have managed travel for more than 900 clinical trials in the past 20 years.","og_url":"https:\/\/colpittsclinical.com\/fr\/patient-liaison-2\/","og_site_name":"Colpitts Clinical","article_publisher":"https:\/\/www.facebook.com\/ColpittsClinicalTrialTravel\/","article_modified_time":"2025-09-16T12:21:03+00:00","twitter_card":"summary_large_image","twitter_misc":{"Dur\u00e9e de lecture estim\u00e9e":"3 minutes"},"schema":{"@context":"https:\/\/schema.org","@graph":[{"@type":"WebPage","@id":"https:\/\/colpittsclinical.com\/patient-liaison-2\/","url":"https:\/\/colpittsclinical.com\/patient-liaison-2\/","name":"Patient Liaison - Colpitts Clinical","isPartOf":{"@id":"https:\/\/colpittsclinical.com\/#website"},"datePublished":"2017-07-24T05:18:56+00:00","dateModified":"2025-09-16T12:21:03+00:00","description":"Colpitts Clinical has over 130 years of experience in travel services, and we have managed travel for more than 900 clinical trials in the past 20 years.","breadcrumb":{"@id":"https:\/\/colpittsclinical.com\/patient-liaison-2\/#breadcrumb"},"inLanguage":"fr-FR","potentialAction":[{"@type":"ReadAction","target":["https:\/\/colpittsclinical.com\/patient-liaison-2\/"]}]},{"@type":"BreadcrumbList","@id":"https:\/\/colpittsclinical.com\/patient-liaison-2\/#breadcrumb","itemListElement":[{"@type":"ListItem","position":1,"name":"Home","item":"https:\/\/colpittsclinical.com\/"},{"@type":"ListItem","position":2,"name":"Patient Liaison"}]},{"@type":"WebSite","@id":"https:\/\/colpittsclinical.com\/#website","url":"https:\/\/colpittsclinical.com\/","name":"Colpitts Clinical","description":"liaison avec le patient","publisher":{"@id":"https:\/\/colpittsclinical.com\/#organization"},"potentialAction":[{"@type":"SearchAction","target":{"@type":"EntryPoint","urlTemplate":"https:\/\/colpittsclinical.com\/?s={search_term_string}"},"query-input":{"@type":"PropertyValueSpecification","valueRequired":true,"valueName":"search_term_string"}}],"inLanguage":"fr-FR"},{"@type":"Organization","@id":"https:\/\/colpittsclinical.com\/#organization","name":"Colpitts Clinical","url":"https:\/\/colpittsclinical.com\/","logo":{"@type":"ImageObject","inLanguage":"fr-FR","@id":"https:\/\/colpittsclinical.com\/#\/schema\/logo\/image\/","url":"https:\/\/colpittsclinical.com\/wp-content\/uploads\/2017\/10\/cc-logo-212-1.png","contentUrl":"https:\/\/colpittsclinical.com\/wp-content\/uploads\/2017\/10\/cc-logo-212-1.png","width":212,"height":48,"caption":"Colpitts Clinical"},"image":{"@id":"https:\/\/colpittsclinical.com\/#\/schema\/logo\/image\/"},"sameAs":["https:\/\/www.facebook.com\/ColpittsClinicalTrialTravel\/","https:\/\/www.linkedin.com\/company\/colpittsclinical\/"]}]}},"jetpack_sharing_enabled":true,"post_mailing_queue_ids":[],"_links":{"self":[{"href":"https:\/\/colpittsclinical.com\/fr\/wp-json\/wp\/v2\/pages\/259","targetHints":{"allow":["GET"]}}],"collection":[{"href":"https:\/\/colpittsclinical.com\/fr\/wp-json\/wp\/v2\/pages"}],"about":[{"href":"https:\/\/colpittsclinical.com\/fr\/wp-json\/wp\/v2\/types\/page"}],"author":[{"embeddable":true,"href":"https:\/\/colpittsclinical.com\/fr\/wp-json\/wp\/v2\/users\/1"}],"replies":[{"embeddable":true,"href":"https:\/\/colpittsclinical.com\/fr\/wp-json\/wp\/v2\/comments?post=259"}],"version-history":[{"count":173,"href":"https:\/\/colpittsclinical.com\/fr\/wp-json\/wp\/v2\/pages\/259\/revisions"}],"predecessor-version":[{"id":6270,"href":"https:\/\/colpittsclinical.com\/fr\/wp-json\/wp\/v2\/pages\/259\/revisions\/6270"}],"wp:attachment":[{"href":"https:\/\/colpittsclinical.com\/fr\/wp-json\/wp\/v2\/media?parent=259"}],"curies":[{"name":"wp","href":"https:\/\/api.w.org\/{rel}","templated":true}]}}