{"id":4697,"date":"2023-04-13T11:45:52","date_gmt":"2023-04-13T15:45:52","guid":{"rendered":"https:\/\/colpittsclinical.com\/?page_id=4697"},"modified":"2024-07-21T00:35:56","modified_gmt":"2024-07-21T04:35:56","slug":"oncology-clinical-trials","status":"publish","type":"page","link":"https:\/\/colpittsclinical.com\/es_mx\/oncology-clinical-trials\/","title":{"rendered":"Ensayos cl\u00ednicos oncol\u00f3gicos"},"content":{"rendered":"<div  class=\"wpb_row vc_row vc_row-fluid  mk-fullwidth-false  attched-false     js-master-row\">\n\t\t\n\t\t\t\n<div style=\"\" class=\"vc_col-sm-12 wpb_column column_container  _ height-full\">\n\t<script data-cfasync=\"false\" type=\"text\/javascript\">var lsjQuery = jQuery;<\/script><script data-cfasync=\"false\" type=\"text\/javascript\">\r\nlsjQuery(document).ready(function() {\r\nif(typeof lsjQuery.fn.layerSlider == \"undefined\") {\r\nif( window._layerSlider && window._layerSlider.showNotice) { \r\nwindow._layerSlider.showNotice('layerslider_28','jquery');\r\n}\r\n} else {\r\nlsjQuery(\"#layerslider_28\").layerSlider({sliderVersion: '6.5.7', type: 'fullwidth', navPrevNext: false, hoverPrevNext: false, navStartStop: false, navButtons: false, showCircleTimer: false, popupWidth: 640, popupHeight: 360, skinsPath: 'https:\/\/colpittsclinical.com\/wp-content\/plugins\/LayerSlider\/static\/layerslider\/skins\/'});\r\n}\r\n});\r\n<\/script><div id=\"layerslider_28\" class=\"ls-wp-container fitvidsignore\" style=\"width:1920px;height:600px;margin:0 auto;margin-bottom: 0px;\"><div class=\"ls-slide\" data-ls=\"kenburnsscale:1.2;\"><img loading=\"lazy\" decoding=\"async\" width=\"2100\" height=\"594\" src=\"https:\/\/i0.wp.com\/colpittsclinical.com\/wp-content\/uploads\/2023\/06\/oncology.jpg?fit=2100%2C594&amp;ssl=1\" class=\"ls-bg\" alt=\"Colpitts Clinical has a dedicated team to specialize in the unique needs and challenges of oncology clinical trials.\" srcset=\"https:\/\/i0.wp.com\/colpittsclinical.com\/wp-content\/uploads\/2023\/06\/oncology.jpg?w=2100&amp;ssl=1 2100w, https:\/\/i0.wp.com\/colpittsclinical.com\/wp-content\/uploads\/2023\/06\/oncology.jpg?resize=300%2C85&amp;ssl=1 300w, https:\/\/i0.wp.com\/colpittsclinical.com\/wp-content\/uploads\/2023\/06\/oncology.jpg?resize=1024%2C290&amp;ssl=1 1024w, https:\/\/i0.wp.com\/colpittsclinical.com\/wp-content\/uploads\/2023\/06\/oncology.jpg?resize=768%2C217&amp;ssl=1 768w, https:\/\/i0.wp.com\/colpittsclinical.com\/wp-content\/uploads\/2023\/06\/oncology.jpg?resize=1536%2C434&amp;ssl=1 1536w, https:\/\/i0.wp.com\/colpittsclinical.com\/wp-content\/uploads\/2023\/06\/oncology.jpg?resize=2048%2C579&amp;ssl=1 2048w, https:\/\/i0.wp.com\/colpittsclinical.com\/wp-content\/uploads\/2023\/06\/oncology.jpg?resize=640%2C181&amp;ssl=1 640w\" sizes=\"auto, (max-width: 1140px) 100vw, 1140px\" itemprop=\"image\" \/><\/div><\/div><\/div>\n\t<\/div>\n\n\t<\/div><\/div><\/div>\n\t\n<div  class=\"wpb_row vc_row vc_row-fluid  mk-fullwidth-true  attched-false    vc_custom_1648273281564  js-master-row\">\n\t\t\t<div class=\"mk-grid\">\n\t\t\n\t\t\t\n<div style=\"\" class=\"vc_col-sm-12 wpb_column column_container vc_custom_1506482255986  _ height-full\">\n\t\t<div class=\"vc_custom_1721536539961\">\n\n<div id=\"text-block-1\" class=\"mk-text-block\">\n\n\t\n\t<h1><span style=\"color: #333999;\">Revolucionando los ensayos cl\u00ednicos oncol\u00f3gicos con el enfoque innovador de Colpitts Clinical<\/span><\/h1>\n\n\t<div class=\"clearboth\"><\/div>\n<\/div>\n\n\t<\/div>\n\t<div class=\"vc_custom_1681363296665\">\n\n<div id=\"text-block-2\" class=\"mk-text-block\">\n\n\t\n\t<p>En Colpitts Clinical, reconocemos la importancia fundamental de los ensayos cl\u00ednicos oncol\u00f3gicos para el avance de la investigaci\u00f3n y el tratamiento del c\u00e1ncer. Por eso hemos dedicado nuestro equipo a especializarse en las necesidades y retos \u00fanicos de los ensayos cl\u00ednicos oncol\u00f3gicos. Nuestra plataforma patentada est\u00e1 dise\u00f1ada para simplificar las solicitudes de servicios de viaje y gastos para los centros y garantizar una organizaci\u00f3n fluida de los viajes y los gastos para los pacientes.<\/p>\n<p>Nuestro equipo de coordinadores altamente calificados trabaja en estrecha colaboraci\u00f3n con los centros cl\u00ednicos para garantizar que los pacientes reciban apoyo personalizado durante todo el ensayo. Entendemos la importancia de minimizar la carga para los pacientes y sus familias, por lo que nos esforzamos por ofrecer una experiencia sin estr\u00e9s a todas las personas involucradas.<\/p>\n<p>Para los patrocinadores de ensayos cl\u00ednicos en el \u00e1mbito de la oncolog\u00eda, Colpitts Clinical es el socio en el que pueden confiar. Gracias a nuestro compromiso con la calidad, el cumplimiento normativo y el servicio al cliente, pueden estar seguros de que su ensayo cl\u00ednico oncol\u00f3gico se gestionar\u00e1 con la m\u00e1xima profesionalidad e innovaci\u00f3n. Tanto si desean optimizar los gastos, mejorar la eficiencia del centro, mantener la participaci\u00f3n de los pacientes o cumplir los requisitos normativos, Colpitts Clinical cuenta con la experiencia y el apoyo que necesitan para que su ensayo cl\u00ednico oncol\u00f3gico sea un \u00e9xito.<\/p>\n\n\t<div class=\"clearboth\"><\/div>\n<\/div>\n\n\t<\/div>\n<\/div>\n\t\t\n\t\t<\/div>\t\n\t<\/div>\n\n\n\t<div class=\"mk-main-wrapper-holder\">\n\t\t<div class=\"theme-page-wrapper full-layout mk-grid vc_row-fluid no-padding\">\n\t\t\t<div class=\"theme-content no-padding\">\n\n\t\t\t\t<\/div><\/div><\/div>\n\t\n<div  class=\"wpb_row vc_row vc_row-fluid  mk-fullwidth-true  attched-false    vc_custom_1639376496297  js-master-row\">\n\t\t\n\t\t\t\n<div style=\"\" class=\"vc_col-sm-12 wpb_column column_container  _ height-full\">\n\t\n<h2 id=\"fancy-title-3\" class=\"mk-fancy-title  simple-style   color-single\">\n\t<span>\n\t\t\t\t\n<h2 style=\"text-align: center;\"><span style=\"font-family: arial, helvetica, sans-serif; color: #333999;\"><strong>M\u00e1s informaci\u00f3n sobre nuestras soluciones innovadoras para ensayos cl\u00ednicos complejos<\/strong><\/span><\/h2>\n<p style=\"text-align: center;\">\n<div id=\"mk-button-4\" class=\"mk-button-container _ relative    block text-center\">\n\n\t\n\t\t<a id=\"Buton ID\" href=\"https:\/\/colpittsclinical.com\/es_mx\/contact-us\/\"   target=\"_self\" class=\"mk-button js-smooth-scroll mk-button--dimension-three mk-button--size-medium mk-button--corner-pointed text-color-light _ relative text-center font-weight-700 no-backface  letter-spacing-1 inline\">\n\t\t\t\t\t\t \n\t\t\t<span class=\"mk-button--text\">Comenzar<\/span>\n\t\t\t\t\t<\/a>\n\n\t\n<\/div>\n\t\t\t<\/span>\n<\/h2>\n<div class=\"clearboth\"><\/div>\n\n\n\n<\/div>\n\t<\/div>\n\n\n\t<div class=\"mk-main-wrapper-holder\">\n\t\t<div class=\"theme-page-wrapper full-layout mk-grid vc_row-fluid no-padding\">\n\t\t\t<div class=\"theme-content no-padding\">","protected":false},"excerpt":{"rendered":"var lsjQuery = jQuery; lsjQuery(document).ready(function() { if(typeof lsjQuery.fn.layerSlider == \"undefined\") { if( window._layerSlider && window._layerSlider.showNotice) { window._layerSlider.showNotice('layerslider_28_2','jquery'); } } else { lsjQuery(\"#layerslider_28_2\").layerSlider({sliderVersion: '6.5.7', type: 'fullwidth', navPrevNext: false, hoverPrevNext: false, navStartStop: false, navButtons: false, showCircleTimer: false, popupWidth: 640, popupHeight: 360, skinsPath: 'https:\/\/colpittsclinical.com\/wp-content\/plugins\/LayerSlider\/static\/layerslider\/skins\/'}); } }); Revolutionizing Oncology Clinical trials with Colpitts Clinical's Innovative Approach At Colpitts Clinical, [...]","protected":false},"author":1,"featured_media":0,"parent":0,"menu_order":0,"comment_status":"closed","ping_status":"closed","template":"","meta":{"_exactmetrics_skip_tracking":false,"_exactmetrics_sitenote_active":false,"_exactmetrics_sitenote_note":"","_exactmetrics_sitenote_category":0,"footnotes":""},"class_list":["post-4697","page","type-page","status-publish","hentry"],"yoast_head":"<!-- This site is optimized with the Yoast SEO plugin v27.5 - https:\/\/yoast.com\/product\/yoast-seo-wordpress\/ -->\n<title>Oncology Clinical Trials - Colpitts Clinical<\/title>\n<meta name=\"robots\" content=\"index, follow, max-snippet:-1, max-image-preview:large, max-video-preview:-1\" \/>\n<link rel=\"canonical\" href=\"https:\/\/colpittsclinical.com\/es_mx\/oncology-clinical-trials\/\" \/>\n<meta property=\"og:locale\" content=\"es_MX\" \/>\n<meta property=\"og:type\" content=\"article\" \/>\n<meta property=\"og:title\" content=\"Oncology Clinical Trials - Colpitts Clinical\" \/>\n<meta property=\"og:url\" content=\"https:\/\/colpittsclinical.com\/es_mx\/oncology-clinical-trials\/\" \/>\n<meta property=\"og:site_name\" content=\"Colpitts Clinical\" \/>\n<meta property=\"article:publisher\" content=\"https:\/\/www.facebook.com\/ColpittsClinicalTrialTravel\/\" \/>\n<meta property=\"article:modified_time\" content=\"2024-07-21T04:35:56+00:00\" \/>\n<meta name=\"twitter:card\" content=\"summary_large_image\" \/>\n<meta name=\"twitter:label1\" content=\"Tiempo de lectura\" \/>\n\t<meta name=\"twitter:data1\" content=\"2 minutos\" \/>\n<script type=\"application\/ld+json\" class=\"yoast-schema-graph\">{\"@context\":\"https:\\\/\\\/schema.org\",\"@graph\":[{\"@type\":\"WebPage\",\"@id\":\"https:\\\/\\\/colpittsclinical.com\\\/oncology-clinical-trials\\\/\",\"url\":\"https:\\\/\\\/colpittsclinical.com\\\/oncology-clinical-trials\\\/\",\"name\":\"Oncology Clinical Trials - Colpitts Clinical\",\"isPartOf\":{\"@id\":\"https:\\\/\\\/colpittsclinical.com\\\/#website\"},\"datePublished\":\"2023-04-13T15:45:52+00:00\",\"dateModified\":\"2024-07-21T04:35:56+00:00\",\"breadcrumb\":{\"@id\":\"https:\\\/\\\/colpittsclinical.com\\\/oncology-clinical-trials\\\/#breadcrumb\"},\"inLanguage\":\"es\",\"potentialAction\":[{\"@type\":\"ReadAction\",\"target\":[\"https:\\\/\\\/colpittsclinical.com\\\/oncology-clinical-trials\\\/\"]}]},{\"@type\":\"BreadcrumbList\",\"@id\":\"https:\\\/\\\/colpittsclinical.com\\\/oncology-clinical-trials\\\/#breadcrumb\",\"itemListElement\":[{\"@type\":\"ListItem\",\"position\":1,\"name\":\"Home\",\"item\":\"https:\\\/\\\/colpittsclinical.com\\\/\"},{\"@type\":\"ListItem\",\"position\":2,\"name\":\"Oncology Clinical Trials\"}]},{\"@type\":\"WebSite\",\"@id\":\"https:\\\/\\\/colpittsclinical.com\\\/#website\",\"url\":\"https:\\\/\\\/colpittsclinical.com\\\/\",\"name\":\"Colpitts Clinical\",\"description\":\"patient-liaison\",\"publisher\":{\"@id\":\"https:\\\/\\\/colpittsclinical.com\\\/#organization\"},\"potentialAction\":[{\"@type\":\"SearchAction\",\"target\":{\"@type\":\"EntryPoint\",\"urlTemplate\":\"https:\\\/\\\/colpittsclinical.com\\\/?s={search_term_string}\"},\"query-input\":{\"@type\":\"PropertyValueSpecification\",\"valueRequired\":true,\"valueName\":\"search_term_string\"}}],\"inLanguage\":\"es\"},{\"@type\":\"Organization\",\"@id\":\"https:\\\/\\\/colpittsclinical.com\\\/#organization\",\"name\":\"Colpitts Clinical\",\"url\":\"https:\\\/\\\/colpittsclinical.com\\\/\",\"logo\":{\"@type\":\"ImageObject\",\"inLanguage\":\"es\",\"@id\":\"https:\\\/\\\/colpittsclinical.com\\\/#\\\/schema\\\/logo\\\/image\\\/\",\"url\":\"https:\\\/\\\/colpittsclinical.com\\\/wp-content\\\/uploads\\\/2017\\\/10\\\/cc-logo-212-1.png\",\"contentUrl\":\"https:\\\/\\\/colpittsclinical.com\\\/wp-content\\\/uploads\\\/2017\\\/10\\\/cc-logo-212-1.png\",\"width\":212,\"height\":48,\"caption\":\"Colpitts Clinical\"},\"image\":{\"@id\":\"https:\\\/\\\/colpittsclinical.com\\\/#\\\/schema\\\/logo\\\/image\\\/\"},\"sameAs\":[\"https:\\\/\\\/www.facebook.com\\\/ColpittsClinicalTrialTravel\\\/\",\"https:\\\/\\\/www.linkedin.com\\\/company\\\/colpittsclinical\\\/\"]}]}<\/script>\n<!-- \/ Yoast SEO plugin. -->","yoast_head_json":{"title":"Oncology Clinical Trials - Colpitts Clinical","robots":{"index":"index","follow":"follow","max-snippet":"max-snippet:-1","max-image-preview":"max-image-preview:large","max-video-preview":"max-video-preview:-1"},"canonical":"https:\/\/colpittsclinical.com\/es_mx\/oncology-clinical-trials\/","og_locale":"es_MX","og_type":"article","og_title":"Oncology Clinical Trials - Colpitts Clinical","og_url":"https:\/\/colpittsclinical.com\/es_mx\/oncology-clinical-trials\/","og_site_name":"Colpitts Clinical","article_publisher":"https:\/\/www.facebook.com\/ColpittsClinicalTrialTravel\/","article_modified_time":"2024-07-21T04:35:56+00:00","twitter_card":"summary_large_image","twitter_misc":{"Tiempo de lectura":"2 minutos"},"schema":{"@context":"https:\/\/schema.org","@graph":[{"@type":"WebPage","@id":"https:\/\/colpittsclinical.com\/oncology-clinical-trials\/","url":"https:\/\/colpittsclinical.com\/oncology-clinical-trials\/","name":"Oncology Clinical Trials - Colpitts Clinical","isPartOf":{"@id":"https:\/\/colpittsclinical.com\/#website"},"datePublished":"2023-04-13T15:45:52+00:00","dateModified":"2024-07-21T04:35:56+00:00","breadcrumb":{"@id":"https:\/\/colpittsclinical.com\/oncology-clinical-trials\/#breadcrumb"},"inLanguage":"es","potentialAction":[{"@type":"ReadAction","target":["https:\/\/colpittsclinical.com\/oncology-clinical-trials\/"]}]},{"@type":"BreadcrumbList","@id":"https:\/\/colpittsclinical.com\/oncology-clinical-trials\/#breadcrumb","itemListElement":[{"@type":"ListItem","position":1,"name":"Home","item":"https:\/\/colpittsclinical.com\/"},{"@type":"ListItem","position":2,"name":"Oncology Clinical Trials"}]},{"@type":"WebSite","@id":"https:\/\/colpittsclinical.com\/#website","url":"https:\/\/colpittsclinical.com\/","name":"Colpitts Cl\u00ednica","description":"enlace con el paciente","publisher":{"@id":"https:\/\/colpittsclinical.com\/#organization"},"potentialAction":[{"@type":"SearchAction","target":{"@type":"EntryPoint","urlTemplate":"https:\/\/colpittsclinical.com\/?s={search_term_string}"},"query-input":{"@type":"PropertyValueSpecification","valueRequired":true,"valueName":"search_term_string"}}],"inLanguage":"es"},{"@type":"Organization","@id":"https:\/\/colpittsclinical.com\/#organization","name":"Colpitts Cl\u00ednica","url":"https:\/\/colpittsclinical.com\/","logo":{"@type":"ImageObject","inLanguage":"es","@id":"https:\/\/colpittsclinical.com\/#\/schema\/logo\/image\/","url":"https:\/\/colpittsclinical.com\/wp-content\/uploads\/2017\/10\/cc-logo-212-1.png","contentUrl":"https:\/\/colpittsclinical.com\/wp-content\/uploads\/2017\/10\/cc-logo-212-1.png","width":212,"height":48,"caption":"Colpitts Clinical"},"image":{"@id":"https:\/\/colpittsclinical.com\/#\/schema\/logo\/image\/"},"sameAs":["https:\/\/www.facebook.com\/ColpittsClinicalTrialTravel\/","https:\/\/www.linkedin.com\/company\/colpittsclinical\/"]}]}},"jetpack_sharing_enabled":true,"post_mailing_queue_ids":[],"_links":{"self":[{"href":"https:\/\/colpittsclinical.com\/es_mx\/wp-json\/wp\/v2\/pages\/4697","targetHints":{"allow":["GET"]}}],"collection":[{"href":"https:\/\/colpittsclinical.com\/es_mx\/wp-json\/wp\/v2\/pages"}],"about":[{"href":"https:\/\/colpittsclinical.com\/es_mx\/wp-json\/wp\/v2\/types\/page"}],"author":[{"embeddable":true,"href":"https:\/\/colpittsclinical.com\/es_mx\/wp-json\/wp\/v2\/users\/1"}],"replies":[{"embeddable":true,"href":"https:\/\/colpittsclinical.com\/es_mx\/wp-json\/wp\/v2\/comments?post=4697"}],"version-history":[{"count":6,"href":"https:\/\/colpittsclinical.com\/es_mx\/wp-json\/wp\/v2\/pages\/4697\/revisions"}],"predecessor-version":[{"id":5550,"href":"https:\/\/colpittsclinical.com\/es_mx\/wp-json\/wp\/v2\/pages\/4697\/revisions\/5550"}],"wp:attachment":[{"href":"https:\/\/colpittsclinical.com\/es_mx\/wp-json\/wp\/v2\/media?parent=4697"}],"curies":[{"name":"wp","href":"https:\/\/api.w.org\/{rel}","templated":true}]}}