{"id":2852,"date":"2019-01-23T22:20:10","date_gmt":"2019-01-24T03:20:10","guid":{"rendered":"https:\/\/colpittsclinical.com\/?page_id=2852"},"modified":"2022-09-03T22:38:04","modified_gmt":"2022-09-04T02:38:04","slug":"account-manager","status":"publish","type":"page","link":"https:\/\/colpittsclinical.com\/es_mx\/account-manager\/","title":{"rendered":"account manager"},"content":{"rendered":"<div  class=\"wpb_row vc_row vc_row-fluid  mk-fullwidth-false  attched-false     js-master-row\">\n\t\t\n\t\t\t\n<div style=\"\" class=\"vc_col-sm-12 wpb_column column_container  _ height-full\">\n\t\t<div class=\"vc_custom_1548441461326\">\n\n<div id=\"text-block-1\" class=\"mk-text-block\">\n\n\t\n\t<div class=\"\"><span style=\"font-size: 18pt; color: #33cccc;\"><strong><span class=\"job-description-title\">Gerente de cuentas<\/span><\/strong><\/span><\/div>\n<div class=\"job-description-details-sub-container\">\n<div class=\"job-description-details-sub-left-container\"><span class=\"job-description-worker-catergory\"><span class=\"\"><br \/>\nSalario a tiempo completo\u00a0 \u00a0 \u00a0\u00a0<\/span><\/span><span class=\"job-description-location\"><span class=\"job-description-location-item\">Norwood, Massachusetts, EE. UU.<\/span><\/span><\/div>\n<div class=\"job-description-details-sub-right-container\">\n<p><span class=\"job-description-requisition\">N.\u00ba de solicitud: 1266<\/span><\/p>\n<\/div>\n<\/div>\n<div class=\"job-description-data-item\">\n<div class=\"job-description-data\">\n<p><strong><span style=\"color: #2f4f4f; font-family: Arial; font-size: medium;\">Descubre una carrera profesional en gesti\u00f3n de cuentas en Colpitts Clinical, una empresa de Direct Travel.\u00a0<\/span><\/strong><\/p>\n<p><span style=\"color: #2f4f4f;\">Colpitts Clinical cuenta con una larga trayectoria en el sector de los viajes y somos pioneros en la coordinaci\u00f3n especializada de viajes para ensayos cl\u00ednicos. Desde nuestros inicios como divisi\u00f3n de la empresa hom\u00f3nima, Colpitts World Travel, hasta nuestro nuevo comienzo como empresa de Direct Travel, hemos participado en m\u00e1s de 600 ensayos cl\u00ednicos en todo el mundo y seguimos adapt\u00e1ndonos para satisfacer las necesidades en constante evoluci\u00f3n de los patrocinadores de ensayos cl\u00ednicos, las organizaciones de investigaci\u00f3n por contrato (CRO), los centros de ensayo y, lo m\u00e1s importante, los pacientes.<\/span><\/p>\n<p><span style=\"color: #2f4f4f;\">Colpitts Clinical es uno de los pocos proveedores de servicios integrales de gesti\u00f3n de viajes y gastos dedicado espec\u00edficamente a la planificaci\u00f3n y el apoyo sin contratiempos, centrados en el paciente, para los desplazamientos a las visitas de ensayos cl\u00ednicos.  Con sede en Norwood, Massachusetts, Colpitts Clinical cuenta con oficinas en todo Estados Unidos y Canad\u00e1, as\u00ed como en el Reino Unido, y con oficinas de Direct APTI Global Travel en todo el mundo. Colpitts Clinical tiene la capacidad de ofrecer soluciones personalizadas seg\u00fan las necesidades de sus clientes de biotecnolog\u00eda, farmac\u00e9uticos y de organizaciones de investigaci\u00f3n por contrato (CRO), al tiempo que proporciona control de costos para los ensayos y garantiza el cumplimiento normativo.<\/span><\/p>\n<p><strong><span style=\"color: #2f4f4f; font-family: Arial; font-size: medium;\">La oportunidad:<\/span><\/strong><\/p>\n<p><span style=\"color: #2f4f4f; font-family: Arial; font-size: medium;\">Buscamos un gestor de cuentas para incorporarse a nuestro equipo de Colpitts Clinical en nuestra oficina de Norwood, Massachusetts. La principal responsabilidad de este puesto es garantizar que nuestros servicios cumplan o superen las expectativas de nuestros clientes.\u00a0<\/span><\/p>\n<p><strong><span style=\"color: #2f4f4f; font-family: Arial; font-size: medium;\">\u00bfQu\u00e9 vas a hacer?<\/span><\/strong><\/p>\n<ul>\n<li><span style=\"color: #2f4f4f;\">Colaborar en la finalizaci\u00f3n del proceso de contrataci\u00f3n para los nuevos ensayos<\/span><\/li>\n<li><span style=\"color: #2f4f4f;\">Crear nuevas cuentas y gestionar todos los detalles necesarios para poner en marcha la prueba, tanto a nivel interno como directamente con el cliente\u00a0\u00a0<\/span><\/li>\n<li><span style=\"color: #2f4f4f;\">Colaborar estrechamente con nuestros equipos de reservas y facturaci\u00f3n para resolver cualquier problema y comunicarse directamente con los pacientes o los patrocinadores<\/span><\/li>\n<li><span style=\"color: #2f4f4f;\">Impartir capacitaci\u00f3n sobre temas relacionados con la HIPAA y el RGPD, y coordinar con los coordinadores de centro de nuestros clientes<\/span><\/li>\n<li><span style=\"color: #2f4f4f;\">Colaborar estrechamente con el equipo de ventas cl\u00ednicas en la elaboraci\u00f3n de estrategias para captar nuevos negocios tanto de clientes actuales como de nuevos clientes\u00a0\u00a0<\/span><\/li>\n<\/ul>\n<div><b><span style=\"color: #2f4f4f; font-family: Arial; font-size: medium;\">\u00bfQu\u00e9 necesitamos de ti?<\/span><\/b><b><span style=\"color: #2f4f4f; font-family: Arial; font-size: medium;\">\u00a0<\/span><\/b><\/div>\n<ul>\n<li dir=\"auto\"><span style=\"color: #2f4f4f; font-family: Arial; font-size: medium;\">Se valorar\u00e1 estar en posesi\u00f3n de una licenciatura o formaci\u00f3n equivalente en el \u00e1mbito empresarial<\/span><\/li>\n<li dir=\"auto\"><span style=\"color: #2f4f4f;\"><span style=\"font-family: Arial; font-size: medium;\">Se valorar\u00e1 la experiencia previa en la gesti\u00f3n de cuentas en el sector de los viajes<\/span><br \/>\n<\/span><\/li>\n<li dir=\"auto\"><span style=\"color: #2f4f4f; font-family: Arial; font-size: medium;\">Es imprescindible tener excelentes habilidades de comunicaci\u00f3n, tanto oral como escrita\u00a0\u00a0<\/span><\/li>\n<li dir=\"auto\"><span style=\"color: #2f4f4f; font-family: Arial; font-size: medium;\">Experiencia en el manejo de computadoras y capacidad para realizar varias tareas simult\u00e1neamente con distintos programas o software<\/span><\/li>\n<li dir=\"auto\"><span style=\"color: #2f4f4f; font-family: Arial; font-size: medium;\">Experiencia en el uso de la suite Microsoft Office<\/span><\/li>\n<li dir=\"auto\"><span style=\"color: #2f4f4f; font-family: Arial; font-size: medium;\">Se requieren habilidades de organizaci\u00f3n y gesti\u00f3n del tiempo para desempe\u00f1ar con \u00e9xito esta funci\u00f3n\u00a0<\/span><\/li>\n<li dir=\"auto\"><span style=\"color: #2f4f4f; font-family: Arial; font-size: medium;\">Es imprescindible tener capacidad para resolver problemas y saber trabajar en equipo<\/span><\/li>\n<\/ul>\n<p><strong><span style=\"color: #2f4f4f; font-family: Arial; font-size: medium;\">\u00bfQu\u00e9 ofrecemos a nuestros empleados?<\/span><\/strong><\/p>\n<ul>\n<li dir=\"auto\"><span style=\"color: #2f4f4f; font-family: Arial; font-size: medium;\">Una excelente cultura empresarial<\/span><\/li>\n<li dir=\"auto\"><span style=\"color: #2f4f4f; font-family: Arial; font-size: medium;\">Compa\u00f1eros de equipo incre\u00edbles\u00a0<\/span><\/li>\n<li dir=\"auto\"><span style=\"color: #2f4f4f; font-family: Arial; font-size: medium;\">Seguro m\u00e9dico, dental y oftalmol\u00f3gico, y mucho m\u00e1s<\/span><\/li>\n<li dir=\"auto\"><span style=\"color: #2f4f4f; font-family: Arial; font-size: medium;\">Descuentos en membres\u00edas de gimnasios<\/span><\/li>\n<li dir=\"auto\"><span style=\"color: #2f4f4f; font-family: Arial; font-size: medium;\">Programa de recompensas y reconocimiento para empleados<\/span><\/li>\n<li dir=\"auto\"><span style=\"color: #2f4f4f; font-family: Arial; font-size: medium;\">Oportunidades de formaci\u00f3n<\/span><\/li>\n<li dir=\"auto\"><span style=\"color: #2f4f4f; font-family: Arial; font-size: medium;\">Generosas vacaciones + d\u00edas festivos + D\u00eda del M\u00e9dico<\/span><\/li>\n<li dir=\"auto\"><span style=\"color: #2f4f4f; font-family: Arial; font-size: medium;\">Salario competitivo en el mercado\u00a0<\/span><\/li>\n<li dir=\"auto\"><span style=\"color: #2f4f4f; font-family: Arial; font-size: medium;\">Aportaci\u00f3n del empleador al plan 401k<\/span><\/li>\n<li dir=\"auto\"><span style=\"color: #2f4f4f; font-family: Arial; font-size: medium;\">Ventajas de viaje, incluyendo equipos especializados en la reserva de viajes con descuentos<\/span><\/li>\n<li dir=\"auto\"><span style=\"color: #2f4f4f; font-family: Arial; font-size: medium;\">Programas de descuentos para empleados<\/span><\/li>\n<li dir=\"auto\"><span style=\"color: #2f4f4f; font-family: Arial; font-size: medium;\">\u00a1Y mucho m\u00e1s!\u00a0<\/span><\/li>\n<\/ul>\n<p><span style=\"color: #33cccc;\">Env\u00ede su curr\u00edculum a Jeanne Johnston a\u00a0<a style=\"color: #33cccc;\" href=\"mailto:jjohnston@colpittswt.com\">jjohnston@colpittswt.com<\/a><\/span><\/p>\n<p><span style=\"color: #2f4f4f; font-family: Arial; font-size: medium;\">Direct Travel es una empresa que ofrece igualdad de oportunidades en el empleo (EOE), aplica la acci\u00f3n afirmativa (AA), da prioridad a los veteranos y a las personas con discapacidad.<\/span><\/p>\n<\/div>\n<\/div>\n\n\t<div class=\"clearboth\"><\/div>\n<\/div>\n\n\t<\/div>\n<\/div>\n\t<\/div>","protected":false},"excerpt":{"rendered":"Account Manager Salary Full-Time\u00a0 \u00a0 \u00a0\u00a0Norwood, MA, US Requisition ID\u00a0:\u00a01266 Discover an Accounts Management career within Colpitts Clinical a Direct Travel company.\u00a0 Colpitts Clinical has deep roots in the travel industry, and we are pioneers in dedicated clinical trial travel coordination. From our founding as a division of our namesake, Colpitts World Travel, to our [...]","protected":false},"author":1,"featured_media":0,"parent":0,"menu_order":0,"comment_status":"closed","ping_status":"closed","template":"","meta":{"_exactmetrics_skip_tracking":false,"_exactmetrics_sitenote_active":false,"_exactmetrics_sitenote_note":"","_exactmetrics_sitenote_category":0,"footnotes":""},"class_list":["post-2852","page","type-page","status-publish","hentry"],"yoast_head":"<!-- This site is optimized with the Yoast SEO plugin v27.6 - https:\/\/yoast.com\/product\/yoast-seo-wordpress\/ -->\n<title>account manager - Colpitts Clinical<\/title>\n<meta name=\"description\" content=\"We&#039;re seeking an Account Manager to join our Colpitts Clinical Team in our Norwood, MA office to work closely with our reservation team.\" \/>\n<meta name=\"robots\" content=\"index, follow, max-snippet:-1, max-image-preview:large, max-video-preview:-1\" \/>\n<link rel=\"canonical\" href=\"https:\/\/colpittsclinical.com\/es_mx\/account-manager\/\" \/>\n<meta property=\"og:locale\" content=\"es_MX\" \/>\n<meta property=\"og:type\" content=\"article\" \/>\n<meta property=\"og:title\" content=\"account manager - Colpitts Clinical\" \/>\n<meta property=\"og:description\" content=\"We&#039;re seeking an Account Manager to join our Colpitts Clinical Team in our Norwood, MA office to work closely with our reservation team.\" \/>\n<meta property=\"og:url\" content=\"https:\/\/colpittsclinical.com\/es_mx\/account-manager\/\" \/>\n<meta property=\"og:site_name\" content=\"Colpitts Clinical\" \/>\n<meta property=\"article:publisher\" content=\"https:\/\/www.facebook.com\/ColpittsClinicalTrialTravel\/\" \/>\n<meta property=\"article:modified_time\" content=\"2022-09-04T02:38:04+00:00\" \/>\n<meta name=\"twitter:card\" content=\"summary_large_image\" \/>\n<meta name=\"twitter:label1\" content=\"Tiempo de lectura\" \/>\n\t<meta name=\"twitter:data1\" content=\"2 minutos\" \/>\n<script type=\"application\/ld+json\" class=\"yoast-schema-graph\">{\"@context\":\"https:\\\/\\\/schema.org\",\"@graph\":[{\"@type\":\"WebPage\",\"@id\":\"https:\\\/\\\/colpittsclinical.com\\\/account-manager\\\/\",\"url\":\"https:\\\/\\\/colpittsclinical.com\\\/account-manager\\\/\",\"name\":\"account manager - Colpitts Clinical\",\"isPartOf\":{\"@id\":\"https:\\\/\\\/colpittsclinical.com\\\/#website\"},\"datePublished\":\"2019-01-24T03:20:10+00:00\",\"dateModified\":\"2022-09-04T02:38:04+00:00\",\"description\":\"We're seeking an Account Manager to join our Colpitts Clinical Team in our Norwood, MA office to work closely with our reservation team.\",\"breadcrumb\":{\"@id\":\"https:\\\/\\\/colpittsclinical.com\\\/account-manager\\\/#breadcrumb\"},\"inLanguage\":\"es\",\"potentialAction\":[{\"@type\":\"ReadAction\",\"target\":[\"https:\\\/\\\/colpittsclinical.com\\\/account-manager\\\/\"]}]},{\"@type\":\"BreadcrumbList\",\"@id\":\"https:\\\/\\\/colpittsclinical.com\\\/account-manager\\\/#breadcrumb\",\"itemListElement\":[{\"@type\":\"ListItem\",\"position\":1,\"name\":\"Home\",\"item\":\"https:\\\/\\\/colpittsclinical.com\\\/\"},{\"@type\":\"ListItem\",\"position\":2,\"name\":\"account manager\"}]},{\"@type\":\"WebSite\",\"@id\":\"https:\\\/\\\/colpittsclinical.com\\\/#website\",\"url\":\"https:\\\/\\\/colpittsclinical.com\\\/\",\"name\":\"Colpitts Clinical\",\"description\":\"patient-liaison\",\"publisher\":{\"@id\":\"https:\\\/\\\/colpittsclinical.com\\\/#organization\"},\"potentialAction\":[{\"@type\":\"SearchAction\",\"target\":{\"@type\":\"EntryPoint\",\"urlTemplate\":\"https:\\\/\\\/colpittsclinical.com\\\/?s={search_term_string}\"},\"query-input\":{\"@type\":\"PropertyValueSpecification\",\"valueRequired\":true,\"valueName\":\"search_term_string\"}}],\"inLanguage\":\"es\"},{\"@type\":\"Organization\",\"@id\":\"https:\\\/\\\/colpittsclinical.com\\\/#organization\",\"name\":\"Colpitts Clinical\",\"url\":\"https:\\\/\\\/colpittsclinical.com\\\/\",\"logo\":{\"@type\":\"ImageObject\",\"inLanguage\":\"es\",\"@id\":\"https:\\\/\\\/colpittsclinical.com\\\/#\\\/schema\\\/logo\\\/image\\\/\",\"url\":\"https:\\\/\\\/colpittsclinical.com\\\/wp-content\\\/uploads\\\/2017\\\/10\\\/cc-logo-212-1.png\",\"contentUrl\":\"https:\\\/\\\/colpittsclinical.com\\\/wp-content\\\/uploads\\\/2017\\\/10\\\/cc-logo-212-1.png\",\"width\":212,\"height\":48,\"caption\":\"Colpitts Clinical\"},\"image\":{\"@id\":\"https:\\\/\\\/colpittsclinical.com\\\/#\\\/schema\\\/logo\\\/image\\\/\"},\"sameAs\":[\"https:\\\/\\\/www.facebook.com\\\/ColpittsClinicalTrialTravel\\\/\",\"https:\\\/\\\/www.linkedin.com\\\/company\\\/colpittsclinical\\\/\"]}]}<\/script>\n<!-- \/ Yoast SEO plugin. -->","yoast_head_json":{"title":"account manager - Colpitts Clinical","description":"We're seeking an Account Manager to join our Colpitts Clinical Team in our Norwood, MA office to work closely with our reservation team.","robots":{"index":"index","follow":"follow","max-snippet":"max-snippet:-1","max-image-preview":"max-image-preview:large","max-video-preview":"max-video-preview:-1"},"canonical":"https:\/\/colpittsclinical.com\/es_mx\/account-manager\/","og_locale":"es_MX","og_type":"article","og_title":"account manager - Colpitts Clinical","og_description":"We're seeking an Account Manager to join our Colpitts Clinical Team in our Norwood, MA office to work closely with our reservation team.","og_url":"https:\/\/colpittsclinical.com\/es_mx\/account-manager\/","og_site_name":"Colpitts Clinical","article_publisher":"https:\/\/www.facebook.com\/ColpittsClinicalTrialTravel\/","article_modified_time":"2022-09-04T02:38:04+00:00","twitter_card":"summary_large_image","twitter_misc":{"Tiempo de lectura":"2 minutos"},"schema":{"@context":"https:\/\/schema.org","@graph":[{"@type":"WebPage","@id":"https:\/\/colpittsclinical.com\/account-manager\/","url":"https:\/\/colpittsclinical.com\/account-manager\/","name":"account manager - Colpitts Clinical","isPartOf":{"@id":"https:\/\/colpittsclinical.com\/#website"},"datePublished":"2019-01-24T03:20:10+00:00","dateModified":"2022-09-04T02:38:04+00:00","description":"We're seeking an Account Manager to join our Colpitts Clinical Team in our Norwood, MA office to work closely with our reservation team.","breadcrumb":{"@id":"https:\/\/colpittsclinical.com\/account-manager\/#breadcrumb"},"inLanguage":"es","potentialAction":[{"@type":"ReadAction","target":["https:\/\/colpittsclinical.com\/account-manager\/"]}]},{"@type":"BreadcrumbList","@id":"https:\/\/colpittsclinical.com\/account-manager\/#breadcrumb","itemListElement":[{"@type":"ListItem","position":1,"name":"Home","item":"https:\/\/colpittsclinical.com\/"},{"@type":"ListItem","position":2,"name":"account manager"}]},{"@type":"WebSite","@id":"https:\/\/colpittsclinical.com\/#website","url":"https:\/\/colpittsclinical.com\/","name":"Colpitts Cl\u00ednica","description":"enlace con el paciente","publisher":{"@id":"https:\/\/colpittsclinical.com\/#organization"},"potentialAction":[{"@type":"SearchAction","target":{"@type":"EntryPoint","urlTemplate":"https:\/\/colpittsclinical.com\/?s={search_term_string}"},"query-input":{"@type":"PropertyValueSpecification","valueRequired":true,"valueName":"search_term_string"}}],"inLanguage":"es"},{"@type":"Organization","@id":"https:\/\/colpittsclinical.com\/#organization","name":"Colpitts Cl\u00ednica","url":"https:\/\/colpittsclinical.com\/","logo":{"@type":"ImageObject","inLanguage":"es","@id":"https:\/\/colpittsclinical.com\/#\/schema\/logo\/image\/","url":"https:\/\/colpittsclinical.com\/wp-content\/uploads\/2017\/10\/cc-logo-212-1.png","contentUrl":"https:\/\/colpittsclinical.com\/wp-content\/uploads\/2017\/10\/cc-logo-212-1.png","width":212,"height":48,"caption":"Colpitts Clinical"},"image":{"@id":"https:\/\/colpittsclinical.com\/#\/schema\/logo\/image\/"},"sameAs":["https:\/\/www.facebook.com\/ColpittsClinicalTrialTravel\/","https:\/\/www.linkedin.com\/company\/colpittsclinical\/"]}]}},"jetpack_sharing_enabled":true,"post_mailing_queue_ids":[],"_links":{"self":[{"href":"https:\/\/colpittsclinical.com\/es_mx\/wp-json\/wp\/v2\/pages\/2852","targetHints":{"allow":["GET"]}}],"collection":[{"href":"https:\/\/colpittsclinical.com\/es_mx\/wp-json\/wp\/v2\/pages"}],"about":[{"href":"https:\/\/colpittsclinical.com\/es_mx\/wp-json\/wp\/v2\/types\/page"}],"author":[{"embeddable":true,"href":"https:\/\/colpittsclinical.com\/es_mx\/wp-json\/wp\/v2\/users\/1"}],"replies":[{"embeddable":true,"href":"https:\/\/colpittsclinical.com\/es_mx\/wp-json\/wp\/v2\/comments?post=2852"}],"version-history":[{"count":8,"href":"https:\/\/colpittsclinical.com\/es_mx\/wp-json\/wp\/v2\/pages\/2852\/revisions"}],"predecessor-version":[{"id":2881,"href":"https:\/\/colpittsclinical.com\/es_mx\/wp-json\/wp\/v2\/pages\/2852\/revisions\/2881"}],"wp:attachment":[{"href":"https:\/\/colpittsclinical.com\/es_mx\/wp-json\/wp\/v2\/media?parent=2852"}],"curies":[{"name":"wp","href":"https:\/\/api.w.org\/{rel}","templated":true}]}}