{"id":261,"date":"2017-08-13T21:42:24","date_gmt":"2017-08-14T01:42:24","guid":{"rendered":"https:\/\/colpittsclinical.com\/?page_id=261"},"modified":"2024-10-02T17:07:08","modified_gmt":"2024-10-02T21:07:08","slug":"trial-site-manager","status":"publish","type":"page","link":"https:\/\/colpittsclinical.com\/es_mx\/trial-site-manager\/","title":{"rendered":"Gerente del centro de ensayos"},"content":{"rendered":"<\/div><\/div><\/div>\n\t\n<div  class=\"wpb_row vc_row vc_row-fluid  mk-fullwidth-true  attched-false    vc_custom_1721536814208  js-master-row\">\n\t\t\t<div class=\"mk-grid\">\n\t\t\n\t\t\t\n<div style=\"\" class=\"vc_col-sm-12 wpb_column column_container  _ height-full\">\n\t\t<div class=\"vc_custom_1721536826160\">\n\n<div id=\"text-block-1\" class=\"mk-text-block\">\n\n\t\n\t<h2 style=\"text-align: center;\"><span style=\"color: #ffffff; font-family: arial, helvetica, sans-serif; font-size: 24pt;\">GERENTE DEL CENTRO DE ENSAYOS<\/span><\/h2>\n\n\t<div class=\"clearboth\"><\/div>\n<\/div>\n\n\t<\/div>\n<\/div>\n\t\t\n\t\t<\/div>\t\n\t<\/div>\n\n\n\t<div class=\"mk-main-wrapper-holder\">\n\t\t<div class=\"theme-page-wrapper full-layout mk-grid vc_row-fluid no-padding\">\n\t\t\t<div class=\"theme-content no-padding\">\n\n\t\t\t\t<\/div><\/div><\/div>\n\t\n<div  class=\"wpb_row vc_row vc_row-fluid  mk-fullwidth-true  attched-false    vc_custom_1639379719528  js-master-row\">\n\t\t\t<div class=\"mk-grid\">\n\t\t\n\t\t\t\n<div style=\"\" class=\"vc_col-sm-12 wpb_column column_container vc_custom_1506477680408  _ height-full\">\n\t\t<div class=\"vc_custom_1677764799607\">\n\n<div id=\"text-block-2\" class=\"mk-text-block\">\n\n\t\n\t<p>El portal de Colpitts Clinical, que cumple con la HIPAA y el RGPD, permite a los coordinadores de los centros de ensayos cl\u00ednicos aumentar su productividad con acceso las 24 horas del d\u00eda, los 7 d\u00edas de la semana, a funciones importantes, como la posibilidad de crear perfiles de pacientes, enviar solicitudes de viaje y gestionar los reembolsos a los pacientes, incluso cuando est\u00e1n fuera de la oficina utilizando un dispositivo m\u00f3vil. Los coordinadores de los centros pueden eliminar la necesidad de comunicaciones por correo electr\u00f3nico inseguras y pueden establecer f\u00e1cilmente directrices de viaje y tarifas de reembolso a los pacientes, de modo que los coordinadores de viajes y gastos de Colpitts Clinical puedan garantizar una log\u00edstica de viaje precisa.<\/p>\n<p>El portal permite una comunicaci\u00f3n fluida, segura y conforme a la normativa, lo cual es esencial cuando los centros de ensayo se encuentran repartidos por todo el mundo. Los coordinadores de centros y los coordinadores de viajes ya no tienen que coordinar llamadas entre diferentes zonas horarias. El portal no solo es f\u00e1cil de usar, sino que tambi\u00e9n ofrece el nivel de seguridad necesario para los registros de ensayos cl\u00ednicos.<\/p>\n<p>A medida que el costo de realizar ensayos cl\u00ednicos sigue aumentando, la naturaleza sin papel del portal Colpitts Clinical proporciona un valioso ahorro de tiempo, impresi\u00f3n y gastos de env\u00edo. Los clientes han reconocido r\u00e1pidamente las ventajas del portal, que tiene una tasa de utilizaci\u00f3n del 92%.<\/p>\n<p>El siglo XXI presenta numerosos retos en materia de recopilaci\u00f3n de datos, y el portal Colpitts Clinical aprovecha la \u00faltima tecnolog\u00eda para hacer frente a estos retos. Seguir\u00e1 evolucionando y adapt\u00e1ndose para satisfacer las necesidades de los patrocinadores de ensayos cl\u00ednicos, las CRO y los centros de ensayos.<\/p>\n\n\t<div class=\"clearboth\"><\/div>\n<\/div>\n\n\t<\/div>\n<\/div>\n\t\t\n\t\t<\/div>\t\n\t<\/div>\n\n\n\t<div class=\"mk-main-wrapper-holder\">\n\t\t<div class=\"theme-page-wrapper full-layout mk-grid vc_row-fluid no-padding\">\n\t\t\t<div class=\"theme-content no-padding\">\n\n\t\t\t\t<\/div><\/div><\/div>\n\t\n<div  class=\"wpb_row vc_row vc_row-fluid  mk-fullwidth-true  attched-false    vc_custom_1639379458079  js-master-row\">\n\t\t\n\t\t\t\n<div style=\"\" class=\"vc_col-sm-12 wpb_column column_container  _ height-full\">\n\t\n<h2 id=\"fancy-title-3\" class=\"mk-fancy-title  simple-style   color-single\">\n\t<span>\n\t\t\t\t\n<h2 style=\"text-align: center;\"><span style=\"font-family: arial, helvetica, sans-serif; color: #333999;\"><strong>\u00bfDesea tener acceso las 24 horas del d\u00eda, los 7 d\u00edas de la semana, para crear solicitudes de viaje y mejorar la productividad?<\/strong><\/span><\/h2>\n<p style=\"text-align: center;\"><span style=\"color: #179ed4;\">\n<div id=\"mk-button-4\" class=\"mk-button-container _ relative    block text-center\">\n\n\t\n\t\t<a id=\"Buton ID\" href=\"https:\/\/colpittsclinical.com\/es_mx\/contact-us\/\"   target=\"_self\" class=\"mk-button js-smooth-scroll mk-button--dimension-three mk-button--size-medium mk-button--corner-pointed text-color-light _ relative text-center font-weight-700 no-backface  letter-spacing-1 inline\">\n\t\t\t\t\t\t \n\t\t\t<span class=\"mk-button--text\">Llame a uno de nuestros expertos<\/span>\n\t\t\t\t\t<\/a>\n\n\t\n<\/div>\n\t\t\t<\/span>\n<\/h2>\n<div class=\"clearboth\"><\/div>\n\n\n\n<\/div>\n\t<\/div>\n\n\n\t<div class=\"mk-main-wrapper-holder\">\n\t\t<div class=\"theme-page-wrapper full-layout mk-grid vc_row-fluid no-padding\">\n\t\t\t<div class=\"theme-content no-padding\">","protected":false},"excerpt":{"rendered":"TRIAL SITE MANAGER Colpitts Clinical\u2019s HIPAA and GDPR compliant portal allows trial Site Coordinators to boost their productivity with 24\/7 access to important features, including the ability to create patient profiles, submit travel requests, and manage patient reimbursements, even when they are on the go using a mobile device. Site Coordinators can eliminate the need [...]","protected":false},"author":1,"featured_media":0,"parent":0,"menu_order":0,"comment_status":"closed","ping_status":"closed","template":"","meta":{"_exactmetrics_skip_tracking":false,"_exactmetrics_sitenote_active":false,"_exactmetrics_sitenote_note":"","_exactmetrics_sitenote_category":0,"footnotes":""},"class_list":["post-261","page","type-page","status-publish","hentry"],"yoast_head":"<!-- This site is optimized with the Yoast SEO plugin v27.5 - https:\/\/yoast.com\/product\/yoast-seo-wordpress\/ -->\n<title>Trial Site Manager - Colpitts Clinical<\/title>\n<meta name=\"description\" content=\"Colpitts\u2019 HIPAA compliant portal allows site coordinators 24\/7 enhanced productivity access to create new patient profiles, travel requests, patient prepaid card requests, patient reimbursement, and more, including when they are on-the-go using a mobile device.\" \/>\n<meta name=\"robots\" content=\"index, follow, max-snippet:-1, max-image-preview:large, max-video-preview:-1\" \/>\n<link rel=\"canonical\" href=\"https:\/\/colpittsclinical.com\/es_mx\/trial-site-manager\/\" \/>\n<meta property=\"og:locale\" content=\"es_MX\" \/>\n<meta property=\"og:type\" content=\"article\" \/>\n<meta property=\"og:title\" content=\"Trial Site Manager - Colpitts Clinical\" \/>\n<meta property=\"og:description\" content=\"Colpitts\u2019 HIPAA compliant portal allows site coordinators 24\/7 enhanced productivity access to create new patient profiles, travel requests, patient prepaid card requests, patient reimbursement, and more, including when they are on-the-go using a mobile device.\" \/>\n<meta property=\"og:url\" content=\"https:\/\/colpittsclinical.com\/es_mx\/trial-site-manager\/\" \/>\n<meta property=\"og:site_name\" content=\"Colpitts Clinical\" \/>\n<meta property=\"article:publisher\" content=\"https:\/\/www.facebook.com\/ColpittsClinicalTrialTravel\/\" \/>\n<meta property=\"article:modified_time\" content=\"2024-10-02T21:07:08+00:00\" \/>\n<meta name=\"twitter:card\" content=\"summary_large_image\" \/>\n<meta name=\"twitter:label1\" content=\"Tiempo de lectura\" \/>\n\t<meta name=\"twitter:data1\" content=\"2 minutos\" \/>\n<script type=\"application\/ld+json\" class=\"yoast-schema-graph\">{\"@context\":\"https:\\\/\\\/schema.org\",\"@graph\":[{\"@type\":\"WebPage\",\"@id\":\"https:\\\/\\\/colpittsclinical.com\\\/trial-site-manager\\\/\",\"url\":\"https:\\\/\\\/colpittsclinical.com\\\/trial-site-manager\\\/\",\"name\":\"Trial Site Manager - Colpitts Clinical\",\"isPartOf\":{\"@id\":\"https:\\\/\\\/colpittsclinical.com\\\/#website\"},\"datePublished\":\"2017-08-14T01:42:24+00:00\",\"dateModified\":\"2024-10-02T21:07:08+00:00\",\"description\":\"Colpitts\u2019 HIPAA compliant portal allows site coordinators 24\\\/7 enhanced productivity access to create new patient profiles, travel requests, patient prepaid card requests, patient reimbursement, and more, including when they are on-the-go using a mobile device.\",\"breadcrumb\":{\"@id\":\"https:\\\/\\\/colpittsclinical.com\\\/trial-site-manager\\\/#breadcrumb\"},\"inLanguage\":\"es\",\"potentialAction\":[{\"@type\":\"ReadAction\",\"target\":[\"https:\\\/\\\/colpittsclinical.com\\\/trial-site-manager\\\/\"]}]},{\"@type\":\"BreadcrumbList\",\"@id\":\"https:\\\/\\\/colpittsclinical.com\\\/trial-site-manager\\\/#breadcrumb\",\"itemListElement\":[{\"@type\":\"ListItem\",\"position\":1,\"name\":\"Home\",\"item\":\"https:\\\/\\\/colpittsclinical.com\\\/\"},{\"@type\":\"ListItem\",\"position\":2,\"name\":\"Trial Site Manager\"}]},{\"@type\":\"WebSite\",\"@id\":\"https:\\\/\\\/colpittsclinical.com\\\/#website\",\"url\":\"https:\\\/\\\/colpittsclinical.com\\\/\",\"name\":\"Colpitts Clinical\",\"description\":\"patient-liaison\",\"publisher\":{\"@id\":\"https:\\\/\\\/colpittsclinical.com\\\/#organization\"},\"potentialAction\":[{\"@type\":\"SearchAction\",\"target\":{\"@type\":\"EntryPoint\",\"urlTemplate\":\"https:\\\/\\\/colpittsclinical.com\\\/?s={search_term_string}\"},\"query-input\":{\"@type\":\"PropertyValueSpecification\",\"valueRequired\":true,\"valueName\":\"search_term_string\"}}],\"inLanguage\":\"es\"},{\"@type\":\"Organization\",\"@id\":\"https:\\\/\\\/colpittsclinical.com\\\/#organization\",\"name\":\"Colpitts Clinical\",\"url\":\"https:\\\/\\\/colpittsclinical.com\\\/\",\"logo\":{\"@type\":\"ImageObject\",\"inLanguage\":\"es\",\"@id\":\"https:\\\/\\\/colpittsclinical.com\\\/#\\\/schema\\\/logo\\\/image\\\/\",\"url\":\"https:\\\/\\\/colpittsclinical.com\\\/wp-content\\\/uploads\\\/2017\\\/10\\\/cc-logo-212-1.png\",\"contentUrl\":\"https:\\\/\\\/colpittsclinical.com\\\/wp-content\\\/uploads\\\/2017\\\/10\\\/cc-logo-212-1.png\",\"width\":212,\"height\":48,\"caption\":\"Colpitts Clinical\"},\"image\":{\"@id\":\"https:\\\/\\\/colpittsclinical.com\\\/#\\\/schema\\\/logo\\\/image\\\/\"},\"sameAs\":[\"https:\\\/\\\/www.facebook.com\\\/ColpittsClinicalTrialTravel\\\/\",\"https:\\\/\\\/www.linkedin.com\\\/company\\\/colpittsclinical\\\/\"]}]}<\/script>\n<!-- \/ Yoast SEO plugin. -->","yoast_head_json":{"title":"Trial Site Manager - Colpitts Clinical","description":"Colpitts\u2019 HIPAA compliant portal allows site coordinators 24\/7 enhanced productivity access to create new patient profiles, travel requests, patient prepaid card requests, patient reimbursement, and more, including when they are on-the-go using a mobile device.","robots":{"index":"index","follow":"follow","max-snippet":"max-snippet:-1","max-image-preview":"max-image-preview:large","max-video-preview":"max-video-preview:-1"},"canonical":"https:\/\/colpittsclinical.com\/es_mx\/trial-site-manager\/","og_locale":"es_MX","og_type":"article","og_title":"Trial Site Manager - Colpitts Clinical","og_description":"Colpitts\u2019 HIPAA compliant portal allows site coordinators 24\/7 enhanced productivity access to create new patient profiles, travel requests, patient prepaid card requests, patient reimbursement, and more, including when they are on-the-go using a mobile device.","og_url":"https:\/\/colpittsclinical.com\/es_mx\/trial-site-manager\/","og_site_name":"Colpitts Clinical","article_publisher":"https:\/\/www.facebook.com\/ColpittsClinicalTrialTravel\/","article_modified_time":"2024-10-02T21:07:08+00:00","twitter_card":"summary_large_image","twitter_misc":{"Tiempo de lectura":"2 minutos"},"schema":{"@context":"https:\/\/schema.org","@graph":[{"@type":"WebPage","@id":"https:\/\/colpittsclinical.com\/trial-site-manager\/","url":"https:\/\/colpittsclinical.com\/trial-site-manager\/","name":"Trial Site Manager - Colpitts Clinical","isPartOf":{"@id":"https:\/\/colpittsclinical.com\/#website"},"datePublished":"2017-08-14T01:42:24+00:00","dateModified":"2024-10-02T21:07:08+00:00","description":"Colpitts\u2019 HIPAA compliant portal allows site coordinators 24\/7 enhanced productivity access to create new patient profiles, travel requests, patient prepaid card requests, patient reimbursement, and more, including when they are on-the-go using a mobile device.","breadcrumb":{"@id":"https:\/\/colpittsclinical.com\/trial-site-manager\/#breadcrumb"},"inLanguage":"es","potentialAction":[{"@type":"ReadAction","target":["https:\/\/colpittsclinical.com\/trial-site-manager\/"]}]},{"@type":"BreadcrumbList","@id":"https:\/\/colpittsclinical.com\/trial-site-manager\/#breadcrumb","itemListElement":[{"@type":"ListItem","position":1,"name":"Home","item":"https:\/\/colpittsclinical.com\/"},{"@type":"ListItem","position":2,"name":"Trial Site Manager"}]},{"@type":"WebSite","@id":"https:\/\/colpittsclinical.com\/#website","url":"https:\/\/colpittsclinical.com\/","name":"Colpitts Cl\u00ednica","description":"enlace con el paciente","publisher":{"@id":"https:\/\/colpittsclinical.com\/#organization"},"potentialAction":[{"@type":"SearchAction","target":{"@type":"EntryPoint","urlTemplate":"https:\/\/colpittsclinical.com\/?s={search_term_string}"},"query-input":{"@type":"PropertyValueSpecification","valueRequired":true,"valueName":"search_term_string"}}],"inLanguage":"es"},{"@type":"Organization","@id":"https:\/\/colpittsclinical.com\/#organization","name":"Colpitts Cl\u00ednica","url":"https:\/\/colpittsclinical.com\/","logo":{"@type":"ImageObject","inLanguage":"es","@id":"https:\/\/colpittsclinical.com\/#\/schema\/logo\/image\/","url":"https:\/\/colpittsclinical.com\/wp-content\/uploads\/2017\/10\/cc-logo-212-1.png","contentUrl":"https:\/\/colpittsclinical.com\/wp-content\/uploads\/2017\/10\/cc-logo-212-1.png","width":212,"height":48,"caption":"Colpitts Clinical"},"image":{"@id":"https:\/\/colpittsclinical.com\/#\/schema\/logo\/image\/"},"sameAs":["https:\/\/www.facebook.com\/ColpittsClinicalTrialTravel\/","https:\/\/www.linkedin.com\/company\/colpittsclinical\/"]}]}},"jetpack_sharing_enabled":true,"post_mailing_queue_ids":[],"_links":{"self":[{"href":"https:\/\/colpittsclinical.com\/es_mx\/wp-json\/wp\/v2\/pages\/261","targetHints":{"allow":["GET"]}}],"collection":[{"href":"https:\/\/colpittsclinical.com\/es_mx\/wp-json\/wp\/v2\/pages"}],"about":[{"href":"https:\/\/colpittsclinical.com\/es_mx\/wp-json\/wp\/v2\/types\/page"}],"author":[{"embeddable":true,"href":"https:\/\/colpittsclinical.com\/es_mx\/wp-json\/wp\/v2\/users\/1"}],"replies":[{"embeddable":true,"href":"https:\/\/colpittsclinical.com\/es_mx\/wp-json\/wp\/v2\/comments?post=261"}],"version-history":[{"count":32,"href":"https:\/\/colpittsclinical.com\/es_mx\/wp-json\/wp\/v2\/pages\/261\/revisions"}],"predecessor-version":[{"id":5802,"href":"https:\/\/colpittsclinical.com\/es_mx\/wp-json\/wp\/v2\/pages\/261\/revisions\/5802"}],"wp:attachment":[{"href":"https:\/\/colpittsclinical.com\/es_mx\/wp-json\/wp\/v2\/media?parent=261"}],"curies":[{"name":"wp","href":"https:\/\/api.w.org\/{rel}","templated":true}]}}