{"id":256,"date":"2017-07-24T01:17:46","date_gmt":"2017-07-24T05:17:46","guid":{"rendered":"https:\/\/colpittsclinical.com\/?page_id=256"},"modified":"2026-03-06T14:21:03","modified_gmt":"2026-03-06T19:21:03","slug":"clinical-trial-payments","status":"publish","type":"page","link":"https:\/\/colpittsclinical.com\/es_mx\/clinical-trial-payments\/","title":{"rendered":"Pagos por ensayos cl\u00ednicos"},"content":{"rendered":"<div  class=\"wpb_row vc_row vc_row-fluid  mk-fullwidth-false  attched-false     js-master-row\">\n\t\t\n\t\t\t\n<div style=\"\" class=\"vc_col-sm-12 wpb_column column_container  _ height-full\">\n\t<div class=\"wpb_layerslider_element wpb_content_element\"><script data-cfasync=\"false\" type=\"text\/javascript\">var lsjQuery = jQuery;<\/script><script data-cfasync=\"false\" type=\"text\/javascript\">\r\nlsjQuery(document).ready(function() {\r\nif(typeof lsjQuery.fn.layerSlider == \"undefined\") {\r\nif( window._layerSlider && window._layerSlider.showNotice) { \r\nwindow._layerSlider.showNotice('layerslider_38','jquery');\r\n}\r\n} else {\r\nlsjQuery(\"#layerslider_38\").layerSlider({sliderVersion: '6.5.7', type: 'fullwidth', navPrevNext: false, hoverPrevNext: false, navStartStop: false, navButtons: false, showCircleTimer: false, popupWidth: 640, popupHeight: 360, skinsPath: 'https:\/\/colpittsclinical.com\/wp-content\/plugins\/LayerSlider\/static\/layerslider\/skins\/'});\r\n}\r\n});\r\n<\/script><div id=\"layerslider_38\" class=\"ls-wp-container fitvidsignore\" style=\"width:1920px;height:600px;margin:0 auto;margin-bottom: 0px;\"><div class=\"ls-slide\" data-ls=\"kenburnsscale:1.2;\"><img loading=\"lazy\" decoding=\"async\" width=\"2172\" height=\"810\" src=\"https:\/\/i0.wp.com\/colpittsclinical.com\/wp-content\/uploads\/2024\/07\/trial-payments-1.jpg?fit=2172%2C810&amp;ssl=1\" class=\"ls-bg\" alt=\"Clinical Trial Payments\" srcset=\"https:\/\/i0.wp.com\/colpittsclinical.com\/wp-content\/uploads\/2024\/07\/trial-payments-1.jpg?w=2172&amp;ssl=1 2172w, https:\/\/i0.wp.com\/colpittsclinical.com\/wp-content\/uploads\/2024\/07\/trial-payments-1.jpg?resize=300%2C112&amp;ssl=1 300w, https:\/\/i0.wp.com\/colpittsclinical.com\/wp-content\/uploads\/2024\/07\/trial-payments-1.jpg?resize=1024%2C382&amp;ssl=1 1024w, https:\/\/i0.wp.com\/colpittsclinical.com\/wp-content\/uploads\/2024\/07\/trial-payments-1.jpg?resize=768%2C286&amp;ssl=1 768w, https:\/\/i0.wp.com\/colpittsclinical.com\/wp-content\/uploads\/2024\/07\/trial-payments-1.jpg?resize=1536%2C573&amp;ssl=1 1536w, https:\/\/i0.wp.com\/colpittsclinical.com\/wp-content\/uploads\/2024\/07\/trial-payments-1.jpg?resize=2048%2C764&amp;ssl=1 2048w, https:\/\/i0.wp.com\/colpittsclinical.com\/wp-content\/uploads\/2024\/07\/trial-payments-1.jpg?resize=640%2C239&amp;ssl=1 640w\" sizes=\"auto, (max-width: 1140px) 100vw, 1140px\" itemprop=\"image\" \/><h1 style=\"white-space: normal;top:222px;left:41px;text-align:center;font-weight:500;font-style:normal;text-decoration:none;wordwrap:true;opacity:1;font-family:Georgia;font-size:65px;width:700px;color:#ffffff;line-height:80px;\" class=\"ls-l\">PAGOS POR ENSAYOS CL\u00cdNICOS\n<\/h1><\/div><\/div><\/div><\/div>\n\t<\/div>\n\n\n<div  class=\"wpb_row vc_row vc_row-fluid  mk-fullwidth-false  attched-false     js-master-row\">\n\t\t\n\t\t\t\n<div style=\"\" class=\"vc_col-sm-12 wpb_column column_container  _ height-full\">\n\t<div class=\"vc_empty_space\"   style=\"height: 28px\" ><span class=\"vc_empty_space_inner\"><\/span><\/div>\n<\/div>\n\t<\/div>\n\n\t<\/div><\/div><\/div>\n\t\n<div  class=\"wpb_row vc_row vc_row-fluid  mk-fullwidth-true  attched-false     js-master-row\">\n\t\t\t<div class=\"mk-grid\">\n\t\t\n\t\t\t\n<div style=\"\" class=\"vc_col-sm-12 wpb_column column_container  _ height-full\">\n\t\t<div class=\"vc_custom_1721329530197\">\n\n<div id=\"text-block-1\" class=\"mk-text-block\">\n\n\t\n\t<h1><span style=\"color: #333399; font-family: arial, helvetica, sans-serif;\">SIMPLIFIQUE Y AGILICE LOS DIARIAS O REEMBOLSOS DE LOS PARTICIPANTES CON LA TARJETA VISA RECARGABLE DE COLPITTS CLINICAL.<\/span><\/h1>\n\n\t<div class=\"clearboth\"><\/div>\n<\/div>\n\n\t<\/div>\n\t<div class=\"vc_custom_1678986612273\">\n\n<div id=\"text-block-2\" class=\"mk-text-block\">\n\n\t\n\t<p>Colpitts Clinical ha gestionado con \u00e9xito m\u00e1s de $5 millones en gastos de ensayos cl\u00ednicos solo en el \u00faltimo a\u00f1o. Mejore la eficiencia de su ensayo con tarjetas Visa recargables que minimizan la carga administrativa y proporcionan tranquilidad a los participantes, que no tendr\u00e1n que esperar semanas o meses para recibir el reembolso.<\/p>\n<p>Los participantes reciben pagos diarios o reembolsos a trav\u00e9s de tarjetas Visa recargables, enviadas por Colpitts Clinical. Los pacientes reciben instrucciones claras sobre c\u00f3mo y d\u00f3nde utilizar sus tarjetas, as\u00ed como informaci\u00f3n sobre los gastos aprobados por el patrocinador del ensayo. En caso de que se prolongue la participaci\u00f3n del participante en el ensayo, se puede seguir acreditando f\u00e1cilmente en su tarjeta cualquier pago diario prepagado o reembolso de gastos que permita el estudio. Colpitts Clinical ofrece un servicio personal y confidencial a los pacientes a la hora de organizar sus desplazamientos y compensaciones. Trabajamos con varias empresas l\u00edderes en biotecnolog\u00eda, farmac\u00e9uticas y CRO, y comprendemos la importancia de proteger la informaci\u00f3n confidencial.<\/p>\n\n\t<div class=\"clearboth\"><\/div>\n<\/div>\n\n\t<\/div>\n\n<div class=\"mk-custom-box hover-effect-image\" id=\"box-3\">\n\t<div class=\"box-holder\">\t<div class=\"vc_custom_1730355721850\">\n\n<div id=\"text-block-4\" class=\"mk-text-block\">\n\n\t\n\t<h1 style=\"padding-left: 30px;\"><span style=\"font-size: 24pt; color: #808080;\">VENTAJAS DE UTILIZAR LA TARJETA VISA RECARGABLE<\/span><\/h1>\n<ul style=\"color: #808080;\">\n<li><span style=\"color: #808080;\">Disponible para su uso en m\u00e1s de 200 pa\u00edses donde se acepta Visa.<\/span><\/li>\n<li><span data-olk-copy-source=\"MessageBody\">Las tarjetas Visa recargables tienen una validez de 5 a\u00f1os.<\/span><\/li>\n<li>Sin cuotas mensuales.<\/li>\n<li><span style=\"color: #808080;\">Estas tarjetas, que cuentan con un chip y solo requieren una firma, ofrecen una opci\u00f3n segura y c\u00f3moda para los pacientes.<\/span><\/li>\n<li><span style=\"color: #808080;\">M\u00e1s rentables que los cheques tradicionales en papel, las tarjetas Visa recargables de Colpitts Clinical pueden cargarse con diferentes cantidades y permiten a los pacientes acceder de forma inmediata a sus fondos.<\/span><\/li>\n<li><span style=\"color: #808080;\">Hay disponible acceso m\u00f3vil y atenci\u00f3n al cliente en varios idiomas las 24 horas del d\u00eda, los 7 d\u00edas de la semana, para ayudar a los pacientes a consultar sus saldos y responder a cualquier pregunta que puedan tener.<\/span><\/li>\n<li><span style=\"color: #808080;\">Los coordinadores de gastos de Colpitts Clinical gestionan nuestras tarjetas Visa recargables y, en caso de p\u00e9rdida o robo de una tarjeta, los pacientes se ponen en contacto con los coordinadores de gastos de Colpitts Clinical para obtener ayuda. Nuestros coordinadores de gastos pueden emitir r\u00e1pidamente una nueva tarjeta y transferir los fondos restantes a la tarjeta de reemplazo.<\/span><\/li>\n<\/ul>\n\n\t<div class=\"clearboth\"><\/div>\n<\/div>\n\n\t<\/div>\n\t<div class=\"vc_custom_1678986635483\">\n\n<div id=\"text-block-5\" class=\"mk-text-block\">\n\n\t\n\t<p><span style=\"font-family: arial, helvetica, sans-serif;\"><span style=\"font-family: 'arial black', sans-serif;\">NOTA:<\/span><b><br>\n<\/b>Para los pacientes que se encuentren fuera de Norteam\u00e9rica y la UE, existe una soluci\u00f3n de pago alternativa en forma de transferencia bancaria electr\u00f3nica para los pa\u00edses en los que la aceptaci\u00f3n de Visa es limitada.<br>\n<\/span><\/p>\n\n\t<div class=\"clearboth\"><\/div>\n<\/div>\n\n\t<\/div>\n\n\t\t<div class=\"clearfix\"><\/div>\n\t<\/div>\n<\/div> <\/div>\n\t\t\n\t\t<\/div>\t\n\t<\/div>\n\n\n\t<div class=\"mk-main-wrapper-holder\">\n\t\t<div class=\"theme-page-wrapper full-layout mk-grid vc_row-fluid no-padding\">\n\t\t\t<div class=\"theme-content no-padding\">\n\n\t\t\t\t<\/div><\/div><\/div>\n\t\n<div  class=\"wpb_row vc_row vc_row-fluid  mk-fullwidth-true  attched-false    vc_custom_1507952751794  js-master-row\">\n\t\t\t<div class=\"mk-grid\">\n\t\t\n\t\t\t\n<div style=\"\" class=\"vc_col-sm-12 wpb_column column_container vc_custom_1507950914948  _ height-full\">\n\t\t<div class=\"vc_custom_1772824841551\">\n\n<div id=\"text-block-6\" class=\"mk-text-block\">\n\n\t\n\t<h1><span style=\"color: #808080; font-family: arial, helvetica, sans-serif;\">Pagos de gesti\u00f3n de estipendios<\/span><\/h1>\n<ul>\n<li>Remuneraci\u00f3n: Se paga al paciente por su participaci\u00f3n (por ejemplo, pagos por hitos, compensaci\u00f3n, salarios perdidos, etc.); esto no es lo mismo que las dietas o los reembolsos por los gastos pagados por el paciente. Las remuneraciones se consideran imponibles en los Estados Unidos si el participante recibe $600 o m\u00e1s en un a\u00f1o calendario.<\/li>\n<li>Colpitts Clinical ofrece servicios integrales de administraci\u00f3n de estipendios, entre los que se incluyen:\n<ul>\n<li>Soluciones personalizables para patrocinadores de ciudadanos estadounidenses.<\/li>\n<li>Recopilaci\u00f3n de formularios W9 de los pacientes.<\/li>\n<li>Seguimiento de todos los pagos durante el juicio<\/li>\n<li>Facturaci\u00f3n mensual de los estipendios con detalles de pago.<\/li>\n<li>Acreditar estipendios en una tarjeta Visa recargable<\/li>\n<li>Emisi\u00f3n del formulario 1099 del IRS de EE. UU. a cada participante que haya recibido m\u00e1s de $2,000 en concepto de pagos de estipendios.<\/li>\n<\/ul>\n<\/li>\n<\/ul>\n\n\t<div class=\"clearboth\"><\/div>\n<\/div>\n\n\t<\/div>\n<div class=\"vc_empty_space\"   style=\"height: 28px\" ><span class=\"vc_empty_space_inner\"><\/span><\/div>\n<\/div>\n\t\t\n\t\t<\/div>\t\n\t<\/div>\n\n\n\t<div class=\"mk-main-wrapper-holder\">\n\t\t<div class=\"theme-page-wrapper full-layout mk-grid vc_row-fluid no-padding\">\n\t\t\t<div class=\"theme-content no-padding\">\n\n\t\t\t\t<\/div><\/div><\/div>\n\t\n<div  class=\"wpb_row vc_row vc_row-fluid  mk-fullwidth-true  attched-false    vc_custom_1639375347930  js-master-row\">\n\t\t\n\t\t\t\n<div style=\"\" class=\"vc_col-sm-12 wpb_column column_container  _ height-full\">\n\t\n<h2 id=\"fancy-title-7\" class=\"mk-fancy-title  simple-style   color-single\">\n\t<span>\n\t\t\t\t\n<h2 style=\"text-align: center;\"><span style=\"color: #333399;\"><strong><span style=\"font-family: arial, helvetica, sans-serif;\">\u00bfBusca una soluci\u00f3n m\u00e1s rentable para su ensayo cl\u00ednico?<\/span><\/strong><\/span><\/h2>\n<p style=\"text-align: center;\">\n<div id=\"mk-button-8\" class=\"mk-button-container _ relative    block text-center\">\n\n\t\n\t\t<a id=\"Buton ID\" href=\"https:\/\/colpittsclinical.com\/es_mx\/contact-us\/\"   target=\"_self\" class=\"mk-button js-smooth-scroll mk-button--dimension-three mk-button--size-medium mk-button--corner-pointed text-color-light _ relative text-center font-weight-700 no-backface  letter-spacing-1 inline\">\n\t\t\t\t\t\t \n\t\t\t<span class=\"mk-button--text\">Comenzar<\/span>\n\t\t\t\t\t<\/a>\n\n\t\n<\/div>\n\t\t\t<\/span>\n<\/h2>\n<div class=\"clearboth\"><\/div>\n\n\n\n<\/div>\n\t<\/div>\n\n\n\t<div class=\"mk-main-wrapper-holder\">\n\t\t<div class=\"theme-page-wrapper full-layout mk-grid vc_row-fluid no-padding\">\n\t\t\t<div class=\"theme-content no-padding\">","protected":false},"excerpt":{"rendered":"var lsjQuery = jQuery; lsjQuery(document).ready(function() { if(typeof lsjQuery.fn.layerSlider == \"undefined\") { if( window._layerSlider && window._layerSlider.showNotice) { window._layerSlider.showNotice('layerslider_38_2','jquery'); } } else { lsjQuery(\"#layerslider_38_2\").layerSlider({sliderVersion: '6.5.7', type: 'fullwidth', navPrevNext: false, hoverPrevNext: false, navStartStop: false, navButtons: false, showCircleTimer: false, popupWidth: 640, popupHeight: 360, skinsPath: 'https:\/\/colpittsclinical.com\/wp-content\/plugins\/LayerSlider\/static\/layerslider\/skins\/'}); } }); CLINICAL TRIAL PAYMENTS SIMPLIFY AND SPEED UP PARTICIPANT PER DIEMS OR REIMBURSEMENTS [...]","protected":false},"author":1,"featured_media":0,"parent":0,"menu_order":0,"comment_status":"closed","ping_status":"closed","template":"","meta":{"_exactmetrics_skip_tracking":false,"_exactmetrics_sitenote_active":false,"_exactmetrics_sitenote_note":"","_exactmetrics_sitenote_category":0,"footnotes":""},"class_list":["post-256","page","type-page","status-publish","hentry"],"yoast_head":"<!-- This site is optimized with the Yoast SEO plugin v27.5 - https:\/\/yoast.com\/product\/yoast-seo-wordpress\/ -->\n<title>Clinical Trial Payments - Colpitts Clinical<\/title>\n<meta name=\"description\" content=\"Colpitts Clinical has managed over $5 million in trial expenses just in the past year alone. Manage your trial smarter with Reloadable Prepaid Cards that reduce administrative hassle and reassure patients that they won\u2019t be waiting weeks or months for reimbursement.\" \/>\n<meta name=\"robots\" content=\"index, follow, max-snippet:-1, max-image-preview:large, max-video-preview:-1\" \/>\n<link rel=\"canonical\" href=\"https:\/\/colpittsclinical.com\/es_mx\/clinical-trial-payments\/\" \/>\n<meta property=\"og:locale\" content=\"es_MX\" \/>\n<meta property=\"og:type\" content=\"article\" \/>\n<meta property=\"og:title\" content=\"Clinical Trial Payments - Colpitts Clinical\" \/>\n<meta property=\"og:description\" content=\"Colpitts Clinical has managed over $5 million in trial expenses just in the past year alone. Manage your trial smarter with Reloadable Prepaid Cards that reduce administrative hassle and reassure patients that they won\u2019t be waiting weeks or months for reimbursement.\" \/>\n<meta property=\"og:url\" content=\"https:\/\/colpittsclinical.com\/es_mx\/clinical-trial-payments\/\" \/>\n<meta property=\"og:site_name\" content=\"Colpitts Clinical\" \/>\n<meta property=\"article:publisher\" content=\"https:\/\/www.facebook.com\/ColpittsClinicalTrialTravel\/\" \/>\n<meta property=\"article:modified_time\" content=\"2026-03-06T19:21:03+00:00\" \/>\n<meta name=\"twitter:card\" content=\"summary_large_image\" \/>\n<meta name=\"twitter:label1\" content=\"Tiempo de lectura\" \/>\n\t<meta name=\"twitter:data1\" content=\"3 minutos\" \/>\n<script type=\"application\/ld+json\" class=\"yoast-schema-graph\">{\"@context\":\"https:\\\/\\\/schema.org\",\"@graph\":[{\"@type\":\"WebPage\",\"@id\":\"https:\\\/\\\/colpittsclinical.com\\\/clinical-trial-payments\\\/\",\"url\":\"https:\\\/\\\/colpittsclinical.com\\\/clinical-trial-payments\\\/\",\"name\":\"Clinical Trial Payments - Colpitts Clinical\",\"isPartOf\":{\"@id\":\"https:\\\/\\\/colpittsclinical.com\\\/#website\"},\"datePublished\":\"2017-07-24T05:17:46+00:00\",\"dateModified\":\"2026-03-06T19:21:03+00:00\",\"description\":\"Colpitts Clinical has managed over $5 million in trial expenses just in the past year alone. Manage your trial smarter with Reloadable Prepaid Cards that reduce administrative hassle and reassure patients that they won\u2019t be waiting weeks or months for reimbursement.\",\"breadcrumb\":{\"@id\":\"https:\\\/\\\/colpittsclinical.com\\\/clinical-trial-payments\\\/#breadcrumb\"},\"inLanguage\":\"es\",\"potentialAction\":[{\"@type\":\"ReadAction\",\"target\":[\"https:\\\/\\\/colpittsclinical.com\\\/clinical-trial-payments\\\/\"]}]},{\"@type\":\"BreadcrumbList\",\"@id\":\"https:\\\/\\\/colpittsclinical.com\\\/clinical-trial-payments\\\/#breadcrumb\",\"itemListElement\":[{\"@type\":\"ListItem\",\"position\":1,\"name\":\"Home\",\"item\":\"https:\\\/\\\/colpittsclinical.com\\\/\"},{\"@type\":\"ListItem\",\"position\":2,\"name\":\"Clinical Trial Payments\"}]},{\"@type\":\"WebSite\",\"@id\":\"https:\\\/\\\/colpittsclinical.com\\\/#website\",\"url\":\"https:\\\/\\\/colpittsclinical.com\\\/\",\"name\":\"Colpitts Clinical\",\"description\":\"patient-liaison\",\"publisher\":{\"@id\":\"https:\\\/\\\/colpittsclinical.com\\\/#organization\"},\"potentialAction\":[{\"@type\":\"SearchAction\",\"target\":{\"@type\":\"EntryPoint\",\"urlTemplate\":\"https:\\\/\\\/colpittsclinical.com\\\/?s={search_term_string}\"},\"query-input\":{\"@type\":\"PropertyValueSpecification\",\"valueRequired\":true,\"valueName\":\"search_term_string\"}}],\"inLanguage\":\"es\"},{\"@type\":\"Organization\",\"@id\":\"https:\\\/\\\/colpittsclinical.com\\\/#organization\",\"name\":\"Colpitts Clinical\",\"url\":\"https:\\\/\\\/colpittsclinical.com\\\/\",\"logo\":{\"@type\":\"ImageObject\",\"inLanguage\":\"es\",\"@id\":\"https:\\\/\\\/colpittsclinical.com\\\/#\\\/schema\\\/logo\\\/image\\\/\",\"url\":\"https:\\\/\\\/colpittsclinical.com\\\/wp-content\\\/uploads\\\/2017\\\/10\\\/cc-logo-212-1.png\",\"contentUrl\":\"https:\\\/\\\/colpittsclinical.com\\\/wp-content\\\/uploads\\\/2017\\\/10\\\/cc-logo-212-1.png\",\"width\":212,\"height\":48,\"caption\":\"Colpitts Clinical\"},\"image\":{\"@id\":\"https:\\\/\\\/colpittsclinical.com\\\/#\\\/schema\\\/logo\\\/image\\\/\"},\"sameAs\":[\"https:\\\/\\\/www.facebook.com\\\/ColpittsClinicalTrialTravel\\\/\",\"https:\\\/\\\/www.linkedin.com\\\/company\\\/colpittsclinical\\\/\"]}]}<\/script>\n<!-- \/ Yoast SEO plugin. -->","yoast_head_json":{"title":"Clinical Trial Payments - Colpitts Clinical","description":"Colpitts Clinical has managed over $5 million in trial expenses just in the past year alone. Manage your trial smarter with Reloadable Prepaid Cards that reduce administrative hassle and reassure patients that they won\u2019t be waiting weeks or months for reimbursement.","robots":{"index":"index","follow":"follow","max-snippet":"max-snippet:-1","max-image-preview":"max-image-preview:large","max-video-preview":"max-video-preview:-1"},"canonical":"https:\/\/colpittsclinical.com\/es_mx\/clinical-trial-payments\/","og_locale":"es_MX","og_type":"article","og_title":"Clinical Trial Payments - Colpitts Clinical","og_description":"Colpitts Clinical has managed over $5 million in trial expenses just in the past year alone. Manage your trial smarter with Reloadable Prepaid Cards that reduce administrative hassle and reassure patients that they won\u2019t be waiting weeks or months for reimbursement.","og_url":"https:\/\/colpittsclinical.com\/es_mx\/clinical-trial-payments\/","og_site_name":"Colpitts Clinical","article_publisher":"https:\/\/www.facebook.com\/ColpittsClinicalTrialTravel\/","article_modified_time":"2026-03-06T19:21:03+00:00","twitter_card":"summary_large_image","twitter_misc":{"Tiempo de lectura":"3 minutos"},"schema":{"@context":"https:\/\/schema.org","@graph":[{"@type":"WebPage","@id":"https:\/\/colpittsclinical.com\/clinical-trial-payments\/","url":"https:\/\/colpittsclinical.com\/clinical-trial-payments\/","name":"Clinical Trial Payments - Colpitts Clinical","isPartOf":{"@id":"https:\/\/colpittsclinical.com\/#website"},"datePublished":"2017-07-24T05:17:46+00:00","dateModified":"2026-03-06T19:21:03+00:00","description":"Colpitts Clinical has managed over $5 million in trial expenses just in the past year alone. Manage your trial smarter with Reloadable Prepaid Cards that reduce administrative hassle and reassure patients that they won\u2019t be waiting weeks or months for reimbursement.","breadcrumb":{"@id":"https:\/\/colpittsclinical.com\/clinical-trial-payments\/#breadcrumb"},"inLanguage":"es","potentialAction":[{"@type":"ReadAction","target":["https:\/\/colpittsclinical.com\/clinical-trial-payments\/"]}]},{"@type":"BreadcrumbList","@id":"https:\/\/colpittsclinical.com\/clinical-trial-payments\/#breadcrumb","itemListElement":[{"@type":"ListItem","position":1,"name":"Home","item":"https:\/\/colpittsclinical.com\/"},{"@type":"ListItem","position":2,"name":"Clinical Trial Payments"}]},{"@type":"WebSite","@id":"https:\/\/colpittsclinical.com\/#website","url":"https:\/\/colpittsclinical.com\/","name":"Colpitts Cl\u00ednica","description":"enlace con el paciente","publisher":{"@id":"https:\/\/colpittsclinical.com\/#organization"},"potentialAction":[{"@type":"SearchAction","target":{"@type":"EntryPoint","urlTemplate":"https:\/\/colpittsclinical.com\/?s={search_term_string}"},"query-input":{"@type":"PropertyValueSpecification","valueRequired":true,"valueName":"search_term_string"}}],"inLanguage":"es"},{"@type":"Organization","@id":"https:\/\/colpittsclinical.com\/#organization","name":"Colpitts Cl\u00ednica","url":"https:\/\/colpittsclinical.com\/","logo":{"@type":"ImageObject","inLanguage":"es","@id":"https:\/\/colpittsclinical.com\/#\/schema\/logo\/image\/","url":"https:\/\/colpittsclinical.com\/wp-content\/uploads\/2017\/10\/cc-logo-212-1.png","contentUrl":"https:\/\/colpittsclinical.com\/wp-content\/uploads\/2017\/10\/cc-logo-212-1.png","width":212,"height":48,"caption":"Colpitts Clinical"},"image":{"@id":"https:\/\/colpittsclinical.com\/#\/schema\/logo\/image\/"},"sameAs":["https:\/\/www.facebook.com\/ColpittsClinicalTrialTravel\/","https:\/\/www.linkedin.com\/company\/colpittsclinical\/"]}]}},"jetpack_sharing_enabled":true,"post_mailing_queue_ids":[],"_links":{"self":[{"href":"https:\/\/colpittsclinical.com\/es_mx\/wp-json\/wp\/v2\/pages\/256","targetHints":{"allow":["GET"]}}],"collection":[{"href":"https:\/\/colpittsclinical.com\/es_mx\/wp-json\/wp\/v2\/pages"}],"about":[{"href":"https:\/\/colpittsclinical.com\/es_mx\/wp-json\/wp\/v2\/types\/page"}],"author":[{"embeddable":true,"href":"https:\/\/colpittsclinical.com\/es_mx\/wp-json\/wp\/v2\/users\/1"}],"replies":[{"embeddable":true,"href":"https:\/\/colpittsclinical.com\/es_mx\/wp-json\/wp\/v2\/comments?post=256"}],"version-history":[{"count":150,"href":"https:\/\/colpittsclinical.com\/es_mx\/wp-json\/wp\/v2\/pages\/256\/revisions"}],"predecessor-version":[{"id":6583,"href":"https:\/\/colpittsclinical.com\/es_mx\/wp-json\/wp\/v2\/pages\/256\/revisions\/6583"}],"wp:attachment":[{"href":"https:\/\/colpittsclinical.com\/es_mx\/wp-json\/wp\/v2\/media?parent=256"}],"curies":[{"name":"wp","href":"https:\/\/api.w.org\/{rel}","templated":true}]}}