{"id":2635,"date":"2018-04-19T14:41:30","date_gmt":"2018-04-19T18:41:30","guid":{"rendered":"https:\/\/colpittsclinical.com\/?page_id=2635"},"modified":"2026-02-19T13:41:05","modified_gmt":"2026-02-19T18:41:05","slug":"positions-available","status":"publish","type":"page","link":"https:\/\/colpittsclinical.com\/es\/positions-available\/","title":{"rendered":"Positions Available"},"content":{"rendered":"<div  class=\"wpb_row vc_row vc_row-fluid  mk-fullwidth-false  attched-false    vc_custom_1649269568364  js-master-row\">\n\t\t\n\t\t\t\n<div style=\"\" class=\"vc_col-sm-12 wpb_column column_container  _ height-full\">\n\t<script data-cfasync=\"false\" type=\"text\/javascript\">var lsjQuery = jQuery;<\/script><script data-cfasync=\"false\" type=\"text\/javascript\">\r\nlsjQuery(document).ready(function() {\r\nif(typeof lsjQuery.fn.layerSlider == \"undefined\") {\r\nif( window._layerSlider && window._layerSlider.showNotice) { \r\nwindow._layerSlider.showNotice('layerslider_19','jquery');\r\n}\r\n} else {\r\nlsjQuery(\"#layerslider_19\").layerSlider({sliderVersion: '6.5.7', type: 'fullwidth', navPrevNext: false, hoverPrevNext: false, navStartStop: false, navButtons: false, showCircleTimer: false, popupWidth: 640, popupHeight: 360, skinsPath: 'https:\/\/colpittsclinical.com\/wp-content\/plugins\/LayerSlider\/static\/layerslider\/skins\/'});\r\n}\r\n});\r\n<\/script><div id=\"layerslider_19\" class=\"ls-wp-container fitvidsignore\" style=\"width:1920px;height:600px;margin:0 auto;margin-bottom: 0px;\"><div class=\"ls-slide\" data-ls=\"kenburnsscale:1.2;\"><img loading=\"lazy\" decoding=\"async\" width=\"2172\" height=\"810\" src=\"https:\/\/i0.wp.com\/colpittsclinical.com\/wp-content\/uploads\/2024\/10\/careers-2024.jpg?fit=2172%2C810&amp;ssl=1\" class=\"ls-bg\" alt=\"Career Opportunities\" srcset=\"https:\/\/i0.wp.com\/colpittsclinical.com\/wp-content\/uploads\/2024\/10\/careers-2024.jpg?w=2172&amp;ssl=1 2172w, https:\/\/i0.wp.com\/colpittsclinical.com\/wp-content\/uploads\/2024\/10\/careers-2024.jpg?resize=300%2C112&amp;ssl=1 300w, https:\/\/i0.wp.com\/colpittsclinical.com\/wp-content\/uploads\/2024\/10\/careers-2024.jpg?resize=1024%2C382&amp;ssl=1 1024w, https:\/\/i0.wp.com\/colpittsclinical.com\/wp-content\/uploads\/2024\/10\/careers-2024.jpg?resize=768%2C286&amp;ssl=1 768w, https:\/\/i0.wp.com\/colpittsclinical.com\/wp-content\/uploads\/2024\/10\/careers-2024.jpg?resize=1536%2C573&amp;ssl=1 1536w, https:\/\/i0.wp.com\/colpittsclinical.com\/wp-content\/uploads\/2024\/10\/careers-2024.jpg?resize=2048%2C764&amp;ssl=1 2048w, https:\/\/i0.wp.com\/colpittsclinical.com\/wp-content\/uploads\/2024\/10\/careers-2024.jpg?resize=640%2C239&amp;ssl=1 640w\" sizes=\"auto, (max-width: 1140px) 100vw, 1140px\" itemprop=\"image\" \/><h1 style=\"white-space: normal;top:222px;left:41px;text-align:center;font-weight:500;font-style:normal;text-decoration:none;wordwrap:true;opacity:1;font-family:Georgia;font-size:66px;width:718px;color:#ffffff;line-height:82px;\" class=\"ls-l\">CAREER OPPOTUNITIES\n<\/h1><\/div><\/div><\/div>\n\t<\/div>\n\n\n<div  class=\"wpb_row vc_row vc_row-fluid  mk-fullwidth-false  attched-false     js-master-row vc_hidden-lg vc_hidden-xs vc_hidden-sm vc_hidden-md\">\n\t\t\n\t\t\t\n<div style=\"\" class=\"vc_col-sm-2 wpb_column column_container  _ height-full\">\n\t<\/div>\n\n<div style=\"\" class=\"vc_col-sm-8 wpb_column column_container  _ height-full\">\n\t\t<div class=\"vc_custom_1762895490376\">\n\n<div id=\"text-block-1\" class=\"mk-text-block\">\n\n\t\n\t<p>Gracias por visitar nuestra secci\u00f3n de empleo. En este momento no tenemos puestos vacantes. Sin embargo, siempre estamos buscando los mejores candidatos para unirse a nuestro equipo a medida que seguimos creciendo.  Env\u00edenos su curr\u00edculum y nos pondremos en contacto con usted a medida que se abran vacantes.\u00a0 <a href=\"https:\/\/www.dt.com\/careers\/\">https:\/\/www.dt.com\/careers\/<\/a><\/p>\n<p>&nbsp;<\/p>\n<hr \/>\n<p><span style=\"font-size: 10pt;\">Colpitts Clinical es uno de los \u00fanicos proveedores de servicios completos de gesti\u00f3n de viajes y gastos dedicados espec\u00edficamente a los patrocinadores y pacientes de ensayos cl\u00ednicos. Con sede en Stamford, CT, Colpitts Clinical es una empresa de viajes directos, y cuenta con oficinas en todo Estados Unidos, Canad\u00e1, as\u00ed como oficinas en el Reino Unido. Nuestra red internacional cuenta con oficinas en todo el mundo con la capacidad de ofrecer soluciones personalizadas a las necesidades de sus clientes farmac\u00e9uticos, biotecnol\u00f3gicos, CRO y centros.<\/span><\/p>\n\n\t<div class=\"clearboth\"><\/div>\n<\/div>\n\n\t<\/div>\n<\/div>\n\n<div style=\"\" class=\"vc_col-sm-2 wpb_column column_container  _ height-full\">\n\t<\/div>\n\t<\/div>\n\n\n<div  class=\"wpb_row vc_row vc_row-fluid  mk-fullwidth-false  attched-false     js-master-row\">\n\t\t\n\t\t\t\n<div style=\"\" class=\"vc_col-sm-2 wpb_column column_container  _ height-full\">\n\t<\/div>\n\n<div style=\"\" class=\"vc_col-sm-8 wpb_column column_container  _ height-full\">\n\t<\/div>\n\n<div style=\"\" class=\"vc_col-sm-2 wpb_column column_container  _ height-full\">\n\t<\/div>\n\t<\/div>\n\n\n<div  class=\"wpb_row vc_row vc_row-fluid  mk-fullwidth-false  attched-false     js-master-row\">\n\t\t\n\t\t\t\n<div style=\"\" class=\"vc_col-sm-2 wpb_column column_container  _ height-full\">\n\t<\/div>\n\n<div style=\"\" class=\"vc_col-sm-8 wpb_column column_container  _ height-full\">\n\t\t<div class=\"vc_custom_1771526457033\">\n\n<div id=\"text-block-2\" class=\"mk-text-block\">\n\n\t\n\t<p style=\"text-align: center;\"><strong>Colpitts Clinical tiene el siguiente puesto disponible.<\/strong><\/p>\n<p style=\"text-align: center;\">\n<div id=\"mk-button-3\" class=\"mk-button-container _ relative    block text-center\">\n\n\t\n\t\t<a id=\"Buton ID\" href=\"https:\/\/myjobs.adp.com\/directtravel\/cx\/job-details?reqId=5001179563806\"   target=\"_self\" class=\"mk-button js-smooth-scroll mk-button--dimension-three mk-button--size-medium mk-button--corner-pointed text-color-light _ relative text-center font-weight-700 no-backface  letter-spacing-1 inline\">\n\t\t\t\t\t\t<i class=\"mk-button--icon\"><svg  class=\"mk-svg-icon\" data-name=\"mk-moon-quill\" data-cacheid=\"icon-69f433057783d\" style=\" height:16px; width: 16px; \"  xmlns=\"http:\/\/www.w3.org\/2000\/svg\" viewbox=\"0 0 512 512\"><path d=\"M0 512h32l96-160h96s156.5-246.5 288-352c-280.5 0-448 320-512 512zm196-224h-36s88.5-160 224-224c0 0-121.5 107.5-188 224z\"\/><\/svg><\/i> \n\t\t\t<span class=\"mk-button--text\">Asesor de viajes para ensayos cl\u00ednicos - Sabre - A distancia<\/span>\n\t\t\t\t\t<\/a>\n\n\t\n<\/div>\n\n\t<div class=\"clearboth\"><\/div>\n<\/div>\n\n\t<\/div>\n\t<div class=\"vc_custom_1771526273032\">\n\n<div id=\"text-block-4\" class=\"mk-text-block\">\n\n\t\n\t<hr \/>\n<p><span style=\"font-size: 10pt;\">Colpitts Clinical es uno de los \u00fanicos proveedores de servicios completos de gesti\u00f3n de viajes y gastos dedicados espec\u00edficamente a los patrocinadores y pacientes de ensayos cl\u00ednicos. Con sede en Stamford, CT, Colpitts Clinical es una empresa de viajes directos, y cuenta con oficinas en todo Estados Unidos, Canad\u00e1, as\u00ed como oficinas en el Reino Unido. Nuestra red internacional cuenta con oficinas en todo el mundo con la capacidad de ofrecer soluciones personalizadas a las necesidades de sus clientes farmac\u00e9uticos, biotecnol\u00f3gicos, CRO y centros.<\/span><\/p>\n\n\t<div class=\"clearboth\"><\/div>\n<\/div>\n\n\t<\/div>\n<\/div>\n\n<div style=\"\" class=\"vc_col-sm-2 wpb_column column_container  _ height-full\">\n\t<\/div>\n\t<\/div>","protected":false},"excerpt":{"rendered":"var lsjQuery = jQuery; lsjQuery(document).ready(function() { if(typeof lsjQuery.fn.layerSlider == \"undefined\") { if( window._layerSlider && window._layerSlider.showNotice) { window._layerSlider.showNotice('layerslider_19_2','jquery'); } } else { lsjQuery(\"#layerslider_19_2\").layerSlider({sliderVersion: '6.5.7', type: 'fullwidth', navPrevNext: false, hoverPrevNext: false, navStartStop: false, navButtons: false, showCircleTimer: false, popupWidth: 640, popupHeight: 360, skinsPath: 'https:\/\/colpittsclinical.com\/wp-content\/plugins\/LayerSlider\/static\/layerslider\/skins\/'}); } }); CAREER OPPOTUNITIES Thank you for visiting our career section. We do not [...]","protected":false},"author":1,"featured_media":0,"parent":0,"menu_order":0,"comment_status":"closed","ping_status":"closed","template":"","meta":{"_exactmetrics_skip_tracking":false,"_exactmetrics_sitenote_active":false,"_exactmetrics_sitenote_note":"","_exactmetrics_sitenote_category":0,"footnotes":""},"class_list":["post-2635","page","type-page","status-publish","hentry"],"yoast_head":"<!-- This site is optimized with the Yoast SEO plugin v27.5 - https:\/\/yoast.com\/product\/yoast-seo-wordpress\/ -->\n<title>Positions Available - Colpitts Clinical<\/title>\n<meta name=\"description\" content=\"The Clinical Trial Travel Coordinator will be responsible for handling reservations for patients and their families.\" \/>\n<meta name=\"robots\" content=\"index, follow, max-snippet:-1, max-image-preview:large, max-video-preview:-1\" \/>\n<link rel=\"canonical\" href=\"https:\/\/colpittsclinical.com\/es\/positions-available\/\" \/>\n<meta property=\"og:locale\" content=\"es_ES\" \/>\n<meta property=\"og:type\" content=\"article\" \/>\n<meta property=\"og:title\" content=\"Positions Available - Colpitts Clinical\" \/>\n<meta property=\"og:description\" content=\"The Clinical Trial Travel Coordinator will be responsible for handling reservations for patients and their families.\" \/>\n<meta property=\"og:url\" content=\"https:\/\/colpittsclinical.com\/es\/positions-available\/\" \/>\n<meta property=\"og:site_name\" content=\"Colpitts Clinical\" \/>\n<meta property=\"article:publisher\" content=\"https:\/\/www.facebook.com\/ColpittsClinicalTrialTravel\/\" \/>\n<meta property=\"article:modified_time\" content=\"2026-02-19T18:41:05+00:00\" \/>\n<meta name=\"twitter:card\" content=\"summary_large_image\" \/>\n<meta name=\"twitter:label1\" content=\"Tiempo de lectura\" \/>\n\t<meta name=\"twitter:data1\" content=\"2 minutos\" \/>\n<script type=\"application\/ld+json\" class=\"yoast-schema-graph\">{\"@context\":\"https:\\\/\\\/schema.org\",\"@graph\":[{\"@type\":\"WebPage\",\"@id\":\"https:\\\/\\\/colpittsclinical.com\\\/positions-available\\\/\",\"url\":\"https:\\\/\\\/colpittsclinical.com\\\/positions-available\\\/\",\"name\":\"Positions Available - Colpitts Clinical\",\"isPartOf\":{\"@id\":\"https:\\\/\\\/colpittsclinical.com\\\/#website\"},\"datePublished\":\"2018-04-19T18:41:30+00:00\",\"dateModified\":\"2026-02-19T18:41:05+00:00\",\"description\":\"The Clinical Trial Travel Coordinator will be responsible for handling reservations for patients and their families.\",\"breadcrumb\":{\"@id\":\"https:\\\/\\\/colpittsclinical.com\\\/positions-available\\\/#breadcrumb\"},\"inLanguage\":\"es\",\"potentialAction\":[{\"@type\":\"ReadAction\",\"target\":[\"https:\\\/\\\/colpittsclinical.com\\\/positions-available\\\/\"]}]},{\"@type\":\"BreadcrumbList\",\"@id\":\"https:\\\/\\\/colpittsclinical.com\\\/positions-available\\\/#breadcrumb\",\"itemListElement\":[{\"@type\":\"ListItem\",\"position\":1,\"name\":\"Home\",\"item\":\"https:\\\/\\\/colpittsclinical.com\\\/\"},{\"@type\":\"ListItem\",\"position\":2,\"name\":\"Positions Available\"}]},{\"@type\":\"WebSite\",\"@id\":\"https:\\\/\\\/colpittsclinical.com\\\/#website\",\"url\":\"https:\\\/\\\/colpittsclinical.com\\\/\",\"name\":\"Colpitts Clinical\",\"description\":\"patient-liaison\",\"publisher\":{\"@id\":\"https:\\\/\\\/colpittsclinical.com\\\/#organization\"},\"potentialAction\":[{\"@type\":\"SearchAction\",\"target\":{\"@type\":\"EntryPoint\",\"urlTemplate\":\"https:\\\/\\\/colpittsclinical.com\\\/?s={search_term_string}\"},\"query-input\":{\"@type\":\"PropertyValueSpecification\",\"valueRequired\":true,\"valueName\":\"search_term_string\"}}],\"inLanguage\":\"es\"},{\"@type\":\"Organization\",\"@id\":\"https:\\\/\\\/colpittsclinical.com\\\/#organization\",\"name\":\"Colpitts Clinical\",\"url\":\"https:\\\/\\\/colpittsclinical.com\\\/\",\"logo\":{\"@type\":\"ImageObject\",\"inLanguage\":\"es\",\"@id\":\"https:\\\/\\\/colpittsclinical.com\\\/#\\\/schema\\\/logo\\\/image\\\/\",\"url\":\"https:\\\/\\\/colpittsclinical.com\\\/wp-content\\\/uploads\\\/2017\\\/10\\\/cc-logo-212-1.png\",\"contentUrl\":\"https:\\\/\\\/colpittsclinical.com\\\/wp-content\\\/uploads\\\/2017\\\/10\\\/cc-logo-212-1.png\",\"width\":212,\"height\":48,\"caption\":\"Colpitts Clinical\"},\"image\":{\"@id\":\"https:\\\/\\\/colpittsclinical.com\\\/#\\\/schema\\\/logo\\\/image\\\/\"},\"sameAs\":[\"https:\\\/\\\/www.facebook.com\\\/ColpittsClinicalTrialTravel\\\/\",\"https:\\\/\\\/www.linkedin.com\\\/company\\\/colpittsclinical\\\/\"]}]}<\/script>\n<!-- \/ Yoast SEO plugin. -->","yoast_head_json":{"title":"Positions Available - Colpitts Clinical","description":"The Clinical Trial Travel Coordinator will be responsible for handling reservations for patients and their families.","robots":{"index":"index","follow":"follow","max-snippet":"max-snippet:-1","max-image-preview":"max-image-preview:large","max-video-preview":"max-video-preview:-1"},"canonical":"https:\/\/colpittsclinical.com\/es\/positions-available\/","og_locale":"es_ES","og_type":"article","og_title":"Positions Available - Colpitts Clinical","og_description":"The Clinical Trial Travel Coordinator will be responsible for handling reservations for patients and their families.","og_url":"https:\/\/colpittsclinical.com\/es\/positions-available\/","og_site_name":"Colpitts Clinical","article_publisher":"https:\/\/www.facebook.com\/ColpittsClinicalTrialTravel\/","article_modified_time":"2026-02-19T18:41:05+00:00","twitter_card":"summary_large_image","twitter_misc":{"Tiempo de lectura":"2 minutos"},"schema":{"@context":"https:\/\/schema.org","@graph":[{"@type":"WebPage","@id":"https:\/\/colpittsclinical.com\/positions-available\/","url":"https:\/\/colpittsclinical.com\/positions-available\/","name":"Positions Available - Colpitts Clinical","isPartOf":{"@id":"https:\/\/colpittsclinical.com\/#website"},"datePublished":"2018-04-19T18:41:30+00:00","dateModified":"2026-02-19T18:41:05+00:00","description":"The Clinical Trial Travel Coordinator will be responsible for handling reservations for patients and their families.","breadcrumb":{"@id":"https:\/\/colpittsclinical.com\/positions-available\/#breadcrumb"},"inLanguage":"es","potentialAction":[{"@type":"ReadAction","target":["https:\/\/colpittsclinical.com\/positions-available\/"]}]},{"@type":"BreadcrumbList","@id":"https:\/\/colpittsclinical.com\/positions-available\/#breadcrumb","itemListElement":[{"@type":"ListItem","position":1,"name":"Home","item":"https:\/\/colpittsclinical.com\/"},{"@type":"ListItem","position":2,"name":"Positions Available"}]},{"@type":"WebSite","@id":"https:\/\/colpittsclinical.com\/#website","url":"https:\/\/colpittsclinical.com\/","name":"Cl\u00ednica Colpitts","description":"enlace con el paciente","publisher":{"@id":"https:\/\/colpittsclinical.com\/#organization"},"potentialAction":[{"@type":"SearchAction","target":{"@type":"EntryPoint","urlTemplate":"https:\/\/colpittsclinical.com\/?s={search_term_string}"},"query-input":{"@type":"PropertyValueSpecification","valueRequired":true,"valueName":"search_term_string"}}],"inLanguage":"es"},{"@type":"Organization","@id":"https:\/\/colpittsclinical.com\/#organization","name":"Cl\u00ednica Colpitts","url":"https:\/\/colpittsclinical.com\/","logo":{"@type":"ImageObject","inLanguage":"es","@id":"https:\/\/colpittsclinical.com\/#\/schema\/logo\/image\/","url":"https:\/\/colpittsclinical.com\/wp-content\/uploads\/2017\/10\/cc-logo-212-1.png","contentUrl":"https:\/\/colpittsclinical.com\/wp-content\/uploads\/2017\/10\/cc-logo-212-1.png","width":212,"height":48,"caption":"Colpitts Clinical"},"image":{"@id":"https:\/\/colpittsclinical.com\/#\/schema\/logo\/image\/"},"sameAs":["https:\/\/www.facebook.com\/ColpittsClinicalTrialTravel\/","https:\/\/www.linkedin.com\/company\/colpittsclinical\/"]}]}},"jetpack_sharing_enabled":true,"post_mailing_queue_ids":[],"_links":{"self":[{"href":"https:\/\/colpittsclinical.com\/es\/wp-json\/wp\/v2\/pages\/2635","targetHints":{"allow":["GET"]}}],"collection":[{"href":"https:\/\/colpittsclinical.com\/es\/wp-json\/wp\/v2\/pages"}],"about":[{"href":"https:\/\/colpittsclinical.com\/es\/wp-json\/wp\/v2\/types\/page"}],"author":[{"embeddable":true,"href":"https:\/\/colpittsclinical.com\/es\/wp-json\/wp\/v2\/users\/1"}],"replies":[{"embeddable":true,"href":"https:\/\/colpittsclinical.com\/es\/wp-json\/wp\/v2\/comments?post=2635"}],"version-history":[{"count":72,"href":"https:\/\/colpittsclinical.com\/es\/wp-json\/wp\/v2\/pages\/2635\/revisions"}],"predecessor-version":[{"id":6486,"href":"https:\/\/colpittsclinical.com\/es\/wp-json\/wp\/v2\/pages\/2635\/revisions\/6486"}],"wp:attachment":[{"href":"https:\/\/colpittsclinical.com\/es\/wp-json\/wp\/v2\/media?parent=2635"}],"curies":[{"name":"wp","href":"https:\/\/api.w.org\/{rel}","templated":true}]}}