{"id":2852,"date":"2019-01-23T22:20:10","date_gmt":"2019-01-24T03:20:10","guid":{"rendered":"https:\/\/colpittsclinical.com\/?page_id=2852"},"modified":"2022-09-03T22:38:04","modified_gmt":"2022-09-04T02:38:04","slug":"account-manager","status":"publish","type":"page","link":"https:\/\/colpittsclinical.com\/de\/account-manager\/","title":{"rendered":"account manager"},"content":{"rendered":"<div  class=\"wpb_row vc_row vc_row-fluid  mk-fullwidth-false  attched-false     js-master-row\">\n\t\t\n\t\t\t\n<div style=\"\" class=\"vc_col-sm-12 wpb_column column_container  _ height-full\">\n\t\t<div class=\"vc_custom_1548441461326\">\n\n<div id=\"text-block-1\" class=\"mk-text-block\">\n\n\t\n\t<div class=\"\"><span style=\"font-size: 18pt; color: #33cccc;\"><strong><span class=\"job-description-title\">Kundenbetreuer<\/span><\/strong><\/span><\/div>\n<div class=\"job-description-details-sub-container\">\n<div class=\"job-description-details-sub-left-container\"><span class=\"job-description-worker-catergory\"><span class=\"\"><br \/>\nGehalt Vollzeitbesch\u00e4ftigung\u00a0 \u00a0 \u00a0\u00a0<\/span><\/span><span class=\"job-description-location\"><span class=\"job-description-location-item\">Norwood, MA, US<\/span><\/span><\/div>\n<div class=\"job-description-details-sub-right-container\">\n<p><span class=\"job-description-requisition\">Anforderungs-ID : 1266<\/span><\/p>\n<\/div>\n<\/div>\n<div class=\"job-description-data-item\">\n<div class=\"job-description-data\">\n<p><strong><span style=\"color: #2f4f4f; font-family: Arial; font-size: medium;\">Entdecken Sie eine Karriere in der Buchhaltung bei Colpitts Clinical, einem Direct Travel Unternehmen.\u00a0<\/span><\/strong><\/p>\n<p><span style=\"color: #2f4f4f;\">Colpitts Clinical hat tiefe Wurzeln in der Reisebranche und ist ein Pionier in der Koordination von Reisen f\u00fcr klinische Studien. Von der Gr\u00fcndung als Abteilung unseres Namensgebers Colpitts World Travel bis zu unserem Neubeginn als Direct Travel-Unternehmen haben wir bei mehr als 600 klinischen Studien weltweit eine Rolle gespielt und passen uns auch weiterhin an die sich st\u00e4ndig \u00e4ndernden Bed\u00fcrfnisse von Sponsoren klinischer Studien, CROs, Pr\u00fcfzentren und vor allem Patienten an.<\/span><\/p>\n<p><span style=\"color: #2f4f4f;\">Colpitts Clinical ist einer der einzigen Full-Service-Anbieter f\u00fcr Reise- und Spesenmanagement, der sich speziell auf die nahtlose, patientenorientierte Planung und Unterst\u00fctzung von Reisen zu klinischen Studienbesuchen spezialisiert hat.  Colpitts Clinical hat seinen Hauptsitz in Norwood, Massachusetts, und verf\u00fcgt \u00fcber Niederlassungen in den Vereinigten Staaten, Kanada und Gro\u00dfbritannien sowie \u00fcber direkte APTI Global Travel-B\u00fcros in der ganzen Welt. Colpitts Clinical ist in der Lage, ma\u00dfgeschneiderte L\u00f6sungen f\u00fcr die Bed\u00fcrfnisse seiner Biotechnologie-, Pharma- und CRO-Kunden zu liefern und gleichzeitig die Kostenkontrolle f\u00fcr Studien und die Einhaltung von Vorschriften zu gew\u00e4hrleisten.<\/span><\/p>\n<p><strong><span style=\"color: #2f4f4f; font-family: Arial; font-size: medium;\">Die Gelegenheit:<\/span><\/strong><\/p>\n<p><span style=\"color: #2f4f4f; font-family: Arial; font-size: medium;\">Wir suchen einen Account Manager f\u00fcr unser Colpitts Clinical Team in unserem B\u00fcro in Norwood, MA. Die Hauptaufgabe dieser Position besteht darin, sicherzustellen, dass unsere Dienstleistungen die Erwartungen unserer Kunden erf\u00fcllen und\/oder \u00fcbertreffen.\u00a0<\/span><\/p>\n<p><strong><span style=\"color: #2f4f4f; font-family: Arial; font-size: medium;\">Was werden Sie tun?<\/span><\/strong><\/p>\n<ul>\n<li><span style=\"color: #2f4f4f;\">Unterst\u00fctzung beim Abschluss von Vertr\u00e4gen f\u00fcr neue Versuche<\/span><\/li>\n<li><span style=\"color: #2f4f4f;\">Einf\u00fchrung neuer Konten und Erledigung aller Einzelheiten, die f\u00fcr die interne Durchf\u00fchrung des Prozesses und die direkte Zusammenarbeit mit dem Kunden erforderlich sind\u00a0\u00a0<\/span><\/li>\n<li><span style=\"color: #2f4f4f;\">Arbeiten Sie eng mit unserem Reservierungsteam und dem Abrechnungsteam zusammen, um Probleme zu l\u00f6sen und direkt mit Patienten oder Sponsoren zu kommunizieren.<\/span><\/li>\n<li><span style=\"color: #2f4f4f;\">Durchf\u00fchrung von Schulungen zu HIPAA\/GDPR-bezogenen Themen und Koordinierung mit den Standortkoordinatoren unseres Kunden<\/span><\/li>\n<li><span style=\"color: #2f4f4f;\">enge Zusammenarbeit mit dem klinischen Verkaufsteam bei der Entwicklung von Strategien f\u00fcr neue Gesch\u00e4fte mit bestehenden und neuen Kunden\u00a0\u00a0<\/span><\/li>\n<\/ul>\n<div><b><span style=\"color: #2f4f4f; font-family: Arial; font-size: medium;\">Was brauchen wir von Ihnen?<\/span><\/b><b><span style=\"color: #2f4f4f; font-family: Arial; font-size: medium;\">\u00a0<\/span><\/b><\/div>\n<ul>\n<li dir=\"auto\"><span style=\"color: #2f4f4f; font-family: Arial; font-size: medium;\">Bachelor-Abschluss oder gleichwertige betriebswirtschaftliche Ausbildung bevorzugt<\/span><\/li>\n<li dir=\"auto\"><span style=\"color: #2f4f4f;\"><span style=\"font-family: Arial; font-size: medium;\">Fr\u00fchere Erfahrungen im Account Management in der Reisebranche sind von Vorteil<\/span><br \/>\n<\/span><\/li>\n<li dir=\"auto\"><span style=\"color: #2f4f4f; font-family: Arial; font-size: medium;\">Ausgezeichnete m\u00fcndliche und schriftliche Kommunikationsf\u00e4higkeiten sind ein Muss\u00a0\u00a0<\/span><\/li>\n<li dir=\"auto\"><span style=\"color: #2f4f4f; font-family: Arial; font-size: medium;\">Erfahrung im Umgang mit Computern und die F\u00e4higkeit, zwischen verschiedenen Computerprogrammen\/Software zu wechseln<\/span><\/li>\n<li dir=\"auto\"><span style=\"color: #2f4f4f; font-family: Arial; font-size: medium;\">Erfahrung im Umgang mit Microsoft Office Suite<\/span><\/li>\n<li dir=\"auto\"><span style=\"color: #2f4f4f; font-family: Arial; font-size: medium;\">Organisationstalent und Zeitmanagement sind Voraussetzung f\u00fcr eine erfolgreiche T\u00e4tigkeit in dieser Funktion\u00a0<\/span><\/li>\n<li dir=\"auto\"><span style=\"color: #2f4f4f; font-family: Arial; font-size: medium;\">Probleml\u00f6ser und Teamf\u00e4higkeit sind ein Muss<\/span><\/li>\n<\/ul>\n<p><strong><span style=\"color: #2f4f4f; font-family: Arial; font-size: medium;\">Was bieten wir unseren Mitarbeitern?<\/span><\/strong><\/p>\n<ul>\n<li dir=\"auto\"><span style=\"color: #2f4f4f; font-family: Arial; font-size: medium;\">Gro\u00dfartige Unternehmenskultur<\/span><\/li>\n<li dir=\"auto\"><span style=\"color: #2f4f4f; font-family: Arial; font-size: medium;\">Tolle Teamkollegen\u00a0<\/span><\/li>\n<li dir=\"auto\"><span style=\"color: #2f4f4f; font-family: Arial; font-size: medium;\">Medizinische, zahn\u00e4rztliche und visuelle Optionen + mehr<\/span><\/li>\n<li dir=\"auto\"><span style=\"color: #2f4f4f; font-family: Arial; font-size: medium;\">Rabatte auf Fitness-Mitgliedschaften<\/span><\/li>\n<li dir=\"auto\"><span style=\"color: #2f4f4f; font-family: Arial; font-size: medium;\">Programm f\u00fcr Mitarbeiterbelohnungen und -anerkennungen<\/span><\/li>\n<li dir=\"auto\"><span style=\"color: #2f4f4f; font-family: Arial; font-size: medium;\">Ausbildungsm\u00f6glichkeiten<\/span><\/li>\n<li dir=\"auto\"><span style=\"color: #2f4f4f; font-family: Arial; font-size: medium;\">Gro\u00dfz\u00fcgige PTO + Urlaubstage + \u00c4rztetag<\/span><\/li>\n<li dir=\"auto\"><span style=\"color: #2f4f4f; font-family: Arial; font-size: medium;\">Wettbewerbsf\u00e4hige Marktl\u00f6hne\u00a0<\/span><\/li>\n<li dir=\"auto\"><span style=\"color: #2f4f4f; font-family: Arial; font-size: medium;\">401k Arbeitgeberbeitrag<\/span><\/li>\n<li dir=\"auto\"><span style=\"color: #2f4f4f; font-family: Arial; font-size: medium;\">Reiseverg\u00fcnstigungen, einschlie\u00dflich spezieller Reiseteams f\u00fcr die Buchung erm\u00e4\u00dfigter Reisen<\/span><\/li>\n<li dir=\"auto\"><span style=\"color: #2f4f4f; font-family: Arial; font-size: medium;\">Rabattprogramme f\u00fcr Mitarbeiter<\/span><\/li>\n<li dir=\"auto\"><span style=\"color: #2f4f4f; font-family: Arial; font-size: medium;\">Und viele mehr!\u00a0<\/span><\/li>\n<\/ul>\n<p><span style=\"color: #33cccc;\">Bitte senden Sie Ihren Lebenslauf an Jeanne Johnston unter\u00a0<a style=\"color: #33cccc;\" href=\"mailto:jjohnston@colpittswt.com\">jjohnston@colpittswt.com<\/a><\/span><\/p>\n<p><span style=\"color: #2f4f4f; font-family: Arial; font-size: medium;\">Direct Travel ist ein EOE\/AA\/Veteran\/Personen mit Behinderungen Arbeitgeber.<\/span><\/p>\n<\/div>\n<\/div>\n\n\t<div class=\"clearboth\"><\/div>\n<\/div>\n\n\t<\/div>\n<\/div>\n\t<\/div>","protected":false},"excerpt":{"rendered":"Account Manager Salary Full-Time\u00a0 \u00a0 \u00a0\u00a0Norwood, MA, US Requisition ID\u00a0:\u00a01266 Discover an Accounts Management career within Colpitts Clinical a Direct Travel company.\u00a0 Colpitts Clinical has deep roots in the travel industry, and we are pioneers in dedicated clinical trial travel coordination. From our founding as a division of our namesake, Colpitts World Travel, to our [...]","protected":false},"author":1,"featured_media":0,"parent":0,"menu_order":0,"comment_status":"closed","ping_status":"closed","template":"","meta":{"_exactmetrics_skip_tracking":false,"_exactmetrics_sitenote_active":false,"_exactmetrics_sitenote_note":"","_exactmetrics_sitenote_category":0,"footnotes":""},"class_list":["post-2852","page","type-page","status-publish","hentry"],"yoast_head":"<!-- This site is optimized with the Yoast SEO plugin v27.6 - https:\/\/yoast.com\/product\/yoast-seo-wordpress\/ -->\n<title>account manager - Colpitts Clinical<\/title>\n<meta name=\"description\" content=\"We&#039;re seeking an Account Manager to join our Colpitts Clinical Team in our Norwood, MA office to work closely with our reservation team.\" \/>\n<meta name=\"robots\" content=\"index, follow, max-snippet:-1, max-image-preview:large, max-video-preview:-1\" \/>\n<link rel=\"canonical\" href=\"https:\/\/colpittsclinical.com\/de\/account-manager\/\" \/>\n<meta property=\"og:locale\" content=\"de_DE\" \/>\n<meta property=\"og:type\" content=\"article\" \/>\n<meta property=\"og:title\" content=\"account manager - Colpitts Clinical\" \/>\n<meta property=\"og:description\" content=\"We&#039;re seeking an Account Manager to join our Colpitts Clinical Team in our Norwood, MA office to work closely with our reservation team.\" \/>\n<meta property=\"og:url\" content=\"https:\/\/colpittsclinical.com\/de\/account-manager\/\" \/>\n<meta property=\"og:site_name\" content=\"Colpitts Clinical\" \/>\n<meta property=\"article:publisher\" content=\"https:\/\/www.facebook.com\/ColpittsClinicalTrialTravel\/\" \/>\n<meta property=\"article:modified_time\" content=\"2022-09-04T02:38:04+00:00\" \/>\n<meta name=\"twitter:card\" content=\"summary_large_image\" \/>\n<meta name=\"twitter:label1\" content=\"Gesch\u00e4tzte Lesezeit\" \/>\n\t<meta name=\"twitter:data1\" content=\"2\u00a0Minuten\" \/>\n<script type=\"application\/ld+json\" class=\"yoast-schema-graph\">{\"@context\":\"https:\\\/\\\/schema.org\",\"@graph\":[{\"@type\":\"WebPage\",\"@id\":\"https:\\\/\\\/colpittsclinical.com\\\/account-manager\\\/\",\"url\":\"https:\\\/\\\/colpittsclinical.com\\\/account-manager\\\/\",\"name\":\"account manager - Colpitts Clinical\",\"isPartOf\":{\"@id\":\"https:\\\/\\\/colpittsclinical.com\\\/#website\"},\"datePublished\":\"2019-01-24T03:20:10+00:00\",\"dateModified\":\"2022-09-04T02:38:04+00:00\",\"description\":\"We're seeking an Account Manager to join our Colpitts Clinical Team in our Norwood, MA office to work closely with our reservation team.\",\"breadcrumb\":{\"@id\":\"https:\\\/\\\/colpittsclinical.com\\\/account-manager\\\/#breadcrumb\"},\"inLanguage\":\"de\",\"potentialAction\":[{\"@type\":\"ReadAction\",\"target\":[\"https:\\\/\\\/colpittsclinical.com\\\/account-manager\\\/\"]}]},{\"@type\":\"BreadcrumbList\",\"@id\":\"https:\\\/\\\/colpittsclinical.com\\\/account-manager\\\/#breadcrumb\",\"itemListElement\":[{\"@type\":\"ListItem\",\"position\":1,\"name\":\"Home\",\"item\":\"https:\\\/\\\/colpittsclinical.com\\\/\"},{\"@type\":\"ListItem\",\"position\":2,\"name\":\"account manager\"}]},{\"@type\":\"WebSite\",\"@id\":\"https:\\\/\\\/colpittsclinical.com\\\/#website\",\"url\":\"https:\\\/\\\/colpittsclinical.com\\\/\",\"name\":\"Colpitts Clinical\",\"description\":\"patient-liaison\",\"publisher\":{\"@id\":\"https:\\\/\\\/colpittsclinical.com\\\/#organization\"},\"potentialAction\":[{\"@type\":\"SearchAction\",\"target\":{\"@type\":\"EntryPoint\",\"urlTemplate\":\"https:\\\/\\\/colpittsclinical.com\\\/?s={search_term_string}\"},\"query-input\":{\"@type\":\"PropertyValueSpecification\",\"valueRequired\":true,\"valueName\":\"search_term_string\"}}],\"inLanguage\":\"de\"},{\"@type\":\"Organization\",\"@id\":\"https:\\\/\\\/colpittsclinical.com\\\/#organization\",\"name\":\"Colpitts Clinical\",\"url\":\"https:\\\/\\\/colpittsclinical.com\\\/\",\"logo\":{\"@type\":\"ImageObject\",\"inLanguage\":\"de\",\"@id\":\"https:\\\/\\\/colpittsclinical.com\\\/#\\\/schema\\\/logo\\\/image\\\/\",\"url\":\"https:\\\/\\\/colpittsclinical.com\\\/wp-content\\\/uploads\\\/2017\\\/10\\\/cc-logo-212-1.png\",\"contentUrl\":\"https:\\\/\\\/colpittsclinical.com\\\/wp-content\\\/uploads\\\/2017\\\/10\\\/cc-logo-212-1.png\",\"width\":212,\"height\":48,\"caption\":\"Colpitts Clinical\"},\"image\":{\"@id\":\"https:\\\/\\\/colpittsclinical.com\\\/#\\\/schema\\\/logo\\\/image\\\/\"},\"sameAs\":[\"https:\\\/\\\/www.facebook.com\\\/ColpittsClinicalTrialTravel\\\/\",\"https:\\\/\\\/www.linkedin.com\\\/company\\\/colpittsclinical\\\/\"]}]}<\/script>\n<!-- \/ Yoast SEO plugin. -->","yoast_head_json":{"title":"account manager - Colpitts Clinical","description":"We're seeking an Account Manager to join our Colpitts Clinical Team in our Norwood, MA office to work closely with our reservation team.","robots":{"index":"index","follow":"follow","max-snippet":"max-snippet:-1","max-image-preview":"max-image-preview:large","max-video-preview":"max-video-preview:-1"},"canonical":"https:\/\/colpittsclinical.com\/de\/account-manager\/","og_locale":"de_DE","og_type":"article","og_title":"account manager - Colpitts Clinical","og_description":"We're seeking an Account Manager to join our Colpitts Clinical Team in our Norwood, MA office to work closely with our reservation team.","og_url":"https:\/\/colpittsclinical.com\/de\/account-manager\/","og_site_name":"Colpitts Clinical","article_publisher":"https:\/\/www.facebook.com\/ColpittsClinicalTrialTravel\/","article_modified_time":"2022-09-04T02:38:04+00:00","twitter_card":"summary_large_image","twitter_misc":{"Gesch\u00e4tzte Lesezeit":"2\u00a0Minuten"},"schema":{"@context":"https:\/\/schema.org","@graph":[{"@type":"WebPage","@id":"https:\/\/colpittsclinical.com\/account-manager\/","url":"https:\/\/colpittsclinical.com\/account-manager\/","name":"account manager - Colpitts Clinical","isPartOf":{"@id":"https:\/\/colpittsclinical.com\/#website"},"datePublished":"2019-01-24T03:20:10+00:00","dateModified":"2022-09-04T02:38:04+00:00","description":"We're seeking an Account Manager to join our Colpitts Clinical Team in our Norwood, MA office to work closely with our reservation team.","breadcrumb":{"@id":"https:\/\/colpittsclinical.com\/account-manager\/#breadcrumb"},"inLanguage":"de","potentialAction":[{"@type":"ReadAction","target":["https:\/\/colpittsclinical.com\/account-manager\/"]}]},{"@type":"BreadcrumbList","@id":"https:\/\/colpittsclinical.com\/account-manager\/#breadcrumb","itemListElement":[{"@type":"ListItem","position":1,"name":"Home","item":"https:\/\/colpittsclinical.com\/"},{"@type":"ListItem","position":2,"name":"account manager"}]},{"@type":"WebSite","@id":"https:\/\/colpittsclinical.com\/#website","url":"https:\/\/colpittsclinical.com\/","name":"Colpitts Klinisch","description":"Patienten-Verbindungsstelle","publisher":{"@id":"https:\/\/colpittsclinical.com\/#organization"},"potentialAction":[{"@type":"SearchAction","target":{"@type":"EntryPoint","urlTemplate":"https:\/\/colpittsclinical.com\/?s={search_term_string}"},"query-input":{"@type":"PropertyValueSpecification","valueRequired":true,"valueName":"search_term_string"}}],"inLanguage":"de"},{"@type":"Organization","@id":"https:\/\/colpittsclinical.com\/#organization","name":"Colpitts Klinisch","url":"https:\/\/colpittsclinical.com\/","logo":{"@type":"ImageObject","inLanguage":"de","@id":"https:\/\/colpittsclinical.com\/#\/schema\/logo\/image\/","url":"https:\/\/colpittsclinical.com\/wp-content\/uploads\/2017\/10\/cc-logo-212-1.png","contentUrl":"https:\/\/colpittsclinical.com\/wp-content\/uploads\/2017\/10\/cc-logo-212-1.png","width":212,"height":48,"caption":"Colpitts Clinical"},"image":{"@id":"https:\/\/colpittsclinical.com\/#\/schema\/logo\/image\/"},"sameAs":["https:\/\/www.facebook.com\/ColpittsClinicalTrialTravel\/","https:\/\/www.linkedin.com\/company\/colpittsclinical\/"]}]}},"jetpack_sharing_enabled":true,"post_mailing_queue_ids":[],"_links":{"self":[{"href":"https:\/\/colpittsclinical.com\/de\/wp-json\/wp\/v2\/pages\/2852","targetHints":{"allow":["GET"]}}],"collection":[{"href":"https:\/\/colpittsclinical.com\/de\/wp-json\/wp\/v2\/pages"}],"about":[{"href":"https:\/\/colpittsclinical.com\/de\/wp-json\/wp\/v2\/types\/page"}],"author":[{"embeddable":true,"href":"https:\/\/colpittsclinical.com\/de\/wp-json\/wp\/v2\/users\/1"}],"replies":[{"embeddable":true,"href":"https:\/\/colpittsclinical.com\/de\/wp-json\/wp\/v2\/comments?post=2852"}],"version-history":[{"count":8,"href":"https:\/\/colpittsclinical.com\/de\/wp-json\/wp\/v2\/pages\/2852\/revisions"}],"predecessor-version":[{"id":2881,"href":"https:\/\/colpittsclinical.com\/de\/wp-json\/wp\/v2\/pages\/2852\/revisions\/2881"}],"wp:attachment":[{"href":"https:\/\/colpittsclinical.com\/de\/wp-json\/wp\/v2\/media?parent=2852"}],"curies":[{"name":"wp","href":"https:\/\/api.w.org\/{rel}","templated":true}]}}