{"id":261,"date":"2017-08-13T21:42:24","date_gmt":"2017-08-14T01:42:24","guid":{"rendered":"https:\/\/colpittsclinical.com\/?page_id=261"},"modified":"2024-10-02T17:07:08","modified_gmt":"2024-10-02T21:07:08","slug":"trial-site-manager","status":"publish","type":"page","link":"https:\/\/colpittsclinical.com\/de\/trial-site-manager\/","title":{"rendered":"Leiter der Pr\u00fcfstelle"},"content":{"rendered":"<\/div><\/div><\/div>\n\t\n<div  class=\"wpb_row vc_row vc_row-fluid  mk-fullwidth-true  attched-false    vc_custom_1721536814208  js-master-row\">\n\t\t\t<div class=\"mk-grid\">\n\t\t\n\t\t\t\n<div style=\"\" class=\"vc_col-sm-12 wpb_column column_container  _ height-full\">\n\t\t<div class=\"vc_custom_1721536826160\">\n\n<div id=\"text-block-1\" class=\"mk-text-block\">\n\n\t\n\t<h2 style=\"text-align: center;\"><span style=\"color: #ffffff; font-family: arial, helvetica, sans-serif; font-size: 24pt;\">PR\u00dcFSTELLENLEITER<\/span><\/h2>\n\n\t<div class=\"clearboth\"><\/div>\n<\/div>\n\n\t<\/div>\n<\/div>\n\t\t\n\t\t<\/div>\t\n\t<\/div>\n\n\n\t<div class=\"mk-main-wrapper-holder\">\n\t\t<div class=\"theme-page-wrapper full-layout mk-grid vc_row-fluid no-padding\">\n\t\t\t<div class=\"theme-content no-padding\">\n\n\t\t\t\t<\/div><\/div><\/div>\n\t\n<div  class=\"wpb_row vc_row vc_row-fluid  mk-fullwidth-true  attched-false    vc_custom_1639379719528  js-master-row\">\n\t\t\t<div class=\"mk-grid\">\n\t\t\n\t\t\t\n<div style=\"\" class=\"vc_col-sm-12 wpb_column column_container vc_custom_1506477680408  _ height-full\">\n\t\t<div class=\"vc_custom_1677764799607\">\n\n<div id=\"text-block-2\" class=\"mk-text-block\">\n\n\t\n\t<p>Das HIPAA- und GDPR-konforme Portal von Colpitts Clinical erm\u00f6glicht es den Koordinatoren der Pr\u00fcfzentren, ihre Produktivit\u00e4t zu steigern, indem sie rund um die Uhr Zugang zu wichtigen Funktionen haben, einschlie\u00dflich der M\u00f6glichkeit, Patientenprofile zu erstellen, Reiseantr\u00e4ge einzureichen und Patientenr\u00fcckerstattungen zu verwalten, selbst wenn sie mit einem mobilen Ger\u00e4t unterwegs sind. Die Standortkoordinatoren k\u00f6nnen sich die unsichere E-Mail-Kommunikation sparen und ganz einfach Reiserichtlinien und Patientenerstattungss\u00e4tze festlegen, damit die Reise- und Spesenkoordinatoren von Colpitts Clinical eine pr\u00e4zise Reiselogistik gew\u00e4hrleisten k\u00f6nnen.<\/p>\n<p>Das Portal erm\u00f6glicht eine nahtlose, gesetzeskonforme und sichere Kommunikation, was besonders wichtig ist, wenn die Pr\u00fcfzentren \u00fcber die ganze Welt verteilt sind. Standortkoordinatoren und Reisekoordinatoren m\u00fcssen Anrufe nicht mehr \u00fcber verschiedene Zeitzonen hinweg koordinieren. Das Portal ist nicht nur benutzerfreundlich, sondern bietet auch das erforderliche Ma\u00df an Sicherheit f\u00fcr die Unterlagen zu klinischen Pr\u00fcfungen.<\/p>\n<p>Da die Kosten f\u00fcr die Durchf\u00fchrung klinischer Studien weiter steigen, bietet das papierlose Portal von Colpitts Clinical wertvolle Einsparungen bei Zeit, Druck- und Versandkosten. Die Kunden haben die Vorteile des Portals schnell erkannt, das eine Nutzungsrate von 92% aufweist.<\/p>\n<p>Das 21. Jahrhundert stellt zahlreiche Herausforderungen an die Datenerfassung, und das Colpitts Clinical Portal nutzt die neueste Technologie, um diese Herausforderungen zu bew\u00e4ltigen. Es wird auch in Zukunft weiterentwickelt und an die Bed\u00fcrfnisse von Sponsoren klinischer Studien, CROs und Pr\u00fcfzentren angepasst.<\/p>\n\n\t<div class=\"clearboth\"><\/div>\n<\/div>\n\n\t<\/div>\n<\/div>\n\t\t\n\t\t<\/div>\t\n\t<\/div>\n\n\n\t<div class=\"mk-main-wrapper-holder\">\n\t\t<div class=\"theme-page-wrapper full-layout mk-grid vc_row-fluid no-padding\">\n\t\t\t<div class=\"theme-content no-padding\">\n\n\t\t\t\t<\/div><\/div><\/div>\n\t\n<div  class=\"wpb_row vc_row vc_row-fluid  mk-fullwidth-true  attched-false    vc_custom_1639379458079  js-master-row\">\n\t\t\n\t\t\t\n<div style=\"\" class=\"vc_col-sm-12 wpb_column column_container  _ height-full\">\n\t\n<h2 id=\"fancy-title-3\" class=\"mk-fancy-title  simple-style   color-single\">\n\t<span>\n\t\t\t\t\n<h2 style=\"text-align: center;\"><span style=\"font-family: arial, helvetica, sans-serif; color: #333999;\"><strong>M\u00f6chten Sie rund um die Uhr Zugang zur Erstellung von Reiseantr\u00e4gen haben und Ihre Produktivit\u00e4t steigern?<\/strong><\/span><\/h2>\n<p style=\"text-align: center;\"><span style=\"color: #179ed4;\">\n<div id=\"mk-button-4\" class=\"mk-button-container _ relative    block text-center\">\n\n\t\n\t\t<a id=\"Buton ID\" href=\"https:\/\/colpittsclinical.com\/de\/contact-us\/\"   target=\"_self\" class=\"mk-button js-smooth-scroll mk-button--dimension-three mk-button--size-medium mk-button--corner-pointed text-color-light _ relative text-center font-weight-700 no-backface  letter-spacing-1 inline\">\n\t\t\t\t\t\t \n\t\t\t<span class=\"mk-button--text\">Rufen Sie einen unserer Experten an<\/span>\n\t\t\t\t\t<\/a>\n\n\t\n<\/div>\n\t\t\t<\/span>\n<\/h2>\n<div class=\"clearboth\"><\/div>\n\n\n\n<\/div>\n\t<\/div>\n\n\n\t<div class=\"mk-main-wrapper-holder\">\n\t\t<div class=\"theme-page-wrapper full-layout mk-grid vc_row-fluid no-padding\">\n\t\t\t<div class=\"theme-content no-padding\">","protected":false},"excerpt":{"rendered":"TRIAL SITE MANAGER Colpitts Clinical\u2019s HIPAA and GDPR compliant portal allows trial Site Coordinators to boost their productivity with 24\/7 access to important features, including the ability to create patient profiles, submit travel requests, and manage patient reimbursements, even when they are on the go using a mobile device. Site Coordinators can eliminate the need [...]","protected":false},"author":1,"featured_media":0,"parent":0,"menu_order":0,"comment_status":"closed","ping_status":"closed","template":"","meta":{"_exactmetrics_skip_tracking":false,"_exactmetrics_sitenote_active":false,"_exactmetrics_sitenote_note":"","_exactmetrics_sitenote_category":0,"footnotes":""},"class_list":["post-261","page","type-page","status-publish","hentry"],"yoast_head":"<!-- This site is optimized with the Yoast SEO plugin v27.5 - https:\/\/yoast.com\/product\/yoast-seo-wordpress\/ -->\n<title>Trial Site Manager - Colpitts Clinical<\/title>\n<meta name=\"description\" content=\"Colpitts\u2019 HIPAA compliant portal allows site coordinators 24\/7 enhanced productivity access to create new patient profiles, travel requests, patient prepaid card requests, patient reimbursement, and more, including when they are on-the-go using a mobile device.\" \/>\n<meta name=\"robots\" content=\"index, follow, max-snippet:-1, max-image-preview:large, max-video-preview:-1\" \/>\n<link rel=\"canonical\" href=\"https:\/\/colpittsclinical.com\/de\/trial-site-manager\/\" \/>\n<meta property=\"og:locale\" content=\"de_DE\" \/>\n<meta property=\"og:type\" content=\"article\" \/>\n<meta property=\"og:title\" content=\"Trial Site Manager - Colpitts Clinical\" \/>\n<meta property=\"og:description\" content=\"Colpitts\u2019 HIPAA compliant portal allows site coordinators 24\/7 enhanced productivity access to create new patient profiles, travel requests, patient prepaid card requests, patient reimbursement, and more, including when they are on-the-go using a mobile device.\" \/>\n<meta property=\"og:url\" content=\"https:\/\/colpittsclinical.com\/de\/trial-site-manager\/\" \/>\n<meta property=\"og:site_name\" content=\"Colpitts Clinical\" \/>\n<meta property=\"article:publisher\" content=\"https:\/\/www.facebook.com\/ColpittsClinicalTrialTravel\/\" \/>\n<meta property=\"article:modified_time\" content=\"2024-10-02T21:07:08+00:00\" \/>\n<meta name=\"twitter:card\" content=\"summary_large_image\" \/>\n<meta name=\"twitter:label1\" content=\"Gesch\u00e4tzte Lesezeit\" \/>\n\t<meta name=\"twitter:data1\" content=\"2\u00a0Minuten\" \/>\n<script type=\"application\/ld+json\" class=\"yoast-schema-graph\">{\"@context\":\"https:\\\/\\\/schema.org\",\"@graph\":[{\"@type\":\"WebPage\",\"@id\":\"https:\\\/\\\/colpittsclinical.com\\\/trial-site-manager\\\/\",\"url\":\"https:\\\/\\\/colpittsclinical.com\\\/trial-site-manager\\\/\",\"name\":\"Trial Site Manager - Colpitts Clinical\",\"isPartOf\":{\"@id\":\"https:\\\/\\\/colpittsclinical.com\\\/#website\"},\"datePublished\":\"2017-08-14T01:42:24+00:00\",\"dateModified\":\"2024-10-02T21:07:08+00:00\",\"description\":\"Colpitts\u2019 HIPAA compliant portal allows site coordinators 24\\\/7 enhanced productivity access to create new patient profiles, travel requests, patient prepaid card requests, patient reimbursement, and more, including when they are on-the-go using a mobile device.\",\"breadcrumb\":{\"@id\":\"https:\\\/\\\/colpittsclinical.com\\\/trial-site-manager\\\/#breadcrumb\"},\"inLanguage\":\"de\",\"potentialAction\":[{\"@type\":\"ReadAction\",\"target\":[\"https:\\\/\\\/colpittsclinical.com\\\/trial-site-manager\\\/\"]}]},{\"@type\":\"BreadcrumbList\",\"@id\":\"https:\\\/\\\/colpittsclinical.com\\\/trial-site-manager\\\/#breadcrumb\",\"itemListElement\":[{\"@type\":\"ListItem\",\"position\":1,\"name\":\"Home\",\"item\":\"https:\\\/\\\/colpittsclinical.com\\\/\"},{\"@type\":\"ListItem\",\"position\":2,\"name\":\"Trial Site Manager\"}]},{\"@type\":\"WebSite\",\"@id\":\"https:\\\/\\\/colpittsclinical.com\\\/#website\",\"url\":\"https:\\\/\\\/colpittsclinical.com\\\/\",\"name\":\"Colpitts Clinical\",\"description\":\"patient-liaison\",\"publisher\":{\"@id\":\"https:\\\/\\\/colpittsclinical.com\\\/#organization\"},\"potentialAction\":[{\"@type\":\"SearchAction\",\"target\":{\"@type\":\"EntryPoint\",\"urlTemplate\":\"https:\\\/\\\/colpittsclinical.com\\\/?s={search_term_string}\"},\"query-input\":{\"@type\":\"PropertyValueSpecification\",\"valueRequired\":true,\"valueName\":\"search_term_string\"}}],\"inLanguage\":\"de\"},{\"@type\":\"Organization\",\"@id\":\"https:\\\/\\\/colpittsclinical.com\\\/#organization\",\"name\":\"Colpitts Clinical\",\"url\":\"https:\\\/\\\/colpittsclinical.com\\\/\",\"logo\":{\"@type\":\"ImageObject\",\"inLanguage\":\"de\",\"@id\":\"https:\\\/\\\/colpittsclinical.com\\\/#\\\/schema\\\/logo\\\/image\\\/\",\"url\":\"https:\\\/\\\/colpittsclinical.com\\\/wp-content\\\/uploads\\\/2017\\\/10\\\/cc-logo-212-1.png\",\"contentUrl\":\"https:\\\/\\\/colpittsclinical.com\\\/wp-content\\\/uploads\\\/2017\\\/10\\\/cc-logo-212-1.png\",\"width\":212,\"height\":48,\"caption\":\"Colpitts Clinical\"},\"image\":{\"@id\":\"https:\\\/\\\/colpittsclinical.com\\\/#\\\/schema\\\/logo\\\/image\\\/\"},\"sameAs\":[\"https:\\\/\\\/www.facebook.com\\\/ColpittsClinicalTrialTravel\\\/\",\"https:\\\/\\\/www.linkedin.com\\\/company\\\/colpittsclinical\\\/\"]}]}<\/script>\n<!-- \/ Yoast SEO plugin. -->","yoast_head_json":{"title":"Trial Site Manager - Colpitts Clinical","description":"Colpitts\u2019 HIPAA compliant portal allows site coordinators 24\/7 enhanced productivity access to create new patient profiles, travel requests, patient prepaid card requests, patient reimbursement, and more, including when they are on-the-go using a mobile device.","robots":{"index":"index","follow":"follow","max-snippet":"max-snippet:-1","max-image-preview":"max-image-preview:large","max-video-preview":"max-video-preview:-1"},"canonical":"https:\/\/colpittsclinical.com\/de\/trial-site-manager\/","og_locale":"de_DE","og_type":"article","og_title":"Trial Site Manager - Colpitts Clinical","og_description":"Colpitts\u2019 HIPAA compliant portal allows site coordinators 24\/7 enhanced productivity access to create new patient profiles, travel requests, patient prepaid card requests, patient reimbursement, and more, including when they are on-the-go using a mobile device.","og_url":"https:\/\/colpittsclinical.com\/de\/trial-site-manager\/","og_site_name":"Colpitts Clinical","article_publisher":"https:\/\/www.facebook.com\/ColpittsClinicalTrialTravel\/","article_modified_time":"2024-10-02T21:07:08+00:00","twitter_card":"summary_large_image","twitter_misc":{"Gesch\u00e4tzte Lesezeit":"2\u00a0Minuten"},"schema":{"@context":"https:\/\/schema.org","@graph":[{"@type":"WebPage","@id":"https:\/\/colpittsclinical.com\/trial-site-manager\/","url":"https:\/\/colpittsclinical.com\/trial-site-manager\/","name":"Trial Site Manager - Colpitts Clinical","isPartOf":{"@id":"https:\/\/colpittsclinical.com\/#website"},"datePublished":"2017-08-14T01:42:24+00:00","dateModified":"2024-10-02T21:07:08+00:00","description":"Colpitts\u2019 HIPAA compliant portal allows site coordinators 24\/7 enhanced productivity access to create new patient profiles, travel requests, patient prepaid card requests, patient reimbursement, and more, including when they are on-the-go using a mobile device.","breadcrumb":{"@id":"https:\/\/colpittsclinical.com\/trial-site-manager\/#breadcrumb"},"inLanguage":"de","potentialAction":[{"@type":"ReadAction","target":["https:\/\/colpittsclinical.com\/trial-site-manager\/"]}]},{"@type":"BreadcrumbList","@id":"https:\/\/colpittsclinical.com\/trial-site-manager\/#breadcrumb","itemListElement":[{"@type":"ListItem","position":1,"name":"Home","item":"https:\/\/colpittsclinical.com\/"},{"@type":"ListItem","position":2,"name":"Trial Site Manager"}]},{"@type":"WebSite","@id":"https:\/\/colpittsclinical.com\/#website","url":"https:\/\/colpittsclinical.com\/","name":"Colpitts Klinisch","description":"Patienten-Verbindungsstelle","publisher":{"@id":"https:\/\/colpittsclinical.com\/#organization"},"potentialAction":[{"@type":"SearchAction","target":{"@type":"EntryPoint","urlTemplate":"https:\/\/colpittsclinical.com\/?s={search_term_string}"},"query-input":{"@type":"PropertyValueSpecification","valueRequired":true,"valueName":"search_term_string"}}],"inLanguage":"de"},{"@type":"Organization","@id":"https:\/\/colpittsclinical.com\/#organization","name":"Colpitts Klinisch","url":"https:\/\/colpittsclinical.com\/","logo":{"@type":"ImageObject","inLanguage":"de","@id":"https:\/\/colpittsclinical.com\/#\/schema\/logo\/image\/","url":"https:\/\/colpittsclinical.com\/wp-content\/uploads\/2017\/10\/cc-logo-212-1.png","contentUrl":"https:\/\/colpittsclinical.com\/wp-content\/uploads\/2017\/10\/cc-logo-212-1.png","width":212,"height":48,"caption":"Colpitts Clinical"},"image":{"@id":"https:\/\/colpittsclinical.com\/#\/schema\/logo\/image\/"},"sameAs":["https:\/\/www.facebook.com\/ColpittsClinicalTrialTravel\/","https:\/\/www.linkedin.com\/company\/colpittsclinical\/"]}]}},"jetpack_sharing_enabled":true,"post_mailing_queue_ids":[],"_links":{"self":[{"href":"https:\/\/colpittsclinical.com\/de\/wp-json\/wp\/v2\/pages\/261","targetHints":{"allow":["GET"]}}],"collection":[{"href":"https:\/\/colpittsclinical.com\/de\/wp-json\/wp\/v2\/pages"}],"about":[{"href":"https:\/\/colpittsclinical.com\/de\/wp-json\/wp\/v2\/types\/page"}],"author":[{"embeddable":true,"href":"https:\/\/colpittsclinical.com\/de\/wp-json\/wp\/v2\/users\/1"}],"replies":[{"embeddable":true,"href":"https:\/\/colpittsclinical.com\/de\/wp-json\/wp\/v2\/comments?post=261"}],"version-history":[{"count":32,"href":"https:\/\/colpittsclinical.com\/de\/wp-json\/wp\/v2\/pages\/261\/revisions"}],"predecessor-version":[{"id":5802,"href":"https:\/\/colpittsclinical.com\/de\/wp-json\/wp\/v2\/pages\/261\/revisions\/5802"}],"wp:attachment":[{"href":"https:\/\/colpittsclinical.com\/de\/wp-json\/wp\/v2\/media?parent=261"}],"curies":[{"name":"wp","href":"https:\/\/api.w.org\/{rel}","templated":true}]}}