{"id":259,"date":"2017-07-24T01:18:56","date_gmt":"2017-07-24T05:18:56","guid":{"rendered":"https:\/\/colpittsclinical.com\/?page_id=259"},"modified":"2025-09-16T08:21:03","modified_gmt":"2025-09-16T12:21:03","slug":"patient-liaison-2","status":"publish","type":"page","link":"https:\/\/colpittsclinical.com\/de\/patient-liaison-2\/","title":{"rendered":"Patient Liaison"},"content":{"rendered":"<div  class=\"wpb_row vc_row vc_row-fluid  mk-fullwidth-false  attched-false     js-master-row\">\n\t\t\n\t\t\t\n<div style=\"\" class=\"vc_col-sm-12 wpb_column column_container  _ height-full\">\n\t<script data-cfasync=\"false\" type=\"text\/javascript\">var lsjQuery = jQuery;<\/script><script data-cfasync=\"false\" type=\"text\/javascript\">\r\nlsjQuery(document).ready(function() {\r\nif(typeof lsjQuery.fn.layerSlider == \"undefined\") {\r\nif( window._layerSlider && window._layerSlider.showNotice) { \r\nwindow._layerSlider.showNotice('layerslider_39','jquery');\r\n}\r\n} else {\r\nlsjQuery(\"#layerslider_39\").layerSlider({sliderVersion: '6.5.7', type: 'fullwidth', navPrevNext: false, hoverPrevNext: false, navStartStop: false, navButtons: false, showCircleTimer: false, popupWidth: 640, popupHeight: 360, skinsPath: 'https:\/\/colpittsclinical.com\/wp-content\/plugins\/LayerSlider\/static\/layerslider\/skins\/'});\r\n}\r\n});\r\n<\/script><div id=\"layerslider_39\" class=\"ls-wp-container fitvidsignore\" style=\"width:1920px;height:600px;margin:0 auto;margin-bottom: 0px;\"><div class=\"ls-slide\" data-ls=\"kenburnsscale:1.2;\"><img loading=\"lazy\" decoding=\"async\" width=\"2172\" height=\"810\" src=\"https:\/\/i0.wp.com\/colpittsclinical.com\/wp-content\/uploads\/2024\/07\/patient-liaison-24.jpg?fit=2172%2C810&amp;ssl=1\" class=\"ls-bg\" alt=\"Patient Liaison\" srcset=\"https:\/\/i0.wp.com\/colpittsclinical.com\/wp-content\/uploads\/2024\/07\/patient-liaison-24.jpg?w=2172&amp;ssl=1 2172w, https:\/\/i0.wp.com\/colpittsclinical.com\/wp-content\/uploads\/2024\/07\/patient-liaison-24.jpg?resize=300%2C112&amp;ssl=1 300w, https:\/\/i0.wp.com\/colpittsclinical.com\/wp-content\/uploads\/2024\/07\/patient-liaison-24.jpg?resize=1024%2C382&amp;ssl=1 1024w, https:\/\/i0.wp.com\/colpittsclinical.com\/wp-content\/uploads\/2024\/07\/patient-liaison-24.jpg?resize=768%2C286&amp;ssl=1 768w, https:\/\/i0.wp.com\/colpittsclinical.com\/wp-content\/uploads\/2024\/07\/patient-liaison-24.jpg?resize=1536%2C573&amp;ssl=1 1536w, https:\/\/i0.wp.com\/colpittsclinical.com\/wp-content\/uploads\/2024\/07\/patient-liaison-24.jpg?resize=2048%2C764&amp;ssl=1 2048w, https:\/\/i0.wp.com\/colpittsclinical.com\/wp-content\/uploads\/2024\/07\/patient-liaison-24.jpg?resize=640%2C239&amp;ssl=1 640w\" sizes=\"auto, (max-width: 1140px) 100vw, 1140px\" itemprop=\"image\" \/><h1 style=\"white-space: normal;top:173px;left:42px;text-align:center;font-weight:500;font-style:normal;text-decoration:none;wordwrap:true;opacity:1;font-family:Georgia;font-size:65px;width:700px;color:#ffffff;line-height:80px;\" class=\"ls-l\">SEAMLESS TRAVEL LOGISTICS &amp; PATIENT LIAISON\n<\/h1><\/div><\/div><\/div>\n\t<\/div>\n\n\t<\/div><\/div><\/div>\n\t\n<div  class=\"wpb_row vc_row vc_row-fluid  mk-fullwidth-true  attched-false     js-master-row\">\n\t\t\t<div class=\"mk-grid\">\n\t\t\n\t\t\t\n<div style=\"\" class=\"vc_col-sm-12 wpb_column column_container  _ height-full\">\n\t<div class=\"vc_empty_space\"   style=\"height: 34px\" ><span class=\"vc_empty_space_inner\"><\/span><\/div>\n\t<div class=\"vc_custom_1758025259373\">\n\n<div id=\"text-block-1\" class=\"mk-text-block\">\n\n\t\n\t<h1><span style=\"color: #333999;\">PATIENTENUNTERST\u00dcTZUNG<\/span><\/h1>\n<p>Bei Colpitts Clinical sind Patientenreisen und Spesenabrechnungen nicht nur eine Dienstleistung, die wir anbieten, sondern die Grundlage unseres Unternehmens. Mit mehr als einem Jahrhundert Reiseerfahrung und \u00fcber 20 Jahren Erfahrung in der Verwaltung von Reisen f\u00fcr mehr als 1.300 klinische Studien bringen wir un\u00fcbertroffene Expertise und Wertsch\u00e4tzung mit.<\/p>\n<p>Wir schlie\u00dfen die L\u00fccke zwischen der Logistik f\u00fcr klinische Studien und patientenorientierten Reisedienstleistungen und gehen weit \u00fcber die Bef\u00f6rderung von Patienten von A nach B hinaus. Ob es um die Bereitstellung von medizinischen Ger\u00e4ten, barrierefreiem Transport, Umzugsunterst\u00fctzung, Unterbringung von Familienangeh\u00f6rigen, \u00dcbersetzungsdienste und pharmazeutische Arrangements geht, wir sind immer da, um die individuellen Bed\u00fcrfnisse jedes einzelnen Patienten zu erf\u00fcllen.<\/p>\n\n\t<div class=\"clearboth\"><\/div>\n<\/div>\n\n\t<\/div>\n<div class=\"vc_empty_space\"   style=\"height: 32px\" ><span class=\"vc_empty_space_inner\"><\/span><\/div>\n<\/div>\n\t\t\n\t\t<\/div>\t\n\t<\/div>\n\n\n\t<div class=\"mk-main-wrapper-holder\">\n\t\t<div class=\"theme-page-wrapper full-layout mk-grid vc_row-fluid no-padding\">\n\t\t\t<div class=\"theme-content no-padding\">\n\n\t\t\t\n<div  class=\"wpb_row vc_row vc_row-fluid  mk-fullwidth-false  attched-false     js-master-row\">\n\t\t\n\t\t\t\n<div style=\"\" class=\"vc_col-sm-12 wpb_column column_container  _ height-full\">\n\t<div class=\"vc_empty_space\"   style=\"height: 32px\" ><span class=\"vc_empty_space_inner\"><\/span><\/div>\n\t<div class=\"vc_custom_1639441596845\">\n\n<div id=\"text-block-2\" class=\"mk-text-block\">\n\n\t\n\t<p style=\"text-align: center;\"><strong><span style=\"font-size: 18pt;\">\u201c<\/span>Zu einer Reise geh\u00f6rt viel mehr, als nur von A nach B zu kommen. Wir sind zur Stelle, wenn Patienten Unterst\u00fctzung beim Umzug, bei der Unterbringung in der Familie, bei der Vermittlung von \u00dcbersetzern und bei der Arzneimittelversorgung ben\u00f6tigen.<span style=\"font-size: 18pt;\">\u201c<\/span><\/strong><\/p>\n\n\t<div class=\"clearboth\"><\/div>\n<\/div>\n\n\t<\/div>\n<div class=\"vc_empty_space\"   style=\"height: 34px\" ><span class=\"vc_empty_space_inner\"><\/span><\/div>\n<\/div>\n\t<\/div>\n\n\t<\/div><\/div><\/div>\n\t\n<div  class=\"wpb_row vc_row vc_row-fluid  mk-fullwidth-true  attched-false     js-master-row\">\n\t\t\t<div class=\"mk-grid\">\n\t\t\n\t\t\t\n<div style=\"\" class=\"vc_col-sm-12 wpb_column column_container  _ height-full\">\n\t<div class=\"vc_separator wpb_content_element vc_separator_align_center vc_sep_width_100 vc_sep_border_width_3 vc_sep_pos_align_center vc_separator_no_text vc_sep_color_grey\" ><span class=\"vc_sep_holder vc_sep_holder_l\"><span  class=\"vc_sep_line\"><\/span><\/span><span class=\"vc_sep_holder vc_sep_holder_r\"><span  class=\"vc_sep_line\"><\/span><\/span>\n<\/div><\/div>\n\t\t\n\t\t<\/div>\t\n\t<\/div>\n\n\n\t<div class=\"mk-main-wrapper-holder\">\n\t\t<div class=\"theme-page-wrapper full-layout mk-grid vc_row-fluid no-padding\">\n\t\t\t<div class=\"theme-content no-padding\">\n\n\t\t\t\n<div  class=\"wpb_row vc_row vc_row-fluid  mk-fullwidth-false  attched-false     js-master-row\">\n\t\t\n\t\t\t\n<div style=\"\" class=\"vc_col-sm-2 wpb_column column_container  _ height-full\">\n\t<\/div>\n\n<div style=\"\" class=\"vc_col-sm-8 wpb_column column_container  _ height-full\">\n\t\n\t<div  class=\"wpb_single_image wpb_content_element vc_align_center\">\n\t\t\n\t\t<figure class=\"wpb_wrapper vc_figure\">\n\t\t\t<div class=\"vc_single_image-wrapper   vc_box_border_grey\"><img loading=\"lazy\" decoding=\"async\" width=\"1024\" height=\"876\" src=\"https:\/\/i0.wp.com\/colpittsclinical.com\/wp-content\/uploads\/2021\/12\/colpitts-compliance.png?fit=1024%2C876&amp;ssl=1\" class=\"vc_single_image-img attachment-large\" alt=\"copitts patient centric\" srcset=\"https:\/\/i0.wp.com\/colpittsclinical.com\/wp-content\/uploads\/2021\/12\/colpitts-compliance.png?w=2619&amp;ssl=1 2619w, https:\/\/i0.wp.com\/colpittsclinical.com\/wp-content\/uploads\/2021\/12\/colpitts-compliance.png?resize=300%2C257&amp;ssl=1 300w, https:\/\/i0.wp.com\/colpittsclinical.com\/wp-content\/uploads\/2021\/12\/colpitts-compliance.png?resize=1024%2C876&amp;ssl=1 1024w, https:\/\/i0.wp.com\/colpittsclinical.com\/wp-content\/uploads\/2021\/12\/colpitts-compliance.png?resize=768%2C657&amp;ssl=1 768w, https:\/\/i0.wp.com\/colpittsclinical.com\/wp-content\/uploads\/2021\/12\/colpitts-compliance.png?resize=1536%2C1314&amp;ssl=1 1536w, https:\/\/i0.wp.com\/colpittsclinical.com\/wp-content\/uploads\/2021\/12\/colpitts-compliance.png?resize=2048%2C1752&amp;ssl=1 2048w, https:\/\/i0.wp.com\/colpittsclinical.com\/wp-content\/uploads\/2021\/12\/colpitts-compliance.png?resize=1320%2C1129&amp;ssl=1 1320w, https:\/\/i0.wp.com\/colpittsclinical.com\/wp-content\/uploads\/2021\/12\/colpitts-compliance.png?w=2280&amp;ssl=1 2280w\" sizes=\"auto, (max-width: 1024px) 100vw, 1024px\" itemprop=\"image\" \/><\/div>\n\t\t<\/figure>\n\t<\/div>\n<\/div>\n\n<div style=\"\" class=\"vc_col-sm-2 wpb_column column_container  _ height-full\">\n\t<\/div>\n\t<\/div>\n\n\n<div  class=\"wpb_row vc_row vc_row-fluid  mk-fullwidth-false  attched-false     js-master-row\">\n\t\t\n\t\t\t\n<div style=\"\" class=\"vc_col-sm-12 wpb_column column_container vc_custom_1639632422167  _ height-full\">\n\t<div id=\"divider-3\" class=\"mk-divider     divider_full_width center thick_solid\">\n\n\t\t\t<div class=\"divider-inner\"><\/div>\n\t\n<\/div>\n<div class=\"clearboth\"><\/div>\n<div class=\"vc-zigzag-wrapper vc-zigzag-align-center\" >\n\t<div class=\"vc-zigzag-inner\" style=\"width: 100%;min-height: 14px;background: 0 repeat-x url(&#039;data:image\/svg+xml;utf-8,&lt;?xml version=&quot;1.0&quot; encoding=&quot;utf-8&quot;?&gt;&lt;!DOCTYPE svg PUBLIC &quot;-\/\/W3C\/\/DTD SVG 1.1\/\/EN&quot; &quot;http:\/\/www.w3.org\/Graphics\/SVG\/1.1\/DTD\/svg11.dtd&quot;&gt;&lt;svg width=&quot;14px&quot; height=&quot;12px&quot; viewBox=&quot;0 0 18 15&quot; version=&quot;1.1&quot; xmlns=&quot;http:\/\/www.w3.org\/2000\/svg&quot; xmlns:xlink=&quot;http:\/\/www.w3.org\/1999\/xlink&quot;&gt;&lt;polygon id=&quot;Combined-Shape&quot; fill=&quot;#757575&quot; points=&quot;8.98762301 0 0 9.12771969 0 14.519983 9 5.40479869 18 14.519983 18 9.12771969&quot;&gt;&lt;\/polygon&gt;&lt;\/svg&gt;&#039;);\">\n\t<\/div>\n<\/div>\n\t<div class=\"vc_custom_1639632379737\">\n\n<div id=\"text-block-4\" class=\"mk-text-block\">\n\n\t\n\t<h2><span style=\"font-size: 24pt; color: #ff0000;\"><strong>F\u00dcR SPONSOREN<\/strong><\/span><\/h2>\n\n\t<div class=\"clearboth\"><\/div>\n<\/div>\n\n\t<\/div>\n\t<div class=\"vc_custom_1721536902336\">\n\n<div id=\"text-block-5\" class=\"mk-text-block\">\n\n\t\n\t<h2><span style=\"color: #333999;\">Maximierung der Vorteile f\u00fcr Sponsoren von klinischen Studien: Rationalisierung der Ausgaben, Verbesserung der Standorteffizienz, Erf\u00fcllung gesetzlicher Anforderungen, F\u00f6rderung der Patientenrekrutierung und Aufrechterhaltung der Patientenbeteiligung<\/span><\/h2>\n<p>Wir bei Colpitts Clinical kennen die Herausforderungen, denen sich Sponsoren klinischer Studien stellen m\u00fcssen, um den Erfolg ihrer Studien zu gew\u00e4hrleisten. Deshalb konzentrieren wir uns auf die Maximierung des Nutzens f\u00fcr unsere Kunden in Schl\u00fcsselbereichen: Rationalisierung der Ausgaben, Verbesserung der Effizienz des Standorts, Erf\u00fcllung der gesetzlichen Anforderungen, F\u00f6rderung der Patientenrekrutierung und Aufrechterhaltung der Patientenbeteiligung.<\/p>\n<p>Durch Rationalisierung der Ausgaben helfen wir unseren Kunden, ihre Studien im Rahmen des Budgets zu halten, ohne Abstriche bei der Qualit\u00e4t oder der Patientensicherheit zu machen. Unsere innovativen Ans\u00e4tze f\u00fcr Patientenreisen und Spesenmanagement tragen dazu bei, dass die Kosten unter Kontrolle bleiben.<\/p>\n<p>Gleichzeitig bem\u00fchen wir uns, die Effizienz der Pr\u00fcfzentren zu verbessern, indem wir eng mit den Pr\u00fcfzentren zusammenarbeiten, um die Prozesse zu straffen und die Zeit bis zum Start der Studie zu verk\u00fcrzen. Wir konzentrieren uns darauf, die beh\u00f6rdlichen Anforderungen zu erf\u00fcllen und die Patientenbeteiligung aufrechtzuerhalten, um sicherzustellen, dass die Studien reibungslos verlaufen und die Patienten in hohem Ma\u00dfe einbezogen werden und zufrieden sind.<\/p>\n<p>Unabh\u00e4ngig davon, ob Sie Sponsor einer kleinen, an einem Standort durchgef\u00fchrten Studie oder einer gro\u00dfen, multinationalen Studie sind, Colpitts Clinical verf\u00fcgt \u00fcber das Fachwissen, die Erfahrung und das Engagement, um den Erfolg Ihrer Studie zu gew\u00e4hrleisten.<\/p>\n\n\t<div class=\"clearboth\"><\/div>\n<\/div>\n\n\t<\/div>\n<div id=\"divider-6\" class=\"mk-divider     divider_full_width center thick_solid\">\n\n\t\t\t<div class=\"divider-inner\"><\/div>\n\t\n<\/div>\n<div class=\"clearboth\"><\/div>\n<\/div>\n\t<\/div>\n\n\n<div  class=\"wpb_row vc_row vc_row-fluid  mk-fullwidth-false  attched-false     js-master-row\">\n\t\t\n\t\t\t\n<div style=\"\" class=\"vc_col-sm-12 wpb_column column_container vc_custom_1639632422167  _ height-full\">\n\t<div class=\"vc-zigzag-wrapper vc-zigzag-align-center\" >\n\t<div class=\"vc-zigzag-inner\" style=\"width: 100%;min-height: 14px;background: 0 repeat-x url(&#039;data:image\/svg+xml;utf-8,&lt;?xml version=&quot;1.0&quot; encoding=&quot;utf-8&quot;?&gt;&lt;!DOCTYPE svg PUBLIC &quot;-\/\/W3C\/\/DTD SVG 1.1\/\/EN&quot; &quot;http:\/\/www.w3.org\/Graphics\/SVG\/1.1\/DTD\/svg11.dtd&quot;&gt;&lt;svg width=&quot;14px&quot; height=&quot;12px&quot; viewBox=&quot;0 0 18 15&quot; version=&quot;1.1&quot; xmlns=&quot;http:\/\/www.w3.org\/2000\/svg&quot; xmlns:xlink=&quot;http:\/\/www.w3.org\/1999\/xlink&quot;&gt;&lt;polygon id=&quot;Combined-Shape&quot; fill=&quot;#757575&quot; points=&quot;8.98762301 0 0 9.12771969 0 14.519983 9 5.40479869 18 14.519983 18 9.12771969&quot;&gt;&lt;\/polygon&gt;&lt;\/svg&gt;&#039;);\">\n\t<\/div>\n<\/div>\n\t<div class=\"vc_custom_1677764541159\">\n\n<div id=\"text-block-7\" class=\"mk-text-block\">\n\n\t\n\t<h2><span style=\"font-size: 24pt; color: #ff0000;\"><strong>F\u00dcR STANDORTE<\/strong><\/span><\/h2>\n\n\t<div class=\"clearboth\"><\/div>\n<\/div>\n\n\t<\/div>\n\t<div class=\"vc_custom_1721536916583\">\n\n<div id=\"text-block-8\" class=\"mk-text-block\">\n\n\t\n\t<h2><span style=\"color: #333999;\">Vereinfachung klinischer Studien durch personalisierte Unterst\u00fctzung f\u00fcr Koordinatoren klinischer Einrichtungen<\/span><\/h2>\n<p>Wir bei Colpitts Clinical wissen, dass klinische Studien f\u00fcr Patienten und ihre Familien ein komplexer und stressiger Prozess sein k\u00f6nnen. Deshalb legen wir gro\u00dfen Wert darauf, allen Beteiligten eine stressfreie Erfahrung zu erm\u00f6glichen.<\/p>\n<p>Unsere erfahrenen Reise- und Spesenkoordinatoren bieten den Patienten und ihren Familien pers\u00f6nliche Unterst\u00fctzung und sorgen daf\u00fcr, dass alle Aspekte der klinischen Studie reibungslos ablaufen. Ganz gleich, ob es um die Koordinierung von Reisearrangements, die Verwaltung von Ausgaben oder die Beantwortung von Fragen geht, unsere Koordinatoren sind bestrebt, die Teilnahme so reibungslos und einfach wie m\u00f6glich zu gestalten.<\/p>\n<p>Wir sind davon \u00fcberzeugt, dass eine stressfreie Erfahrung f\u00fcr den Erfolg von klinischen Studien entscheidend ist. Indem wir die Patienten pers\u00f6nlich betreuen, stellen wir sicher, dass sie von Anfang bis Ende engagiert, zufrieden und engagiert an der Studie teilnehmen.<\/p>\n<p>Bei Colpitts Clinical k\u00f6nnen Sie sich darauf verlassen, dass Ihre klinische Studie reibungslos und effizient abl\u00e4uft, wobei der Schwerpunkt auf der Einbeziehung der Patienten, der Zufriedenheit, der Datensicherheit und der Sicherheit liegt.<\/p>\n\n\t<div class=\"clearboth\"><\/div>\n<\/div>\n\n\t<\/div>\n<div id=\"divider-9\" class=\"mk-divider     divider_full_width center thick_solid\">\n\n\t\t\t<div class=\"divider-inner\"><\/div>\n\t\n<\/div>\n<div class=\"clearboth\"><\/div>\n<\/div>\n\t<\/div>\n\n\n<div  class=\"wpb_row vc_row vc_row-fluid  mk-fullwidth-false  attched-false     js-master-row\">\n\t\t\n\t\t\t\n<div style=\"\" class=\"vc_col-sm-12 wpb_column column_container  _ height-full\">\n\t<div class=\"vc_empty_space\"   style=\"height: 64px\" ><span class=\"vc_empty_space_inner\"><\/span><\/div>\n<\/div>\n\t<\/div>\n\n\t<\/div><\/div><\/div>\n\t\n<div  class=\"wpb_row vc_row vc_row-fluid  mk-fullwidth-true  attched-false    vc_custom_1639377056041  js-master-row\">\n\t\t\n\t\t\t\n<div style=\"\" class=\"vc_col-sm-12 wpb_column column_container  _ height-full\">\n\t\n<h2 id=\"fancy-title-10\" class=\"mk-fancy-title  simple-style   color-single\">\n\t<span>\n\t\t\t\t\n<h2 style=\"text-align: center;\"><span style=\"font-family: arial, helvetica, sans-serif; color: #333999;\"><strong>Haben Sie eine Studie \u00fcber eine seltene Krankheit und eine kleine Population?<\/strong><\/span><\/h2>\n<p style=\"text-align: center;\">\n<div id=\"mk-button-11\" class=\"mk-button-container _ relative    block text-center\">\n\n\t\n\t\t<a id=\"Buton ID\" href=\"https:\/\/colpittsclinical.com\/de\/contact-us\/\"   target=\"_self\" class=\"mk-button js-smooth-scroll mk-button--dimension-three mk-button--size-medium mk-button--corner-pointed text-color-light _ relative text-center font-weight-700 no-backface  letter-spacing-1 inline\">\n\t\t\t\t\t\t \n\t\t\t<span class=\"mk-button--text\">Rufen Sie einen unserer Experten an<\/span>\n\t\t\t\t\t<\/a>\n\n\t\n<\/div>\n\t\t\t<\/span>\n<\/h2>\n<div class=\"clearboth\"><\/div>\n\n\n\n<\/div>\n\t<\/div>\n\n\n\t<div class=\"mk-main-wrapper-holder\">\n\t\t<div class=\"theme-page-wrapper full-layout mk-grid vc_row-fluid no-padding\">\n\t\t\t<div class=\"theme-content no-padding\">\n\n\t\t\t\n<div  class=\"wpb_row vc_row vc_row-fluid  mk-fullwidth-false  attched-false     js-master-row\">\n\t\t\n\t\t\t\n<div style=\"\" class=\"vc_col-sm-12 wpb_column column_container  _ height-full\">\n\t<\/div>\n\t<\/div>","protected":false},"excerpt":{"rendered":"var lsjQuery = jQuery; lsjQuery(document).ready(function() { if(typeof lsjQuery.fn.layerSlider == \"undefined\") { if( window._layerSlider && window._layerSlider.showNotice) { window._layerSlider.showNotice('layerslider_39_2','jquery'); } } else { lsjQuery(\"#layerslider_39_2\").layerSlider({sliderVersion: '6.5.7', type: 'fullwidth', navPrevNext: false, hoverPrevNext: false, navStartStop: false, navButtons: false, showCircleTimer: false, popupWidth: 640, popupHeight: 360, skinsPath: 'https:\/\/colpittsclinical.com\/wp-content\/plugins\/LayerSlider\/static\/layerslider\/skins\/'}); } }); SEAMLESS TRAVEL LOGISTICS &amp; PATIENT LIAISON PATIENT SUPPORT At Colpitts Clinical, patient [...]","protected":false},"author":1,"featured_media":0,"parent":0,"menu_order":0,"comment_status":"closed","ping_status":"closed","template":"","meta":{"_exactmetrics_skip_tracking":false,"_exactmetrics_sitenote_active":false,"_exactmetrics_sitenote_note":"","_exactmetrics_sitenote_category":0,"footnotes":""},"class_list":["post-259","page","type-page","status-publish","hentry"],"yoast_head":"<!-- This site is optimized with the Yoast SEO plugin v27.5 - https:\/\/yoast.com\/product\/yoast-seo-wordpress\/ -->\n<title>Patient Liaison - Colpitts Clinical<\/title>\n<meta name=\"description\" content=\"Colpitts Clinical has over 130 years of experience in travel services, and we have managed travel for more than 900 clinical trials in the past 20 years.\" \/>\n<meta name=\"robots\" content=\"index, follow, max-snippet:-1, max-image-preview:large, max-video-preview:-1\" \/>\n<link rel=\"canonical\" href=\"https:\/\/colpittsclinical.com\/de\/patient-liaison-2\/\" \/>\n<meta property=\"og:locale\" content=\"de_DE\" \/>\n<meta property=\"og:type\" content=\"article\" \/>\n<meta property=\"og:title\" content=\"Patient Liaison - Colpitts Clinical\" \/>\n<meta property=\"og:description\" content=\"Colpitts Clinical has over 130 years of experience in travel services, and we have managed travel for more than 900 clinical trials in the past 20 years.\" \/>\n<meta property=\"og:url\" content=\"https:\/\/colpittsclinical.com\/de\/patient-liaison-2\/\" \/>\n<meta property=\"og:site_name\" content=\"Colpitts Clinical\" \/>\n<meta property=\"article:publisher\" content=\"https:\/\/www.facebook.com\/ColpittsClinicalTrialTravel\/\" \/>\n<meta property=\"article:modified_time\" content=\"2025-09-16T12:21:03+00:00\" \/>\n<meta name=\"twitter:card\" content=\"summary_large_image\" \/>\n<meta name=\"twitter:label1\" content=\"Gesch\u00e4tzte Lesezeit\" \/>\n\t<meta name=\"twitter:data1\" content=\"3\u00a0Minuten\" \/>\n<script type=\"application\/ld+json\" class=\"yoast-schema-graph\">{\"@context\":\"https:\\\/\\\/schema.org\",\"@graph\":[{\"@type\":\"WebPage\",\"@id\":\"https:\\\/\\\/colpittsclinical.com\\\/patient-liaison-2\\\/\",\"url\":\"https:\\\/\\\/colpittsclinical.com\\\/patient-liaison-2\\\/\",\"name\":\"Patient Liaison - Colpitts Clinical\",\"isPartOf\":{\"@id\":\"https:\\\/\\\/colpittsclinical.com\\\/#website\"},\"datePublished\":\"2017-07-24T05:18:56+00:00\",\"dateModified\":\"2025-09-16T12:21:03+00:00\",\"description\":\"Colpitts Clinical has over 130 years of experience in travel services, and we have managed travel for more than 900 clinical trials in the past 20 years.\",\"breadcrumb\":{\"@id\":\"https:\\\/\\\/colpittsclinical.com\\\/patient-liaison-2\\\/#breadcrumb\"},\"inLanguage\":\"de\",\"potentialAction\":[{\"@type\":\"ReadAction\",\"target\":[\"https:\\\/\\\/colpittsclinical.com\\\/patient-liaison-2\\\/\"]}]},{\"@type\":\"BreadcrumbList\",\"@id\":\"https:\\\/\\\/colpittsclinical.com\\\/patient-liaison-2\\\/#breadcrumb\",\"itemListElement\":[{\"@type\":\"ListItem\",\"position\":1,\"name\":\"Home\",\"item\":\"https:\\\/\\\/colpittsclinical.com\\\/\"},{\"@type\":\"ListItem\",\"position\":2,\"name\":\"Patient Liaison\"}]},{\"@type\":\"WebSite\",\"@id\":\"https:\\\/\\\/colpittsclinical.com\\\/#website\",\"url\":\"https:\\\/\\\/colpittsclinical.com\\\/\",\"name\":\"Colpitts Clinical\",\"description\":\"patient-liaison\",\"publisher\":{\"@id\":\"https:\\\/\\\/colpittsclinical.com\\\/#organization\"},\"potentialAction\":[{\"@type\":\"SearchAction\",\"target\":{\"@type\":\"EntryPoint\",\"urlTemplate\":\"https:\\\/\\\/colpittsclinical.com\\\/?s={search_term_string}\"},\"query-input\":{\"@type\":\"PropertyValueSpecification\",\"valueRequired\":true,\"valueName\":\"search_term_string\"}}],\"inLanguage\":\"de\"},{\"@type\":\"Organization\",\"@id\":\"https:\\\/\\\/colpittsclinical.com\\\/#organization\",\"name\":\"Colpitts Clinical\",\"url\":\"https:\\\/\\\/colpittsclinical.com\\\/\",\"logo\":{\"@type\":\"ImageObject\",\"inLanguage\":\"de\",\"@id\":\"https:\\\/\\\/colpittsclinical.com\\\/#\\\/schema\\\/logo\\\/image\\\/\",\"url\":\"https:\\\/\\\/colpittsclinical.com\\\/wp-content\\\/uploads\\\/2017\\\/10\\\/cc-logo-212-1.png\",\"contentUrl\":\"https:\\\/\\\/colpittsclinical.com\\\/wp-content\\\/uploads\\\/2017\\\/10\\\/cc-logo-212-1.png\",\"width\":212,\"height\":48,\"caption\":\"Colpitts Clinical\"},\"image\":{\"@id\":\"https:\\\/\\\/colpittsclinical.com\\\/#\\\/schema\\\/logo\\\/image\\\/\"},\"sameAs\":[\"https:\\\/\\\/www.facebook.com\\\/ColpittsClinicalTrialTravel\\\/\",\"https:\\\/\\\/www.linkedin.com\\\/company\\\/colpittsclinical\\\/\"]}]}<\/script>\n<!-- \/ Yoast SEO plugin. -->","yoast_head_json":{"title":"Patient Liaison - Colpitts Clinical","description":"Colpitts Clinical has over 130 years of experience in travel services, and we have managed travel for more than 900 clinical trials in the past 20 years.","robots":{"index":"index","follow":"follow","max-snippet":"max-snippet:-1","max-image-preview":"max-image-preview:large","max-video-preview":"max-video-preview:-1"},"canonical":"https:\/\/colpittsclinical.com\/de\/patient-liaison-2\/","og_locale":"de_DE","og_type":"article","og_title":"Patient Liaison - Colpitts Clinical","og_description":"Colpitts Clinical has over 130 years of experience in travel services, and we have managed travel for more than 900 clinical trials in the past 20 years.","og_url":"https:\/\/colpittsclinical.com\/de\/patient-liaison-2\/","og_site_name":"Colpitts Clinical","article_publisher":"https:\/\/www.facebook.com\/ColpittsClinicalTrialTravel\/","article_modified_time":"2025-09-16T12:21:03+00:00","twitter_card":"summary_large_image","twitter_misc":{"Gesch\u00e4tzte Lesezeit":"3\u00a0Minuten"},"schema":{"@context":"https:\/\/schema.org","@graph":[{"@type":"WebPage","@id":"https:\/\/colpittsclinical.com\/patient-liaison-2\/","url":"https:\/\/colpittsclinical.com\/patient-liaison-2\/","name":"Patient Liaison - Colpitts Clinical","isPartOf":{"@id":"https:\/\/colpittsclinical.com\/#website"},"datePublished":"2017-07-24T05:18:56+00:00","dateModified":"2025-09-16T12:21:03+00:00","description":"Colpitts Clinical has over 130 years of experience in travel services, and we have managed travel for more than 900 clinical trials in the past 20 years.","breadcrumb":{"@id":"https:\/\/colpittsclinical.com\/patient-liaison-2\/#breadcrumb"},"inLanguage":"de","potentialAction":[{"@type":"ReadAction","target":["https:\/\/colpittsclinical.com\/patient-liaison-2\/"]}]},{"@type":"BreadcrumbList","@id":"https:\/\/colpittsclinical.com\/patient-liaison-2\/#breadcrumb","itemListElement":[{"@type":"ListItem","position":1,"name":"Home","item":"https:\/\/colpittsclinical.com\/"},{"@type":"ListItem","position":2,"name":"Patient Liaison"}]},{"@type":"WebSite","@id":"https:\/\/colpittsclinical.com\/#website","url":"https:\/\/colpittsclinical.com\/","name":"Colpitts Klinisch","description":"Patienten-Verbindungsstelle","publisher":{"@id":"https:\/\/colpittsclinical.com\/#organization"},"potentialAction":[{"@type":"SearchAction","target":{"@type":"EntryPoint","urlTemplate":"https:\/\/colpittsclinical.com\/?s={search_term_string}"},"query-input":{"@type":"PropertyValueSpecification","valueRequired":true,"valueName":"search_term_string"}}],"inLanguage":"de"},{"@type":"Organization","@id":"https:\/\/colpittsclinical.com\/#organization","name":"Colpitts Klinisch","url":"https:\/\/colpittsclinical.com\/","logo":{"@type":"ImageObject","inLanguage":"de","@id":"https:\/\/colpittsclinical.com\/#\/schema\/logo\/image\/","url":"https:\/\/colpittsclinical.com\/wp-content\/uploads\/2017\/10\/cc-logo-212-1.png","contentUrl":"https:\/\/colpittsclinical.com\/wp-content\/uploads\/2017\/10\/cc-logo-212-1.png","width":212,"height":48,"caption":"Colpitts Clinical"},"image":{"@id":"https:\/\/colpittsclinical.com\/#\/schema\/logo\/image\/"},"sameAs":["https:\/\/www.facebook.com\/ColpittsClinicalTrialTravel\/","https:\/\/www.linkedin.com\/company\/colpittsclinical\/"]}]}},"jetpack_sharing_enabled":true,"post_mailing_queue_ids":[],"_links":{"self":[{"href":"https:\/\/colpittsclinical.com\/de\/wp-json\/wp\/v2\/pages\/259","targetHints":{"allow":["GET"]}}],"collection":[{"href":"https:\/\/colpittsclinical.com\/de\/wp-json\/wp\/v2\/pages"}],"about":[{"href":"https:\/\/colpittsclinical.com\/de\/wp-json\/wp\/v2\/types\/page"}],"author":[{"embeddable":true,"href":"https:\/\/colpittsclinical.com\/de\/wp-json\/wp\/v2\/users\/1"}],"replies":[{"embeddable":true,"href":"https:\/\/colpittsclinical.com\/de\/wp-json\/wp\/v2\/comments?post=259"}],"version-history":[{"count":173,"href":"https:\/\/colpittsclinical.com\/de\/wp-json\/wp\/v2\/pages\/259\/revisions"}],"predecessor-version":[{"id":6270,"href":"https:\/\/colpittsclinical.com\/de\/wp-json\/wp\/v2\/pages\/259\/revisions\/6270"}],"wp:attachment":[{"href":"https:\/\/colpittsclinical.com\/de\/wp-json\/wp\/v2\/media?parent=259"}],"curies":[{"name":"wp","href":"https:\/\/api.w.org\/{rel}","templated":true}]}}