{"id":256,"date":"2017-07-24T01:17:46","date_gmt":"2017-07-24T05:17:46","guid":{"rendered":"https:\/\/colpittsclinical.com\/?page_id=256"},"modified":"2026-03-06T14:21:03","modified_gmt":"2026-03-06T19:21:03","slug":"clinical-trial-payments","status":"publish","type":"page","link":"https:\/\/colpittsclinical.com\/de\/clinical-trial-payments\/","title":{"rendered":"Zahlungen f\u00fcr klinische Studien"},"content":{"rendered":"<div  class=\"wpb_row vc_row vc_row-fluid  mk-fullwidth-false  attched-false     js-master-row\">\n\t\t\n\t\t\t\n<div style=\"\" class=\"vc_col-sm-12 wpb_column column_container  _ height-full\">\n\t<div class=\"wpb_layerslider_element wpb_content_element\"><script data-cfasync=\"false\" type=\"text\/javascript\">var lsjQuery = jQuery;<\/script><script data-cfasync=\"false\" type=\"text\/javascript\">\r\nlsjQuery(document).ready(function() {\r\nif(typeof lsjQuery.fn.layerSlider == \"undefined\") {\r\nif( window._layerSlider && window._layerSlider.showNotice) { \r\nwindow._layerSlider.showNotice('layerslider_38','jquery');\r\n}\r\n} else {\r\nlsjQuery(\"#layerslider_38\").layerSlider({sliderVersion: '6.5.7', type: 'fullwidth', navPrevNext: false, hoverPrevNext: false, navStartStop: false, navButtons: false, showCircleTimer: false, popupWidth: 640, popupHeight: 360, skinsPath: 'https:\/\/colpittsclinical.com\/wp-content\/plugins\/LayerSlider\/static\/layerslider\/skins\/'});\r\n}\r\n});\r\n<\/script><div id=\"layerslider_38\" class=\"ls-wp-container fitvidsignore\" style=\"width:1920px;height:600px;margin:0 auto;margin-bottom: 0px;\"><div class=\"ls-slide\" data-ls=\"kenburnsscale:1.2;\"><img loading=\"lazy\" decoding=\"async\" width=\"2172\" height=\"810\" src=\"https:\/\/i0.wp.com\/colpittsclinical.com\/wp-content\/uploads\/2024\/07\/trial-payments-1.jpg?fit=2172%2C810&amp;ssl=1\" class=\"ls-bg\" alt=\"Clinical Trial Payments\" srcset=\"https:\/\/i0.wp.com\/colpittsclinical.com\/wp-content\/uploads\/2024\/07\/trial-payments-1.jpg?w=2172&amp;ssl=1 2172w, https:\/\/i0.wp.com\/colpittsclinical.com\/wp-content\/uploads\/2024\/07\/trial-payments-1.jpg?resize=300%2C112&amp;ssl=1 300w, https:\/\/i0.wp.com\/colpittsclinical.com\/wp-content\/uploads\/2024\/07\/trial-payments-1.jpg?resize=1024%2C382&amp;ssl=1 1024w, https:\/\/i0.wp.com\/colpittsclinical.com\/wp-content\/uploads\/2024\/07\/trial-payments-1.jpg?resize=768%2C286&amp;ssl=1 768w, https:\/\/i0.wp.com\/colpittsclinical.com\/wp-content\/uploads\/2024\/07\/trial-payments-1.jpg?resize=1536%2C573&amp;ssl=1 1536w, https:\/\/i0.wp.com\/colpittsclinical.com\/wp-content\/uploads\/2024\/07\/trial-payments-1.jpg?resize=2048%2C764&amp;ssl=1 2048w, https:\/\/i0.wp.com\/colpittsclinical.com\/wp-content\/uploads\/2024\/07\/trial-payments-1.jpg?resize=640%2C239&amp;ssl=1 640w\" sizes=\"auto, (max-width: 1140px) 100vw, 1140px\" itemprop=\"image\" \/><h1 style=\"white-space: normal;top:222px;left:41px;text-align:center;font-weight:500;font-style:normal;text-decoration:none;wordwrap:true;opacity:1;font-family:Georgia;font-size:65px;width:700px;color:#ffffff;line-height:80px;\" class=\"ls-l\">KLINISCHE STUDIENZAHLUNGEN\n<\/h1><\/div><\/div><\/div><\/div>\n\t<\/div>\n\n\n<div  class=\"wpb_row vc_row vc_row-fluid  mk-fullwidth-false  attched-false     js-master-row\">\n\t\t\n\t\t\t\n<div style=\"\" class=\"vc_col-sm-12 wpb_column column_container  _ height-full\">\n\t<div class=\"vc_empty_space\"   style=\"height: 28px\" ><span class=\"vc_empty_space_inner\"><\/span><\/div>\n<\/div>\n\t<\/div>\n\n\t<\/div><\/div><\/div>\n\t\n<div  class=\"wpb_row vc_row vc_row-fluid  mk-fullwidth-true  attched-false     js-master-row\">\n\t\t\t<div class=\"mk-grid\">\n\t\t\n\t\t\t\n<div style=\"\" class=\"vc_col-sm-12 wpb_column column_container  _ height-full\">\n\t\t<div class=\"vc_custom_1721329530197\">\n\n<div id=\"text-block-1\" class=\"mk-text-block\">\n\n\t\n\t<h1><span style=\"color: #333399; font-family: arial, helvetica, sans-serif;\">VEREINFACHUNG UND BESCHLEUNIGUNG VON TEILNEHMERPAUSCHALEN ODER R\u00dcCKERSTATTUNGEN MIT DER WIEDERAUFLADBAREN VISA-KARTE VON COLPITTS CLINICAL<\/span><\/h1>\n\n\t<div class=\"clearboth\"><\/div>\n<\/div>\n\n\t<\/div>\n\t<div class=\"vc_custom_1678986612273\">\n\n<div id=\"text-block-2\" class=\"mk-text-block\">\n\n\t\n\t<p>Colpitts Clinical hat allein im letzten Jahr \u00fcber $5 Millionen an Studienkosten erfolgreich verwaltet. Verbessern Sie die Effizienz Ihrer Studie mit wiederaufladbaren Visa-Karten, die den Verwaltungsaufwand minimieren und den Teilnehmern Sicherheit bieten, da sie nicht wochen- oder monatelang auf die Erstattung warten m\u00fcssen.<\/p>\n<p>Die Teilnehmer erhalten Pauschalzahlungen oder R\u00fcckerstattungen \u00fcber wiederaufladbare Visa-Karten, die von Colpitts Clinical versandt werden. Die Patienten erhalten klare Anweisungen, wie und wo sie ihre Karten verwenden k\u00f6nnen, sowie Informationen dar\u00fcber, welche Ausgaben vom Sponsor der Studie genehmigt werden. Sollte die Teilnahme an der Studie verl\u00e4ngert werden, kann die Karte problemlos mit im Voraus bezahlten Pauschalbetr\u00e4gen oder Kostenerstattungen, die im Rahmen der Studie genehmigt wurden, aufgeladen werden. Colpitts Clinical bietet einen pers\u00f6nlichen und vertraulichen Service f\u00fcr Patienten, wenn es um die Organisation ihrer Reisevorbereitungen und Entsch\u00e4digungen geht. Wir arbeiten mit einer Reihe von f\u00fchrenden Biotechnologie- und Pharmaunternehmen sowie CROs zusammen und wissen, wie wichtig es ist, sensible Informationen zu sch\u00fctzen.<\/p>\n\n\t<div class=\"clearboth\"><\/div>\n<\/div>\n\n\t<\/div>\n\n<div class=\"mk-custom-box hover-effect-image\" id=\"box-3\">\n\t<div class=\"box-holder\">\t<div class=\"vc_custom_1730355721850\">\n\n<div id=\"text-block-4\" class=\"mk-text-block\">\n\n\t\n\t<h1 style=\"padding-left: 30px;\"><span style=\"font-size: 24pt; color: #808080;\">VORTEILE DER WIEDERAUFLADBAREN VISAKARTE<\/span><\/h1>\n<ul style=\"color: #808080;\">\n<li><span style=\"color: #808080;\">Erh\u00e4ltlich f\u00fcr die Verwendung in \u00fcber 200 L\u00e4ndern, in denen Visa akzeptiert wird.<\/span><\/li>\n<li><span data-olk-copy-source=\"MessageBody\">Wiederaufladbare Visa-Karten sind 5 Jahre lang g\u00fcltig.<\/span><\/li>\n<li>Keine monatlichen Geb\u00fchren.<\/li>\n<li><span style=\"color: #808080;\">Diese Karten, die mit einem Chip ausgestattet sind und nur eine Unterschrift erfordern, sind eine sichere und bequeme Option f\u00fcr Patienten.<\/span><\/li>\n<li><span style=\"color: #808080;\">Die aufladbaren Visa-Karten von Colpitts Clinical sind kosteng\u00fcnstiger als herk\u00f6mmliche Papierschecks und k\u00f6nnen mit unterschiedlichen Betr\u00e4gen aufgeladen werden, so dass die Patienten sofort \u00fcber ihr Geld verf\u00fcgen k\u00f6nnen.<\/span><\/li>\n<li><span style=\"color: #808080;\">Ein mobiler Zugang rund um die Uhr und ein Kundendienst in mehreren Sprachen helfen den Patienten, ihren Kontostand zu \u00fcberpr\u00fcfen und eventuelle Fragen zu beantworten.<\/span><\/li>\n<li><span style=\"color: #808080;\">Die Spesenkoordinatoren von Colpitts Clinical verwalten unsere wiederaufladbaren Visa-Karten. Bei Verlust oder Diebstahl der Karte wenden sich die Patienten an die Spesenkoordinatoren von Colpitts Clinical, um Unterst\u00fctzung zu erhalten. Unsere Spesenkoordinatoren k\u00f6nnen schnell eine neue Karte ausstellen und alle verbleibenden Mittel auf die Ersatzkarte \u00fcbertragen.<\/span><\/li>\n<\/ul>\n\n\t<div class=\"clearboth\"><\/div>\n<\/div>\n\n\t<\/div>\n\t<div class=\"vc_custom_1678986635483\">\n\n<div id=\"text-block-5\" class=\"mk-text-block\">\n\n\t\n\t<p><span style=\"font-family: arial, helvetica, sans-serif;\"><span style=\"font-family: 'arial black', sans-serif;\">HINWEIS:<\/span><b><br>\n<\/b>F\u00fcr Patienten au\u00dferhalb Nordamerikas und der EU steht eine alternative Zahlungsl\u00f6sung in Form einer elektronischen Bank\u00fcberweisung f\u00fcr L\u00e4nder zur Verf\u00fcgung, in denen Visa nur begrenzt akzeptiert wird.<br>\n<\/span><\/p>\n\n\t<div class=\"clearboth\"><\/div>\n<\/div>\n\n\t<\/div>\n\n\t\t<div class=\"clearfix\"><\/div>\n\t<\/div>\n<\/div> <\/div>\n\t\t\n\t\t<\/div>\t\n\t<\/div>\n\n\n\t<div class=\"mk-main-wrapper-holder\">\n\t\t<div class=\"theme-page-wrapper full-layout mk-grid vc_row-fluid no-padding\">\n\t\t\t<div class=\"theme-content no-padding\">\n\n\t\t\t\t<\/div><\/div><\/div>\n\t\n<div  class=\"wpb_row vc_row vc_row-fluid  mk-fullwidth-true  attched-false    vc_custom_1507952751794  js-master-row\">\n\t\t\t<div class=\"mk-grid\">\n\t\t\n\t\t\t\n<div style=\"\" class=\"vc_col-sm-12 wpb_column column_container vc_custom_1507950914948  _ height-full\">\n\t\t<div class=\"vc_custom_1772824841551\">\n\n<div id=\"text-block-6\" class=\"mk-text-block\">\n\n\t\n\t<h1><span style=\"color: #808080; font-family: arial, helvetica, sans-serif;\">Stipendienverwaltung Zahlungen<\/span><\/h1>\n<ul>\n<li>Stipendium: Ein Patient wird f\u00fcr seine Teilnahme bezahlt (d. h. Meilensteinzahlungen, Entsch\u00e4digung, Lohnausfall usw.); dies ist nicht dasselbe wie Tagegelder oder Erstattungen f\u00fcr vom Patienten bezahlte Ausgaben. Stipendien werden in den USA als steuerpflichtig angesehen, wenn der Teilnehmer $600 oder mehr in einem Kalenderjahr erh\u00e4lt.<\/li>\n<li>Colpitts Clinical bietet umfassende Dienstleistungen zur Verwaltung von Stipendien an, darunter\n<ul>\n<li>Anpassbare L\u00f6sungen f\u00fcr Sponsoren f\u00fcr US-B\u00fcrger.<\/li>\n<li>Einholung von W9-Formularen von Patienten<\/li>\n<li>Verfolgung aller Zahlungen w\u00e4hrend des gesamten Prozesses<\/li>\n<li>Monatliche Rechnungsstellung f\u00fcr Stipendien mit Zahlungsangaben<\/li>\n<li>Gutschrift von Stipendien auf eine wiederaufladbare Visa-Karte<\/li>\n<li>Ausstellung eines Formulars 1099 der US-Steuerbeh\u00f6rde IRS an jeden Teilnehmer, der mehr als $2.000 an Stipendienzahlungen erhalten hat.<\/li>\n<\/ul>\n<\/li>\n<\/ul>\n\n\t<div class=\"clearboth\"><\/div>\n<\/div>\n\n\t<\/div>\n<div class=\"vc_empty_space\"   style=\"height: 28px\" ><span class=\"vc_empty_space_inner\"><\/span><\/div>\n<\/div>\n\t\t\n\t\t<\/div>\t\n\t<\/div>\n\n\n\t<div class=\"mk-main-wrapper-holder\">\n\t\t<div class=\"theme-page-wrapper full-layout mk-grid vc_row-fluid no-padding\">\n\t\t\t<div class=\"theme-content no-padding\">\n\n\t\t\t\t<\/div><\/div><\/div>\n\t\n<div  class=\"wpb_row vc_row vc_row-fluid  mk-fullwidth-true  attched-false    vc_custom_1639375347930  js-master-row\">\n\t\t\n\t\t\t\n<div style=\"\" class=\"vc_col-sm-12 wpb_column column_container  _ height-full\">\n\t\n<h2 id=\"fancy-title-7\" class=\"mk-fancy-title  simple-style   color-single\">\n\t<span>\n\t\t\t\t\n<h2 style=\"text-align: center;\"><span style=\"color: #333399;\"><strong><span style=\"font-family: arial, helvetica, sans-serif;\">Suchen Sie nach einer kosteng\u00fcnstigeren L\u00f6sung f\u00fcr Ihre klinische Studie?<\/span><\/strong><\/span><\/h2>\n<p style=\"text-align: center;\">\n<div id=\"mk-button-8\" class=\"mk-button-container _ relative    block text-center\">\n\n\t\n\t\t<a id=\"Buton ID\" href=\"https:\/\/colpittsclinical.com\/de\/contact-us\/\"   target=\"_self\" class=\"mk-button js-smooth-scroll mk-button--dimension-three mk-button--size-medium mk-button--corner-pointed text-color-light _ relative text-center font-weight-700 no-backface  letter-spacing-1 inline\">\n\t\t\t\t\t\t \n\t\t\t<span class=\"mk-button--text\">Los geht's<\/span>\n\t\t\t\t\t<\/a>\n\n\t\n<\/div>\n\t\t\t<\/span>\n<\/h2>\n<div class=\"clearboth\"><\/div>\n\n\n\n<\/div>\n\t<\/div>\n\n\n\t<div class=\"mk-main-wrapper-holder\">\n\t\t<div class=\"theme-page-wrapper full-layout mk-grid vc_row-fluid no-padding\">\n\t\t\t<div class=\"theme-content no-padding\">","protected":false},"excerpt":{"rendered":"var lsjQuery = jQuery; lsjQuery(document).ready(function() { if(typeof lsjQuery.fn.layerSlider == \"undefined\") { if( window._layerSlider && window._layerSlider.showNotice) { window._layerSlider.showNotice('layerslider_38_2','jquery'); } } else { lsjQuery(\"#layerslider_38_2\").layerSlider({sliderVersion: '6.5.7', type: 'fullwidth', navPrevNext: false, hoverPrevNext: false, navStartStop: false, navButtons: false, showCircleTimer: false, popupWidth: 640, popupHeight: 360, skinsPath: 'https:\/\/colpittsclinical.com\/wp-content\/plugins\/LayerSlider\/static\/layerslider\/skins\/'}); } }); CLINICAL TRIAL PAYMENTS SIMPLIFY AND SPEED UP PARTICIPANT PER DIEMS OR REIMBURSEMENTS [...]","protected":false},"author":1,"featured_media":0,"parent":0,"menu_order":0,"comment_status":"closed","ping_status":"closed","template":"","meta":{"_exactmetrics_skip_tracking":false,"_exactmetrics_sitenote_active":false,"_exactmetrics_sitenote_note":"","_exactmetrics_sitenote_category":0,"footnotes":""},"class_list":["post-256","page","type-page","status-publish","hentry"],"yoast_head":"<!-- This site is optimized with the Yoast SEO plugin v27.5 - https:\/\/yoast.com\/product\/yoast-seo-wordpress\/ -->\n<title>Clinical Trial Payments - Colpitts Clinical<\/title>\n<meta name=\"description\" content=\"Colpitts Clinical has managed over $5 million in trial expenses just in the past year alone. Manage your trial smarter with Reloadable Prepaid Cards that reduce administrative hassle and reassure patients that they won\u2019t be waiting weeks or months for reimbursement.\" \/>\n<meta name=\"robots\" content=\"index, follow, max-snippet:-1, max-image-preview:large, max-video-preview:-1\" \/>\n<link rel=\"canonical\" href=\"https:\/\/colpittsclinical.com\/de\/clinical-trial-payments\/\" \/>\n<meta property=\"og:locale\" content=\"de_DE\" \/>\n<meta property=\"og:type\" content=\"article\" \/>\n<meta property=\"og:title\" content=\"Clinical Trial Payments - Colpitts Clinical\" \/>\n<meta property=\"og:description\" content=\"Colpitts Clinical has managed over $5 million in trial expenses just in the past year alone. Manage your trial smarter with Reloadable Prepaid Cards that reduce administrative hassle and reassure patients that they won\u2019t be waiting weeks or months for reimbursement.\" \/>\n<meta property=\"og:url\" content=\"https:\/\/colpittsclinical.com\/de\/clinical-trial-payments\/\" \/>\n<meta property=\"og:site_name\" content=\"Colpitts Clinical\" \/>\n<meta property=\"article:publisher\" content=\"https:\/\/www.facebook.com\/ColpittsClinicalTrialTravel\/\" \/>\n<meta property=\"article:modified_time\" content=\"2026-03-06T19:21:03+00:00\" \/>\n<meta name=\"twitter:card\" content=\"summary_large_image\" \/>\n<meta name=\"twitter:label1\" content=\"Gesch\u00e4tzte Lesezeit\" \/>\n\t<meta name=\"twitter:data1\" content=\"3\u00a0Minuten\" \/>\n<script type=\"application\/ld+json\" class=\"yoast-schema-graph\">{\"@context\":\"https:\\\/\\\/schema.org\",\"@graph\":[{\"@type\":\"WebPage\",\"@id\":\"https:\\\/\\\/colpittsclinical.com\\\/clinical-trial-payments\\\/\",\"url\":\"https:\\\/\\\/colpittsclinical.com\\\/clinical-trial-payments\\\/\",\"name\":\"Clinical Trial Payments - Colpitts Clinical\",\"isPartOf\":{\"@id\":\"https:\\\/\\\/colpittsclinical.com\\\/#website\"},\"datePublished\":\"2017-07-24T05:17:46+00:00\",\"dateModified\":\"2026-03-06T19:21:03+00:00\",\"description\":\"Colpitts Clinical has managed over $5 million in trial expenses just in the past year alone. Manage your trial smarter with Reloadable Prepaid Cards that reduce administrative hassle and reassure patients that they won\u2019t be waiting weeks or months for reimbursement.\",\"breadcrumb\":{\"@id\":\"https:\\\/\\\/colpittsclinical.com\\\/clinical-trial-payments\\\/#breadcrumb\"},\"inLanguage\":\"de\",\"potentialAction\":[{\"@type\":\"ReadAction\",\"target\":[\"https:\\\/\\\/colpittsclinical.com\\\/clinical-trial-payments\\\/\"]}]},{\"@type\":\"BreadcrumbList\",\"@id\":\"https:\\\/\\\/colpittsclinical.com\\\/clinical-trial-payments\\\/#breadcrumb\",\"itemListElement\":[{\"@type\":\"ListItem\",\"position\":1,\"name\":\"Home\",\"item\":\"https:\\\/\\\/colpittsclinical.com\\\/\"},{\"@type\":\"ListItem\",\"position\":2,\"name\":\"Clinical Trial Payments\"}]},{\"@type\":\"WebSite\",\"@id\":\"https:\\\/\\\/colpittsclinical.com\\\/#website\",\"url\":\"https:\\\/\\\/colpittsclinical.com\\\/\",\"name\":\"Colpitts Clinical\",\"description\":\"patient-liaison\",\"publisher\":{\"@id\":\"https:\\\/\\\/colpittsclinical.com\\\/#organization\"},\"potentialAction\":[{\"@type\":\"SearchAction\",\"target\":{\"@type\":\"EntryPoint\",\"urlTemplate\":\"https:\\\/\\\/colpittsclinical.com\\\/?s={search_term_string}\"},\"query-input\":{\"@type\":\"PropertyValueSpecification\",\"valueRequired\":true,\"valueName\":\"search_term_string\"}}],\"inLanguage\":\"de\"},{\"@type\":\"Organization\",\"@id\":\"https:\\\/\\\/colpittsclinical.com\\\/#organization\",\"name\":\"Colpitts Clinical\",\"url\":\"https:\\\/\\\/colpittsclinical.com\\\/\",\"logo\":{\"@type\":\"ImageObject\",\"inLanguage\":\"de\",\"@id\":\"https:\\\/\\\/colpittsclinical.com\\\/#\\\/schema\\\/logo\\\/image\\\/\",\"url\":\"https:\\\/\\\/colpittsclinical.com\\\/wp-content\\\/uploads\\\/2017\\\/10\\\/cc-logo-212-1.png\",\"contentUrl\":\"https:\\\/\\\/colpittsclinical.com\\\/wp-content\\\/uploads\\\/2017\\\/10\\\/cc-logo-212-1.png\",\"width\":212,\"height\":48,\"caption\":\"Colpitts Clinical\"},\"image\":{\"@id\":\"https:\\\/\\\/colpittsclinical.com\\\/#\\\/schema\\\/logo\\\/image\\\/\"},\"sameAs\":[\"https:\\\/\\\/www.facebook.com\\\/ColpittsClinicalTrialTravel\\\/\",\"https:\\\/\\\/www.linkedin.com\\\/company\\\/colpittsclinical\\\/\"]}]}<\/script>\n<!-- \/ Yoast SEO plugin. -->","yoast_head_json":{"title":"Clinical Trial Payments - Colpitts Clinical","description":"Colpitts Clinical has managed over $5 million in trial expenses just in the past year alone. Manage your trial smarter with Reloadable Prepaid Cards that reduce administrative hassle and reassure patients that they won\u2019t be waiting weeks or months for reimbursement.","robots":{"index":"index","follow":"follow","max-snippet":"max-snippet:-1","max-image-preview":"max-image-preview:large","max-video-preview":"max-video-preview:-1"},"canonical":"https:\/\/colpittsclinical.com\/de\/clinical-trial-payments\/","og_locale":"de_DE","og_type":"article","og_title":"Clinical Trial Payments - Colpitts Clinical","og_description":"Colpitts Clinical has managed over $5 million in trial expenses just in the past year alone. Manage your trial smarter with Reloadable Prepaid Cards that reduce administrative hassle and reassure patients that they won\u2019t be waiting weeks or months for reimbursement.","og_url":"https:\/\/colpittsclinical.com\/de\/clinical-trial-payments\/","og_site_name":"Colpitts Clinical","article_publisher":"https:\/\/www.facebook.com\/ColpittsClinicalTrialTravel\/","article_modified_time":"2026-03-06T19:21:03+00:00","twitter_card":"summary_large_image","twitter_misc":{"Gesch\u00e4tzte Lesezeit":"3\u00a0Minuten"},"schema":{"@context":"https:\/\/schema.org","@graph":[{"@type":"WebPage","@id":"https:\/\/colpittsclinical.com\/clinical-trial-payments\/","url":"https:\/\/colpittsclinical.com\/clinical-trial-payments\/","name":"Clinical Trial Payments - Colpitts Clinical","isPartOf":{"@id":"https:\/\/colpittsclinical.com\/#website"},"datePublished":"2017-07-24T05:17:46+00:00","dateModified":"2026-03-06T19:21:03+00:00","description":"Colpitts Clinical has managed over $5 million in trial expenses just in the past year alone. Manage your trial smarter with Reloadable Prepaid Cards that reduce administrative hassle and reassure patients that they won\u2019t be waiting weeks or months for reimbursement.","breadcrumb":{"@id":"https:\/\/colpittsclinical.com\/clinical-trial-payments\/#breadcrumb"},"inLanguage":"de","potentialAction":[{"@type":"ReadAction","target":["https:\/\/colpittsclinical.com\/clinical-trial-payments\/"]}]},{"@type":"BreadcrumbList","@id":"https:\/\/colpittsclinical.com\/clinical-trial-payments\/#breadcrumb","itemListElement":[{"@type":"ListItem","position":1,"name":"Home","item":"https:\/\/colpittsclinical.com\/"},{"@type":"ListItem","position":2,"name":"Clinical Trial Payments"}]},{"@type":"WebSite","@id":"https:\/\/colpittsclinical.com\/#website","url":"https:\/\/colpittsclinical.com\/","name":"Colpitts Klinisch","description":"Patienten-Verbindungsstelle","publisher":{"@id":"https:\/\/colpittsclinical.com\/#organization"},"potentialAction":[{"@type":"SearchAction","target":{"@type":"EntryPoint","urlTemplate":"https:\/\/colpittsclinical.com\/?s={search_term_string}"},"query-input":{"@type":"PropertyValueSpecification","valueRequired":true,"valueName":"search_term_string"}}],"inLanguage":"de"},{"@type":"Organization","@id":"https:\/\/colpittsclinical.com\/#organization","name":"Colpitts Klinisch","url":"https:\/\/colpittsclinical.com\/","logo":{"@type":"ImageObject","inLanguage":"de","@id":"https:\/\/colpittsclinical.com\/#\/schema\/logo\/image\/","url":"https:\/\/colpittsclinical.com\/wp-content\/uploads\/2017\/10\/cc-logo-212-1.png","contentUrl":"https:\/\/colpittsclinical.com\/wp-content\/uploads\/2017\/10\/cc-logo-212-1.png","width":212,"height":48,"caption":"Colpitts Clinical"},"image":{"@id":"https:\/\/colpittsclinical.com\/#\/schema\/logo\/image\/"},"sameAs":["https:\/\/www.facebook.com\/ColpittsClinicalTrialTravel\/","https:\/\/www.linkedin.com\/company\/colpittsclinical\/"]}]}},"jetpack_sharing_enabled":true,"post_mailing_queue_ids":[],"_links":{"self":[{"href":"https:\/\/colpittsclinical.com\/de\/wp-json\/wp\/v2\/pages\/256","targetHints":{"allow":["GET"]}}],"collection":[{"href":"https:\/\/colpittsclinical.com\/de\/wp-json\/wp\/v2\/pages"}],"about":[{"href":"https:\/\/colpittsclinical.com\/de\/wp-json\/wp\/v2\/types\/page"}],"author":[{"embeddable":true,"href":"https:\/\/colpittsclinical.com\/de\/wp-json\/wp\/v2\/users\/1"}],"replies":[{"embeddable":true,"href":"https:\/\/colpittsclinical.com\/de\/wp-json\/wp\/v2\/comments?post=256"}],"version-history":[{"count":150,"href":"https:\/\/colpittsclinical.com\/de\/wp-json\/wp\/v2\/pages\/256\/revisions"}],"predecessor-version":[{"id":6583,"href":"https:\/\/colpittsclinical.com\/de\/wp-json\/wp\/v2\/pages\/256\/revisions\/6583"}],"wp:attachment":[{"href":"https:\/\/colpittsclinical.com\/de\/wp-json\/wp\/v2\/media?parent=256"}],"curies":[{"name":"wp","href":"https:\/\/api.w.org\/{rel}","templated":true}]}}