{"id":2852,"date":"2019-01-23T22:20:10","date_gmt":"2019-01-24T03:20:10","guid":{"rendered":"https:\/\/colpittsclinical.com\/?page_id=2852"},"modified":"2022-09-03T22:38:04","modified_gmt":"2022-09-04T02:38:04","slug":"account-manager","status":"publish","type":"page","link":"https:\/\/colpittsclinical.com\/cs\/account-manager\/","title":{"rendered":"account manager"},"content":{"rendered":"<div  class=\"wpb_row vc_row vc_row-fluid  mk-fullwidth-false  attched-false     js-master-row\">\n\t\t\n\t\t\t\n<div style=\"\" class=\"vc_col-sm-12 wpb_column column_container  _ height-full\">\n\t\t<div class=\"vc_custom_1548441461326\">\n\n<div id=\"text-block-1\" class=\"mk-text-block\">\n\n\t\n\t<div class=\"\"><span style=\"font-size: 18pt; color: #33cccc;\"><strong><span class=\"job-description-title\">Account Manager<\/span><\/strong><\/span><\/div>\n<div class=\"job-description-details-sub-container\">\n<div class=\"job-description-details-sub-left-container\"><span class=\"job-description-worker-catergory\"><span class=\"\"><br \/>\nPlat na pln\u00fd \u00favazek\u00a0 \u00a0 \u00a0\u00a0<\/span><\/span><span class=\"job-description-location\"><span class=\"job-description-location-item\">Norwood, MA, USA<\/span><\/span><\/div>\n<div class=\"job-description-details-sub-right-container\">\n<p><span class=\"job-description-requisition\">ID po\u017eadavku : 1266<\/span><\/p>\n<\/div>\n<\/div>\n<div class=\"job-description-data-item\">\n<div class=\"job-description-data\">\n<p><strong><span style=\"color: #2f4f4f; font-family: Arial; font-size: medium;\">Objevte kari\u00e9ru v oblasti \u0159\u00edzen\u00ed \u00fa\u010dt\u016f ve spole\u010dnosti Colpitts Clinical a Direct Travel.\u00a0<\/span><\/strong><\/p>\n<p><span style=\"color: #2f4f4f;\">Spole\u010dnost Colpitts Clinical m\u00e1 hlubok\u00e9 ko\u0159eny v cestovn\u00edm ruchu a je pr\u016fkopn\u00edkem v oblasti koordinace cestov\u00e1n\u00ed v r\u00e1mci klinick\u00fdch studi\u00ed. Od na\u0161eho zalo\u017een\u00ed jako divize na\u0161\u00ed stejnojmenn\u00e9 spole\u010dnosti Colpitts World Travel a\u017e po n\u00e1\u0161 nov\u00fd za\u010d\u00e1tek jako spole\u010dnosti Direct Travel jsme se pod\u00edleli na v\u00edce ne\u017e 600 klinick\u00fdch hodnocen\u00edch po cel\u00e9m sv\u011bt\u011b a nad\u00e1le se p\u0159izp\u016fsobujeme neust\u00e1le se m\u011bn\u00edc\u00edm pot\u0159eb\u00e1m zadavatel\u016f klinick\u00fdch hodnocen\u00ed, CRO, pracovi\u0161\u0165 a p\u0159edev\u0161\u00edm pacient\u016f.<\/span><\/p>\n<p><span style=\"color: #2f4f4f;\">Spole\u010dnost Colpitts Clinical je jedn\u00edm z m\u00e1la poskytovatel\u016f komplexn\u00edch slu\u017eeb v oblasti cestovn\u00edho ruchu a spr\u00e1vy v\u00fddaj\u016f, kte\u0159\u00ed se v\u011bnuj\u00ed zejm\u00e9na bezprobl\u00e9mov\u00e9mu pl\u00e1nov\u00e1n\u00ed a podpo\u0159e p\u0159i cest\u00e1ch na klinick\u00e9 studie zam\u011b\u0159en\u00e9 na pacienty.  Spole\u010dnost Colpitts Clinical se s\u00eddlem v Norwoodu ve st\u00e1t\u011b Massachusetts m\u00e1 pobo\u010dky po cel\u00fdch Spojen\u00fdch st\u00e1tech, v Kanad\u011b a tak\u00e9 ve Velk\u00e9 Brit\u00e1nii a s pobo\u010dkami Direct APTI Global Travel po cel\u00e9m sv\u011bt\u011b. Spole\u010dnost Colpitts Clinical je schopna poskytovat \u0159e\u0161en\u00ed p\u0159izp\u016fsoben\u00e1 pot\u0159eb\u00e1m sv\u00fdch klient\u016f z oblasti biotechnologi\u00ed, farmacie a CRO a z\u00e1rove\u0148 zaji\u0161\u0165ovat kontrolu n\u00e1klad\u016f na studie a zaji\u0161\u0165ovat soulad s pr\u00e1vn\u00edmi p\u0159edpisy.<\/span><\/p>\n<p><strong><span style=\"color: #2f4f4f; font-family: Arial; font-size: medium;\">P\u0159\u00edle\u017eitost:<\/span><\/strong><\/p>\n<p><span style=\"color: #2f4f4f; font-family: Arial; font-size: medium;\">Do na\u0161eho klinick\u00e9ho t\u00fdmu spole\u010dnosti Colpitts v Norwoodu ve st\u00e1t\u011b MA hled\u00e1me mana\u017eera pro spr\u00e1vu \u00fa\u010dt\u016f. Hlavn\u00edm \u00fakolem t\u00e9to pozice je zajistit, aby na\u0161e slu\u017eby spl\u0148ovaly a\/nebo p\u0159ekra\u010dovaly o\u010dek\u00e1v\u00e1n\u00ed na\u0161ich klient\u016f.\u00a0<\/span><\/p>\n<p><strong><span style=\"color: #2f4f4f; font-family: Arial; font-size: medium;\">Co budete d\u011blat?<\/span><\/strong><\/p>\n<ul>\n<li><span style=\"color: #2f4f4f;\">pom\u00e1hat p\u0159i uzav\u00edr\u00e1n\u00ed smluv pro nov\u00e9 zkou\u0161ky.<\/span><\/li>\n<li><span style=\"color: #2f4f4f;\">Implementace nov\u00fdch \u00fa\u010dt\u016f a zpracov\u00e1n\u00ed v\u0161ech detail\u016f pot\u0159ebn\u00fdch k zaveden\u00ed zku\u0161ebn\u00edho procesu intern\u011b a p\u0159\u00edmo s klientem.\u00a0\u00a0<\/span><\/li>\n<li><span style=\"color: #2f4f4f;\">\u00fazce spolupracovat s na\u0161\u00edm rezerva\u010dn\u00edm a faktura\u010dn\u00edm t\u00fdmem p\u0159i \u0159e\u0161en\u00ed p\u0159\u00edpadn\u00fdch probl\u00e9m\u016f a komunikovat p\u0159\u00edmo s pacienty nebo sponzory.<\/span><\/li>\n<li><span style=\"color: #2f4f4f;\">Prov\u00e1d\u011bn\u00ed \u0161kolen\u00ed o t\u00e9matech souvisej\u00edc\u00edch s HIPAA\/GDPR a koordinace s koordin\u00e1tory pracovi\u0161\u0165 na\u0161ich klient\u016f.<\/span><\/li>\n<li><span style=\"color: #2f4f4f;\">\u00dazce spolupracovat s t\u00fdmem klinick\u00e9ho prodeje na strategi\u00edch pro nov\u00e9 obchody se st\u00e1vaj\u00edc\u00edmi a nov\u00fdmi klienty.\u00a0\u00a0<\/span><\/li>\n<\/ul>\n<div><b><span style=\"color: #2f4f4f; font-family: Arial; font-size: medium;\">Co od v\u00e1s pot\u0159ebujeme?<\/span><\/b><b><span style=\"color: #2f4f4f; font-family: Arial; font-size: medium;\">\u00a0<\/span><\/b><\/div>\n<ul>\n<li dir=\"auto\"><span style=\"color: #2f4f4f; font-family: Arial; font-size: medium;\">Up\u0159ednost\u0148uje se bakal\u00e1\u0159sk\u00fd titul nebo odpov\u00eddaj\u00edc\u00ed vzd\u011bl\u00e1n\u00ed v oblasti obchodu.<\/span><\/li>\n<li dir=\"auto\"><span style=\"color: #2f4f4f;\"><span style=\"font-family: Arial; font-size: medium;\">P\u0159edchoz\u00ed zku\u0161enosti s \u0159\u00edzen\u00edm \u00fa\u010dt\u016f v cestovn\u00edm ruchu jsou preferov\u00e1ny.<\/span><br \/>\n<\/span><\/li>\n<li dir=\"auto\"><span style=\"color: #2f4f4f; font-family: Arial; font-size: medium;\">Vynikaj\u00edc\u00ed komunika\u010dn\u00ed schopnosti, \u00fastn\u00ed i p\u00edsemn\u00e9, jsou nutnost\u00ed.\u00a0\u00a0<\/span><\/li>\n<li dir=\"auto\"><span style=\"color: #2f4f4f; font-family: Arial; font-size: medium;\">Zku\u0161enosti s prac\u00ed na po\u010d\u00edta\u010di a schopnost pracovat s n\u011bkolika r\u016fzn\u00fdmi po\u010d\u00edta\u010dov\u00fdmi programy\/softwarem.<\/span><\/li>\n<li dir=\"auto\"><span style=\"color: #2f4f4f; font-family: Arial; font-size: medium;\">Zku\u0161enosti s pou\u017e\u00edv\u00e1n\u00edm kancel\u00e1\u0159sk\u00e9ho bal\u00edku Microsoft Office<\/span><\/li>\n<li dir=\"auto\"><span style=\"color: #2f4f4f; font-family: Arial; font-size: medium;\">Organiza\u010dn\u00ed schopnosti a schopnost \u0159\u00eddit \u010das, kter\u00e9 jsou nezbytn\u00e9 pro \u00fasp\u011b\u0161n\u00e9 zvl\u00e1dnut\u00ed t\u00e9to role.\u00a0<\/span><\/li>\n<li dir=\"auto\"><span style=\"color: #2f4f4f; font-family: Arial; font-size: medium;\">\u0158e\u0161en\u00ed probl\u00e9m\u016f a t\u00fdmov\u00fd hr\u00e1\u010d jsou nutnost\u00ed.<\/span><\/li>\n<\/ul>\n<p><strong><span style=\"color: #2f4f4f; font-family: Arial; font-size: medium;\">Co nab\u00edz\u00edme na\u0161im zam\u011bstnanc\u016fm?<\/span><\/strong><\/p>\n<ul>\n<li dir=\"auto\"><span style=\"color: #2f4f4f; font-family: Arial; font-size: medium;\">Skv\u011bl\u00e1 firemn\u00ed kultura<\/span><\/li>\n<li dir=\"auto\"><span style=\"color: #2f4f4f; font-family: Arial; font-size: medium;\">\u00da\u017easn\u00ed spoluhr\u00e1\u010di\u00a0<\/span><\/li>\n<li dir=\"auto\"><span style=\"color: #2f4f4f; font-family: Arial; font-size: medium;\">Mo\u017enosti zdravotn\u00ed p\u00e9\u010de, zubn\u00ed p\u00e9\u010de, vid\u011bn\u00ed + dal\u0161\u00ed<\/span><\/li>\n<li dir=\"auto\"><span style=\"color: #2f4f4f; font-family: Arial; font-size: medium;\">Slevy na \u010dlenstv\u00ed ve fitness<\/span><\/li>\n<li dir=\"auto\"><span style=\"color: #2f4f4f; font-family: Arial; font-size: medium;\">Program odm\u011b\u0148ov\u00e1n\u00ed a uzn\u00e1v\u00e1n\u00ed zam\u011bstnanc\u016f<\/span><\/li>\n<li dir=\"auto\"><span style=\"color: #2f4f4f; font-family: Arial; font-size: medium;\">Mo\u017enosti \u0161kolen\u00ed<\/span><\/li>\n<li dir=\"auto\"><span style=\"color: #2f4f4f; font-family: Arial; font-size: medium;\">Velkorys\u00e1 dovolen\u00e1 + sv\u00e1tky + Den l\u00e9ka\u0159\u016f<\/span><\/li>\n<li dir=\"auto\"><span style=\"color: #2f4f4f; font-family: Arial; font-size: medium;\">Konkuren\u010dn\u00ed tr\u017en\u00ed mzda\u00a0<\/span><\/li>\n<li dir=\"auto\"><span style=\"color: #2f4f4f; font-family: Arial; font-size: medium;\">401k p\u0159\u00edsp\u011bvek zam\u011bstnavatele<\/span><\/li>\n<li dir=\"auto\"><span style=\"color: #2f4f4f; font-family: Arial; font-size: medium;\">Cestovn\u00ed v\u00fdhody, v\u010detn\u011b specializovan\u00fdch cestovn\u00edch t\u00fdm\u016f pro rezervaci zlevn\u011bn\u00fdch cest.<\/span><\/li>\n<li dir=\"auto\"><span style=\"color: #2f4f4f; font-family: Arial; font-size: medium;\">Programy zam\u011bstnaneck\u00fdch slev<\/span><\/li>\n<li dir=\"auto\"><span style=\"color: #2f4f4f; font-family: Arial; font-size: medium;\">A mnoho dal\u0161\u00edch!\u00a0<\/span><\/li>\n<\/ul>\n<p><span style=\"color: #33cccc;\">Sv\u016fj \u017eivotopis za\u0161lete Jeanne Johnstonov\u00e9 na adresu\u00a0<a style=\"color: #33cccc;\" href=\"mailto:jjohnston@colpittswt.com\">jjohnston@colpittswt.com<\/a><\/span><\/p>\n<p><span style=\"color: #2f4f4f; font-family: Arial; font-size: medium;\">Direct Travel je zam\u011bstnavatelem EOE\/AA\/Veter\u00e1n\u016f\/Osob se zdravotn\u00edm posti\u017een\u00edm.<\/span><\/p>\n<\/div>\n<\/div>\n\n\t<div class=\"clearboth\"><\/div>\n<\/div>\n\n\t<\/div>\n<\/div>\n\t<\/div>","protected":false},"excerpt":{"rendered":"Account Manager Salary Full-Time\u00a0 \u00a0 \u00a0\u00a0Norwood, MA, US Requisition ID\u00a0:\u00a01266 Discover an Accounts Management career within Colpitts Clinical a Direct Travel company.\u00a0 Colpitts Clinical has deep roots in the travel industry, and we are pioneers in dedicated clinical trial travel coordination. From our founding as a division of our namesake, Colpitts World Travel, to our [...]","protected":false},"author":1,"featured_media":0,"parent":0,"menu_order":0,"comment_status":"closed","ping_status":"closed","template":"","meta":{"_exactmetrics_skip_tracking":false,"_exactmetrics_sitenote_active":false,"_exactmetrics_sitenote_note":"","_exactmetrics_sitenote_category":0,"footnotes":""},"class_list":["post-2852","page","type-page","status-publish","hentry"],"yoast_head":"<!-- This site is optimized with the Yoast SEO plugin v27.6 - https:\/\/yoast.com\/product\/yoast-seo-wordpress\/ -->\n<title>account manager - Colpitts Clinical<\/title>\n<meta name=\"description\" content=\"We&#039;re seeking an Account Manager to join our Colpitts Clinical Team in our Norwood, MA office to work closely with our reservation team.\" \/>\n<meta name=\"robots\" content=\"index, follow, max-snippet:-1, max-image-preview:large, max-video-preview:-1\" \/>\n<link rel=\"canonical\" href=\"https:\/\/colpittsclinical.com\/cs\/account-manager\/\" \/>\n<meta property=\"og:locale\" content=\"cs_CZ\" \/>\n<meta property=\"og:type\" content=\"article\" \/>\n<meta property=\"og:title\" content=\"account manager - Colpitts Clinical\" \/>\n<meta property=\"og:description\" content=\"We&#039;re seeking an Account Manager to join our Colpitts Clinical Team in our Norwood, MA office to work closely with our reservation team.\" \/>\n<meta property=\"og:url\" content=\"https:\/\/colpittsclinical.com\/cs\/account-manager\/\" \/>\n<meta property=\"og:site_name\" content=\"Colpitts Clinical\" \/>\n<meta property=\"article:publisher\" content=\"https:\/\/www.facebook.com\/ColpittsClinicalTrialTravel\/\" \/>\n<meta property=\"article:modified_time\" content=\"2022-09-04T02:38:04+00:00\" \/>\n<meta name=\"twitter:card\" content=\"summary_large_image\" \/>\n<meta name=\"twitter:label1\" content=\"Odhadovan\u00e1 doba \u010dten\u00ed\" \/>\n\t<meta name=\"twitter:data1\" content=\"2 minuty\" \/>\n<script type=\"application\/ld+json\" class=\"yoast-schema-graph\">{\"@context\":\"https:\\\/\\\/schema.org\",\"@graph\":[{\"@type\":\"WebPage\",\"@id\":\"https:\\\/\\\/colpittsclinical.com\\\/account-manager\\\/\",\"url\":\"https:\\\/\\\/colpittsclinical.com\\\/account-manager\\\/\",\"name\":\"account manager - Colpitts Clinical\",\"isPartOf\":{\"@id\":\"https:\\\/\\\/colpittsclinical.com\\\/#website\"},\"datePublished\":\"2019-01-24T03:20:10+00:00\",\"dateModified\":\"2022-09-04T02:38:04+00:00\",\"description\":\"We're seeking an Account Manager to join our Colpitts Clinical Team in our Norwood, MA office to work closely with our reservation team.\",\"breadcrumb\":{\"@id\":\"https:\\\/\\\/colpittsclinical.com\\\/account-manager\\\/#breadcrumb\"},\"inLanguage\":\"cs\",\"potentialAction\":[{\"@type\":\"ReadAction\",\"target\":[\"https:\\\/\\\/colpittsclinical.com\\\/account-manager\\\/\"]}]},{\"@type\":\"BreadcrumbList\",\"@id\":\"https:\\\/\\\/colpittsclinical.com\\\/account-manager\\\/#breadcrumb\",\"itemListElement\":[{\"@type\":\"ListItem\",\"position\":1,\"name\":\"Home\",\"item\":\"https:\\\/\\\/colpittsclinical.com\\\/\"},{\"@type\":\"ListItem\",\"position\":2,\"name\":\"account manager\"}]},{\"@type\":\"WebSite\",\"@id\":\"https:\\\/\\\/colpittsclinical.com\\\/#website\",\"url\":\"https:\\\/\\\/colpittsclinical.com\\\/\",\"name\":\"Colpitts Clinical\",\"description\":\"patient-liaison\",\"publisher\":{\"@id\":\"https:\\\/\\\/colpittsclinical.com\\\/#organization\"},\"potentialAction\":[{\"@type\":\"SearchAction\",\"target\":{\"@type\":\"EntryPoint\",\"urlTemplate\":\"https:\\\/\\\/colpittsclinical.com\\\/?s={search_term_string}\"},\"query-input\":{\"@type\":\"PropertyValueSpecification\",\"valueRequired\":true,\"valueName\":\"search_term_string\"}}],\"inLanguage\":\"cs\"},{\"@type\":\"Organization\",\"@id\":\"https:\\\/\\\/colpittsclinical.com\\\/#organization\",\"name\":\"Colpitts Clinical\",\"url\":\"https:\\\/\\\/colpittsclinical.com\\\/\",\"logo\":{\"@type\":\"ImageObject\",\"inLanguage\":\"cs\",\"@id\":\"https:\\\/\\\/colpittsclinical.com\\\/#\\\/schema\\\/logo\\\/image\\\/\",\"url\":\"https:\\\/\\\/colpittsclinical.com\\\/wp-content\\\/uploads\\\/2017\\\/10\\\/cc-logo-212-1.png\",\"contentUrl\":\"https:\\\/\\\/colpittsclinical.com\\\/wp-content\\\/uploads\\\/2017\\\/10\\\/cc-logo-212-1.png\",\"width\":212,\"height\":48,\"caption\":\"Colpitts Clinical\"},\"image\":{\"@id\":\"https:\\\/\\\/colpittsclinical.com\\\/#\\\/schema\\\/logo\\\/image\\\/\"},\"sameAs\":[\"https:\\\/\\\/www.facebook.com\\\/ColpittsClinicalTrialTravel\\\/\",\"https:\\\/\\\/www.linkedin.com\\\/company\\\/colpittsclinical\\\/\"]}]}<\/script>\n<!-- \/ Yoast SEO plugin. -->","yoast_head_json":{"title":"account manager - Colpitts Clinical","description":"We're seeking an Account Manager to join our Colpitts Clinical Team in our Norwood, MA office to work closely with our reservation team.","robots":{"index":"index","follow":"follow","max-snippet":"max-snippet:-1","max-image-preview":"max-image-preview:large","max-video-preview":"max-video-preview:-1"},"canonical":"https:\/\/colpittsclinical.com\/cs\/account-manager\/","og_locale":"cs_CZ","og_type":"article","og_title":"account manager - Colpitts Clinical","og_description":"We're seeking an Account Manager to join our Colpitts Clinical Team in our Norwood, MA office to work closely with our reservation team.","og_url":"https:\/\/colpittsclinical.com\/cs\/account-manager\/","og_site_name":"Colpitts Clinical","article_publisher":"https:\/\/www.facebook.com\/ColpittsClinicalTrialTravel\/","article_modified_time":"2022-09-04T02:38:04+00:00","twitter_card":"summary_large_image","twitter_misc":{"Odhadovan\u00e1 doba \u010dten\u00ed":"2 minuty"},"schema":{"@context":"https:\/\/schema.org","@graph":[{"@type":"WebPage","@id":"https:\/\/colpittsclinical.com\/account-manager\/","url":"https:\/\/colpittsclinical.com\/account-manager\/","name":"account manager - Colpitts Clinical","isPartOf":{"@id":"https:\/\/colpittsclinical.com\/#website"},"datePublished":"2019-01-24T03:20:10+00:00","dateModified":"2022-09-04T02:38:04+00:00","description":"We're seeking an Account Manager to join our Colpitts Clinical Team in our Norwood, MA office to work closely with our reservation team.","breadcrumb":{"@id":"https:\/\/colpittsclinical.com\/account-manager\/#breadcrumb"},"inLanguage":"cs","potentialAction":[{"@type":"ReadAction","target":["https:\/\/colpittsclinical.com\/account-manager\/"]}]},{"@type":"BreadcrumbList","@id":"https:\/\/colpittsclinical.com\/account-manager\/#breadcrumb","itemListElement":[{"@type":"ListItem","position":1,"name":"Home","item":"https:\/\/colpittsclinical.com\/"},{"@type":"ListItem","position":2,"name":"account manager"}]},{"@type":"WebSite","@id":"https:\/\/colpittsclinical.com\/#website","url":"https:\/\/colpittsclinical.com\/","name":"Colpitts Clinical","description":"pacient-liaison","publisher":{"@id":"https:\/\/colpittsclinical.com\/#organization"},"potentialAction":[{"@type":"SearchAction","target":{"@type":"EntryPoint","urlTemplate":"https:\/\/colpittsclinical.com\/?s={search_term_string}"},"query-input":{"@type":"PropertyValueSpecification","valueRequired":true,"valueName":"search_term_string"}}],"inLanguage":"cs"},{"@type":"Organization","@id":"https:\/\/colpittsclinical.com\/#organization","name":"Colpitts Clinical","url":"https:\/\/colpittsclinical.com\/","logo":{"@type":"ImageObject","inLanguage":"cs","@id":"https:\/\/colpittsclinical.com\/#\/schema\/logo\/image\/","url":"https:\/\/colpittsclinical.com\/wp-content\/uploads\/2017\/10\/cc-logo-212-1.png","contentUrl":"https:\/\/colpittsclinical.com\/wp-content\/uploads\/2017\/10\/cc-logo-212-1.png","width":212,"height":48,"caption":"Colpitts Clinical"},"image":{"@id":"https:\/\/colpittsclinical.com\/#\/schema\/logo\/image\/"},"sameAs":["https:\/\/www.facebook.com\/ColpittsClinicalTrialTravel\/","https:\/\/www.linkedin.com\/company\/colpittsclinical\/"]}]}},"jetpack_sharing_enabled":true,"post_mailing_queue_ids":[],"_links":{"self":[{"href":"https:\/\/colpittsclinical.com\/cs\/wp-json\/wp\/v2\/pages\/2852","targetHints":{"allow":["GET"]}}],"collection":[{"href":"https:\/\/colpittsclinical.com\/cs\/wp-json\/wp\/v2\/pages"}],"about":[{"href":"https:\/\/colpittsclinical.com\/cs\/wp-json\/wp\/v2\/types\/page"}],"author":[{"embeddable":true,"href":"https:\/\/colpittsclinical.com\/cs\/wp-json\/wp\/v2\/users\/1"}],"replies":[{"embeddable":true,"href":"https:\/\/colpittsclinical.com\/cs\/wp-json\/wp\/v2\/comments?post=2852"}],"version-history":[{"count":8,"href":"https:\/\/colpittsclinical.com\/cs\/wp-json\/wp\/v2\/pages\/2852\/revisions"}],"predecessor-version":[{"id":2881,"href":"https:\/\/colpittsclinical.com\/cs\/wp-json\/wp\/v2\/pages\/2852\/revisions\/2881"}],"wp:attachment":[{"href":"https:\/\/colpittsclinical.com\/cs\/wp-json\/wp\/v2\/media?parent=2852"}],"curies":[{"name":"wp","href":"https:\/\/api.w.org\/{rel}","templated":true}]}}