{"id":2745,"date":"2024-11-06T09:12:52","date_gmt":"2024-11-06T14:12:52","guid":{"rendered":"https:\/\/colpittsclinical.com\/?page_id=2745"},"modified":"2025-10-18T22:47:23","modified_gmt":"2025-10-19T02:47:23","slug":"contact-us-3","status":"publish","type":"page","link":"https:\/\/colpittsclinical.com\/cs\/contact-us-3\/","title":{"rendered":"contact-us-3"},"content":{"rendered":"<\/div><\/div><\/div>\n\t\n<div  class=\"wpb_row vc_row vc_row-fluid  mk-fullwidth-true  attched-false    vc_custom_1721535778056  js-master-row\">\n\t\t\t<div class=\"mk-grid\">\n\t\t\n\t\t\t\n<div style=\"\" class=\"vc_col-sm-12 wpb_column column_container  _ height-full\">\n\t\t<div class=\"vc_custom_1721535790423\">\n\n<div id=\"text-block-1\" class=\"mk-text-block\">\n\n\t\n\t<h1 style=\"text-align: center;\"><span style=\"font-size: 24pt; color: #ffffff;\">SPOJTE SE S N\u00c1MI<\/span><\/h1>\n\n\t<div class=\"clearboth\"><\/div>\n<\/div>\n\n\t<\/div>\n<\/div>\n\t\t\n\t\t<\/div>\t\n\t<\/div>\n\n\n\t<div class=\"mk-main-wrapper-holder\">\n\t\t<div class=\"theme-page-wrapper full-layout mk-grid vc_row-fluid no-padding\">\n\t\t\t<div class=\"theme-content no-padding\">\n\n\t\t\t\t<\/div><\/div><\/div>\n\t\n<div  class=\"wpb_row vc_row vc_row-fluid  mk-fullwidth-true  attched-false    vc_custom_1632463956707  js-master-row\">\n\t\t\t<div class=\"mk-grid\">\n\t\t\n\t\t\t\n<div style=\"\" class=\"vc_col-sm-12 wpb_column column_container  _ height-full\">\n\t<div class=\"vc_empty_space\"   style=\"height: 80px\" ><span class=\"vc_empty_space_inner\"><\/span><\/div>\n\t<div class=\"vc_custom_1678988422052\">\n\n<div id=\"text-block-2\" class=\"mk-text-block\">\n\n\t\n\t<p style=\"text-align: center;\"><span style=\"font-size: 24pt;\">A\u0165 u\u017e m\u00e1te z\u00e1jem s n\u00e1mi obchodovat, nebo pot\u0159ebujete pomoc jako st\u00e1vaj\u00edc\u00ed klient, jsme tu pro v\u00e1s. Kontaktujte n\u00e1s je\u0161t\u011b dnes a dozv\u00edte se v\u00edce o na\u0161ich slu\u017eb\u00e1ch a o tom, jak v\u00e1s m\u016f\u017eeme podpo\u0159it.<\/span><\/p>\n\n\t<div class=\"clearboth\"><\/div>\n<\/div>\n\n\t<\/div>\n\n<div id=\"mk-button-3\" class=\"mk-button-container _ relative    block text-center\">\n\n\t\n\t\t<a  href=\"https:\/\/secureform.colpittsclinical.com\/forms\/12570\/25086\/bjpo\/form.html\"   target=\"_self\" class=\"mk-button js-smooth-scroll mk-button--dimension-outline mk-button--size-large mk-button--corner-pointed _ relative text-center font-weight-700 no-backface  letter-spacing-2 inline\">\n\t\t\t\t\t\t<i class=\"mk-button--icon\"><svg  class=\"mk-svg-icon\" data-name=\"mk-icon-play\" data-cacheid=\"icon-69ec427aa8c8f\" style=\" height:16px; width: 12.571428571429px; \"  xmlns=\"http:\/\/www.w3.org\/2000\/svg\" viewbox=\"0 0 1408 1792\"><path d=\"M1384 927l-1328 738q-23 13-39.5 3t-16.5-36v-1472q0-26 16.5-36t39.5 3l1328 738q23 13 23 31t-23 31z\"\/><\/svg><\/i> \n\t\t\t<span class=\"mk-button--text\">SPONZOR A CRO'S<\/span>\n\t\t\t\t\t<\/a>\n\n\t\n<\/div><div class=\"vc_empty_space\"   style=\"height: 44px\" ><span class=\"vc_empty_space_inner\"><\/span><\/div>\n\n<div id=\"mk-button-4\" class=\"mk-button-container _ relative    block text-center\">\n\n\t\n\t\t<a  href=\"https:\/\/secureform.colpittsclinical.com\/forms\/12570\/25091\/HD4S\/form.html\"   target=\"_self\" class=\"mk-button js-smooth-scroll mk-button--dimension-outline mk-button--size-large mk-button--corner-pointed _ relative text-center font-weight-700 no-backface  letter-spacing-2 inline\">\n\t\t\t\t\t\t<i class=\"mk-button--icon\"><svg  class=\"mk-svg-icon\" data-name=\"mk-icon-play\" data-cacheid=\"icon-69ec427aa8e4d\" style=\" height:16px; width: 12.571428571429px; \"  xmlns=\"http:\/\/www.w3.org\/2000\/svg\" viewbox=\"0 0 1408 1792\"><path d=\"M1384 927l-1328 738q-23 13-39.5 3t-16.5-36v-1472q0-26 16.5-36t39.5 3l1328 738q23 13 23 31t-23 31z\"\/><\/svg><\/i> \n\t\t\t<span class=\"mk-button--text\">PACIENT, O\u0160ET\u0158OVATEL nebo M\u00cdSTO<\/span>\n\t\t\t\t\t<\/a>\n\n\t\n<\/div><div class=\"vc_empty_space\"   style=\"height: 64px\" ><span class=\"vc_empty_space_inner\"><\/span><\/div>\n<\/div>\n\t\t\n\t\t<\/div>\t\n\t<\/div>\n\n\n\t<div class=\"mk-main-wrapper-holder\">\n\t\t<div class=\"theme-page-wrapper full-layout mk-grid vc_row-fluid no-padding\">\n\t\t\t<div class=\"theme-content no-padding\">\n\n\t\t\t\n<div  class=\"wpb_row vc_row vc_row-fluid  mk-fullwidth-false  attched-false    vc_custom_1558466002142  js-master-row\">\n\t\t\n\t\t\t\n<div style=\"\" class=\"vc_col-sm-6 wpb_column column_container  _ height-full\">\n\t\t<div class=\"vc_custom_1736355977974\">\n\n<div id=\"text-block-5\" class=\"mk-text-block\">\n\n\t\n\t<div class=\"wpb_text_column wpb_content_element\">\n<div class=\"wpb_wrapper\">\n<p style=\"text-align: center;\"><span style=\"font-size: 18pt;\"><strong>CENTR\u00c1LA USA<\/strong><\/span><br \/>\n<span style=\"color: #808080; font-family: arial, helvetica, sans-serif; font-size: 14pt;\">750 East Main St. Suite 1030<br \/>\n<\/span><span style=\"color: #808080; font-family: arial, helvetica, sans-serif; font-size: 14pt;\">Stamford, CT 06902<br \/>\n<\/span><span style=\"font-family: arial, helvetica, sans-serif; font-size: 14pt; color: #808080;\"><strong>Hlavn\u00ed telefon (rezervace a \u00fa\u010detnictv\u00ed)<\/strong><br \/>\n<\/span><span style=\"font-family: arial, helvetica, sans-serif; font-size: 14pt; color: #808080;\">1 781-471-2336<\/span><br \/>\n<span style=\"font-family: arial, helvetica, sans-serif; font-size: 14pt; color: #808080;\"><strong>Prodejn\u00ed kancel\u00e1\u0159<\/strong> 1 781-471-2319<\/span><\/p>\n<\/div>\n<\/div>\n\n\t<div class=\"clearboth\"><\/div>\n<\/div>\n\n\t<\/div>\n<\/div>\n\n<div style=\"\" class=\"vc_col-sm-6 wpb_column column_container  _ height-full\">\n\t\t<div class=\"vc_custom_1736959976020\">\n\n<div id=\"text-block-6\" class=\"mk-text-block\">\n\n\t\n\t<div class=\"wpb_text_column wpb_content_element\">\n<div class=\"wpb_wrapper\">\n<p style=\"text-align: center;\"><span style=\"font-size: 18pt;\"><strong>GLOB\u00c1LN\u00cd CENTR\u00c1LA<\/strong><\/span><br \/>\n<span style=\"font-family: arial, helvetica, sans-serif; font-size: 14pt; color: #808080;\"><span class=\"bluebody\">Cairncross House<br \/>\n<\/span><span class=\"bluebody\">25 Union Street, Edinburgh<br \/>\nEH1 3LR Skotsko, Velk\u00e1 Brit\u00e1nie<br \/>\nTELEFON: +44 131 226 0800<\/span><\/span><\/p>\n<p style=\"text-align: center;\">\n<\/div>\n<\/div>\n<div class=\"wpb_text_column wpb_content_element\" style=\"text-align: center;\"><span style=\"color: #ffffff;\">\u00a0<\/span><\/div>\n\n\t<div class=\"clearboth\"><\/div>\n<\/div>\n\n\t<\/div>\n<\/div>\n\t<\/div>","protected":false},"excerpt":{"rendered":"GET IN TOUCH Whether you're interested in doing business with us or need assistance as a current client, we're here to help. Contact us today to learn more about our services and how we can support you. SPONSOR AND CRO'S PATIENT, CAREGIVER or SITE U.S. HEADQUARTERS 750 East Main St. Suite 1030 Stamford, CT 06902 [...]","protected":false},"author":1,"featured_media":0,"parent":0,"menu_order":0,"comment_status":"closed","ping_status":"closed","template":"","meta":{"_exactmetrics_skip_tracking":false,"_exactmetrics_sitenote_active":false,"_exactmetrics_sitenote_note":"","_exactmetrics_sitenote_category":0,"footnotes":""},"class_list":["post-2745","page","type-page","status-publish","hentry"],"yoast_head":"<!-- This site is optimized with the Yoast SEO plugin v27.4 - https:\/\/yoast.com\/product\/yoast-seo-wordpress\/ -->\n<title>contact-us-3 - Colpitts Clinical<\/title>\n<meta name=\"robots\" content=\"index, follow, max-snippet:-1, max-image-preview:large, max-video-preview:-1\" \/>\n<link rel=\"canonical\" href=\"https:\/\/colpittsclinical.com\/cs\/contact-us-3\/\" \/>\n<meta property=\"og:locale\" content=\"cs_CZ\" \/>\n<meta property=\"og:type\" content=\"article\" \/>\n<meta property=\"og:title\" content=\"contact-us-3 - Colpitts Clinical\" \/>\n<meta property=\"og:url\" content=\"https:\/\/colpittsclinical.com\/cs\/contact-us-3\/\" \/>\n<meta property=\"og:site_name\" content=\"Colpitts Clinical\" \/>\n<meta property=\"article:publisher\" content=\"https:\/\/www.facebook.com\/ColpittsClinicalTrialTravel\/\" \/>\n<meta property=\"article:modified_time\" content=\"2025-10-19T02:47:23+00:00\" \/>\n<meta name=\"twitter:card\" content=\"summary_large_image\" \/>\n<meta name=\"twitter:label1\" content=\"Odhadovan\u00e1 doba \u010dten\u00ed\" \/>\n\t<meta name=\"twitter:data1\" content=\"1 minuta\" \/>\n<script type=\"application\/ld+json\" class=\"yoast-schema-graph\">{\"@context\":\"https:\\\/\\\/schema.org\",\"@graph\":[{\"@type\":\"WebPage\",\"@id\":\"https:\\\/\\\/colpittsclinical.com\\\/contact-us-3\\\/\",\"url\":\"https:\\\/\\\/colpittsclinical.com\\\/contact-us-3\\\/\",\"name\":\"contact-us-3 - Colpitts Clinical\",\"isPartOf\":{\"@id\":\"https:\\\/\\\/colpittsclinical.com\\\/#website\"},\"datePublished\":\"2024-11-06T14:12:52+00:00\",\"dateModified\":\"2025-10-19T02:47:23+00:00\",\"breadcrumb\":{\"@id\":\"https:\\\/\\\/colpittsclinical.com\\\/contact-us-3\\\/#breadcrumb\"},\"inLanguage\":\"cs\",\"potentialAction\":[{\"@type\":\"ReadAction\",\"target\":[\"https:\\\/\\\/colpittsclinical.com\\\/contact-us-3\\\/\"]}]},{\"@type\":\"BreadcrumbList\",\"@id\":\"https:\\\/\\\/colpittsclinical.com\\\/contact-us-3\\\/#breadcrumb\",\"itemListElement\":[{\"@type\":\"ListItem\",\"position\":1,\"name\":\"Home\",\"item\":\"https:\\\/\\\/colpittsclinical.com\\\/\"},{\"@type\":\"ListItem\",\"position\":2,\"name\":\"contact-us-3\"}]},{\"@type\":\"WebSite\",\"@id\":\"https:\\\/\\\/colpittsclinical.com\\\/#website\",\"url\":\"https:\\\/\\\/colpittsclinical.com\\\/\",\"name\":\"Colpitts Clinical\",\"description\":\"patient-liaison\",\"publisher\":{\"@id\":\"https:\\\/\\\/colpittsclinical.com\\\/#organization\"},\"potentialAction\":[{\"@type\":\"SearchAction\",\"target\":{\"@type\":\"EntryPoint\",\"urlTemplate\":\"https:\\\/\\\/colpittsclinical.com\\\/?s={search_term_string}\"},\"query-input\":{\"@type\":\"PropertyValueSpecification\",\"valueRequired\":true,\"valueName\":\"search_term_string\"}}],\"inLanguage\":\"cs\"},{\"@type\":\"Organization\",\"@id\":\"https:\\\/\\\/colpittsclinical.com\\\/#organization\",\"name\":\"Colpitts Clinical\",\"url\":\"https:\\\/\\\/colpittsclinical.com\\\/\",\"logo\":{\"@type\":\"ImageObject\",\"inLanguage\":\"cs\",\"@id\":\"https:\\\/\\\/colpittsclinical.com\\\/#\\\/schema\\\/logo\\\/image\\\/\",\"url\":\"https:\\\/\\\/colpittsclinical.com\\\/wp-content\\\/uploads\\\/2017\\\/10\\\/cc-logo-212-1.png\",\"contentUrl\":\"https:\\\/\\\/colpittsclinical.com\\\/wp-content\\\/uploads\\\/2017\\\/10\\\/cc-logo-212-1.png\",\"width\":212,\"height\":48,\"caption\":\"Colpitts Clinical\"},\"image\":{\"@id\":\"https:\\\/\\\/colpittsclinical.com\\\/#\\\/schema\\\/logo\\\/image\\\/\"},\"sameAs\":[\"https:\\\/\\\/www.facebook.com\\\/ColpittsClinicalTrialTravel\\\/\",\"https:\\\/\\\/www.linkedin.com\\\/company\\\/colpittsclinical\\\/\"]}]}<\/script>\n<!-- \/ Yoast SEO plugin. -->","yoast_head_json":{"title":"contact-us-3 - Colpitts Clinical","robots":{"index":"index","follow":"follow","max-snippet":"max-snippet:-1","max-image-preview":"max-image-preview:large","max-video-preview":"max-video-preview:-1"},"canonical":"https:\/\/colpittsclinical.com\/cs\/contact-us-3\/","og_locale":"cs_CZ","og_type":"article","og_title":"contact-us-3 - Colpitts Clinical","og_url":"https:\/\/colpittsclinical.com\/cs\/contact-us-3\/","og_site_name":"Colpitts Clinical","article_publisher":"https:\/\/www.facebook.com\/ColpittsClinicalTrialTravel\/","article_modified_time":"2025-10-19T02:47:23+00:00","twitter_card":"summary_large_image","twitter_misc":{"Odhadovan\u00e1 doba \u010dten\u00ed":"1 minuta"},"schema":{"@context":"https:\/\/schema.org","@graph":[{"@type":"WebPage","@id":"https:\/\/colpittsclinical.com\/contact-us-3\/","url":"https:\/\/colpittsclinical.com\/contact-us-3\/","name":"contact-us-3 - Colpitts Clinical","isPartOf":{"@id":"https:\/\/colpittsclinical.com\/#website"},"datePublished":"2024-11-06T14:12:52+00:00","dateModified":"2025-10-19T02:47:23+00:00","breadcrumb":{"@id":"https:\/\/colpittsclinical.com\/contact-us-3\/#breadcrumb"},"inLanguage":"cs","potentialAction":[{"@type":"ReadAction","target":["https:\/\/colpittsclinical.com\/contact-us-3\/"]}]},{"@type":"BreadcrumbList","@id":"https:\/\/colpittsclinical.com\/contact-us-3\/#breadcrumb","itemListElement":[{"@type":"ListItem","position":1,"name":"Home","item":"https:\/\/colpittsclinical.com\/"},{"@type":"ListItem","position":2,"name":"contact-us-3"}]},{"@type":"WebSite","@id":"https:\/\/colpittsclinical.com\/#website","url":"https:\/\/colpittsclinical.com\/","name":"Colpitts Clinical","description":"pacient-liaison","publisher":{"@id":"https:\/\/colpittsclinical.com\/#organization"},"potentialAction":[{"@type":"SearchAction","target":{"@type":"EntryPoint","urlTemplate":"https:\/\/colpittsclinical.com\/?s={search_term_string}"},"query-input":{"@type":"PropertyValueSpecification","valueRequired":true,"valueName":"search_term_string"}}],"inLanguage":"cs"},{"@type":"Organization","@id":"https:\/\/colpittsclinical.com\/#organization","name":"Colpitts Clinical","url":"https:\/\/colpittsclinical.com\/","logo":{"@type":"ImageObject","inLanguage":"cs","@id":"https:\/\/colpittsclinical.com\/#\/schema\/logo\/image\/","url":"https:\/\/colpittsclinical.com\/wp-content\/uploads\/2017\/10\/cc-logo-212-1.png","contentUrl":"https:\/\/colpittsclinical.com\/wp-content\/uploads\/2017\/10\/cc-logo-212-1.png","width":212,"height":48,"caption":"Colpitts Clinical"},"image":{"@id":"https:\/\/colpittsclinical.com\/#\/schema\/logo\/image\/"},"sameAs":["https:\/\/www.facebook.com\/ColpittsClinicalTrialTravel\/","https:\/\/www.linkedin.com\/company\/colpittsclinical\/"]}]}},"jetpack_sharing_enabled":true,"post_mailing_queue_ids":[],"_links":{"self":[{"href":"https:\/\/colpittsclinical.com\/cs\/wp-json\/wp\/v2\/pages\/2745","targetHints":{"allow":["GET"]}}],"collection":[{"href":"https:\/\/colpittsclinical.com\/cs\/wp-json\/wp\/v2\/pages"}],"about":[{"href":"https:\/\/colpittsclinical.com\/cs\/wp-json\/wp\/v2\/types\/page"}],"author":[{"embeddable":true,"href":"https:\/\/colpittsclinical.com\/cs\/wp-json\/wp\/v2\/users\/1"}],"replies":[{"embeddable":true,"href":"https:\/\/colpittsclinical.com\/cs\/wp-json\/wp\/v2\/comments?post=2745"}],"version-history":[{"count":12,"href":"https:\/\/colpittsclinical.com\/cs\/wp-json\/wp\/v2\/pages\/2745\/revisions"}],"predecessor-version":[{"id":6304,"href":"https:\/\/colpittsclinical.com\/cs\/wp-json\/wp\/v2\/pages\/2745\/revisions\/6304"}],"wp:attachment":[{"href":"https:\/\/colpittsclinical.com\/cs\/wp-json\/wp\/v2\/media?parent=2745"}],"curies":[{"name":"wp","href":"https:\/\/api.w.org\/{rel}","templated":true}]}}